{"id":949,"date":"2024-04-10T14:03:34","date_gmt":"2024-04-10T14:03:34","guid":{"rendered":"https:\/\/romlay.hr\/?post_type=product&#038;p=949"},"modified":"2026-03-26T15:26:57","modified_gmt":"2026-03-26T15:26:57","slug":"natures-protection-superior-care-sensitive-skin-stomach-adult-all-breed-lamb","status":"publish","type":"product","link":"https:\/\/romlay.hr\/hr\/proizvod\/natures-protection-superior-care-sensitive-skin-stomach-adult-all-breed-lamb\/","title":{"rendered":"NATURE&#8217;S PROTECTION SUPERIOR CARE SENSITIVE SKIN &#038; STOMACH ADULT ALL BREED LAMB"},"content":{"rendered":"<div class=\"text-normal\">\n<ul>\n<li>Nature\u2019s Protection Superior Care Sensitive Skin &amp; Stomach Adult All Breed Lamb je super premium veliko zrno suha hrana, posebno formulirana za odrasle pse svih pasmina s osjetljivom ko\u017eom i probavnim sustavom. Ova hrana osigurava optimalnu prehranu uz podr\u0161ku zdravlju ko\u017ee i probavnog sustava.\n\n\nKlju\u010dne zna\u010dajke:\n\nJanjetina kao glavni izvor proteina: Visokokvalitetan, lako probavljiv izvor proteina koji je blag za probavni sustav.\n\nPosebno formulirano za osjetljivu ko\u017eu i probavu: Sastojci koji ne iritiraju probavni sustav i poma\u017eu u smanjenju alergijskih reakcija.\n\nPotpuna i uravnote\u017eena prehrana: Osigurava sve esencijalne hranjive tvari potrebne za zdravlje i vitalnost.\n\nVisoka probavljivost i palatabilnost: Prikladna \u010dak i za pse s najosjetljivijim probavnim sustavima.\n\n\nPrednosti:\n\nPodr\u017eava zdravlje ko\u017ee i smanjuje iritaciju.\n\nOsigurava lako probavljivu prehranu za pse s osjetljivim \u017eelucem.\n\nPru\u017ea optimalnu prehranu za odr\u017eavanje energije i op\u0107eg zdravlja.\n\nPrikladna za sve pasmine i veli\u010dine.\n\n\nNature\u2019s Protection Superior Care Sensitive Skin &amp; Stomach Adult All Breed Lamb idealan je izbor za vlasnike koji \u017eele osigurati vrhunsku njegu i prehranu za pse s posebnim potrebama ko\u017ee i probavnog sustava.\n\nSastav: janje\u0107e meso 38% (su\u0161eno i fino mljeveno), ri\u017ea, je\u010dam, mast peradi, proteini krumpira, pulpa\n\u0161e\u0107erne repe, gra\u0161ak, laneno sjeme, pivski kvasac, kokosovo ulje (1%), dinami\u010dki mikronizirani\nklinoptilolit (1%), ekstrakt cikorije, manan-oligosaharidi (MOS), ekstrakt juke, kvasci (beta-glukani),\nsu\u0161eni neven.\nAditivi\/1 kg: nutritivni dodaci: vitamin A (3a672a) \u2013 18000 IU, vitamin D3 (3a671)* \u2013 1500 IU, vitamin E\n(3a700) \u2013 530 mg, biotin (3a880) \u2013 0,2 mg, niacin (3a314) \u2013 35 mg, vitamin B6 (3a831) \u2013 3 mg, vitamin\nB1 (3a821) \u2013 3 mg, vitamin B12 \u2013 0,05 \u00b5g, \u017eeljezov (II) sulfat monohidrat (3b103) \u2013 50 mg, kalcijev jodat\nbezvodni (3b202) \u2013 1,5 mg, bakar (II) sulfat pentahidrat (3b405) \u2013 5 mg, manganov sulfat monohidrat\n(3b503) \u2013 20 mg, cink sulfat monohidrat (3b605) \u2013 115 mg, natrijev selenit (3b801) \u2013 0,1 mg -karnitin\n(3a910) \u2013 50 mg. Tehnolo\u0161ki dodaci: ekstrakt ru\u017emarina, ekstrakti tokoferola iz biljnih ulja (1b306(i)).\n* Nije dopu\u0161tena istodobna primjena s vitaminom D2.\nAnaliti\u010dki sastojci: sirovi proteini \u2013 28%, sirova vlakna \u2013 2,1%, sirova mast \u2013 16%, sirovi pepeo \u2013 9%, kalcij\n\u2013 1,5%, fosfor \u2013 1%, kalij \u2013 0,5%, natrij \u2013 0,4%, Omega-3 masne kiseline \u2013 0,68%, Omega-6 masne\nkiseline \u2013 2,51%.<\/li>\n<li>This complete dry dog food is specially designed for dogs of all breeds with particularly sensitive skin and digestive systems.<\/li>\n<li>It is enriched with ingredients, which do not irritate digestive system and provide the perfect performance for the pet&#8217;s well-being.<\/li>\n<li>A complete composition of dry dog food will not only provide your pet with all the efficient nutrients but will also ensure perfect digestibility and palatability.<\/li>\n<\/ul>\n<\/div>\n<p>&nbsp;<\/p>","protected":false},"excerpt":{"rendered":"<div class=\"text-normal\">\n<ul>\n<li>Nature\u2019s Protection Superior Care Sensitive Skin &amp; Stomach Adult All Breed Lamb je super premium veliko zrno suha hrana, posebno formulirana za odrasle pse svih pasmina s osjetljivom ko\u017eom i probavnim sustavom. Ova hrana osigurava optimalnu prehranu uz podr\u0161ku zdravlju ko\u017ee i probavnog sustava.\n\n\nKlju\u010dne zna\u010dajke:\n\nJanjetina kao glavni izvor proteina: Visokokvalitetan, lako probavljiv izvor proteina koji je blag za probavni sustav.\n\nPosebno formulirano za osjetljivu ko\u017eu i probavu: Sastojci koji ne iritiraju probavni sustav i poma\u017eu u smanjenju alergijskih reakcija.\n\nPotpuna i uravnote\u017eena prehrana: Osigurava sve esencijalne hranjive tvari potrebne za zdravlje i vitalnost.\n\nVisoka probavljivost i palatabilnost: Prikladna \u010dak i za pse s najosjetljivijim probavnim sustavima.\n\n\nPrednosti:\n\nPodr\u017eava zdravlje ko\u017ee i smanjuje iritaciju.\n\nOsigurava lako probavljivu prehranu za pse s osjetljivim \u017eelucem.\n\nPru\u017ea optimalnu prehranu za odr\u017eavanje energije i op\u0107eg zdravlja.\n\nPrikladna za sve pasmine i veli\u010dine.\n\n\nNature\u2019s Protection Superior Care Sensitive Skin &amp; Stomach Adult All Breed Lamb idealan je izbor za vlasnike koji \u017eele osigurati vrhunsku njegu i prehranu za pse s posebnim potrebama ko\u017ee i probavnog sustava.\n\nSastav: janje\u0107e meso 38% (su\u0161eno i fino mljeveno), ri\u017ea, je\u010dam, mast peradi, proteini krumpira, pulpa\n\u0161e\u0107erne repe, gra\u0161ak, laneno sjeme, pivski kvasac, kokosovo ulje (1%), dinami\u010dki mikronizirani\nklinoptilolit (1%), ekstrakt cikorije, manan-oligosaharidi (MOS), ekstrakt juke, kvasci (beta-glukani),\nsu\u0161eni neven.\nAditivi\/1 kg: nutritivni dodaci: vitamin A (3a672a) \u2013 18000 IU, vitamin D3 (3a671)* \u2013 1500 IU, vitamin E\n(3a700) \u2013 530 mg, biotin (3a880) \u2013 0,2 mg, niacin (3a314) \u2013 35 mg, vitamin B6 (3a831) \u2013 3 mg, vitamin\nB1 (3a821) \u2013 3 mg, vitamin B12 \u2013 0,05 \u00b5g, \u017eeljezov (II) sulfat monohidrat (3b103) \u2013 50 mg, kalcijev jodat\nbezvodni (3b202) \u2013 1,5 mg, bakar (II) sulfat pentahidrat (3b405) \u2013 5 mg, manganov sulfat monohidrat\n(3b503) \u2013 20 mg, cink sulfat monohidrat (3b605) \u2013 115 mg, natrijev selenit (3b801) \u2013 0,1 mg -karnitin\n(3a910) \u2013 50 mg. Tehnolo\u0161ki dodaci: ekstrakt ru\u017emarina, ekstrakti tokoferola iz biljnih ulja (1b306(i)).\n* Nije dopu\u0161tena istodobna primjena s vitaminom D2.\nAnaliti\u010dki sastojci: sirovi proteini \u2013 28%, sirova vlakna \u2013 2,1%, sirova mast \u2013 16%, sirovi pepeo \u2013 9%, kalcij\n\u2013 1,5%, fosfor \u2013 1%, kalij \u2013 0,5%, natrij \u2013 0,4%, Omega-3 masne kiseline \u2013 0,68%, Omega-6 masne\nkiseline \u2013 2,51%.<\/li>\n<li>This complete dry dog food is specially designed for dogs of all breeds with particularly sensitive skin and digestive systems.<\/li>\n<li>It is enriched with ingredients, which do not irritate digestive system and provide the perfect performance for the pet&#8217;s well-being.<\/li>\n<li>A complete composition of dry dog food will not only provide your pet with all the efficient nutrients but will also ensure perfect digestibility and palatability.<\/li>\n<\/ul>\n<\/div>","protected":false},"featured_media":952,"template":"","meta":{"_monsterinsights_skip_tracking":false,"_monsterinsights_sitenote_active":false,"_monsterinsights_sitenote_note":"","_monsterinsights_sitenote_category":0,"site-sidebar-layout":"default","site-content-layout":"default","ast-site-content-layout":"default","site-content-style":"default","site-sidebar-style":"default","ast-global-header-display":"","ast-banner-title-visibility":"","ast-main-header-display":"","ast-hfb-above-header-display":"","ast-hfb-below-header-display":"","ast-hfb-mobile-header-display":"","site-post-title":"","ast-breadcrumbs-content":"","ast-featured-img":"","footer-sml-layout":"","ast-disable-related-posts":"","theme-transparent-header-meta":"default","adv-header-id-meta":"","stick-header-meta":"","header-above-stick-meta":"","header-main-stick-meta":"","header-below-stick-meta":"","astra-migrate-meta-layouts":"set","ast-page-background-enabled":"default","ast-page-background-meta":{"desktop":{"background-color":"var(--ast-global-color-4)","background-image":"","background-repeat":"repeat","background-position":"center center","background-size":"auto","background-attachment":"scroll","background-type":"","background-media":"","overlay-type":"","overlay-color":"","overlay-opacity":"","overlay-gradient":""},"tablet":{"background-color":"","background-image":"","background-repeat":"repeat","background-position":"center center","background-size":"auto","background-attachment":"scroll","background-type":"","background-media":"","overlay-type":"","overlay-color":"","overlay-opacity":"","overlay-gradient":""},"mobile":{"background-color":"","background-image":"","background-repeat":"repeat","background-position":"center center","background-size":"auto","background-attachment":"scroll","background-type":"","background-media":"","overlay-type":"","overlay-color":"","overlay-opacity":"","overlay-gradient":""}},"ast-content-background-meta":{"desktop":{"background-color":"var(--ast-global-color-5)","background-image":"","background-repeat":"repeat","background-position":"center center","background-size":"auto","background-attachment":"scroll","background-type":"","background-media":"","overlay-type":"","overlay-color":"","overlay-opacity":"","overlay-gradient":""},"tablet":{"background-color":"var(--ast-global-color-5)","background-image":"","background-repeat":"repeat","background-position":"center center","background-size":"auto","background-attachment":"scroll","background-type":"","background-media":"","overlay-type":"","overlay-color":"","overlay-opacity":"","overlay-gradient":""},"mobile":{"background-color":"var(--ast-global-color-5)","background-image":"","background-repeat":"repeat","background-position":"center center","background-size":"auto","background-attachment":"scroll","background-type":"","background-media":"","overlay-type":"","overlay-color":"","overlay-opacity":"","overlay-gradient":""}}},"product_brand":[],"product_cat":[35,30,29],"product_tag":[],"class_list":{"0":"post-949","1":"product","2":"type-product","3":"status-publish","4":"has-post-thumbnail","6":"product_cat-adult-dry-food","7":"product_cat-dry-food","8":"product_cat-natures-protection","9":"desktop-align-left","10":"tablet-align-left","11":"mobile-align-left","13":"first","14":"instock","15":"shipping-taxable","16":"purchasable","17":"product-type-variable"},"yoast_head":"<!-- This site is optimized with the Yoast SEO plugin v27.4 - https:\/\/yoast.com\/product\/yoast-seo-wordpress\/ -->\n<title>NATURE&#039;S PROTECTION SUPERIOR CARE SENSITIVE SKIN &amp; STOMACH ADULT ALL BREED LAMB - Romlay<\/title>\n<meta name=\"robots\" content=\"index, follow, max-snippet:-1, max-image-preview:large, max-video-preview:-1\" \/>\n<link rel=\"canonical\" href=\"https:\/\/romlay.hr\/hr\/proizvod\/natures-protection-superior-care-sensitive-skin-stomach-adult-all-breed-lamb\/\" \/>\n<meta property=\"og:locale\" content=\"hr_HR\" \/>\n<meta property=\"og:type\" content=\"article\" \/>\n<meta property=\"og:title\" content=\"NATURE&#039;S PROTECTION SUPERIOR CARE SENSITIVE SKIN &amp; STOMACH ADULT ALL BREED LAMB - Romlay\" \/>\n<meta property=\"og:description\" content=\"Nature&#039;s Protection Superior Care Sensitive Skin&amp;Stomach Grain Free with Lamb for Adult All Breeds is a Super Premium complete and balanced dry dog food with the highest quality protein source and raw material.  This complete dry dog food is specially designed for dogs of all breeds with particularly sensitive skin and digestive systems.  It is enriched with ingredients, which do not irritate digestive system and provide the perfect performance for the pet&#039;s well-being.  A complete composition of dry dog food will not only provide your pet with all the efficient nutrients but will also ensure perfect digestibility and palatability.\" \/>\n<meta property=\"og:url\" content=\"https:\/\/romlay.hr\/hr\/proizvod\/natures-protection-superior-care-sensitive-skin-stomach-adult-all-breed-lamb\/\" \/>\n<meta property=\"og:site_name\" content=\"Romlay\" \/>\n<meta property=\"article:modified_time\" content=\"2026-03-26T15:26:57+00:00\" \/>\n<meta property=\"og:image\" content=\"https:\/\/romlay.hr\/wp-content\/uploads\/2024\/04\/vc_1_NP-SC_WD_GF-Sensitiv-SkinStomach_All-Breeds_Maisas-15-kg680_680resizebg.webp\" \/>\n\t<meta property=\"og:image:width\" content=\"680\" \/>\n\t<meta property=\"og:image:height\" content=\"680\" \/>\n\t<meta property=\"og:image:type\" content=\"image\/webp\" \/>\n<meta name=\"twitter:card\" content=\"summary_large_image\" \/>\n<meta name=\"twitter:label1\" content=\"Procijenjeno vrijeme \u010ditanja\" \/>\n\t<meta name=\"twitter:data1\" content=\"1 minuta\" \/>\n<script type=\"application\/ld+json\" class=\"yoast-schema-graph\">{\"@context\":\"https:\\\/\\\/schema.org\",\"@graph\":[{\"@type\":\"WebPage\",\"@id\":\"https:\\\/\\\/romlay.hr\\\/proizvod\\\/natures-protection-superior-care-sensitive-skin-stomach-adult-all-breed-lamb\\\/\",\"url\":\"https:\\\/\\\/romlay.hr\\\/proizvod\\\/natures-protection-superior-care-sensitive-skin-stomach-adult-all-breed-lamb\\\/\",\"name\":\"NATURE'S PROTECTION SUPERIOR CARE SENSITIVE SKIN & STOMACH ADULT ALL BREED LAMB - Romlay\",\"isPartOf\":{\"@id\":\"https:\\\/\\\/romlay.hr\\\/#website\"},\"primaryImageOfPage\":{\"@id\":\"https:\\\/\\\/romlay.hr\\\/proizvod\\\/natures-protection-superior-care-sensitive-skin-stomach-adult-all-breed-lamb\\\/#primaryimage\"},\"image\":{\"@id\":\"https:\\\/\\\/romlay.hr\\\/proizvod\\\/natures-protection-superior-care-sensitive-skin-stomach-adult-all-breed-lamb\\\/#primaryimage\"},\"thumbnailUrl\":\"https:\\\/\\\/romlay.hr\\\/wp-content\\\/uploads\\\/2024\\\/04\\\/vc_1_NP-SC_WD_GF-Sensitiv-SkinStomach_All-Breeds_Maisas-15-kg680_680resizebg.webp\",\"datePublished\":\"2024-04-10T14:03:34+00:00\",\"dateModified\":\"2026-03-26T15:26:57+00:00\",\"breadcrumb\":{\"@id\":\"https:\\\/\\\/romlay.hr\\\/proizvod\\\/natures-protection-superior-care-sensitive-skin-stomach-adult-all-breed-lamb\\\/#breadcrumb\"},\"inLanguage\":\"hr\",\"potentialAction\":[{\"@type\":\"ReadAction\",\"target\":[\"https:\\\/\\\/romlay.hr\\\/proizvod\\\/natures-protection-superior-care-sensitive-skin-stomach-adult-all-breed-lamb\\\/\"]}]},{\"@type\":\"ImageObject\",\"inLanguage\":\"hr\",\"@id\":\"https:\\\/\\\/romlay.hr\\\/proizvod\\\/natures-protection-superior-care-sensitive-skin-stomach-adult-all-breed-lamb\\\/#primaryimage\",\"url\":\"https:\\\/\\\/romlay.hr\\\/wp-content\\\/uploads\\\/2024\\\/04\\\/vc_1_NP-SC_WD_GF-Sensitiv-SkinStomach_All-Breeds_Maisas-15-kg680_680resizebg.webp\",\"contentUrl\":\"https:\\\/\\\/romlay.hr\\\/wp-content\\\/uploads\\\/2024\\\/04\\\/vc_1_NP-SC_WD_GF-Sensitiv-SkinStomach_All-Breeds_Maisas-15-kg680_680resizebg.webp\",\"width\":680,\"height\":680},{\"@type\":\"BreadcrumbList\",\"@id\":\"https:\\\/\\\/romlay.hr\\\/proizvod\\\/natures-protection-superior-care-sensitive-skin-stomach-adult-all-breed-lamb\\\/#breadcrumb\",\"itemListElement\":[{\"@type\":\"ListItem\",\"position\":1,\"name\":\"Po\u010detna stranica\",\"item\":\"https:\\\/\\\/romlay.hr\\\/\"},{\"@type\":\"ListItem\",\"position\":2,\"name\":\"Proizvodi\",\"item\":\"https:\\\/\\\/romlay.hr\\\/shop\\\/\"},{\"@type\":\"ListItem\",\"position\":3,\"name\":\"NATURE&#8217;S PROTECTION SUPERIOR CARE SENSITIVE SKIN &#038; STOMACH ADULT ALL BREED LAMB\"}]},{\"@type\":\"WebSite\",\"@id\":\"https:\\\/\\\/romlay.hr\\\/#website\",\"url\":\"https:\\\/\\\/romlay.hr\\\/\",\"name\":\"Romlay\",\"description\":\"Toy dog specialist\",\"publisher\":{\"@id\":\"https:\\\/\\\/romlay.hr\\\/#organization\"},\"potentialAction\":[{\"@type\":\"SearchAction\",\"target\":{\"@type\":\"EntryPoint\",\"urlTemplate\":\"https:\\\/\\\/romlay.hr\\\/?s={search_term_string}\"},\"query-input\":{\"@type\":\"PropertyValueSpecification\",\"valueRequired\":true,\"valueName\":\"search_term_string\"}}],\"inLanguage\":\"hr\"},{\"@type\":\"Organization\",\"@id\":\"https:\\\/\\\/romlay.hr\\\/#organization\",\"name\":\"Romlay\",\"url\":\"https:\\\/\\\/romlay.hr\\\/\",\"logo\":{\"@type\":\"ImageObject\",\"inLanguage\":\"hr\",\"@id\":\"https:\\\/\\\/romlay.hr\\\/#\\\/schema\\\/logo\\\/image\\\/\",\"url\":\"https:\\\/\\\/romlay.hr\\\/wp-content\\\/uploads\\\/2023\\\/04\\\/cropped-Romlay-1.png\",\"contentUrl\":\"https:\\\/\\\/romlay.hr\\\/wp-content\\\/uploads\\\/2023\\\/04\\\/cropped-Romlay-1.png\",\"width\":978,\"height\":1645,\"caption\":\"Romlay\"},\"image\":{\"@id\":\"https:\\\/\\\/romlay.hr\\\/#\\\/schema\\\/logo\\\/image\\\/\"}}]}<\/script>\n<!-- \/ Yoast SEO plugin. -->","yoast_head_json":{"title":"NATURE'S PROTECTION SUPERIOR CARE SENSITIVE SKIN & STOMACH ADULT ALL BREED LAMB - Romlay","robots":{"index":"index","follow":"follow","max-snippet":"max-snippet:-1","max-image-preview":"max-image-preview:large","max-video-preview":"max-video-preview:-1"},"canonical":"https:\/\/romlay.hr\/hr\/proizvod\/natures-protection-superior-care-sensitive-skin-stomach-adult-all-breed-lamb\/","og_locale":"hr_HR","og_type":"article","og_title":"NATURE'S PROTECTION SUPERIOR CARE SENSITIVE SKIN & STOMACH ADULT ALL BREED LAMB - Romlay","og_description":"Nature's Protection Superior Care Sensitive Skin&amp;Stomach Grain Free with Lamb for Adult All Breeds is a Super Premium complete and balanced dry dog food with the highest quality protein source and raw material.  This complete dry dog food is specially designed for dogs of all breeds with particularly sensitive skin and digestive systems.  It is enriched with ingredients, which do not irritate digestive system and provide the perfect performance for the pet's well-being.  A complete composition of dry dog food will not only provide your pet with all the efficient nutrients but will also ensure perfect digestibility and palatability.","og_url":"https:\/\/romlay.hr\/hr\/proizvod\/natures-protection-superior-care-sensitive-skin-stomach-adult-all-breed-lamb\/","og_site_name":"Romlay","article_modified_time":"2026-03-26T15:26:57+00:00","og_image":[{"width":680,"height":680,"url":"https:\/\/romlay.hr\/wp-content\/uploads\/2024\/04\/vc_1_NP-SC_WD_GF-Sensitiv-SkinStomach_All-Breeds_Maisas-15-kg680_680resizebg.webp","type":"image\/webp"}],"twitter_card":"summary_large_image","twitter_misc":{"Procijenjeno vrijeme \u010ditanja":"1 minuta"},"schema":{"@context":"https:\/\/schema.org","@graph":[{"@type":"WebPage","@id":"https:\/\/romlay.hr\/proizvod\/natures-protection-superior-care-sensitive-skin-stomach-adult-all-breed-lamb\/","url":"https:\/\/romlay.hr\/proizvod\/natures-protection-superior-care-sensitive-skin-stomach-adult-all-breed-lamb\/","name":"NATURE'S PROTECTION SUPERIOR CARE SENSITIVE SKIN & STOMACH ADULT ALL BREED LAMB - Romlay","isPartOf":{"@id":"https:\/\/romlay.hr\/#website"},"primaryImageOfPage":{"@id":"https:\/\/romlay.hr\/proizvod\/natures-protection-superior-care-sensitive-skin-stomach-adult-all-breed-lamb\/#primaryimage"},"image":{"@id":"https:\/\/romlay.hr\/proizvod\/natures-protection-superior-care-sensitive-skin-stomach-adult-all-breed-lamb\/#primaryimage"},"thumbnailUrl":"https:\/\/romlay.hr\/wp-content\/uploads\/2024\/04\/vc_1_NP-SC_WD_GF-Sensitiv-SkinStomach_All-Breeds_Maisas-15-kg680_680resizebg.webp","datePublished":"2024-04-10T14:03:34+00:00","dateModified":"2026-03-26T15:26:57+00:00","breadcrumb":{"@id":"https:\/\/romlay.hr\/proizvod\/natures-protection-superior-care-sensitive-skin-stomach-adult-all-breed-lamb\/#breadcrumb"},"inLanguage":"hr","potentialAction":[{"@type":"ReadAction","target":["https:\/\/romlay.hr\/proizvod\/natures-protection-superior-care-sensitive-skin-stomach-adult-all-breed-lamb\/"]}]},{"@type":"ImageObject","inLanguage":"hr","@id":"https:\/\/romlay.hr\/proizvod\/natures-protection-superior-care-sensitive-skin-stomach-adult-all-breed-lamb\/#primaryimage","url":"https:\/\/romlay.hr\/wp-content\/uploads\/2024\/04\/vc_1_NP-SC_WD_GF-Sensitiv-SkinStomach_All-Breeds_Maisas-15-kg680_680resizebg.webp","contentUrl":"https:\/\/romlay.hr\/wp-content\/uploads\/2024\/04\/vc_1_NP-SC_WD_GF-Sensitiv-SkinStomach_All-Breeds_Maisas-15-kg680_680resizebg.webp","width":680,"height":680},{"@type":"BreadcrumbList","@id":"https:\/\/romlay.hr\/proizvod\/natures-protection-superior-care-sensitive-skin-stomach-adult-all-breed-lamb\/#breadcrumb","itemListElement":[{"@type":"ListItem","position":1,"name":"Po\u010detna stranica","item":"https:\/\/romlay.hr\/"},{"@type":"ListItem","position":2,"name":"Proizvodi","item":"https:\/\/romlay.hr\/shop\/"},{"@type":"ListItem","position":3,"name":"NATURE&#8217;S PROTECTION SUPERIOR CARE SENSITIVE SKIN &#038; STOMACH ADULT ALL BREED LAMB"}]},{"@type":"WebSite","@id":"https:\/\/romlay.hr\/#website","url":"https:\/\/romlay.hr\/","name":"Romlay","description":"Toy dog specialist","publisher":{"@id":"https:\/\/romlay.hr\/#organization"},"potentialAction":[{"@type":"SearchAction","target":{"@type":"EntryPoint","urlTemplate":"https:\/\/romlay.hr\/?s={search_term_string}"},"query-input":{"@type":"PropertyValueSpecification","valueRequired":true,"valueName":"search_term_string"}}],"inLanguage":"hr"},{"@type":"Organization","@id":"https:\/\/romlay.hr\/#organization","name":"Romlay","url":"https:\/\/romlay.hr\/","logo":{"@type":"ImageObject","inLanguage":"hr","@id":"https:\/\/romlay.hr\/#\/schema\/logo\/image\/","url":"https:\/\/romlay.hr\/wp-content\/uploads\/2023\/04\/cropped-Romlay-1.png","contentUrl":"https:\/\/romlay.hr\/wp-content\/uploads\/2023\/04\/cropped-Romlay-1.png","width":978,"height":1645,"caption":"Romlay"},"image":{"@id":"https:\/\/romlay.hr\/#\/schema\/logo\/image\/"}}]}},"_links":{"self":[{"href":"https:\/\/romlay.hr\/hr\/wp-json\/wp\/v2\/product\/949","targetHints":{"allow":["GET"]}}],"collection":[{"href":"https:\/\/romlay.hr\/hr\/wp-json\/wp\/v2\/product"}],"about":[{"href":"https:\/\/romlay.hr\/hr\/wp-json\/wp\/v2\/types\/product"}],"wp:featuredmedia":[{"embeddable":true,"href":"https:\/\/romlay.hr\/hr\/wp-json\/wp\/v2\/media\/952"}],"wp:attachment":[{"href":"https:\/\/romlay.hr\/hr\/wp-json\/wp\/v2\/media?parent=949"}],"wp:term":[{"taxonomy":"product_brand","embeddable":true,"href":"https:\/\/romlay.hr\/hr\/wp-json\/wp\/v2\/product_brand?post=949"},{"taxonomy":"product_cat","embeddable":true,"href":"https:\/\/romlay.hr\/hr\/wp-json\/wp\/v2\/product_cat?post=949"},{"taxonomy":"product_tag","embeddable":true,"href":"https:\/\/romlay.hr\/hr\/wp-json\/wp\/v2\/product_tag?post=949"}],"curies":[{"name":"wp","href":"https:\/\/api.w.org\/{rel}","templated":true}]}}