{"id":878,"date":"2024-04-10T11:54:41","date_gmt":"2024-04-10T11:54:41","guid":{"rendered":"https:\/\/romlay.hr\/?post_type=product&#038;p=878"},"modified":"2024-11-27T20:47:02","modified_gmt":"2024-11-27T20:47:02","slug":"hyponic-deo-ocean-splash-scent","status":"publish","type":"product","link":"https:\/\/romlay.hr\/hr\/proizvod\/hyponic-deo-ocean-splash-scent\/","title":{"rendered":"HYPONIC Deo Ocean miris svje\u017eine"},"content":{"rendered":"<p>HYPONIC CHITOSAN DEZODORANS S AQUA MIRISOM sigurno i u\u010dinkovito uklanja neugodne mirise ku\u0107nih ljubimaca u va\u0161em domu ili automobilu koriste\u0107i ekstrakte hitosana i prirodne antibakterijske sastojke.\n\nHYPONIC dezodorans koristi parfemsko ulje koje je dizajnirao profesionalni parfumer kako bi eliminirao mirise i ostavio prekrasan svje\u017ei miris. Stvara izuzetno hipoalergeno okru\u017eenje za vas i va\u0161e ljubimce. Sprej s dezodoriraju\u0107im mirisom sadr\u017ei bogate ekstrakte hitosana i algi koji u\u010dinkovito razgra\u0111uju neugodne mirise, bez \u0161tetnog u\u010dinka na ljude i \u017eivotinje.\n\nHYPONIC naglasak stavlja na Keto Acid, prirodni antibakterijski sastojak.\n\nKako koristiti?\n\nJednostavno po\u0161pricajte bilo koje podru\u010dje s neugodnim mirisom, poput unutarnjih prostora, kupaonice, kreveta za ljubimce, odje\u0107e, tepiha, autosjedalica, kutije za ma\u010dji pijesak...\n\nOno \u0161to udi\u0161emo prodire u na\u0161 di\u0161ni sustav!\nSastojci spreja prolaze kroz di\u0161ne sustave i ljudi i ljubimaca, stoga je uporaba \u010distih i sigurnih sastojaka na\u0161 glavni prioritet.\n\nKlju\u010dne prednosti:\n\n\u2022 100% prirodni antibakterijski u\u010dinak\n\u2022 Bez \u0161tetnih kemikalija (Paraben \/ Fenoksietanol \/ MIT \/ CMIT)\n\u2022 Luksuzan miris dizajniran od strane profesionalnih parfumera\n Pro\u0161ao testiranja za netoksi\u010dnost, antibakterijska i dezodoriraju\u0107a svojstva<span class=\"Apple-converted-space\">\u00a0<\/span><\/p>\n<p>HYPONIC Deodorizer uses perfume oil designed by a professional perfumer to keep odors away, leaving beautiful flower essences to stay. Creating an extremely hypoallergenic living environment for you and pets. The deodorizing fragrance spray contains rich chitosan and algae extracts, which can effectively decompose odors, without any harm to humans and animals; Fragrances created by professional perfumers.<span class=\"Apple-converted-space\">\u00a0<\/span><\/p>\n<p>HYPONIC focuses on Keto Acid, the natural antibacterial ingredient.<\/p>\n<p>HOW TO USE? Just spray any smelly areas such as In-door area, wash room, pet\u2019s bed, clothes, carpet, car seat, cat litter box\u2026<\/p>\n<p>What we inhale, penetrate our respiratory system!<\/p>\n<p>The ingredients of deodorant spray deodorants funnel through the respiratory systems of both humans and pets. Hence, the use of pure and safe ingredients is our top priority.<\/p>\n<p>Key Benefits:<\/p>\n<p>\u2022100% Naturally Antibacterial<\/p>\n<p>\u2022Free of harmful Chemicals<\/p>\n<p>\u2022(Paraben \/ Phenoxyethanol \/ MIT \/ CMIT)<\/p>\n<p>\u2022Luxurious Scent Designed by professional perfumers<\/p>\n<p>\u2022Completion of the Non-Toxicity, Antibacterial and Deodorization Tests<\/p>","protected":false},"excerpt":{"rendered":"<p>HYPONIC CHITOSAN DEODORIZER AQUA SCENT eliminates any pet odor around your home or car safely and effectively by using extracts of chitosan and natural antibacterial ingredients.\u00a0 HYPONIC Deodorizer uses perfume oil designed by a professional perfumer to keep odors away, leaving beautiful flower essences to stay. Creating an extremely hypoallergenic living environment for you and pets. The deodorizing fragrance spray contains rich chitosan and algae extracts, which can effectively decompose odors, without any harm to humans and animals; Fragrances created by professional perfumers.\u00a0 HYPONIC focuses on Keto Acid, the natural antibacterial ingredient. HOW TO USE? Just spray any smelly areas such as In-door area, wash room, pet\u2019s bed, clothes, carpet, car seat, cat litter box\u2026 What we inhale, penetrate our respiratory system! The ingredients of deodorant spray deodorants funnel through the respiratory systems of both humans and pets. Hence, the use of pure and safe ingredients is our top priority. Key Benefits: \u2022100% Naturally Antibacterial \u2022Free of harmful Chemicals \u2022(Paraben \/ Phenoxyethanol \/ MIT \/ CMIT) \u2022Luxurious Scent Designed by professional perfumers \u2022Completion of the Non-Toxicity, Antibacterial and Deodorization Tests<\/p>","protected":false},"featured_media":836,"template":"","meta":{"_monsterinsights_skip_tracking":false,"_monsterinsights_sitenote_active":false,"_monsterinsights_sitenote_note":"","_monsterinsights_sitenote_category":0,"site-sidebar-layout":"default","site-content-layout":"default","ast-site-content-layout":"default","site-content-style":"default","site-sidebar-style":"default","ast-global-header-display":"","ast-banner-title-visibility":"","ast-main-header-display":"","ast-hfb-above-header-display":"","ast-hfb-below-header-display":"","ast-hfb-mobile-header-display":"","site-post-title":"","ast-breadcrumbs-content":"","ast-featured-img":"","footer-sml-layout":"","ast-disable-related-posts":"","theme-transparent-header-meta":"default","adv-header-id-meta":"","stick-header-meta":"","header-above-stick-meta":"","header-main-stick-meta":"","header-below-stick-meta":"","astra-migrate-meta-layouts":"set","ast-page-background-enabled":"default","ast-page-background-meta":{"desktop":{"background-color":"var(--ast-global-color-4)","background-image":"","background-repeat":"repeat","background-position":"center center","background-size":"auto","background-attachment":"scroll","background-type":"","background-media":"","overlay-type":"","overlay-color":"","overlay-opacity":"","overlay-gradient":""},"tablet":{"background-color":"","background-image":"","background-repeat":"repeat","background-position":"center center","background-size":"auto","background-attachment":"scroll","background-type":"","background-media":"","overlay-type":"","overlay-color":"","overlay-opacity":"","overlay-gradient":""},"mobile":{"background-color":"","background-image":"","background-repeat":"repeat","background-position":"center center","background-size":"auto","background-attachment":"scroll","background-type":"","background-media":"","overlay-type":"","overlay-color":"","overlay-opacity":"","overlay-gradient":""}},"ast-content-background-meta":{"desktop":{"background-color":"var(--ast-global-color-5)","background-image":"","background-repeat":"repeat","background-position":"center center","background-size":"auto","background-attachment":"scroll","background-type":"","background-media":"","overlay-type":"","overlay-color":"","overlay-opacity":"","overlay-gradient":""},"tablet":{"background-color":"var(--ast-global-color-5)","background-image":"","background-repeat":"repeat","background-position":"center center","background-size":"auto","background-attachment":"scroll","background-type":"","background-media":"","overlay-type":"","overlay-color":"","overlay-opacity":"","overlay-gradient":""},"mobile":{"background-color":"var(--ast-global-color-5)","background-image":"","background-repeat":"repeat","background-position":"center center","background-size":"auto","background-attachment":"scroll","background-type":"","background-media":"","overlay-type":"","overlay-color":"","overlay-opacity":"","overlay-gradient":""}}},"product_brand":[],"product_cat":[24,51],"product_tag":[],"class_list":{"0":"post-878","1":"product","2":"type-product","3":"status-publish","4":"has-post-thumbnail","6":"product_cat-coat-care","7":"product_cat-hyponic","8":"desktop-align-left","9":"tablet-align-left","10":"mobile-align-left","12":"first","13":"instock","14":"shipping-taxable","15":"purchasable","16":"product-type-variable"},"yoast_head":"<!-- This site is optimized with the Yoast SEO plugin v27.4 - https:\/\/yoast.com\/product\/yoast-seo-wordpress\/ -->\n<title>HYPONIC Deo Ocean splash scent - Romlay<\/title>\n<meta name=\"robots\" content=\"index, follow, max-snippet:-1, max-image-preview:large, max-video-preview:-1\" \/>\n<link rel=\"canonical\" href=\"https:\/\/romlay.hr\/hr\/proizvod\/hyponic-deo-ocean-splash-scent\/\" \/>\n<meta property=\"og:locale\" content=\"hr_HR\" \/>\n<meta property=\"og:type\" content=\"article\" \/>\n<meta property=\"og:title\" content=\"HYPONIC Deo Ocean splash scent - Romlay\" \/>\n<meta property=\"og:description\" content=\"HYPONIC CHITOSAN DEODORIZER AQUA SCENT eliminates any pet odor around your home or car safely and effectively by using extracts of chitosan and natural antibacterial ingredients.\u00a0 HYPONIC Deodorizer uses perfume oil designed by a professional perfumer to keep odors away, leaving beautiful flower essences to stay. Creating an extremely hypoallergenic living environment for you and pets. The deodorizing fragrance spray contains rich chitosan and algae extracts, which can effectively decompose odors, without any harm to humans and animals; Fragrances created by professional perfumers.\u00a0 HYPONIC focuses on Keto Acid, the natural antibacterial ingredient. HOW TO USE? Just spray any smelly areas such as In-door area, wash room, pet\u2019s bed, clothes, carpet, car seat, cat litter box\u2026 What we inhale, penetrate our respiratory system! The ingredients of deodorant spray deodorants funnel through the respiratory systems of both humans and pets. Hence, the use of pure and safe ingredients is our top priority. Key Benefits: \u2022100% Naturally Antibacterial \u2022Free of harmful Chemicals \u2022(Paraben \/ Phenoxyethanol \/ MIT \/ CMIT) \u2022Luxurious Scent Designed by professional perfumers \u2022Completion of the Non-Toxicity, Antibacterial and Deodorization Tests\" \/>\n<meta property=\"og:url\" content=\"https:\/\/romlay.hr\/hr\/proizvod\/hyponic-deo-ocean-splash-scent\/\" \/>\n<meta property=\"og:site_name\" content=\"Romlay\" \/>\n<meta property=\"article:modified_time\" content=\"2024-11-27T20:47:02+00:00\" \/>\n<meta property=\"og:image\" content=\"https:\/\/romlay.hr\/wp-content\/uploads\/2024\/04\/HYPONICChitosanDeodorizer_OceanSplashscent_500ml.webp\" \/>\n\t<meta property=\"og:image:width\" content=\"500\" \/>\n\t<meta property=\"og:image:height\" content=\"500\" \/>\n\t<meta property=\"og:image:type\" content=\"image\/webp\" \/>\n<meta name=\"twitter:card\" content=\"summary_large_image\" \/>\n<meta name=\"twitter:label1\" content=\"Procijenjeno vrijeme \u010ditanja\" \/>\n\t<meta name=\"twitter:data1\" content=\"1 minuta\" \/>\n<script type=\"application\/ld+json\" class=\"yoast-schema-graph\">{\"@context\":\"https:\\\/\\\/schema.org\",\"@graph\":[{\"@type\":\"WebPage\",\"@id\":\"https:\\\/\\\/romlay.hr\\\/proizvod\\\/hyponic-deo-ocean-splash-scent\\\/\",\"url\":\"https:\\\/\\\/romlay.hr\\\/proizvod\\\/hyponic-deo-ocean-splash-scent\\\/\",\"name\":\"HYPONIC Deo Ocean splash scent - Romlay\",\"isPartOf\":{\"@id\":\"https:\\\/\\\/romlay.hr\\\/#website\"},\"primaryImageOfPage\":{\"@id\":\"https:\\\/\\\/romlay.hr\\\/proizvod\\\/hyponic-deo-ocean-splash-scent\\\/#primaryimage\"},\"image\":{\"@id\":\"https:\\\/\\\/romlay.hr\\\/proizvod\\\/hyponic-deo-ocean-splash-scent\\\/#primaryimage\"},\"thumbnailUrl\":\"https:\\\/\\\/romlay.hr\\\/wp-content\\\/uploads\\\/2024\\\/04\\\/HYPONICChitosanDeodorizer_OceanSplashscent_500ml.webp\",\"datePublished\":\"2024-04-10T11:54:41+00:00\",\"dateModified\":\"2024-11-27T20:47:02+00:00\",\"breadcrumb\":{\"@id\":\"https:\\\/\\\/romlay.hr\\\/proizvod\\\/hyponic-deo-ocean-splash-scent\\\/#breadcrumb\"},\"inLanguage\":\"hr\",\"potentialAction\":[{\"@type\":\"ReadAction\",\"target\":[\"https:\\\/\\\/romlay.hr\\\/proizvod\\\/hyponic-deo-ocean-splash-scent\\\/\"]}]},{\"@type\":\"ImageObject\",\"inLanguage\":\"hr\",\"@id\":\"https:\\\/\\\/romlay.hr\\\/proizvod\\\/hyponic-deo-ocean-splash-scent\\\/#primaryimage\",\"url\":\"https:\\\/\\\/romlay.hr\\\/wp-content\\\/uploads\\\/2024\\\/04\\\/HYPONICChitosanDeodorizer_OceanSplashscent_500ml.webp\",\"contentUrl\":\"https:\\\/\\\/romlay.hr\\\/wp-content\\\/uploads\\\/2024\\\/04\\\/HYPONICChitosanDeodorizer_OceanSplashscent_500ml.webp\",\"width\":500,\"height\":500},{\"@type\":\"BreadcrumbList\",\"@id\":\"https:\\\/\\\/romlay.hr\\\/proizvod\\\/hyponic-deo-ocean-splash-scent\\\/#breadcrumb\",\"itemListElement\":[{\"@type\":\"ListItem\",\"position\":1,\"name\":\"Po\u010detna stranica\",\"item\":\"https:\\\/\\\/romlay.hr\\\/\"},{\"@type\":\"ListItem\",\"position\":2,\"name\":\"Proizvodi\",\"item\":\"https:\\\/\\\/romlay.hr\\\/shop\\\/\"},{\"@type\":\"ListItem\",\"position\":3,\"name\":\"HYPONIC Deo Ocean splash scent\"}]},{\"@type\":\"WebSite\",\"@id\":\"https:\\\/\\\/romlay.hr\\\/#website\",\"url\":\"https:\\\/\\\/romlay.hr\\\/\",\"name\":\"Romlay\",\"description\":\"Toy dog specialist\",\"publisher\":{\"@id\":\"https:\\\/\\\/romlay.hr\\\/#organization\"},\"potentialAction\":[{\"@type\":\"SearchAction\",\"target\":{\"@type\":\"EntryPoint\",\"urlTemplate\":\"https:\\\/\\\/romlay.hr\\\/?s={search_term_string}\"},\"query-input\":{\"@type\":\"PropertyValueSpecification\",\"valueRequired\":true,\"valueName\":\"search_term_string\"}}],\"inLanguage\":\"hr\"},{\"@type\":\"Organization\",\"@id\":\"https:\\\/\\\/romlay.hr\\\/#organization\",\"name\":\"Romlay\",\"url\":\"https:\\\/\\\/romlay.hr\\\/\",\"logo\":{\"@type\":\"ImageObject\",\"inLanguage\":\"hr\",\"@id\":\"https:\\\/\\\/romlay.hr\\\/#\\\/schema\\\/logo\\\/image\\\/\",\"url\":\"https:\\\/\\\/romlay.hr\\\/wp-content\\\/uploads\\\/2023\\\/04\\\/cropped-Romlay-1.png\",\"contentUrl\":\"https:\\\/\\\/romlay.hr\\\/wp-content\\\/uploads\\\/2023\\\/04\\\/cropped-Romlay-1.png\",\"width\":978,\"height\":1645,\"caption\":\"Romlay\"},\"image\":{\"@id\":\"https:\\\/\\\/romlay.hr\\\/#\\\/schema\\\/logo\\\/image\\\/\"}}]}<\/script>\n<!-- \/ Yoast SEO plugin. -->","yoast_head_json":{"title":"HYPONIC Deo Ocean splash scent - Romlay","robots":{"index":"index","follow":"follow","max-snippet":"max-snippet:-1","max-image-preview":"max-image-preview:large","max-video-preview":"max-video-preview:-1"},"canonical":"https:\/\/romlay.hr\/hr\/proizvod\/hyponic-deo-ocean-splash-scent\/","og_locale":"hr_HR","og_type":"article","og_title":"HYPONIC Deo Ocean splash scent - Romlay","og_description":"HYPONIC CHITOSAN DEODORIZER AQUA SCENT eliminates any pet odor around your home or car safely and effectively by using extracts of chitosan and natural antibacterial ingredients.\u00a0 HYPONIC Deodorizer uses perfume oil designed by a professional perfumer to keep odors away, leaving beautiful flower essences to stay. Creating an extremely hypoallergenic living environment for you and pets. The deodorizing fragrance spray contains rich chitosan and algae extracts, which can effectively decompose odors, without any harm to humans and animals; Fragrances created by professional perfumers.\u00a0 HYPONIC focuses on Keto Acid, the natural antibacterial ingredient. HOW TO USE? Just spray any smelly areas such as In-door area, wash room, pet\u2019s bed, clothes, carpet, car seat, cat litter box\u2026 What we inhale, penetrate our respiratory system! The ingredients of deodorant spray deodorants funnel through the respiratory systems of both humans and pets. Hence, the use of pure and safe ingredients is our top priority. Key Benefits: \u2022100% Naturally Antibacterial \u2022Free of harmful Chemicals \u2022(Paraben \/ Phenoxyethanol \/ MIT \/ CMIT) \u2022Luxurious Scent Designed by professional perfumers \u2022Completion of the Non-Toxicity, Antibacterial and Deodorization Tests","og_url":"https:\/\/romlay.hr\/hr\/proizvod\/hyponic-deo-ocean-splash-scent\/","og_site_name":"Romlay","article_modified_time":"2024-11-27T20:47:02+00:00","og_image":[{"width":500,"height":500,"url":"https:\/\/romlay.hr\/wp-content\/uploads\/2024\/04\/HYPONICChitosanDeodorizer_OceanSplashscent_500ml.webp","type":"image\/webp"}],"twitter_card":"summary_large_image","twitter_misc":{"Procijenjeno vrijeme \u010ditanja":"1 minuta"},"schema":{"@context":"https:\/\/schema.org","@graph":[{"@type":"WebPage","@id":"https:\/\/romlay.hr\/proizvod\/hyponic-deo-ocean-splash-scent\/","url":"https:\/\/romlay.hr\/proizvod\/hyponic-deo-ocean-splash-scent\/","name":"HYPONIC Deo Ocean splash scent - Romlay","isPartOf":{"@id":"https:\/\/romlay.hr\/#website"},"primaryImageOfPage":{"@id":"https:\/\/romlay.hr\/proizvod\/hyponic-deo-ocean-splash-scent\/#primaryimage"},"image":{"@id":"https:\/\/romlay.hr\/proizvod\/hyponic-deo-ocean-splash-scent\/#primaryimage"},"thumbnailUrl":"https:\/\/romlay.hr\/wp-content\/uploads\/2024\/04\/HYPONICChitosanDeodorizer_OceanSplashscent_500ml.webp","datePublished":"2024-04-10T11:54:41+00:00","dateModified":"2024-11-27T20:47:02+00:00","breadcrumb":{"@id":"https:\/\/romlay.hr\/proizvod\/hyponic-deo-ocean-splash-scent\/#breadcrumb"},"inLanguage":"hr","potentialAction":[{"@type":"ReadAction","target":["https:\/\/romlay.hr\/proizvod\/hyponic-deo-ocean-splash-scent\/"]}]},{"@type":"ImageObject","inLanguage":"hr","@id":"https:\/\/romlay.hr\/proizvod\/hyponic-deo-ocean-splash-scent\/#primaryimage","url":"https:\/\/romlay.hr\/wp-content\/uploads\/2024\/04\/HYPONICChitosanDeodorizer_OceanSplashscent_500ml.webp","contentUrl":"https:\/\/romlay.hr\/wp-content\/uploads\/2024\/04\/HYPONICChitosanDeodorizer_OceanSplashscent_500ml.webp","width":500,"height":500},{"@type":"BreadcrumbList","@id":"https:\/\/romlay.hr\/proizvod\/hyponic-deo-ocean-splash-scent\/#breadcrumb","itemListElement":[{"@type":"ListItem","position":1,"name":"Po\u010detna stranica","item":"https:\/\/romlay.hr\/"},{"@type":"ListItem","position":2,"name":"Proizvodi","item":"https:\/\/romlay.hr\/shop\/"},{"@type":"ListItem","position":3,"name":"HYPONIC Deo Ocean splash scent"}]},{"@type":"WebSite","@id":"https:\/\/romlay.hr\/#website","url":"https:\/\/romlay.hr\/","name":"Romlay","description":"Toy dog specialist","publisher":{"@id":"https:\/\/romlay.hr\/#organization"},"potentialAction":[{"@type":"SearchAction","target":{"@type":"EntryPoint","urlTemplate":"https:\/\/romlay.hr\/?s={search_term_string}"},"query-input":{"@type":"PropertyValueSpecification","valueRequired":true,"valueName":"search_term_string"}}],"inLanguage":"hr"},{"@type":"Organization","@id":"https:\/\/romlay.hr\/#organization","name":"Romlay","url":"https:\/\/romlay.hr\/","logo":{"@type":"ImageObject","inLanguage":"hr","@id":"https:\/\/romlay.hr\/#\/schema\/logo\/image\/","url":"https:\/\/romlay.hr\/wp-content\/uploads\/2023\/04\/cropped-Romlay-1.png","contentUrl":"https:\/\/romlay.hr\/wp-content\/uploads\/2023\/04\/cropped-Romlay-1.png","width":978,"height":1645,"caption":"Romlay"},"image":{"@id":"https:\/\/romlay.hr\/#\/schema\/logo\/image\/"}}]}},"_links":{"self":[{"href":"https:\/\/romlay.hr\/hr\/wp-json\/wp\/v2\/product\/878","targetHints":{"allow":["GET"]}}],"collection":[{"href":"https:\/\/romlay.hr\/hr\/wp-json\/wp\/v2\/product"}],"about":[{"href":"https:\/\/romlay.hr\/hr\/wp-json\/wp\/v2\/types\/product"}],"wp:featuredmedia":[{"embeddable":true,"href":"https:\/\/romlay.hr\/hr\/wp-json\/wp\/v2\/media\/836"}],"wp:attachment":[{"href":"https:\/\/romlay.hr\/hr\/wp-json\/wp\/v2\/media?parent=878"}],"wp:term":[{"taxonomy":"product_brand","embeddable":true,"href":"https:\/\/romlay.hr\/hr\/wp-json\/wp\/v2\/product_brand?post=878"},{"taxonomy":"product_cat","embeddable":true,"href":"https:\/\/romlay.hr\/hr\/wp-json\/wp\/v2\/product_cat?post=878"},{"taxonomy":"product_tag","embeddable":true,"href":"https:\/\/romlay.hr\/hr\/wp-json\/wp\/v2\/product_tag?post=878"}],"curies":[{"name":"wp","href":"https:\/\/api.w.org\/{rel}","templated":true}]}}