{"id":874,"date":"2024-04-10T11:33:33","date_gmt":"2024-04-10T11:33:33","guid":{"rendered":"https:\/\/romlay.hr\/?post_type=product&#038;p=874"},"modified":"2026-04-11T08:58:22","modified_gmt":"2026-04-11T08:58:22","slug":"hyponic-hypoallergen-shampoovolumizing","status":"publish","type":"product","link":"https:\/\/romlay.hr\/hr\/proizvod\/hyponic-hypoallergen-shampoovolumizing\/","title":{"rendered":"HYPONIC Hipoalergeni \u0160ampon (za volumen)"},"content":{"rendered":"<p>HYPONIC Hipoalergeni \u0160ampon za volumen posebno je formuliran za postizanje dodatnog volumena kod pasa poput Pudli i Bi\u0161ona. Izra\u0111en od 100% prirodnih sredstava za \u010di\u0161\u0107enje i potpuno bez \u0161tetnih kemijskih tvari, ovaj nje\u017eni \u0161ampon sadr\u017ei ekstrakte lavande i cvijeta kamilice za svilenkasto mekanu dlaku, kao i ekstrakte frezije i korijena ginsenga za zdravu ko\u017eu i izvanredan volumen. Bogata i kremasta pjena pru\u017ea ugodno iskustvo pranja, bez potrebe za dodatnim regeneratorom.\n\nOvaj \u0161ampon idealan je za vlasnike koji \u017eele profesionalnu njegu i volumiziraju\u0107i efekt za svog ljubimca, osiguravaju\u0107i zdravlje ko\u017ee i svilenkastu, bujnu dlaku.<\/p>\n<p>\u25cf<span class=\"Apple-converted-space\">\u00a0 <\/span>Volumen: Posebno formuliran za pasmine koje zahtijevaju dodatni volumen.<span class=\"Apple-converted-space\">\u00a0<\/span><\/p>\n<p>\u25cf<span class=\"Apple-converted-space\">\u00a0 <\/span>Dermatolo\u0161ki testiran: Ocjena \"Izvrstan\".<span class=\"Apple-converted-space\">\u00a0<\/span><\/p>\n<p>\u25cf<span class=\"Apple-converted-space\">\u00a0 <\/span>Hipoalergen i prirodan<\/p>\n<p>\u25cf<span class=\"Apple-converted-space\">\u00a0 <\/span>Ne zahtijeva regenerator<span class=\"Apple-converted-space\">\u00a0<\/span><\/p>\n<p>\u25cf<span class=\"Apple-converted-space\">\u00a0 <\/span>100% pouzdan: Zadovoljstvo zajam\u010deno.<span class=\"Apple-converted-space\">\u00a0<\/span><\/p>","protected":false},"excerpt":{"rendered":"<p>HYPONIC Hypoallergenic Shampoo (for dogs_volumizing) is specialized for creating enhanced volume for dogs such as the Poodle and Bichon Frise. This gentle shampoo is made of 100% natural cleansing agents, free of hazardous chemical substances and is formulated with Lavender and Matricaria Flower Extracts for silky soft hair including Freesia Extract and Panax Ginseng Root Extract for healthy skin and exceptional volume. Rich, creamy bubbles and the soft feeling of washing do not require a conditioner. \u25cf\u00a0 VOLUMIZING\u00a0 \u25cf\u00a0 DERMATEST RATED, EXCELLENT\u00a0 \u25cf\u00a0 HYPOALLERGENIC &amp; NATURAL \u25cf\u00a0 NO CONDITIONER REQUIRED\u00a0 \u25cf\u00a0 100% TRUSTED &amp; SATISFACTION GUARANTEED\u00a0<\/p>","protected":false},"featured_media":1239,"template":"","meta":{"_monsterinsights_skip_tracking":false,"_monsterinsights_sitenote_active":false,"_monsterinsights_sitenote_note":"","_monsterinsights_sitenote_category":0,"site-sidebar-layout":"default","site-content-layout":"default","ast-site-content-layout":"default","site-content-style":"default","site-sidebar-style":"default","ast-global-header-display":"","ast-banner-title-visibility":"","ast-main-header-display":"","ast-hfb-above-header-display":"","ast-hfb-below-header-display":"","ast-hfb-mobile-header-display":"","site-post-title":"","ast-breadcrumbs-content":"","ast-featured-img":"","footer-sml-layout":"","ast-disable-related-posts":"","theme-transparent-header-meta":"default","adv-header-id-meta":"","stick-header-meta":"","header-above-stick-meta":"","header-main-stick-meta":"","header-below-stick-meta":"","astra-migrate-meta-layouts":"set","ast-page-background-enabled":"default","ast-page-background-meta":{"desktop":{"background-color":"var(--ast-global-color-4)","background-image":"","background-repeat":"repeat","background-position":"center center","background-size":"auto","background-attachment":"scroll","background-type":"","background-media":"","overlay-type":"","overlay-color":"","overlay-opacity":"","overlay-gradient":""},"tablet":{"background-color":"","background-image":"","background-repeat":"repeat","background-position":"center center","background-size":"auto","background-attachment":"scroll","background-type":"","background-media":"","overlay-type":"","overlay-color":"","overlay-opacity":"","overlay-gradient":""},"mobile":{"background-color":"","background-image":"","background-repeat":"repeat","background-position":"center center","background-size":"auto","background-attachment":"scroll","background-type":"","background-media":"","overlay-type":"","overlay-color":"","overlay-opacity":"","overlay-gradient":""}},"ast-content-background-meta":{"desktop":{"background-color":"var(--ast-global-color-5)","background-image":"","background-repeat":"repeat","background-position":"center center","background-size":"auto","background-attachment":"scroll","background-type":"","background-media":"","overlay-type":"","overlay-color":"","overlay-opacity":"","overlay-gradient":""},"tablet":{"background-color":"var(--ast-global-color-5)","background-image":"","background-repeat":"repeat","background-position":"center center","background-size":"auto","background-attachment":"scroll","background-type":"","background-media":"","overlay-type":"","overlay-color":"","overlay-opacity":"","overlay-gradient":""},"mobile":{"background-color":"var(--ast-global-color-5)","background-image":"","background-repeat":"repeat","background-position":"center center","background-size":"auto","background-attachment":"scroll","background-type":"","background-media":"","overlay-type":"","overlay-color":"","overlay-opacity":"","overlay-gradient":""}}},"product_brand":[],"product_cat":[24,51],"product_tag":[],"class_list":{"0":"post-874","1":"product","2":"type-product","3":"status-publish","4":"has-post-thumbnail","6":"product_cat-coat-care","7":"product_cat-hyponic","8":"desktop-align-left","9":"tablet-align-left","10":"mobile-align-left","12":"first","13":"instock","14":"shipping-taxable","15":"purchasable","16":"product-type-variable"},"yoast_head":"<!-- This site is optimized with the Yoast SEO plugin v27.4 - https:\/\/yoast.com\/product\/yoast-seo-wordpress\/ -->\n<title>HYPONIC Hypoallergen Shampoo(volumizing) - Romlay<\/title>\n<meta name=\"robots\" content=\"index, follow, max-snippet:-1, max-image-preview:large, max-video-preview:-1\" \/>\n<link rel=\"canonical\" href=\"https:\/\/romlay.hr\/hr\/proizvod\/hyponic-hypoallergen-shampoovolumizing\/\" \/>\n<meta property=\"og:locale\" content=\"hr_HR\" \/>\n<meta property=\"og:type\" content=\"article\" \/>\n<meta property=\"og:title\" content=\"HYPONIC Hypoallergen Shampoo(volumizing) - Romlay\" \/>\n<meta property=\"og:description\" content=\"HYPONIC Hypoallergenic Shampoo (for dogs_volumizing) is specialized for creating enhanced volume for dogs such as the Poodle and Bichon Frise. This gentle shampoo is made of 100% natural cleansing agents, free of hazardous chemical substances and is formulated with Lavender and Matricaria Flower Extracts for silky soft hair including Freesia Extract and Panax Ginseng Root Extract for healthy skin and exceptional volume. Rich, creamy bubbles and the soft feeling of washing do not require a conditioner. \u25cf\u00a0 VOLUMIZING\u00a0 \u25cf\u00a0 DERMATEST RATED, EXCELLENT\u00a0 \u25cf\u00a0 HYPOALLERGENIC &amp; NATURAL \u25cf\u00a0 NO CONDITIONER REQUIRED\u00a0 \u25cf\u00a0 100% TRUSTED &amp; SATISFACTION GUARANTEED\u00a0\" \/>\n<meta property=\"og:url\" content=\"https:\/\/romlay.hr\/hr\/proizvod\/hyponic-hypoallergen-shampoovolumizing\/\" \/>\n<meta property=\"og:site_name\" content=\"Romlay\" \/>\n<meta property=\"article:modified_time\" content=\"2026-04-11T08:58:22+00:00\" \/>\n<meta property=\"og:image\" content=\"https:\/\/romlay.hr\/wp-content\/uploads\/2024\/04\/HYPOALLERGENIC-SHAMPOO-VOLUMIZING.webp\" \/>\n\t<meta property=\"og:image:width\" content=\"1200\" \/>\n\t<meta property=\"og:image:height\" content=\"1200\" \/>\n\t<meta property=\"og:image:type\" content=\"image\/webp\" \/>\n<meta name=\"twitter:card\" content=\"summary_large_image\" \/>\n<meta name=\"twitter:label1\" content=\"Procijenjeno vrijeme \u010ditanja\" \/>\n\t<meta name=\"twitter:data1\" content=\"1 minuta\" \/>\n<script type=\"application\/ld+json\" class=\"yoast-schema-graph\">{\"@context\":\"https:\\\/\\\/schema.org\",\"@graph\":[{\"@type\":\"WebPage\",\"@id\":\"https:\\\/\\\/romlay.hr\\\/proizvod\\\/hyponic-hypoallergen-shampoovolumizing\\\/\",\"url\":\"https:\\\/\\\/romlay.hr\\\/proizvod\\\/hyponic-hypoallergen-shampoovolumizing\\\/\",\"name\":\"HYPONIC Hypoallergen Shampoo(volumizing) - Romlay\",\"isPartOf\":{\"@id\":\"https:\\\/\\\/romlay.hr\\\/#website\"},\"primaryImageOfPage\":{\"@id\":\"https:\\\/\\\/romlay.hr\\\/proizvod\\\/hyponic-hypoallergen-shampoovolumizing\\\/#primaryimage\"},\"image\":{\"@id\":\"https:\\\/\\\/romlay.hr\\\/proizvod\\\/hyponic-hypoallergen-shampoovolumizing\\\/#primaryimage\"},\"thumbnailUrl\":\"https:\\\/\\\/romlay.hr\\\/wp-content\\\/uploads\\\/2024\\\/04\\\/HYPOALLERGENIC-SHAMPOO-VOLUMIZING.webp\",\"datePublished\":\"2024-04-10T11:33:33+00:00\",\"dateModified\":\"2026-04-11T08:58:22+00:00\",\"breadcrumb\":{\"@id\":\"https:\\\/\\\/romlay.hr\\\/proizvod\\\/hyponic-hypoallergen-shampoovolumizing\\\/#breadcrumb\"},\"inLanguage\":\"hr\",\"potentialAction\":[{\"@type\":\"ReadAction\",\"target\":[\"https:\\\/\\\/romlay.hr\\\/proizvod\\\/hyponic-hypoallergen-shampoovolumizing\\\/\"]}]},{\"@type\":\"ImageObject\",\"inLanguage\":\"hr\",\"@id\":\"https:\\\/\\\/romlay.hr\\\/proizvod\\\/hyponic-hypoallergen-shampoovolumizing\\\/#primaryimage\",\"url\":\"https:\\\/\\\/romlay.hr\\\/wp-content\\\/uploads\\\/2024\\\/04\\\/HYPOALLERGENIC-SHAMPOO-VOLUMIZING.webp\",\"contentUrl\":\"https:\\\/\\\/romlay.hr\\\/wp-content\\\/uploads\\\/2024\\\/04\\\/HYPOALLERGENIC-SHAMPOO-VOLUMIZING.webp\",\"width\":1200,\"height\":1200},{\"@type\":\"BreadcrumbList\",\"@id\":\"https:\\\/\\\/romlay.hr\\\/proizvod\\\/hyponic-hypoallergen-shampoovolumizing\\\/#breadcrumb\",\"itemListElement\":[{\"@type\":\"ListItem\",\"position\":1,\"name\":\"Po\u010detna stranica\",\"item\":\"https:\\\/\\\/romlay.hr\\\/\"},{\"@type\":\"ListItem\",\"position\":2,\"name\":\"Proizvodi\",\"item\":\"https:\\\/\\\/romlay.hr\\\/shop\\\/\"},{\"@type\":\"ListItem\",\"position\":3,\"name\":\"HYPONIC Hypoallergen Shampoo(volumizing)\"}]},{\"@type\":\"WebSite\",\"@id\":\"https:\\\/\\\/romlay.hr\\\/#website\",\"url\":\"https:\\\/\\\/romlay.hr\\\/\",\"name\":\"Romlay\",\"description\":\"Toy dog specialist\",\"publisher\":{\"@id\":\"https:\\\/\\\/romlay.hr\\\/#organization\"},\"potentialAction\":[{\"@type\":\"SearchAction\",\"target\":{\"@type\":\"EntryPoint\",\"urlTemplate\":\"https:\\\/\\\/romlay.hr\\\/?s={search_term_string}\"},\"query-input\":{\"@type\":\"PropertyValueSpecification\",\"valueRequired\":true,\"valueName\":\"search_term_string\"}}],\"inLanguage\":\"hr\"},{\"@type\":\"Organization\",\"@id\":\"https:\\\/\\\/romlay.hr\\\/#organization\",\"name\":\"Romlay\",\"url\":\"https:\\\/\\\/romlay.hr\\\/\",\"logo\":{\"@type\":\"ImageObject\",\"inLanguage\":\"hr\",\"@id\":\"https:\\\/\\\/romlay.hr\\\/#\\\/schema\\\/logo\\\/image\\\/\",\"url\":\"https:\\\/\\\/romlay.hr\\\/wp-content\\\/uploads\\\/2023\\\/04\\\/cropped-Romlay-1.png\",\"contentUrl\":\"https:\\\/\\\/romlay.hr\\\/wp-content\\\/uploads\\\/2023\\\/04\\\/cropped-Romlay-1.png\",\"width\":978,\"height\":1645,\"caption\":\"Romlay\"},\"image\":{\"@id\":\"https:\\\/\\\/romlay.hr\\\/#\\\/schema\\\/logo\\\/image\\\/\"}}]}<\/script>\n<!-- \/ Yoast SEO plugin. -->","yoast_head_json":{"title":"HYPONIC Hypoallergen Shampoo(volumizing) - Romlay","robots":{"index":"index","follow":"follow","max-snippet":"max-snippet:-1","max-image-preview":"max-image-preview:large","max-video-preview":"max-video-preview:-1"},"canonical":"https:\/\/romlay.hr\/hr\/proizvod\/hyponic-hypoallergen-shampoovolumizing\/","og_locale":"hr_HR","og_type":"article","og_title":"HYPONIC Hypoallergen Shampoo(volumizing) - Romlay","og_description":"HYPONIC Hypoallergenic Shampoo (for dogs_volumizing) is specialized for creating enhanced volume for dogs such as the Poodle and Bichon Frise. This gentle shampoo is made of 100% natural cleansing agents, free of hazardous chemical substances and is formulated with Lavender and Matricaria Flower Extracts for silky soft hair including Freesia Extract and Panax Ginseng Root Extract for healthy skin and exceptional volume. Rich, creamy bubbles and the soft feeling of washing do not require a conditioner. \u25cf\u00a0 VOLUMIZING\u00a0 \u25cf\u00a0 DERMATEST RATED, EXCELLENT\u00a0 \u25cf\u00a0 HYPOALLERGENIC &amp; NATURAL \u25cf\u00a0 NO CONDITIONER REQUIRED\u00a0 \u25cf\u00a0 100% TRUSTED &amp; SATISFACTION GUARANTEED\u00a0","og_url":"https:\/\/romlay.hr\/hr\/proizvod\/hyponic-hypoallergen-shampoovolumizing\/","og_site_name":"Romlay","article_modified_time":"2026-04-11T08:58:22+00:00","og_image":[{"width":1200,"height":1200,"url":"https:\/\/romlay.hr\/wp-content\/uploads\/2024\/04\/HYPOALLERGENIC-SHAMPOO-VOLUMIZING.webp","type":"image\/webp"}],"twitter_card":"summary_large_image","twitter_misc":{"Procijenjeno vrijeme \u010ditanja":"1 minuta"},"schema":{"@context":"https:\/\/schema.org","@graph":[{"@type":"WebPage","@id":"https:\/\/romlay.hr\/proizvod\/hyponic-hypoallergen-shampoovolumizing\/","url":"https:\/\/romlay.hr\/proizvod\/hyponic-hypoallergen-shampoovolumizing\/","name":"HYPONIC Hypoallergen Shampoo(volumizing) - Romlay","isPartOf":{"@id":"https:\/\/romlay.hr\/#website"},"primaryImageOfPage":{"@id":"https:\/\/romlay.hr\/proizvod\/hyponic-hypoallergen-shampoovolumizing\/#primaryimage"},"image":{"@id":"https:\/\/romlay.hr\/proizvod\/hyponic-hypoallergen-shampoovolumizing\/#primaryimage"},"thumbnailUrl":"https:\/\/romlay.hr\/wp-content\/uploads\/2024\/04\/HYPOALLERGENIC-SHAMPOO-VOLUMIZING.webp","datePublished":"2024-04-10T11:33:33+00:00","dateModified":"2026-04-11T08:58:22+00:00","breadcrumb":{"@id":"https:\/\/romlay.hr\/proizvod\/hyponic-hypoallergen-shampoovolumizing\/#breadcrumb"},"inLanguage":"hr","potentialAction":[{"@type":"ReadAction","target":["https:\/\/romlay.hr\/proizvod\/hyponic-hypoallergen-shampoovolumizing\/"]}]},{"@type":"ImageObject","inLanguage":"hr","@id":"https:\/\/romlay.hr\/proizvod\/hyponic-hypoallergen-shampoovolumizing\/#primaryimage","url":"https:\/\/romlay.hr\/wp-content\/uploads\/2024\/04\/HYPOALLERGENIC-SHAMPOO-VOLUMIZING.webp","contentUrl":"https:\/\/romlay.hr\/wp-content\/uploads\/2024\/04\/HYPOALLERGENIC-SHAMPOO-VOLUMIZING.webp","width":1200,"height":1200},{"@type":"BreadcrumbList","@id":"https:\/\/romlay.hr\/proizvod\/hyponic-hypoallergen-shampoovolumizing\/#breadcrumb","itemListElement":[{"@type":"ListItem","position":1,"name":"Po\u010detna stranica","item":"https:\/\/romlay.hr\/"},{"@type":"ListItem","position":2,"name":"Proizvodi","item":"https:\/\/romlay.hr\/shop\/"},{"@type":"ListItem","position":3,"name":"HYPONIC Hypoallergen Shampoo(volumizing)"}]},{"@type":"WebSite","@id":"https:\/\/romlay.hr\/#website","url":"https:\/\/romlay.hr\/","name":"Romlay","description":"Toy dog specialist","publisher":{"@id":"https:\/\/romlay.hr\/#organization"},"potentialAction":[{"@type":"SearchAction","target":{"@type":"EntryPoint","urlTemplate":"https:\/\/romlay.hr\/?s={search_term_string}"},"query-input":{"@type":"PropertyValueSpecification","valueRequired":true,"valueName":"search_term_string"}}],"inLanguage":"hr"},{"@type":"Organization","@id":"https:\/\/romlay.hr\/#organization","name":"Romlay","url":"https:\/\/romlay.hr\/","logo":{"@type":"ImageObject","inLanguage":"hr","@id":"https:\/\/romlay.hr\/#\/schema\/logo\/image\/","url":"https:\/\/romlay.hr\/wp-content\/uploads\/2023\/04\/cropped-Romlay-1.png","contentUrl":"https:\/\/romlay.hr\/wp-content\/uploads\/2023\/04\/cropped-Romlay-1.png","width":978,"height":1645,"caption":"Romlay"},"image":{"@id":"https:\/\/romlay.hr\/#\/schema\/logo\/image\/"}}]}},"_links":{"self":[{"href":"https:\/\/romlay.hr\/hr\/wp-json\/wp\/v2\/product\/874","targetHints":{"allow":["GET"]}}],"collection":[{"href":"https:\/\/romlay.hr\/hr\/wp-json\/wp\/v2\/product"}],"about":[{"href":"https:\/\/romlay.hr\/hr\/wp-json\/wp\/v2\/types\/product"}],"wp:featuredmedia":[{"embeddable":true,"href":"https:\/\/romlay.hr\/hr\/wp-json\/wp\/v2\/media\/1239"}],"wp:attachment":[{"href":"https:\/\/romlay.hr\/hr\/wp-json\/wp\/v2\/media?parent=874"}],"wp:term":[{"taxonomy":"product_brand","embeddable":true,"href":"https:\/\/romlay.hr\/hr\/wp-json\/wp\/v2\/product_brand?post=874"},{"taxonomy":"product_cat","embeddable":true,"href":"https:\/\/romlay.hr\/hr\/wp-json\/wp\/v2\/product_cat?post=874"},{"taxonomy":"product_tag","embeddable":true,"href":"https:\/\/romlay.hr\/hr\/wp-json\/wp\/v2\/product_tag?post=874"}],"curies":[{"name":"wp","href":"https:\/\/api.w.org\/{rel}","templated":true}]}}