{"id":861,"date":"2024-04-10T10:00:13","date_gmt":"2024-04-10T10:00:13","guid":{"rendered":"https:\/\/romlay.hr\/?post_type=product&#038;p=861"},"modified":"2025-11-26T14:34:42","modified_gmt":"2025-11-26T14:34:42","slug":"hyponic-cream-for-pets-75ml","status":"publish","type":"product","link":"https:\/\/romlay.hr\/hr\/proizvod\/hyponic-cream-for-pets-75ml\/","title":{"rendered":"HYPONIC FOMINA (Dispenzer za kremastu pjenu) 700 ml"},"content":{"rendered":"<p>U\u017eivajte u kupanju uz HYPONIC FOMINA, koji olak\u0161ava pretvaranje \u0161ampona u pjenu!\n\nPrednosti FOMINA dispenzera:\n\nStvara kremastu pjenu iz va\u0161eg omiljenog HYPONIC \u0161ampona, savr\u0161eno pripremljenu za pranje va\u0161eg ljubimca.\n\nSmanjuje vrijeme kupanja, \u0161tedi \u0161ampon i vodu, omogu\u0107uje zdravije \u010di\u0161\u0107enje te smanjuje iritaciju ko\u017ee.\n\n\nKako koristiti?\n\n1. Ulijte vodu i \u0161ampon u \u017eeljenom omjeru.\n\n\n2. Temeljito natopite tijelo ljubimca vodom.\n\n\n3. Nekoliko puta pritisnite pumpicu kako biste dobili pjenu, zatim pjenu umasirajte u dlaku ljubimca.\n\n\n4. Temeljito isperite kako biste uklonili sve ostatke.\n\n\n\nSavr\u0161eno za:\n\nFrizere i salone za ku\u0107ne ljubimce, jer omogu\u0107uje brzu pripremu proizvoda za kori\u0161tenje.\n\nVlasnike ljubimaca koji peru \u0161ape svog ljubimca nakon svake \u0161etnje. Omogu\u0107uje uvijek savr\u0161eno izmije\u0161an \u0161ampon s vodom bez prolijevanja.<br \/>\n\u25cf FOMINA creates creamy foam from your favorite HYPONIC shampoo and makes it perfectly ready for washing your pet.<br \/>\n\u25cf Reduce bath time, save shampoo + water, enjoy healthier cleansing, minimize irritation<br \/>\n\u25cf HOW TO USE? Pour water and shampoo to desired ratio. Thoroughly soak pets body<br \/>\nwith water, pump a few times and then massage foam into your pet. Rinse thoroughly so<br \/>\nno residue is left behind.<br \/>\n\u25cf Perfect for groomers and salons for having your favorite products ready to use<br \/>\n\u25cf For pet owners who enjoy washing their pet paws after each walk, having their favorite<br \/>\nshampoo perfectly mixed with water each time, prevents spilling the shampoo<\/p>","protected":false},"excerpt":{"rendered":"<p>Enjoy bath time with HYPONIC FOMINA for ease of diluting shampoo into foam! \u25cf FOMINA creates creamy foam from your favorite HYPONIC shampoo and makes it perfectly ready for washing your pet. \u25cf Reduce bath time, save shampoo + water, enjoy healthier cleansing, minimize irritation \u25cf HOW TO USE? Pour water and shampoo to desired ratio. Thoroughly soak pets body with water, pump a few times and then massage foam into your pet. Rinse thoroughly so no residue is left behind. \u25cf Perfect for groomers and salons for having your favorite products ready to use \u25cf For pet owners who enjoy washing their pet paws after each walk, having their favorite shampoo perfectly mixed with water each time, prevents spilling the shampoo<\/p>","protected":false},"featured_media":867,"template":"","meta":{"_monsterinsights_skip_tracking":false,"_monsterinsights_sitenote_active":false,"_monsterinsights_sitenote_note":"","_monsterinsights_sitenote_category":0,"site-sidebar-layout":"default","site-content-layout":"default","ast-site-content-layout":"default","site-content-style":"default","site-sidebar-style":"default","ast-global-header-display":"","ast-banner-title-visibility":"","ast-main-header-display":"","ast-hfb-above-header-display":"","ast-hfb-below-header-display":"","ast-hfb-mobile-header-display":"","site-post-title":"","ast-breadcrumbs-content":"","ast-featured-img":"","footer-sml-layout":"","ast-disable-related-posts":"","theme-transparent-header-meta":"default","adv-header-id-meta":"","stick-header-meta":"","header-above-stick-meta":"","header-main-stick-meta":"","header-below-stick-meta":"","astra-migrate-meta-layouts":"default","ast-page-background-enabled":"default","ast-page-background-meta":{"desktop":{"background-color":"var(--ast-global-color-4)","background-image":"","background-repeat":"repeat","background-position":"center center","background-size":"auto","background-attachment":"scroll","background-type":"","background-media":"","overlay-type":"","overlay-color":"","overlay-opacity":"","overlay-gradient":""},"tablet":{"background-color":"","background-image":"","background-repeat":"repeat","background-position":"center center","background-size":"auto","background-attachment":"scroll","background-type":"","background-media":"","overlay-type":"","overlay-color":"","overlay-opacity":"","overlay-gradient":""},"mobile":{"background-color":"","background-image":"","background-repeat":"repeat","background-position":"center center","background-size":"auto","background-attachment":"scroll","background-type":"","background-media":"","overlay-type":"","overlay-color":"","overlay-opacity":"","overlay-gradient":""}},"ast-content-background-meta":{"desktop":{"background-color":"var(--ast-global-color-5)","background-image":"","background-repeat":"repeat","background-position":"center center","background-size":"auto","background-attachment":"scroll","background-type":"","background-media":"","overlay-type":"","overlay-color":"","overlay-opacity":"","overlay-gradient":""},"tablet":{"background-color":"var(--ast-global-color-5)","background-image":"","background-repeat":"repeat","background-position":"center center","background-size":"auto","background-attachment":"scroll","background-type":"","background-media":"","overlay-type":"","overlay-color":"","overlay-opacity":"","overlay-gradient":""},"mobile":{"background-color":"var(--ast-global-color-5)","background-image":"","background-repeat":"repeat","background-position":"center center","background-size":"auto","background-attachment":"scroll","background-type":"","background-media":"","overlay-type":"","overlay-color":"","overlay-opacity":"","overlay-gradient":""}}},"product_brand":[],"product_cat":[24,51],"product_tag":[],"class_list":{"0":"post-861","1":"product","2":"type-product","3":"status-publish","4":"has-post-thumbnail","6":"product_cat-coat-care","7":"product_cat-hyponic","8":"desktop-align-left","9":"tablet-align-left","10":"mobile-align-left","12":"first","13":"instock","14":"shipping-taxable","15":"purchasable","16":"product-type-simple"},"yoast_head":"<!-- This site is optimized with the Yoast SEO plugin v27.4 - https:\/\/yoast.com\/product\/yoast-seo-wordpress\/ -->\n<title>HYPONIC FOMINA (Creamy Foaming Dispenser) 700ml - Romlay<\/title>\n<meta name=\"robots\" content=\"index, follow, max-snippet:-1, max-image-preview:large, max-video-preview:-1\" \/>\n<link rel=\"canonical\" href=\"https:\/\/romlay.hr\/hr\/proizvod\/hyponic-cream-for-pets-75ml\/\" \/>\n<meta property=\"og:locale\" content=\"hr_HR\" \/>\n<meta property=\"og:type\" content=\"article\" \/>\n<meta property=\"og:title\" content=\"HYPONIC FOMINA (Creamy Foaming Dispenser) 700ml - Romlay\" \/>\n<meta property=\"og:description\" content=\"Enjoy bath time with HYPONIC FOMINA for ease of diluting shampoo into foam! \u25cf FOMINA creates creamy foam from your favorite HYPONIC shampoo and makes it perfectly ready for washing your pet. \u25cf Reduce bath time, save shampoo + water, enjoy healthier cleansing, minimize irritation \u25cf HOW TO USE? Pour water and shampoo to desired ratio. Thoroughly soak pets body with water, pump a few times and then massage foam into your pet. Rinse thoroughly so no residue is left behind. \u25cf Perfect for groomers and salons for having your favorite products ready to use \u25cf For pet owners who enjoy washing their pet paws after each walk, having their favorite shampoo perfectly mixed with water each time, prevents spilling the shampoo\" \/>\n<meta property=\"og:url\" content=\"https:\/\/romlay.hr\/hr\/proizvod\/hyponic-cream-for-pets-75ml\/\" \/>\n<meta property=\"og:site_name\" content=\"Romlay\" \/>\n<meta property=\"article:modified_time\" content=\"2025-11-26T14:34:42+00:00\" \/>\n<meta property=\"og:image\" content=\"https:\/\/romlay.hr\/wp-content\/uploads\/2024\/04\/A2e20210629111145.png\" \/>\n\t<meta property=\"og:image:width\" content=\"500\" \/>\n\t<meta property=\"og:image:height\" content=\"500\" \/>\n\t<meta property=\"og:image:type\" content=\"image\/png\" \/>\n<meta name=\"twitter:card\" content=\"summary_large_image\" \/>\n<meta name=\"twitter:label1\" content=\"Procijenjeno vrijeme \u010ditanja\" \/>\n\t<meta name=\"twitter:data1\" content=\"1 minuta\" \/>\n<script type=\"application\/ld+json\" class=\"yoast-schema-graph\">{\"@context\":\"https:\\\/\\\/schema.org\",\"@graph\":[{\"@type\":\"WebPage\",\"@id\":\"https:\\\/\\\/romlay.hr\\\/proizvod\\\/hyponic-cream-for-pets-75ml\\\/\",\"url\":\"https:\\\/\\\/romlay.hr\\\/proizvod\\\/hyponic-cream-for-pets-75ml\\\/\",\"name\":\"HYPONIC FOMINA (Creamy Foaming Dispenser) 700ml - Romlay\",\"isPartOf\":{\"@id\":\"https:\\\/\\\/romlay.hr\\\/#website\"},\"primaryImageOfPage\":{\"@id\":\"https:\\\/\\\/romlay.hr\\\/proizvod\\\/hyponic-cream-for-pets-75ml\\\/#primaryimage\"},\"image\":{\"@id\":\"https:\\\/\\\/romlay.hr\\\/proizvod\\\/hyponic-cream-for-pets-75ml\\\/#primaryimage\"},\"thumbnailUrl\":\"https:\\\/\\\/romlay.hr\\\/wp-content\\\/uploads\\\/2024\\\/04\\\/A2e20210629111145.png\",\"datePublished\":\"2024-04-10T10:00:13+00:00\",\"dateModified\":\"2025-11-26T14:34:42+00:00\",\"breadcrumb\":{\"@id\":\"https:\\\/\\\/romlay.hr\\\/proizvod\\\/hyponic-cream-for-pets-75ml\\\/#breadcrumb\"},\"inLanguage\":\"hr\",\"potentialAction\":[{\"@type\":\"ReadAction\",\"target\":[\"https:\\\/\\\/romlay.hr\\\/proizvod\\\/hyponic-cream-for-pets-75ml\\\/\"]}]},{\"@type\":\"ImageObject\",\"inLanguage\":\"hr\",\"@id\":\"https:\\\/\\\/romlay.hr\\\/proizvod\\\/hyponic-cream-for-pets-75ml\\\/#primaryimage\",\"url\":\"https:\\\/\\\/romlay.hr\\\/wp-content\\\/uploads\\\/2024\\\/04\\\/A2e20210629111145.png\",\"contentUrl\":\"https:\\\/\\\/romlay.hr\\\/wp-content\\\/uploads\\\/2024\\\/04\\\/A2e20210629111145.png\",\"width\":500,\"height\":500},{\"@type\":\"BreadcrumbList\",\"@id\":\"https:\\\/\\\/romlay.hr\\\/proizvod\\\/hyponic-cream-for-pets-75ml\\\/#breadcrumb\",\"itemListElement\":[{\"@type\":\"ListItem\",\"position\":1,\"name\":\"Po\u010detna stranica\",\"item\":\"https:\\\/\\\/romlay.hr\\\/\"},{\"@type\":\"ListItem\",\"position\":2,\"name\":\"Proizvodi\",\"item\":\"https:\\\/\\\/romlay.hr\\\/shop\\\/\"},{\"@type\":\"ListItem\",\"position\":3,\"name\":\"HYPONIC FOMINA (Creamy Foaming Dispenser) 700ml\"}]},{\"@type\":\"WebSite\",\"@id\":\"https:\\\/\\\/romlay.hr\\\/#website\",\"url\":\"https:\\\/\\\/romlay.hr\\\/\",\"name\":\"Romlay\",\"description\":\"Toy dog specialist\",\"publisher\":{\"@id\":\"https:\\\/\\\/romlay.hr\\\/#organization\"},\"potentialAction\":[{\"@type\":\"SearchAction\",\"target\":{\"@type\":\"EntryPoint\",\"urlTemplate\":\"https:\\\/\\\/romlay.hr\\\/?s={search_term_string}\"},\"query-input\":{\"@type\":\"PropertyValueSpecification\",\"valueRequired\":true,\"valueName\":\"search_term_string\"}}],\"inLanguage\":\"hr\"},{\"@type\":\"Organization\",\"@id\":\"https:\\\/\\\/romlay.hr\\\/#organization\",\"name\":\"Romlay\",\"url\":\"https:\\\/\\\/romlay.hr\\\/\",\"logo\":{\"@type\":\"ImageObject\",\"inLanguage\":\"hr\",\"@id\":\"https:\\\/\\\/romlay.hr\\\/#\\\/schema\\\/logo\\\/image\\\/\",\"url\":\"https:\\\/\\\/romlay.hr\\\/wp-content\\\/uploads\\\/2023\\\/04\\\/cropped-Romlay-1.png\",\"contentUrl\":\"https:\\\/\\\/romlay.hr\\\/wp-content\\\/uploads\\\/2023\\\/04\\\/cropped-Romlay-1.png\",\"width\":978,\"height\":1645,\"caption\":\"Romlay\"},\"image\":{\"@id\":\"https:\\\/\\\/romlay.hr\\\/#\\\/schema\\\/logo\\\/image\\\/\"}}]}<\/script>\n<!-- \/ Yoast SEO plugin. -->","yoast_head_json":{"title":"HYPONIC FOMINA (Creamy Foaming Dispenser) 700ml - Romlay","robots":{"index":"index","follow":"follow","max-snippet":"max-snippet:-1","max-image-preview":"max-image-preview:large","max-video-preview":"max-video-preview:-1"},"canonical":"https:\/\/romlay.hr\/hr\/proizvod\/hyponic-cream-for-pets-75ml\/","og_locale":"hr_HR","og_type":"article","og_title":"HYPONIC FOMINA (Creamy Foaming Dispenser) 700ml - Romlay","og_description":"Enjoy bath time with HYPONIC FOMINA for ease of diluting shampoo into foam! \u25cf FOMINA creates creamy foam from your favorite HYPONIC shampoo and makes it perfectly ready for washing your pet. \u25cf Reduce bath time, save shampoo + water, enjoy healthier cleansing, minimize irritation \u25cf HOW TO USE? Pour water and shampoo to desired ratio. Thoroughly soak pets body with water, pump a few times and then massage foam into your pet. Rinse thoroughly so no residue is left behind. \u25cf Perfect for groomers and salons for having your favorite products ready to use \u25cf For pet owners who enjoy washing their pet paws after each walk, having their favorite shampoo perfectly mixed with water each time, prevents spilling the shampoo","og_url":"https:\/\/romlay.hr\/hr\/proizvod\/hyponic-cream-for-pets-75ml\/","og_site_name":"Romlay","article_modified_time":"2025-11-26T14:34:42+00:00","og_image":[{"width":500,"height":500,"url":"https:\/\/romlay.hr\/wp-content\/uploads\/2024\/04\/A2e20210629111145.png","type":"image\/png"}],"twitter_card":"summary_large_image","twitter_misc":{"Procijenjeno vrijeme \u010ditanja":"1 minuta"},"schema":{"@context":"https:\/\/schema.org","@graph":[{"@type":"WebPage","@id":"https:\/\/romlay.hr\/proizvod\/hyponic-cream-for-pets-75ml\/","url":"https:\/\/romlay.hr\/proizvod\/hyponic-cream-for-pets-75ml\/","name":"HYPONIC FOMINA (Creamy Foaming Dispenser) 700ml - Romlay","isPartOf":{"@id":"https:\/\/romlay.hr\/#website"},"primaryImageOfPage":{"@id":"https:\/\/romlay.hr\/proizvod\/hyponic-cream-for-pets-75ml\/#primaryimage"},"image":{"@id":"https:\/\/romlay.hr\/proizvod\/hyponic-cream-for-pets-75ml\/#primaryimage"},"thumbnailUrl":"https:\/\/romlay.hr\/wp-content\/uploads\/2024\/04\/A2e20210629111145.png","datePublished":"2024-04-10T10:00:13+00:00","dateModified":"2025-11-26T14:34:42+00:00","breadcrumb":{"@id":"https:\/\/romlay.hr\/proizvod\/hyponic-cream-for-pets-75ml\/#breadcrumb"},"inLanguage":"hr","potentialAction":[{"@type":"ReadAction","target":["https:\/\/romlay.hr\/proizvod\/hyponic-cream-for-pets-75ml\/"]}]},{"@type":"ImageObject","inLanguage":"hr","@id":"https:\/\/romlay.hr\/proizvod\/hyponic-cream-for-pets-75ml\/#primaryimage","url":"https:\/\/romlay.hr\/wp-content\/uploads\/2024\/04\/A2e20210629111145.png","contentUrl":"https:\/\/romlay.hr\/wp-content\/uploads\/2024\/04\/A2e20210629111145.png","width":500,"height":500},{"@type":"BreadcrumbList","@id":"https:\/\/romlay.hr\/proizvod\/hyponic-cream-for-pets-75ml\/#breadcrumb","itemListElement":[{"@type":"ListItem","position":1,"name":"Po\u010detna stranica","item":"https:\/\/romlay.hr\/"},{"@type":"ListItem","position":2,"name":"Proizvodi","item":"https:\/\/romlay.hr\/shop\/"},{"@type":"ListItem","position":3,"name":"HYPONIC FOMINA (Creamy Foaming Dispenser) 700ml"}]},{"@type":"WebSite","@id":"https:\/\/romlay.hr\/#website","url":"https:\/\/romlay.hr\/","name":"Romlay","description":"Toy dog specialist","publisher":{"@id":"https:\/\/romlay.hr\/#organization"},"potentialAction":[{"@type":"SearchAction","target":{"@type":"EntryPoint","urlTemplate":"https:\/\/romlay.hr\/?s={search_term_string}"},"query-input":{"@type":"PropertyValueSpecification","valueRequired":true,"valueName":"search_term_string"}}],"inLanguage":"hr"},{"@type":"Organization","@id":"https:\/\/romlay.hr\/#organization","name":"Romlay","url":"https:\/\/romlay.hr\/","logo":{"@type":"ImageObject","inLanguage":"hr","@id":"https:\/\/romlay.hr\/#\/schema\/logo\/image\/","url":"https:\/\/romlay.hr\/wp-content\/uploads\/2023\/04\/cropped-Romlay-1.png","contentUrl":"https:\/\/romlay.hr\/wp-content\/uploads\/2023\/04\/cropped-Romlay-1.png","width":978,"height":1645,"caption":"Romlay"},"image":{"@id":"https:\/\/romlay.hr\/#\/schema\/logo\/image\/"}}]}},"_links":{"self":[{"href":"https:\/\/romlay.hr\/hr\/wp-json\/wp\/v2\/product\/861","targetHints":{"allow":["GET"]}}],"collection":[{"href":"https:\/\/romlay.hr\/hr\/wp-json\/wp\/v2\/product"}],"about":[{"href":"https:\/\/romlay.hr\/hr\/wp-json\/wp\/v2\/types\/product"}],"wp:featuredmedia":[{"embeddable":true,"href":"https:\/\/romlay.hr\/hr\/wp-json\/wp\/v2\/media\/867"}],"wp:attachment":[{"href":"https:\/\/romlay.hr\/hr\/wp-json\/wp\/v2\/media?parent=861"}],"wp:term":[{"taxonomy":"product_brand","embeddable":true,"href":"https:\/\/romlay.hr\/hr\/wp-json\/wp\/v2\/product_brand?post=861"},{"taxonomy":"product_cat","embeddable":true,"href":"https:\/\/romlay.hr\/hr\/wp-json\/wp\/v2\/product_cat?post=861"},{"taxonomy":"product_tag","embeddable":true,"href":"https:\/\/romlay.hr\/hr\/wp-json\/wp\/v2\/product_tag?post=861"}],"curies":[{"name":"wp","href":"https:\/\/api.w.org\/{rel}","templated":true}]}}