{"id":859,"date":"2024-04-10T09:55:49","date_gmt":"2024-04-10T09:55:49","guid":{"rendered":"https:\/\/romlay.hr\/?post_type=product&#038;p=859"},"modified":"2025-02-14T15:13:46","modified_gmt":"2025-02-14T15:13:46","slug":"hyponic-mini-set","status":"publish","type":"product","link":"https:\/\/romlay.hr\/hr\/proizvod\/hyponic-mini-set\/","title":{"rendered":"HYPONIC MINI SET"},"content":{"rendered":"<p>HYPONIC Mini Set savr\u0161en je kao vikend komplet, za kori\u0161tenje izme\u0111u odlazaka na grooming ili jednostavno zato \u0161to obo\u017eavate mini pakiranja. (P.S. stane u ru\u010dnu prtljagu!)<\/p>\n<p>Sadr\u017eaj paketa:<\/p>\n<p><b>1. HYPONIC No Sting Hinoki Cypress Ear Cleaner (30ml)<\/b><\/p>\n<p>Prvi \u010dista\u010d za u\u0161i na svijetu bez surfaktanata.\n\nDizajniran za rutinsko \u010di\u0161\u0107enje osjetljivih u\u0161iju ku\u0107nih ljubimaca, posebno \u0161tenaca.\n\nSadr\u017ei 48% Hinoki Cypress (patentiran) poznat po antibakterijskim i protuupalnim svojstvima.\n\nBez surfaktanata, propilen glikola, alkohola (etanola) i mirisa.<\/p>\n<p><b>HYPONIC Hinoki Cypress Detangling Mist (55ml)<\/b><\/p>\n<p>Nagra\u0111ivana, sigurna i prirodna maglica za hidrataciju i njegu suhe i krhke dlake i ko\u017ee ku\u0107nih ljubimaca.\n\nSprje\u010dava zapetljavanje dlake i stati\u010dki elektricitet.\n\nSadr\u017ei 23% ekstrakta hinoki \u010dempresa, ekstrakt crvenog ginsenga i mati\u010dnu mlije\u010d za obnavljanje ko\u017ee i ja\u010danje imunolo\u0161kog sustava.\n\nMo\u017ee se koristiti nakon kupanja, \u0161etnje ili \u010detkanja.<\/p>\n<p><span class=\"Apple-converted-space\">\u00a0<\/span>.<\/p>\n<p><b>HYPONIC Gentle Exfoliating Scrub Powder (2g x 3)<\/b><\/p>\n<p>Posebno formuliran za ku\u0107ne ljubimce s ko\u017enim problemima, prikladan za pasmine s kratkom dlakom.\n\nU\u010dinkovito uklanja prhut, ljuskavu ko\u017eu i \u010disti masne dijelove poput u\u0161iju, stra\u017enjice i \u0161apa.\n\nSadr\u017ei ne-GMO kukuruzni \u0161krob i enzim iz ploda papaje za reguliranje sebuma i ljuskave ko\u017ee.<span class=\"Apple-converted-space\">\u00a0<\/span><\/p>\n<p>HYPONIC Hypoallergenic Shampoo<b>(Volumizing) (10ml x 5)<\/b><\/p>\n<p>Specijaliziran za pove\u0107anje volumena dlake kod pasa poput Pudli i Bi\u0161ona.\n\nIzra\u0111en od 100% prirodnih sredstava za \u010di\u0161\u0107enje, s uljima suncokretovih i jojoba sjemenki, maslinovim uljem, uljem makadamije i ekstraktom listova \u010daja.\n\nNe zahtijeva regenerator.\nHYPONIC Mini Set je prakti\u010dan i kvalitetan izbor za putovanja ili svakodnevnu njegu va\u0161eg ljubimca, osiguravaju\u0107i sigurnost, u\u010dinkovitost i prirodnu njegu.<\/p>","protected":false},"excerpt":{"rendered":"<p>HYPONIC Mini Set is perfect as a weekend set, for you to use in between the grooms or just because you simply adore mini packages (PS it fits in carry on luggage). This sample pack contains the following: HYPONIC No Sting Hinoki Cypress Ear Cleaner (for all dogs) 30ml \u2013 the world\u2019s first ear cleaner without surfactants HYPONIC No Sting Hinoki Cypress Ear Cleaner is designed for routine cleaning of sensitive ears in pets, with a focus on using natural ingredients.This product was formulated with 48% Hinoki Cypress (patened), known for its antibacterial and anti-inflammatory agents.This product is also Surfactant-free, Propylene Glycol-free, Alcohol (Ethanol)-free, and fragrance-free, so it is prefectly safe to use on puppies. HYPONIC Hinoki Cypress Detangling Mist (for all pets) 55ml HYPONIC\u2019s award winning, safe + natural mist provides deep and healthy hydration and nutrients to the pet\u2019s dry fragile coat and skin. This product also prevents hair from tangling and static. Effective in calming and nourishing the skin of dogs while moisturizing, fortifying and nutrient rich. This product is based on Cypress Tree Extract (23%), Red Ginseng Extract, and Royal Jelly. These ingredients are proven to replenish nutrition to the skin and strengthen its immunity. This product is also an excellent pet dedorizer. \u00a0For use after bathing, walking, and brushing. HYPONIC Gentle Exfoliating Scrub Powder (for all pets)2g X 3 HYPONIC Gentel Exfoliating Scrub Powder is Specialized for dogs and cats with skin issues and it is suitable for short coat breeds. It is particularly effective for removing dandruff, flaky skin, and cleaning oily parts such as the ears, buttocks, and paws. This product is made using non-GMO cornstarch instead of purified water, creating an abundant, creamy lather. The key ingredient is a protease extracted from papaya fruit (Papain Enzyme) that helps managing sebum, dandruff, and flaky skin.\u00a0 HHYPONIC Hypoallergenic Shampoo (for dogs_volumizing) 10ml X 5-NO CONDITIONER REQUIRED HYPONIC Hypoallergenic Shampoo (for dogs_volumizing) is specialized for creating enhanced volume for dogs such as the Poodle and Bichon Frise. This gentle shampoo is made of 100% natural cleansing agents, free of hazardous chemical substances and is formulated with Citric Acid, Sunflower Seed Oil, Jojoba Oil, Olive Flower Oil, Macadamia Integrifolia Seed oil and Camilia Sinensis Leaf Extract. These botanical ingredients were sensibly chosen to provide healthy skin, exceptional volume, rich and creamy bubbles along with soft feeling of washing. This product does not require any conditioners.<\/p>","protected":false},"featured_media":860,"template":"","meta":{"_monsterinsights_skip_tracking":false,"_monsterinsights_sitenote_active":false,"_monsterinsights_sitenote_note":"","_monsterinsights_sitenote_category":0,"site-sidebar-layout":"default","site-content-layout":"default","ast-site-content-layout":"default","site-content-style":"default","site-sidebar-style":"default","ast-global-header-display":"","ast-banner-title-visibility":"","ast-main-header-display":"","ast-hfb-above-header-display":"","ast-hfb-below-header-display":"","ast-hfb-mobile-header-display":"","site-post-title":"","ast-breadcrumbs-content":"","ast-featured-img":"","footer-sml-layout":"","ast-disable-related-posts":"","theme-transparent-header-meta":"default","adv-header-id-meta":"","stick-header-meta":"","header-above-stick-meta":"","header-main-stick-meta":"","header-below-stick-meta":"","astra-migrate-meta-layouts":"set","ast-page-background-enabled":"default","ast-page-background-meta":{"desktop":{"background-color":"var(--ast-global-color-4)","background-image":"","background-repeat":"repeat","background-position":"center center","background-size":"auto","background-attachment":"scroll","background-type":"","background-media":"","overlay-type":"","overlay-color":"","overlay-opacity":"","overlay-gradient":""},"tablet":{"background-color":"","background-image":"","background-repeat":"repeat","background-position":"center center","background-size":"auto","background-attachment":"scroll","background-type":"","background-media":"","overlay-type":"","overlay-color":"","overlay-opacity":"","overlay-gradient":""},"mobile":{"background-color":"","background-image":"","background-repeat":"repeat","background-position":"center center","background-size":"auto","background-attachment":"scroll","background-type":"","background-media":"","overlay-type":"","overlay-color":"","overlay-opacity":"","overlay-gradient":""}},"ast-content-background-meta":{"desktop":{"background-color":"var(--ast-global-color-5)","background-image":"","background-repeat":"repeat","background-position":"center center","background-size":"auto","background-attachment":"scroll","background-type":"","background-media":"","overlay-type":"","overlay-color":"","overlay-opacity":"","overlay-gradient":""},"tablet":{"background-color":"var(--ast-global-color-5)","background-image":"","background-repeat":"repeat","background-position":"center center","background-size":"auto","background-attachment":"scroll","background-type":"","background-media":"","overlay-type":"","overlay-color":"","overlay-opacity":"","overlay-gradient":""},"mobile":{"background-color":"var(--ast-global-color-5)","background-image":"","background-repeat":"repeat","background-position":"center center","background-size":"auto","background-attachment":"scroll","background-type":"","background-media":"","overlay-type":"","overlay-color":"","overlay-opacity":"","overlay-gradient":""}}},"product_brand":[],"product_cat":[24,51],"product_tag":[],"class_list":{"0":"post-859","1":"product","2":"type-product","3":"status-publish","4":"has-post-thumbnail","6":"product_cat-coat-care","7":"product_cat-hyponic","8":"desktop-align-left","9":"tablet-align-left","10":"mobile-align-left","12":"first","13":"instock","14":"shipping-taxable","15":"purchasable","16":"product-type-simple"},"yoast_head":"<!-- This site is optimized with the Yoast SEO plugin v27.4 - https:\/\/yoast.com\/product\/yoast-seo-wordpress\/ -->\n<title>HYPONIC MINI SET - Romlay<\/title>\n<meta name=\"robots\" content=\"index, follow, max-snippet:-1, max-image-preview:large, max-video-preview:-1\" \/>\n<link rel=\"canonical\" href=\"https:\/\/romlay.hr\/hr\/proizvod\/hyponic-mini-set\/\" \/>\n<meta property=\"og:locale\" content=\"hr_HR\" \/>\n<meta property=\"og:type\" content=\"article\" \/>\n<meta property=\"og:title\" content=\"HYPONIC MINI SET - Romlay\" \/>\n<meta property=\"og:description\" content=\"HYPONIC Mini Set is perfect as a weekend set, for you to use in between the grooms or just because you simply adore mini packages (PS it fits in carry on luggage). This sample pack contains the following: HYPONIC No Sting Hinoki Cypress Ear Cleaner (for all dogs) 30ml \u2013 the world\u2019s first ear cleaner without surfactants HYPONIC No Sting Hinoki Cypress Ear Cleaner is designed for routine cleaning of sensitive ears in pets, with a focus on using natural ingredients.This product was formulated with 48% Hinoki Cypress (patened), known for its antibacterial and anti-inflammatory agents.This product is also Surfactant-free, Propylene Glycol-free, Alcohol (Ethanol)-free, and fragrance-free, so it is prefectly safe to use on puppies. HYPONIC Hinoki Cypress Detangling Mist (for all pets) 55ml HYPONIC\u2019s award winning, safe + natural mist provides deep and healthy hydration and nutrients to the pet\u2019s dry fragile coat and skin. This product also prevents hair from tangling and static. Effective in calming and nourishing the skin of dogs while moisturizing, fortifying and nutrient rich. This product is based on Cypress Tree Extract (23%), Red Ginseng Extract, and Royal Jelly. These ingredients are proven to replenish nutrition to the skin and strengthen its immunity. This product is also an excellent pet dedorizer. \u00a0For use after bathing, walking, and brushing. HYPONIC Gentle Exfoliating Scrub Powder (for all pets)2g X 3 HYPONIC Gentel Exfoliating Scrub Powder is Specialized for dogs and cats with skin issues and it is suitable for short coat breeds. It is particularly effective for removing dandruff, flaky skin, and cleaning oily parts such as the ears, buttocks, and paws. This product is made using non-GMO cornstarch instead of purified water, creating an abundant, creamy lather. The key ingredient is a protease extracted from papaya fruit (Papain Enzyme) that helps managing sebum, dandruff, and flaky skin.\u00a0 HHYPONIC Hypoallergenic Shampoo (for dogs_volumizing) 10ml X 5-NO CONDITIONER REQUIRED HYPONIC Hypoallergenic Shampoo (for dogs_volumizing) is specialized for creating enhanced volume for dogs such as the Poodle and Bichon Frise. This gentle shampoo is made of 100% natural cleansing agents, free of hazardous chemical substances and is formulated with Citric Acid, Sunflower Seed Oil, Jojoba Oil, Olive Flower Oil, Macadamia Integrifolia Seed oil and Camilia Sinensis Leaf Extract. These botanical ingredients were sensibly chosen to provide healthy skin, exceptional volume, rich and creamy bubbles along with soft feeling of washing. This product does not require any conditioners.\" \/>\n<meta property=\"og:url\" content=\"https:\/\/romlay.hr\/hr\/proizvod\/hyponic-mini-set\/\" \/>\n<meta property=\"og:site_name\" content=\"Romlay\" \/>\n<meta property=\"article:modified_time\" content=\"2025-02-14T15:13:46+00:00\" \/>\n<meta property=\"og:image\" content=\"https:\/\/romlay.hr\/wp-content\/uploads\/2024\/04\/Dizajn-bez-naslova-3-1.png\" \/>\n\t<meta property=\"og:image:width\" content=\"800\" \/>\n\t<meta property=\"og:image:height\" content=\"800\" \/>\n\t<meta property=\"og:image:type\" content=\"image\/png\" \/>\n<meta name=\"twitter:card\" content=\"summary_large_image\" \/>\n<meta name=\"twitter:label1\" content=\"Procijenjeno vrijeme \u010ditanja\" \/>\n\t<meta name=\"twitter:data1\" content=\"2 minute\" \/>\n<script type=\"application\/ld+json\" class=\"yoast-schema-graph\">{\"@context\":\"https:\\\/\\\/schema.org\",\"@graph\":[{\"@type\":\"WebPage\",\"@id\":\"https:\\\/\\\/romlay.hr\\\/proizvod\\\/hyponic-mini-set\\\/\",\"url\":\"https:\\\/\\\/romlay.hr\\\/proizvod\\\/hyponic-mini-set\\\/\",\"name\":\"HYPONIC MINI SET - Romlay\",\"isPartOf\":{\"@id\":\"https:\\\/\\\/romlay.hr\\\/#website\"},\"primaryImageOfPage\":{\"@id\":\"https:\\\/\\\/romlay.hr\\\/proizvod\\\/hyponic-mini-set\\\/#primaryimage\"},\"image\":{\"@id\":\"https:\\\/\\\/romlay.hr\\\/proizvod\\\/hyponic-mini-set\\\/#primaryimage\"},\"thumbnailUrl\":\"https:\\\/\\\/romlay.hr\\\/wp-content\\\/uploads\\\/2024\\\/04\\\/Dizajn-bez-naslova-3-1.png\",\"datePublished\":\"2024-04-10T09:55:49+00:00\",\"dateModified\":\"2025-02-14T15:13:46+00:00\",\"breadcrumb\":{\"@id\":\"https:\\\/\\\/romlay.hr\\\/proizvod\\\/hyponic-mini-set\\\/#breadcrumb\"},\"inLanguage\":\"hr\",\"potentialAction\":[{\"@type\":\"ReadAction\",\"target\":[\"https:\\\/\\\/romlay.hr\\\/proizvod\\\/hyponic-mini-set\\\/\"]}]},{\"@type\":\"ImageObject\",\"inLanguage\":\"hr\",\"@id\":\"https:\\\/\\\/romlay.hr\\\/proizvod\\\/hyponic-mini-set\\\/#primaryimage\",\"url\":\"https:\\\/\\\/romlay.hr\\\/wp-content\\\/uploads\\\/2024\\\/04\\\/Dizajn-bez-naslova-3-1.png\",\"contentUrl\":\"https:\\\/\\\/romlay.hr\\\/wp-content\\\/uploads\\\/2024\\\/04\\\/Dizajn-bez-naslova-3-1.png\",\"width\":800,\"height\":800},{\"@type\":\"BreadcrumbList\",\"@id\":\"https:\\\/\\\/romlay.hr\\\/proizvod\\\/hyponic-mini-set\\\/#breadcrumb\",\"itemListElement\":[{\"@type\":\"ListItem\",\"position\":1,\"name\":\"Po\u010detna stranica\",\"item\":\"https:\\\/\\\/romlay.hr\\\/\"},{\"@type\":\"ListItem\",\"position\":2,\"name\":\"Proizvodi\",\"item\":\"https:\\\/\\\/romlay.hr\\\/shop\\\/\"},{\"@type\":\"ListItem\",\"position\":3,\"name\":\"HYPONIC MINI SET\"}]},{\"@type\":\"WebSite\",\"@id\":\"https:\\\/\\\/romlay.hr\\\/#website\",\"url\":\"https:\\\/\\\/romlay.hr\\\/\",\"name\":\"Romlay\",\"description\":\"Toy dog specialist\",\"publisher\":{\"@id\":\"https:\\\/\\\/romlay.hr\\\/#organization\"},\"potentialAction\":[{\"@type\":\"SearchAction\",\"target\":{\"@type\":\"EntryPoint\",\"urlTemplate\":\"https:\\\/\\\/romlay.hr\\\/?s={search_term_string}\"},\"query-input\":{\"@type\":\"PropertyValueSpecification\",\"valueRequired\":true,\"valueName\":\"search_term_string\"}}],\"inLanguage\":\"hr\"},{\"@type\":\"Organization\",\"@id\":\"https:\\\/\\\/romlay.hr\\\/#organization\",\"name\":\"Romlay\",\"url\":\"https:\\\/\\\/romlay.hr\\\/\",\"logo\":{\"@type\":\"ImageObject\",\"inLanguage\":\"hr\",\"@id\":\"https:\\\/\\\/romlay.hr\\\/#\\\/schema\\\/logo\\\/image\\\/\",\"url\":\"https:\\\/\\\/romlay.hr\\\/wp-content\\\/uploads\\\/2023\\\/04\\\/cropped-Romlay-1.png\",\"contentUrl\":\"https:\\\/\\\/romlay.hr\\\/wp-content\\\/uploads\\\/2023\\\/04\\\/cropped-Romlay-1.png\",\"width\":978,\"height\":1645,\"caption\":\"Romlay\"},\"image\":{\"@id\":\"https:\\\/\\\/romlay.hr\\\/#\\\/schema\\\/logo\\\/image\\\/\"}}]}<\/script>\n<!-- \/ Yoast SEO plugin. -->","yoast_head_json":{"title":"HYPONIC MINI SET - Romlay","robots":{"index":"index","follow":"follow","max-snippet":"max-snippet:-1","max-image-preview":"max-image-preview:large","max-video-preview":"max-video-preview:-1"},"canonical":"https:\/\/romlay.hr\/hr\/proizvod\/hyponic-mini-set\/","og_locale":"hr_HR","og_type":"article","og_title":"HYPONIC MINI SET - Romlay","og_description":"HYPONIC Mini Set is perfect as a weekend set, for you to use in between the grooms or just because you simply adore mini packages (PS it fits in carry on luggage). This sample pack contains the following: HYPONIC No Sting Hinoki Cypress Ear Cleaner (for all dogs) 30ml \u2013 the world\u2019s first ear cleaner without surfactants HYPONIC No Sting Hinoki Cypress Ear Cleaner is designed for routine cleaning of sensitive ears in pets, with a focus on using natural ingredients.This product was formulated with 48% Hinoki Cypress (patened), known for its antibacterial and anti-inflammatory agents.This product is also Surfactant-free, Propylene Glycol-free, Alcohol (Ethanol)-free, and fragrance-free, so it is prefectly safe to use on puppies. HYPONIC Hinoki Cypress Detangling Mist (for all pets) 55ml HYPONIC\u2019s award winning, safe + natural mist provides deep and healthy hydration and nutrients to the pet\u2019s dry fragile coat and skin. This product also prevents hair from tangling and static. Effective in calming and nourishing the skin of dogs while moisturizing, fortifying and nutrient rich. This product is based on Cypress Tree Extract (23%), Red Ginseng Extract, and Royal Jelly. These ingredients are proven to replenish nutrition to the skin and strengthen its immunity. This product is also an excellent pet dedorizer. \u00a0For use after bathing, walking, and brushing. HYPONIC Gentle Exfoliating Scrub Powder (for all pets)2g X 3 HYPONIC Gentel Exfoliating Scrub Powder is Specialized for dogs and cats with skin issues and it is suitable for short coat breeds. It is particularly effective for removing dandruff, flaky skin, and cleaning oily parts such as the ears, buttocks, and paws. This product is made using non-GMO cornstarch instead of purified water, creating an abundant, creamy lather. The key ingredient is a protease extracted from papaya fruit (Papain Enzyme) that helps managing sebum, dandruff, and flaky skin.\u00a0 HHYPONIC Hypoallergenic Shampoo (for dogs_volumizing) 10ml X 5-NO CONDITIONER REQUIRED HYPONIC Hypoallergenic Shampoo (for dogs_volumizing) is specialized for creating enhanced volume for dogs such as the Poodle and Bichon Frise. This gentle shampoo is made of 100% natural cleansing agents, free of hazardous chemical substances and is formulated with Citric Acid, Sunflower Seed Oil, Jojoba Oil, Olive Flower Oil, Macadamia Integrifolia Seed oil and Camilia Sinensis Leaf Extract. These botanical ingredients were sensibly chosen to provide healthy skin, exceptional volume, rich and creamy bubbles along with soft feeling of washing. This product does not require any conditioners.","og_url":"https:\/\/romlay.hr\/hr\/proizvod\/hyponic-mini-set\/","og_site_name":"Romlay","article_modified_time":"2025-02-14T15:13:46+00:00","og_image":[{"width":800,"height":800,"url":"https:\/\/romlay.hr\/wp-content\/uploads\/2024\/04\/Dizajn-bez-naslova-3-1.png","type":"image\/png"}],"twitter_card":"summary_large_image","twitter_misc":{"Procijenjeno vrijeme \u010ditanja":"2 minute"},"schema":{"@context":"https:\/\/schema.org","@graph":[{"@type":"WebPage","@id":"https:\/\/romlay.hr\/proizvod\/hyponic-mini-set\/","url":"https:\/\/romlay.hr\/proizvod\/hyponic-mini-set\/","name":"HYPONIC MINI SET - Romlay","isPartOf":{"@id":"https:\/\/romlay.hr\/#website"},"primaryImageOfPage":{"@id":"https:\/\/romlay.hr\/proizvod\/hyponic-mini-set\/#primaryimage"},"image":{"@id":"https:\/\/romlay.hr\/proizvod\/hyponic-mini-set\/#primaryimage"},"thumbnailUrl":"https:\/\/romlay.hr\/wp-content\/uploads\/2024\/04\/Dizajn-bez-naslova-3-1.png","datePublished":"2024-04-10T09:55:49+00:00","dateModified":"2025-02-14T15:13:46+00:00","breadcrumb":{"@id":"https:\/\/romlay.hr\/proizvod\/hyponic-mini-set\/#breadcrumb"},"inLanguage":"hr","potentialAction":[{"@type":"ReadAction","target":["https:\/\/romlay.hr\/proizvod\/hyponic-mini-set\/"]}]},{"@type":"ImageObject","inLanguage":"hr","@id":"https:\/\/romlay.hr\/proizvod\/hyponic-mini-set\/#primaryimage","url":"https:\/\/romlay.hr\/wp-content\/uploads\/2024\/04\/Dizajn-bez-naslova-3-1.png","contentUrl":"https:\/\/romlay.hr\/wp-content\/uploads\/2024\/04\/Dizajn-bez-naslova-3-1.png","width":800,"height":800},{"@type":"BreadcrumbList","@id":"https:\/\/romlay.hr\/proizvod\/hyponic-mini-set\/#breadcrumb","itemListElement":[{"@type":"ListItem","position":1,"name":"Po\u010detna stranica","item":"https:\/\/romlay.hr\/"},{"@type":"ListItem","position":2,"name":"Proizvodi","item":"https:\/\/romlay.hr\/shop\/"},{"@type":"ListItem","position":3,"name":"HYPONIC MINI SET"}]},{"@type":"WebSite","@id":"https:\/\/romlay.hr\/#website","url":"https:\/\/romlay.hr\/","name":"Romlay","description":"Toy dog specialist","publisher":{"@id":"https:\/\/romlay.hr\/#organization"},"potentialAction":[{"@type":"SearchAction","target":{"@type":"EntryPoint","urlTemplate":"https:\/\/romlay.hr\/?s={search_term_string}"},"query-input":{"@type":"PropertyValueSpecification","valueRequired":true,"valueName":"search_term_string"}}],"inLanguage":"hr"},{"@type":"Organization","@id":"https:\/\/romlay.hr\/#organization","name":"Romlay","url":"https:\/\/romlay.hr\/","logo":{"@type":"ImageObject","inLanguage":"hr","@id":"https:\/\/romlay.hr\/#\/schema\/logo\/image\/","url":"https:\/\/romlay.hr\/wp-content\/uploads\/2023\/04\/cropped-Romlay-1.png","contentUrl":"https:\/\/romlay.hr\/wp-content\/uploads\/2023\/04\/cropped-Romlay-1.png","width":978,"height":1645,"caption":"Romlay"},"image":{"@id":"https:\/\/romlay.hr\/#\/schema\/logo\/image\/"}}]}},"_links":{"self":[{"href":"https:\/\/romlay.hr\/hr\/wp-json\/wp\/v2\/product\/859","targetHints":{"allow":["GET"]}}],"collection":[{"href":"https:\/\/romlay.hr\/hr\/wp-json\/wp\/v2\/product"}],"about":[{"href":"https:\/\/romlay.hr\/hr\/wp-json\/wp\/v2\/types\/product"}],"wp:featuredmedia":[{"embeddable":true,"href":"https:\/\/romlay.hr\/hr\/wp-json\/wp\/v2\/media\/860"}],"wp:attachment":[{"href":"https:\/\/romlay.hr\/hr\/wp-json\/wp\/v2\/media?parent=859"}],"wp:term":[{"taxonomy":"product_brand","embeddable":true,"href":"https:\/\/romlay.hr\/hr\/wp-json\/wp\/v2\/product_brand?post=859"},{"taxonomy":"product_cat","embeddable":true,"href":"https:\/\/romlay.hr\/hr\/wp-json\/wp\/v2\/product_cat?post=859"},{"taxonomy":"product_tag","embeddable":true,"href":"https:\/\/romlay.hr\/hr\/wp-json\/wp\/v2\/product_tag?post=859"}],"curies":[{"name":"wp","href":"https:\/\/api.w.org\/{rel}","templated":true}]}}