{"id":857,"date":"2024-04-10T09:49:43","date_gmt":"2024-04-10T09:49:43","guid":{"rendered":"https:\/\/romlay.hr\/?post_type=product&#038;p=857"},"modified":"2024-06-20T15:25:35","modified_gmt":"2024-06-20T15:25:35","slug":"hyponic-spray-bottle-300ml","status":"publish","type":"product","link":"https:\/\/romlay.hr\/hr\/proizvod\/hyponic-spray-bottle-300ml\/","title":{"rendered":"HYPONIC Sprej Boca 300ml"},"content":{"rendered":"<p>\u25cf<span class=\"Apple-converted-space\">\u00a0 <\/span>HYPONIC Sprej Boca idealan je alat za ravnomjerno i precizno nano\u0161enje teku\u0107ih proizvoda na dlaku va\u0161eg ljubimca. Dizajnirana je za maksimalnu prakti\u010dnost i u\u010dinkovitost, \u010dine\u0107i njegu ku\u0107nih ljubimaca jednostavnijom i ugodnijom.<\/p>\n<p>\u25cf<span class=\"Apple-converted-space\">\u00a0 <\/span>Klju\u010dne zna\u010dajke:<\/p>\n<p>\u25cf<span class=\"Apple-converted-space\">\u00a0 <\/span>Ultra-fina maglica: Raspodjeljuje teku\u0107inu ravnomjerno u obliku fine maglice, osiguravaju\u0107i to\u010dnu koli\u010dinu proizvoda na potrebnim dijelovima, bez nepotrebnog natapanja dlake.\n\n\nKontinuirani sprej: Proizvodi trajni mlaz maglice koji pokriva velike povr\u0161ine brzo i jednostavno.<\/p>\n<p>\u25cf<span class=\"Apple-converted-space\">\u00a0 <\/span>Ergonomski dizajn: Smanjuje zamor ruku u usporedbi s klasi\u010dnim okida\u010dima i raspr\u0161iva\u010dima na prst.\n\n360\u00b0 prskanje: Omogu\u0107uje prskanje \u010dak i kada je boca okrenuta naopako, bez curenja ili gubitka tlaka, \u010dime se osigurava dostupnost svih dijelova.<\/p>\n<p>\u25cf<span class=\"Apple-converted-space\">\u00a0 <\/span>Preporu\u010dena upotreba: Napunite ju s HYPONIC Hinoki Cypress Detangling Mist za raspetljavanje dlake ili **HYP<\/p>","protected":false},"excerpt":{"rendered":"<p>\u25cf\u00a0 Ultra-fine mist spray bottle distributes liquid evenly in a fine mist pattern \u2013 it provides the right amount of product just where you need it, not soaking up the coat. \u25cf\u00a0 Continuous Spray \u2013 produces a stream of sustained mist that lasts a few seconds, allowing large areas to be covered quickly and easily. \u25cf\u00a0 Ergonomic design reduces hand fatigue compared to traditional trigger and fingertip sprayers. \u25cf\u00a0 360 Degree Spraying Option \u2013 you can even spray with the bottle upside down without leakage or loss of prime and all areas can be reached. \u25cf\u00a0 Fill it with HYPONIC Hinoki Cypress Detangling Mist and HYPONIC Chitosan Deodorize<\/p>","protected":false},"featured_media":1242,"template":"","meta":{"_monsterinsights_skip_tracking":false,"_monsterinsights_sitenote_active":false,"_monsterinsights_sitenote_note":"","_monsterinsights_sitenote_category":0,"site-sidebar-layout":"default","site-content-layout":"default","ast-site-content-layout":"default","site-content-style":"default","site-sidebar-style":"default","ast-global-header-display":"","ast-banner-title-visibility":"","ast-main-header-display":"","ast-hfb-above-header-display":"","ast-hfb-below-header-display":"","ast-hfb-mobile-header-display":"","site-post-title":"","ast-breadcrumbs-content":"","ast-featured-img":"","footer-sml-layout":"","ast-disable-related-posts":"","theme-transparent-header-meta":"default","adv-header-id-meta":"","stick-header-meta":"","header-above-stick-meta":"","header-main-stick-meta":"","header-below-stick-meta":"","astra-migrate-meta-layouts":"set","ast-page-background-enabled":"default","ast-page-background-meta":{"desktop":{"background-color":"var(--ast-global-color-4)","background-image":"","background-repeat":"repeat","background-position":"center center","background-size":"auto","background-attachment":"scroll","background-type":"","background-media":"","overlay-type":"","overlay-color":"","overlay-opacity":"","overlay-gradient":""},"tablet":{"background-color":"","background-image":"","background-repeat":"repeat","background-position":"center center","background-size":"auto","background-attachment":"scroll","background-type":"","background-media":"","overlay-type":"","overlay-color":"","overlay-opacity":"","overlay-gradient":""},"mobile":{"background-color":"","background-image":"","background-repeat":"repeat","background-position":"center center","background-size":"auto","background-attachment":"scroll","background-type":"","background-media":"","overlay-type":"","overlay-color":"","overlay-opacity":"","overlay-gradient":""}},"ast-content-background-meta":{"desktop":{"background-color":"var(--ast-global-color-5)","background-image":"","background-repeat":"repeat","background-position":"center center","background-size":"auto","background-attachment":"scroll","background-type":"","background-media":"","overlay-type":"","overlay-color":"","overlay-opacity":"","overlay-gradient":""},"tablet":{"background-color":"var(--ast-global-color-5)","background-image":"","background-repeat":"repeat","background-position":"center center","background-size":"auto","background-attachment":"scroll","background-type":"","background-media":"","overlay-type":"","overlay-color":"","overlay-opacity":"","overlay-gradient":""},"mobile":{"background-color":"var(--ast-global-color-5)","background-image":"","background-repeat":"repeat","background-position":"center center","background-size":"auto","background-attachment":"scroll","background-type":"","background-media":"","overlay-type":"","overlay-color":"","overlay-opacity":"","overlay-gradient":""}}},"product_brand":[],"product_cat":[24,51],"product_tag":[],"class_list":{"0":"post-857","1":"product","2":"type-product","3":"status-publish","4":"has-post-thumbnail","6":"product_cat-coat-care","7":"product_cat-hyponic","8":"desktop-align-left","9":"tablet-align-left","10":"mobile-align-left","12":"first","13":"instock","14":"shipping-taxable","15":"purchasable","16":"product-type-simple"},"yoast_head":"<!-- This site is optimized with the Yoast SEO plugin v27.4 - https:\/\/yoast.com\/product\/yoast-seo-wordpress\/ -->\n<title>Hyponic spray bottle 300ml - Romlay<\/title>\n<meta name=\"robots\" content=\"index, follow, max-snippet:-1, max-image-preview:large, max-video-preview:-1\" \/>\n<link rel=\"canonical\" href=\"https:\/\/romlay.hr\/hr\/proizvod\/hyponic-spray-bottle-300ml\/\" \/>\n<meta property=\"og:locale\" content=\"hr_HR\" \/>\n<meta property=\"og:type\" content=\"article\" \/>\n<meta property=\"og:title\" content=\"Hyponic spray bottle 300ml - Romlay\" \/>\n<meta property=\"og:description\" content=\"\u25cf\u00a0 Ultra-fine mist spray bottle distributes liquid evenly in a fine mist pattern \u2013 it provides the right amount of product just where you need it, not soaking up the coat. \u25cf\u00a0 Continuous Spray \u2013 produces a stream of sustained mist that lasts a few seconds, allowing large areas to be covered quickly and easily. \u25cf\u00a0 Ergonomic design reduces hand fatigue compared to traditional trigger and fingertip sprayers. \u25cf\u00a0 360 Degree Spraying Option \u2013 you can even spray with the bottle upside down without leakage or loss of prime and all areas can be reached. \u25cf\u00a0 Fill it with HYPONIC Hinoki Cypress Detangling Mist and HYPONIC Chitosan Deodorize\" \/>\n<meta property=\"og:url\" content=\"https:\/\/romlay.hr\/hr\/proizvod\/hyponic-spray-bottle-300ml\/\" \/>\n<meta property=\"og:site_name\" content=\"Romlay\" \/>\n<meta property=\"article:modified_time\" content=\"2024-06-20T15:25:35+00:00\" \/>\n<meta property=\"og:image\" content=\"https:\/\/romlay.hr\/wp-content\/uploads\/2024\/04\/HYPONIC-SPRAY-BOTTLE-300ML.webp\" \/>\n\t<meta property=\"og:image:width\" content=\"1200\" \/>\n\t<meta property=\"og:image:height\" content=\"1200\" \/>\n\t<meta property=\"og:image:type\" content=\"image\/webp\" \/>\n<meta name=\"twitter:card\" content=\"summary_large_image\" \/>\n<meta name=\"twitter:label1\" content=\"Procijenjeno vrijeme \u010ditanja\" \/>\n\t<meta name=\"twitter:data1\" content=\"1 minuta\" \/>\n<script type=\"application\/ld+json\" class=\"yoast-schema-graph\">{\"@context\":\"https:\\\/\\\/schema.org\",\"@graph\":[{\"@type\":\"WebPage\",\"@id\":\"https:\\\/\\\/romlay.hr\\\/proizvod\\\/hyponic-spray-bottle-300ml\\\/\",\"url\":\"https:\\\/\\\/romlay.hr\\\/proizvod\\\/hyponic-spray-bottle-300ml\\\/\",\"name\":\"Hyponic spray bottle 300ml - Romlay\",\"isPartOf\":{\"@id\":\"https:\\\/\\\/romlay.hr\\\/#website\"},\"primaryImageOfPage\":{\"@id\":\"https:\\\/\\\/romlay.hr\\\/proizvod\\\/hyponic-spray-bottle-300ml\\\/#primaryimage\"},\"image\":{\"@id\":\"https:\\\/\\\/romlay.hr\\\/proizvod\\\/hyponic-spray-bottle-300ml\\\/#primaryimage\"},\"thumbnailUrl\":\"https:\\\/\\\/romlay.hr\\\/wp-content\\\/uploads\\\/2024\\\/04\\\/HYPONIC-SPRAY-BOTTLE-300ML.webp\",\"datePublished\":\"2024-04-10T09:49:43+00:00\",\"dateModified\":\"2024-06-20T15:25:35+00:00\",\"breadcrumb\":{\"@id\":\"https:\\\/\\\/romlay.hr\\\/proizvod\\\/hyponic-spray-bottle-300ml\\\/#breadcrumb\"},\"inLanguage\":\"hr\",\"potentialAction\":[{\"@type\":\"ReadAction\",\"target\":[\"https:\\\/\\\/romlay.hr\\\/proizvod\\\/hyponic-spray-bottle-300ml\\\/\"]}]},{\"@type\":\"ImageObject\",\"inLanguage\":\"hr\",\"@id\":\"https:\\\/\\\/romlay.hr\\\/proizvod\\\/hyponic-spray-bottle-300ml\\\/#primaryimage\",\"url\":\"https:\\\/\\\/romlay.hr\\\/wp-content\\\/uploads\\\/2024\\\/04\\\/HYPONIC-SPRAY-BOTTLE-300ML.webp\",\"contentUrl\":\"https:\\\/\\\/romlay.hr\\\/wp-content\\\/uploads\\\/2024\\\/04\\\/HYPONIC-SPRAY-BOTTLE-300ML.webp\",\"width\":1200,\"height\":1200,\"caption\":\"HYPONIC SPRAY BOTTLE 300ML\"},{\"@type\":\"BreadcrumbList\",\"@id\":\"https:\\\/\\\/romlay.hr\\\/proizvod\\\/hyponic-spray-bottle-300ml\\\/#breadcrumb\",\"itemListElement\":[{\"@type\":\"ListItem\",\"position\":1,\"name\":\"Po\u010detna stranica\",\"item\":\"https:\\\/\\\/romlay.hr\\\/\"},{\"@type\":\"ListItem\",\"position\":2,\"name\":\"Proizvodi\",\"item\":\"https:\\\/\\\/romlay.hr\\\/shop\\\/\"},{\"@type\":\"ListItem\",\"position\":3,\"name\":\"Hyponic spray bottle 300ml\"}]},{\"@type\":\"WebSite\",\"@id\":\"https:\\\/\\\/romlay.hr\\\/#website\",\"url\":\"https:\\\/\\\/romlay.hr\\\/\",\"name\":\"Romlay\",\"description\":\"Toy dog specialist\",\"publisher\":{\"@id\":\"https:\\\/\\\/romlay.hr\\\/#organization\"},\"potentialAction\":[{\"@type\":\"SearchAction\",\"target\":{\"@type\":\"EntryPoint\",\"urlTemplate\":\"https:\\\/\\\/romlay.hr\\\/?s={search_term_string}\"},\"query-input\":{\"@type\":\"PropertyValueSpecification\",\"valueRequired\":true,\"valueName\":\"search_term_string\"}}],\"inLanguage\":\"hr\"},{\"@type\":\"Organization\",\"@id\":\"https:\\\/\\\/romlay.hr\\\/#organization\",\"name\":\"Romlay\",\"url\":\"https:\\\/\\\/romlay.hr\\\/\",\"logo\":{\"@type\":\"ImageObject\",\"inLanguage\":\"hr\",\"@id\":\"https:\\\/\\\/romlay.hr\\\/#\\\/schema\\\/logo\\\/image\\\/\",\"url\":\"https:\\\/\\\/romlay.hr\\\/wp-content\\\/uploads\\\/2023\\\/04\\\/cropped-Romlay-1.png\",\"contentUrl\":\"https:\\\/\\\/romlay.hr\\\/wp-content\\\/uploads\\\/2023\\\/04\\\/cropped-Romlay-1.png\",\"width\":978,\"height\":1645,\"caption\":\"Romlay\"},\"image\":{\"@id\":\"https:\\\/\\\/romlay.hr\\\/#\\\/schema\\\/logo\\\/image\\\/\"}}]}<\/script>\n<!-- \/ Yoast SEO plugin. -->","yoast_head_json":{"title":"Hyponic spray bottle 300ml - Romlay","robots":{"index":"index","follow":"follow","max-snippet":"max-snippet:-1","max-image-preview":"max-image-preview:large","max-video-preview":"max-video-preview:-1"},"canonical":"https:\/\/romlay.hr\/hr\/proizvod\/hyponic-spray-bottle-300ml\/","og_locale":"hr_HR","og_type":"article","og_title":"Hyponic spray bottle 300ml - Romlay","og_description":"\u25cf\u00a0 Ultra-fine mist spray bottle distributes liquid evenly in a fine mist pattern \u2013 it provides the right amount of product just where you need it, not soaking up the coat. \u25cf\u00a0 Continuous Spray \u2013 produces a stream of sustained mist that lasts a few seconds, allowing large areas to be covered quickly and easily. \u25cf\u00a0 Ergonomic design reduces hand fatigue compared to traditional trigger and fingertip sprayers. \u25cf\u00a0 360 Degree Spraying Option \u2013 you can even spray with the bottle upside down without leakage or loss of prime and all areas can be reached. \u25cf\u00a0 Fill it with HYPONIC Hinoki Cypress Detangling Mist and HYPONIC Chitosan Deodorize","og_url":"https:\/\/romlay.hr\/hr\/proizvod\/hyponic-spray-bottle-300ml\/","og_site_name":"Romlay","article_modified_time":"2024-06-20T15:25:35+00:00","og_image":[{"width":1200,"height":1200,"url":"https:\/\/romlay.hr\/wp-content\/uploads\/2024\/04\/HYPONIC-SPRAY-BOTTLE-300ML.webp","type":"image\/webp"}],"twitter_card":"summary_large_image","twitter_misc":{"Procijenjeno vrijeme \u010ditanja":"1 minuta"},"schema":{"@context":"https:\/\/schema.org","@graph":[{"@type":"WebPage","@id":"https:\/\/romlay.hr\/proizvod\/hyponic-spray-bottle-300ml\/","url":"https:\/\/romlay.hr\/proizvod\/hyponic-spray-bottle-300ml\/","name":"Hyponic spray bottle 300ml - Romlay","isPartOf":{"@id":"https:\/\/romlay.hr\/#website"},"primaryImageOfPage":{"@id":"https:\/\/romlay.hr\/proizvod\/hyponic-spray-bottle-300ml\/#primaryimage"},"image":{"@id":"https:\/\/romlay.hr\/proizvod\/hyponic-spray-bottle-300ml\/#primaryimage"},"thumbnailUrl":"https:\/\/romlay.hr\/wp-content\/uploads\/2024\/04\/HYPONIC-SPRAY-BOTTLE-300ML.webp","datePublished":"2024-04-10T09:49:43+00:00","dateModified":"2024-06-20T15:25:35+00:00","breadcrumb":{"@id":"https:\/\/romlay.hr\/proizvod\/hyponic-spray-bottle-300ml\/#breadcrumb"},"inLanguage":"hr","potentialAction":[{"@type":"ReadAction","target":["https:\/\/romlay.hr\/proizvod\/hyponic-spray-bottle-300ml\/"]}]},{"@type":"ImageObject","inLanguage":"hr","@id":"https:\/\/romlay.hr\/proizvod\/hyponic-spray-bottle-300ml\/#primaryimage","url":"https:\/\/romlay.hr\/wp-content\/uploads\/2024\/04\/HYPONIC-SPRAY-BOTTLE-300ML.webp","contentUrl":"https:\/\/romlay.hr\/wp-content\/uploads\/2024\/04\/HYPONIC-SPRAY-BOTTLE-300ML.webp","width":1200,"height":1200,"caption":"HYPONIC SPRAY BOTTLE 300ML"},{"@type":"BreadcrumbList","@id":"https:\/\/romlay.hr\/proizvod\/hyponic-spray-bottle-300ml\/#breadcrumb","itemListElement":[{"@type":"ListItem","position":1,"name":"Po\u010detna stranica","item":"https:\/\/romlay.hr\/"},{"@type":"ListItem","position":2,"name":"Proizvodi","item":"https:\/\/romlay.hr\/shop\/"},{"@type":"ListItem","position":3,"name":"Hyponic spray bottle 300ml"}]},{"@type":"WebSite","@id":"https:\/\/romlay.hr\/#website","url":"https:\/\/romlay.hr\/","name":"Romlay","description":"Toy dog specialist","publisher":{"@id":"https:\/\/romlay.hr\/#organization"},"potentialAction":[{"@type":"SearchAction","target":{"@type":"EntryPoint","urlTemplate":"https:\/\/romlay.hr\/?s={search_term_string}"},"query-input":{"@type":"PropertyValueSpecification","valueRequired":true,"valueName":"search_term_string"}}],"inLanguage":"hr"},{"@type":"Organization","@id":"https:\/\/romlay.hr\/#organization","name":"Romlay","url":"https:\/\/romlay.hr\/","logo":{"@type":"ImageObject","inLanguage":"hr","@id":"https:\/\/romlay.hr\/#\/schema\/logo\/image\/","url":"https:\/\/romlay.hr\/wp-content\/uploads\/2023\/04\/cropped-Romlay-1.png","contentUrl":"https:\/\/romlay.hr\/wp-content\/uploads\/2023\/04\/cropped-Romlay-1.png","width":978,"height":1645,"caption":"Romlay"},"image":{"@id":"https:\/\/romlay.hr\/#\/schema\/logo\/image\/"}}]}},"_links":{"self":[{"href":"https:\/\/romlay.hr\/hr\/wp-json\/wp\/v2\/product\/857","targetHints":{"allow":["GET"]}}],"collection":[{"href":"https:\/\/romlay.hr\/hr\/wp-json\/wp\/v2\/product"}],"about":[{"href":"https:\/\/romlay.hr\/hr\/wp-json\/wp\/v2\/types\/product"}],"wp:featuredmedia":[{"embeddable":true,"href":"https:\/\/romlay.hr\/hr\/wp-json\/wp\/v2\/media\/1242"}],"wp:attachment":[{"href":"https:\/\/romlay.hr\/hr\/wp-json\/wp\/v2\/media?parent=857"}],"wp:term":[{"taxonomy":"product_brand","embeddable":true,"href":"https:\/\/romlay.hr\/hr\/wp-json\/wp\/v2\/product_brand?post=857"},{"taxonomy":"product_cat","embeddable":true,"href":"https:\/\/romlay.hr\/hr\/wp-json\/wp\/v2\/product_cat?post=857"},{"taxonomy":"product_tag","embeddable":true,"href":"https:\/\/romlay.hr\/hr\/wp-json\/wp\/v2\/product_tag?post=857"}],"curies":[{"name":"wp","href":"https:\/\/api.w.org\/{rel}","templated":true}]}}