{"id":854,"date":"2024-04-10T09:47:13","date_gmt":"2024-04-10T09:47:13","guid":{"rendered":"https:\/\/romlay.hr\/?post_type=product&#038;p=854"},"modified":"2026-03-26T15:30:12","modified_gmt":"2026-03-26T15:30:12","slug":"hyponic-grooming-shampoo-cv-15l","status":"publish","type":"product","link":"https:\/\/romlay.hr\/hr\/proizvod\/hyponic-grooming-shampoo-cv-15l\/","title":{"rendered":"HYPONIC Grooming Shampoo deep cleanse&#038;volume"},"content":{"rendered":"<p>HYPONIC GROOMING ARTIST (Deep Cleanse &amp; Volume) je 100% hipoalergeni \u0161ampon koji uklanja mrlje i posvjetljuje bijelu dlaku, idealan za pasmine poput Bi\u0161ona, Maltezera i Pomeranaca.\n\nKarakteristike proizvoda:\n\nNje\u017ena formula: Izra\u0111en od 100% prirodnih sredstava za \u010di\u0161\u0107enje, bez \u0161tetnih kemijskih tvari.\n\nPrirodni sastojci: Sadr\u017ei lavandu i cvijet kamilice za svilenkasto mekanu dlaku, te ekstrakt frezije za zdravu ko\u017eu i volumen.\n\nDubinsko \u010di\u0161\u0107enje: Ima najvi\u0161u razinu \u010disto\u0107e u HYPONIC liniji \u0161ampona, a istovremeno koristi samo sigurne i prirodne sastojke.\n\nBogata pjena: Omogu\u0107uje nje\u017eno pranje bez potrebe za dodatnim regeneratorom.\n\n\nPosebne prednosti:\n\nPogodan za bijele ili vrlo prljave pse bez obzira na boju dlake.\n\n\nHipoalergen, dubinski \u010disti i daje volumen dlaci.\n\nNe zahtijeva dodatni regenerator, olak\u0161avaju\u0107i njegu.<span class=\"Apple-converted-space\">\u00a0<\/span><\/p>\n<p>Prirodna formula: Izra\u0111en od 100% prirodnih sredstava za \u010di\u0161\u0107enje, bez \u0161tetnih kemijskih tvari.\n\nPrirodni ekstrakti: Sadr\u017ei lavandu i cvijet kamilice za svilenkasto mekanu dlaku, te ekstrakt frezije za zdravu ko\u017eu i bogat volumen.\n\nBogata pjena: Omogu\u0107uje nje\u017eno pranje bez potrebe za dodatnim regeneratorom.<\/p>\n<p>Enhanced cleansing power, therefore, is suitable for white or filthy dogs. It has the highest level of cleansing power among HYPONIC\u2019s shampoo line. Deep cleansing, yet formulated using only safe and natural ingredients.<span class=\"Apple-converted-space\">\u00a0<\/span><\/p>\n<p>\u2022HYPOALLERGENIC<span class=\"Apple-converted-space\">\u00a0<\/span><\/p>\n<p>\u2022NO separate conditioner required!<\/p>","protected":false},"excerpt":{"rendered":"<p>HYPONIC GROOMING ARTIST (Deep Cleanse &amp; Volume) 100% hypoallergenic shampoo removes stains and brightens white coats such as the Bichon Frise, Maltese, and Pomeranian.\u00a0 This gentle shampoo is made of 100% natural cleaning agents, free of hazardous chemical substances and is formulated with Lavender and Matricaria Flower Extracts for silky soft hair &amp; Freesia Extract for healthy skin and ample volume. Rich, creamy bubbles and the soft feeling of washing do not require a conditioner. Enhanced cleansing power, therefore, is suitable for white or filthy dogs. It has the highest level of cleansing power among HYPONIC\u2019s shampoo line. Deep cleansing, yet formulated using only safe and natural ingredients.\u00a0 \u2022HYPOALLERGENIC\u00a0 \u2022NO separate conditioner required!<\/p>","protected":false},"featured_media":1248,"template":"","meta":{"_monsterinsights_skip_tracking":false,"_monsterinsights_sitenote_active":false,"_monsterinsights_sitenote_note":"","_monsterinsights_sitenote_category":0,"site-sidebar-layout":"default","site-content-layout":"default","ast-site-content-layout":"default","site-content-style":"default","site-sidebar-style":"default","ast-global-header-display":"","ast-banner-title-visibility":"","ast-main-header-display":"","ast-hfb-above-header-display":"","ast-hfb-below-header-display":"","ast-hfb-mobile-header-display":"","site-post-title":"","ast-breadcrumbs-content":"","ast-featured-img":"","footer-sml-layout":"","ast-disable-related-posts":"","theme-transparent-header-meta":"default","adv-header-id-meta":"","stick-header-meta":"","header-above-stick-meta":"","header-main-stick-meta":"","header-below-stick-meta":"","astra-migrate-meta-layouts":"set","ast-page-background-enabled":"default","ast-page-background-meta":{"desktop":{"background-color":"var(--ast-global-color-4)","background-image":"","background-repeat":"repeat","background-position":"center center","background-size":"auto","background-attachment":"scroll","background-type":"","background-media":"","overlay-type":"","overlay-color":"","overlay-opacity":"","overlay-gradient":""},"tablet":{"background-color":"","background-image":"","background-repeat":"repeat","background-position":"center center","background-size":"auto","background-attachment":"scroll","background-type":"","background-media":"","overlay-type":"","overlay-color":"","overlay-opacity":"","overlay-gradient":""},"mobile":{"background-color":"","background-image":"","background-repeat":"repeat","background-position":"center center","background-size":"auto","background-attachment":"scroll","background-type":"","background-media":"","overlay-type":"","overlay-color":"","overlay-opacity":"","overlay-gradient":""}},"ast-content-background-meta":{"desktop":{"background-color":"var(--ast-global-color-5)","background-image":"","background-repeat":"repeat","background-position":"center center","background-size":"auto","background-attachment":"scroll","background-type":"","background-media":"","overlay-type":"","overlay-color":"","overlay-opacity":"","overlay-gradient":""},"tablet":{"background-color":"var(--ast-global-color-5)","background-image":"","background-repeat":"repeat","background-position":"center center","background-size":"auto","background-attachment":"scroll","background-type":"","background-media":"","overlay-type":"","overlay-color":"","overlay-opacity":"","overlay-gradient":""},"mobile":{"background-color":"var(--ast-global-color-5)","background-image":"","background-repeat":"repeat","background-position":"center center","background-size":"auto","background-attachment":"scroll","background-type":"","background-media":"","overlay-type":"","overlay-color":"","overlay-opacity":"","overlay-gradient":""}}},"product_brand":[],"product_cat":[24,51],"product_tag":[],"class_list":{"0":"post-854","1":"product","2":"type-product","3":"status-publish","4":"has-post-thumbnail","6":"product_cat-coat-care","7":"product_cat-hyponic","8":"desktop-align-left","9":"tablet-align-left","10":"mobile-align-left","12":"first","13":"instock","14":"shipping-taxable","15":"purchasable","16":"product-type-variable"},"yoast_head":"<!-- This site is optimized with the Yoast SEO plugin v27.4 - https:\/\/yoast.com\/product\/yoast-seo-wordpress\/ -->\n<title>HYPONIC Grooming Shampoo deep cleanse&amp;volume - Romlay<\/title>\n<meta name=\"robots\" content=\"index, follow, max-snippet:-1, max-image-preview:large, max-video-preview:-1\" \/>\n<link rel=\"canonical\" href=\"https:\/\/romlay.hr\/hr\/proizvod\/hyponic-grooming-shampoo-cv-15l\/\" \/>\n<meta property=\"og:locale\" content=\"hr_HR\" \/>\n<meta property=\"og:type\" content=\"article\" \/>\n<meta property=\"og:title\" content=\"HYPONIC Grooming Shampoo deep cleanse&amp;volume - Romlay\" \/>\n<meta property=\"og:description\" content=\"HYPONIC GROOMING ARTIST (Deep Cleanse &amp; Volume) 100% hypoallergenic shampoo removes stains and brightens white coats such as the Bichon Frise, Maltese, and Pomeranian.\u00a0 This gentle shampoo is made of 100% natural cleaning agents, free of hazardous chemical substances and is formulated with Lavender and Matricaria Flower Extracts for silky soft hair &amp; Freesia Extract for healthy skin and ample volume. Rich, creamy bubbles and the soft feeling of washing do not require a conditioner. Enhanced cleansing power, therefore, is suitable for white or filthy dogs. It has the highest level of cleansing power among HYPONIC\u2019s shampoo line. Deep cleansing, yet formulated using only safe and natural ingredients.\u00a0 \u2022HYPOALLERGENIC\u00a0 \u2022NO separate conditioner required!\" \/>\n<meta property=\"og:url\" content=\"https:\/\/romlay.hr\/hr\/proizvod\/hyponic-grooming-shampoo-cv-15l\/\" \/>\n<meta property=\"og:site_name\" content=\"Romlay\" \/>\n<meta property=\"article:modified_time\" content=\"2026-03-26T15:30:12+00:00\" \/>\n<meta property=\"og:image\" content=\"https:\/\/romlay.hr\/wp-content\/uploads\/2024\/04\/HYPONIC-Grooming-Shampoo-deep-cleansevolume-15l-.webp\" \/>\n\t<meta property=\"og:image:width\" content=\"1200\" \/>\n\t<meta property=\"og:image:height\" content=\"1200\" \/>\n\t<meta property=\"og:image:type\" content=\"image\/webp\" \/>\n<meta name=\"twitter:card\" content=\"summary_large_image\" \/>\n<meta name=\"twitter:label1\" content=\"Procijenjeno vrijeme \u010ditanja\" \/>\n\t<meta name=\"twitter:data1\" content=\"1 minuta\" \/>\n<script type=\"application\/ld+json\" class=\"yoast-schema-graph\">{\"@context\":\"https:\\\/\\\/schema.org\",\"@graph\":[{\"@type\":\"WebPage\",\"@id\":\"https:\\\/\\\/romlay.hr\\\/proizvod\\\/hyponic-grooming-shampoo-cv-15l\\\/\",\"url\":\"https:\\\/\\\/romlay.hr\\\/proizvod\\\/hyponic-grooming-shampoo-cv-15l\\\/\",\"name\":\"HYPONIC Grooming Shampoo deep cleanse&volume - Romlay\",\"isPartOf\":{\"@id\":\"https:\\\/\\\/romlay.hr\\\/#website\"},\"primaryImageOfPage\":{\"@id\":\"https:\\\/\\\/romlay.hr\\\/proizvod\\\/hyponic-grooming-shampoo-cv-15l\\\/#primaryimage\"},\"image\":{\"@id\":\"https:\\\/\\\/romlay.hr\\\/proizvod\\\/hyponic-grooming-shampoo-cv-15l\\\/#primaryimage\"},\"thumbnailUrl\":\"https:\\\/\\\/romlay.hr\\\/wp-content\\\/uploads\\\/2024\\\/04\\\/HYPONIC-Grooming-Shampoo-deep-cleansevolume-15l-.webp\",\"datePublished\":\"2024-04-10T09:47:13+00:00\",\"dateModified\":\"2026-03-26T15:30:12+00:00\",\"breadcrumb\":{\"@id\":\"https:\\\/\\\/romlay.hr\\\/proizvod\\\/hyponic-grooming-shampoo-cv-15l\\\/#breadcrumb\"},\"inLanguage\":\"hr\",\"potentialAction\":[{\"@type\":\"ReadAction\",\"target\":[\"https:\\\/\\\/romlay.hr\\\/proizvod\\\/hyponic-grooming-shampoo-cv-15l\\\/\"]}]},{\"@type\":\"ImageObject\",\"inLanguage\":\"hr\",\"@id\":\"https:\\\/\\\/romlay.hr\\\/proizvod\\\/hyponic-grooming-shampoo-cv-15l\\\/#primaryimage\",\"url\":\"https:\\\/\\\/romlay.hr\\\/wp-content\\\/uploads\\\/2024\\\/04\\\/HYPONIC-Grooming-Shampoo-deep-cleansevolume-15l-.webp\",\"contentUrl\":\"https:\\\/\\\/romlay.hr\\\/wp-content\\\/uploads\\\/2024\\\/04\\\/HYPONIC-Grooming-Shampoo-deep-cleansevolume-15l-.webp\",\"width\":1200,\"height\":1200,\"caption\":\"HYPONIC GROOMING SHAMPOO DEEP CLEANSE&VOLUME 1,5L\"},{\"@type\":\"BreadcrumbList\",\"@id\":\"https:\\\/\\\/romlay.hr\\\/proizvod\\\/hyponic-grooming-shampoo-cv-15l\\\/#breadcrumb\",\"itemListElement\":[{\"@type\":\"ListItem\",\"position\":1,\"name\":\"Po\u010detna stranica\",\"item\":\"https:\\\/\\\/romlay.hr\\\/\"},{\"@type\":\"ListItem\",\"position\":2,\"name\":\"Proizvodi\",\"item\":\"https:\\\/\\\/romlay.hr\\\/shop\\\/\"},{\"@type\":\"ListItem\",\"position\":3,\"name\":\"HYPONIC Grooming Shampoo deep cleanse&#038;volume\"}]},{\"@type\":\"WebSite\",\"@id\":\"https:\\\/\\\/romlay.hr\\\/#website\",\"url\":\"https:\\\/\\\/romlay.hr\\\/\",\"name\":\"Romlay\",\"description\":\"Toy dog specialist\",\"publisher\":{\"@id\":\"https:\\\/\\\/romlay.hr\\\/#organization\"},\"potentialAction\":[{\"@type\":\"SearchAction\",\"target\":{\"@type\":\"EntryPoint\",\"urlTemplate\":\"https:\\\/\\\/romlay.hr\\\/?s={search_term_string}\"},\"query-input\":{\"@type\":\"PropertyValueSpecification\",\"valueRequired\":true,\"valueName\":\"search_term_string\"}}],\"inLanguage\":\"hr\"},{\"@type\":\"Organization\",\"@id\":\"https:\\\/\\\/romlay.hr\\\/#organization\",\"name\":\"Romlay\",\"url\":\"https:\\\/\\\/romlay.hr\\\/\",\"logo\":{\"@type\":\"ImageObject\",\"inLanguage\":\"hr\",\"@id\":\"https:\\\/\\\/romlay.hr\\\/#\\\/schema\\\/logo\\\/image\\\/\",\"url\":\"https:\\\/\\\/romlay.hr\\\/wp-content\\\/uploads\\\/2023\\\/04\\\/cropped-Romlay-1.png\",\"contentUrl\":\"https:\\\/\\\/romlay.hr\\\/wp-content\\\/uploads\\\/2023\\\/04\\\/cropped-Romlay-1.png\",\"width\":978,\"height\":1645,\"caption\":\"Romlay\"},\"image\":{\"@id\":\"https:\\\/\\\/romlay.hr\\\/#\\\/schema\\\/logo\\\/image\\\/\"}}]}<\/script>\n<!-- \/ Yoast SEO plugin. -->","yoast_head_json":{"title":"HYPONIC Grooming Shampoo deep cleanse&volume - Romlay","robots":{"index":"index","follow":"follow","max-snippet":"max-snippet:-1","max-image-preview":"max-image-preview:large","max-video-preview":"max-video-preview:-1"},"canonical":"https:\/\/romlay.hr\/hr\/proizvod\/hyponic-grooming-shampoo-cv-15l\/","og_locale":"hr_HR","og_type":"article","og_title":"HYPONIC Grooming Shampoo deep cleanse&volume - Romlay","og_description":"HYPONIC GROOMING ARTIST (Deep Cleanse &amp; Volume) 100% hypoallergenic shampoo removes stains and brightens white coats such as the Bichon Frise, Maltese, and Pomeranian.\u00a0 This gentle shampoo is made of 100% natural cleaning agents, free of hazardous chemical substances and is formulated with Lavender and Matricaria Flower Extracts for silky soft hair &amp; Freesia Extract for healthy skin and ample volume. Rich, creamy bubbles and the soft feeling of washing do not require a conditioner. Enhanced cleansing power, therefore, is suitable for white or filthy dogs. It has the highest level of cleansing power among HYPONIC\u2019s shampoo line. Deep cleansing, yet formulated using only safe and natural ingredients.\u00a0 \u2022HYPOALLERGENIC\u00a0 \u2022NO separate conditioner required!","og_url":"https:\/\/romlay.hr\/hr\/proizvod\/hyponic-grooming-shampoo-cv-15l\/","og_site_name":"Romlay","article_modified_time":"2026-03-26T15:30:12+00:00","og_image":[{"width":1200,"height":1200,"url":"https:\/\/romlay.hr\/wp-content\/uploads\/2024\/04\/HYPONIC-Grooming-Shampoo-deep-cleansevolume-15l-.webp","type":"image\/webp"}],"twitter_card":"summary_large_image","twitter_misc":{"Procijenjeno vrijeme \u010ditanja":"1 minuta"},"schema":{"@context":"https:\/\/schema.org","@graph":[{"@type":"WebPage","@id":"https:\/\/romlay.hr\/proizvod\/hyponic-grooming-shampoo-cv-15l\/","url":"https:\/\/romlay.hr\/proizvod\/hyponic-grooming-shampoo-cv-15l\/","name":"HYPONIC Grooming Shampoo deep cleanse&volume - Romlay","isPartOf":{"@id":"https:\/\/romlay.hr\/#website"},"primaryImageOfPage":{"@id":"https:\/\/romlay.hr\/proizvod\/hyponic-grooming-shampoo-cv-15l\/#primaryimage"},"image":{"@id":"https:\/\/romlay.hr\/proizvod\/hyponic-grooming-shampoo-cv-15l\/#primaryimage"},"thumbnailUrl":"https:\/\/romlay.hr\/wp-content\/uploads\/2024\/04\/HYPONIC-Grooming-Shampoo-deep-cleansevolume-15l-.webp","datePublished":"2024-04-10T09:47:13+00:00","dateModified":"2026-03-26T15:30:12+00:00","breadcrumb":{"@id":"https:\/\/romlay.hr\/proizvod\/hyponic-grooming-shampoo-cv-15l\/#breadcrumb"},"inLanguage":"hr","potentialAction":[{"@type":"ReadAction","target":["https:\/\/romlay.hr\/proizvod\/hyponic-grooming-shampoo-cv-15l\/"]}]},{"@type":"ImageObject","inLanguage":"hr","@id":"https:\/\/romlay.hr\/proizvod\/hyponic-grooming-shampoo-cv-15l\/#primaryimage","url":"https:\/\/romlay.hr\/wp-content\/uploads\/2024\/04\/HYPONIC-Grooming-Shampoo-deep-cleansevolume-15l-.webp","contentUrl":"https:\/\/romlay.hr\/wp-content\/uploads\/2024\/04\/HYPONIC-Grooming-Shampoo-deep-cleansevolume-15l-.webp","width":1200,"height":1200,"caption":"HYPONIC GROOMING SHAMPOO DEEP CLEANSE&VOLUME 1,5L"},{"@type":"BreadcrumbList","@id":"https:\/\/romlay.hr\/proizvod\/hyponic-grooming-shampoo-cv-15l\/#breadcrumb","itemListElement":[{"@type":"ListItem","position":1,"name":"Po\u010detna stranica","item":"https:\/\/romlay.hr\/"},{"@type":"ListItem","position":2,"name":"Proizvodi","item":"https:\/\/romlay.hr\/shop\/"},{"@type":"ListItem","position":3,"name":"HYPONIC Grooming Shampoo deep cleanse&#038;volume"}]},{"@type":"WebSite","@id":"https:\/\/romlay.hr\/#website","url":"https:\/\/romlay.hr\/","name":"Romlay","description":"Toy dog specialist","publisher":{"@id":"https:\/\/romlay.hr\/#organization"},"potentialAction":[{"@type":"SearchAction","target":{"@type":"EntryPoint","urlTemplate":"https:\/\/romlay.hr\/?s={search_term_string}"},"query-input":{"@type":"PropertyValueSpecification","valueRequired":true,"valueName":"search_term_string"}}],"inLanguage":"hr"},{"@type":"Organization","@id":"https:\/\/romlay.hr\/#organization","name":"Romlay","url":"https:\/\/romlay.hr\/","logo":{"@type":"ImageObject","inLanguage":"hr","@id":"https:\/\/romlay.hr\/#\/schema\/logo\/image\/","url":"https:\/\/romlay.hr\/wp-content\/uploads\/2023\/04\/cropped-Romlay-1.png","contentUrl":"https:\/\/romlay.hr\/wp-content\/uploads\/2023\/04\/cropped-Romlay-1.png","width":978,"height":1645,"caption":"Romlay"},"image":{"@id":"https:\/\/romlay.hr\/#\/schema\/logo\/image\/"}}]}},"_links":{"self":[{"href":"https:\/\/romlay.hr\/hr\/wp-json\/wp\/v2\/product\/854","targetHints":{"allow":["GET"]}}],"collection":[{"href":"https:\/\/romlay.hr\/hr\/wp-json\/wp\/v2\/product"}],"about":[{"href":"https:\/\/romlay.hr\/hr\/wp-json\/wp\/v2\/types\/product"}],"wp:featuredmedia":[{"embeddable":true,"href":"https:\/\/romlay.hr\/hr\/wp-json\/wp\/v2\/media\/1248"}],"wp:attachment":[{"href":"https:\/\/romlay.hr\/hr\/wp-json\/wp\/v2\/media?parent=854"}],"wp:term":[{"taxonomy":"product_brand","embeddable":true,"href":"https:\/\/romlay.hr\/hr\/wp-json\/wp\/v2\/product_brand?post=854"},{"taxonomy":"product_cat","embeddable":true,"href":"https:\/\/romlay.hr\/hr\/wp-json\/wp\/v2\/product_cat?post=854"},{"taxonomy":"product_tag","embeddable":true,"href":"https:\/\/romlay.hr\/hr\/wp-json\/wp\/v2\/product_tag?post=854"}],"curies":[{"name":"wp","href":"https:\/\/api.w.org\/{rel}","templated":true}]}}