{"id":845,"date":"2024-04-10T09:33:59","date_gmt":"2024-04-10T09:33:59","guid":{"rendered":"https:\/\/romlay.hr\/?post_type=product&#038;p=845"},"modified":"2025-09-20T10:53:09","modified_gmt":"2025-09-20T10:53:09","slug":"hyponic-show-conditioner-500ml","status":"publish","type":"product","link":"https:\/\/romlay.hr\/hr\/proizvod\/hyponic-show-conditioner-500ml\/","title":{"rendered":"Hyponic show regenerator"},"content":{"rendered":"<p>HYPONIC Show Conditioner predstavlja najnoviju inovaciju za savr\u0161eno dotjerivanje pasa na izlo\u017ebama, s jedinstvenim i nenadma\u0161nim karakteristikama. Izra\u0111en od 100% mlije\u010dnih bjelan\u010devina umjesto pro\u010di\u0161\u0107ene vode \u0161to daje zdrav, prirodan sjaj i dlaku punu elasti\u010dnosti i vitalnosti.  Formuliran s optimalnim sadr\u017eajem vode \u010dempresa, biljnim ekstraktima te uljima jojobe, kamelije i argana za savr\u0161enu njegu i olak\u0161avanje rada s dlakom. Lako ra\u0161\u010de\u0161ljavanje bez o\u0161te\u0107enja dlake. Puno\u0107a i dugotrajni super volumen i vrhunska tekstura stvaraju gu\u0161\u0107i, mek\u0161i i laganiji  fini\u0161 koji olak\u0161ava rad i \u010detkanje za stvaranje izlo\u017ebenog izgleda.<\/p>\n<p>Klju\u010dne zna\u010dajke:<br \/>\n\u25cf Izvrsno \u010di\u0161\u0107enje i otpornost: Pobolj\u0161ava i odr\u017eava boju i teksturu dlake za dugotrajni volumen i savr\u0161en izgled.\n\nPremium sastojci: Formuliran s optimalnim sadr\u017eajem vode \u010dempresa, biljnim ekstraktima te uljima jojobe, kamelije i argana za savr\u0161enu njegu i olak\u0161avanje rada s dlakom.\n\nSavr\u0161ena lako\u0107a i sjaj dlake: Dlaka postaje lagana, mekana i svilenkasta, idealna za izlo\u017ebene nastupe.<br \/>\n\u25cf Prednosti:\n\nIzuzetne performanse\n\nPremium prirodni sastojci\n\nBogata njega i hidratacija\n\nIntenzivan volumen\n\nJednostavno raspetljavanje dlake\n\nSmanjeno vrijeme su\u0161enja<\/p>\n<p>\u25cf HYPONIC Show Shampoo savr\u0161en je za vlasnike i groomere koji tra\u017ee vrhunsku njegu za izlo\u017ebene pse, pru\u017eaju\u0107i savr\u0161en izgled i zdravu, sjajnu dlaku spremnu za natjecanja.<span class=\"Apple-converted-space\">\u00a0<\/span><\/p>\n<p>&nbsp;<\/p>","protected":false},"excerpt":{"rendered":"<p>HYPONIC\u2019s newest innovation for the perfect show is unique and unparalleled in all aspects. Crafted using 100% milk protein instead of purified water which produces a healthy, natural glow and a coat full of elasticity and vitality. Optimal cypress water content and various plant extracts + jojoba seed, camellia and argan oils provide the perfect balance for enhanced and maximum manageability of the coat. Easily detangles without damage to hair. Dramatic body building and long-lasting super-rich volume and superior texture creates a thicker, fuller, softer and more manageable light-weight finish resulting in easy brushing and easy scissoring for a show-worthy shine! \u25cf EXCEPTIONAL PERFORMANCE \u25cf PREMIUM INGREDIENTS \u25cf SUPER RICH CONDITIONING + SUPER HYDRATION \u25cf INTENSE VOLUME + EASY DETANGLING + REDUCED DRYING TIME\u00a0 &nbsp;<\/p>","protected":false},"featured_media":1237,"template":"","meta":{"_monsterinsights_skip_tracking":false,"_monsterinsights_sitenote_active":false,"_monsterinsights_sitenote_note":"","_monsterinsights_sitenote_category":0,"site-sidebar-layout":"default","site-content-layout":"default","ast-site-content-layout":"default","site-content-style":"default","site-sidebar-style":"default","ast-global-header-display":"","ast-banner-title-visibility":"","ast-main-header-display":"","ast-hfb-above-header-display":"","ast-hfb-below-header-display":"","ast-hfb-mobile-header-display":"","site-post-title":"","ast-breadcrumbs-content":"","ast-featured-img":"","footer-sml-layout":"","ast-disable-related-posts":"","theme-transparent-header-meta":"default","adv-header-id-meta":"","stick-header-meta":"","header-above-stick-meta":"","header-main-stick-meta":"","header-below-stick-meta":"","astra-migrate-meta-layouts":"set","ast-page-background-enabled":"default","ast-page-background-meta":{"desktop":{"background-color":"var(--ast-global-color-4)","background-image":"","background-repeat":"repeat","background-position":"center center","background-size":"auto","background-attachment":"scroll","background-type":"","background-media":"","overlay-type":"","overlay-color":"","overlay-opacity":"","overlay-gradient":""},"tablet":{"background-color":"","background-image":"","background-repeat":"repeat","background-position":"center center","background-size":"auto","background-attachment":"scroll","background-type":"","background-media":"","overlay-type":"","overlay-color":"","overlay-opacity":"","overlay-gradient":""},"mobile":{"background-color":"","background-image":"","background-repeat":"repeat","background-position":"center center","background-size":"auto","background-attachment":"scroll","background-type":"","background-media":"","overlay-type":"","overlay-color":"","overlay-opacity":"","overlay-gradient":""}},"ast-content-background-meta":{"desktop":{"background-color":"var(--ast-global-color-5)","background-image":"","background-repeat":"repeat","background-position":"center center","background-size":"auto","background-attachment":"scroll","background-type":"","background-media":"","overlay-type":"","overlay-color":"","overlay-opacity":"","overlay-gradient":""},"tablet":{"background-color":"var(--ast-global-color-5)","background-image":"","background-repeat":"repeat","background-position":"center center","background-size":"auto","background-attachment":"scroll","background-type":"","background-media":"","overlay-type":"","overlay-color":"","overlay-opacity":"","overlay-gradient":""},"mobile":{"background-color":"var(--ast-global-color-5)","background-image":"","background-repeat":"repeat","background-position":"center center","background-size":"auto","background-attachment":"scroll","background-type":"","background-media":"","overlay-type":"","overlay-color":"","overlay-opacity":"","overlay-gradient":""}}},"product_brand":[],"product_cat":[24,51],"product_tag":[],"class_list":{"0":"post-845","1":"product","2":"type-product","3":"status-publish","4":"has-post-thumbnail","6":"product_cat-coat-care","7":"product_cat-hyponic","8":"desktop-align-left","9":"tablet-align-left","10":"mobile-align-left","12":"first","13":"instock","14":"shipping-taxable","15":"purchasable","16":"product-type-variable"},"yoast_head":"<!-- This site is optimized with the Yoast SEO plugin v27.4 - https:\/\/yoast.com\/product\/yoast-seo-wordpress\/ -->\n<title>Hyponic show conditioner - Romlay<\/title>\n<meta name=\"robots\" content=\"index, follow, max-snippet:-1, max-image-preview:large, max-video-preview:-1\" \/>\n<link rel=\"canonical\" href=\"https:\/\/romlay.hr\/hr\/proizvod\/hyponic-show-conditioner-500ml\/\" \/>\n<meta property=\"og:locale\" content=\"hr_HR\" \/>\n<meta property=\"og:type\" content=\"article\" \/>\n<meta property=\"og:title\" content=\"Hyponic show conditioner - Romlay\" \/>\n<meta property=\"og:description\" content=\"HYPONIC\u2019s newest innovation for the perfect show is unique and unparalleled in all aspects. Crafted using 100% milk protein instead of purified water which produces a healthy, natural glow and a coat full of elasticity and vitality. Optimal cypress water content and various plant extracts + jojoba seed, camellia and argan oils provide the perfect balance for enhanced and maximum manageability of the coat. Easily detangles without damage to hair. Dramatic body building and long-lasting super-rich volume and superior texture creates a thicker, fuller, softer and more manageable light-weight finish resulting in easy brushing and easy scissoring for a show-worthy shine! \u25cf EXCEPTIONAL PERFORMANCE \u25cf PREMIUM INGREDIENTS \u25cf SUPER RICH CONDITIONING + SUPER HYDRATION \u25cf INTENSE VOLUME + EASY DETANGLING + REDUCED DRYING TIME\u00a0 &nbsp;\" \/>\n<meta property=\"og:url\" content=\"https:\/\/romlay.hr\/hr\/proizvod\/hyponic-show-conditioner-500ml\/\" \/>\n<meta property=\"og:site_name\" content=\"Romlay\" \/>\n<meta property=\"article:modified_time\" content=\"2025-09-20T10:53:09+00:00\" \/>\n<meta property=\"og:image\" content=\"https:\/\/romlay.hr\/wp-content\/uploads\/2024\/04\/HYPONIC-FOR-SHOW-MILK-PROTEIN-CONDITIONER.webp\" \/>\n\t<meta property=\"og:image:width\" content=\"1200\" \/>\n\t<meta property=\"og:image:height\" content=\"1200\" \/>\n\t<meta property=\"og:image:type\" content=\"image\/webp\" \/>\n<meta name=\"twitter:card\" content=\"summary_large_image\" \/>\n<meta name=\"twitter:label1\" content=\"Procijenjeno vrijeme \u010ditanja\" \/>\n\t<meta name=\"twitter:data1\" content=\"1 minuta\" \/>\n<script type=\"application\/ld+json\" class=\"yoast-schema-graph\">{\"@context\":\"https:\\\/\\\/schema.org\",\"@graph\":[{\"@type\":\"WebPage\",\"@id\":\"https:\\\/\\\/romlay.hr\\\/proizvod\\\/hyponic-show-conditioner-500ml\\\/\",\"url\":\"https:\\\/\\\/romlay.hr\\\/proizvod\\\/hyponic-show-conditioner-500ml\\\/\",\"name\":\"Hyponic show conditioner - Romlay\",\"isPartOf\":{\"@id\":\"https:\\\/\\\/romlay.hr\\\/#website\"},\"primaryImageOfPage\":{\"@id\":\"https:\\\/\\\/romlay.hr\\\/proizvod\\\/hyponic-show-conditioner-500ml\\\/#primaryimage\"},\"image\":{\"@id\":\"https:\\\/\\\/romlay.hr\\\/proizvod\\\/hyponic-show-conditioner-500ml\\\/#primaryimage\"},\"thumbnailUrl\":\"https:\\\/\\\/romlay.hr\\\/wp-content\\\/uploads\\\/2024\\\/04\\\/HYPONIC-FOR-SHOW-MILK-PROTEIN-CONDITIONER.webp\",\"datePublished\":\"2024-04-10T09:33:59+00:00\",\"dateModified\":\"2025-09-20T10:53:09+00:00\",\"breadcrumb\":{\"@id\":\"https:\\\/\\\/romlay.hr\\\/proizvod\\\/hyponic-show-conditioner-500ml\\\/#breadcrumb\"},\"inLanguage\":\"hr\",\"potentialAction\":[{\"@type\":\"ReadAction\",\"target\":[\"https:\\\/\\\/romlay.hr\\\/proizvod\\\/hyponic-show-conditioner-500ml\\\/\"]}]},{\"@type\":\"ImageObject\",\"inLanguage\":\"hr\",\"@id\":\"https:\\\/\\\/romlay.hr\\\/proizvod\\\/hyponic-show-conditioner-500ml\\\/#primaryimage\",\"url\":\"https:\\\/\\\/romlay.hr\\\/wp-content\\\/uploads\\\/2024\\\/04\\\/HYPONIC-FOR-SHOW-MILK-PROTEIN-CONDITIONER.webp\",\"contentUrl\":\"https:\\\/\\\/romlay.hr\\\/wp-content\\\/uploads\\\/2024\\\/04\\\/HYPONIC-FOR-SHOW-MILK-PROTEIN-CONDITIONER.webp\",\"width\":1200,\"height\":1200},{\"@type\":\"BreadcrumbList\",\"@id\":\"https:\\\/\\\/romlay.hr\\\/proizvod\\\/hyponic-show-conditioner-500ml\\\/#breadcrumb\",\"itemListElement\":[{\"@type\":\"ListItem\",\"position\":1,\"name\":\"Po\u010detna stranica\",\"item\":\"https:\\\/\\\/romlay.hr\\\/\"},{\"@type\":\"ListItem\",\"position\":2,\"name\":\"Proizvodi\",\"item\":\"https:\\\/\\\/romlay.hr\\\/shop\\\/\"},{\"@type\":\"ListItem\",\"position\":3,\"name\":\"Hyponic show conditioner\"}]},{\"@type\":\"WebSite\",\"@id\":\"https:\\\/\\\/romlay.hr\\\/#website\",\"url\":\"https:\\\/\\\/romlay.hr\\\/\",\"name\":\"Romlay\",\"description\":\"Toy dog specialist\",\"publisher\":{\"@id\":\"https:\\\/\\\/romlay.hr\\\/#organization\"},\"potentialAction\":[{\"@type\":\"SearchAction\",\"target\":{\"@type\":\"EntryPoint\",\"urlTemplate\":\"https:\\\/\\\/romlay.hr\\\/?s={search_term_string}\"},\"query-input\":{\"@type\":\"PropertyValueSpecification\",\"valueRequired\":true,\"valueName\":\"search_term_string\"}}],\"inLanguage\":\"hr\"},{\"@type\":\"Organization\",\"@id\":\"https:\\\/\\\/romlay.hr\\\/#organization\",\"name\":\"Romlay\",\"url\":\"https:\\\/\\\/romlay.hr\\\/\",\"logo\":{\"@type\":\"ImageObject\",\"inLanguage\":\"hr\",\"@id\":\"https:\\\/\\\/romlay.hr\\\/#\\\/schema\\\/logo\\\/image\\\/\",\"url\":\"https:\\\/\\\/romlay.hr\\\/wp-content\\\/uploads\\\/2023\\\/04\\\/cropped-Romlay-1.png\",\"contentUrl\":\"https:\\\/\\\/romlay.hr\\\/wp-content\\\/uploads\\\/2023\\\/04\\\/cropped-Romlay-1.png\",\"width\":978,\"height\":1645,\"caption\":\"Romlay\"},\"image\":{\"@id\":\"https:\\\/\\\/romlay.hr\\\/#\\\/schema\\\/logo\\\/image\\\/\"}}]}<\/script>\n<!-- \/ Yoast SEO plugin. -->","yoast_head_json":{"title":"Hyponic show conditioner - Romlay","robots":{"index":"index","follow":"follow","max-snippet":"max-snippet:-1","max-image-preview":"max-image-preview:large","max-video-preview":"max-video-preview:-1"},"canonical":"https:\/\/romlay.hr\/hr\/proizvod\/hyponic-show-conditioner-500ml\/","og_locale":"hr_HR","og_type":"article","og_title":"Hyponic show conditioner - Romlay","og_description":"HYPONIC\u2019s newest innovation for the perfect show is unique and unparalleled in all aspects. Crafted using 100% milk protein instead of purified water which produces a healthy, natural glow and a coat full of elasticity and vitality. Optimal cypress water content and various plant extracts + jojoba seed, camellia and argan oils provide the perfect balance for enhanced and maximum manageability of the coat. Easily detangles without damage to hair. Dramatic body building and long-lasting super-rich volume and superior texture creates a thicker, fuller, softer and more manageable light-weight finish resulting in easy brushing and easy scissoring for a show-worthy shine! \u25cf EXCEPTIONAL PERFORMANCE \u25cf PREMIUM INGREDIENTS \u25cf SUPER RICH CONDITIONING + SUPER HYDRATION \u25cf INTENSE VOLUME + EASY DETANGLING + REDUCED DRYING TIME\u00a0 &nbsp;","og_url":"https:\/\/romlay.hr\/hr\/proizvod\/hyponic-show-conditioner-500ml\/","og_site_name":"Romlay","article_modified_time":"2025-09-20T10:53:09+00:00","og_image":[{"width":1200,"height":1200,"url":"https:\/\/romlay.hr\/wp-content\/uploads\/2024\/04\/HYPONIC-FOR-SHOW-MILK-PROTEIN-CONDITIONER.webp","type":"image\/webp"}],"twitter_card":"summary_large_image","twitter_misc":{"Procijenjeno vrijeme \u010ditanja":"1 minuta"},"schema":{"@context":"https:\/\/schema.org","@graph":[{"@type":"WebPage","@id":"https:\/\/romlay.hr\/proizvod\/hyponic-show-conditioner-500ml\/","url":"https:\/\/romlay.hr\/proizvod\/hyponic-show-conditioner-500ml\/","name":"Hyponic show conditioner - Romlay","isPartOf":{"@id":"https:\/\/romlay.hr\/#website"},"primaryImageOfPage":{"@id":"https:\/\/romlay.hr\/proizvod\/hyponic-show-conditioner-500ml\/#primaryimage"},"image":{"@id":"https:\/\/romlay.hr\/proizvod\/hyponic-show-conditioner-500ml\/#primaryimage"},"thumbnailUrl":"https:\/\/romlay.hr\/wp-content\/uploads\/2024\/04\/HYPONIC-FOR-SHOW-MILK-PROTEIN-CONDITIONER.webp","datePublished":"2024-04-10T09:33:59+00:00","dateModified":"2025-09-20T10:53:09+00:00","breadcrumb":{"@id":"https:\/\/romlay.hr\/proizvod\/hyponic-show-conditioner-500ml\/#breadcrumb"},"inLanguage":"hr","potentialAction":[{"@type":"ReadAction","target":["https:\/\/romlay.hr\/proizvod\/hyponic-show-conditioner-500ml\/"]}]},{"@type":"ImageObject","inLanguage":"hr","@id":"https:\/\/romlay.hr\/proizvod\/hyponic-show-conditioner-500ml\/#primaryimage","url":"https:\/\/romlay.hr\/wp-content\/uploads\/2024\/04\/HYPONIC-FOR-SHOW-MILK-PROTEIN-CONDITIONER.webp","contentUrl":"https:\/\/romlay.hr\/wp-content\/uploads\/2024\/04\/HYPONIC-FOR-SHOW-MILK-PROTEIN-CONDITIONER.webp","width":1200,"height":1200},{"@type":"BreadcrumbList","@id":"https:\/\/romlay.hr\/proizvod\/hyponic-show-conditioner-500ml\/#breadcrumb","itemListElement":[{"@type":"ListItem","position":1,"name":"Po\u010detna stranica","item":"https:\/\/romlay.hr\/"},{"@type":"ListItem","position":2,"name":"Proizvodi","item":"https:\/\/romlay.hr\/shop\/"},{"@type":"ListItem","position":3,"name":"Hyponic show conditioner"}]},{"@type":"WebSite","@id":"https:\/\/romlay.hr\/#website","url":"https:\/\/romlay.hr\/","name":"Romlay","description":"Toy dog specialist","publisher":{"@id":"https:\/\/romlay.hr\/#organization"},"potentialAction":[{"@type":"SearchAction","target":{"@type":"EntryPoint","urlTemplate":"https:\/\/romlay.hr\/?s={search_term_string}"},"query-input":{"@type":"PropertyValueSpecification","valueRequired":true,"valueName":"search_term_string"}}],"inLanguage":"hr"},{"@type":"Organization","@id":"https:\/\/romlay.hr\/#organization","name":"Romlay","url":"https:\/\/romlay.hr\/","logo":{"@type":"ImageObject","inLanguage":"hr","@id":"https:\/\/romlay.hr\/#\/schema\/logo\/image\/","url":"https:\/\/romlay.hr\/wp-content\/uploads\/2023\/04\/cropped-Romlay-1.png","contentUrl":"https:\/\/romlay.hr\/wp-content\/uploads\/2023\/04\/cropped-Romlay-1.png","width":978,"height":1645,"caption":"Romlay"},"image":{"@id":"https:\/\/romlay.hr\/#\/schema\/logo\/image\/"}}]}},"_links":{"self":[{"href":"https:\/\/romlay.hr\/hr\/wp-json\/wp\/v2\/product\/845","targetHints":{"allow":["GET"]}}],"collection":[{"href":"https:\/\/romlay.hr\/hr\/wp-json\/wp\/v2\/product"}],"about":[{"href":"https:\/\/romlay.hr\/hr\/wp-json\/wp\/v2\/types\/product"}],"wp:featuredmedia":[{"embeddable":true,"href":"https:\/\/romlay.hr\/hr\/wp-json\/wp\/v2\/media\/1237"}],"wp:attachment":[{"href":"https:\/\/romlay.hr\/hr\/wp-json\/wp\/v2\/media?parent=845"}],"wp:term":[{"taxonomy":"product_brand","embeddable":true,"href":"https:\/\/romlay.hr\/hr\/wp-json\/wp\/v2\/product_brand?post=845"},{"taxonomy":"product_cat","embeddable":true,"href":"https:\/\/romlay.hr\/hr\/wp-json\/wp\/v2\/product_cat?post=845"},{"taxonomy":"product_tag","embeddable":true,"href":"https:\/\/romlay.hr\/hr\/wp-json\/wp\/v2\/product_tag?post=845"}],"curies":[{"name":"wp","href":"https:\/\/api.w.org\/{rel}","templated":true}]}}