{"id":841,"date":"2024-04-10T09:26:12","date_gmt":"2024-04-10T09:26:12","guid":{"rendered":"https:\/\/romlay.hr\/?post_type=product&#038;p=841"},"modified":"2026-01-21T22:22:49","modified_gmt":"2026-01-21T22:22:49","slug":"hyponic-hypoallergen-shampoopuppy300ml","status":"publish","type":"product","link":"https:\/\/romlay.hr\/hr\/proizvod\/hyponic-hypoallergen-shampoopuppy300ml\/","title":{"rendered":"HYPONIC Hipoalergeni \u0160ampon (za \u0161tence) 300ml"},"content":{"rendered":"<p>HYPONIC Hipoalergeni \u0160ampon posebno je osmi\u0161ljen za dubinsku hidrataciju ko\u017ee i dlake \u0161tenaca do 12 mjeseci starosti te pasa s kratkom dlakom. Izra\u0111en od 100% prirodnih sredstava za \u010di\u0161\u0107enje, bez \u0161tetnih kemijskih tvari, pru\u017ea nje\u017enu i sigurnu njegu. Bogata, kremasta pjena i ugodan osje\u0107aj pranja \u010dine regenerator nepotrebnim. Ovaj \u0161ampon pru\u017ea sigurnu i u\u010dinkovitu njegu za \u0161tence i pse s osjetljivom ko\u017eom, odr\u017eavaju\u0107i ko\u017eu zdravom i dlaku mekanom i sjajnom. Savr\u0161en izbor za vlasnike koji \u017eele nje\u017enu i prirodnu njegu za svoje ljubimce.<\/p>\n<p>\u2022 Hidratizira suhu ko\u017eu<\/p>\n<p>\u2022 Dermatolo\u0161ki testiran \u2013 ocjena \"Izvrstan\"<span class=\"Apple-converted-space\">\u00a0<\/span><\/p>\n<p>\u2022 Prirodan i hipoalergen<\/p>\n<p>\u2022 Ne zahtijeva regenerator<span class=\"Apple-converted-space\">\u00a0<\/span><\/p>\n<p>\u2022 100% pouzdan proizvod s jamstvom zadovoljstva<span class=\"Apple-converted-space\">\u00a0<\/span><\/p>","protected":false},"excerpt":{"rendered":"<p>HYPONIC Hypoallergenic Shampoo (for puppies &amp; short coats) is specially designed for deep moisturizing of the skin and coat of puppies, 12 months or younger, and short coat dogs. HYPONIC Shampoo is made from 100% natural cleansing agents and free of hazardous chemical substances. Rich, creamy bubbles and the soft feeling of washing do not require a conditioner. \u2022 MOISTURIZES DRY SKIN \u2022 DERMATEST RATED, EXCELLENT\u00a0 \u2022 HYPOALLERGENIC &amp; NATURAL \u2022 NO CONDITIONER REQUIRED\u00a0 \u2022 100% TRUSTED &amp; SATISFACTION GUARANTEED\u00a0<\/p>","protected":false},"featured_media":842,"template":"","meta":{"_monsterinsights_skip_tracking":false,"_monsterinsights_sitenote_active":false,"_monsterinsights_sitenote_note":"","_monsterinsights_sitenote_category":0,"site-sidebar-layout":"default","site-content-layout":"default","ast-site-content-layout":"default","site-content-style":"default","site-sidebar-style":"default","ast-global-header-display":"","ast-banner-title-visibility":"","ast-main-header-display":"","ast-hfb-above-header-display":"","ast-hfb-below-header-display":"","ast-hfb-mobile-header-display":"","site-post-title":"","ast-breadcrumbs-content":"","ast-featured-img":"","footer-sml-layout":"","ast-disable-related-posts":"","theme-transparent-header-meta":"default","adv-header-id-meta":"","stick-header-meta":"","header-above-stick-meta":"","header-main-stick-meta":"","header-below-stick-meta":"","astra-migrate-meta-layouts":"set","ast-page-background-enabled":"default","ast-page-background-meta":{"desktop":{"background-color":"var(--ast-global-color-4)","background-image":"","background-repeat":"repeat","background-position":"center center","background-size":"auto","background-attachment":"scroll","background-type":"","background-media":"","overlay-type":"","overlay-color":"","overlay-opacity":"","overlay-gradient":""},"tablet":{"background-color":"","background-image":"","background-repeat":"repeat","background-position":"center center","background-size":"auto","background-attachment":"scroll","background-type":"","background-media":"","overlay-type":"","overlay-color":"","overlay-opacity":"","overlay-gradient":""},"mobile":{"background-color":"","background-image":"","background-repeat":"repeat","background-position":"center center","background-size":"auto","background-attachment":"scroll","background-type":"","background-media":"","overlay-type":"","overlay-color":"","overlay-opacity":"","overlay-gradient":""}},"ast-content-background-meta":{"desktop":{"background-color":"var(--ast-global-color-5)","background-image":"","background-repeat":"repeat","background-position":"center center","background-size":"auto","background-attachment":"scroll","background-type":"","background-media":"","overlay-type":"","overlay-color":"","overlay-opacity":"","overlay-gradient":""},"tablet":{"background-color":"var(--ast-global-color-5)","background-image":"","background-repeat":"repeat","background-position":"center center","background-size":"auto","background-attachment":"scroll","background-type":"","background-media":"","overlay-type":"","overlay-color":"","overlay-opacity":"","overlay-gradient":""},"mobile":{"background-color":"var(--ast-global-color-5)","background-image":"","background-repeat":"repeat","background-position":"center center","background-size":"auto","background-attachment":"scroll","background-type":"","background-media":"","overlay-type":"","overlay-color":"","overlay-opacity":"","overlay-gradient":""}}},"product_brand":[],"product_cat":[24,51],"product_tag":[],"class_list":{"0":"post-841","1":"product","2":"type-product","3":"status-publish","4":"has-post-thumbnail","6":"product_cat-coat-care","7":"product_cat-hyponic","8":"desktop-align-left","9":"tablet-align-left","10":"mobile-align-left","12":"first","13":"instock","14":"shipping-taxable","15":"purchasable","16":"product-type-simple"},"yoast_head":"<!-- This site is optimized with the Yoast SEO plugin v27.4 - https:\/\/yoast.com\/product\/yoast-seo-wordpress\/ -->\n<title>HYPONIC Hypoallergen Shampoo(puppy)300ml - Romlay<\/title>\n<meta name=\"robots\" content=\"index, follow, max-snippet:-1, max-image-preview:large, max-video-preview:-1\" \/>\n<link rel=\"canonical\" href=\"https:\/\/romlay.hr\/hr\/proizvod\/hyponic-hypoallergen-shampoopuppy300ml\/\" \/>\n<meta property=\"og:locale\" content=\"hr_HR\" \/>\n<meta property=\"og:type\" content=\"article\" \/>\n<meta property=\"og:title\" content=\"HYPONIC Hypoallergen Shampoo(puppy)300ml - Romlay\" \/>\n<meta property=\"og:description\" content=\"HYPONIC Hypoallergenic Shampoo (for puppies &amp; short coats) is specially designed for deep moisturizing of the skin and coat of puppies, 12 months or younger, and short coat dogs. HYPONIC Shampoo is made from 100% natural cleansing agents and free of hazardous chemical substances. Rich, creamy bubbles and the soft feeling of washing do not require a conditioner. \u2022 MOISTURIZES DRY SKIN \u2022 DERMATEST RATED, EXCELLENT\u00a0 \u2022 HYPOALLERGENIC &amp; NATURAL \u2022 NO CONDITIONER REQUIRED\u00a0 \u2022 100% TRUSTED &amp; SATISFACTION GUARANTEED\u00a0\" \/>\n<meta property=\"og:url\" content=\"https:\/\/romlay.hr\/hr\/proizvod\/hyponic-hypoallergen-shampoopuppy300ml\/\" \/>\n<meta property=\"og:site_name\" content=\"Romlay\" \/>\n<meta property=\"article:modified_time\" content=\"2026-01-21T22:22:49+00:00\" \/>\n<meta property=\"og:image\" content=\"https:\/\/romlay.hr\/wp-content\/uploads\/2024\/04\/Aem20210629100952.png\" \/>\n\t<meta property=\"og:image:width\" content=\"500\" \/>\n\t<meta property=\"og:image:height\" content=\"500\" \/>\n\t<meta property=\"og:image:type\" content=\"image\/png\" \/>\n<meta name=\"twitter:card\" content=\"summary_large_image\" \/>\n<meta name=\"twitter:label1\" content=\"Procijenjeno vrijeme \u010ditanja\" \/>\n\t<meta name=\"twitter:data1\" content=\"1 minuta\" \/>\n<script type=\"application\/ld+json\" class=\"yoast-schema-graph\">{\"@context\":\"https:\\\/\\\/schema.org\",\"@graph\":[{\"@type\":\"WebPage\",\"@id\":\"https:\\\/\\\/romlay.hr\\\/proizvod\\\/hyponic-hypoallergen-shampoopuppy300ml\\\/\",\"url\":\"https:\\\/\\\/romlay.hr\\\/proizvod\\\/hyponic-hypoallergen-shampoopuppy300ml\\\/\",\"name\":\"HYPONIC Hypoallergen Shampoo(puppy)300ml - Romlay\",\"isPartOf\":{\"@id\":\"https:\\\/\\\/romlay.hr\\\/#website\"},\"primaryImageOfPage\":{\"@id\":\"https:\\\/\\\/romlay.hr\\\/proizvod\\\/hyponic-hypoallergen-shampoopuppy300ml\\\/#primaryimage\"},\"image\":{\"@id\":\"https:\\\/\\\/romlay.hr\\\/proizvod\\\/hyponic-hypoallergen-shampoopuppy300ml\\\/#primaryimage\"},\"thumbnailUrl\":\"https:\\\/\\\/romlay.hr\\\/wp-content\\\/uploads\\\/2024\\\/04\\\/Aem20210629100952.png\",\"datePublished\":\"2024-04-10T09:26:12+00:00\",\"dateModified\":\"2026-01-21T22:22:49+00:00\",\"breadcrumb\":{\"@id\":\"https:\\\/\\\/romlay.hr\\\/proizvod\\\/hyponic-hypoallergen-shampoopuppy300ml\\\/#breadcrumb\"},\"inLanguage\":\"hr\",\"potentialAction\":[{\"@type\":\"ReadAction\",\"target\":[\"https:\\\/\\\/romlay.hr\\\/proizvod\\\/hyponic-hypoallergen-shampoopuppy300ml\\\/\"]}]},{\"@type\":\"ImageObject\",\"inLanguage\":\"hr\",\"@id\":\"https:\\\/\\\/romlay.hr\\\/proizvod\\\/hyponic-hypoallergen-shampoopuppy300ml\\\/#primaryimage\",\"url\":\"https:\\\/\\\/romlay.hr\\\/wp-content\\\/uploads\\\/2024\\\/04\\\/Aem20210629100952.png\",\"contentUrl\":\"https:\\\/\\\/romlay.hr\\\/wp-content\\\/uploads\\\/2024\\\/04\\\/Aem20210629100952.png\",\"width\":500,\"height\":500},{\"@type\":\"BreadcrumbList\",\"@id\":\"https:\\\/\\\/romlay.hr\\\/proizvod\\\/hyponic-hypoallergen-shampoopuppy300ml\\\/#breadcrumb\",\"itemListElement\":[{\"@type\":\"ListItem\",\"position\":1,\"name\":\"Po\u010detna stranica\",\"item\":\"https:\\\/\\\/romlay.hr\\\/\"},{\"@type\":\"ListItem\",\"position\":2,\"name\":\"Proizvodi\",\"item\":\"https:\\\/\\\/romlay.hr\\\/shop\\\/\"},{\"@type\":\"ListItem\",\"position\":3,\"name\":\"HYPONIC Hypoallergen Shampoo(puppy)300ml\"}]},{\"@type\":\"WebSite\",\"@id\":\"https:\\\/\\\/romlay.hr\\\/#website\",\"url\":\"https:\\\/\\\/romlay.hr\\\/\",\"name\":\"Romlay\",\"description\":\"Toy dog specialist\",\"publisher\":{\"@id\":\"https:\\\/\\\/romlay.hr\\\/#organization\"},\"potentialAction\":[{\"@type\":\"SearchAction\",\"target\":{\"@type\":\"EntryPoint\",\"urlTemplate\":\"https:\\\/\\\/romlay.hr\\\/?s={search_term_string}\"},\"query-input\":{\"@type\":\"PropertyValueSpecification\",\"valueRequired\":true,\"valueName\":\"search_term_string\"}}],\"inLanguage\":\"hr\"},{\"@type\":\"Organization\",\"@id\":\"https:\\\/\\\/romlay.hr\\\/#organization\",\"name\":\"Romlay\",\"url\":\"https:\\\/\\\/romlay.hr\\\/\",\"logo\":{\"@type\":\"ImageObject\",\"inLanguage\":\"hr\",\"@id\":\"https:\\\/\\\/romlay.hr\\\/#\\\/schema\\\/logo\\\/image\\\/\",\"url\":\"https:\\\/\\\/romlay.hr\\\/wp-content\\\/uploads\\\/2023\\\/04\\\/cropped-Romlay-1.png\",\"contentUrl\":\"https:\\\/\\\/romlay.hr\\\/wp-content\\\/uploads\\\/2023\\\/04\\\/cropped-Romlay-1.png\",\"width\":978,\"height\":1645,\"caption\":\"Romlay\"},\"image\":{\"@id\":\"https:\\\/\\\/romlay.hr\\\/#\\\/schema\\\/logo\\\/image\\\/\"}}]}<\/script>\n<!-- \/ Yoast SEO plugin. -->","yoast_head_json":{"title":"HYPONIC Hypoallergen Shampoo(puppy)300ml - Romlay","robots":{"index":"index","follow":"follow","max-snippet":"max-snippet:-1","max-image-preview":"max-image-preview:large","max-video-preview":"max-video-preview:-1"},"canonical":"https:\/\/romlay.hr\/hr\/proizvod\/hyponic-hypoallergen-shampoopuppy300ml\/","og_locale":"hr_HR","og_type":"article","og_title":"HYPONIC Hypoallergen Shampoo(puppy)300ml - Romlay","og_description":"HYPONIC Hypoallergenic Shampoo (for puppies &amp; short coats) is specially designed for deep moisturizing of the skin and coat of puppies, 12 months or younger, and short coat dogs. HYPONIC Shampoo is made from 100% natural cleansing agents and free of hazardous chemical substances. Rich, creamy bubbles and the soft feeling of washing do not require a conditioner. \u2022 MOISTURIZES DRY SKIN \u2022 DERMATEST RATED, EXCELLENT\u00a0 \u2022 HYPOALLERGENIC &amp; NATURAL \u2022 NO CONDITIONER REQUIRED\u00a0 \u2022 100% TRUSTED &amp; SATISFACTION GUARANTEED\u00a0","og_url":"https:\/\/romlay.hr\/hr\/proizvod\/hyponic-hypoallergen-shampoopuppy300ml\/","og_site_name":"Romlay","article_modified_time":"2026-01-21T22:22:49+00:00","og_image":[{"width":500,"height":500,"url":"https:\/\/romlay.hr\/wp-content\/uploads\/2024\/04\/Aem20210629100952.png","type":"image\/png"}],"twitter_card":"summary_large_image","twitter_misc":{"Procijenjeno vrijeme \u010ditanja":"1 minuta"},"schema":{"@context":"https:\/\/schema.org","@graph":[{"@type":"WebPage","@id":"https:\/\/romlay.hr\/proizvod\/hyponic-hypoallergen-shampoopuppy300ml\/","url":"https:\/\/romlay.hr\/proizvod\/hyponic-hypoallergen-shampoopuppy300ml\/","name":"HYPONIC Hypoallergen Shampoo(puppy)300ml - Romlay","isPartOf":{"@id":"https:\/\/romlay.hr\/#website"},"primaryImageOfPage":{"@id":"https:\/\/romlay.hr\/proizvod\/hyponic-hypoallergen-shampoopuppy300ml\/#primaryimage"},"image":{"@id":"https:\/\/romlay.hr\/proizvod\/hyponic-hypoallergen-shampoopuppy300ml\/#primaryimage"},"thumbnailUrl":"https:\/\/romlay.hr\/wp-content\/uploads\/2024\/04\/Aem20210629100952.png","datePublished":"2024-04-10T09:26:12+00:00","dateModified":"2026-01-21T22:22:49+00:00","breadcrumb":{"@id":"https:\/\/romlay.hr\/proizvod\/hyponic-hypoallergen-shampoopuppy300ml\/#breadcrumb"},"inLanguage":"hr","potentialAction":[{"@type":"ReadAction","target":["https:\/\/romlay.hr\/proizvod\/hyponic-hypoallergen-shampoopuppy300ml\/"]}]},{"@type":"ImageObject","inLanguage":"hr","@id":"https:\/\/romlay.hr\/proizvod\/hyponic-hypoallergen-shampoopuppy300ml\/#primaryimage","url":"https:\/\/romlay.hr\/wp-content\/uploads\/2024\/04\/Aem20210629100952.png","contentUrl":"https:\/\/romlay.hr\/wp-content\/uploads\/2024\/04\/Aem20210629100952.png","width":500,"height":500},{"@type":"BreadcrumbList","@id":"https:\/\/romlay.hr\/proizvod\/hyponic-hypoallergen-shampoopuppy300ml\/#breadcrumb","itemListElement":[{"@type":"ListItem","position":1,"name":"Po\u010detna stranica","item":"https:\/\/romlay.hr\/"},{"@type":"ListItem","position":2,"name":"Proizvodi","item":"https:\/\/romlay.hr\/shop\/"},{"@type":"ListItem","position":3,"name":"HYPONIC Hypoallergen Shampoo(puppy)300ml"}]},{"@type":"WebSite","@id":"https:\/\/romlay.hr\/#website","url":"https:\/\/romlay.hr\/","name":"Romlay","description":"Toy dog specialist","publisher":{"@id":"https:\/\/romlay.hr\/#organization"},"potentialAction":[{"@type":"SearchAction","target":{"@type":"EntryPoint","urlTemplate":"https:\/\/romlay.hr\/?s={search_term_string}"},"query-input":{"@type":"PropertyValueSpecification","valueRequired":true,"valueName":"search_term_string"}}],"inLanguage":"hr"},{"@type":"Organization","@id":"https:\/\/romlay.hr\/#organization","name":"Romlay","url":"https:\/\/romlay.hr\/","logo":{"@type":"ImageObject","inLanguage":"hr","@id":"https:\/\/romlay.hr\/#\/schema\/logo\/image\/","url":"https:\/\/romlay.hr\/wp-content\/uploads\/2023\/04\/cropped-Romlay-1.png","contentUrl":"https:\/\/romlay.hr\/wp-content\/uploads\/2023\/04\/cropped-Romlay-1.png","width":978,"height":1645,"caption":"Romlay"},"image":{"@id":"https:\/\/romlay.hr\/#\/schema\/logo\/image\/"}}]}},"_links":{"self":[{"href":"https:\/\/romlay.hr\/hr\/wp-json\/wp\/v2\/product\/841","targetHints":{"allow":["GET"]}}],"collection":[{"href":"https:\/\/romlay.hr\/hr\/wp-json\/wp\/v2\/product"}],"about":[{"href":"https:\/\/romlay.hr\/hr\/wp-json\/wp\/v2\/types\/product"}],"wp:featuredmedia":[{"embeddable":true,"href":"https:\/\/romlay.hr\/hr\/wp-json\/wp\/v2\/media\/842"}],"wp:attachment":[{"href":"https:\/\/romlay.hr\/hr\/wp-json\/wp\/v2\/media?parent=841"}],"wp:term":[{"taxonomy":"product_brand","embeddable":true,"href":"https:\/\/romlay.hr\/hr\/wp-json\/wp\/v2\/product_brand?post=841"},{"taxonomy":"product_cat","embeddable":true,"href":"https:\/\/romlay.hr\/hr\/wp-json\/wp\/v2\/product_cat?post=841"},{"taxonomy":"product_tag","embeddable":true,"href":"https:\/\/romlay.hr\/hr\/wp-json\/wp\/v2\/product_tag?post=841"}],"curies":[{"name":"wp","href":"https:\/\/api.w.org\/{rel}","templated":true}]}}