{"id":819,"date":"2024-04-10T08:56:01","date_gmt":"2024-04-10T08:56:01","guid":{"rendered":"https:\/\/romlay.hr\/?post_type=product&#038;p=819"},"modified":"2025-09-08T17:07:46","modified_gmt":"2025-09-08T17:07:46","slug":"hyponic-dry-shampoo-unscented-190ml","status":"publish","type":"product","link":"https:\/\/romlay.hr\/hr\/proizvod\/hyponic-dry-shampoo-unscented-190ml\/","title":{"rendered":"HYPONIC Hipoalergeni Suhi \u0160ampon bez mirisa 190ml"},"content":{"rendered":"<p>Njegujte svog ljubimca s prirodnim sastojcima koji poma\u017eu odr\u017eati svje\u017einu \u2013 HYPONIC Hipoalergeni Suhi \u0160ampon bez mirisa izra\u0111en je od 100% prirodnih sredstava za \u010di\u0161\u0107enje i potpuno je bez \u0161tetnih kemijskih tvari. Formuliran s ekstraktom hinoki \u010dempresa, osigurava meku i sjajnu dlaku. Idealan je za ljubimce koji ne vole kupanje i savr\u0161en za ma\u010dke.<\/p>\n<p>Za razliku od ostalih suhih \u0161ampona, potpuno je oslobo\u0111en \u0161tetnih kemikalija poput parabena, sulfata, silikona, mineralnog ulja i sli\u010dnih sastojaka! Budu\u0107i da je hipoalergen i ne zahtijeva ispiranje, izuzetno je pogodan za ljubimce s osjetljivom ko\u017eom i savr\u0161en je za putovanja. Savr\u0161en za brzo i u\u010dinkovito odr\u017eavanje higijene va\u0161eg ljubimca bez stresa od kupanja. Idealno za osjetljivu ko\u017eu i svakodnevnu njegu, ovaj \u0161ampon je prakti\u010dan i siguran izbor.<\/p>\n<p><span class=\"Apple-converted-space\">\u00a0 <\/span>Ne zahtijeva vodu<span class=\"Apple-converted-space\">\u00a0<\/span><\/p>\n<p><span class=\"Apple-converted-space\">\u00a0 <\/span>Za ciljano \u010di\u0161\u0107enje<\/p>\n<p><span class=\"Apple-converted-space\">\u00a0 <\/span>Hipoalergen i prirodan<\/p>\n<p><span class=\"Apple-converted-space\">\u00a0 <\/span>Ne zahtijeva regenerator<span class=\"Apple-converted-space\">\u00a0<\/span><\/p>\n<p><span class=\"Apple-converted-space\">\u00a0 <\/span>100% pouzdan: Zadovoljstvo zajam\u010deno.<span class=\"Apple-converted-space\">\u00a0<\/span><\/p>","protected":false},"excerpt":{"rendered":"<p>Groom your pet with ingredients that help him stay fresh naturally \u2013 HYPONIC Hypoallergenic Waterless Shampoo is made from 100% natural cleansing agents and free of hazardous chemical substances. This gentle cleanser is formulated with Hinoki Cypress for a soft and shiny coat. Ideal for pets that don\u2019t like being washed and perfect for cats. Unlike other waterless shampoos on the market, it\u2019s completely free of harmful chemicals like parabens, sulfates, silicone, mineral oil and more! And since it\u2019s hypoallergenic and doesn\u2019t need to be rinsed with water, it\u2019s especially great for sidekicks with sensitive skin and for traveling! \u00a0 NO WATER REQUIRED\u00a0 \u00a0 SPOT CLEANING \u00a0 HYPOALLERGENIC &amp; NATURAL \u00a0 NO CONDITIONER REQUIRED\u00a0 \u00a0 100% TRUSTED &amp; SATISFACTION GUARANTEED\u00a0<\/p>","protected":false},"featured_media":1244,"template":"","meta":{"_monsterinsights_skip_tracking":false,"_monsterinsights_sitenote_active":false,"_monsterinsights_sitenote_note":"","_monsterinsights_sitenote_category":0,"site-sidebar-layout":"default","site-content-layout":"default","ast-site-content-layout":"default","site-content-style":"default","site-sidebar-style":"default","ast-global-header-display":"","ast-banner-title-visibility":"","ast-main-header-display":"","ast-hfb-above-header-display":"","ast-hfb-below-header-display":"","ast-hfb-mobile-header-display":"","site-post-title":"","ast-breadcrumbs-content":"","ast-featured-img":"","footer-sml-layout":"","ast-disable-related-posts":"","theme-transparent-header-meta":"default","adv-header-id-meta":"","stick-header-meta":"","header-above-stick-meta":"","header-main-stick-meta":"","header-below-stick-meta":"","astra-migrate-meta-layouts":"set","ast-page-background-enabled":"default","ast-page-background-meta":{"desktop":{"background-color":"var(--ast-global-color-4)","background-image":"","background-repeat":"repeat","background-position":"center center","background-size":"auto","background-attachment":"scroll","background-type":"","background-media":"","overlay-type":"","overlay-color":"","overlay-opacity":"","overlay-gradient":""},"tablet":{"background-color":"","background-image":"","background-repeat":"repeat","background-position":"center center","background-size":"auto","background-attachment":"scroll","background-type":"","background-media":"","overlay-type":"","overlay-color":"","overlay-opacity":"","overlay-gradient":""},"mobile":{"background-color":"","background-image":"","background-repeat":"repeat","background-position":"center center","background-size":"auto","background-attachment":"scroll","background-type":"","background-media":"","overlay-type":"","overlay-color":"","overlay-opacity":"","overlay-gradient":""}},"ast-content-background-meta":{"desktop":{"background-color":"var(--ast-global-color-5)","background-image":"","background-repeat":"repeat","background-position":"center center","background-size":"auto","background-attachment":"scroll","background-type":"","background-media":"","overlay-type":"","overlay-color":"","overlay-opacity":"","overlay-gradient":""},"tablet":{"background-color":"var(--ast-global-color-5)","background-image":"","background-repeat":"repeat","background-position":"center center","background-size":"auto","background-attachment":"scroll","background-type":"","background-media":"","overlay-type":"","overlay-color":"","overlay-opacity":"","overlay-gradient":""},"mobile":{"background-color":"var(--ast-global-color-5)","background-image":"","background-repeat":"repeat","background-position":"center center","background-size":"auto","background-attachment":"scroll","background-type":"","background-media":"","overlay-type":"","overlay-color":"","overlay-opacity":"","overlay-gradient":""}}},"product_brand":[],"product_cat":[24,51],"product_tag":[],"class_list":{"0":"post-819","1":"product","2":"type-product","3":"status-publish","4":"has-post-thumbnail","6":"product_cat-coat-care","7":"product_cat-hyponic","8":"desktop-align-left","9":"tablet-align-left","10":"mobile-align-left","12":"first","13":"outofstock","14":"shipping-taxable","15":"purchasable","16":"product-type-simple"},"yoast_head":"<!-- This site is optimized with the Yoast SEO plugin v27.4 - https:\/\/yoast.com\/product\/yoast-seo-wordpress\/ -->\n<title>HYPONIC Hypoallergen dry Shampoo unscented 190ml - Romlay<\/title>\n<meta name=\"robots\" content=\"index, follow, max-snippet:-1, max-image-preview:large, max-video-preview:-1\" \/>\n<link rel=\"canonical\" href=\"https:\/\/romlay.hr\/hr\/proizvod\/hyponic-dry-shampoo-unscented-190ml\/\" \/>\n<meta property=\"og:locale\" content=\"hr_HR\" \/>\n<meta property=\"og:type\" content=\"article\" \/>\n<meta property=\"og:title\" content=\"HYPONIC Hypoallergen dry Shampoo unscented 190ml - Romlay\" \/>\n<meta property=\"og:description\" content=\"Groom your pet with ingredients that help him stay fresh naturally \u2013 HYPONIC Hypoallergenic Waterless Shampoo is made from 100% natural cleansing agents and free of hazardous chemical substances. This gentle cleanser is formulated with Hinoki Cypress for a soft and shiny coat. Ideal for pets that don\u2019t like being washed and perfect for cats. Unlike other waterless shampoos on the market, it\u2019s completely free of harmful chemicals like parabens, sulfates, silicone, mineral oil and more! And since it\u2019s hypoallergenic and doesn\u2019t need to be rinsed with water, it\u2019s especially great for sidekicks with sensitive skin and for traveling! \u00a0 NO WATER REQUIRED\u00a0 \u00a0 SPOT CLEANING \u00a0 HYPOALLERGENIC &amp; NATURAL \u00a0 NO CONDITIONER REQUIRED\u00a0 \u00a0 100% TRUSTED &amp; SATISFACTION GUARANTEED\u00a0\" \/>\n<meta property=\"og:url\" content=\"https:\/\/romlay.hr\/hr\/proizvod\/hyponic-dry-shampoo-unscented-190ml\/\" \/>\n<meta property=\"og:site_name\" content=\"Romlay\" \/>\n<meta property=\"article:modified_time\" content=\"2025-09-08T17:07:46+00:00\" \/>\n<meta property=\"og:image\" content=\"https:\/\/romlay.hr\/wp-content\/uploads\/2024\/04\/HYPONIC-HYPOALLERGEN-DRY-SHAMPOO-UNSCENTED-190ML.webp\" \/>\n\t<meta property=\"og:image:width\" content=\"1200\" \/>\n\t<meta property=\"og:image:height\" content=\"1200\" \/>\n\t<meta property=\"og:image:type\" content=\"image\/webp\" \/>\n<meta name=\"twitter:card\" content=\"summary_large_image\" \/>\n<meta name=\"twitter:label1\" content=\"Procijenjeno vrijeme \u010ditanja\" \/>\n\t<meta name=\"twitter:data1\" content=\"1 minuta\" \/>\n<script type=\"application\/ld+json\" class=\"yoast-schema-graph\">{\"@context\":\"https:\\\/\\\/schema.org\",\"@graph\":[{\"@type\":\"WebPage\",\"@id\":\"https:\\\/\\\/romlay.hr\\\/proizvod\\\/hyponic-dry-shampoo-unscented-190ml\\\/\",\"url\":\"https:\\\/\\\/romlay.hr\\\/proizvod\\\/hyponic-dry-shampoo-unscented-190ml\\\/\",\"name\":\"HYPONIC Hypoallergen dry Shampoo unscented 190ml - Romlay\",\"isPartOf\":{\"@id\":\"https:\\\/\\\/romlay.hr\\\/#website\"},\"primaryImageOfPage\":{\"@id\":\"https:\\\/\\\/romlay.hr\\\/proizvod\\\/hyponic-dry-shampoo-unscented-190ml\\\/#primaryimage\"},\"image\":{\"@id\":\"https:\\\/\\\/romlay.hr\\\/proizvod\\\/hyponic-dry-shampoo-unscented-190ml\\\/#primaryimage\"},\"thumbnailUrl\":\"https:\\\/\\\/romlay.hr\\\/wp-content\\\/uploads\\\/2024\\\/04\\\/HYPONIC-HYPOALLERGEN-DRY-SHAMPOO-UNSCENTED-190ML.webp\",\"datePublished\":\"2024-04-10T08:56:01+00:00\",\"dateModified\":\"2025-09-08T17:07:46+00:00\",\"breadcrumb\":{\"@id\":\"https:\\\/\\\/romlay.hr\\\/proizvod\\\/hyponic-dry-shampoo-unscented-190ml\\\/#breadcrumb\"},\"inLanguage\":\"hr\",\"potentialAction\":[{\"@type\":\"ReadAction\",\"target\":[\"https:\\\/\\\/romlay.hr\\\/proizvod\\\/hyponic-dry-shampoo-unscented-190ml\\\/\"]}]},{\"@type\":\"ImageObject\",\"inLanguage\":\"hr\",\"@id\":\"https:\\\/\\\/romlay.hr\\\/proizvod\\\/hyponic-dry-shampoo-unscented-190ml\\\/#primaryimage\",\"url\":\"https:\\\/\\\/romlay.hr\\\/wp-content\\\/uploads\\\/2024\\\/04\\\/HYPONIC-HYPOALLERGEN-DRY-SHAMPOO-UNSCENTED-190ML.webp\",\"contentUrl\":\"https:\\\/\\\/romlay.hr\\\/wp-content\\\/uploads\\\/2024\\\/04\\\/HYPONIC-HYPOALLERGEN-DRY-SHAMPOO-UNSCENTED-190ML.webp\",\"width\":1200,\"height\":1200,\"caption\":\"HYPONIC HYPOALLERGEN DRY SHAMPOO UNSCENTED 190ML\"},{\"@type\":\"BreadcrumbList\",\"@id\":\"https:\\\/\\\/romlay.hr\\\/proizvod\\\/hyponic-dry-shampoo-unscented-190ml\\\/#breadcrumb\",\"itemListElement\":[{\"@type\":\"ListItem\",\"position\":1,\"name\":\"Po\u010detna stranica\",\"item\":\"https:\\\/\\\/romlay.hr\\\/\"},{\"@type\":\"ListItem\",\"position\":2,\"name\":\"Proizvodi\",\"item\":\"https:\\\/\\\/romlay.hr\\\/shop\\\/\"},{\"@type\":\"ListItem\",\"position\":3,\"name\":\"HYPONIC Hypoallergen dry Shampoo unscented 190ml\"}]},{\"@type\":\"WebSite\",\"@id\":\"https:\\\/\\\/romlay.hr\\\/#website\",\"url\":\"https:\\\/\\\/romlay.hr\\\/\",\"name\":\"Romlay\",\"description\":\"Toy dog specialist\",\"publisher\":{\"@id\":\"https:\\\/\\\/romlay.hr\\\/#organization\"},\"potentialAction\":[{\"@type\":\"SearchAction\",\"target\":{\"@type\":\"EntryPoint\",\"urlTemplate\":\"https:\\\/\\\/romlay.hr\\\/?s={search_term_string}\"},\"query-input\":{\"@type\":\"PropertyValueSpecification\",\"valueRequired\":true,\"valueName\":\"search_term_string\"}}],\"inLanguage\":\"hr\"},{\"@type\":\"Organization\",\"@id\":\"https:\\\/\\\/romlay.hr\\\/#organization\",\"name\":\"Romlay\",\"url\":\"https:\\\/\\\/romlay.hr\\\/\",\"logo\":{\"@type\":\"ImageObject\",\"inLanguage\":\"hr\",\"@id\":\"https:\\\/\\\/romlay.hr\\\/#\\\/schema\\\/logo\\\/image\\\/\",\"url\":\"https:\\\/\\\/romlay.hr\\\/wp-content\\\/uploads\\\/2023\\\/04\\\/cropped-Romlay-1.png\",\"contentUrl\":\"https:\\\/\\\/romlay.hr\\\/wp-content\\\/uploads\\\/2023\\\/04\\\/cropped-Romlay-1.png\",\"width\":978,\"height\":1645,\"caption\":\"Romlay\"},\"image\":{\"@id\":\"https:\\\/\\\/romlay.hr\\\/#\\\/schema\\\/logo\\\/image\\\/\"}}]}<\/script>\n<!-- \/ Yoast SEO plugin. -->","yoast_head_json":{"title":"HYPONIC Hypoallergen dry Shampoo unscented 190ml - Romlay","robots":{"index":"index","follow":"follow","max-snippet":"max-snippet:-1","max-image-preview":"max-image-preview:large","max-video-preview":"max-video-preview:-1"},"canonical":"https:\/\/romlay.hr\/hr\/proizvod\/hyponic-dry-shampoo-unscented-190ml\/","og_locale":"hr_HR","og_type":"article","og_title":"HYPONIC Hypoallergen dry Shampoo unscented 190ml - Romlay","og_description":"Groom your pet with ingredients that help him stay fresh naturally \u2013 HYPONIC Hypoallergenic Waterless Shampoo is made from 100% natural cleansing agents and free of hazardous chemical substances. This gentle cleanser is formulated with Hinoki Cypress for a soft and shiny coat. Ideal for pets that don\u2019t like being washed and perfect for cats. Unlike other waterless shampoos on the market, it\u2019s completely free of harmful chemicals like parabens, sulfates, silicone, mineral oil and more! And since it\u2019s hypoallergenic and doesn\u2019t need to be rinsed with water, it\u2019s especially great for sidekicks with sensitive skin and for traveling! \u00a0 NO WATER REQUIRED\u00a0 \u00a0 SPOT CLEANING \u00a0 HYPOALLERGENIC &amp; NATURAL \u00a0 NO CONDITIONER REQUIRED\u00a0 \u00a0 100% TRUSTED &amp; SATISFACTION GUARANTEED\u00a0","og_url":"https:\/\/romlay.hr\/hr\/proizvod\/hyponic-dry-shampoo-unscented-190ml\/","og_site_name":"Romlay","article_modified_time":"2025-09-08T17:07:46+00:00","og_image":[{"width":1200,"height":1200,"url":"https:\/\/romlay.hr\/wp-content\/uploads\/2024\/04\/HYPONIC-HYPOALLERGEN-DRY-SHAMPOO-UNSCENTED-190ML.webp","type":"image\/webp"}],"twitter_card":"summary_large_image","twitter_misc":{"Procijenjeno vrijeme \u010ditanja":"1 minuta"},"schema":{"@context":"https:\/\/schema.org","@graph":[{"@type":"WebPage","@id":"https:\/\/romlay.hr\/proizvod\/hyponic-dry-shampoo-unscented-190ml\/","url":"https:\/\/romlay.hr\/proizvod\/hyponic-dry-shampoo-unscented-190ml\/","name":"HYPONIC Hypoallergen dry Shampoo unscented 190ml - Romlay","isPartOf":{"@id":"https:\/\/romlay.hr\/#website"},"primaryImageOfPage":{"@id":"https:\/\/romlay.hr\/proizvod\/hyponic-dry-shampoo-unscented-190ml\/#primaryimage"},"image":{"@id":"https:\/\/romlay.hr\/proizvod\/hyponic-dry-shampoo-unscented-190ml\/#primaryimage"},"thumbnailUrl":"https:\/\/romlay.hr\/wp-content\/uploads\/2024\/04\/HYPONIC-HYPOALLERGEN-DRY-SHAMPOO-UNSCENTED-190ML.webp","datePublished":"2024-04-10T08:56:01+00:00","dateModified":"2025-09-08T17:07:46+00:00","breadcrumb":{"@id":"https:\/\/romlay.hr\/proizvod\/hyponic-dry-shampoo-unscented-190ml\/#breadcrumb"},"inLanguage":"hr","potentialAction":[{"@type":"ReadAction","target":["https:\/\/romlay.hr\/proizvod\/hyponic-dry-shampoo-unscented-190ml\/"]}]},{"@type":"ImageObject","inLanguage":"hr","@id":"https:\/\/romlay.hr\/proizvod\/hyponic-dry-shampoo-unscented-190ml\/#primaryimage","url":"https:\/\/romlay.hr\/wp-content\/uploads\/2024\/04\/HYPONIC-HYPOALLERGEN-DRY-SHAMPOO-UNSCENTED-190ML.webp","contentUrl":"https:\/\/romlay.hr\/wp-content\/uploads\/2024\/04\/HYPONIC-HYPOALLERGEN-DRY-SHAMPOO-UNSCENTED-190ML.webp","width":1200,"height":1200,"caption":"HYPONIC HYPOALLERGEN DRY SHAMPOO UNSCENTED 190ML"},{"@type":"BreadcrumbList","@id":"https:\/\/romlay.hr\/proizvod\/hyponic-dry-shampoo-unscented-190ml\/#breadcrumb","itemListElement":[{"@type":"ListItem","position":1,"name":"Po\u010detna stranica","item":"https:\/\/romlay.hr\/"},{"@type":"ListItem","position":2,"name":"Proizvodi","item":"https:\/\/romlay.hr\/shop\/"},{"@type":"ListItem","position":3,"name":"HYPONIC Hypoallergen dry Shampoo unscented 190ml"}]},{"@type":"WebSite","@id":"https:\/\/romlay.hr\/#website","url":"https:\/\/romlay.hr\/","name":"Romlay","description":"Toy dog specialist","publisher":{"@id":"https:\/\/romlay.hr\/#organization"},"potentialAction":[{"@type":"SearchAction","target":{"@type":"EntryPoint","urlTemplate":"https:\/\/romlay.hr\/?s={search_term_string}"},"query-input":{"@type":"PropertyValueSpecification","valueRequired":true,"valueName":"search_term_string"}}],"inLanguage":"hr"},{"@type":"Organization","@id":"https:\/\/romlay.hr\/#organization","name":"Romlay","url":"https:\/\/romlay.hr\/","logo":{"@type":"ImageObject","inLanguage":"hr","@id":"https:\/\/romlay.hr\/#\/schema\/logo\/image\/","url":"https:\/\/romlay.hr\/wp-content\/uploads\/2023\/04\/cropped-Romlay-1.png","contentUrl":"https:\/\/romlay.hr\/wp-content\/uploads\/2023\/04\/cropped-Romlay-1.png","width":978,"height":1645,"caption":"Romlay"},"image":{"@id":"https:\/\/romlay.hr\/#\/schema\/logo\/image\/"}}]}},"_links":{"self":[{"href":"https:\/\/romlay.hr\/hr\/wp-json\/wp\/v2\/product\/819","targetHints":{"allow":["GET"]}}],"collection":[{"href":"https:\/\/romlay.hr\/hr\/wp-json\/wp\/v2\/product"}],"about":[{"href":"https:\/\/romlay.hr\/hr\/wp-json\/wp\/v2\/types\/product"}],"wp:featuredmedia":[{"embeddable":true,"href":"https:\/\/romlay.hr\/hr\/wp-json\/wp\/v2\/media\/1244"}],"wp:attachment":[{"href":"https:\/\/romlay.hr\/hr\/wp-json\/wp\/v2\/media?parent=819"}],"wp:term":[{"taxonomy":"product_brand","embeddable":true,"href":"https:\/\/romlay.hr\/hr\/wp-json\/wp\/v2\/product_brand?post=819"},{"taxonomy":"product_cat","embeddable":true,"href":"https:\/\/romlay.hr\/hr\/wp-json\/wp\/v2\/product_cat?post=819"},{"taxonomy":"product_tag","embeddable":true,"href":"https:\/\/romlay.hr\/hr\/wp-json\/wp\/v2\/product_tag?post=819"}],"curies":[{"name":"wp","href":"https:\/\/api.w.org\/{rel}","templated":true}]}}