{"id":811,"date":"2024-04-10T08:32:52","date_gmt":"2024-04-10T08:32:52","guid":{"rendered":"https:\/\/romlay.hr\/?post_type=product&#038;p=811"},"modified":"2025-08-24T13:32:41","modified_gmt":"2025-08-24T13:32:41","slug":"hyponic-pure-cotton-pads-pets-50sheets","status":"publish","type":"product","link":"https:\/\/romlay.hr\/hr\/proizvod\/hyponic-pure-cotton-pads-pets-50sheets\/","title":{"rendered":"HYPONIC Pamu\u010dni Jastu\u010di\u0107i za Ku\u0107ne Ljubimce (50 komada)"},"content":{"rendered":"<p>HYPONIC Cotton Pads izra\u0111eni su od 100% pamuka i posebno dizajnirani za nje\u017eno \u010di\u0161\u0107enje osjetljive ko\u017ee ku\u0107nih ljubimaca.<br \/>\n\u25cf Klju\u010dne zna\u010dajke:<br \/>\n100% pamu\u010dna tkanina: Komprimirana pomo\u0107u pro\u010di\u0161\u0107ene vode pod visokim pritiskom (metoda vodenog mlaza) kako bi se sprije\u010dilo stvaranje pra\u0161ine, vlakana i razdvajanja.\n\nUltra mekani i hipoalergeni: Sigurni za upotrebu na osjetljivoj ko\u017ei ku\u0107nih ljubimaca.\n\nFina tekstura: U\u010dinkovito uklanja ne\u010disto\u0107e s ko\u017ee, uklju\u010duju\u0107i podru\u010dja oko o\u010diju i u\u0161iju.\n\nVi\u0161enamjenska upotreba: Rasklopivi pamu\u010dni jastu\u010di\u0107i mogu se koristiti za \u010di\u0161\u0107enje podru\u010dja oko usta, \u0161apica i drugih povr\u0161ina.<br \/>\nKako koristiti na ljubimcima:<br \/>\n\u25cf \u010ci\u0161\u0107enje u\u0161iju: Koristite s teku\u0107inom za \u010di\u0161\u0107enje u\u0161iju.<br \/>\n\u25cf Njega o\u010diju: \u010cistite podru\u010dje oko o\u010diju i suznu liniju, bez rizika od ulaska vlakana u o\u010di.<br \/>\n\u25cf \u010ci\u0161\u0107enje zubi ili \u0161apica: Koristite umjesto gaze za u\u010dinkovito uklanjanje prljav\u0161tine.<br \/>\n.<br \/>\nHYPONIC Pamu\u010dni Jastu\u010di\u0107i su savr\u0161en dodatak za rutinsku njegu ku\u0107nih ljubimaca, pru\u017eaju\u0107i prakti\u010dnost, nje\u017enost i higijensku sigurnost.<\/p>","protected":false},"excerpt":{"rendered":"<p>Hyponic Cotton Pads \u2013 100% Cotton Smooth Cotton (50sheets) \u25cf 100% cotton fabric is compressed with purified water at high pressure (using waterjet method) to prevent dust flurries, lint and sliding. \u25cf Ultra soft, hypoallergenic cotton pads can be safely used on sensitive pets\u2019 skin. \u25cf The perforated, fine weave surface cleans away skin debris, including around the eyes and ears of the pet. \u25cf Unfoldable cotton pads can be used varyingly such as for cleansing around pet\u2019s mouth, the soles of the feet and other topical areas. How to use it on pets: \u25cf Cleanse ears, use with ear cleanser \u25cf Cleans the eyes and tear line, and will not throw out hair fragments into the eyes \u25cf Clean teeth or soles, use instead of gauze, effectively absorb dirt<\/p>","protected":false},"featured_media":812,"template":"","meta":{"_monsterinsights_skip_tracking":false,"_monsterinsights_sitenote_active":false,"_monsterinsights_sitenote_note":"","_monsterinsights_sitenote_category":0,"site-sidebar-layout":"default","site-content-layout":"default","ast-site-content-layout":"default","site-content-style":"default","site-sidebar-style":"default","ast-global-header-display":"","ast-banner-title-visibility":"","ast-main-header-display":"","ast-hfb-above-header-display":"","ast-hfb-below-header-display":"","ast-hfb-mobile-header-display":"","site-post-title":"","ast-breadcrumbs-content":"","ast-featured-img":"","footer-sml-layout":"","ast-disable-related-posts":"","theme-transparent-header-meta":"default","adv-header-id-meta":"","stick-header-meta":"","header-above-stick-meta":"","header-main-stick-meta":"","header-below-stick-meta":"","astra-migrate-meta-layouts":"default","ast-page-background-enabled":"default","ast-page-background-meta":{"desktop":{"background-color":"var(--ast-global-color-4)","background-image":"","background-repeat":"repeat","background-position":"center center","background-size":"auto","background-attachment":"scroll","background-type":"","background-media":"","overlay-type":"","overlay-color":"","overlay-opacity":"","overlay-gradient":""},"tablet":{"background-color":"","background-image":"","background-repeat":"repeat","background-position":"center center","background-size":"auto","background-attachment":"scroll","background-type":"","background-media":"","overlay-type":"","overlay-color":"","overlay-opacity":"","overlay-gradient":""},"mobile":{"background-color":"","background-image":"","background-repeat":"repeat","background-position":"center center","background-size":"auto","background-attachment":"scroll","background-type":"","background-media":"","overlay-type":"","overlay-color":"","overlay-opacity":"","overlay-gradient":""}},"ast-content-background-meta":{"desktop":{"background-color":"var(--ast-global-color-5)","background-image":"","background-repeat":"repeat","background-position":"center center","background-size":"auto","background-attachment":"scroll","background-type":"","background-media":"","overlay-type":"","overlay-color":"","overlay-opacity":"","overlay-gradient":""},"tablet":{"background-color":"var(--ast-global-color-5)","background-image":"","background-repeat":"repeat","background-position":"center center","background-size":"auto","background-attachment":"scroll","background-type":"","background-media":"","overlay-type":"","overlay-color":"","overlay-opacity":"","overlay-gradient":""},"mobile":{"background-color":"var(--ast-global-color-5)","background-image":"","background-repeat":"repeat","background-position":"center center","background-size":"auto","background-attachment":"scroll","background-type":"","background-media":"","overlay-type":"","overlay-color":"","overlay-opacity":"","overlay-gradient":""}}},"product_brand":[],"product_cat":[24,51],"product_tag":[],"class_list":{"0":"post-811","1":"product","2":"type-product","3":"status-publish","4":"has-post-thumbnail","6":"product_cat-coat-care","7":"product_cat-hyponic","8":"desktop-align-left","9":"tablet-align-left","10":"mobile-align-left","12":"first","13":"instock","14":"shipping-taxable","15":"purchasable","16":"product-type-simple"},"yoast_head":"<!-- This site is optimized with the Yoast SEO plugin v27.4 - https:\/\/yoast.com\/product\/yoast-seo-wordpress\/ -->\n<title>HYPONIC Pure Cotton Pads (pets) 50sheets - Romlay<\/title>\n<meta name=\"robots\" content=\"index, follow, max-snippet:-1, max-image-preview:large, max-video-preview:-1\" \/>\n<link rel=\"canonical\" href=\"https:\/\/romlay.hr\/hr\/proizvod\/hyponic-pure-cotton-pads-pets-50sheets\/\" \/>\n<meta property=\"og:locale\" content=\"hr_HR\" \/>\n<meta property=\"og:type\" content=\"article\" \/>\n<meta property=\"og:title\" content=\"HYPONIC Pure Cotton Pads (pets) 50sheets - Romlay\" \/>\n<meta property=\"og:description\" content=\"Hyponic Cotton Pads \u2013 100% Cotton Smooth Cotton (50sheets) \u25cf 100% cotton fabric is compressed with purified water at high pressure (using waterjet method) to prevent dust flurries, lint and sliding. \u25cf Ultra soft, hypoallergenic cotton pads can be safely used on sensitive pets\u2019 skin. \u25cf The perforated, fine weave surface cleans away skin debris, including around the eyes and ears of the pet. \u25cf Unfoldable cotton pads can be used varyingly such as for cleansing around pet\u2019s mouth, the soles of the feet and other topical areas. How to use it on pets: \u25cf Cleanse ears, use with ear cleanser \u25cf Cleans the eyes and tear line, and will not throw out hair fragments into the eyes \u25cf Clean teeth or soles, use instead of gauze, effectively absorb dirt\" \/>\n<meta property=\"og:url\" content=\"https:\/\/romlay.hr\/hr\/proizvod\/hyponic-pure-cotton-pads-pets-50sheets\/\" \/>\n<meta property=\"og:site_name\" content=\"Romlay\" \/>\n<meta property=\"article:modified_time\" content=\"2025-08-24T13:32:41+00:00\" \/>\n<meta property=\"og:image\" content=\"https:\/\/romlay.hr\/wp-content\/uploads\/2024\/04\/HYPONICPAD.webp\" \/>\n\t<meta property=\"og:image:width\" content=\"500\" \/>\n\t<meta property=\"og:image:height\" content=\"500\" \/>\n\t<meta property=\"og:image:type\" content=\"image\/webp\" \/>\n<meta name=\"twitter:card\" content=\"summary_large_image\" \/>\n<meta name=\"twitter:label1\" content=\"Procijenjeno vrijeme \u010ditanja\" \/>\n\t<meta name=\"twitter:data1\" content=\"1 minuta\" \/>\n<script type=\"application\/ld+json\" class=\"yoast-schema-graph\">{\"@context\":\"https:\\\/\\\/schema.org\",\"@graph\":[{\"@type\":\"WebPage\",\"@id\":\"https:\\\/\\\/romlay.hr\\\/proizvod\\\/hyponic-pure-cotton-pads-pets-50sheets\\\/\",\"url\":\"https:\\\/\\\/romlay.hr\\\/proizvod\\\/hyponic-pure-cotton-pads-pets-50sheets\\\/\",\"name\":\"HYPONIC Pure Cotton Pads (pets) 50sheets - Romlay\",\"isPartOf\":{\"@id\":\"https:\\\/\\\/romlay.hr\\\/#website\"},\"primaryImageOfPage\":{\"@id\":\"https:\\\/\\\/romlay.hr\\\/proizvod\\\/hyponic-pure-cotton-pads-pets-50sheets\\\/#primaryimage\"},\"image\":{\"@id\":\"https:\\\/\\\/romlay.hr\\\/proizvod\\\/hyponic-pure-cotton-pads-pets-50sheets\\\/#primaryimage\"},\"thumbnailUrl\":\"https:\\\/\\\/romlay.hr\\\/wp-content\\\/uploads\\\/2024\\\/04\\\/HYPONICPAD.webp\",\"datePublished\":\"2024-04-10T08:32:52+00:00\",\"dateModified\":\"2025-08-24T13:32:41+00:00\",\"breadcrumb\":{\"@id\":\"https:\\\/\\\/romlay.hr\\\/proizvod\\\/hyponic-pure-cotton-pads-pets-50sheets\\\/#breadcrumb\"},\"inLanguage\":\"hr\",\"potentialAction\":[{\"@type\":\"ReadAction\",\"target\":[\"https:\\\/\\\/romlay.hr\\\/proizvod\\\/hyponic-pure-cotton-pads-pets-50sheets\\\/\"]}]},{\"@type\":\"ImageObject\",\"inLanguage\":\"hr\",\"@id\":\"https:\\\/\\\/romlay.hr\\\/proizvod\\\/hyponic-pure-cotton-pads-pets-50sheets\\\/#primaryimage\",\"url\":\"https:\\\/\\\/romlay.hr\\\/wp-content\\\/uploads\\\/2024\\\/04\\\/HYPONICPAD.webp\",\"contentUrl\":\"https:\\\/\\\/romlay.hr\\\/wp-content\\\/uploads\\\/2024\\\/04\\\/HYPONICPAD.webp\",\"width\":500,\"height\":500},{\"@type\":\"BreadcrumbList\",\"@id\":\"https:\\\/\\\/romlay.hr\\\/proizvod\\\/hyponic-pure-cotton-pads-pets-50sheets\\\/#breadcrumb\",\"itemListElement\":[{\"@type\":\"ListItem\",\"position\":1,\"name\":\"Po\u010detna stranica\",\"item\":\"https:\\\/\\\/romlay.hr\\\/\"},{\"@type\":\"ListItem\",\"position\":2,\"name\":\"Proizvodi\",\"item\":\"https:\\\/\\\/romlay.hr\\\/shop\\\/\"},{\"@type\":\"ListItem\",\"position\":3,\"name\":\"HYPONIC Pure Cotton Pads (pets) 50sheets\"}]},{\"@type\":\"WebSite\",\"@id\":\"https:\\\/\\\/romlay.hr\\\/#website\",\"url\":\"https:\\\/\\\/romlay.hr\\\/\",\"name\":\"Romlay\",\"description\":\"Toy dog specialist\",\"publisher\":{\"@id\":\"https:\\\/\\\/romlay.hr\\\/#organization\"},\"potentialAction\":[{\"@type\":\"SearchAction\",\"target\":{\"@type\":\"EntryPoint\",\"urlTemplate\":\"https:\\\/\\\/romlay.hr\\\/?s={search_term_string}\"},\"query-input\":{\"@type\":\"PropertyValueSpecification\",\"valueRequired\":true,\"valueName\":\"search_term_string\"}}],\"inLanguage\":\"hr\"},{\"@type\":\"Organization\",\"@id\":\"https:\\\/\\\/romlay.hr\\\/#organization\",\"name\":\"Romlay\",\"url\":\"https:\\\/\\\/romlay.hr\\\/\",\"logo\":{\"@type\":\"ImageObject\",\"inLanguage\":\"hr\",\"@id\":\"https:\\\/\\\/romlay.hr\\\/#\\\/schema\\\/logo\\\/image\\\/\",\"url\":\"https:\\\/\\\/romlay.hr\\\/wp-content\\\/uploads\\\/2023\\\/04\\\/cropped-Romlay-1.png\",\"contentUrl\":\"https:\\\/\\\/romlay.hr\\\/wp-content\\\/uploads\\\/2023\\\/04\\\/cropped-Romlay-1.png\",\"width\":978,\"height\":1645,\"caption\":\"Romlay\"},\"image\":{\"@id\":\"https:\\\/\\\/romlay.hr\\\/#\\\/schema\\\/logo\\\/image\\\/\"}}]}<\/script>\n<!-- \/ Yoast SEO plugin. -->","yoast_head_json":{"title":"HYPONIC Pure Cotton Pads (pets) 50sheets - Romlay","robots":{"index":"index","follow":"follow","max-snippet":"max-snippet:-1","max-image-preview":"max-image-preview:large","max-video-preview":"max-video-preview:-1"},"canonical":"https:\/\/romlay.hr\/hr\/proizvod\/hyponic-pure-cotton-pads-pets-50sheets\/","og_locale":"hr_HR","og_type":"article","og_title":"HYPONIC Pure Cotton Pads (pets) 50sheets - Romlay","og_description":"Hyponic Cotton Pads \u2013 100% Cotton Smooth Cotton (50sheets) \u25cf 100% cotton fabric is compressed with purified water at high pressure (using waterjet method) to prevent dust flurries, lint and sliding. \u25cf Ultra soft, hypoallergenic cotton pads can be safely used on sensitive pets\u2019 skin. \u25cf The perforated, fine weave surface cleans away skin debris, including around the eyes and ears of the pet. \u25cf Unfoldable cotton pads can be used varyingly such as for cleansing around pet\u2019s mouth, the soles of the feet and other topical areas. How to use it on pets: \u25cf Cleanse ears, use with ear cleanser \u25cf Cleans the eyes and tear line, and will not throw out hair fragments into the eyes \u25cf Clean teeth or soles, use instead of gauze, effectively absorb dirt","og_url":"https:\/\/romlay.hr\/hr\/proizvod\/hyponic-pure-cotton-pads-pets-50sheets\/","og_site_name":"Romlay","article_modified_time":"2025-08-24T13:32:41+00:00","og_image":[{"width":500,"height":500,"url":"https:\/\/romlay.hr\/wp-content\/uploads\/2024\/04\/HYPONICPAD.webp","type":"image\/webp"}],"twitter_card":"summary_large_image","twitter_misc":{"Procijenjeno vrijeme \u010ditanja":"1 minuta"},"schema":{"@context":"https:\/\/schema.org","@graph":[{"@type":"WebPage","@id":"https:\/\/romlay.hr\/proizvod\/hyponic-pure-cotton-pads-pets-50sheets\/","url":"https:\/\/romlay.hr\/proizvod\/hyponic-pure-cotton-pads-pets-50sheets\/","name":"HYPONIC Pure Cotton Pads (pets) 50sheets - Romlay","isPartOf":{"@id":"https:\/\/romlay.hr\/#website"},"primaryImageOfPage":{"@id":"https:\/\/romlay.hr\/proizvod\/hyponic-pure-cotton-pads-pets-50sheets\/#primaryimage"},"image":{"@id":"https:\/\/romlay.hr\/proizvod\/hyponic-pure-cotton-pads-pets-50sheets\/#primaryimage"},"thumbnailUrl":"https:\/\/romlay.hr\/wp-content\/uploads\/2024\/04\/HYPONICPAD.webp","datePublished":"2024-04-10T08:32:52+00:00","dateModified":"2025-08-24T13:32:41+00:00","breadcrumb":{"@id":"https:\/\/romlay.hr\/proizvod\/hyponic-pure-cotton-pads-pets-50sheets\/#breadcrumb"},"inLanguage":"hr","potentialAction":[{"@type":"ReadAction","target":["https:\/\/romlay.hr\/proizvod\/hyponic-pure-cotton-pads-pets-50sheets\/"]}]},{"@type":"ImageObject","inLanguage":"hr","@id":"https:\/\/romlay.hr\/proizvod\/hyponic-pure-cotton-pads-pets-50sheets\/#primaryimage","url":"https:\/\/romlay.hr\/wp-content\/uploads\/2024\/04\/HYPONICPAD.webp","contentUrl":"https:\/\/romlay.hr\/wp-content\/uploads\/2024\/04\/HYPONICPAD.webp","width":500,"height":500},{"@type":"BreadcrumbList","@id":"https:\/\/romlay.hr\/proizvod\/hyponic-pure-cotton-pads-pets-50sheets\/#breadcrumb","itemListElement":[{"@type":"ListItem","position":1,"name":"Po\u010detna stranica","item":"https:\/\/romlay.hr\/"},{"@type":"ListItem","position":2,"name":"Proizvodi","item":"https:\/\/romlay.hr\/shop\/"},{"@type":"ListItem","position":3,"name":"HYPONIC Pure Cotton Pads (pets) 50sheets"}]},{"@type":"WebSite","@id":"https:\/\/romlay.hr\/#website","url":"https:\/\/romlay.hr\/","name":"Romlay","description":"Toy dog specialist","publisher":{"@id":"https:\/\/romlay.hr\/#organization"},"potentialAction":[{"@type":"SearchAction","target":{"@type":"EntryPoint","urlTemplate":"https:\/\/romlay.hr\/?s={search_term_string}"},"query-input":{"@type":"PropertyValueSpecification","valueRequired":true,"valueName":"search_term_string"}}],"inLanguage":"hr"},{"@type":"Organization","@id":"https:\/\/romlay.hr\/#organization","name":"Romlay","url":"https:\/\/romlay.hr\/","logo":{"@type":"ImageObject","inLanguage":"hr","@id":"https:\/\/romlay.hr\/#\/schema\/logo\/image\/","url":"https:\/\/romlay.hr\/wp-content\/uploads\/2023\/04\/cropped-Romlay-1.png","contentUrl":"https:\/\/romlay.hr\/wp-content\/uploads\/2023\/04\/cropped-Romlay-1.png","width":978,"height":1645,"caption":"Romlay"},"image":{"@id":"https:\/\/romlay.hr\/#\/schema\/logo\/image\/"}}]}},"_links":{"self":[{"href":"https:\/\/romlay.hr\/hr\/wp-json\/wp\/v2\/product\/811","targetHints":{"allow":["GET"]}}],"collection":[{"href":"https:\/\/romlay.hr\/hr\/wp-json\/wp\/v2\/product"}],"about":[{"href":"https:\/\/romlay.hr\/hr\/wp-json\/wp\/v2\/types\/product"}],"wp:featuredmedia":[{"embeddable":true,"href":"https:\/\/romlay.hr\/hr\/wp-json\/wp\/v2\/media\/812"}],"wp:attachment":[{"href":"https:\/\/romlay.hr\/hr\/wp-json\/wp\/v2\/media?parent=811"}],"wp:term":[{"taxonomy":"product_brand","embeddable":true,"href":"https:\/\/romlay.hr\/hr\/wp-json\/wp\/v2\/product_brand?post=811"},{"taxonomy":"product_cat","embeddable":true,"href":"https:\/\/romlay.hr\/hr\/wp-json\/wp\/v2\/product_cat?post=811"},{"taxonomy":"product_tag","embeddable":true,"href":"https:\/\/romlay.hr\/hr\/wp-json\/wp\/v2\/product_tag?post=811"}],"curies":[{"name":"wp","href":"https:\/\/api.w.org\/{rel}","templated":true}]}}