{"id":785,"date":"2024-04-09T09:43:55","date_gmt":"2024-04-09T09:43:55","guid":{"rendered":"https:\/\/romlay.hr\/?post_type=product&#038;p=785"},"modified":"2025-08-24T13:32:41","modified_gmt":"2025-08-24T13:32:41","slug":"hyponic-hinoki-ear-cleaner-dogs-120ml","status":"publish","type":"product","link":"https:\/\/romlay.hr\/hr\/proizvod\/hyponic-hinoki-ear-cleaner-dogs-120ml\/","title":{"rendered":"HYPONIC Hinoki Ear Cleaner dogs 120ml"},"content":{"rendered":"<p>HYPONIC Hinoki Ear Cleaner za pse 120ml\n\nU\u0161i ku\u0107nih ljubimaca iznimno su osjetljive na \u0161tetne sastojke, a sredstva za \u010di\u0161\u0107enje u\u0161iju nije mogu\u0107e isprati vodom. Zato je HYPONIC-ov prioritet bio stvoriti \u010dista\u010d za u\u0161i koji koristi samo prirodne sastojke.\n\nHYPONIC No Sting Hinoki Cypress Ear Cleaner formuliran je bez surfaktanata, propilen glikola, alkohola (etanola) i mirisa te sadr\u017ei 48% ekstrakta hinoki \u010dempresa. Preporu\u010duje se za rutinsko \u010di\u0161\u0107enje osjetljivih u\u0161iju ku\u0107nih ljubimaca.\n\nPrednosti proizvoda:\n\nBez surfaktanata\n\nBez mirisa i alkohola\n\n48% prirodni ekstrakt hinoki \u010dempresa (patentiran)\n\nNe pe\u010de (bez surfaktanata i alkohola)\n\nHipoalergen i prirodan\n\nDermatest ocjena \"Izvrstan\"\n\nSiguran i jednostavan za upotrebu<\/p>\n<p>HYPONIC No Sting Hinoki Cypress Ear Cleaner is a Surfactant free, Propylene Glycol free, Alcohol (Ethanol) free and fragrance-free that is formulated with 48% Hinoki Cypress. This product is recommended for pets for routine cleaning of sensitive ears.<span class=\"Apple-converted-space\">\u00a0<\/span><\/p>\n<p>\u2022Free of surfactants<span class=\"Apple-converted-space\">\u00a0<\/span><\/p>\n<p>\u2022Free of fragrance and alcohol.<\/p>\n<p>\u202248% NATURAL HINOKI CYPRESS (PATENTED)<\/p>\n<p>\u2022NON-STINGING (SURFACTANT &amp; ALCOHOL FREE)<span class=\"Apple-converted-space\">\u00a0<\/span><\/p>\n<p>Hipoalergen i potpuno prirodan<\/p>\n<p>Dermatolo\u0161ki testiran \u2013 ocjena \"Izvrstan\"<span class=\"Apple-converted-space\">\u00a0<\/span><\/p>\n<p>\u2022SAFE &amp; EASY TO USE<span class=\"Apple-converted-space\">\u00a0<\/span><\/p>","protected":false},"excerpt":{"rendered":"<p>Pet\u2019s ears are extremely sensitive to harmful ingredients and it is impossible to rinse ear cleaners out with water. Because of this, it has been Hyponic\u2019s top priority to create an ear cleaner using only natural ingredients. HYPONIC No Sting Hinoki Cypress Ear Cleaner is a Surfactant free, Propylene Glycol free, Alcohol (Ethanol) free and fragrance-free that is formulated with 48% Hinoki Cypress. This product is recommended for pets for routine cleaning of sensitive ears.\u00a0 \u2022Free of surfactants\u00a0 \u2022Free of fragrance and alcohol. \u202248% NATURAL HINOKI CYPRESS (PATENTED) \u2022NON-STINGING (SURFACTANT &amp; ALCOHOL FREE)\u00a0 \u2022HYPOALLERGENIC &amp; NATURAL \u2022DERMATEST RATED, EXCELLENT\u00a0 \u2022SAFE &amp; EASY TO USE\u00a0<\/p>","protected":false},"featured_media":786,"template":"","meta":{"_monsterinsights_skip_tracking":false,"_monsterinsights_sitenote_active":false,"_monsterinsights_sitenote_note":"","_monsterinsights_sitenote_category":0,"site-sidebar-layout":"default","site-content-layout":"default","ast-site-content-layout":"default","site-content-style":"default","site-sidebar-style":"default","ast-global-header-display":"","ast-banner-title-visibility":"","ast-main-header-display":"","ast-hfb-above-header-display":"","ast-hfb-below-header-display":"","ast-hfb-mobile-header-display":"","site-post-title":"","ast-breadcrumbs-content":"","ast-featured-img":"","footer-sml-layout":"","ast-disable-related-posts":"","theme-transparent-header-meta":"default","adv-header-id-meta":"","stick-header-meta":"","header-above-stick-meta":"","header-main-stick-meta":"","header-below-stick-meta":"","astra-migrate-meta-layouts":"default","ast-page-background-enabled":"default","ast-page-background-meta":{"desktop":{"background-color":"var(--ast-global-color-4)","background-image":"","background-repeat":"repeat","background-position":"center center","background-size":"auto","background-attachment":"scroll","background-type":"","background-media":"","overlay-type":"","overlay-color":"","overlay-opacity":"","overlay-gradient":""},"tablet":{"background-color":"","background-image":"","background-repeat":"repeat","background-position":"center center","background-size":"auto","background-attachment":"scroll","background-type":"","background-media":"","overlay-type":"","overlay-color":"","overlay-opacity":"","overlay-gradient":""},"mobile":{"background-color":"","background-image":"","background-repeat":"repeat","background-position":"center center","background-size":"auto","background-attachment":"scroll","background-type":"","background-media":"","overlay-type":"","overlay-color":"","overlay-opacity":"","overlay-gradient":""}},"ast-content-background-meta":{"desktop":{"background-color":"var(--ast-global-color-5)","background-image":"","background-repeat":"repeat","background-position":"center center","background-size":"auto","background-attachment":"scroll","background-type":"","background-media":"","overlay-type":"","overlay-color":"","overlay-opacity":"","overlay-gradient":""},"tablet":{"background-color":"var(--ast-global-color-5)","background-image":"","background-repeat":"repeat","background-position":"center center","background-size":"auto","background-attachment":"scroll","background-type":"","background-media":"","overlay-type":"","overlay-color":"","overlay-opacity":"","overlay-gradient":""},"mobile":{"background-color":"var(--ast-global-color-5)","background-image":"","background-repeat":"repeat","background-position":"center center","background-size":"auto","background-attachment":"scroll","background-type":"","background-media":"","overlay-type":"","overlay-color":"","overlay-opacity":"","overlay-gradient":""}}},"product_brand":[],"product_cat":[24,51],"product_tag":[],"class_list":{"0":"post-785","1":"product","2":"type-product","3":"status-publish","4":"has-post-thumbnail","6":"product_cat-coat-care","7":"product_cat-hyponic","8":"desktop-align-left","9":"tablet-align-left","10":"mobile-align-left","12":"first","13":"outofstock","14":"shipping-taxable","15":"purchasable","16":"product-type-simple"},"yoast_head":"<!-- This site is optimized with the Yoast SEO plugin v27.4 - https:\/\/yoast.com\/product\/yoast-seo-wordpress\/ -->\n<title>HYPONIC Hinoki Ear Cleaner dogs 120ml - Romlay<\/title>\n<meta name=\"robots\" content=\"index, follow, max-snippet:-1, max-image-preview:large, max-video-preview:-1\" \/>\n<link rel=\"canonical\" href=\"https:\/\/romlay.hr\/hr\/proizvod\/hyponic-hinoki-ear-cleaner-dogs-120ml\/\" \/>\n<meta property=\"og:locale\" content=\"hr_HR\" \/>\n<meta property=\"og:type\" content=\"article\" \/>\n<meta property=\"og:title\" content=\"HYPONIC Hinoki Ear Cleaner dogs 120ml - Romlay\" \/>\n<meta property=\"og:description\" content=\"Pet\u2019s ears are extremely sensitive to harmful ingredients and it is impossible to rinse ear cleaners out with water. Because of this, it has been Hyponic\u2019s top priority to create an ear cleaner using only natural ingredients. HYPONIC No Sting Hinoki Cypress Ear Cleaner is a Surfactant free, Propylene Glycol free, Alcohol (Ethanol) free and fragrance-free that is formulated with 48% Hinoki Cypress. This product is recommended for pets for routine cleaning of sensitive ears.\u00a0 \u2022Free of surfactants\u00a0 \u2022Free of fragrance and alcohol. \u202248% NATURAL HINOKI CYPRESS (PATENTED) \u2022NON-STINGING (SURFACTANT &amp; ALCOHOL FREE)\u00a0 \u2022HYPOALLERGENIC &amp; NATURAL \u2022DERMATEST RATED, EXCELLENT\u00a0 \u2022SAFE &amp; EASY TO USE\u00a0\" \/>\n<meta property=\"og:url\" content=\"https:\/\/romlay.hr\/hr\/proizvod\/hyponic-hinoki-ear-cleaner-dogs-120ml\/\" \/>\n<meta property=\"og:site_name\" content=\"Romlay\" \/>\n<meta property=\"article:modified_time\" content=\"2025-08-24T13:32:41+00:00\" \/>\n<meta property=\"og:image\" content=\"https:\/\/romlay.hr\/wp-content\/uploads\/2024\/04\/A0820230523113022.png\" \/>\n\t<meta property=\"og:image:width\" content=\"500\" \/>\n\t<meta property=\"og:image:height\" content=\"500\" \/>\n\t<meta property=\"og:image:type\" content=\"image\/png\" \/>\n<meta name=\"twitter:card\" content=\"summary_large_image\" \/>\n<meta name=\"twitter:label1\" content=\"Procijenjeno vrijeme \u010ditanja\" \/>\n\t<meta name=\"twitter:data1\" content=\"1 minuta\" \/>\n<script type=\"application\/ld+json\" class=\"yoast-schema-graph\">{\"@context\":\"https:\\\/\\\/schema.org\",\"@graph\":[{\"@type\":\"WebPage\",\"@id\":\"https:\\\/\\\/romlay.hr\\\/proizvod\\\/hyponic-hinoki-ear-cleaner-dogs-120ml\\\/\",\"url\":\"https:\\\/\\\/romlay.hr\\\/proizvod\\\/hyponic-hinoki-ear-cleaner-dogs-120ml\\\/\",\"name\":\"HYPONIC Hinoki Ear Cleaner dogs 120ml - Romlay\",\"isPartOf\":{\"@id\":\"https:\\\/\\\/romlay.hr\\\/#website\"},\"primaryImageOfPage\":{\"@id\":\"https:\\\/\\\/romlay.hr\\\/proizvod\\\/hyponic-hinoki-ear-cleaner-dogs-120ml\\\/#primaryimage\"},\"image\":{\"@id\":\"https:\\\/\\\/romlay.hr\\\/proizvod\\\/hyponic-hinoki-ear-cleaner-dogs-120ml\\\/#primaryimage\"},\"thumbnailUrl\":\"https:\\\/\\\/romlay.hr\\\/wp-content\\\/uploads\\\/2024\\\/04\\\/A0820230523113022.png\",\"datePublished\":\"2024-04-09T09:43:55+00:00\",\"dateModified\":\"2025-08-24T13:32:41+00:00\",\"breadcrumb\":{\"@id\":\"https:\\\/\\\/romlay.hr\\\/proizvod\\\/hyponic-hinoki-ear-cleaner-dogs-120ml\\\/#breadcrumb\"},\"inLanguage\":\"hr\",\"potentialAction\":[{\"@type\":\"ReadAction\",\"target\":[\"https:\\\/\\\/romlay.hr\\\/proizvod\\\/hyponic-hinoki-ear-cleaner-dogs-120ml\\\/\"]}]},{\"@type\":\"ImageObject\",\"inLanguage\":\"hr\",\"@id\":\"https:\\\/\\\/romlay.hr\\\/proizvod\\\/hyponic-hinoki-ear-cleaner-dogs-120ml\\\/#primaryimage\",\"url\":\"https:\\\/\\\/romlay.hr\\\/wp-content\\\/uploads\\\/2024\\\/04\\\/A0820230523113022.png\",\"contentUrl\":\"https:\\\/\\\/romlay.hr\\\/wp-content\\\/uploads\\\/2024\\\/04\\\/A0820230523113022.png\",\"width\":500,\"height\":500},{\"@type\":\"BreadcrumbList\",\"@id\":\"https:\\\/\\\/romlay.hr\\\/proizvod\\\/hyponic-hinoki-ear-cleaner-dogs-120ml\\\/#breadcrumb\",\"itemListElement\":[{\"@type\":\"ListItem\",\"position\":1,\"name\":\"Po\u010detna stranica\",\"item\":\"https:\\\/\\\/romlay.hr\\\/\"},{\"@type\":\"ListItem\",\"position\":2,\"name\":\"Proizvodi\",\"item\":\"https:\\\/\\\/romlay.hr\\\/shop\\\/\"},{\"@type\":\"ListItem\",\"position\":3,\"name\":\"HYPONIC Hinoki Ear Cleaner dogs 120ml\"}]},{\"@type\":\"WebSite\",\"@id\":\"https:\\\/\\\/romlay.hr\\\/#website\",\"url\":\"https:\\\/\\\/romlay.hr\\\/\",\"name\":\"Romlay\",\"description\":\"Toy dog specialist\",\"publisher\":{\"@id\":\"https:\\\/\\\/romlay.hr\\\/#organization\"},\"potentialAction\":[{\"@type\":\"SearchAction\",\"target\":{\"@type\":\"EntryPoint\",\"urlTemplate\":\"https:\\\/\\\/romlay.hr\\\/?s={search_term_string}\"},\"query-input\":{\"@type\":\"PropertyValueSpecification\",\"valueRequired\":true,\"valueName\":\"search_term_string\"}}],\"inLanguage\":\"hr\"},{\"@type\":\"Organization\",\"@id\":\"https:\\\/\\\/romlay.hr\\\/#organization\",\"name\":\"Romlay\",\"url\":\"https:\\\/\\\/romlay.hr\\\/\",\"logo\":{\"@type\":\"ImageObject\",\"inLanguage\":\"hr\",\"@id\":\"https:\\\/\\\/romlay.hr\\\/#\\\/schema\\\/logo\\\/image\\\/\",\"url\":\"https:\\\/\\\/romlay.hr\\\/wp-content\\\/uploads\\\/2023\\\/04\\\/cropped-Romlay-1.png\",\"contentUrl\":\"https:\\\/\\\/romlay.hr\\\/wp-content\\\/uploads\\\/2023\\\/04\\\/cropped-Romlay-1.png\",\"width\":978,\"height\":1645,\"caption\":\"Romlay\"},\"image\":{\"@id\":\"https:\\\/\\\/romlay.hr\\\/#\\\/schema\\\/logo\\\/image\\\/\"}}]}<\/script>\n<!-- \/ Yoast SEO plugin. -->","yoast_head_json":{"title":"HYPONIC Hinoki Ear Cleaner dogs 120ml - Romlay","robots":{"index":"index","follow":"follow","max-snippet":"max-snippet:-1","max-image-preview":"max-image-preview:large","max-video-preview":"max-video-preview:-1"},"canonical":"https:\/\/romlay.hr\/hr\/proizvod\/hyponic-hinoki-ear-cleaner-dogs-120ml\/","og_locale":"hr_HR","og_type":"article","og_title":"HYPONIC Hinoki Ear Cleaner dogs 120ml - Romlay","og_description":"Pet\u2019s ears are extremely sensitive to harmful ingredients and it is impossible to rinse ear cleaners out with water. Because of this, it has been Hyponic\u2019s top priority to create an ear cleaner using only natural ingredients. HYPONIC No Sting Hinoki Cypress Ear Cleaner is a Surfactant free, Propylene Glycol free, Alcohol (Ethanol) free and fragrance-free that is formulated with 48% Hinoki Cypress. This product is recommended for pets for routine cleaning of sensitive ears.\u00a0 \u2022Free of surfactants\u00a0 \u2022Free of fragrance and alcohol. \u202248% NATURAL HINOKI CYPRESS (PATENTED) \u2022NON-STINGING (SURFACTANT &amp; ALCOHOL FREE)\u00a0 \u2022HYPOALLERGENIC &amp; NATURAL \u2022DERMATEST RATED, EXCELLENT\u00a0 \u2022SAFE &amp; EASY TO USE\u00a0","og_url":"https:\/\/romlay.hr\/hr\/proizvod\/hyponic-hinoki-ear-cleaner-dogs-120ml\/","og_site_name":"Romlay","article_modified_time":"2025-08-24T13:32:41+00:00","og_image":[{"width":500,"height":500,"url":"https:\/\/romlay.hr\/wp-content\/uploads\/2024\/04\/A0820230523113022.png","type":"image\/png"}],"twitter_card":"summary_large_image","twitter_misc":{"Procijenjeno vrijeme \u010ditanja":"1 minuta"},"schema":{"@context":"https:\/\/schema.org","@graph":[{"@type":"WebPage","@id":"https:\/\/romlay.hr\/proizvod\/hyponic-hinoki-ear-cleaner-dogs-120ml\/","url":"https:\/\/romlay.hr\/proizvod\/hyponic-hinoki-ear-cleaner-dogs-120ml\/","name":"HYPONIC Hinoki Ear Cleaner dogs 120ml - Romlay","isPartOf":{"@id":"https:\/\/romlay.hr\/#website"},"primaryImageOfPage":{"@id":"https:\/\/romlay.hr\/proizvod\/hyponic-hinoki-ear-cleaner-dogs-120ml\/#primaryimage"},"image":{"@id":"https:\/\/romlay.hr\/proizvod\/hyponic-hinoki-ear-cleaner-dogs-120ml\/#primaryimage"},"thumbnailUrl":"https:\/\/romlay.hr\/wp-content\/uploads\/2024\/04\/A0820230523113022.png","datePublished":"2024-04-09T09:43:55+00:00","dateModified":"2025-08-24T13:32:41+00:00","breadcrumb":{"@id":"https:\/\/romlay.hr\/proizvod\/hyponic-hinoki-ear-cleaner-dogs-120ml\/#breadcrumb"},"inLanguage":"hr","potentialAction":[{"@type":"ReadAction","target":["https:\/\/romlay.hr\/proizvod\/hyponic-hinoki-ear-cleaner-dogs-120ml\/"]}]},{"@type":"ImageObject","inLanguage":"hr","@id":"https:\/\/romlay.hr\/proizvod\/hyponic-hinoki-ear-cleaner-dogs-120ml\/#primaryimage","url":"https:\/\/romlay.hr\/wp-content\/uploads\/2024\/04\/A0820230523113022.png","contentUrl":"https:\/\/romlay.hr\/wp-content\/uploads\/2024\/04\/A0820230523113022.png","width":500,"height":500},{"@type":"BreadcrumbList","@id":"https:\/\/romlay.hr\/proizvod\/hyponic-hinoki-ear-cleaner-dogs-120ml\/#breadcrumb","itemListElement":[{"@type":"ListItem","position":1,"name":"Po\u010detna stranica","item":"https:\/\/romlay.hr\/"},{"@type":"ListItem","position":2,"name":"Proizvodi","item":"https:\/\/romlay.hr\/shop\/"},{"@type":"ListItem","position":3,"name":"HYPONIC Hinoki Ear Cleaner dogs 120ml"}]},{"@type":"WebSite","@id":"https:\/\/romlay.hr\/#website","url":"https:\/\/romlay.hr\/","name":"Romlay","description":"Toy dog specialist","publisher":{"@id":"https:\/\/romlay.hr\/#organization"},"potentialAction":[{"@type":"SearchAction","target":{"@type":"EntryPoint","urlTemplate":"https:\/\/romlay.hr\/?s={search_term_string}"},"query-input":{"@type":"PropertyValueSpecification","valueRequired":true,"valueName":"search_term_string"}}],"inLanguage":"hr"},{"@type":"Organization","@id":"https:\/\/romlay.hr\/#organization","name":"Romlay","url":"https:\/\/romlay.hr\/","logo":{"@type":"ImageObject","inLanguage":"hr","@id":"https:\/\/romlay.hr\/#\/schema\/logo\/image\/","url":"https:\/\/romlay.hr\/wp-content\/uploads\/2023\/04\/cropped-Romlay-1.png","contentUrl":"https:\/\/romlay.hr\/wp-content\/uploads\/2023\/04\/cropped-Romlay-1.png","width":978,"height":1645,"caption":"Romlay"},"image":{"@id":"https:\/\/romlay.hr\/#\/schema\/logo\/image\/"}}]}},"_links":{"self":[{"href":"https:\/\/romlay.hr\/hr\/wp-json\/wp\/v2\/product\/785","targetHints":{"allow":["GET"]}}],"collection":[{"href":"https:\/\/romlay.hr\/hr\/wp-json\/wp\/v2\/product"}],"about":[{"href":"https:\/\/romlay.hr\/hr\/wp-json\/wp\/v2\/types\/product"}],"wp:featuredmedia":[{"embeddable":true,"href":"https:\/\/romlay.hr\/hr\/wp-json\/wp\/v2\/media\/786"}],"wp:attachment":[{"href":"https:\/\/romlay.hr\/hr\/wp-json\/wp\/v2\/media?parent=785"}],"wp:term":[{"taxonomy":"product_brand","embeddable":true,"href":"https:\/\/romlay.hr\/hr\/wp-json\/wp\/v2\/product_brand?post=785"},{"taxonomy":"product_cat","embeddable":true,"href":"https:\/\/romlay.hr\/hr\/wp-json\/wp\/v2\/product_cat?post=785"},{"taxonomy":"product_tag","embeddable":true,"href":"https:\/\/romlay.hr\/hr\/wp-json\/wp\/v2\/product_tag?post=785"}],"curies":[{"name":"wp","href":"https:\/\/api.w.org\/{rel}","templated":true}]}}