{"id":723,"date":"2023-12-04T11:11:32","date_gmt":"2023-12-04T11:11:32","guid":{"rendered":"https:\/\/romlay.hr\/?post_type=product&#038;p=723"},"modified":"2025-03-16T20:51:32","modified_gmt":"2025-03-16T20:51:32","slug":"apirelax","status":"publish","type":"product","link":"https:\/\/romlay.hr\/hr\/proizvod\/apirelax\/","title":{"rendered":"APIRELAX"},"content":{"rendered":"<div class=\"default-styles-wrapper zpa-hidden-xs zpa-offset-bottom-xsm zpa-word-wrap disable-internal-link zp pda-56022505\">\n<div class=\"default-styles-wrapper zpa-hidden-xs zpa-offset-bottom-xsm zpa-word-wrap disable-internal-link zp pda-56020700\">\n<div class=\"default-styles-wrapper zpa-hidden-xs zpa-offset-bottom-xsm zpa-word-wrap disable-internal-link zp pda-57642814\">\n<div class=\"default-styles-wrapper zpa-hidden-xs zpa-offset-bottom-xsm zpa-word-wrap disable-internal-link zp pda-57642814\">\n<div class=\"zpa-hidden-xs zpa-offset-bottom-xsm zpa-word-wrap disable-internal-link zp pda-58119483\">\n<p class=\"zp ts-regular-1\"><span class=\"zp tsl-2\">Organska otopina na bazi <\/span><span class=\"zp tsl-3\">aloe <\/span><span class=\"zp tsl-4\">i<\/span><span class=\"zp tsl-5\"> lavande<\/span><span class=\"zp tsl-6\">\u00a0koja umiruje ljubimce onda kada su pod stresom (vo\u017enja, grmljavina, petarde, vatromet.)<\/span><\/p>\n<ul class=\"zp ts-regular-1 zpa-text__list zpa-text__list--disc\">\n<li>\n<p class=\"zp ts-regular-1\"><span class=\"zp tsl-10\">Putovanje bez straha, nelagode i nervoze<\/span><\/p>\n<\/li>\n<li>\n<p class=\"zp ts-regular-1\"><span class=\"zp tsl-12\">Opu\u0161ta ljubimca za vrijeme stresnih situacija<\/span><\/p>\n<\/li>\n<li>\n<p class=\"zp ts-regular-1\"><span class=\"zp tsl-14\">Ugodan miris lavande<\/span><\/p>\n<\/li>\n<li>\n<p class=\"zp ts-regular-1\"><span class=\"zp tsl-16\">Ljubimcu se ne\u0107e ni\u0161ta dogoditi \u010dak ni ako se poli\u017ee nakon \u0161pricanja<\/span><\/p>\n<\/li>\n<li>\n<p class=\"zp ts-regular-1\"><span class=\"zp tsl-18\">Prirodna formula sigurna za tebe i tvoju obitelj<\/span><\/p>\n<\/li>\n<li>\n<p class=\"zp ts-regular-1\"><span class=\"zp tsl-20\">Djeluje brzo\u00a0<\/span><\/p>\n<\/li>\n<li>\n<p class=\"zp ts-regular-1\"><span class=\"zp tsl-22\">Proizvedeno u Hrvatskoj<\/span><\/p>\n<\/li>\n<\/ul>\n<\/div>\n<\/div>\n<\/div>\n<\/div>\n<\/div>","protected":false},"excerpt":{"rendered":"<div class=\"zpa-hidden-xs zpa-offset-bottom-xsm zpa-word-wrap disable-internal-link zp pda-58119483\">\n<p class=\"zp ts-regular-1\"><span class=\"zp tsl-2\">Organska otopina na bazi <\/span><span class=\"zp tsl-3\">aloe <\/span><span class=\"zp tsl-4\">i<\/span><span class=\"zp tsl-5\"> lavande<\/span><span class=\"zp tsl-6\">\u00a0koja umiruje ljubimce onda kada su pod stresom (vo\u017enja, grmljavina, petarde, vatromet.)<\/span><\/p>\n<\/div>","protected":false},"featured_media":724,"template":"","meta":{"_monsterinsights_skip_tracking":false,"_monsterinsights_sitenote_active":false,"_monsterinsights_sitenote_note":"","_monsterinsights_sitenote_category":0,"site-sidebar-layout":"default","site-content-layout":"default","ast-site-content-layout":"default","site-content-style":"default","site-sidebar-style":"default","ast-global-header-display":"","ast-banner-title-visibility":"","ast-main-header-display":"","ast-hfb-above-header-display":"","ast-hfb-below-header-display":"","ast-hfb-mobile-header-display":"","site-post-title":"","ast-breadcrumbs-content":"","ast-featured-img":"","footer-sml-layout":"","ast-disable-related-posts":"","theme-transparent-header-meta":"default","adv-header-id-meta":"","stick-header-meta":"","header-above-stick-meta":"","header-main-stick-meta":"","header-below-stick-meta":"","astra-migrate-meta-layouts":"default","ast-page-background-enabled":"default","ast-page-background-meta":{"desktop":{"background-color":"var(--ast-global-color-4)","background-image":"","background-repeat":"repeat","background-position":"center center","background-size":"auto","background-attachment":"scroll","background-type":"","background-media":"","overlay-type":"","overlay-color":"","overlay-opacity":"","overlay-gradient":""},"tablet":{"background-color":"","background-image":"","background-repeat":"repeat","background-position":"center center","background-size":"auto","background-attachment":"scroll","background-type":"","background-media":"","overlay-type":"","overlay-color":"","overlay-opacity":"","overlay-gradient":""},"mobile":{"background-color":"","background-image":"","background-repeat":"repeat","background-position":"center center","background-size":"auto","background-attachment":"scroll","background-type":"","background-media":"","overlay-type":"","overlay-color":"","overlay-opacity":"","overlay-gradient":""}},"ast-content-background-meta":{"desktop":{"background-color":"var(--ast-global-color-5)","background-image":"","background-repeat":"repeat","background-position":"center center","background-size":"auto","background-attachment":"scroll","background-type":"","background-media":"","overlay-type":"","overlay-color":"","overlay-opacity":"","overlay-gradient":""},"tablet":{"background-color":"var(--ast-global-color-5)","background-image":"","background-repeat":"repeat","background-position":"center center","background-size":"auto","background-attachment":"scroll","background-type":"","background-media":"","overlay-type":"","overlay-color":"","overlay-opacity":"","overlay-gradient":""},"mobile":{"background-color":"var(--ast-global-color-5)","background-image":"","background-repeat":"repeat","background-position":"center center","background-size":"auto","background-attachment":"scroll","background-type":"","background-media":"","overlay-type":"","overlay-color":"","overlay-opacity":"","overlay-gradient":""}}},"product_brand":[],"product_cat":[69,42],"product_tag":[],"class_list":{"0":"post-723","1":"product","2":"type-product","3":"status-publish","4":"has-post-thumbnail","6":"product_cat-apipet","7":"product_cat-health","8":"desktop-align-left","9":"tablet-align-left","10":"mobile-align-left","12":"first","13":"instock","14":"shipping-taxable","15":"purchasable","16":"product-type-simple"},"yoast_head":"<!-- This site is optimized with the Yoast SEO plugin v27.4 - https:\/\/yoast.com\/product\/yoast-seo-wordpress\/ -->\n<title>APIRELAX - Romlay<\/title>\n<meta name=\"robots\" content=\"index, follow, max-snippet:-1, max-image-preview:large, max-video-preview:-1\" \/>\n<link rel=\"canonical\" href=\"https:\/\/romlay.hr\/hr\/proizvod\/apirelax\/\" \/>\n<meta property=\"og:locale\" content=\"hr_HR\" \/>\n<meta property=\"og:type\" content=\"article\" \/>\n<meta property=\"og:title\" content=\"APIRELAX - Romlay\" \/>\n<meta property=\"og:description\" content=\"Organska otopina na bazi aloe i lavande\u00a0koja umiruje ljubimce onda kada su pod stresom (vo\u017enja, grmljavina, petarde, vatromet.)\" \/>\n<meta property=\"og:url\" content=\"https:\/\/romlay.hr\/hr\/proizvod\/apirelax\/\" \/>\n<meta property=\"og:site_name\" content=\"Romlay\" \/>\n<meta property=\"article:modified_time\" content=\"2025-03-16T20:51:32+00:00\" \/>\n<meta property=\"og:image\" content=\"https:\/\/romlay.hr\/wp-content\/uploads\/2023\/12\/apirelax-white.webp\" \/>\n\t<meta property=\"og:image:width\" content=\"1080\" \/>\n\t<meta property=\"og:image:height\" content=\"1080\" \/>\n\t<meta property=\"og:image:type\" content=\"image\/webp\" \/>\n<meta name=\"twitter:card\" content=\"summary_large_image\" \/>\n<meta name=\"twitter:label1\" content=\"Procijenjeno vrijeme \u010ditanja\" \/>\n\t<meta name=\"twitter:data1\" content=\"1 minuta\" \/>\n<script type=\"application\/ld+json\" class=\"yoast-schema-graph\">{\"@context\":\"https:\\\/\\\/schema.org\",\"@graph\":[{\"@type\":\"WebPage\",\"@id\":\"https:\\\/\\\/romlay.hr\\\/proizvod\\\/apirelax\\\/\",\"url\":\"https:\\\/\\\/romlay.hr\\\/proizvod\\\/apirelax\\\/\",\"name\":\"APIRELAX - Romlay\",\"isPartOf\":{\"@id\":\"https:\\\/\\\/romlay.hr\\\/#website\"},\"primaryImageOfPage\":{\"@id\":\"https:\\\/\\\/romlay.hr\\\/proizvod\\\/apirelax\\\/#primaryimage\"},\"image\":{\"@id\":\"https:\\\/\\\/romlay.hr\\\/proizvod\\\/apirelax\\\/#primaryimage\"},\"thumbnailUrl\":\"https:\\\/\\\/romlay.hr\\\/wp-content\\\/uploads\\\/2023\\\/12\\\/apirelax-white.webp\",\"datePublished\":\"2023-12-04T11:11:32+00:00\",\"dateModified\":\"2025-03-16T20:51:32+00:00\",\"breadcrumb\":{\"@id\":\"https:\\\/\\\/romlay.hr\\\/proizvod\\\/apirelax\\\/#breadcrumb\"},\"inLanguage\":\"hr\",\"potentialAction\":[{\"@type\":\"ReadAction\",\"target\":[\"https:\\\/\\\/romlay.hr\\\/proizvod\\\/apirelax\\\/\"]}]},{\"@type\":\"ImageObject\",\"inLanguage\":\"hr\",\"@id\":\"https:\\\/\\\/romlay.hr\\\/proizvod\\\/apirelax\\\/#primaryimage\",\"url\":\"https:\\\/\\\/romlay.hr\\\/wp-content\\\/uploads\\\/2023\\\/12\\\/apirelax-white.webp\",\"contentUrl\":\"https:\\\/\\\/romlay.hr\\\/wp-content\\\/uploads\\\/2023\\\/12\\\/apirelax-white.webp\",\"width\":1080,\"height\":1080},{\"@type\":\"BreadcrumbList\",\"@id\":\"https:\\\/\\\/romlay.hr\\\/proizvod\\\/apirelax\\\/#breadcrumb\",\"itemListElement\":[{\"@type\":\"ListItem\",\"position\":1,\"name\":\"Po\u010detna stranica\",\"item\":\"https:\\\/\\\/romlay.hr\\\/\"},{\"@type\":\"ListItem\",\"position\":2,\"name\":\"Proizvodi\",\"item\":\"https:\\\/\\\/romlay.hr\\\/shop\\\/\"},{\"@type\":\"ListItem\",\"position\":3,\"name\":\"APIRELAX\"}]},{\"@type\":\"WebSite\",\"@id\":\"https:\\\/\\\/romlay.hr\\\/#website\",\"url\":\"https:\\\/\\\/romlay.hr\\\/\",\"name\":\"Romlay\",\"description\":\"Toy dog specialist\",\"publisher\":{\"@id\":\"https:\\\/\\\/romlay.hr\\\/#organization\"},\"potentialAction\":[{\"@type\":\"SearchAction\",\"target\":{\"@type\":\"EntryPoint\",\"urlTemplate\":\"https:\\\/\\\/romlay.hr\\\/?s={search_term_string}\"},\"query-input\":{\"@type\":\"PropertyValueSpecification\",\"valueRequired\":true,\"valueName\":\"search_term_string\"}}],\"inLanguage\":\"hr\"},{\"@type\":\"Organization\",\"@id\":\"https:\\\/\\\/romlay.hr\\\/#organization\",\"name\":\"Romlay\",\"url\":\"https:\\\/\\\/romlay.hr\\\/\",\"logo\":{\"@type\":\"ImageObject\",\"inLanguage\":\"hr\",\"@id\":\"https:\\\/\\\/romlay.hr\\\/#\\\/schema\\\/logo\\\/image\\\/\",\"url\":\"https:\\\/\\\/romlay.hr\\\/wp-content\\\/uploads\\\/2023\\\/04\\\/cropped-Romlay-1.png\",\"contentUrl\":\"https:\\\/\\\/romlay.hr\\\/wp-content\\\/uploads\\\/2023\\\/04\\\/cropped-Romlay-1.png\",\"width\":978,\"height\":1645,\"caption\":\"Romlay\"},\"image\":{\"@id\":\"https:\\\/\\\/romlay.hr\\\/#\\\/schema\\\/logo\\\/image\\\/\"}}]}<\/script>\n<!-- \/ Yoast SEO plugin. -->","yoast_head_json":{"title":"APIRELAX - Romlay","robots":{"index":"index","follow":"follow","max-snippet":"max-snippet:-1","max-image-preview":"max-image-preview:large","max-video-preview":"max-video-preview:-1"},"canonical":"https:\/\/romlay.hr\/hr\/proizvod\/apirelax\/","og_locale":"hr_HR","og_type":"article","og_title":"APIRELAX - Romlay","og_description":"Organska otopina na bazi aloe i lavande\u00a0koja umiruje ljubimce onda kada su pod stresom (vo\u017enja, grmljavina, petarde, vatromet.)","og_url":"https:\/\/romlay.hr\/hr\/proizvod\/apirelax\/","og_site_name":"Romlay","article_modified_time":"2025-03-16T20:51:32+00:00","og_image":[{"width":1080,"height":1080,"url":"https:\/\/romlay.hr\/wp-content\/uploads\/2023\/12\/apirelax-white.webp","type":"image\/webp"}],"twitter_card":"summary_large_image","twitter_misc":{"Procijenjeno vrijeme \u010ditanja":"1 minuta"},"schema":{"@context":"https:\/\/schema.org","@graph":[{"@type":"WebPage","@id":"https:\/\/romlay.hr\/proizvod\/apirelax\/","url":"https:\/\/romlay.hr\/proizvod\/apirelax\/","name":"APIRELAX - Romlay","isPartOf":{"@id":"https:\/\/romlay.hr\/#website"},"primaryImageOfPage":{"@id":"https:\/\/romlay.hr\/proizvod\/apirelax\/#primaryimage"},"image":{"@id":"https:\/\/romlay.hr\/proizvod\/apirelax\/#primaryimage"},"thumbnailUrl":"https:\/\/romlay.hr\/wp-content\/uploads\/2023\/12\/apirelax-white.webp","datePublished":"2023-12-04T11:11:32+00:00","dateModified":"2025-03-16T20:51:32+00:00","breadcrumb":{"@id":"https:\/\/romlay.hr\/proizvod\/apirelax\/#breadcrumb"},"inLanguage":"hr","potentialAction":[{"@type":"ReadAction","target":["https:\/\/romlay.hr\/proizvod\/apirelax\/"]}]},{"@type":"ImageObject","inLanguage":"hr","@id":"https:\/\/romlay.hr\/proizvod\/apirelax\/#primaryimage","url":"https:\/\/romlay.hr\/wp-content\/uploads\/2023\/12\/apirelax-white.webp","contentUrl":"https:\/\/romlay.hr\/wp-content\/uploads\/2023\/12\/apirelax-white.webp","width":1080,"height":1080},{"@type":"BreadcrumbList","@id":"https:\/\/romlay.hr\/proizvod\/apirelax\/#breadcrumb","itemListElement":[{"@type":"ListItem","position":1,"name":"Po\u010detna stranica","item":"https:\/\/romlay.hr\/"},{"@type":"ListItem","position":2,"name":"Proizvodi","item":"https:\/\/romlay.hr\/shop\/"},{"@type":"ListItem","position":3,"name":"APIRELAX"}]},{"@type":"WebSite","@id":"https:\/\/romlay.hr\/#website","url":"https:\/\/romlay.hr\/","name":"Romlay","description":"Toy dog specialist","publisher":{"@id":"https:\/\/romlay.hr\/#organization"},"potentialAction":[{"@type":"SearchAction","target":{"@type":"EntryPoint","urlTemplate":"https:\/\/romlay.hr\/?s={search_term_string}"},"query-input":{"@type":"PropertyValueSpecification","valueRequired":true,"valueName":"search_term_string"}}],"inLanguage":"hr"},{"@type":"Organization","@id":"https:\/\/romlay.hr\/#organization","name":"Romlay","url":"https:\/\/romlay.hr\/","logo":{"@type":"ImageObject","inLanguage":"hr","@id":"https:\/\/romlay.hr\/#\/schema\/logo\/image\/","url":"https:\/\/romlay.hr\/wp-content\/uploads\/2023\/04\/cropped-Romlay-1.png","contentUrl":"https:\/\/romlay.hr\/wp-content\/uploads\/2023\/04\/cropped-Romlay-1.png","width":978,"height":1645,"caption":"Romlay"},"image":{"@id":"https:\/\/romlay.hr\/#\/schema\/logo\/image\/"}}]}},"_links":{"self":[{"href":"https:\/\/romlay.hr\/hr\/wp-json\/wp\/v2\/product\/723","targetHints":{"allow":["GET"]}}],"collection":[{"href":"https:\/\/romlay.hr\/hr\/wp-json\/wp\/v2\/product"}],"about":[{"href":"https:\/\/romlay.hr\/hr\/wp-json\/wp\/v2\/types\/product"}],"wp:featuredmedia":[{"embeddable":true,"href":"https:\/\/romlay.hr\/hr\/wp-json\/wp\/v2\/media\/724"}],"wp:attachment":[{"href":"https:\/\/romlay.hr\/hr\/wp-json\/wp\/v2\/media?parent=723"}],"wp:term":[{"taxonomy":"product_brand","embeddable":true,"href":"https:\/\/romlay.hr\/hr\/wp-json\/wp\/v2\/product_brand?post=723"},{"taxonomy":"product_cat","embeddable":true,"href":"https:\/\/romlay.hr\/hr\/wp-json\/wp\/v2\/product_cat?post=723"},{"taxonomy":"product_tag","embeddable":true,"href":"https:\/\/romlay.hr\/hr\/wp-json\/wp\/v2\/product_tag?post=723"}],"curies":[{"name":"wp","href":"https:\/\/api.w.org\/{rel}","templated":true}]}}