{"id":703,"date":"2023-12-01T13:03:12","date_gmt":"2023-12-01T13:03:12","guid":{"rendered":"https:\/\/romlay.hr\/?post_type=product&#038;p=703"},"modified":"2026-02-24T16:33:34","modified_gmt":"2026-02-24T16:33:34","slug":"so-posh-look-at-me-im-tangle-freee-spray-250ml","status":"publish","type":"product","link":"https:\/\/romlay.hr\/hr\/proizvod\/so-posh-look-at-me-im-tangle-freee-spray-250ml\/","title":{"rendered":"SO POSH LOOK AT ME, I&#8217;M TANGLE FREEE SPRAY 250ML"},"content":{"rendered":"<p>Tangle Free Spray je savr\u0161eno rje\u0161enje za raspetljavanje dlake va\u0161eg psa. Ovaj dvofazni tretman u\u010dinkovito uklanja \u010dvorove i zapetljanja, bilo da je dlaka mokra ili suha. Tako\u0111er se mo\u017ee koristiti kao sprej za \u010detkanje, pru\u017eaju\u0107i dodatnu njegu, hidrataciju i zagla\u0111ivanje dlake.\n\nKlju\u010dne zna\u010dajke:\n\nRaspetljavanje dlake: U\u010dinkovito uklanja \u010dvorove i olak\u0161ava \u010de\u0161ljanje.\n\nNjega dlake: Hrani, hidratizira i zagla\u0111uje dlaku, ostavljaju\u0107i je svilenkastom i upravljivom.\n\nFleksibilna primjena: Pogodno za upotrebu na mokroj ili suhoj dlaci.\n\nJednostavno kori\u0161tenje: Nije potrebno ispirati nakon nano\u0161enja.\n\n\nKako koristiti:\n\n1. Dobro protresite prije uporabe.\n\n\n2. Raspr\u0161ite izravno na zapetljanja ili koristite kao sprej za \u010detkanje.\n\n\n\n3. Nje\u017eno po\u010de\u0161ljajte dlaku dok se \u010dvorovi ne uklone.<\/p>\n<p>Ne ispire se<br \/>\nDobro protresite prije uporabe<\/p>\n<p>Sastojci<br \/>\nAqua, Linseed Oil, Hydrolized Wheat Protein, Citronellol, Hexyl Cinnamal, Limonene, Linalool, Parfum<\/p>","protected":false},"excerpt":{"rendered":"<p>Tangle Free Spray je savr\u0161eno rje\u0161enje za raspetljavanje dlake va\u0161eg psa. Ovaj dvofazni tretman u\u010dinkovito uklanja \u010dvorove i zapetljanja, bilo da je dlaka mokra ili suha. Tako\u0111er se mo\u017ee koristiti kao sprej za \u010detkanje, pru\u017eaju\u0107i dodatnu njegu, hidrataciju i zagla\u0111ivanje dlake.\n\nKlju\u010dne zna\u010dajke:\n\nRaspetljavanje dlake: U\u010dinkovito uklanja \u010dvorove i olak\u0161ava \u010de\u0161ljanje.\n\nNjega dlake: Hrani, hidratizira i zagla\u0111uje dlaku, ostavljaju\u0107i je svilenkastom i upravljivom.\n\nFleksibilna primjena: Pogodno za upotrebu na mokroj ili suhoj dlaci.\n\nJednostavno kori\u0161tenje: Nije potrebno ispirati nakon nano\u0161enja.\n\n\nKako koristiti:\n\n1. Dobro protresite prije uporabe.\n\n\n2. Raspr\u0161ite izravno na zapetljanja ili koristite kao sprej za \u010detkanje.\n\n\n\n3. Nje\u017eno po\u010de\u0161ljajte dlaku dok se \u010dvorovi ne uklone.<\/p>","protected":false},"featured_media":704,"template":"","meta":{"_monsterinsights_skip_tracking":false,"_monsterinsights_sitenote_active":false,"_monsterinsights_sitenote_note":"","_monsterinsights_sitenote_category":0,"site-sidebar-layout":"default","site-content-layout":"default","ast-site-content-layout":"default","site-content-style":"default","site-sidebar-style":"default","ast-global-header-display":"","ast-banner-title-visibility":"","ast-main-header-display":"","ast-hfb-above-header-display":"","ast-hfb-below-header-display":"","ast-hfb-mobile-header-display":"","site-post-title":"","ast-breadcrumbs-content":"","ast-featured-img":"","footer-sml-layout":"","ast-disable-related-posts":"","theme-transparent-header-meta":"default","adv-header-id-meta":"","stick-header-meta":"","header-above-stick-meta":"","header-main-stick-meta":"","header-below-stick-meta":"","astra-migrate-meta-layouts":"set","ast-page-background-enabled":"default","ast-page-background-meta":{"desktop":{"background-color":"var(--ast-global-color-4)","background-image":"","background-repeat":"repeat","background-position":"center center","background-size":"auto","background-attachment":"scroll","background-type":"","background-media":"","overlay-type":"","overlay-color":"","overlay-opacity":"","overlay-gradient":""},"tablet":{"background-color":"","background-image":"","background-repeat":"repeat","background-position":"center center","background-size":"auto","background-attachment":"scroll","background-type":"","background-media":"","overlay-type":"","overlay-color":"","overlay-opacity":"","overlay-gradient":""},"mobile":{"background-color":"","background-image":"","background-repeat":"repeat","background-position":"center center","background-size":"auto","background-attachment":"scroll","background-type":"","background-media":"","overlay-type":"","overlay-color":"","overlay-opacity":"","overlay-gradient":""}},"ast-content-background-meta":{"desktop":{"background-color":"var(--ast-global-color-5)","background-image":"","background-repeat":"repeat","background-position":"center center","background-size":"auto","background-attachment":"scroll","background-type":"","background-media":"","overlay-type":"","overlay-color":"","overlay-opacity":"","overlay-gradient":""},"tablet":{"background-color":"var(--ast-global-color-5)","background-image":"","background-repeat":"repeat","background-position":"center center","background-size":"auto","background-attachment":"scroll","background-type":"","background-media":"","overlay-type":"","overlay-color":"","overlay-opacity":"","overlay-gradient":""},"mobile":{"background-color":"var(--ast-global-color-5)","background-image":"","background-repeat":"repeat","background-position":"center center","background-size":"auto","background-attachment":"scroll","background-type":"","background-media":"","overlay-type":"","overlay-color":"","overlay-opacity":"","overlay-gradient":""}}},"product_brand":[],"product_cat":[24,53],"product_tag":[],"class_list":{"0":"post-703","1":"product","2":"type-product","3":"status-publish","4":"has-post-thumbnail","6":"product_cat-coat-care","7":"product_cat-so-posh","8":"desktop-align-left","9":"tablet-align-left","10":"mobile-align-left","12":"first","13":"outofstock","14":"shipping-taxable","15":"purchasable","16":"product-type-simple"},"yoast_head":"<!-- This site is optimized with the Yoast SEO plugin v27.4 - https:\/\/yoast.com\/product\/yoast-seo-wordpress\/ -->\n<title>SO POSH LOOK AT ME, I&#039;M TANGLE FREEE SPRAY 250ML - Romlay<\/title>\n<meta name=\"robots\" content=\"index, follow, max-snippet:-1, max-image-preview:large, max-video-preview:-1\" \/>\n<link rel=\"canonical\" href=\"https:\/\/romlay.hr\/hr\/proizvod\/so-posh-look-at-me-im-tangle-freee-spray-250ml\/\" \/>\n<meta property=\"og:locale\" content=\"hr_HR\" \/>\n<meta property=\"og:type\" content=\"article\" \/>\n<meta property=\"og:title\" content=\"SO POSH LOOK AT ME, I&#039;M TANGLE FREEE SPRAY 250ML - Romlay\" \/>\n<meta property=\"og:description\" content=\"Well, your dog has tangles. No worries, just spray this bi-phase treatment directly on the tangles, whether the coat is wet or dry, and comb them out carefully. You can also use this product as a brushing spray. It nourishes, moisturizes and smoothes the coat.\" \/>\n<meta property=\"og:url\" content=\"https:\/\/romlay.hr\/hr\/proizvod\/so-posh-look-at-me-im-tangle-freee-spray-250ml\/\" \/>\n<meta property=\"og:site_name\" content=\"Romlay\" \/>\n<meta property=\"article:modified_time\" content=\"2026-02-24T16:33:34+00:00\" \/>\n<meta property=\"og:image\" content=\"https:\/\/romlay.hr\/wp-content\/uploads\/2023\/12\/look-at-me-i-m-tangle-free-so-posh-1.webp\" \/>\n\t<meta property=\"og:image:width\" content=\"1024\" \/>\n\t<meta property=\"og:image:height\" content=\"1024\" \/>\n\t<meta property=\"og:image:type\" content=\"image\/webp\" \/>\n<meta name=\"twitter:card\" content=\"summary_large_image\" \/>\n<meta name=\"twitter:label1\" content=\"Procijenjeno vrijeme \u010ditanja\" \/>\n\t<meta name=\"twitter:data1\" content=\"1 minuta\" \/>\n<script type=\"application\/ld+json\" class=\"yoast-schema-graph\">{\"@context\":\"https:\\\/\\\/schema.org\",\"@graph\":[{\"@type\":\"WebPage\",\"@id\":\"https:\\\/\\\/romlay.hr\\\/proizvod\\\/so-posh-look-at-me-im-tangle-freee-spray-250ml\\\/\",\"url\":\"https:\\\/\\\/romlay.hr\\\/proizvod\\\/so-posh-look-at-me-im-tangle-freee-spray-250ml\\\/\",\"name\":\"SO POSH LOOK AT ME, I'M TANGLE FREEE SPRAY 250ML - Romlay\",\"isPartOf\":{\"@id\":\"https:\\\/\\\/romlay.hr\\\/#website\"},\"primaryImageOfPage\":{\"@id\":\"https:\\\/\\\/romlay.hr\\\/proizvod\\\/so-posh-look-at-me-im-tangle-freee-spray-250ml\\\/#primaryimage\"},\"image\":{\"@id\":\"https:\\\/\\\/romlay.hr\\\/proizvod\\\/so-posh-look-at-me-im-tangle-freee-spray-250ml\\\/#primaryimage\"},\"thumbnailUrl\":\"https:\\\/\\\/romlay.hr\\\/wp-content\\\/uploads\\\/2023\\\/12\\\/look-at-me-i-m-tangle-free-so-posh-1.webp\",\"datePublished\":\"2023-12-01T13:03:12+00:00\",\"dateModified\":\"2026-02-24T16:33:34+00:00\",\"breadcrumb\":{\"@id\":\"https:\\\/\\\/romlay.hr\\\/proizvod\\\/so-posh-look-at-me-im-tangle-freee-spray-250ml\\\/#breadcrumb\"},\"inLanguage\":\"hr\",\"potentialAction\":[{\"@type\":\"ReadAction\",\"target\":[\"https:\\\/\\\/romlay.hr\\\/proizvod\\\/so-posh-look-at-me-im-tangle-freee-spray-250ml\\\/\"]}]},{\"@type\":\"ImageObject\",\"inLanguage\":\"hr\",\"@id\":\"https:\\\/\\\/romlay.hr\\\/proizvod\\\/so-posh-look-at-me-im-tangle-freee-spray-250ml\\\/#primaryimage\",\"url\":\"https:\\\/\\\/romlay.hr\\\/wp-content\\\/uploads\\\/2023\\\/12\\\/look-at-me-i-m-tangle-free-so-posh-1.webp\",\"contentUrl\":\"https:\\\/\\\/romlay.hr\\\/wp-content\\\/uploads\\\/2023\\\/12\\\/look-at-me-i-m-tangle-free-so-posh-1.webp\",\"width\":1024,\"height\":1024},{\"@type\":\"BreadcrumbList\",\"@id\":\"https:\\\/\\\/romlay.hr\\\/proizvod\\\/so-posh-look-at-me-im-tangle-freee-spray-250ml\\\/#breadcrumb\",\"itemListElement\":[{\"@type\":\"ListItem\",\"position\":1,\"name\":\"Po\u010detna stranica\",\"item\":\"https:\\\/\\\/romlay.hr\\\/\"},{\"@type\":\"ListItem\",\"position\":2,\"name\":\"Proizvodi\",\"item\":\"https:\\\/\\\/romlay.hr\\\/shop\\\/\"},{\"@type\":\"ListItem\",\"position\":3,\"name\":\"SO POSH LOOK AT ME, I&#8217;M TANGLE FREEE SPRAY 250ML\"}]},{\"@type\":\"WebSite\",\"@id\":\"https:\\\/\\\/romlay.hr\\\/#website\",\"url\":\"https:\\\/\\\/romlay.hr\\\/\",\"name\":\"Romlay\",\"description\":\"Toy dog specialist\",\"publisher\":{\"@id\":\"https:\\\/\\\/romlay.hr\\\/#organization\"},\"potentialAction\":[{\"@type\":\"SearchAction\",\"target\":{\"@type\":\"EntryPoint\",\"urlTemplate\":\"https:\\\/\\\/romlay.hr\\\/?s={search_term_string}\"},\"query-input\":{\"@type\":\"PropertyValueSpecification\",\"valueRequired\":true,\"valueName\":\"search_term_string\"}}],\"inLanguage\":\"hr\"},{\"@type\":\"Organization\",\"@id\":\"https:\\\/\\\/romlay.hr\\\/#organization\",\"name\":\"Romlay\",\"url\":\"https:\\\/\\\/romlay.hr\\\/\",\"logo\":{\"@type\":\"ImageObject\",\"inLanguage\":\"hr\",\"@id\":\"https:\\\/\\\/romlay.hr\\\/#\\\/schema\\\/logo\\\/image\\\/\",\"url\":\"https:\\\/\\\/romlay.hr\\\/wp-content\\\/uploads\\\/2023\\\/04\\\/cropped-Romlay-1.png\",\"contentUrl\":\"https:\\\/\\\/romlay.hr\\\/wp-content\\\/uploads\\\/2023\\\/04\\\/cropped-Romlay-1.png\",\"width\":978,\"height\":1645,\"caption\":\"Romlay\"},\"image\":{\"@id\":\"https:\\\/\\\/romlay.hr\\\/#\\\/schema\\\/logo\\\/image\\\/\"}}]}<\/script>\n<!-- \/ Yoast SEO plugin. -->","yoast_head_json":{"title":"SO POSH LOOK AT ME, I'M TANGLE FREEE SPRAY 250ML - Romlay","robots":{"index":"index","follow":"follow","max-snippet":"max-snippet:-1","max-image-preview":"max-image-preview:large","max-video-preview":"max-video-preview:-1"},"canonical":"https:\/\/romlay.hr\/hr\/proizvod\/so-posh-look-at-me-im-tangle-freee-spray-250ml\/","og_locale":"hr_HR","og_type":"article","og_title":"SO POSH LOOK AT ME, I'M TANGLE FREEE SPRAY 250ML - Romlay","og_description":"Well, your dog has tangles. No worries, just spray this bi-phase treatment directly on the tangles, whether the coat is wet or dry, and comb them out carefully. You can also use this product as a brushing spray. It nourishes, moisturizes and smoothes the coat.","og_url":"https:\/\/romlay.hr\/hr\/proizvod\/so-posh-look-at-me-im-tangle-freee-spray-250ml\/","og_site_name":"Romlay","article_modified_time":"2026-02-24T16:33:34+00:00","og_image":[{"width":1024,"height":1024,"url":"https:\/\/romlay.hr\/wp-content\/uploads\/2023\/12\/look-at-me-i-m-tangle-free-so-posh-1.webp","type":"image\/webp"}],"twitter_card":"summary_large_image","twitter_misc":{"Procijenjeno vrijeme \u010ditanja":"1 minuta"},"schema":{"@context":"https:\/\/schema.org","@graph":[{"@type":"WebPage","@id":"https:\/\/romlay.hr\/proizvod\/so-posh-look-at-me-im-tangle-freee-spray-250ml\/","url":"https:\/\/romlay.hr\/proizvod\/so-posh-look-at-me-im-tangle-freee-spray-250ml\/","name":"SO POSH LOOK AT ME, I'M TANGLE FREEE SPRAY 250ML - Romlay","isPartOf":{"@id":"https:\/\/romlay.hr\/#website"},"primaryImageOfPage":{"@id":"https:\/\/romlay.hr\/proizvod\/so-posh-look-at-me-im-tangle-freee-spray-250ml\/#primaryimage"},"image":{"@id":"https:\/\/romlay.hr\/proizvod\/so-posh-look-at-me-im-tangle-freee-spray-250ml\/#primaryimage"},"thumbnailUrl":"https:\/\/romlay.hr\/wp-content\/uploads\/2023\/12\/look-at-me-i-m-tangle-free-so-posh-1.webp","datePublished":"2023-12-01T13:03:12+00:00","dateModified":"2026-02-24T16:33:34+00:00","breadcrumb":{"@id":"https:\/\/romlay.hr\/proizvod\/so-posh-look-at-me-im-tangle-freee-spray-250ml\/#breadcrumb"},"inLanguage":"hr","potentialAction":[{"@type":"ReadAction","target":["https:\/\/romlay.hr\/proizvod\/so-posh-look-at-me-im-tangle-freee-spray-250ml\/"]}]},{"@type":"ImageObject","inLanguage":"hr","@id":"https:\/\/romlay.hr\/proizvod\/so-posh-look-at-me-im-tangle-freee-spray-250ml\/#primaryimage","url":"https:\/\/romlay.hr\/wp-content\/uploads\/2023\/12\/look-at-me-i-m-tangle-free-so-posh-1.webp","contentUrl":"https:\/\/romlay.hr\/wp-content\/uploads\/2023\/12\/look-at-me-i-m-tangle-free-so-posh-1.webp","width":1024,"height":1024},{"@type":"BreadcrumbList","@id":"https:\/\/romlay.hr\/proizvod\/so-posh-look-at-me-im-tangle-freee-spray-250ml\/#breadcrumb","itemListElement":[{"@type":"ListItem","position":1,"name":"Po\u010detna stranica","item":"https:\/\/romlay.hr\/"},{"@type":"ListItem","position":2,"name":"Proizvodi","item":"https:\/\/romlay.hr\/shop\/"},{"@type":"ListItem","position":3,"name":"SO POSH LOOK AT ME, I&#8217;M TANGLE FREEE SPRAY 250ML"}]},{"@type":"WebSite","@id":"https:\/\/romlay.hr\/#website","url":"https:\/\/romlay.hr\/","name":"Romlay","description":"Toy dog specialist","publisher":{"@id":"https:\/\/romlay.hr\/#organization"},"potentialAction":[{"@type":"SearchAction","target":{"@type":"EntryPoint","urlTemplate":"https:\/\/romlay.hr\/?s={search_term_string}"},"query-input":{"@type":"PropertyValueSpecification","valueRequired":true,"valueName":"search_term_string"}}],"inLanguage":"hr"},{"@type":"Organization","@id":"https:\/\/romlay.hr\/#organization","name":"Romlay","url":"https:\/\/romlay.hr\/","logo":{"@type":"ImageObject","inLanguage":"hr","@id":"https:\/\/romlay.hr\/#\/schema\/logo\/image\/","url":"https:\/\/romlay.hr\/wp-content\/uploads\/2023\/04\/cropped-Romlay-1.png","contentUrl":"https:\/\/romlay.hr\/wp-content\/uploads\/2023\/04\/cropped-Romlay-1.png","width":978,"height":1645,"caption":"Romlay"},"image":{"@id":"https:\/\/romlay.hr\/#\/schema\/logo\/image\/"}}]}},"_links":{"self":[{"href":"https:\/\/romlay.hr\/hr\/wp-json\/wp\/v2\/product\/703","targetHints":{"allow":["GET"]}}],"collection":[{"href":"https:\/\/romlay.hr\/hr\/wp-json\/wp\/v2\/product"}],"about":[{"href":"https:\/\/romlay.hr\/hr\/wp-json\/wp\/v2\/types\/product"}],"wp:featuredmedia":[{"embeddable":true,"href":"https:\/\/romlay.hr\/hr\/wp-json\/wp\/v2\/media\/704"}],"wp:attachment":[{"href":"https:\/\/romlay.hr\/hr\/wp-json\/wp\/v2\/media?parent=703"}],"wp:term":[{"taxonomy":"product_brand","embeddable":true,"href":"https:\/\/romlay.hr\/hr\/wp-json\/wp\/v2\/product_brand?post=703"},{"taxonomy":"product_cat","embeddable":true,"href":"https:\/\/romlay.hr\/hr\/wp-json\/wp\/v2\/product_cat?post=703"},{"taxonomy":"product_tag","embeddable":true,"href":"https:\/\/romlay.hr\/hr\/wp-json\/wp\/v2\/product_tag?post=703"}],"curies":[{"name":"wp","href":"https:\/\/api.w.org\/{rel}","templated":true}]}}