{"id":688,"date":"2023-12-01T10:17:22","date_gmt":"2023-12-01T10:17:22","guid":{"rendered":"https:\/\/romlay.hr\/?post_type=product&#038;p=688"},"modified":"2025-07-26T09:03:09","modified_gmt":"2025-07-26T09:03:09","slug":"dermagic-peppermint-tea-tree-oil-conditioner-355ml","status":"publish","type":"product","link":"https:\/\/romlay.hr\/hr\/proizvod\/dermagic-peppermint-tea-tree-oil-conditioner-355ml\/","title":{"rendered":"DERMAGIC CONDITIONER 532ML"},"content":{"rendered":"<div class=\"product attribute overview\">\n<div class=\"value\">\n<p>Ovaj potpuno prirodni regenerator osigurava mek\u0161u dlaku va\u0161eg ljubimca, bez zapetljavanja i otpornu na napade mikroba. Kombinacija lavande, paprene metvice i ulja \u010dajevca (melaleuca) s hidratantnim svojstvima aloe vere, glicerina, ekstrakta zobi i p\u0161eni\u010dnih proteina pru\u017ea umiruju\u0107u njegu za ko\u017eu i dlaku, eliminira neugodne mirise i poti\u010de proces zacjeljivanja.\n\nKlju\u010dne zna\u010dajke:\n\nNjega ko\u017ee i dlake: Umiruje i hidratizira ko\u017eu, ostavljaju\u0107i dlaku mekom i svilenkastom.\n\nPrirodni sastojci: Sadr\u017ei lavandu, paprenu metvicu i ulje \u010dajevca za njegu i za\u0161titu ko\u017ee.\n\nEliminira mirise: Ostavlja svje\u017e i ugodan miris.\n\nPodr\u0161ka zacjeljivanju: Stimulira prirodne procese regeneracije ko\u017ee.\n\nSavr\u0161ena kombinacija: Upotrijebite ga zajedno s DERMagic Peppermint and Tea Tree Oil Shampoo za potpunu njegu i obnavljanje zdrave ko\u017ee i sjajne dlake.<\/p>\n<p>Featuring the same delightfully fresh scent as our all-natural SLS-free Peppermint and Tea Tree Oil Shampoo\u2014use together as the first step in restoring healthy skin and shiny fur in your pets.<\/p>\n<\/div>\n<\/div>","protected":false},"excerpt":{"rendered":"<p>This all-natural conditioner will make your pet\u2019s coat tangle-free and soft and resistant to attack by microbes. Combining lavender, peppermint and melaleuca (tea tree oil) with the conditioning properties of aloe vera, glycerin, oat extract, and wheat proteins, DERMagic Peppermint and Tea Tree Oil Conditioner soothes and conditions the skin and fur, eliminates odor and stimulates the healing process. Featuring the same delightfully fresh scent as our all-natural SLS-free Peppermint and Tea Tree Oil Shampoo\u2014use together as the first step in restoring healthy skin and shiny fur in your pets.<\/p>","protected":false},"featured_media":1773,"template":"","meta":{"_monsterinsights_skip_tracking":false,"_monsterinsights_sitenote_active":false,"_monsterinsights_sitenote_note":"","_monsterinsights_sitenote_category":0,"site-sidebar-layout":"default","site-content-layout":"default","ast-site-content-layout":"default","site-content-style":"default","site-sidebar-style":"default","ast-global-header-display":"","ast-banner-title-visibility":"","ast-main-header-display":"","ast-hfb-above-header-display":"","ast-hfb-below-header-display":"","ast-hfb-mobile-header-display":"","site-post-title":"","ast-breadcrumbs-content":"","ast-featured-img":"","footer-sml-layout":"","ast-disable-related-posts":"","theme-transparent-header-meta":"default","adv-header-id-meta":"","stick-header-meta":"","header-above-stick-meta":"","header-main-stick-meta":"","header-below-stick-meta":"","astra-migrate-meta-layouts":"set","ast-page-background-enabled":"default","ast-page-background-meta":{"desktop":{"background-color":"var(--ast-global-color-4)","background-image":"","background-repeat":"repeat","background-position":"center center","background-size":"auto","background-attachment":"scroll","background-type":"","background-media":"","overlay-type":"","overlay-color":"","overlay-opacity":"","overlay-gradient":""},"tablet":{"background-color":"","background-image":"","background-repeat":"repeat","background-position":"center center","background-size":"auto","background-attachment":"scroll","background-type":"","background-media":"","overlay-type":"","overlay-color":"","overlay-opacity":"","overlay-gradient":""},"mobile":{"background-color":"","background-image":"","background-repeat":"repeat","background-position":"center center","background-size":"auto","background-attachment":"scroll","background-type":"","background-media":"","overlay-type":"","overlay-color":"","overlay-opacity":"","overlay-gradient":""}},"ast-content-background-meta":{"desktop":{"background-color":"var(--ast-global-color-5)","background-image":"","background-repeat":"repeat","background-position":"center center","background-size":"auto","background-attachment":"scroll","background-type":"","background-media":"","overlay-type":"","overlay-color":"","overlay-opacity":"","overlay-gradient":""},"tablet":{"background-color":"var(--ast-global-color-5)","background-image":"","background-repeat":"repeat","background-position":"center center","background-size":"auto","background-attachment":"scroll","background-type":"","background-media":"","overlay-type":"","overlay-color":"","overlay-opacity":"","overlay-gradient":""},"mobile":{"background-color":"var(--ast-global-color-5)","background-image":"","background-repeat":"repeat","background-position":"center center","background-size":"auto","background-attachment":"scroll","background-type":"","background-media":"","overlay-type":"","overlay-color":"","overlay-opacity":"","overlay-gradient":""}}},"product_brand":[],"product_cat":[24,52],"product_tag":[],"class_list":{"0":"post-688","1":"product","2":"type-product","3":"status-publish","4":"has-post-thumbnail","6":"product_cat-coat-care","7":"product_cat-dermagic","8":"desktop-align-left","9":"tablet-align-left","10":"mobile-align-left","12":"first","13":"outofstock","14":"shipping-taxable","15":"purchasable","16":"product-type-simple"},"yoast_head":"<!-- This site is optimized with the Yoast SEO plugin v27.4 - https:\/\/yoast.com\/product\/yoast-seo-wordpress\/ -->\n<title>DERMAGIC CONDITIONER 532ML - Romlay<\/title>\n<meta name=\"robots\" content=\"index, follow, max-snippet:-1, max-image-preview:large, max-video-preview:-1\" \/>\n<link rel=\"canonical\" href=\"https:\/\/romlay.hr\/hr\/proizvod\/dermagic-peppermint-tea-tree-oil-conditioner-355ml\/\" \/>\n<meta property=\"og:locale\" content=\"hr_HR\" \/>\n<meta property=\"og:type\" content=\"article\" \/>\n<meta property=\"og:title\" content=\"DERMAGIC CONDITIONER 532ML - Romlay\" \/>\n<meta property=\"og:description\" content=\"This all-natural conditioner will make your pet\u2019s coat tangle-free and soft and resistant to attack by microbes. Combining lavender, peppermint and melaleuca (tea tree oil) with the conditioning properties of aloe vera, glycerin, oat extract, and wheat proteins, DERMagic Peppermint and Tea Tree Oil Conditioner soothes and conditions the skin and fur, eliminates odor and stimulates the healing process. Featuring the same delightfully fresh scent as our all-natural SLS-free Peppermint and Tea Tree Oil Shampoo\u2014use together as the first step in restoring healthy skin and shiny fur in your pets.\" \/>\n<meta property=\"og:url\" content=\"https:\/\/romlay.hr\/hr\/proizvod\/dermagic-peppermint-tea-tree-oil-conditioner-355ml\/\" \/>\n<meta property=\"og:site_name\" content=\"Romlay\" \/>\n<meta property=\"article:modified_time\" content=\"2025-07-26T09:03:09+00:00\" \/>\n<meta property=\"og:image\" content=\"https:\/\/romlay.hr\/wp-content\/uploads\/2023\/12\/NEWConditioner-dermagic.webp\" \/>\n\t<meta property=\"og:image:width\" content=\"1000\" \/>\n\t<meta property=\"og:image:height\" content=\"1000\" \/>\n\t<meta property=\"og:image:type\" content=\"image\/webp\" \/>\n<meta name=\"twitter:card\" content=\"summary_large_image\" \/>\n<meta name=\"twitter:label1\" content=\"Procijenjeno vrijeme \u010ditanja\" \/>\n\t<meta name=\"twitter:data1\" content=\"1 minuta\" \/>\n<script type=\"application\/ld+json\" class=\"yoast-schema-graph\">{\"@context\":\"https:\\\/\\\/schema.org\",\"@graph\":[{\"@type\":\"WebPage\",\"@id\":\"https:\\\/\\\/romlay.hr\\\/proizvod\\\/dermagic-peppermint-tea-tree-oil-conditioner-355ml\\\/\",\"url\":\"https:\\\/\\\/romlay.hr\\\/proizvod\\\/dermagic-peppermint-tea-tree-oil-conditioner-355ml\\\/\",\"name\":\"DERMAGIC CONDITIONER 532ML - Romlay\",\"isPartOf\":{\"@id\":\"https:\\\/\\\/romlay.hr\\\/#website\"},\"primaryImageOfPage\":{\"@id\":\"https:\\\/\\\/romlay.hr\\\/proizvod\\\/dermagic-peppermint-tea-tree-oil-conditioner-355ml\\\/#primaryimage\"},\"image\":{\"@id\":\"https:\\\/\\\/romlay.hr\\\/proizvod\\\/dermagic-peppermint-tea-tree-oil-conditioner-355ml\\\/#primaryimage\"},\"thumbnailUrl\":\"https:\\\/\\\/romlay.hr\\\/wp-content\\\/uploads\\\/2023\\\/12\\\/NEWConditioner-dermagic.webp\",\"datePublished\":\"2023-12-01T10:17:22+00:00\",\"dateModified\":\"2025-07-26T09:03:09+00:00\",\"breadcrumb\":{\"@id\":\"https:\\\/\\\/romlay.hr\\\/proizvod\\\/dermagic-peppermint-tea-tree-oil-conditioner-355ml\\\/#breadcrumb\"},\"inLanguage\":\"hr\",\"potentialAction\":[{\"@type\":\"ReadAction\",\"target\":[\"https:\\\/\\\/romlay.hr\\\/proizvod\\\/dermagic-peppermint-tea-tree-oil-conditioner-355ml\\\/\"]}]},{\"@type\":\"ImageObject\",\"inLanguage\":\"hr\",\"@id\":\"https:\\\/\\\/romlay.hr\\\/proizvod\\\/dermagic-peppermint-tea-tree-oil-conditioner-355ml\\\/#primaryimage\",\"url\":\"https:\\\/\\\/romlay.hr\\\/wp-content\\\/uploads\\\/2023\\\/12\\\/NEWConditioner-dermagic.webp\",\"contentUrl\":\"https:\\\/\\\/romlay.hr\\\/wp-content\\\/uploads\\\/2023\\\/12\\\/NEWConditioner-dermagic.webp\",\"width\":1000,\"height\":1000},{\"@type\":\"BreadcrumbList\",\"@id\":\"https:\\\/\\\/romlay.hr\\\/proizvod\\\/dermagic-peppermint-tea-tree-oil-conditioner-355ml\\\/#breadcrumb\",\"itemListElement\":[{\"@type\":\"ListItem\",\"position\":1,\"name\":\"Po\u010detna stranica\",\"item\":\"https:\\\/\\\/romlay.hr\\\/\"},{\"@type\":\"ListItem\",\"position\":2,\"name\":\"Proizvodi\",\"item\":\"https:\\\/\\\/romlay.hr\\\/shop\\\/\"},{\"@type\":\"ListItem\",\"position\":3,\"name\":\"DERMAGIC CONDITIONER 532ML\"}]},{\"@type\":\"WebSite\",\"@id\":\"https:\\\/\\\/romlay.hr\\\/#website\",\"url\":\"https:\\\/\\\/romlay.hr\\\/\",\"name\":\"Romlay\",\"description\":\"Toy dog specialist\",\"publisher\":{\"@id\":\"https:\\\/\\\/romlay.hr\\\/#organization\"},\"potentialAction\":[{\"@type\":\"SearchAction\",\"target\":{\"@type\":\"EntryPoint\",\"urlTemplate\":\"https:\\\/\\\/romlay.hr\\\/?s={search_term_string}\"},\"query-input\":{\"@type\":\"PropertyValueSpecification\",\"valueRequired\":true,\"valueName\":\"search_term_string\"}}],\"inLanguage\":\"hr\"},{\"@type\":\"Organization\",\"@id\":\"https:\\\/\\\/romlay.hr\\\/#organization\",\"name\":\"Romlay\",\"url\":\"https:\\\/\\\/romlay.hr\\\/\",\"logo\":{\"@type\":\"ImageObject\",\"inLanguage\":\"hr\",\"@id\":\"https:\\\/\\\/romlay.hr\\\/#\\\/schema\\\/logo\\\/image\\\/\",\"url\":\"https:\\\/\\\/romlay.hr\\\/wp-content\\\/uploads\\\/2023\\\/04\\\/cropped-Romlay-1.png\",\"contentUrl\":\"https:\\\/\\\/romlay.hr\\\/wp-content\\\/uploads\\\/2023\\\/04\\\/cropped-Romlay-1.png\",\"width\":978,\"height\":1645,\"caption\":\"Romlay\"},\"image\":{\"@id\":\"https:\\\/\\\/romlay.hr\\\/#\\\/schema\\\/logo\\\/image\\\/\"}}]}<\/script>\n<!-- \/ Yoast SEO plugin. -->","yoast_head_json":{"title":"DERMAGIC CONDITIONER 532ML - Romlay","robots":{"index":"index","follow":"follow","max-snippet":"max-snippet:-1","max-image-preview":"max-image-preview:large","max-video-preview":"max-video-preview:-1"},"canonical":"https:\/\/romlay.hr\/hr\/proizvod\/dermagic-peppermint-tea-tree-oil-conditioner-355ml\/","og_locale":"hr_HR","og_type":"article","og_title":"DERMAGIC CONDITIONER 532ML - Romlay","og_description":"This all-natural conditioner will make your pet\u2019s coat tangle-free and soft and resistant to attack by microbes. Combining lavender, peppermint and melaleuca (tea tree oil) with the conditioning properties of aloe vera, glycerin, oat extract, and wheat proteins, DERMagic Peppermint and Tea Tree Oil Conditioner soothes and conditions the skin and fur, eliminates odor and stimulates the healing process. Featuring the same delightfully fresh scent as our all-natural SLS-free Peppermint and Tea Tree Oil Shampoo\u2014use together as the first step in restoring healthy skin and shiny fur in your pets.","og_url":"https:\/\/romlay.hr\/hr\/proizvod\/dermagic-peppermint-tea-tree-oil-conditioner-355ml\/","og_site_name":"Romlay","article_modified_time":"2025-07-26T09:03:09+00:00","og_image":[{"width":1000,"height":1000,"url":"https:\/\/romlay.hr\/wp-content\/uploads\/2023\/12\/NEWConditioner-dermagic.webp","type":"image\/webp"}],"twitter_card":"summary_large_image","twitter_misc":{"Procijenjeno vrijeme \u010ditanja":"1 minuta"},"schema":{"@context":"https:\/\/schema.org","@graph":[{"@type":"WebPage","@id":"https:\/\/romlay.hr\/proizvod\/dermagic-peppermint-tea-tree-oil-conditioner-355ml\/","url":"https:\/\/romlay.hr\/proizvod\/dermagic-peppermint-tea-tree-oil-conditioner-355ml\/","name":"DERMAGIC CONDITIONER 532ML - Romlay","isPartOf":{"@id":"https:\/\/romlay.hr\/#website"},"primaryImageOfPage":{"@id":"https:\/\/romlay.hr\/proizvod\/dermagic-peppermint-tea-tree-oil-conditioner-355ml\/#primaryimage"},"image":{"@id":"https:\/\/romlay.hr\/proizvod\/dermagic-peppermint-tea-tree-oil-conditioner-355ml\/#primaryimage"},"thumbnailUrl":"https:\/\/romlay.hr\/wp-content\/uploads\/2023\/12\/NEWConditioner-dermagic.webp","datePublished":"2023-12-01T10:17:22+00:00","dateModified":"2025-07-26T09:03:09+00:00","breadcrumb":{"@id":"https:\/\/romlay.hr\/proizvod\/dermagic-peppermint-tea-tree-oil-conditioner-355ml\/#breadcrumb"},"inLanguage":"hr","potentialAction":[{"@type":"ReadAction","target":["https:\/\/romlay.hr\/proizvod\/dermagic-peppermint-tea-tree-oil-conditioner-355ml\/"]}]},{"@type":"ImageObject","inLanguage":"hr","@id":"https:\/\/romlay.hr\/proizvod\/dermagic-peppermint-tea-tree-oil-conditioner-355ml\/#primaryimage","url":"https:\/\/romlay.hr\/wp-content\/uploads\/2023\/12\/NEWConditioner-dermagic.webp","contentUrl":"https:\/\/romlay.hr\/wp-content\/uploads\/2023\/12\/NEWConditioner-dermagic.webp","width":1000,"height":1000},{"@type":"BreadcrumbList","@id":"https:\/\/romlay.hr\/proizvod\/dermagic-peppermint-tea-tree-oil-conditioner-355ml\/#breadcrumb","itemListElement":[{"@type":"ListItem","position":1,"name":"Po\u010detna stranica","item":"https:\/\/romlay.hr\/"},{"@type":"ListItem","position":2,"name":"Proizvodi","item":"https:\/\/romlay.hr\/shop\/"},{"@type":"ListItem","position":3,"name":"DERMAGIC CONDITIONER 532ML"}]},{"@type":"WebSite","@id":"https:\/\/romlay.hr\/#website","url":"https:\/\/romlay.hr\/","name":"Romlay","description":"Toy dog specialist","publisher":{"@id":"https:\/\/romlay.hr\/#organization"},"potentialAction":[{"@type":"SearchAction","target":{"@type":"EntryPoint","urlTemplate":"https:\/\/romlay.hr\/?s={search_term_string}"},"query-input":{"@type":"PropertyValueSpecification","valueRequired":true,"valueName":"search_term_string"}}],"inLanguage":"hr"},{"@type":"Organization","@id":"https:\/\/romlay.hr\/#organization","name":"Romlay","url":"https:\/\/romlay.hr\/","logo":{"@type":"ImageObject","inLanguage":"hr","@id":"https:\/\/romlay.hr\/#\/schema\/logo\/image\/","url":"https:\/\/romlay.hr\/wp-content\/uploads\/2023\/04\/cropped-Romlay-1.png","contentUrl":"https:\/\/romlay.hr\/wp-content\/uploads\/2023\/04\/cropped-Romlay-1.png","width":978,"height":1645,"caption":"Romlay"},"image":{"@id":"https:\/\/romlay.hr\/#\/schema\/logo\/image\/"}}]}},"_links":{"self":[{"href":"https:\/\/romlay.hr\/hr\/wp-json\/wp\/v2\/product\/688","targetHints":{"allow":["GET"]}}],"collection":[{"href":"https:\/\/romlay.hr\/hr\/wp-json\/wp\/v2\/product"}],"about":[{"href":"https:\/\/romlay.hr\/hr\/wp-json\/wp\/v2\/types\/product"}],"wp:featuredmedia":[{"embeddable":true,"href":"https:\/\/romlay.hr\/hr\/wp-json\/wp\/v2\/media\/1773"}],"wp:attachment":[{"href":"https:\/\/romlay.hr\/hr\/wp-json\/wp\/v2\/media?parent=688"}],"wp:term":[{"taxonomy":"product_brand","embeddable":true,"href":"https:\/\/romlay.hr\/hr\/wp-json\/wp\/v2\/product_brand?post=688"},{"taxonomy":"product_cat","embeddable":true,"href":"https:\/\/romlay.hr\/hr\/wp-json\/wp\/v2\/product_cat?post=688"},{"taxonomy":"product_tag","embeddable":true,"href":"https:\/\/romlay.hr\/hr\/wp-json\/wp\/v2\/product_tag?post=688"}],"curies":[{"name":"wp","href":"https:\/\/api.w.org\/{rel}","templated":true}]}}