{"id":686,"date":"2023-12-01T10:14:05","date_gmt":"2023-12-01T10:14:05","guid":{"rendered":"https:\/\/romlay.hr\/?post_type=product&#038;p=686"},"modified":"2025-12-01T15:03:24","modified_gmt":"2025-12-01T15:03:24","slug":"dermagic-peppermint-tea-tree-oil-shampoo-355ml","status":"publish","type":"product","link":"https:\/\/romlay.hr\/hr\/proizvod\/dermagic-peppermint-tea-tree-oil-shampoo-355ml\/","title":{"rendered":"DERMAGIC SHAMPOO 532ML"},"content":{"rendered":"<div class=\"product attribute overview\">\n<div class=\"value\">\n<p>DERMagic \u0161ampon pru\u017ea u\u010dinkovito \u010di\u0161\u0107enje, eliminira neugodne mirise i poti\u010de proces zacjeljivanja o\u0161te\u0107ene ko\u017ee. Idealan je izbor za obnavljanje zdravlja ko\u017ee i vra\u0107anje sjaja dlake, ali i za svakodnevnu njegu ku\u0107nih ljubimaca.\n\nKlju\u010dne zna\u010dajke:\n\nEliminacija mirisa: Neutralizira neugodne mirise na dlaci i ko\u017ei.\n\nPoticaj za zdravlje ko\u017ee: Poma\u017ee pripremiti upaljenu ko\u017eu za tretman s DERMagic Skin Rescue Lotion ili DERMagic Hot Spot Salve.\n\nPrirodna formula: Ne sadr\u017ei o\u0161tre kemikalije i sulfate, \u010dine\u0107i ga sigurnim i nje\u017enim za osjetljivu ko\u017eu.\n\nNjega dlake: Vra\u0107a prirodni sjaj i zdravlje dlake.\n\n\nPreporuka za upotrebu:\n\nZa najbolje rezultate, koristite zajedno s DERMagic Peppermint and Tea Tree Oil Conditioner.\n\n\nDERMagic Shampoo savr\u0161en je izbor za vlasnike koji \u017eele siguran i u\u010dinkovit \u0161ampon za redovitu njegu ili za rje\u0161avanje specifi\u010dnih problema s ko\u017eom i dlakom kod svojih ljubimaca.<\/p>\n<p>Koristit prije DERmagic Conditioner<\/p>\n<\/div>\n<\/div>","protected":false},"excerpt":{"rendered":"<p>This DERMagic shampoo eliminates odors, stimulates the healing process and aids in restoring health to damaged skin. However, it is also an excellent choice for maintaining a lustrous coat and healthy skin. Free from harsh chemicals and sulfates, this shampoo is perfect for preparing inflamed skin for treatment with DERMagic Skin Rescue Lotion or DERMagic Hot Spot Salve. The DERMagic shampoo is specially designed to aid in restoring healthy skin and shiny fur in dogs. Use with our Peppermint and Tea Tree Oil Conditioner or our new Rosemary Mint Conditioner Bar for best results.<\/p>","protected":false},"featured_media":687,"template":"","meta":{"_monsterinsights_skip_tracking":false,"_monsterinsights_sitenote_active":false,"_monsterinsights_sitenote_note":"","_monsterinsights_sitenote_category":0,"site-sidebar-layout":"default","site-content-layout":"default","ast-site-content-layout":"default","site-content-style":"default","site-sidebar-style":"default","ast-global-header-display":"","ast-banner-title-visibility":"","ast-main-header-display":"","ast-hfb-above-header-display":"","ast-hfb-below-header-display":"","ast-hfb-mobile-header-display":"","site-post-title":"","ast-breadcrumbs-content":"","ast-featured-img":"","footer-sml-layout":"","ast-disable-related-posts":"","theme-transparent-header-meta":"default","adv-header-id-meta":"","stick-header-meta":"","header-above-stick-meta":"","header-main-stick-meta":"","header-below-stick-meta":"","astra-migrate-meta-layouts":"default","ast-page-background-enabled":"default","ast-page-background-meta":{"desktop":{"background-color":"var(--ast-global-color-4)","background-image":"","background-repeat":"repeat","background-position":"center center","background-size":"auto","background-attachment":"scroll","background-type":"","background-media":"","overlay-type":"","overlay-color":"","overlay-opacity":"","overlay-gradient":""},"tablet":{"background-color":"","background-image":"","background-repeat":"repeat","background-position":"center center","background-size":"auto","background-attachment":"scroll","background-type":"","background-media":"","overlay-type":"","overlay-color":"","overlay-opacity":"","overlay-gradient":""},"mobile":{"background-color":"","background-image":"","background-repeat":"repeat","background-position":"center center","background-size":"auto","background-attachment":"scroll","background-type":"","background-media":"","overlay-type":"","overlay-color":"","overlay-opacity":"","overlay-gradient":""}},"ast-content-background-meta":{"desktop":{"background-color":"var(--ast-global-color-5)","background-image":"","background-repeat":"repeat","background-position":"center center","background-size":"auto","background-attachment":"scroll","background-type":"","background-media":"","overlay-type":"","overlay-color":"","overlay-opacity":"","overlay-gradient":""},"tablet":{"background-color":"var(--ast-global-color-5)","background-image":"","background-repeat":"repeat","background-position":"center center","background-size":"auto","background-attachment":"scroll","background-type":"","background-media":"","overlay-type":"","overlay-color":"","overlay-opacity":"","overlay-gradient":""},"mobile":{"background-color":"var(--ast-global-color-5)","background-image":"","background-repeat":"repeat","background-position":"center center","background-size":"auto","background-attachment":"scroll","background-type":"","background-media":"","overlay-type":"","overlay-color":"","overlay-opacity":"","overlay-gradient":""}}},"product_brand":[],"product_cat":[24,52],"product_tag":[],"class_list":{"0":"post-686","1":"product","2":"type-product","3":"status-publish","4":"has-post-thumbnail","6":"product_cat-coat-care","7":"product_cat-dermagic","8":"desktop-align-left","9":"tablet-align-left","10":"mobile-align-left","12":"first","13":"outofstock","14":"shipping-taxable","15":"purchasable","16":"product-type-simple"},"yoast_head":"<!-- This site is optimized with the Yoast SEO plugin v27.4 - https:\/\/yoast.com\/product\/yoast-seo-wordpress\/ -->\n<title>DERMAGIC SHAMPOO 532ML - Romlay<\/title>\n<meta name=\"robots\" content=\"index, follow, max-snippet:-1, max-image-preview:large, max-video-preview:-1\" \/>\n<link rel=\"canonical\" href=\"https:\/\/romlay.hr\/hr\/proizvod\/dermagic-peppermint-tea-tree-oil-shampoo-355ml\/\" \/>\n<meta property=\"og:locale\" content=\"hr_HR\" \/>\n<meta property=\"og:type\" content=\"article\" \/>\n<meta property=\"og:title\" content=\"DERMAGIC SHAMPOO 532ML - Romlay\" \/>\n<meta property=\"og:description\" content=\"This DERMagic shampoo eliminates odors, stimulates the healing process and aids in restoring health to damaged skin. However, it is also an excellent choice for maintaining a lustrous coat and healthy skin. Free from harsh chemicals and sulfates, this shampoo is perfect for preparing inflamed skin for treatment with DERMagic Skin Rescue Lotion or DERMagic Hot Spot Salve. The DERMagic shampoo is specially designed to aid in restoring healthy skin and shiny fur in dogs. Use with our Peppermint and Tea Tree Oil Conditioner or our new Rosemary Mint Conditioner Bar for best results.\" \/>\n<meta property=\"og:url\" content=\"https:\/\/romlay.hr\/hr\/proizvod\/dermagic-peppermint-tea-tree-oil-shampoo-355ml\/\" \/>\n<meta property=\"og:site_name\" content=\"Romlay\" \/>\n<meta property=\"article:modified_time\" content=\"2025-12-01T15:03:24+00:00\" \/>\n<meta property=\"og:image\" content=\"https:\/\/romlay.hr\/wp-content\/uploads\/2023\/12\/green_and_white_modern_skincare_product_listing_amazon_product_image_22.jpg\" \/>\n\t<meta property=\"og:image:width\" content=\"700\" \/>\n\t<meta property=\"og:image:height\" content=\"700\" \/>\n\t<meta property=\"og:image:type\" content=\"image\/jpeg\" \/>\n<meta name=\"twitter:card\" content=\"summary_large_image\" \/>\n<meta name=\"twitter:label1\" content=\"Procijenjeno vrijeme \u010ditanja\" \/>\n\t<meta name=\"twitter:data1\" content=\"1 minuta\" \/>\n<script type=\"application\/ld+json\" class=\"yoast-schema-graph\">{\"@context\":\"https:\\\/\\\/schema.org\",\"@graph\":[{\"@type\":\"WebPage\",\"@id\":\"https:\\\/\\\/romlay.hr\\\/proizvod\\\/dermagic-peppermint-tea-tree-oil-shampoo-355ml\\\/\",\"url\":\"https:\\\/\\\/romlay.hr\\\/proizvod\\\/dermagic-peppermint-tea-tree-oil-shampoo-355ml\\\/\",\"name\":\"DERMAGIC SHAMPOO 532ML - Romlay\",\"isPartOf\":{\"@id\":\"https:\\\/\\\/romlay.hr\\\/#website\"},\"primaryImageOfPage\":{\"@id\":\"https:\\\/\\\/romlay.hr\\\/proizvod\\\/dermagic-peppermint-tea-tree-oil-shampoo-355ml\\\/#primaryimage\"},\"image\":{\"@id\":\"https:\\\/\\\/romlay.hr\\\/proizvod\\\/dermagic-peppermint-tea-tree-oil-shampoo-355ml\\\/#primaryimage\"},\"thumbnailUrl\":\"https:\\\/\\\/romlay.hr\\\/wp-content\\\/uploads\\\/2023\\\/12\\\/green_and_white_modern_skincare_product_listing_amazon_product_image_22.jpg\",\"datePublished\":\"2023-12-01T10:14:05+00:00\",\"dateModified\":\"2025-12-01T15:03:24+00:00\",\"breadcrumb\":{\"@id\":\"https:\\\/\\\/romlay.hr\\\/proizvod\\\/dermagic-peppermint-tea-tree-oil-shampoo-355ml\\\/#breadcrumb\"},\"inLanguage\":\"hr\",\"potentialAction\":[{\"@type\":\"ReadAction\",\"target\":[\"https:\\\/\\\/romlay.hr\\\/proizvod\\\/dermagic-peppermint-tea-tree-oil-shampoo-355ml\\\/\"]}]},{\"@type\":\"ImageObject\",\"inLanguage\":\"hr\",\"@id\":\"https:\\\/\\\/romlay.hr\\\/proizvod\\\/dermagic-peppermint-tea-tree-oil-shampoo-355ml\\\/#primaryimage\",\"url\":\"https:\\\/\\\/romlay.hr\\\/wp-content\\\/uploads\\\/2023\\\/12\\\/green_and_white_modern_skincare_product_listing_amazon_product_image_22.jpg\",\"contentUrl\":\"https:\\\/\\\/romlay.hr\\\/wp-content\\\/uploads\\\/2023\\\/12\\\/green_and_white_modern_skincare_product_listing_amazon_product_image_22.jpg\",\"width\":700,\"height\":700},{\"@type\":\"BreadcrumbList\",\"@id\":\"https:\\\/\\\/romlay.hr\\\/proizvod\\\/dermagic-peppermint-tea-tree-oil-shampoo-355ml\\\/#breadcrumb\",\"itemListElement\":[{\"@type\":\"ListItem\",\"position\":1,\"name\":\"Po\u010detna stranica\",\"item\":\"https:\\\/\\\/romlay.hr\\\/\"},{\"@type\":\"ListItem\",\"position\":2,\"name\":\"Proizvodi\",\"item\":\"https:\\\/\\\/romlay.hr\\\/shop\\\/\"},{\"@type\":\"ListItem\",\"position\":3,\"name\":\"DERMAGIC SHAMPOO 532ML\"}]},{\"@type\":\"WebSite\",\"@id\":\"https:\\\/\\\/romlay.hr\\\/#website\",\"url\":\"https:\\\/\\\/romlay.hr\\\/\",\"name\":\"Romlay\",\"description\":\"Toy dog specialist\",\"publisher\":{\"@id\":\"https:\\\/\\\/romlay.hr\\\/#organization\"},\"potentialAction\":[{\"@type\":\"SearchAction\",\"target\":{\"@type\":\"EntryPoint\",\"urlTemplate\":\"https:\\\/\\\/romlay.hr\\\/?s={search_term_string}\"},\"query-input\":{\"@type\":\"PropertyValueSpecification\",\"valueRequired\":true,\"valueName\":\"search_term_string\"}}],\"inLanguage\":\"hr\"},{\"@type\":\"Organization\",\"@id\":\"https:\\\/\\\/romlay.hr\\\/#organization\",\"name\":\"Romlay\",\"url\":\"https:\\\/\\\/romlay.hr\\\/\",\"logo\":{\"@type\":\"ImageObject\",\"inLanguage\":\"hr\",\"@id\":\"https:\\\/\\\/romlay.hr\\\/#\\\/schema\\\/logo\\\/image\\\/\",\"url\":\"https:\\\/\\\/romlay.hr\\\/wp-content\\\/uploads\\\/2023\\\/04\\\/cropped-Romlay-1.png\",\"contentUrl\":\"https:\\\/\\\/romlay.hr\\\/wp-content\\\/uploads\\\/2023\\\/04\\\/cropped-Romlay-1.png\",\"width\":978,\"height\":1645,\"caption\":\"Romlay\"},\"image\":{\"@id\":\"https:\\\/\\\/romlay.hr\\\/#\\\/schema\\\/logo\\\/image\\\/\"}}]}<\/script>\n<!-- \/ Yoast SEO plugin. -->","yoast_head_json":{"title":"DERMAGIC SHAMPOO 532ML - Romlay","robots":{"index":"index","follow":"follow","max-snippet":"max-snippet:-1","max-image-preview":"max-image-preview:large","max-video-preview":"max-video-preview:-1"},"canonical":"https:\/\/romlay.hr\/hr\/proizvod\/dermagic-peppermint-tea-tree-oil-shampoo-355ml\/","og_locale":"hr_HR","og_type":"article","og_title":"DERMAGIC SHAMPOO 532ML - Romlay","og_description":"This DERMagic shampoo eliminates odors, stimulates the healing process and aids in restoring health to damaged skin. However, it is also an excellent choice for maintaining a lustrous coat and healthy skin. Free from harsh chemicals and sulfates, this shampoo is perfect for preparing inflamed skin for treatment with DERMagic Skin Rescue Lotion or DERMagic Hot Spot Salve. The DERMagic shampoo is specially designed to aid in restoring healthy skin and shiny fur in dogs. Use with our Peppermint and Tea Tree Oil Conditioner or our new Rosemary Mint Conditioner Bar for best results.","og_url":"https:\/\/romlay.hr\/hr\/proizvod\/dermagic-peppermint-tea-tree-oil-shampoo-355ml\/","og_site_name":"Romlay","article_modified_time":"2025-12-01T15:03:24+00:00","og_image":[{"width":700,"height":700,"url":"https:\/\/romlay.hr\/wp-content\/uploads\/2023\/12\/green_and_white_modern_skincare_product_listing_amazon_product_image_22.jpg","type":"image\/jpeg"}],"twitter_card":"summary_large_image","twitter_misc":{"Procijenjeno vrijeme \u010ditanja":"1 minuta"},"schema":{"@context":"https:\/\/schema.org","@graph":[{"@type":"WebPage","@id":"https:\/\/romlay.hr\/proizvod\/dermagic-peppermint-tea-tree-oil-shampoo-355ml\/","url":"https:\/\/romlay.hr\/proizvod\/dermagic-peppermint-tea-tree-oil-shampoo-355ml\/","name":"DERMAGIC SHAMPOO 532ML - Romlay","isPartOf":{"@id":"https:\/\/romlay.hr\/#website"},"primaryImageOfPage":{"@id":"https:\/\/romlay.hr\/proizvod\/dermagic-peppermint-tea-tree-oil-shampoo-355ml\/#primaryimage"},"image":{"@id":"https:\/\/romlay.hr\/proizvod\/dermagic-peppermint-tea-tree-oil-shampoo-355ml\/#primaryimage"},"thumbnailUrl":"https:\/\/romlay.hr\/wp-content\/uploads\/2023\/12\/green_and_white_modern_skincare_product_listing_amazon_product_image_22.jpg","datePublished":"2023-12-01T10:14:05+00:00","dateModified":"2025-12-01T15:03:24+00:00","breadcrumb":{"@id":"https:\/\/romlay.hr\/proizvod\/dermagic-peppermint-tea-tree-oil-shampoo-355ml\/#breadcrumb"},"inLanguage":"hr","potentialAction":[{"@type":"ReadAction","target":["https:\/\/romlay.hr\/proizvod\/dermagic-peppermint-tea-tree-oil-shampoo-355ml\/"]}]},{"@type":"ImageObject","inLanguage":"hr","@id":"https:\/\/romlay.hr\/proizvod\/dermagic-peppermint-tea-tree-oil-shampoo-355ml\/#primaryimage","url":"https:\/\/romlay.hr\/wp-content\/uploads\/2023\/12\/green_and_white_modern_skincare_product_listing_amazon_product_image_22.jpg","contentUrl":"https:\/\/romlay.hr\/wp-content\/uploads\/2023\/12\/green_and_white_modern_skincare_product_listing_amazon_product_image_22.jpg","width":700,"height":700},{"@type":"BreadcrumbList","@id":"https:\/\/romlay.hr\/proizvod\/dermagic-peppermint-tea-tree-oil-shampoo-355ml\/#breadcrumb","itemListElement":[{"@type":"ListItem","position":1,"name":"Po\u010detna stranica","item":"https:\/\/romlay.hr\/"},{"@type":"ListItem","position":2,"name":"Proizvodi","item":"https:\/\/romlay.hr\/shop\/"},{"@type":"ListItem","position":3,"name":"DERMAGIC SHAMPOO 532ML"}]},{"@type":"WebSite","@id":"https:\/\/romlay.hr\/#website","url":"https:\/\/romlay.hr\/","name":"Romlay","description":"Toy dog specialist","publisher":{"@id":"https:\/\/romlay.hr\/#organization"},"potentialAction":[{"@type":"SearchAction","target":{"@type":"EntryPoint","urlTemplate":"https:\/\/romlay.hr\/?s={search_term_string}"},"query-input":{"@type":"PropertyValueSpecification","valueRequired":true,"valueName":"search_term_string"}}],"inLanguage":"hr"},{"@type":"Organization","@id":"https:\/\/romlay.hr\/#organization","name":"Romlay","url":"https:\/\/romlay.hr\/","logo":{"@type":"ImageObject","inLanguage":"hr","@id":"https:\/\/romlay.hr\/#\/schema\/logo\/image\/","url":"https:\/\/romlay.hr\/wp-content\/uploads\/2023\/04\/cropped-Romlay-1.png","contentUrl":"https:\/\/romlay.hr\/wp-content\/uploads\/2023\/04\/cropped-Romlay-1.png","width":978,"height":1645,"caption":"Romlay"},"image":{"@id":"https:\/\/romlay.hr\/#\/schema\/logo\/image\/"}}]}},"_links":{"self":[{"href":"https:\/\/romlay.hr\/hr\/wp-json\/wp\/v2\/product\/686","targetHints":{"allow":["GET"]}}],"collection":[{"href":"https:\/\/romlay.hr\/hr\/wp-json\/wp\/v2\/product"}],"about":[{"href":"https:\/\/romlay.hr\/hr\/wp-json\/wp\/v2\/types\/product"}],"wp:featuredmedia":[{"embeddable":true,"href":"https:\/\/romlay.hr\/hr\/wp-json\/wp\/v2\/media\/687"}],"wp:attachment":[{"href":"https:\/\/romlay.hr\/hr\/wp-json\/wp\/v2\/media?parent=686"}],"wp:term":[{"taxonomy":"product_brand","embeddable":true,"href":"https:\/\/romlay.hr\/hr\/wp-json\/wp\/v2\/product_brand?post=686"},{"taxonomy":"product_cat","embeddable":true,"href":"https:\/\/romlay.hr\/hr\/wp-json\/wp\/v2\/product_cat?post=686"},{"taxonomy":"product_tag","embeddable":true,"href":"https:\/\/romlay.hr\/hr\/wp-json\/wp\/v2\/product_tag?post=686"}],"curies":[{"name":"wp","href":"https:\/\/api.w.org\/{rel}","templated":true}]}}