{"id":415,"date":"2023-05-24T09:36:28","date_gmt":"2023-05-24T09:36:28","guid":{"rendered":"https:\/\/romlay.hr\/?post_type=product&#038;p=415"},"modified":"2026-03-26T15:49:31","modified_gmt":"2026-03-26T15:49:31","slug":"natures-protection-adult-beefturkey","status":"publish","type":"product","link":"https:\/\/romlay.hr\/hr\/proizvod\/natures-protection-adult-beefturkey\/","title":{"rendered":"Nature\u2019s Protection Adult Beef&amp;Turkey (govedina i puretina) 200g"},"content":{"rendered":"<p>Nature\u2019s Protection Adult Beef &amp; Turkey je super premium mokra hrana dizajnirana za odrasle pse. Napravljena je od visokokvalitetne govedine i puretine, nje\u017eno kuhanih kako bi se sa\u010duvala prirodna aroma, okus i nutritivne vrijednosti. Idealan je dodatak suhoj prehrani iz linije Nature\u2019s Protection.\n\nKlju\u010dne zna\u010dajke:\n\nGlavni izvor proteina: Visokokvalitetna govedina i puretina, prikladna za pse s osjetljivim probavnim sustavom ili alergijama na piletinu.\n\nVisok udio mesa: Sadr\u017ei 70% mesa za optimalnu prehranu.\n\nKomadi mesa u juhi: Lako probavljiva, prirodna tekstura koja zadovoljava i najizbirljivije pse.\n\nPrirodni sastojci: Ne sadr\u017ei konzervanse, ko\u0161tano bra\u0161no, soju, \u017eitarice, umjetne arome ili mehani\u010dki separirano meso.\n\nOboga\u0107ena mineralima: Pru\u017ea esencijalne hranjive tvari za podr\u0161ku zdravlju i vitalnosti.\n\nPrakti\u010dno pakiranje: Hermeti\u010dko i jednostavno za otvaranje, idealno za upotrebu kod ku\u0107e, na putovanjima ili izlo\u017ebama.\n\n\nPrednosti:\n\nPrikladna za pse s osjetljivim probavnim sustavom ili alergijama.\n\nPru\u017ea lako probavljivu prehranu koja podr\u017eava zdravlje i energiju.\n\nIzvrsna prihva\u0107enost zbog prirodnog okusa i teksture.\n\nPoma\u017ee odr\u017eavati uravnote\u017eenu prehranu uz prirodne i visokokvalitetne sastojke.\n\n\nNature\u2019s Protection Adult Beef &amp; Turkey savr\u0161en je izbor za vlasnike koji \u017eele osigurati zdrav, ukusan i hranjiv obrok svojim odraslim psima, posebno onima s posebnim prehrambenim potrebama.<\/p>\n<p>Preporuka : pohranit u frizider do 3 dana od otvaranja<\/p>\n<ul>\n<li aria-level=\"1\">Mo\u017ee se pomje\u0161ati sa suhom hranom kao bogatiji obrok<\/li>\n<li aria-level=\"1\">High amount of meat \u2013 70 %.<\/li>\n<li aria-level=\"1\">Wet food is tailored for dogs with sensitive digestive system.<\/li>\n<li aria-level=\"1\">Suitable for dogs allergic to chicken.<\/li>\n<li aria-level=\"1\">Contains shredded pieces of meat.<\/li>\n<li aria-level=\"1\">With minerals.<\/li>\n<li aria-level=\"1\">Contains no preservatives, bone meal, soya and grain, flavours and taste enhancers, or mechanically formed meat.\u00a0 Distinguished for its great palatability.<\/li>\n<li aria-level=\"1\">Hermetic, comfortable, easy-to-open packaging.<\/li>\n<\/ul>","protected":false},"excerpt":{"rendered":"<p>&#8220;Nature&#8217;s Protection&#8221; wet food for dogs is tailored to satisfy different needs of young and adult dogs. High quality natural meat that can be used for human consumption is the main source of protein.<\/p>","protected":false},"featured_media":1192,"template":"","meta":{"_monsterinsights_skip_tracking":false,"_monsterinsights_sitenote_active":false,"_monsterinsights_sitenote_note":"","_monsterinsights_sitenote_category":0,"site-sidebar-layout":"default","site-content-layout":"default","ast-site-content-layout":"default","site-content-style":"default","site-sidebar-style":"default","ast-global-header-display":"","ast-banner-title-visibility":"","ast-main-header-display":"","ast-hfb-above-header-display":"","ast-hfb-below-header-display":"","ast-hfb-mobile-header-display":"","site-post-title":"","ast-breadcrumbs-content":"","ast-featured-img":"","footer-sml-layout":"","ast-disable-related-posts":"","theme-transparent-header-meta":"default","adv-header-id-meta":"","stick-header-meta":"","header-above-stick-meta":"","header-main-stick-meta":"","header-below-stick-meta":"","astra-migrate-meta-layouts":"set","ast-page-background-enabled":"default","ast-page-background-meta":{"desktop":{"background-color":"var(--ast-global-color-4)","background-image":"","background-repeat":"repeat","background-position":"center center","background-size":"auto","background-attachment":"scroll","background-type":"","background-media":"","overlay-type":"","overlay-color":"","overlay-opacity":"","overlay-gradient":""},"tablet":{"background-color":"","background-image":"","background-repeat":"repeat","background-position":"center center","background-size":"auto","background-attachment":"scroll","background-type":"","background-media":"","overlay-type":"","overlay-color":"","overlay-opacity":"","overlay-gradient":""},"mobile":{"background-color":"","background-image":"","background-repeat":"repeat","background-position":"center center","background-size":"auto","background-attachment":"scroll","background-type":"","background-media":"","overlay-type":"","overlay-color":"","overlay-opacity":"","overlay-gradient":""}},"ast-content-background-meta":{"desktop":{"background-color":"var(--ast-global-color-5)","background-image":"","background-repeat":"repeat","background-position":"center center","background-size":"auto","background-attachment":"scroll","background-type":"","background-media":"","overlay-type":"","overlay-color":"","overlay-opacity":"","overlay-gradient":""},"tablet":{"background-color":"var(--ast-global-color-5)","background-image":"","background-repeat":"repeat","background-position":"center center","background-size":"auto","background-attachment":"scroll","background-type":"","background-media":"","overlay-type":"","overlay-color":"","overlay-opacity":"","overlay-gradient":""},"mobile":{"background-color":"var(--ast-global-color-5)","background-image":"","background-repeat":"repeat","background-position":"center center","background-size":"auto","background-attachment":"scroll","background-type":"","background-media":"","overlay-type":"","overlay-color":"","overlay-opacity":"","overlay-gradient":""}}},"product_brand":[],"product_cat":[34,31,29],"product_tag":[],"class_list":{"0":"post-415","1":"product","2":"type-product","3":"status-publish","4":"has-post-thumbnail","6":"product_cat-adult","7":"product_cat-canned-food","8":"product_cat-natures-protection","9":"desktop-align-left","10":"tablet-align-left","11":"mobile-align-left","13":"first","14":"instock","15":"shipping-taxable","16":"purchasable","17":"product-type-variable"},"yoast_head":"<!-- This site is optimized with the Yoast SEO plugin v27.4 - https:\/\/yoast.com\/product\/yoast-seo-wordpress\/ -->\n<title>Nature&#039;s Protection Adult Beef&amp;Turkey - Romlay<\/title>\n<meta name=\"robots\" content=\"index, follow, max-snippet:-1, max-image-preview:large, max-video-preview:-1\" \/>\n<link rel=\"canonical\" href=\"https:\/\/romlay.hr\/hr\/proizvod\/natures-protection-adult-beefturkey\/\" \/>\n<meta property=\"og:locale\" content=\"hr_HR\" \/>\n<meta property=\"og:type\" content=\"article\" \/>\n<meta property=\"og:title\" content=\"Nature&#039;s Protection Adult Beef&amp;Turkey - Romlay\" \/>\n<meta property=\"og:description\" content=\"&quot;Nature&#039;s Protection&quot; wet food for dogs is tailored to satisfy different needs of young and adult dogs. High quality natural meat that can be used for human consumption is the main source of protein.\" \/>\n<meta property=\"og:url\" content=\"https:\/\/romlay.hr\/hr\/proizvod\/natures-protection-adult-beefturkey\/\" \/>\n<meta property=\"og:site_name\" content=\"Romlay\" \/>\n<meta property=\"article:modified_time\" content=\"2026-03-26T15:49:31+00:00\" \/>\n<meta property=\"og:image\" content=\"https:\/\/romlay.hr\/wp-content\/uploads\/2023\/05\/Natures-Protection-Adult-BeefTurkey.webp\" \/>\n\t<meta property=\"og:image:width\" content=\"680\" \/>\n\t<meta property=\"og:image:height\" content=\"680\" \/>\n\t<meta property=\"og:image:type\" content=\"image\/webp\" \/>\n<meta name=\"twitter:card\" content=\"summary_large_image\" \/>\n<meta name=\"twitter:label1\" content=\"Procijenjeno vrijeme \u010ditanja\" \/>\n\t<meta name=\"twitter:data1\" content=\"1 minuta\" \/>\n<script type=\"application\/ld+json\" class=\"yoast-schema-graph\">{\"@context\":\"https:\\\/\\\/schema.org\",\"@graph\":[{\"@type\":\"WebPage\",\"@id\":\"https:\\\/\\\/romlay.hr\\\/proizvod\\\/natures-protection-adult-beefturkey\\\/\",\"url\":\"https:\\\/\\\/romlay.hr\\\/proizvod\\\/natures-protection-adult-beefturkey\\\/\",\"name\":\"Nature's Protection Adult Beef&Turkey - Romlay\",\"isPartOf\":{\"@id\":\"https:\\\/\\\/romlay.hr\\\/#website\"},\"primaryImageOfPage\":{\"@id\":\"https:\\\/\\\/romlay.hr\\\/proizvod\\\/natures-protection-adult-beefturkey\\\/#primaryimage\"},\"image\":{\"@id\":\"https:\\\/\\\/romlay.hr\\\/proizvod\\\/natures-protection-adult-beefturkey\\\/#primaryimage\"},\"thumbnailUrl\":\"https:\\\/\\\/romlay.hr\\\/wp-content\\\/uploads\\\/2023\\\/05\\\/Natures-Protection-Adult-BeefTurkey.webp\",\"datePublished\":\"2023-05-24T09:36:28+00:00\",\"dateModified\":\"2026-03-26T15:49:31+00:00\",\"breadcrumb\":{\"@id\":\"https:\\\/\\\/romlay.hr\\\/proizvod\\\/natures-protection-adult-beefturkey\\\/#breadcrumb\"},\"inLanguage\":\"hr\",\"potentialAction\":[{\"@type\":\"ReadAction\",\"target\":[\"https:\\\/\\\/romlay.hr\\\/proizvod\\\/natures-protection-adult-beefturkey\\\/\"]}]},{\"@type\":\"ImageObject\",\"inLanguage\":\"hr\",\"@id\":\"https:\\\/\\\/romlay.hr\\\/proizvod\\\/natures-protection-adult-beefturkey\\\/#primaryimage\",\"url\":\"https:\\\/\\\/romlay.hr\\\/wp-content\\\/uploads\\\/2023\\\/05\\\/Natures-Protection-Adult-BeefTurkey.webp\",\"contentUrl\":\"https:\\\/\\\/romlay.hr\\\/wp-content\\\/uploads\\\/2023\\\/05\\\/Natures-Protection-Adult-BeefTurkey.webp\",\"width\":680,\"height\":680},{\"@type\":\"BreadcrumbList\",\"@id\":\"https:\\\/\\\/romlay.hr\\\/proizvod\\\/natures-protection-adult-beefturkey\\\/#breadcrumb\",\"itemListElement\":[{\"@type\":\"ListItem\",\"position\":1,\"name\":\"Po\u010detna stranica\",\"item\":\"https:\\\/\\\/romlay.hr\\\/\"},{\"@type\":\"ListItem\",\"position\":2,\"name\":\"Proizvodi\",\"item\":\"https:\\\/\\\/romlay.hr\\\/shop\\\/\"},{\"@type\":\"ListItem\",\"position\":3,\"name\":\"Nature&#8217;s Protection Adult Beef&#038;Turkey\"}]},{\"@type\":\"WebSite\",\"@id\":\"https:\\\/\\\/romlay.hr\\\/#website\",\"url\":\"https:\\\/\\\/romlay.hr\\\/\",\"name\":\"Romlay\",\"description\":\"Toy dog specialist\",\"publisher\":{\"@id\":\"https:\\\/\\\/romlay.hr\\\/#organization\"},\"potentialAction\":[{\"@type\":\"SearchAction\",\"target\":{\"@type\":\"EntryPoint\",\"urlTemplate\":\"https:\\\/\\\/romlay.hr\\\/?s={search_term_string}\"},\"query-input\":{\"@type\":\"PropertyValueSpecification\",\"valueRequired\":true,\"valueName\":\"search_term_string\"}}],\"inLanguage\":\"hr\"},{\"@type\":\"Organization\",\"@id\":\"https:\\\/\\\/romlay.hr\\\/#organization\",\"name\":\"Romlay\",\"url\":\"https:\\\/\\\/romlay.hr\\\/\",\"logo\":{\"@type\":\"ImageObject\",\"inLanguage\":\"hr\",\"@id\":\"https:\\\/\\\/romlay.hr\\\/#\\\/schema\\\/logo\\\/image\\\/\",\"url\":\"https:\\\/\\\/romlay.hr\\\/wp-content\\\/uploads\\\/2023\\\/04\\\/cropped-Romlay-1.png\",\"contentUrl\":\"https:\\\/\\\/romlay.hr\\\/wp-content\\\/uploads\\\/2023\\\/04\\\/cropped-Romlay-1.png\",\"width\":978,\"height\":1645,\"caption\":\"Romlay\"},\"image\":{\"@id\":\"https:\\\/\\\/romlay.hr\\\/#\\\/schema\\\/logo\\\/image\\\/\"}}]}<\/script>\n<!-- \/ Yoast SEO plugin. -->","yoast_head_json":{"title":"Nature's Protection Adult Beef&Turkey - Romlay","robots":{"index":"index","follow":"follow","max-snippet":"max-snippet:-1","max-image-preview":"max-image-preview:large","max-video-preview":"max-video-preview:-1"},"canonical":"https:\/\/romlay.hr\/hr\/proizvod\/natures-protection-adult-beefturkey\/","og_locale":"hr_HR","og_type":"article","og_title":"Nature's Protection Adult Beef&Turkey - Romlay","og_description":"\"Nature's Protection\" wet food for dogs is tailored to satisfy different needs of young and adult dogs. High quality natural meat that can be used for human consumption is the main source of protein.","og_url":"https:\/\/romlay.hr\/hr\/proizvod\/natures-protection-adult-beefturkey\/","og_site_name":"Romlay","article_modified_time":"2026-03-26T15:49:31+00:00","og_image":[{"width":680,"height":680,"url":"https:\/\/romlay.hr\/wp-content\/uploads\/2023\/05\/Natures-Protection-Adult-BeefTurkey.webp","type":"image\/webp"}],"twitter_card":"summary_large_image","twitter_misc":{"Procijenjeno vrijeme \u010ditanja":"1 minuta"},"schema":{"@context":"https:\/\/schema.org","@graph":[{"@type":"WebPage","@id":"https:\/\/romlay.hr\/proizvod\/natures-protection-adult-beefturkey\/","url":"https:\/\/romlay.hr\/proizvod\/natures-protection-adult-beefturkey\/","name":"Nature's Protection Adult Beef&Turkey - Romlay","isPartOf":{"@id":"https:\/\/romlay.hr\/#website"},"primaryImageOfPage":{"@id":"https:\/\/romlay.hr\/proizvod\/natures-protection-adult-beefturkey\/#primaryimage"},"image":{"@id":"https:\/\/romlay.hr\/proizvod\/natures-protection-adult-beefturkey\/#primaryimage"},"thumbnailUrl":"https:\/\/romlay.hr\/wp-content\/uploads\/2023\/05\/Natures-Protection-Adult-BeefTurkey.webp","datePublished":"2023-05-24T09:36:28+00:00","dateModified":"2026-03-26T15:49:31+00:00","breadcrumb":{"@id":"https:\/\/romlay.hr\/proizvod\/natures-protection-adult-beefturkey\/#breadcrumb"},"inLanguage":"hr","potentialAction":[{"@type":"ReadAction","target":["https:\/\/romlay.hr\/proizvod\/natures-protection-adult-beefturkey\/"]}]},{"@type":"ImageObject","inLanguage":"hr","@id":"https:\/\/romlay.hr\/proizvod\/natures-protection-adult-beefturkey\/#primaryimage","url":"https:\/\/romlay.hr\/wp-content\/uploads\/2023\/05\/Natures-Protection-Adult-BeefTurkey.webp","contentUrl":"https:\/\/romlay.hr\/wp-content\/uploads\/2023\/05\/Natures-Protection-Adult-BeefTurkey.webp","width":680,"height":680},{"@type":"BreadcrumbList","@id":"https:\/\/romlay.hr\/proizvod\/natures-protection-adult-beefturkey\/#breadcrumb","itemListElement":[{"@type":"ListItem","position":1,"name":"Po\u010detna stranica","item":"https:\/\/romlay.hr\/"},{"@type":"ListItem","position":2,"name":"Proizvodi","item":"https:\/\/romlay.hr\/shop\/"},{"@type":"ListItem","position":3,"name":"Nature&#8217;s Protection Adult Beef&#038;Turkey"}]},{"@type":"WebSite","@id":"https:\/\/romlay.hr\/#website","url":"https:\/\/romlay.hr\/","name":"Romlay","description":"Toy dog specialist","publisher":{"@id":"https:\/\/romlay.hr\/#organization"},"potentialAction":[{"@type":"SearchAction","target":{"@type":"EntryPoint","urlTemplate":"https:\/\/romlay.hr\/?s={search_term_string}"},"query-input":{"@type":"PropertyValueSpecification","valueRequired":true,"valueName":"search_term_string"}}],"inLanguage":"hr"},{"@type":"Organization","@id":"https:\/\/romlay.hr\/#organization","name":"Romlay","url":"https:\/\/romlay.hr\/","logo":{"@type":"ImageObject","inLanguage":"hr","@id":"https:\/\/romlay.hr\/#\/schema\/logo\/image\/","url":"https:\/\/romlay.hr\/wp-content\/uploads\/2023\/04\/cropped-Romlay-1.png","contentUrl":"https:\/\/romlay.hr\/wp-content\/uploads\/2023\/04\/cropped-Romlay-1.png","width":978,"height":1645,"caption":"Romlay"},"image":{"@id":"https:\/\/romlay.hr\/#\/schema\/logo\/image\/"}}]}},"_links":{"self":[{"href":"https:\/\/romlay.hr\/hr\/wp-json\/wp\/v2\/product\/415","targetHints":{"allow":["GET"]}}],"collection":[{"href":"https:\/\/romlay.hr\/hr\/wp-json\/wp\/v2\/product"}],"about":[{"href":"https:\/\/romlay.hr\/hr\/wp-json\/wp\/v2\/types\/product"}],"wp:featuredmedia":[{"embeddable":true,"href":"https:\/\/romlay.hr\/hr\/wp-json\/wp\/v2\/media\/1192"}],"wp:attachment":[{"href":"https:\/\/romlay.hr\/hr\/wp-json\/wp\/v2\/media?parent=415"}],"wp:term":[{"taxonomy":"product_brand","embeddable":true,"href":"https:\/\/romlay.hr\/hr\/wp-json\/wp\/v2\/product_brand?post=415"},{"taxonomy":"product_cat","embeddable":true,"href":"https:\/\/romlay.hr\/hr\/wp-json\/wp\/v2\/product_cat?post=415"},{"taxonomy":"product_tag","embeddable":true,"href":"https:\/\/romlay.hr\/hr\/wp-json\/wp\/v2\/product_tag?post=415"}],"curies":[{"name":"wp","href":"https:\/\/api.w.org\/{rel}","templated":true}]}}