{"id":406,"date":"2023-05-23T12:11:25","date_gmt":"2023-05-23T12:11:25","guid":{"rendered":"https:\/\/romlay.hr\/?post_type=product&#038;p=406"},"modified":"2026-03-26T15:51:17","modified_gmt":"2026-03-26T15:51:17","slug":"natures-protection-superior-care-grain-free-white-dogs-starter-salmon","status":"publish","type":"product","link":"https:\/\/romlay.hr\/hr\/proizvod\/natures-protection-superior-care-grain-free-white-dogs-starter-salmon\/","title":{"rendered":"Nature&#8217;s Protection Superior Care Grain Free White Dogs Starter Salmon"},"content":{"rendered":"<p>Up to 4 months old &#8211;\u00a0 Suitable for pregnant and lactating female dogs &#8211; <b>1,5 kg, 10 kg<\/b><\/p>\n<ul>\n<li aria-level=\"1\">Nature\u2019s Protection Superior Care Grain Free White Dogs Starter Salmon posebno je formulirana hrana za \u0161tence do 4 mjeseca starosti te za gravidne i laktiraju\u0107e kuje. Ova jedinstvena prehrana poma\u017ee sprije\u010diti i ukloniti sme\u0111e mrlje oko o\u010diju, usta i \u0161apa uzrokovane suzama i slinom, odr\u017eavaju\u0107i dlaku \u010distom i bez mrlja.\n\nKlju\u010dne zna\u010dajke:\n\nPosebna formula za bijelu dlaku: Podr\u017eava transparentnu kompoziciju suza i sline te sprje\u010dava nastanak mrlja na dlaci.\n\nBez glutena i \u017eitarica: Poma\u017ee izbje\u0107i probavne smetnje i alergijske reakcije povezane s glutenom i \u017eitaricama.\n\nVisokokvalitetni losos: Glavni izvor lako probavljivih proteina visoke kvalitete.\n\nAntarkti\u010dki kril: Jedinstven i odr\u017eiv izvor Omega-3 masnih kiselina, koje se apsorbiraju 2,5 puta u\u010dinkovitije od standardnih ribljih ulja.\n\nSastav: losos 45% (su\u0161eni i fino mljeveni), pulpa su\u0161enog krumpira, batat, mast peradi, gra\u0161ak, bra\u0161no od\nkrila (min. 4%), pulpa \u0161e\u0107erne repe, lososovo ulje, dinami\u010dki mikronizirani klinoptilolit (1%), laneno\nsjeme, fruktooligosaharidi (FOS), ekstrakt juke, su\u0161eni neven (izvor luteina).\nAditivi\/1 kg: nutritivni dodaci: vitamin A (3a672a) \u2013 18000 IU, vitamin D3 (3a671) \u2013 1500 IU, vitamin E\n(3a700) \u2013 530 mg, folna kiselina (3a316) \u2013 1 mg, biotin (3a880) \u2013 1 mg, \u017eeljezov (II) sulfat monohidrat\n(3b103) \u2013 50 mg, kalcijev jodat bezvodni (3b202) \u2013 1,5 mg, bakar (II) sulfat pentahidrat (3b405) \u2013 5 mg,\nmanganov sulfat monohidrat (3b503) \u2013 20 mg cink sulfat monohidrat (3b605) \u2013 115 mg, natrijev selenit\n(3b801) \u2013 0,1 mg. Tehnolo\u0161ki dodaci: ekstrakt ru\u017emarina, ekstrakti tokoferola iz biljnih ulja (1b306(i)).\nAnaliti\u010dki sastojci: sirovi proteini \u2013 27%, sirova vlakna \u2013 3%, sirova mast \u2013 16%, sirovi pepeo \u2013 8,5%, kalcij\n\u2013 1,4%, fosfor \u2013 1%, kalij \u2013 0,6%, natrij \u2013 0,4%, Omega-3 masne kiseline \u2013 0,49%, Omega-6 masne\nkiseline \u2013 2,61%.<\/li>\n<li aria-level=\"1\">Diet which contains ingredients with no gluten can help to avoid disorders of the digestive system and allergic reactions.<\/li>\n<li aria-level=\"1\">Free of grain-based ingredients that can cause allergic reactions. Suitable for pets with sensitive digestive systems because this type of feed does not burden the digestive tract.<\/li>\n<li aria-level=\"1\">The main and easily digestable source of the highest quality proteins &#8211; highest quality salmon.<\/li>\n<li aria-level=\"1\">Contains only highest-quality ingredients.<\/li>\n<li aria-level=\"1\">Antarctic krill, unique and 100% sustainable source of Omega-3, serves your pet&#8217;s body with scientifically proven benefits. According to the latest reasearches* Omega-3 from krill is more efectivelly absorbed than from usual fish-oils by 2,5 times.<\/li>\n<\/ul>\n<p>&nbsp;<\/p>","protected":false},"excerpt":{"rendered":"<p>Up to 4 months old &#8211;\u00a0 Suitable for pregnant and lactating female dogs &#8211; <b>1,5 kg, 10 kg<\/b><\/p>","protected":false},"featured_media":410,"template":"","meta":{"_monsterinsights_skip_tracking":false,"_monsterinsights_sitenote_active":false,"_monsterinsights_sitenote_note":"","_monsterinsights_sitenote_category":0,"site-sidebar-layout":"default","site-content-layout":"default","ast-site-content-layout":"default","site-content-style":"default","site-sidebar-style":"default","ast-global-header-display":"","ast-banner-title-visibility":"","ast-main-header-display":"","ast-hfb-above-header-display":"","ast-hfb-below-header-display":"","ast-hfb-mobile-header-display":"","site-post-title":"","ast-breadcrumbs-content":"","ast-featured-img":"","footer-sml-layout":"","ast-disable-related-posts":"","theme-transparent-header-meta":"default","adv-header-id-meta":"","stick-header-meta":"","header-above-stick-meta":"","header-main-stick-meta":"","header-below-stick-meta":"","astra-migrate-meta-layouts":"set","ast-page-background-enabled":"default","ast-page-background-meta":{"desktop":{"background-color":"var(--ast-global-color-4)","background-image":"","background-repeat":"repeat","background-position":"center center","background-size":"auto","background-attachment":"scroll","background-type":"","background-media":"","overlay-type":"","overlay-color":"","overlay-opacity":"","overlay-gradient":""},"tablet":{"background-color":"","background-image":"","background-repeat":"repeat","background-position":"center center","background-size":"auto","background-attachment":"scroll","background-type":"","background-media":"","overlay-type":"","overlay-color":"","overlay-opacity":"","overlay-gradient":""},"mobile":{"background-color":"","background-image":"","background-repeat":"repeat","background-position":"center center","background-size":"auto","background-attachment":"scroll","background-type":"","background-media":"","overlay-type":"","overlay-color":"","overlay-opacity":"","overlay-gradient":""}},"ast-content-background-meta":{"desktop":{"background-color":"var(--ast-global-color-5)","background-image":"","background-repeat":"repeat","background-position":"center center","background-size":"auto","background-attachment":"scroll","background-type":"","background-media":"","overlay-type":"","overlay-color":"","overlay-opacity":"","overlay-gradient":""},"tablet":{"background-color":"var(--ast-global-color-5)","background-image":"","background-repeat":"repeat","background-position":"center center","background-size":"auto","background-attachment":"scroll","background-type":"","background-media":"","overlay-type":"","overlay-color":"","overlay-opacity":"","overlay-gradient":""},"mobile":{"background-color":"var(--ast-global-color-5)","background-image":"","background-repeat":"repeat","background-position":"center center","background-size":"auto","background-attachment":"scroll","background-type":"","background-media":"","overlay-type":"","overlay-color":"","overlay-opacity":"","overlay-gradient":""}}},"product_brand":[],"product_cat":[30,32,29],"product_tag":[],"class_list":{"0":"post-406","1":"product","2":"type-product","3":"status-publish","4":"has-post-thumbnail","6":"product_cat-dry-food","7":"product_cat-junior-puppy","8":"product_cat-natures-protection","9":"desktop-align-left","10":"tablet-align-left","11":"mobile-align-left","13":"first","14":"instock","15":"shipping-taxable","16":"purchasable","17":"product-type-variable"},"yoast_head":"<!-- This site is optimized with the Yoast SEO plugin v27.4 - https:\/\/yoast.com\/product\/yoast-seo-wordpress\/ -->\n<title>Nature&#039;s Protection Superior Care Grain Free White Dogs Starter Salmon - Romlay<\/title>\n<meta name=\"robots\" content=\"index, follow, max-snippet:-1, max-image-preview:large, max-video-preview:-1\" \/>\n<link rel=\"canonical\" href=\"https:\/\/romlay.hr\/hr\/proizvod\/natures-protection-superior-care-grain-free-white-dogs-starter-salmon\/\" \/>\n<meta property=\"og:locale\" content=\"hr_HR\" \/>\n<meta property=\"og:type\" content=\"article\" \/>\n<meta property=\"og:title\" content=\"Nature&#039;s Protection Superior Care Grain Free White Dogs Starter Salmon - Romlay\" \/>\n<meta property=\"og:description\" content=\"Up to 4 months old -\u00a0 Suitable for pregnant and lactating female dogs - 1,5 kg, 10 kg\" \/>\n<meta property=\"og:url\" content=\"https:\/\/romlay.hr\/hr\/proizvod\/natures-protection-superior-care-grain-free-white-dogs-starter-salmon\/\" \/>\n<meta property=\"og:site_name\" content=\"Romlay\" \/>\n<meta property=\"article:modified_time\" content=\"2026-03-26T15:51:17+00:00\" \/>\n<meta property=\"og:image\" content=\"https:\/\/romlay.hr\/wp-content\/uploads\/2023\/05\/product_179_1.jpg\" \/>\n\t<meta property=\"og:image:width\" content=\"848\" \/>\n\t<meta property=\"og:image:height\" content=\"1200\" \/>\n\t<meta property=\"og:image:type\" content=\"image\/jpeg\" \/>\n<meta name=\"twitter:card\" content=\"summary_large_image\" \/>\n<meta name=\"twitter:label1\" content=\"Procijenjeno vrijeme \u010ditanja\" \/>\n\t<meta name=\"twitter:data1\" content=\"1 minuta\" \/>\n<script type=\"application\/ld+json\" class=\"yoast-schema-graph\">{\"@context\":\"https:\\\/\\\/schema.org\",\"@graph\":[{\"@type\":\"WebPage\",\"@id\":\"https:\\\/\\\/romlay.hr\\\/proizvod\\\/natures-protection-superior-care-grain-free-white-dogs-starter-salmon\\\/\",\"url\":\"https:\\\/\\\/romlay.hr\\\/proizvod\\\/natures-protection-superior-care-grain-free-white-dogs-starter-salmon\\\/\",\"name\":\"Nature's Protection Superior Care Grain Free White Dogs Starter Salmon - Romlay\",\"isPartOf\":{\"@id\":\"https:\\\/\\\/romlay.hr\\\/#website\"},\"primaryImageOfPage\":{\"@id\":\"https:\\\/\\\/romlay.hr\\\/proizvod\\\/natures-protection-superior-care-grain-free-white-dogs-starter-salmon\\\/#primaryimage\"},\"image\":{\"@id\":\"https:\\\/\\\/romlay.hr\\\/proizvod\\\/natures-protection-superior-care-grain-free-white-dogs-starter-salmon\\\/#primaryimage\"},\"thumbnailUrl\":\"https:\\\/\\\/romlay.hr\\\/wp-content\\\/uploads\\\/2023\\\/05\\\/product_179_1.jpg\",\"datePublished\":\"2023-05-23T12:11:25+00:00\",\"dateModified\":\"2026-03-26T15:51:17+00:00\",\"breadcrumb\":{\"@id\":\"https:\\\/\\\/romlay.hr\\\/proizvod\\\/natures-protection-superior-care-grain-free-white-dogs-starter-salmon\\\/#breadcrumb\"},\"inLanguage\":\"hr\",\"potentialAction\":[{\"@type\":\"ReadAction\",\"target\":[\"https:\\\/\\\/romlay.hr\\\/proizvod\\\/natures-protection-superior-care-grain-free-white-dogs-starter-salmon\\\/\"]}]},{\"@type\":\"ImageObject\",\"inLanguage\":\"hr\",\"@id\":\"https:\\\/\\\/romlay.hr\\\/proizvod\\\/natures-protection-superior-care-grain-free-white-dogs-starter-salmon\\\/#primaryimage\",\"url\":\"https:\\\/\\\/romlay.hr\\\/wp-content\\\/uploads\\\/2023\\\/05\\\/product_179_1.jpg\",\"contentUrl\":\"https:\\\/\\\/romlay.hr\\\/wp-content\\\/uploads\\\/2023\\\/05\\\/product_179_1.jpg\",\"width\":848,\"height\":1200},{\"@type\":\"BreadcrumbList\",\"@id\":\"https:\\\/\\\/romlay.hr\\\/proizvod\\\/natures-protection-superior-care-grain-free-white-dogs-starter-salmon\\\/#breadcrumb\",\"itemListElement\":[{\"@type\":\"ListItem\",\"position\":1,\"name\":\"Po\u010detna stranica\",\"item\":\"https:\\\/\\\/romlay.hr\\\/\"},{\"@type\":\"ListItem\",\"position\":2,\"name\":\"Proizvodi\",\"item\":\"https:\\\/\\\/romlay.hr\\\/shop\\\/\"},{\"@type\":\"ListItem\",\"position\":3,\"name\":\"Nature&#8217;s Protection Superior Care Grain Free White Dogs Starter Salmon\"}]},{\"@type\":\"WebSite\",\"@id\":\"https:\\\/\\\/romlay.hr\\\/#website\",\"url\":\"https:\\\/\\\/romlay.hr\\\/\",\"name\":\"Romlay\",\"description\":\"Toy dog specialist\",\"publisher\":{\"@id\":\"https:\\\/\\\/romlay.hr\\\/#organization\"},\"potentialAction\":[{\"@type\":\"SearchAction\",\"target\":{\"@type\":\"EntryPoint\",\"urlTemplate\":\"https:\\\/\\\/romlay.hr\\\/?s={search_term_string}\"},\"query-input\":{\"@type\":\"PropertyValueSpecification\",\"valueRequired\":true,\"valueName\":\"search_term_string\"}}],\"inLanguage\":\"hr\"},{\"@type\":\"Organization\",\"@id\":\"https:\\\/\\\/romlay.hr\\\/#organization\",\"name\":\"Romlay\",\"url\":\"https:\\\/\\\/romlay.hr\\\/\",\"logo\":{\"@type\":\"ImageObject\",\"inLanguage\":\"hr\",\"@id\":\"https:\\\/\\\/romlay.hr\\\/#\\\/schema\\\/logo\\\/image\\\/\",\"url\":\"https:\\\/\\\/romlay.hr\\\/wp-content\\\/uploads\\\/2023\\\/04\\\/cropped-Romlay-1.png\",\"contentUrl\":\"https:\\\/\\\/romlay.hr\\\/wp-content\\\/uploads\\\/2023\\\/04\\\/cropped-Romlay-1.png\",\"width\":978,\"height\":1645,\"caption\":\"Romlay\"},\"image\":{\"@id\":\"https:\\\/\\\/romlay.hr\\\/#\\\/schema\\\/logo\\\/image\\\/\"}}]}<\/script>\n<!-- \/ Yoast SEO plugin. -->","yoast_head_json":{"title":"Nature's Protection Superior Care Grain Free White Dogs Starter Salmon - Romlay","robots":{"index":"index","follow":"follow","max-snippet":"max-snippet:-1","max-image-preview":"max-image-preview:large","max-video-preview":"max-video-preview:-1"},"canonical":"https:\/\/romlay.hr\/hr\/proizvod\/natures-protection-superior-care-grain-free-white-dogs-starter-salmon\/","og_locale":"hr_HR","og_type":"article","og_title":"Nature's Protection Superior Care Grain Free White Dogs Starter Salmon - Romlay","og_description":"Up to 4 months old -\u00a0 Suitable for pregnant and lactating female dogs - 1,5 kg, 10 kg","og_url":"https:\/\/romlay.hr\/hr\/proizvod\/natures-protection-superior-care-grain-free-white-dogs-starter-salmon\/","og_site_name":"Romlay","article_modified_time":"2026-03-26T15:51:17+00:00","og_image":[{"width":848,"height":1200,"url":"https:\/\/romlay.hr\/wp-content\/uploads\/2023\/05\/product_179_1.jpg","type":"image\/jpeg"}],"twitter_card":"summary_large_image","twitter_misc":{"Procijenjeno vrijeme \u010ditanja":"1 minuta"},"schema":{"@context":"https:\/\/schema.org","@graph":[{"@type":"WebPage","@id":"https:\/\/romlay.hr\/proizvod\/natures-protection-superior-care-grain-free-white-dogs-starter-salmon\/","url":"https:\/\/romlay.hr\/proizvod\/natures-protection-superior-care-grain-free-white-dogs-starter-salmon\/","name":"Nature's Protection Superior Care Grain Free White Dogs Starter Salmon - Romlay","isPartOf":{"@id":"https:\/\/romlay.hr\/#website"},"primaryImageOfPage":{"@id":"https:\/\/romlay.hr\/proizvod\/natures-protection-superior-care-grain-free-white-dogs-starter-salmon\/#primaryimage"},"image":{"@id":"https:\/\/romlay.hr\/proizvod\/natures-protection-superior-care-grain-free-white-dogs-starter-salmon\/#primaryimage"},"thumbnailUrl":"https:\/\/romlay.hr\/wp-content\/uploads\/2023\/05\/product_179_1.jpg","datePublished":"2023-05-23T12:11:25+00:00","dateModified":"2026-03-26T15:51:17+00:00","breadcrumb":{"@id":"https:\/\/romlay.hr\/proizvod\/natures-protection-superior-care-grain-free-white-dogs-starter-salmon\/#breadcrumb"},"inLanguage":"hr","potentialAction":[{"@type":"ReadAction","target":["https:\/\/romlay.hr\/proizvod\/natures-protection-superior-care-grain-free-white-dogs-starter-salmon\/"]}]},{"@type":"ImageObject","inLanguage":"hr","@id":"https:\/\/romlay.hr\/proizvod\/natures-protection-superior-care-grain-free-white-dogs-starter-salmon\/#primaryimage","url":"https:\/\/romlay.hr\/wp-content\/uploads\/2023\/05\/product_179_1.jpg","contentUrl":"https:\/\/romlay.hr\/wp-content\/uploads\/2023\/05\/product_179_1.jpg","width":848,"height":1200},{"@type":"BreadcrumbList","@id":"https:\/\/romlay.hr\/proizvod\/natures-protection-superior-care-grain-free-white-dogs-starter-salmon\/#breadcrumb","itemListElement":[{"@type":"ListItem","position":1,"name":"Po\u010detna stranica","item":"https:\/\/romlay.hr\/"},{"@type":"ListItem","position":2,"name":"Proizvodi","item":"https:\/\/romlay.hr\/shop\/"},{"@type":"ListItem","position":3,"name":"Nature&#8217;s Protection Superior Care Grain Free White Dogs Starter Salmon"}]},{"@type":"WebSite","@id":"https:\/\/romlay.hr\/#website","url":"https:\/\/romlay.hr\/","name":"Romlay","description":"Toy dog specialist","publisher":{"@id":"https:\/\/romlay.hr\/#organization"},"potentialAction":[{"@type":"SearchAction","target":{"@type":"EntryPoint","urlTemplate":"https:\/\/romlay.hr\/?s={search_term_string}"},"query-input":{"@type":"PropertyValueSpecification","valueRequired":true,"valueName":"search_term_string"}}],"inLanguage":"hr"},{"@type":"Organization","@id":"https:\/\/romlay.hr\/#organization","name":"Romlay","url":"https:\/\/romlay.hr\/","logo":{"@type":"ImageObject","inLanguage":"hr","@id":"https:\/\/romlay.hr\/#\/schema\/logo\/image\/","url":"https:\/\/romlay.hr\/wp-content\/uploads\/2023\/04\/cropped-Romlay-1.png","contentUrl":"https:\/\/romlay.hr\/wp-content\/uploads\/2023\/04\/cropped-Romlay-1.png","width":978,"height":1645,"caption":"Romlay"},"image":{"@id":"https:\/\/romlay.hr\/#\/schema\/logo\/image\/"}}]}},"_links":{"self":[{"href":"https:\/\/romlay.hr\/hr\/wp-json\/wp\/v2\/product\/406","targetHints":{"allow":["GET"]}}],"collection":[{"href":"https:\/\/romlay.hr\/hr\/wp-json\/wp\/v2\/product"}],"about":[{"href":"https:\/\/romlay.hr\/hr\/wp-json\/wp\/v2\/types\/product"}],"wp:featuredmedia":[{"embeddable":true,"href":"https:\/\/romlay.hr\/hr\/wp-json\/wp\/v2\/media\/410"}],"wp:attachment":[{"href":"https:\/\/romlay.hr\/hr\/wp-json\/wp\/v2\/media?parent=406"}],"wp:term":[{"taxonomy":"product_brand","embeddable":true,"href":"https:\/\/romlay.hr\/hr\/wp-json\/wp\/v2\/product_brand?post=406"},{"taxonomy":"product_cat","embeddable":true,"href":"https:\/\/romlay.hr\/hr\/wp-json\/wp\/v2\/product_cat?post=406"},{"taxonomy":"product_tag","embeddable":true,"href":"https:\/\/romlay.hr\/hr\/wp-json\/wp\/v2\/product_tag?post=406"}],"curies":[{"name":"wp","href":"https:\/\/api.w.org\/{rel}","templated":true}]}}