{"id":398,"date":"2023-05-23T12:05:04","date_gmt":"2023-05-23T12:05:04","guid":{"rendered":"https:\/\/romlay.hr\/?post_type=product&#038;p=398"},"modified":"2026-02-02T03:52:11","modified_gmt":"2026-02-02T03:52:11","slug":"natures-protection-superior-care-grain-free-white-dogs-junior-salmon","status":"publish","type":"product","link":"https:\/\/romlay.hr\/hr\/proizvod\/natures-protection-superior-care-grain-free-white-dogs-junior-salmon\/","title":{"rendered":"Nature&#8217;s Protection Superior Care Grain Free White Dogs Junior Salmon"},"content":{"rendered":"<ul>\n<li aria-level=\"1\">Nature\u2019s Protection Superior Care Grain Free White Dogs Junior Salmon\n\nNature\u2019s Protection Superior Care Grain Free White Dogs Junior Salmon posebno je formulirana hrana za \u0161tence i mlade pse bijele i svijetle dlake. Poma\u017ee u uklanjanju sme\u0111ih mrlja oko o\u010diju, usta i \u0161apa uzrokovanih suzama i slinom te odr\u017eava dlaku \u010distom i bez mrlja.\n\nKlju\u010dne zna\u010dajke:\n\nFormulacija za bijelu dlaku: Dizajnirana kako bi podr\u017eala prozirnu kompoziciju suza i sline, sprje\u010davaju\u0107i stvaranje mrlja.\n\nBez \u017eitarica: Sastav bez \u017eitarica smanjuje rizik od alergijskih reakcija i pogodan je za pse s osjetljivim probavnim sustavom.\n\nVisokokvalitetni losos: Certificirani losos iz Norve\u0161ke osigurava lako probavljive proteine i hranjive tvari.\n\nAntarkti\u010dki kril: Jedinstven i 100% odr\u017eiv izvor Omega-3 masnih kiselina s dokazanim zdravstvenim prednostima. Istra\u017eivanja pokazuju da se Omega-3 iz krila apsorbira 2,5 puta u\u010dinkovitije od standardnih ribljih ulja.\n\n\nPrednosti:\n\nPoma\u017ee odr\u017eati \u010distu i svijetlu dlaku.\n\nPodr\u017eava zdrav probavni sustav i smanjuje optere\u0107enje probavnog trakta.\n\nBogata Omega-3 masnim kiselinama za zdravlje ko\u017ee, dlake i op\u0107e dobrostanje.\n\n\nNature\u2019s Protection Superior Care Grain Free White Dogs Junior Salmon idealna je hrana za mlade pse bijele i svijetle dlake koji zahtijevaju specifi\u010dnu njegu i prehranu za odr\u017eavanje optimalnog zdravlja i ljepote dlake.\n\nSastav: losos 44% (su\u0161eni i fino mljeveni), pulpa su\u0161enog krumpira, batat, mast peradi, gra\u0161ak, bra\u0161no\nod krila (min. 4%), pulpa \u0161e\u0107erne repe, lososovo ulje, laneno sjeme, dinami\u010dki mikronizirani klinoptilolit\n(1%), fruktooligosaharidi (FOS), ekstrakt juke, su\u0161eni neven (izvor luteina).\nAditivi\/1 kg: nutritivni dodaci: vitamin A (3a672a) \u2013 18000 IU, vitamin D3 (3a671) \u2013 1500 IU, vitamin E\n(3a700) \u2013 530 mg, folna kiselina (3a316) \u2013 1 mg, biotin (3a880) \u2013 1 mg, \u017eeljezov (II) sulfat monohidrat\n(3b103) \u2013 50 mg, kalcijev jodat bezvodni (3b202) \u2013 1,5 mg, bakar (II) sulfat pentahidrat (3b405) \u2013 5 mg,\nmanganov sulfat monohidrat (3b503) \u2013 20 mg cink sulfat monohidrat (3b605) \u2013 115 mg, natrijev selenit\n(3b801) \u2013 0,1 mg. Tehnolo\u0161ki dodaci: ekstrakt ru\u017emarina, ekstrakti tokoferola iz biljnih ulja (1b306(i)).\nAnaliti\u010dki sastojci: sirovi proteini \u2013 26%, sirova vlakna \u2013 3%, sirove masti \u2013 15%, sirovi pepeo \u2013 8,5%,\nkalcij \u2013 1,4%, fosfor \u2013 1%, kalij \u2013 0,6%, natrij \u2013 0,4%, Omega-3 masne kiseline \u2013 0,46%, Omega-6 masne\nkiseline \u2013 2,57%.<\/li>\n<li aria-level=\"1\">Carefully designed to sustain the appropriate transparent composition of tears, saliva and keep a stainless coat.<\/li>\n<li aria-level=\"1\">Free of grain-based ingredients that can cause allergic reactions. Suitable for pets with sensitive digestive systems because this type of feed does not burden the digestive tract.<\/li>\n<li aria-level=\"1\">Certified highest quality salmon from Norway.<\/li>\n<li aria-level=\"1\">Antarctic krill, unique and 100% sustainable source of Omega-3, serves your pet&#8217;s body with scientifically proven benefits. According to the latest reasearches* Omega-3 from krill is more efectivelly absorbed than from usual fish-oils by 2,5 times.<\/li>\n<\/ul>","protected":false},"excerpt":{"rendered":"<p>Nature\u2019s Protection Superior Care Grain Free White Dogs Junior Salmon\n\nNature\u2019s Protection Superior Care Grain Free White Dogs Junior Salmon posebno je formulirana hrana za \u0161tence i mlade pse bijele i svijetle dlake. Poma\u017ee u uklanjanju sme\u0111ih mrlja oko o\u010diju, usta i \u0161apa uzrokovanih suzama i slinom te odr\u017eava dlaku \u010distom i bez mrlja.\n\nKlju\u010dne zna\u010dajke:\n\nFormulacija za bijelu dlaku: Dizajnirana kako bi podr\u017eala prozirnu kompoziciju suza i sline, sprje\u010davaju\u0107i stvaranje mrlja.\n\nBez \u017eitarica: Sastav bez \u017eitarica smanjuje rizik od alergijskih reakcija i pogodan je za pse s osjetljivim probavnim sustavom.\n\nVisokokvalitetni losos: Certificirani losos iz Norve\u0161ke osigurava lako probavljive proteine i hranjive tvari.\n\nAntarkti\u010dki kril: Jedinstven i 100% odr\u017eiv izvor Omega-3 masnih kiselina s dokazanim zdravstvenim prednostima. Istra\u017eivanja pokazuju da se Omega-3 iz krila apsorbira 2,5 puta u\u010dinkovitije od standardnih ribljih ulja.\n\n\nPrednosti:\n\nPoma\u017ee odr\u017eati \u010distu i svijetlu dlaku.\n\nPodr\u017eava zdrav probavni sustav i smanjuje optere\u0107enje probavnog trakta.\n\nBogata Omega-3 masnim kiselinama za zdravlje ko\u017ee, dlake i op\u0107e dobrostanje.\n\n\nNature\u2019s Protection Superior Care Grain Free White Dogs Junior Salmon idealna je hrana za mlade pse bijele i svijetle dlake koji zahtijevaju specifi\u010dnu njegu i prehranu za odr\u017eavanje optimalnog zdravlja i ljepote dlake.\n\nSastav: losos 44% (su\u0161eni i fino mljeveni), pulpa su\u0161enog krumpira, batat, mast peradi, gra\u0161ak, bra\u0161no\nod krila (min. 4%), pulpa \u0161e\u0107erne repe, lososovo ulje, laneno sjeme, dinami\u010dki mikronizirani klinoptilolit\n(1%), fruktooligosaharidi (FOS), ekstrakt juke, su\u0161eni neven (izvor luteina).\nAditivi\/1 kg: nutritivni dodaci: vitamin A (3a672a) \u2013 18000 IU, vitamin D3 (3a671) \u2013 1500 IU, vitamin E\n(3a700) \u2013 530 mg, folna kiselina (3a316) \u2013 1 mg, biotin (3a880) \u2013 1 mg, \u017eeljezov (II) sulfat monohidrat\n(3b103) \u2013 50 mg, kalcijev jodat bezvodni (3b202) \u2013 1,5 mg, bakar (II) sulfat pentahidrat (3b405) \u2013 5 mg,\nmanganov sulfat monohidrat (3b503) \u2013 20 mg cink sulfat monohidrat (3b605) \u2013 115 mg, natrijev selenit\n(3b801) \u2013 0,1 mg. Tehnolo\u0161ki dodaci: ekstrakt ru\u017emarina, ekstrakti tokoferola iz biljnih ulja (1b306(i)).\nAnaliti\u010dki sastojci: sirovi proteini \u2013 26%, sirova vlakna \u2013 3%, sirove masti \u2013 15%, sirovi pepeo \u2013 8,5%,\nkalcij \u2013 1,4%, fosfor \u2013 1%, kalij \u2013 0,6%, natrij \u2013 0,4%, Omega-3 masne kiseline \u2013 0,46%, Omega-6 masne\nkiseline \u2013 2,57%.<\/p>","protected":false},"featured_media":402,"template":"","meta":{"_monsterinsights_skip_tracking":false,"_monsterinsights_sitenote_active":false,"_monsterinsights_sitenote_note":"","_monsterinsights_sitenote_category":0,"site-sidebar-layout":"default","site-content-layout":"default","ast-site-content-layout":"default","site-content-style":"default","site-sidebar-style":"default","ast-global-header-display":"","ast-banner-title-visibility":"","ast-main-header-display":"","ast-hfb-above-header-display":"","ast-hfb-below-header-display":"","ast-hfb-mobile-header-display":"","site-post-title":"","ast-breadcrumbs-content":"","ast-featured-img":"","footer-sml-layout":"","ast-disable-related-posts":"","theme-transparent-header-meta":"default","adv-header-id-meta":"","stick-header-meta":"","header-above-stick-meta":"","header-main-stick-meta":"","header-below-stick-meta":"","astra-migrate-meta-layouts":"default","ast-page-background-enabled":"default","ast-page-background-meta":{"desktop":{"background-color":"var(--ast-global-color-4)","background-image":"","background-repeat":"repeat","background-position":"center center","background-size":"auto","background-attachment":"scroll","background-type":"","background-media":"","overlay-type":"","overlay-color":"","overlay-opacity":"","overlay-gradient":""},"tablet":{"background-color":"","background-image":"","background-repeat":"repeat","background-position":"center center","background-size":"auto","background-attachment":"scroll","background-type":"","background-media":"","overlay-type":"","overlay-color":"","overlay-opacity":"","overlay-gradient":""},"mobile":{"background-color":"","background-image":"","background-repeat":"repeat","background-position":"center center","background-size":"auto","background-attachment":"scroll","background-type":"","background-media":"","overlay-type":"","overlay-color":"","overlay-opacity":"","overlay-gradient":""}},"ast-content-background-meta":{"desktop":{"background-color":"var(--ast-global-color-5)","background-image":"","background-repeat":"repeat","background-position":"center center","background-size":"auto","background-attachment":"scroll","background-type":"","background-media":"","overlay-type":"","overlay-color":"","overlay-opacity":"","overlay-gradient":""},"tablet":{"background-color":"var(--ast-global-color-5)","background-image":"","background-repeat":"repeat","background-position":"center center","background-size":"auto","background-attachment":"scroll","background-type":"","background-media":"","overlay-type":"","overlay-color":"","overlay-opacity":"","overlay-gradient":""},"mobile":{"background-color":"var(--ast-global-color-5)","background-image":"","background-repeat":"repeat","background-position":"center center","background-size":"auto","background-attachment":"scroll","background-type":"","background-media":"","overlay-type":"","overlay-color":"","overlay-opacity":"","overlay-gradient":""}}},"product_brand":[],"product_cat":[30,32,29],"product_tag":[],"class_list":{"0":"post-398","1":"product","2":"type-product","3":"status-publish","4":"has-post-thumbnail","6":"product_cat-dry-food","7":"product_cat-junior-puppy","8":"product_cat-natures-protection","9":"desktop-align-left","10":"tablet-align-left","11":"mobile-align-left","13":"first","14":"instock","15":"shipping-taxable","16":"purchasable","17":"product-type-variable"},"yoast_head":"<!-- This site is optimized with the Yoast SEO plugin v27.4 - https:\/\/yoast.com\/product\/yoast-seo-wordpress\/ -->\n<title>Nature&#039;s Protection Superior Care Grain Free White Dogs Junior Salmon - Romlay<\/title>\n<meta name=\"robots\" content=\"index, follow, max-snippet:-1, max-image-preview:large, max-video-preview:-1\" \/>\n<link rel=\"canonical\" href=\"https:\/\/romlay.hr\/hr\/proizvod\/natures-protection-superior-care-grain-free-white-dogs-junior-salmon\/\" \/>\n<meta property=\"og:locale\" content=\"hr_HR\" \/>\n<meta property=\"og:type\" content=\"article\" \/>\n<meta property=\"og:title\" content=\"Nature&#039;s Protection Superior Care Grain Free White Dogs Junior Salmon - Romlay\" \/>\n<meta property=\"og:description\" content=\"Unique formula for juniors, that can help to remove brown stains around the eyes, mouth and paws that appear due to tears and saliva.\" \/>\n<meta property=\"og:url\" content=\"https:\/\/romlay.hr\/hr\/proizvod\/natures-protection-superior-care-grain-free-white-dogs-junior-salmon\/\" \/>\n<meta property=\"og:site_name\" content=\"Romlay\" \/>\n<meta property=\"article:modified_time\" content=\"2026-02-02T03:52:11+00:00\" \/>\n<meta property=\"og:image\" content=\"https:\/\/romlay.hr\/wp-content\/uploads\/2023\/05\/product_180_1.jpg\" \/>\n\t<meta property=\"og:image:width\" content=\"848\" \/>\n\t<meta property=\"og:image:height\" content=\"1200\" \/>\n\t<meta property=\"og:image:type\" content=\"image\/jpeg\" \/>\n<meta name=\"twitter:card\" content=\"summary_large_image\" \/>\n<meta name=\"twitter:label1\" content=\"Procijenjeno vrijeme \u010ditanja\" \/>\n\t<meta name=\"twitter:data1\" content=\"1 minuta\" \/>\n<script type=\"application\/ld+json\" class=\"yoast-schema-graph\">{\"@context\":\"https:\\\/\\\/schema.org\",\"@graph\":[{\"@type\":\"WebPage\",\"@id\":\"https:\\\/\\\/romlay.hr\\\/proizvod\\\/natures-protection-superior-care-grain-free-white-dogs-junior-salmon\\\/\",\"url\":\"https:\\\/\\\/romlay.hr\\\/proizvod\\\/natures-protection-superior-care-grain-free-white-dogs-junior-salmon\\\/\",\"name\":\"Nature's Protection Superior Care Grain Free White Dogs Junior Salmon - Romlay\",\"isPartOf\":{\"@id\":\"https:\\\/\\\/romlay.hr\\\/#website\"},\"primaryImageOfPage\":{\"@id\":\"https:\\\/\\\/romlay.hr\\\/proizvod\\\/natures-protection-superior-care-grain-free-white-dogs-junior-salmon\\\/#primaryimage\"},\"image\":{\"@id\":\"https:\\\/\\\/romlay.hr\\\/proizvod\\\/natures-protection-superior-care-grain-free-white-dogs-junior-salmon\\\/#primaryimage\"},\"thumbnailUrl\":\"https:\\\/\\\/romlay.hr\\\/wp-content\\\/uploads\\\/2023\\\/05\\\/product_180_1.jpg\",\"datePublished\":\"2023-05-23T12:05:04+00:00\",\"dateModified\":\"2026-02-02T03:52:11+00:00\",\"breadcrumb\":{\"@id\":\"https:\\\/\\\/romlay.hr\\\/proizvod\\\/natures-protection-superior-care-grain-free-white-dogs-junior-salmon\\\/#breadcrumb\"},\"inLanguage\":\"hr\",\"potentialAction\":[{\"@type\":\"ReadAction\",\"target\":[\"https:\\\/\\\/romlay.hr\\\/proizvod\\\/natures-protection-superior-care-grain-free-white-dogs-junior-salmon\\\/\"]}]},{\"@type\":\"ImageObject\",\"inLanguage\":\"hr\",\"@id\":\"https:\\\/\\\/romlay.hr\\\/proizvod\\\/natures-protection-superior-care-grain-free-white-dogs-junior-salmon\\\/#primaryimage\",\"url\":\"https:\\\/\\\/romlay.hr\\\/wp-content\\\/uploads\\\/2023\\\/05\\\/product_180_1.jpg\",\"contentUrl\":\"https:\\\/\\\/romlay.hr\\\/wp-content\\\/uploads\\\/2023\\\/05\\\/product_180_1.jpg\",\"width\":848,\"height\":1200},{\"@type\":\"BreadcrumbList\",\"@id\":\"https:\\\/\\\/romlay.hr\\\/proizvod\\\/natures-protection-superior-care-grain-free-white-dogs-junior-salmon\\\/#breadcrumb\",\"itemListElement\":[{\"@type\":\"ListItem\",\"position\":1,\"name\":\"Po\u010detna stranica\",\"item\":\"https:\\\/\\\/romlay.hr\\\/\"},{\"@type\":\"ListItem\",\"position\":2,\"name\":\"Proizvodi\",\"item\":\"https:\\\/\\\/romlay.hr\\\/shop\\\/\"},{\"@type\":\"ListItem\",\"position\":3,\"name\":\"Nature&#8217;s Protection Superior Care Grain Free White Dogs Junior Salmon\"}]},{\"@type\":\"WebSite\",\"@id\":\"https:\\\/\\\/romlay.hr\\\/#website\",\"url\":\"https:\\\/\\\/romlay.hr\\\/\",\"name\":\"Romlay\",\"description\":\"Toy dog specialist\",\"publisher\":{\"@id\":\"https:\\\/\\\/romlay.hr\\\/#organization\"},\"potentialAction\":[{\"@type\":\"SearchAction\",\"target\":{\"@type\":\"EntryPoint\",\"urlTemplate\":\"https:\\\/\\\/romlay.hr\\\/?s={search_term_string}\"},\"query-input\":{\"@type\":\"PropertyValueSpecification\",\"valueRequired\":true,\"valueName\":\"search_term_string\"}}],\"inLanguage\":\"hr\"},{\"@type\":\"Organization\",\"@id\":\"https:\\\/\\\/romlay.hr\\\/#organization\",\"name\":\"Romlay\",\"url\":\"https:\\\/\\\/romlay.hr\\\/\",\"logo\":{\"@type\":\"ImageObject\",\"inLanguage\":\"hr\",\"@id\":\"https:\\\/\\\/romlay.hr\\\/#\\\/schema\\\/logo\\\/image\\\/\",\"url\":\"https:\\\/\\\/romlay.hr\\\/wp-content\\\/uploads\\\/2023\\\/04\\\/cropped-Romlay-1.png\",\"contentUrl\":\"https:\\\/\\\/romlay.hr\\\/wp-content\\\/uploads\\\/2023\\\/04\\\/cropped-Romlay-1.png\",\"width\":978,\"height\":1645,\"caption\":\"Romlay\"},\"image\":{\"@id\":\"https:\\\/\\\/romlay.hr\\\/#\\\/schema\\\/logo\\\/image\\\/\"}}]}<\/script>\n<!-- \/ Yoast SEO plugin. -->","yoast_head_json":{"title":"Nature's Protection Superior Care Grain Free White Dogs Junior Salmon - Romlay","robots":{"index":"index","follow":"follow","max-snippet":"max-snippet:-1","max-image-preview":"max-image-preview:large","max-video-preview":"max-video-preview:-1"},"canonical":"https:\/\/romlay.hr\/hr\/proizvod\/natures-protection-superior-care-grain-free-white-dogs-junior-salmon\/","og_locale":"hr_HR","og_type":"article","og_title":"Nature's Protection Superior Care Grain Free White Dogs Junior Salmon - Romlay","og_description":"Unique formula for juniors, that can help to remove brown stains around the eyes, mouth and paws that appear due to tears and saliva.","og_url":"https:\/\/romlay.hr\/hr\/proizvod\/natures-protection-superior-care-grain-free-white-dogs-junior-salmon\/","og_site_name":"Romlay","article_modified_time":"2026-02-02T03:52:11+00:00","og_image":[{"width":848,"height":1200,"url":"https:\/\/romlay.hr\/wp-content\/uploads\/2023\/05\/product_180_1.jpg","type":"image\/jpeg"}],"twitter_card":"summary_large_image","twitter_misc":{"Procijenjeno vrijeme \u010ditanja":"1 minuta"},"schema":{"@context":"https:\/\/schema.org","@graph":[{"@type":"WebPage","@id":"https:\/\/romlay.hr\/proizvod\/natures-protection-superior-care-grain-free-white-dogs-junior-salmon\/","url":"https:\/\/romlay.hr\/proizvod\/natures-protection-superior-care-grain-free-white-dogs-junior-salmon\/","name":"Nature's Protection Superior Care Grain Free White Dogs Junior Salmon - Romlay","isPartOf":{"@id":"https:\/\/romlay.hr\/#website"},"primaryImageOfPage":{"@id":"https:\/\/romlay.hr\/proizvod\/natures-protection-superior-care-grain-free-white-dogs-junior-salmon\/#primaryimage"},"image":{"@id":"https:\/\/romlay.hr\/proizvod\/natures-protection-superior-care-grain-free-white-dogs-junior-salmon\/#primaryimage"},"thumbnailUrl":"https:\/\/romlay.hr\/wp-content\/uploads\/2023\/05\/product_180_1.jpg","datePublished":"2023-05-23T12:05:04+00:00","dateModified":"2026-02-02T03:52:11+00:00","breadcrumb":{"@id":"https:\/\/romlay.hr\/proizvod\/natures-protection-superior-care-grain-free-white-dogs-junior-salmon\/#breadcrumb"},"inLanguage":"hr","potentialAction":[{"@type":"ReadAction","target":["https:\/\/romlay.hr\/proizvod\/natures-protection-superior-care-grain-free-white-dogs-junior-salmon\/"]}]},{"@type":"ImageObject","inLanguage":"hr","@id":"https:\/\/romlay.hr\/proizvod\/natures-protection-superior-care-grain-free-white-dogs-junior-salmon\/#primaryimage","url":"https:\/\/romlay.hr\/wp-content\/uploads\/2023\/05\/product_180_1.jpg","contentUrl":"https:\/\/romlay.hr\/wp-content\/uploads\/2023\/05\/product_180_1.jpg","width":848,"height":1200},{"@type":"BreadcrumbList","@id":"https:\/\/romlay.hr\/proizvod\/natures-protection-superior-care-grain-free-white-dogs-junior-salmon\/#breadcrumb","itemListElement":[{"@type":"ListItem","position":1,"name":"Po\u010detna stranica","item":"https:\/\/romlay.hr\/"},{"@type":"ListItem","position":2,"name":"Proizvodi","item":"https:\/\/romlay.hr\/shop\/"},{"@type":"ListItem","position":3,"name":"Nature&#8217;s Protection Superior Care Grain Free White Dogs Junior Salmon"}]},{"@type":"WebSite","@id":"https:\/\/romlay.hr\/#website","url":"https:\/\/romlay.hr\/","name":"Romlay","description":"Toy dog specialist","publisher":{"@id":"https:\/\/romlay.hr\/#organization"},"potentialAction":[{"@type":"SearchAction","target":{"@type":"EntryPoint","urlTemplate":"https:\/\/romlay.hr\/?s={search_term_string}"},"query-input":{"@type":"PropertyValueSpecification","valueRequired":true,"valueName":"search_term_string"}}],"inLanguage":"hr"},{"@type":"Organization","@id":"https:\/\/romlay.hr\/#organization","name":"Romlay","url":"https:\/\/romlay.hr\/","logo":{"@type":"ImageObject","inLanguage":"hr","@id":"https:\/\/romlay.hr\/#\/schema\/logo\/image\/","url":"https:\/\/romlay.hr\/wp-content\/uploads\/2023\/04\/cropped-Romlay-1.png","contentUrl":"https:\/\/romlay.hr\/wp-content\/uploads\/2023\/04\/cropped-Romlay-1.png","width":978,"height":1645,"caption":"Romlay"},"image":{"@id":"https:\/\/romlay.hr\/#\/schema\/logo\/image\/"}}]}},"_links":{"self":[{"href":"https:\/\/romlay.hr\/hr\/wp-json\/wp\/v2\/product\/398","targetHints":{"allow":["GET"]}}],"collection":[{"href":"https:\/\/romlay.hr\/hr\/wp-json\/wp\/v2\/product"}],"about":[{"href":"https:\/\/romlay.hr\/hr\/wp-json\/wp\/v2\/types\/product"}],"wp:featuredmedia":[{"embeddable":true,"href":"https:\/\/romlay.hr\/hr\/wp-json\/wp\/v2\/media\/402"}],"wp:attachment":[{"href":"https:\/\/romlay.hr\/hr\/wp-json\/wp\/v2\/media?parent=398"}],"wp:term":[{"taxonomy":"product_brand","embeddable":true,"href":"https:\/\/romlay.hr\/hr\/wp-json\/wp\/v2\/product_brand?post=398"},{"taxonomy":"product_cat","embeddable":true,"href":"https:\/\/romlay.hr\/hr\/wp-json\/wp\/v2\/product_cat?post=398"},{"taxonomy":"product_tag","embeddable":true,"href":"https:\/\/romlay.hr\/hr\/wp-json\/wp\/v2\/product_tag?post=398"}],"curies":[{"name":"wp","href":"https:\/\/api.w.org\/{rel}","templated":true}]}}