{"id":393,"date":"2023-05-23T11:59:52","date_gmt":"2023-05-23T11:59:52","guid":{"rendered":"https:\/\/romlay.hr\/?post_type=product&#038;p=393"},"modified":"2026-03-10T16:10:59","modified_gmt":"2026-03-10T16:10:59","slug":"natures-protection-superior-care-grain-free-white-dogs-junior-white-fish","status":"publish","type":"product","link":"https:\/\/romlay.hr\/hr\/proizvod\/natures-protection-superior-care-grain-free-white-dogs-junior-white-fish\/","title":{"rendered":"Nature&#8217;s Protection Superior Care Grain Free White Dogs Junior White Fish"},"content":{"rendered":"<ul>\n<li aria-level=\"1\">Nature\u2019s Protection Superior Care Grain Free White Dogs Junior White Fish je posebna hrana za \u0161tence i mlade pse bijele i svjetle dlake koja poma\u017ee u uklanjanju sme\u0111ih mrlja oko o\u010diju, usta i \u0161apa uzrokovanih suzama i slinom te odr\u017eava dlaku besprijekorno \u010distom.\n\nKlju\u010dne zna\u010dajke:\n\nPosebna formula za bijelu dlaku: Poma\u017ee odr\u017eati prozirnu kompoziciju suza i sline, smanjuju\u0107i stvaranje sme\u0111ih mrlja.\n\nGlavni izvor proteina \u2013 bijela riba: Hypoalergena i lako probavljiva, idealna za pse s osjetljivim probavnim sustavom.\n\nBez p\u0161enice: Formula bez p\u0161eni\u010dnog glutena smanjuje rizik od alergijskih reakcija.\n\nPrirodni antioksidansi: Vitamin E i ekstrakt ru\u017emarina \u0161tite stanice od negativnog utjecaja slobodnih radikala na prirodan na\u010din.\n\n\nPrednosti:\n\nPodr\u017eava zdravlje ko\u017ee i svijetlu dlaku.\n\nSmanjuje rizik od alergija povezanih s glutenom.\n\nOsigurava lako probavljivu prehranu s visokokvalitetnim proteinima.\n\nPodr\u017eava op\u0107e zdravlje s prirodnim antioksidansima.\n\n\nNature\u2019s Protection Superior Care Grain Free White Dogs Junior White Fish idealna je prehrana za mlade pse bijele dlake koji zahtijevaju specijaliziranu njegu i visokokvalitetne sastojke za odr\u017eavanje zdravlja i ljepote dlake.\n\n Sastav: bijela riba 42% (su\u0161ena i fino mljevena), pulpa su\u0161enog krumpira, batat, gra\u0161ak, mast peradi, bra\u0161no od krila (min. 4%), pulpa \u0161e\u0107erne repe, lososovo ulje, dinami\u010dki mikronizirani klinoptilolit (1%), laneno sjeme , fruktooligosaharidi (FOS), ekstrakt juke, zeleni \u010daj, su\u0161eni neven (izvor luteina).    \n Aditivi\/1 kg: nutritivni dodaci: vitamin A (3a672a) \u2013 18000 IU, vitamin D3 (3a671) \u2013 1500 IU, vitamin E (3a700) \u2013 530 mg, folna kiselina (3a316) \u2013 1 mg, biotin (3a880) \u2013 0 ,1 mg, \u017eeljezov (II) sulfat monohidrat (3b103) \u2013 50 mg, kalcijev jodat bezvodni (3b202) \u2013 1,5 mg, bakar (II) sulfat pentahidrat (3b405) \u2013 5 mg, manganov sulfat monohidrat (3b203) \u2013 mg, cink sulfat monohidrat (3b605) \u2013 115 mg, natrijev selenit (3b801) \u2013 0,1 mg. Tehnolo\u0161ki dodaci: ekstrakt ru\u017emarina, ekstrakti tokoferola iz biljnih ulja (1b306(i)).\n* Nije dopu\u0161tena istodobna primjena s vitaminom D2.\nAnaliti\u010dki sastojci: sirovi proteini \u2013 26%, sirova vlakna \u2013 3,5%, sirove masti \u2013 15%, sirovi pepeo \u2013 9%, kalcij \u2013 1,2%, fosfor \u2013 0,9%, kalij \u2013 0,6%, natrij \u2013 0,4%, Omega-3 masne kiseline \u2013 0,68%, Omega-6 masne kiseline \u2013 2,81%.<\/li>\n<li aria-level=\"1\">Carefully designed to sustain the appropriate transparent composition of tears, saliva and keep a stainless coat.<\/li>\n<li aria-level=\"1\">The main and easily digestable source of the highest quality proteins &#8211; white fish, which is better known as hypoallergenic.<\/li>\n<li aria-level=\"1\">Formula without wheat. It can help to reduce the risk of wheat gluten allergy.<\/li>\n<li aria-level=\"1\">Natural antioxidants &#8211; vitamin E and rosemary extract can help to protect cells against the negative impact of free radicals in a completely natural way.<\/li>\n<\/ul>","protected":false},"excerpt":{"rendered":"<p>Nature\u2019s Protection Superior Care Grain Free White Dogs Junior White Fish je posebna hrana za \u0161tence i mlade pse bijele i svjetle dlake koja poma\u017ee u uklanjanju sme\u0111ih mrlja oko o\u010diju, usta i \u0161apa uzrokovanih suzama i slinom te odr\u017eava dlaku besprijekorno \u010distom.\n\nKlju\u010dne zna\u010dajke:\n\nPosebna formula za bijelu dlaku: Poma\u017ee odr\u017eati prozirnu kompoziciju suza i sline, smanjuju\u0107i stvaranje sme\u0111ih mrlja.\n\nGlavni izvor proteina \u2013 bijela riba: Hypoalergena i lako probavljiva, idealna za pse s osjetljivim probavnim sustavom.\n\nBez p\u0161enice: Formula bez p\u0161eni\u010dnog glutena smanjuje rizik od alergijskih reakcija.\n\nPrirodni antioksidansi: Vitamin E i ekstrakt ru\u017emarina \u0161tite stanice od negativnog utjecaja slobodnih radikala na prirodan na\u010din.\n\n\nPrednosti:\n\nPodr\u017eava zdravlje ko\u017ee i svijetlu dlaku.\n\nSmanjuje rizik od alergija povezanih s glutenom.\n\nOsigurava lako probavljivu prehranu s visokokvalitetnim proteinima.\n\nPodr\u017eava op\u0107e zdravlje s prirodnim antioksidansima.\n\n\nNature\u2019s Protection Superior Care Grain Free White Dogs Junior White Fish idealna je prehrana za mlade pse bijele dlake koji zahtijevaju specijaliziranu njegu i visokokvalitetne sastojke za odr\u017eavanje zdravlja i ljepote dlake.\n\n Sastav: bijela riba 42% (su\u0161ena i fino mljevena), pulpa su\u0161enog krumpira, batat, gra\u0161ak, mast peradi, bra\u0161no od krila (min. 4%), pulpa \u0161e\u0107erne repe, lososovo ulje, dinami\u010dki mikronizirani klinoptilolit (1%), laneno sjeme , fruktooligosaharidi (FOS), ekstrakt juke, zeleni \u010daj, su\u0161eni neven (izvor luteina).    \n Aditivi\/1 kg: nutritivni dodaci: vitamin A (3a672a) \u2013 18000 IU, vitamin D3 (3a671) \u2013 1500 IU, vitamin E (3a700) \u2013 530 mg, folna kiselina (3a316) \u2013 1 mg, biotin (3a880) \u2013 0 ,1 mg, \u017eeljezov (II) sulfat monohidrat (3b103) \u2013 50 mg, kalcijev jodat bezvodni (3b202) \u2013 1,5 mg, bakar (II) sulfat pentahidrat (3b405) \u2013 5 mg, manganov sulfat monohidrat (3b203) \u2013 mg, cink sulfat monohidrat (3b605) \u2013 115 mg, natrijev selenit (3b801) \u2013 0,1 mg. Tehnolo\u0161ki dodaci: ekstrakt ru\u017emarina, ekstrakti tokoferola iz biljnih ulja (1b306(i)).\n* Nije dopu\u0161tena istodobna primjena s vitaminom D2.\nAnaliti\u010dki sastojci: sirovi proteini \u2013 26%, sirova vlakna \u2013 3,5%, sirove masti \u2013 15%, sirovi pepeo \u2013 9%, kalcij \u2013 1,2%, fosfor \u2013 0,9%, kalij \u2013 0,6%, natrij \u2013 0,4%, Omega-3 masne kiseline \u2013 0,68%, Omega-6 masne kiseline \u2013 2,81%.<\/p>","protected":false},"featured_media":397,"template":"","meta":{"_monsterinsights_skip_tracking":false,"_monsterinsights_sitenote_active":false,"_monsterinsights_sitenote_note":"","_monsterinsights_sitenote_category":0,"site-sidebar-layout":"default","site-content-layout":"default","ast-site-content-layout":"default","site-content-style":"default","site-sidebar-style":"default","ast-global-header-display":"","ast-banner-title-visibility":"","ast-main-header-display":"","ast-hfb-above-header-display":"","ast-hfb-below-header-display":"","ast-hfb-mobile-header-display":"","site-post-title":"","ast-breadcrumbs-content":"","ast-featured-img":"","footer-sml-layout":"","ast-disable-related-posts":"","theme-transparent-header-meta":"default","adv-header-id-meta":"","stick-header-meta":"","header-above-stick-meta":"","header-main-stick-meta":"","header-below-stick-meta":"","astra-migrate-meta-layouts":"set","ast-page-background-enabled":"default","ast-page-background-meta":{"desktop":{"background-color":"var(--ast-global-color-4)","background-image":"","background-repeat":"repeat","background-position":"center center","background-size":"auto","background-attachment":"scroll","background-type":"","background-media":"","overlay-type":"","overlay-color":"","overlay-opacity":"","overlay-gradient":""},"tablet":{"background-color":"","background-image":"","background-repeat":"repeat","background-position":"center center","background-size":"auto","background-attachment":"scroll","background-type":"","background-media":"","overlay-type":"","overlay-color":"","overlay-opacity":"","overlay-gradient":""},"mobile":{"background-color":"","background-image":"","background-repeat":"repeat","background-position":"center center","background-size":"auto","background-attachment":"scroll","background-type":"","background-media":"","overlay-type":"","overlay-color":"","overlay-opacity":"","overlay-gradient":""}},"ast-content-background-meta":{"desktop":{"background-color":"var(--ast-global-color-5)","background-image":"","background-repeat":"repeat","background-position":"center center","background-size":"auto","background-attachment":"scroll","background-type":"","background-media":"","overlay-type":"","overlay-color":"","overlay-opacity":"","overlay-gradient":""},"tablet":{"background-color":"var(--ast-global-color-5)","background-image":"","background-repeat":"repeat","background-position":"center center","background-size":"auto","background-attachment":"scroll","background-type":"","background-media":"","overlay-type":"","overlay-color":"","overlay-opacity":"","overlay-gradient":""},"mobile":{"background-color":"var(--ast-global-color-5)","background-image":"","background-repeat":"repeat","background-position":"center center","background-size":"auto","background-attachment":"scroll","background-type":"","background-media":"","overlay-type":"","overlay-color":"","overlay-opacity":"","overlay-gradient":""}}},"product_brand":[],"product_cat":[30,32,29],"product_tag":[],"class_list":{"0":"post-393","1":"product","2":"type-product","3":"status-publish","4":"has-post-thumbnail","6":"product_cat-dry-food","7":"product_cat-junior-puppy","8":"product_cat-natures-protection","9":"desktop-align-left","10":"tablet-align-left","11":"mobile-align-left","13":"first","14":"instock","15":"shipping-taxable","16":"purchasable","17":"product-type-variable"},"yoast_head":"<!-- This site is optimized with the Yoast SEO plugin v27.4 - https:\/\/yoast.com\/product\/yoast-seo-wordpress\/ -->\n<title>Nature&#039;s Protection Superior Care Grain Free White Dogs Junior White Fish - Romlay<\/title>\n<meta name=\"robots\" content=\"index, follow, max-snippet:-1, max-image-preview:large, max-video-preview:-1\" \/>\n<link rel=\"canonical\" href=\"https:\/\/romlay.hr\/hr\/proizvod\/natures-protection-superior-care-grain-free-white-dogs-junior-white-fish\/\" \/>\n<meta property=\"og:locale\" content=\"hr_HR\" \/>\n<meta property=\"og:type\" content=\"article\" \/>\n<meta property=\"og:title\" content=\"Nature&#039;s Protection Superior Care Grain Free White Dogs Junior White Fish - Romlay\" \/>\n<meta property=\"og:description\" content=\"Unique formula for junior dogs, that can help to remove brown stains around the eyes, mouth and paws that appear due to tears and saliva.\" \/>\n<meta property=\"og:url\" content=\"https:\/\/romlay.hr\/hr\/proizvod\/natures-protection-superior-care-grain-free-white-dogs-junior-white-fish\/\" \/>\n<meta property=\"og:site_name\" content=\"Romlay\" \/>\n<meta property=\"article:modified_time\" content=\"2026-03-10T16:10:59+00:00\" \/>\n<meta property=\"og:image\" content=\"https:\/\/romlay.hr\/wp-content\/uploads\/2023\/05\/product_178_1.jpg\" \/>\n\t<meta property=\"og:image:width\" content=\"848\" \/>\n\t<meta property=\"og:image:height\" content=\"1200\" \/>\n\t<meta property=\"og:image:type\" content=\"image\/jpeg\" \/>\n<meta name=\"twitter:card\" content=\"summary_large_image\" \/>\n<meta name=\"twitter:label1\" content=\"Procijenjeno vrijeme \u010ditanja\" \/>\n\t<meta name=\"twitter:data1\" content=\"1 minuta\" \/>\n<script type=\"application\/ld+json\" class=\"yoast-schema-graph\">{\"@context\":\"https:\\\/\\\/schema.org\",\"@graph\":[{\"@type\":\"WebPage\",\"@id\":\"https:\\\/\\\/romlay.hr\\\/proizvod\\\/natures-protection-superior-care-grain-free-white-dogs-junior-white-fish\\\/\",\"url\":\"https:\\\/\\\/romlay.hr\\\/proizvod\\\/natures-protection-superior-care-grain-free-white-dogs-junior-white-fish\\\/\",\"name\":\"Nature's Protection Superior Care Grain Free White Dogs Junior White Fish - Romlay\",\"isPartOf\":{\"@id\":\"https:\\\/\\\/romlay.hr\\\/#website\"},\"primaryImageOfPage\":{\"@id\":\"https:\\\/\\\/romlay.hr\\\/proizvod\\\/natures-protection-superior-care-grain-free-white-dogs-junior-white-fish\\\/#primaryimage\"},\"image\":{\"@id\":\"https:\\\/\\\/romlay.hr\\\/proizvod\\\/natures-protection-superior-care-grain-free-white-dogs-junior-white-fish\\\/#primaryimage\"},\"thumbnailUrl\":\"https:\\\/\\\/romlay.hr\\\/wp-content\\\/uploads\\\/2023\\\/05\\\/product_178_1.jpg\",\"datePublished\":\"2023-05-23T11:59:52+00:00\",\"dateModified\":\"2026-03-10T16:10:59+00:00\",\"breadcrumb\":{\"@id\":\"https:\\\/\\\/romlay.hr\\\/proizvod\\\/natures-protection-superior-care-grain-free-white-dogs-junior-white-fish\\\/#breadcrumb\"},\"inLanguage\":\"hr\",\"potentialAction\":[{\"@type\":\"ReadAction\",\"target\":[\"https:\\\/\\\/romlay.hr\\\/proizvod\\\/natures-protection-superior-care-grain-free-white-dogs-junior-white-fish\\\/\"]}]},{\"@type\":\"ImageObject\",\"inLanguage\":\"hr\",\"@id\":\"https:\\\/\\\/romlay.hr\\\/proizvod\\\/natures-protection-superior-care-grain-free-white-dogs-junior-white-fish\\\/#primaryimage\",\"url\":\"https:\\\/\\\/romlay.hr\\\/wp-content\\\/uploads\\\/2023\\\/05\\\/product_178_1.jpg\",\"contentUrl\":\"https:\\\/\\\/romlay.hr\\\/wp-content\\\/uploads\\\/2023\\\/05\\\/product_178_1.jpg\",\"width\":848,\"height\":1200},{\"@type\":\"BreadcrumbList\",\"@id\":\"https:\\\/\\\/romlay.hr\\\/proizvod\\\/natures-protection-superior-care-grain-free-white-dogs-junior-white-fish\\\/#breadcrumb\",\"itemListElement\":[{\"@type\":\"ListItem\",\"position\":1,\"name\":\"Po\u010detna stranica\",\"item\":\"https:\\\/\\\/romlay.hr\\\/\"},{\"@type\":\"ListItem\",\"position\":2,\"name\":\"Proizvodi\",\"item\":\"https:\\\/\\\/romlay.hr\\\/shop\\\/\"},{\"@type\":\"ListItem\",\"position\":3,\"name\":\"Nature&#8217;s Protection Superior Care Grain Free White Dogs Junior White Fish\"}]},{\"@type\":\"WebSite\",\"@id\":\"https:\\\/\\\/romlay.hr\\\/#website\",\"url\":\"https:\\\/\\\/romlay.hr\\\/\",\"name\":\"Romlay\",\"description\":\"Toy dog specialist\",\"publisher\":{\"@id\":\"https:\\\/\\\/romlay.hr\\\/#organization\"},\"potentialAction\":[{\"@type\":\"SearchAction\",\"target\":{\"@type\":\"EntryPoint\",\"urlTemplate\":\"https:\\\/\\\/romlay.hr\\\/?s={search_term_string}\"},\"query-input\":{\"@type\":\"PropertyValueSpecification\",\"valueRequired\":true,\"valueName\":\"search_term_string\"}}],\"inLanguage\":\"hr\"},{\"@type\":\"Organization\",\"@id\":\"https:\\\/\\\/romlay.hr\\\/#organization\",\"name\":\"Romlay\",\"url\":\"https:\\\/\\\/romlay.hr\\\/\",\"logo\":{\"@type\":\"ImageObject\",\"inLanguage\":\"hr\",\"@id\":\"https:\\\/\\\/romlay.hr\\\/#\\\/schema\\\/logo\\\/image\\\/\",\"url\":\"https:\\\/\\\/romlay.hr\\\/wp-content\\\/uploads\\\/2023\\\/04\\\/cropped-Romlay-1.png\",\"contentUrl\":\"https:\\\/\\\/romlay.hr\\\/wp-content\\\/uploads\\\/2023\\\/04\\\/cropped-Romlay-1.png\",\"width\":978,\"height\":1645,\"caption\":\"Romlay\"},\"image\":{\"@id\":\"https:\\\/\\\/romlay.hr\\\/#\\\/schema\\\/logo\\\/image\\\/\"}}]}<\/script>\n<!-- \/ Yoast SEO plugin. -->","yoast_head_json":{"title":"Nature's Protection Superior Care Grain Free White Dogs Junior White Fish - Romlay","robots":{"index":"index","follow":"follow","max-snippet":"max-snippet:-1","max-image-preview":"max-image-preview:large","max-video-preview":"max-video-preview:-1"},"canonical":"https:\/\/romlay.hr\/hr\/proizvod\/natures-protection-superior-care-grain-free-white-dogs-junior-white-fish\/","og_locale":"hr_HR","og_type":"article","og_title":"Nature's Protection Superior Care Grain Free White Dogs Junior White Fish - Romlay","og_description":"Unique formula for junior dogs, that can help to remove brown stains around the eyes, mouth and paws that appear due to tears and saliva.","og_url":"https:\/\/romlay.hr\/hr\/proizvod\/natures-protection-superior-care-grain-free-white-dogs-junior-white-fish\/","og_site_name":"Romlay","article_modified_time":"2026-03-10T16:10:59+00:00","og_image":[{"width":848,"height":1200,"url":"https:\/\/romlay.hr\/wp-content\/uploads\/2023\/05\/product_178_1.jpg","type":"image\/jpeg"}],"twitter_card":"summary_large_image","twitter_misc":{"Procijenjeno vrijeme \u010ditanja":"1 minuta"},"schema":{"@context":"https:\/\/schema.org","@graph":[{"@type":"WebPage","@id":"https:\/\/romlay.hr\/proizvod\/natures-protection-superior-care-grain-free-white-dogs-junior-white-fish\/","url":"https:\/\/romlay.hr\/proizvod\/natures-protection-superior-care-grain-free-white-dogs-junior-white-fish\/","name":"Nature's Protection Superior Care Grain Free White Dogs Junior White Fish - Romlay","isPartOf":{"@id":"https:\/\/romlay.hr\/#website"},"primaryImageOfPage":{"@id":"https:\/\/romlay.hr\/proizvod\/natures-protection-superior-care-grain-free-white-dogs-junior-white-fish\/#primaryimage"},"image":{"@id":"https:\/\/romlay.hr\/proizvod\/natures-protection-superior-care-grain-free-white-dogs-junior-white-fish\/#primaryimage"},"thumbnailUrl":"https:\/\/romlay.hr\/wp-content\/uploads\/2023\/05\/product_178_1.jpg","datePublished":"2023-05-23T11:59:52+00:00","dateModified":"2026-03-10T16:10:59+00:00","breadcrumb":{"@id":"https:\/\/romlay.hr\/proizvod\/natures-protection-superior-care-grain-free-white-dogs-junior-white-fish\/#breadcrumb"},"inLanguage":"hr","potentialAction":[{"@type":"ReadAction","target":["https:\/\/romlay.hr\/proizvod\/natures-protection-superior-care-grain-free-white-dogs-junior-white-fish\/"]}]},{"@type":"ImageObject","inLanguage":"hr","@id":"https:\/\/romlay.hr\/proizvod\/natures-protection-superior-care-grain-free-white-dogs-junior-white-fish\/#primaryimage","url":"https:\/\/romlay.hr\/wp-content\/uploads\/2023\/05\/product_178_1.jpg","contentUrl":"https:\/\/romlay.hr\/wp-content\/uploads\/2023\/05\/product_178_1.jpg","width":848,"height":1200},{"@type":"BreadcrumbList","@id":"https:\/\/romlay.hr\/proizvod\/natures-protection-superior-care-grain-free-white-dogs-junior-white-fish\/#breadcrumb","itemListElement":[{"@type":"ListItem","position":1,"name":"Po\u010detna stranica","item":"https:\/\/romlay.hr\/"},{"@type":"ListItem","position":2,"name":"Proizvodi","item":"https:\/\/romlay.hr\/shop\/"},{"@type":"ListItem","position":3,"name":"Nature&#8217;s Protection Superior Care Grain Free White Dogs Junior White Fish"}]},{"@type":"WebSite","@id":"https:\/\/romlay.hr\/#website","url":"https:\/\/romlay.hr\/","name":"Romlay","description":"Toy dog specialist","publisher":{"@id":"https:\/\/romlay.hr\/#organization"},"potentialAction":[{"@type":"SearchAction","target":{"@type":"EntryPoint","urlTemplate":"https:\/\/romlay.hr\/?s={search_term_string}"},"query-input":{"@type":"PropertyValueSpecification","valueRequired":true,"valueName":"search_term_string"}}],"inLanguage":"hr"},{"@type":"Organization","@id":"https:\/\/romlay.hr\/#organization","name":"Romlay","url":"https:\/\/romlay.hr\/","logo":{"@type":"ImageObject","inLanguage":"hr","@id":"https:\/\/romlay.hr\/#\/schema\/logo\/image\/","url":"https:\/\/romlay.hr\/wp-content\/uploads\/2023\/04\/cropped-Romlay-1.png","contentUrl":"https:\/\/romlay.hr\/wp-content\/uploads\/2023\/04\/cropped-Romlay-1.png","width":978,"height":1645,"caption":"Romlay"},"image":{"@id":"https:\/\/romlay.hr\/#\/schema\/logo\/image\/"}}]}},"_links":{"self":[{"href":"https:\/\/romlay.hr\/hr\/wp-json\/wp\/v2\/product\/393","targetHints":{"allow":["GET"]}}],"collection":[{"href":"https:\/\/romlay.hr\/hr\/wp-json\/wp\/v2\/product"}],"about":[{"href":"https:\/\/romlay.hr\/hr\/wp-json\/wp\/v2\/types\/product"}],"wp:featuredmedia":[{"embeddable":true,"href":"https:\/\/romlay.hr\/hr\/wp-json\/wp\/v2\/media\/397"}],"wp:attachment":[{"href":"https:\/\/romlay.hr\/hr\/wp-json\/wp\/v2\/media?parent=393"}],"wp:term":[{"taxonomy":"product_brand","embeddable":true,"href":"https:\/\/romlay.hr\/hr\/wp-json\/wp\/v2\/product_brand?post=393"},{"taxonomy":"product_cat","embeddable":true,"href":"https:\/\/romlay.hr\/hr\/wp-json\/wp\/v2\/product_cat?post=393"},{"taxonomy":"product_tag","embeddable":true,"href":"https:\/\/romlay.hr\/hr\/wp-json\/wp\/v2\/product_tag?post=393"}],"curies":[{"name":"wp","href":"https:\/\/api.w.org\/{rel}","templated":true}]}}