{"id":386,"date":"2023-05-23T11:54:39","date_gmt":"2023-05-23T11:54:39","guid":{"rendered":"https:\/\/romlay.hr\/?post_type=product&#038;p=386"},"modified":"2026-03-16T16:03:16","modified_gmt":"2026-03-16T16:03:16","slug":"natures-protection-superior-care-red-coat-adult-salmon","status":"publish","type":"product","link":"https:\/\/romlay.hr\/hr\/proizvod\/natures-protection-superior-care-red-coat-adult-salmon\/","title":{"rendered":"Nature&#8217;s Protection Superior Care Red Coat Adult Salmon"},"content":{"rendered":"<ul>\n<li>Nature&#8217;s Protection Red Coat Grain Free with Salmon for Adult Small is a Super Premium complete and balanced dry dog food with the highest quality protein source and raw materials.<\/li>\n<li>Nature\u2019s Protection Superior Care Red Coat Adult Salmon je super premium potpuna i uravnote\u017eena suha hrana za male pasmine pasa s naran\u010dastom, crvenom ili sme\u0111om dlakom. Formulirana s visokokvalitetnim lososom, ova hrana podr\u017eava prirodnu pigmentaciju dlake i op\u0107e zdravlje va\u0161eg ljubimca.\n\nKlju\u010dne zna\u010dajke:\n\nRCE (Red Coat Enhancer): Posebno formuliran kompleks aminokiselina koji \u0161titi i pobolj\u0161ava prirodnu pigmentaciju crvene i sme\u0111e dlake, uz odr\u017eavanje prozirnog sastava suza i sline.\n\nLosos kao glavni izvor proteina: Visokokvalitetan, lako probavljiv izvor proteina bogat Omega-3 masnim kiselinama za zdravlje ko\u017ee i sjaj dlake.\n\nBez \u017eitarica: Prikladno za pse s osjetljivim probavnim sustavom i sklono\u0161\u0107u alergijama.\n\nOptimalna probavljivost i palatabilnost: Osigurava lako probavljivu prehranu i u\u017eivanje u svakom obroku.\n\n\nPrednosti:\n\nPodr\u017eava zdravlje ko\u017ee i intenzitet prirodne pigmentacije dlake.\n\nOdr\u017eava \u010disto\u0107u dlake sprje\u010davanjem mrlja od suza i sline.\n\nPrikladno za pse s osjetljivim probavnim sustavom.\n\nPru\u017ea potpunu i uravnote\u017eenu prehranu s esencijalnim hranjivim tvarima.\n\n\nNature\u2019s Protection Superior Care Red Coat Adult Salmon savr\u0161en je izbor za vlasnike pasa s crvenom i sme\u0111om dlakom koji \u017eele osigurati zdravu, sjajnu i besprijekorno pigmentiranu dlaku uz optimalnu njegu i prehranu.\n\nSastav: losos 44% (su\u0161eno i fino mljeveno), osu\u0161ena pulpa krumpira, slatki krumpir, gra\u0161ak, mast peradi, bra\u0161no od \u0161kampa(4%),  pulpa \u0161e\u0107erne repe, lososovo ulje, laneno sjeme, monokalcijev fosfat,  dinami\u010dki mikronizirani klinoptilolit (1%), fruktooligosaharidi (FOS), ekstrakt juke, su\u0161ene brusnicej, su\u0161eni neven.\nAditivi\/1 kg: nutritional additives: vitamin A (3a672a) \u2013 18000 IU, vitamin D3 (3a671) \u2013 1500 IU, vitamin E (3a700) \u2013 530 mg, folna kiselina (3a316) \u2013 1 mg, biotin (3a880) \u2013 1 mg, \u017eeljezov (II) sulfat monohdrat (3b103) \u2013 50 mg, kalcijev jodat bezvodni (3b202) \u2013 1,5 mg, bakrov (II) sulfat pentahidrat (3b405) \u2013 5 mg, manganov sulfat monohidrat (3b503) \u2013 20 mg, zinc sulphatecink sulfat monohdrat (3b605) \u2013 115 mg, natrijev selenit (3b801) \u2013 0,1 mg, L-tirosin (3c401) \u2013 500 mg, L-cistin (3c391) \u2013 1 g, L-triptofan (3c440) \u2013 500 mg. Tehnolo\u0161ki dodaci: ekstrakt ru\u017emarina, ekstrakti tokoferola iz biljnih ulja (1b306(i)).\nAnaliti\u010dki sastojci: sirovi proteini \u2013 27%, sirova vlakna \u2013 3%, sirove masti \u2013 17%, sirovi pepeo \u2013 8,5%, kalcij \u2013 1,5%, fosfor \u2013 1,2%, kalij  0.6%, natrij 0,35%, Omega-3 masne kiseline \u2013 0,82%, Omega-6 masne kiseline \u2013 2,48%. Nije dopu\u0161tena istodobna primjena s vitaminom D2.<\/li>\n<li>It is enriched with ingredients that provide the perfect performance for the pet&#8217;s well-being. A complete composition will not only provide your pet with efficient nutrients but will also ensure perfect digestibility and palatability.<\/li>\n<\/ul>","protected":false},"excerpt":{"rendered":"<ul>\n<li>Nature&#8217;s Protection Red Coat Grain Free with Salmon for Adult Small is a Super Premium complete and balanced dry dog food with the highest quality protein source and raw materials.<\/li>\n<li>Nature\u2019s Protection Superior Care Red Coat Adult Salmon je super premium potpuna i uravnote\u017eena suha hrana za male pasmine pasa s naran\u010dastom, crvenom ili sme\u0111om dlakom. Formulirana s visokokvalitetnim lososom, ova hrana podr\u017eava prirodnu pigmentaciju dlake i op\u0107e zdravlje va\u0161eg ljubimca.\n\nKlju\u010dne zna\u010dajke:\n\nRCE (Red Coat Enhancer): Posebno formuliran kompleks aminokiselina koji \u0161titi i pobolj\u0161ava prirodnu pigmentaciju crvene i sme\u0111e dlake, uz odr\u017eavanje prozirnog sastava suza i sline.\n\nLosos kao glavni izvor proteina: Visokokvalitetan, lako probavljiv izvor proteina bogat Omega-3 masnim kiselinama za zdravlje ko\u017ee i sjaj dlake.\n\nBez \u017eitarica: Prikladno za pse s osjetljivim probavnim sustavom i sklono\u0161\u0107u alergijama.\n\nOptimalna probavljivost i palatabilnost: Osigurava lako probavljivu prehranu i u\u017eivanje u svakom obroku.\n\n\nPrednosti:\n\nPodr\u017eava zdravlje ko\u017ee i intenzitet prirodne pigmentacije dlake.\n\nOdr\u017eava \u010disto\u0107u dlake sprje\u010davanjem mrlja od suza i sline.\n\nPrikladno za pse s osjetljivim probavnim sustavom.\n\nPru\u017ea potpunu i uravnote\u017eenu prehranu s esencijalnim hranjivim tvarima.\n\n\nNature\u2019s Protection Superior Care Red Coat Adult Salmon savr\u0161en je izbor za vlasnike pasa s crvenom i sme\u0111om dlakom koji \u017eele osigurati zdravu, sjajnu i besprijekorno pigmentiranu dlaku uz optimalnu njegu i prehranu.\n\nSastav: losos 44% (su\u0161eno i fino mljeveno), osu\u0161ena pulpa krumpira, slatki krumpir, gra\u0161ak, mast peradi, bra\u0161no od \u0161kampa(4%),  pulpa \u0161e\u0107erne repe, lososovo ulje, laneno sjeme, monokalcijev fosfat,  dinami\u010dki mikronizirani klinoptilolit (1%), fruktooligosaharidi (FOS), ekstrakt juke, su\u0161ene brusnicej, su\u0161eni neven.\nAditivi\/1 kg: nutritional additives: vitamin A (3a672a) \u2013 18000 IU, vitamin D3 (3a671) \u2013 1500 IU, vitamin E (3a700) \u2013 530 mg, folna kiselina (3a316) \u2013 1 mg, biotin (3a880) \u2013 1 mg, \u017eeljezov (II) sulfat monohdrat (3b103) \u2013 50 mg, kalcijev jodat bezvodni (3b202) \u2013 1,5 mg, bakrov (II) sulfat pentahidrat (3b405) \u2013 5 mg, manganov sulfat monohidrat (3b503) \u2013 20 mg, zinc sulphatecink sulfat monohdrat (3b605) \u2013 115 mg, natrijev selenit (3b801) \u2013 0,1 mg, L-tirosin (3c401) \u2013 500 mg, L-cistin (3c391) \u2013 1 g, L-triptofan (3c440) \u2013 500 mg. Tehnolo\u0161ki dodaci: ekstrakt ru\u017emarina, ekstrakti tokoferola iz biljnih ulja (1b306(i)).\nAnaliti\u010dki sastojci: sirovi proteini \u2013 27%, sirova vlakna \u2013 3%, sirove masti \u2013 17%, sirovi pepeo \u2013 8,5%, kalcij \u2013 1,5%, fosfor \u2013 1,2%, kalij  0.6%, natrij 0,35%, Omega-3 masne kiseline \u2013 0,82%, Omega-6 masne kiseline \u2013 2,48%. Nije dopu\u0161tena istodobna primjena s vitaminom D2.<\/li>\n<li>It is enriched with ingredients that provide the perfect performance for the pet&#8217;s well-being. A complete composition will not only provide your pet with efficient nutrients but will also ensure perfect digestibility and palatability.<\/li>\n<\/ul>","protected":false},"featured_media":1212,"template":"","meta":{"_monsterinsights_skip_tracking":false,"_monsterinsights_sitenote_active":false,"_monsterinsights_sitenote_note":"","_monsterinsights_sitenote_category":0,"site-sidebar-layout":"default","site-content-layout":"default","ast-site-content-layout":"default","site-content-style":"default","site-sidebar-style":"default","ast-global-header-display":"","ast-banner-title-visibility":"","ast-main-header-display":"","ast-hfb-above-header-display":"","ast-hfb-below-header-display":"","ast-hfb-mobile-header-display":"","site-post-title":"","ast-breadcrumbs-content":"","ast-featured-img":"","footer-sml-layout":"","ast-disable-related-posts":"","theme-transparent-header-meta":"default","adv-header-id-meta":"","stick-header-meta":"","header-above-stick-meta":"","header-main-stick-meta":"","header-below-stick-meta":"","astra-migrate-meta-layouts":"set","ast-page-background-enabled":"default","ast-page-background-meta":{"desktop":{"background-color":"var(--ast-global-color-4)","background-image":"","background-repeat":"repeat","background-position":"center center","background-size":"auto","background-attachment":"scroll","background-type":"","background-media":"","overlay-type":"","overlay-color":"","overlay-opacity":"","overlay-gradient":""},"tablet":{"background-color":"","background-image":"","background-repeat":"repeat","background-position":"center center","background-size":"auto","background-attachment":"scroll","background-type":"","background-media":"","overlay-type":"","overlay-color":"","overlay-opacity":"","overlay-gradient":""},"mobile":{"background-color":"","background-image":"","background-repeat":"repeat","background-position":"center center","background-size":"auto","background-attachment":"scroll","background-type":"","background-media":"","overlay-type":"","overlay-color":"","overlay-opacity":"","overlay-gradient":""}},"ast-content-background-meta":{"desktop":{"background-color":"var(--ast-global-color-5)","background-image":"","background-repeat":"repeat","background-position":"center center","background-size":"auto","background-attachment":"scroll","background-type":"","background-media":"","overlay-type":"","overlay-color":"","overlay-opacity":"","overlay-gradient":""},"tablet":{"background-color":"var(--ast-global-color-5)","background-image":"","background-repeat":"repeat","background-position":"center center","background-size":"auto","background-attachment":"scroll","background-type":"","background-media":"","overlay-type":"","overlay-color":"","overlay-opacity":"","overlay-gradient":""},"mobile":{"background-color":"var(--ast-global-color-5)","background-image":"","background-repeat":"repeat","background-position":"center center","background-size":"auto","background-attachment":"scroll","background-type":"","background-media":"","overlay-type":"","overlay-color":"","overlay-opacity":"","overlay-gradient":""}}},"product_brand":[],"product_cat":[35,30,29],"product_tag":[],"class_list":{"0":"post-386","1":"product","2":"type-product","3":"status-publish","4":"has-post-thumbnail","6":"product_cat-adult-dry-food","7":"product_cat-dry-food","8":"product_cat-natures-protection","9":"desktop-align-left","10":"tablet-align-left","11":"mobile-align-left","13":"first","14":"outofstock","15":"shipping-taxable","16":"purchasable","17":"product-type-variable","18":"has-default-attributes"},"yoast_head":"<!-- This site is optimized with the Yoast SEO plugin v27.4 - https:\/\/yoast.com\/product\/yoast-seo-wordpress\/ -->\n<title>Nature&#039;s Protection Superior Care Red Coat Adult Salmon - Romlay<\/title>\n<meta name=\"robots\" content=\"index, follow, max-snippet:-1, max-image-preview:large, max-video-preview:-1\" \/>\n<link rel=\"canonical\" href=\"https:\/\/romlay.hr\/hr\/proizvod\/natures-protection-superior-care-red-coat-adult-salmon\/\" \/>\n<meta property=\"og:locale\" content=\"hr_HR\" \/>\n<meta property=\"og:type\" content=\"article\" \/>\n<meta property=\"og:title\" content=\"Nature&#039;s Protection Superior Care Red Coat Adult Salmon - Romlay\" \/>\n<meta property=\"og:description\" content=\"Nature&#039;s Protection Red Coat Grain Free with Salmon for Adult Small is a Super Premium complete and balanced dry dog food with the highest quality protein source and raw materials.  This complete dry food contains RCE &#039;(Red Coat Enhancer) \u2013 a carefully selected amino acid complex and fully balanced ingredients in the composition that helps protect and enhance the natural pigmentation of the brown and red coats and maintain the clear tiers and saliva composition.  It is enriched with ingredients that provide the perfect performance for the pet&#039;s well-being. A complete composition will not only provide your pet with efficient nutrients but will also ensure perfect digestibility and palatability.\" \/>\n<meta property=\"og:url\" content=\"https:\/\/romlay.hr\/hr\/proizvod\/natures-protection-superior-care-red-coat-adult-salmon\/\" \/>\n<meta property=\"og:site_name\" content=\"Romlay\" \/>\n<meta property=\"article:modified_time\" content=\"2026-03-16T16:03:16+00:00\" \/>\n<meta property=\"og:image\" content=\"https:\/\/romlay.hr\/wp-content\/uploads\/2023\/05\/Natures-Protection-Superior-Care-Red-Coat-Adult-Salmon.webp\" \/>\n\t<meta property=\"og:image:width\" content=\"680\" \/>\n\t<meta property=\"og:image:height\" content=\"680\" \/>\n\t<meta property=\"og:image:type\" content=\"image\/webp\" \/>\n<meta name=\"twitter:card\" content=\"summary_large_image\" \/>\n<meta name=\"twitter:label1\" content=\"Procijenjeno vrijeme \u010ditanja\" \/>\n\t<meta name=\"twitter:data1\" content=\"1 minuta\" \/>\n<script type=\"application\/ld+json\" class=\"yoast-schema-graph\">{\"@context\":\"https:\\\/\\\/schema.org\",\"@graph\":[{\"@type\":\"WebPage\",\"@id\":\"https:\\\/\\\/romlay.hr\\\/proizvod\\\/natures-protection-superior-care-red-coat-adult-salmon\\\/\",\"url\":\"https:\\\/\\\/romlay.hr\\\/proizvod\\\/natures-protection-superior-care-red-coat-adult-salmon\\\/\",\"name\":\"Nature's Protection Superior Care Red Coat Adult Salmon - Romlay\",\"isPartOf\":{\"@id\":\"https:\\\/\\\/romlay.hr\\\/#website\"},\"primaryImageOfPage\":{\"@id\":\"https:\\\/\\\/romlay.hr\\\/proizvod\\\/natures-protection-superior-care-red-coat-adult-salmon\\\/#primaryimage\"},\"image\":{\"@id\":\"https:\\\/\\\/romlay.hr\\\/proizvod\\\/natures-protection-superior-care-red-coat-adult-salmon\\\/#primaryimage\"},\"thumbnailUrl\":\"https:\\\/\\\/romlay.hr\\\/wp-content\\\/uploads\\\/2023\\\/05\\\/Natures-Protection-Superior-Care-Red-Coat-Adult-Salmon.webp\",\"datePublished\":\"2023-05-23T11:54:39+00:00\",\"dateModified\":\"2026-03-16T16:03:16+00:00\",\"breadcrumb\":{\"@id\":\"https:\\\/\\\/romlay.hr\\\/proizvod\\\/natures-protection-superior-care-red-coat-adult-salmon\\\/#breadcrumb\"},\"inLanguage\":\"hr\",\"potentialAction\":[{\"@type\":\"ReadAction\",\"target\":[\"https:\\\/\\\/romlay.hr\\\/proizvod\\\/natures-protection-superior-care-red-coat-adult-salmon\\\/\"]}]},{\"@type\":\"ImageObject\",\"inLanguage\":\"hr\",\"@id\":\"https:\\\/\\\/romlay.hr\\\/proizvod\\\/natures-protection-superior-care-red-coat-adult-salmon\\\/#primaryimage\",\"url\":\"https:\\\/\\\/romlay.hr\\\/wp-content\\\/uploads\\\/2023\\\/05\\\/Natures-Protection-Superior-Care-Red-Coat-Adult-Salmon.webp\",\"contentUrl\":\"https:\\\/\\\/romlay.hr\\\/wp-content\\\/uploads\\\/2023\\\/05\\\/Natures-Protection-Superior-Care-Red-Coat-Adult-Salmon.webp\",\"width\":680,\"height\":680,\"caption\":\"Nature's Protection Superior Care Red Coat Adult Salmon\"},{\"@type\":\"BreadcrumbList\",\"@id\":\"https:\\\/\\\/romlay.hr\\\/proizvod\\\/natures-protection-superior-care-red-coat-adult-salmon\\\/#breadcrumb\",\"itemListElement\":[{\"@type\":\"ListItem\",\"position\":1,\"name\":\"Po\u010detna stranica\",\"item\":\"https:\\\/\\\/romlay.hr\\\/\"},{\"@type\":\"ListItem\",\"position\":2,\"name\":\"Proizvodi\",\"item\":\"https:\\\/\\\/romlay.hr\\\/shop\\\/\"},{\"@type\":\"ListItem\",\"position\":3,\"name\":\"Nature&#8217;s Protection Superior Care Red Coat Adult Salmon\"}]},{\"@type\":\"WebSite\",\"@id\":\"https:\\\/\\\/romlay.hr\\\/#website\",\"url\":\"https:\\\/\\\/romlay.hr\\\/\",\"name\":\"Romlay\",\"description\":\"Toy dog specialist\",\"publisher\":{\"@id\":\"https:\\\/\\\/romlay.hr\\\/#organization\"},\"potentialAction\":[{\"@type\":\"SearchAction\",\"target\":{\"@type\":\"EntryPoint\",\"urlTemplate\":\"https:\\\/\\\/romlay.hr\\\/?s={search_term_string}\"},\"query-input\":{\"@type\":\"PropertyValueSpecification\",\"valueRequired\":true,\"valueName\":\"search_term_string\"}}],\"inLanguage\":\"hr\"},{\"@type\":\"Organization\",\"@id\":\"https:\\\/\\\/romlay.hr\\\/#organization\",\"name\":\"Romlay\",\"url\":\"https:\\\/\\\/romlay.hr\\\/\",\"logo\":{\"@type\":\"ImageObject\",\"inLanguage\":\"hr\",\"@id\":\"https:\\\/\\\/romlay.hr\\\/#\\\/schema\\\/logo\\\/image\\\/\",\"url\":\"https:\\\/\\\/romlay.hr\\\/wp-content\\\/uploads\\\/2023\\\/04\\\/cropped-Romlay-1.png\",\"contentUrl\":\"https:\\\/\\\/romlay.hr\\\/wp-content\\\/uploads\\\/2023\\\/04\\\/cropped-Romlay-1.png\",\"width\":978,\"height\":1645,\"caption\":\"Romlay\"},\"image\":{\"@id\":\"https:\\\/\\\/romlay.hr\\\/#\\\/schema\\\/logo\\\/image\\\/\"}}]}<\/script>\n<!-- \/ Yoast SEO plugin. -->","yoast_head_json":{"title":"Nature's Protection Superior Care Red Coat Adult Salmon - Romlay","robots":{"index":"index","follow":"follow","max-snippet":"max-snippet:-1","max-image-preview":"max-image-preview:large","max-video-preview":"max-video-preview:-1"},"canonical":"https:\/\/romlay.hr\/hr\/proizvod\/natures-protection-superior-care-red-coat-adult-salmon\/","og_locale":"hr_HR","og_type":"article","og_title":"Nature's Protection Superior Care Red Coat Adult Salmon - Romlay","og_description":"Nature's Protection Red Coat Grain Free with Salmon for Adult Small is a Super Premium complete and balanced dry dog food with the highest quality protein source and raw materials.  This complete dry food contains RCE '(Red Coat Enhancer) \u2013 a carefully selected amino acid complex and fully balanced ingredients in the composition that helps protect and enhance the natural pigmentation of the brown and red coats and maintain the clear tiers and saliva composition.  It is enriched with ingredients that provide the perfect performance for the pet's well-being. A complete composition will not only provide your pet with efficient nutrients but will also ensure perfect digestibility and palatability.","og_url":"https:\/\/romlay.hr\/hr\/proizvod\/natures-protection-superior-care-red-coat-adult-salmon\/","og_site_name":"Romlay","article_modified_time":"2026-03-16T16:03:16+00:00","og_image":[{"width":680,"height":680,"url":"https:\/\/romlay.hr\/wp-content\/uploads\/2023\/05\/Natures-Protection-Superior-Care-Red-Coat-Adult-Salmon.webp","type":"image\/webp"}],"twitter_card":"summary_large_image","twitter_misc":{"Procijenjeno vrijeme \u010ditanja":"1 minuta"},"schema":{"@context":"https:\/\/schema.org","@graph":[{"@type":"WebPage","@id":"https:\/\/romlay.hr\/proizvod\/natures-protection-superior-care-red-coat-adult-salmon\/","url":"https:\/\/romlay.hr\/proizvod\/natures-protection-superior-care-red-coat-adult-salmon\/","name":"Nature's Protection Superior Care Red Coat Adult Salmon - Romlay","isPartOf":{"@id":"https:\/\/romlay.hr\/#website"},"primaryImageOfPage":{"@id":"https:\/\/romlay.hr\/proizvod\/natures-protection-superior-care-red-coat-adult-salmon\/#primaryimage"},"image":{"@id":"https:\/\/romlay.hr\/proizvod\/natures-protection-superior-care-red-coat-adult-salmon\/#primaryimage"},"thumbnailUrl":"https:\/\/romlay.hr\/wp-content\/uploads\/2023\/05\/Natures-Protection-Superior-Care-Red-Coat-Adult-Salmon.webp","datePublished":"2023-05-23T11:54:39+00:00","dateModified":"2026-03-16T16:03:16+00:00","breadcrumb":{"@id":"https:\/\/romlay.hr\/proizvod\/natures-protection-superior-care-red-coat-adult-salmon\/#breadcrumb"},"inLanguage":"hr","potentialAction":[{"@type":"ReadAction","target":["https:\/\/romlay.hr\/proizvod\/natures-protection-superior-care-red-coat-adult-salmon\/"]}]},{"@type":"ImageObject","inLanguage":"hr","@id":"https:\/\/romlay.hr\/proizvod\/natures-protection-superior-care-red-coat-adult-salmon\/#primaryimage","url":"https:\/\/romlay.hr\/wp-content\/uploads\/2023\/05\/Natures-Protection-Superior-Care-Red-Coat-Adult-Salmon.webp","contentUrl":"https:\/\/romlay.hr\/wp-content\/uploads\/2023\/05\/Natures-Protection-Superior-Care-Red-Coat-Adult-Salmon.webp","width":680,"height":680,"caption":"Nature's Protection Superior Care Red Coat Adult Salmon"},{"@type":"BreadcrumbList","@id":"https:\/\/romlay.hr\/proizvod\/natures-protection-superior-care-red-coat-adult-salmon\/#breadcrumb","itemListElement":[{"@type":"ListItem","position":1,"name":"Po\u010detna stranica","item":"https:\/\/romlay.hr\/"},{"@type":"ListItem","position":2,"name":"Proizvodi","item":"https:\/\/romlay.hr\/shop\/"},{"@type":"ListItem","position":3,"name":"Nature&#8217;s Protection Superior Care Red Coat Adult Salmon"}]},{"@type":"WebSite","@id":"https:\/\/romlay.hr\/#website","url":"https:\/\/romlay.hr\/","name":"Romlay","description":"Toy dog specialist","publisher":{"@id":"https:\/\/romlay.hr\/#organization"},"potentialAction":[{"@type":"SearchAction","target":{"@type":"EntryPoint","urlTemplate":"https:\/\/romlay.hr\/?s={search_term_string}"},"query-input":{"@type":"PropertyValueSpecification","valueRequired":true,"valueName":"search_term_string"}}],"inLanguage":"hr"},{"@type":"Organization","@id":"https:\/\/romlay.hr\/#organization","name":"Romlay","url":"https:\/\/romlay.hr\/","logo":{"@type":"ImageObject","inLanguage":"hr","@id":"https:\/\/romlay.hr\/#\/schema\/logo\/image\/","url":"https:\/\/romlay.hr\/wp-content\/uploads\/2023\/04\/cropped-Romlay-1.png","contentUrl":"https:\/\/romlay.hr\/wp-content\/uploads\/2023\/04\/cropped-Romlay-1.png","width":978,"height":1645,"caption":"Romlay"},"image":{"@id":"https:\/\/romlay.hr\/#\/schema\/logo\/image\/"}}]}},"_links":{"self":[{"href":"https:\/\/romlay.hr\/hr\/wp-json\/wp\/v2\/product\/386","targetHints":{"allow":["GET"]}}],"collection":[{"href":"https:\/\/romlay.hr\/hr\/wp-json\/wp\/v2\/product"}],"about":[{"href":"https:\/\/romlay.hr\/hr\/wp-json\/wp\/v2\/types\/product"}],"wp:featuredmedia":[{"embeddable":true,"href":"https:\/\/romlay.hr\/hr\/wp-json\/wp\/v2\/media\/1212"}],"wp:attachment":[{"href":"https:\/\/romlay.hr\/hr\/wp-json\/wp\/v2\/media?parent=386"}],"wp:term":[{"taxonomy":"product_brand","embeddable":true,"href":"https:\/\/romlay.hr\/hr\/wp-json\/wp\/v2\/product_brand?post=386"},{"taxonomy":"product_cat","embeddable":true,"href":"https:\/\/romlay.hr\/hr\/wp-json\/wp\/v2\/product_cat?post=386"},{"taxonomy":"product_tag","embeddable":true,"href":"https:\/\/romlay.hr\/hr\/wp-json\/wp\/v2\/product_tag?post=386"}],"curies":[{"name":"wp","href":"https:\/\/api.w.org\/{rel}","templated":true}]}}