{"id":378,"date":"2023-05-23T11:50:53","date_gmt":"2023-05-23T11:50:53","guid":{"rendered":"https:\/\/romlay.hr\/?post_type=product&#038;p=378"},"modified":"2025-11-26T15:17:31","modified_gmt":"2025-11-26T15:17:31","slug":"natures-protection-superior-care-black-coat-adult-poultry","status":"publish","type":"product","link":"https:\/\/romlay.hr\/hr\/proizvod\/natures-protection-superior-care-black-coat-adult-poultry\/","title":{"rendered":"Nature&#8217;s Protection Superior Care Dark Coat Adult Poultry"},"content":{"rendered":"<ul>\n<li aria-level=\"1\">Nature\u2019s Protection Superior Care Dark Coat Adult Poultry posebno je formulirana hrana za odrasle pse s tamnom dlakom, poma\u017eu\u0107i u za\u0161titi i nagla\u0161avanju intenziteta boje dlake.\nPunopravna, psima posebno omiljena hrana, stvorena od pa\u017eljivo odabranih vrhunskih proizvoda. Ova hrana jedinstvenog sastava posebno je prilago\u0111ena za pse tamnog krzna svih pasmina. Bogata je \u017eivotinjskim proteinima iz peradi i lososa.\n\n\nKlju\u010dne zna\u010dajke:\n\nZa\u0161tita crne i tamne dlake: Uravnote\u017eena koli\u010dina aminokiselina podr\u017eava i poja\u010dava crnu boju dlake.\n\nBez p\u0161enice: Formula bez p\u0161eni\u010dnog glutena smanjuje rizik od alergijskih reakcija.\n\nOmega-3 i Omega-6 masne kiseline: Podr\u017eavaju zdravlje ko\u017ee i osiguravaju sjajnu i zdravu dlaku.\n\nPrirodni antioksidansi: Vitamin E i ekstrakt ru\u017emarina \u0161tite stanice od \u0161tetnog djelovanja slobodnih radikala na prirodan na\u010din.\n\nOboga\u0107eno MicroZeoGen-om: Prirodni mineral sedimentnog porijekla (dinami\u010dki mikronizirani klinoptilolit) koji podr\u017eava zdravlje probavnog sustava i detoksikaciju organizma.\n\n\nZa zdrava crijeva\n\nPrirodni mineral, dinami\u010dki mikroniziran s klinoptilolitom, koji aktivno poti\u010de crijevnu mikrofloru i unos hranjivih tvari. Zbog svoje posebne mikrostrukture mo\u017ee pomo\u0107i u uklanjanju toksina iz tijela i ja\u010danju imunolo\u0161kog sustava.\n\n\nPrednosti:\n\nPoma\u017ee u odr\u017eavanju intenziteta i sjaja crne dlake.\n\nPodr\u017eava zdravlje ko\u017ee i dlake zahvaljuju\u0107i esencijalnim masnim kiselinama.\n\nSmanjuje rizik od alergija povezanih s glutenom.\n\nPrirodna za\u0161tita od slobodnih radikala s antioksidansima.\n\n\nNature\u2019s Protection Superior Care Dark Coat Adult Poultry savr\u0161en je izbor za vlasnike pasa s crnom i tamnom dlakom koji \u017eele odr\u017eati intenzitet boje, zdravlje ko\u017ee i sjaj dlake uz optimalnu prehranu.\n\nSastav: meso peradi 36% (osu\u0161eno i fino mljeveno), ri\u017ea, slatki krumpir, losos (osu\u0161eno i fino mljeveno), je\u010dam, mast peradi, rezanci \u0161e\u0107erne repe, pivski kvasac, gra\u0161ak, laneno sjeme, hidrolizat pile\u0107e jetre, dinami\u010dki mikronizirani klinoptilolit ( 1%), ekstrakt cikorije, fruktooligosaharidi (FOS), ekstrakt juke.\n\nDodaci\/1 kg: Nutritivni dodaci: vitamin A (3a672a) \u2013 18000 IU, vitamin D3 (3a671)* \u2013 1500 IU, vitamin E (3a700) \u2013 530 mg, folna kiselina (3a316) \u2013 4 mg, biotin (3a880) \u2013 2 mg , niacin (3a314) \u2013 75 mg, vitamin B6 (3a831) \u2013 13,4 mg, vitamin B1 (3a821) \u2013 16,3 mg, vitamin B12 \u2013 0,07 \u00b5g, \u017eeljezo(II) sulfat monohidrat (3b103) \u2013 50 mg, bezvodni kalcijev jodat (3b202) \u2013 1,5 mg, bakrov (II) sulfat pentahidrat (3b405) \u2013 7 mg, manganov sulfat monohidrat (3b503) \u2013 40 mg, cinkov sulfat monohidrat (3b605) \u2013 150 mg, natrijev selenit ( 3b801) \u2013 0,1 mg.\n*Istovremena primjena s vitaminom D2 nije dopu\u0161tena.\n\nTehnolo\u0161ki dodaci: ekstrakt ru\u017emarina, ekstrakti tokoferola iz biljnih ulja (1b306(i)).\n\nAnaliti\u010dki sastojci: bjelan\u010devine \u2013 26%, sirova vlakna \u2013 3,5%, sirovi pepeo \u2013 9%, sirova mast \u2013 13%, kalcij \u2013 1,2%, fosfor \u2013 0,9%, Omega 3 masne kiseline \u2013 0, 50%, Omega 6 masne kiseline\u2013 2,22%.Nature\u2019s Protection Superior Care Dark Coat Adult Poultry<\/li>\n<li aria-level=\"1\">Formula without wheat. It can help to reduce the risk of wheat gluten allergy.<\/li>\n<li aria-level=\"1\">With Omega-3 and Omega-6 fatty acids \u2013 for healthy skin and shiny coat.<\/li>\n<li aria-level=\"1\">Natural antioxidants &#8211; vitamin E and rosemary extract can help to protect cells against the negative impact of free radicals in a completely natural way.<\/li>\n<li aria-level=\"1\">Enriched with natural mineral of sedimentary origin \u201cMicroZeoGen\u201c \u2013 dinamically micronized clinoptilolite.<\/li>\n<\/ul>","protected":false},"excerpt":{"rendered":"<p>Nature\u2019s Protection Superior Care Dark Coat Adult Poultry posebno je formulirana hrana za odrasle pse s tamnom dlakom, poma\u017eu\u0107i u za\u0161titi i nagla\u0161avanju intenziteta boje dlake.\nPunopravna, psima posebno omiljena hrana, stvorena od pa\u017eljivo odabranih vrhunskih proizvoda. Ova hrana jedinstvenog sastava posebno je prilago\u0111ena za pse tamnog krzna svih pasmina. Bogata je \u017eivotinjskim proteinima iz peradi i lososa.\n\n\nKlju\u010dne zna\u010dajke:\n\nZa\u0161tita crne i tamne dlake: Uravnote\u017eena koli\u010dina aminokiselina podr\u017eava i poja\u010dava crnu boju dlake.\n\nBez p\u0161enice: Formula bez p\u0161eni\u010dnog glutena smanjuje rizik od alergijskih reakcija.\n\nOmega-3 i Omega-6 masne kiseline: Podr\u017eavaju zdravlje ko\u017ee i osiguravaju sjajnu i zdravu dlaku.\n\nPrirodni antioksidansi: Vitamin E i ekstrakt ru\u017emarina \u0161tite stanice od \u0161tetnog djelovanja slobodnih radikala na prirodan na\u010din.\n\nOboga\u0107eno MicroZeoGen-om: Prirodni mineral sedimentnog porijekla (dinami\u010dki mikronizirani klinoptilolit) koji podr\u017eava zdravlje probavnog sustava i detoksikaciju organizma.\n\n\nZa zdrava crijeva\n\nPrirodni mineral, dinami\u010dki mikroniziran s klinoptilolitom, koji aktivno poti\u010de crijevnu mikrofloru i unos hranjivih tvari. Zbog svoje posebne mikrostrukture mo\u017ee pomo\u0107i u uklanjanju toksina iz tijela i ja\u010danju imunolo\u0161kog sustava.\n\n\nPrednosti:\n\nPoma\u017ee u odr\u017eavanju intenziteta i sjaja crne dlake.\n\nPodr\u017eava zdravlje ko\u017ee i dlake zahvaljuju\u0107i esencijalnim masnim kiselinama.\n\nSmanjuje rizik od alergija povezanih s glutenom.\n\nPrirodna za\u0161tita od slobodnih radikala s antioksidansima.\n\n\nNature\u2019s Protection Superior Care Dark Coat Adult Poultry savr\u0161en je izbor za vlasnike pasa s crnom i tamnom dlakom koji \u017eele odr\u017eati intenzitet boje, zdravlje ko\u017ee i sjaj dlake uz optimalnu prehranu.\n\nSastav: meso peradi 36% (osu\u0161eno i fino mljeveno), ri\u017ea, slatki krumpir, losos (osu\u0161eno i fino mljeveno), je\u010dam, mast peradi, rezanci \u0161e\u0107erne repe, pivski kvasac, gra\u0161ak, laneno sjeme, hidrolizat pile\u0107e jetre, dinami\u010dki mikronizirani klinoptilolit ( 1%), ekstrakt cikorije, fruktooligosaharidi (FOS), ekstrakt juke.\n\nDodaci\/1 kg: Nutritivni dodaci: vitamin A (3a672a) \u2013 18000 IU, vitamin D3 (3a671)* \u2013 1500 IU, vitamin E (3a700) \u2013 530 mg, folna kiselina (3a316) \u2013 4 mg, biotin (3a880) \u2013 2 mg , niacin (3a314) \u2013 75 mg, vitamin B6 (3a831) \u2013 13,4 mg, vitamin B1 (3a821) \u2013 16,3 mg, vitamin B12 \u2013 0,07 \u00b5g, \u017eeljezo(II) sulfat monohidrat (3b103) \u2013 50 mg, bezvodni kalcijev jodat (3b202) \u2013 1,5 mg, bakrov (II) sulfat pentahidrat (3b405) \u2013 7 mg, manganov sulfat monohidrat (3b503) \u2013 40 mg, cinkov sulfat monohidrat (3b605) \u2013 150 mg, natrijev selenit ( 3b801) \u2013 0,1 mg.\n*Istovremena primjena s vitaminom D2 nije dopu\u0161tena.\n\nTehnolo\u0161ki dodaci: ekstrakt ru\u017emarina, ekstrakti tokoferola iz biljnih ulja (1b306(i)).\n\nAnaliti\u010dki sastojci: bjelan\u010devine \u2013 26%, sirova vlakna \u2013 3,5%, sirovi pepeo \u2013 9%, sirova mast \u2013 13%, kalcij \u2013 1,2%, fosfor \u2013 0,9%, Omega 3 masne kiseline \u2013 0, 50%, Omega 6 masne kiseline\u2013 2,22%.Nature\u2019s Protection Superior Care Dark Coat Adult Poultry<\/p>","protected":false},"featured_media":381,"template":"","meta":{"_monsterinsights_skip_tracking":false,"_monsterinsights_sitenote_active":false,"_monsterinsights_sitenote_note":"","_monsterinsights_sitenote_category":0,"site-sidebar-layout":"default","site-content-layout":"default","ast-site-content-layout":"default","site-content-style":"default","site-sidebar-style":"default","ast-global-header-display":"","ast-banner-title-visibility":"","ast-main-header-display":"","ast-hfb-above-header-display":"","ast-hfb-below-header-display":"","ast-hfb-mobile-header-display":"","site-post-title":"","ast-breadcrumbs-content":"","ast-featured-img":"","footer-sml-layout":"","ast-disable-related-posts":"","theme-transparent-header-meta":"default","adv-header-id-meta":"","stick-header-meta":"","header-above-stick-meta":"","header-main-stick-meta":"","header-below-stick-meta":"","astra-migrate-meta-layouts":"set","ast-page-background-enabled":"default","ast-page-background-meta":{"desktop":{"background-color":"var(--ast-global-color-4)","background-image":"","background-repeat":"repeat","background-position":"center center","background-size":"auto","background-attachment":"scroll","background-type":"","background-media":"","overlay-type":"","overlay-color":"","overlay-opacity":"","overlay-gradient":""},"tablet":{"background-color":"","background-image":"","background-repeat":"repeat","background-position":"center center","background-size":"auto","background-attachment":"scroll","background-type":"","background-media":"","overlay-type":"","overlay-color":"","overlay-opacity":"","overlay-gradient":""},"mobile":{"background-color":"","background-image":"","background-repeat":"repeat","background-position":"center center","background-size":"auto","background-attachment":"scroll","background-type":"","background-media":"","overlay-type":"","overlay-color":"","overlay-opacity":"","overlay-gradient":""}},"ast-content-background-meta":{"desktop":{"background-color":"var(--ast-global-color-5)","background-image":"","background-repeat":"repeat","background-position":"center center","background-size":"auto","background-attachment":"scroll","background-type":"","background-media":"","overlay-type":"","overlay-color":"","overlay-opacity":"","overlay-gradient":""},"tablet":{"background-color":"var(--ast-global-color-5)","background-image":"","background-repeat":"repeat","background-position":"center center","background-size":"auto","background-attachment":"scroll","background-type":"","background-media":"","overlay-type":"","overlay-color":"","overlay-opacity":"","overlay-gradient":""},"mobile":{"background-color":"var(--ast-global-color-5)","background-image":"","background-repeat":"repeat","background-position":"center center","background-size":"auto","background-attachment":"scroll","background-type":"","background-media":"","overlay-type":"","overlay-color":"","overlay-opacity":"","overlay-gradient":""}}},"product_brand":[],"product_cat":[35,30,29],"product_tag":[],"class_list":{"0":"post-378","1":"product","2":"type-product","3":"status-publish","4":"has-post-thumbnail","6":"product_cat-adult-dry-food","7":"product_cat-dry-food","8":"product_cat-natures-protection","9":"desktop-align-left","10":"tablet-align-left","11":"mobile-align-left","13":"first","14":"instock","15":"shipping-taxable","16":"purchasable","17":"product-type-variable","18":"has-default-attributes"},"yoast_head":"<!-- This site is optimized with the Yoast SEO plugin v27.4 - https:\/\/yoast.com\/product\/yoast-seo-wordpress\/ -->\n<title>Nature&#039;s Protection Superior Care Dark Coat Adult Poultry - Romlay<\/title>\n<meta name=\"robots\" content=\"index, follow, max-snippet:-1, max-image-preview:large, max-video-preview:-1\" \/>\n<link rel=\"canonical\" href=\"https:\/\/romlay.hr\/hr\/proizvod\/natures-protection-superior-care-black-coat-adult-poultry\/\" \/>\n<meta property=\"og:locale\" content=\"hr_HR\" \/>\n<meta property=\"og:type\" content=\"article\" \/>\n<meta property=\"og:title\" content=\"Nature&#039;s Protection Superior Care Dark Coat Adult Poultry - Romlay\" \/>\n<meta property=\"og:description\" content=\"Balanced amount of amino acids can help protect and enhance dark color of coat.\" \/>\n<meta property=\"og:url\" content=\"https:\/\/romlay.hr\/hr\/proizvod\/natures-protection-superior-care-black-coat-adult-poultry\/\" \/>\n<meta property=\"og:site_name\" content=\"Romlay\" \/>\n<meta property=\"article:modified_time\" content=\"2025-11-26T15:17:31+00:00\" \/>\n<meta property=\"og:image\" content=\"https:\/\/romlay.hr\/wp-content\/uploads\/2023\/05\/product_136_1.png\" \/>\n\t<meta property=\"og:image:width\" content=\"848\" \/>\n\t<meta property=\"og:image:height\" content=\"1200\" \/>\n\t<meta property=\"og:image:type\" content=\"image\/png\" \/>\n<meta name=\"twitter:card\" content=\"summary_large_image\" \/>\n<meta name=\"twitter:label1\" content=\"Procijenjeno vrijeme \u010ditanja\" \/>\n\t<meta name=\"twitter:data1\" content=\"1 minuta\" \/>\n<script type=\"application\/ld+json\" class=\"yoast-schema-graph\">{\"@context\":\"https:\\\/\\\/schema.org\",\"@graph\":[{\"@type\":\"WebPage\",\"@id\":\"https:\\\/\\\/romlay.hr\\\/proizvod\\\/natures-protection-superior-care-black-coat-adult-poultry\\\/\",\"url\":\"https:\\\/\\\/romlay.hr\\\/proizvod\\\/natures-protection-superior-care-black-coat-adult-poultry\\\/\",\"name\":\"Nature's Protection Superior Care Dark Coat Adult Poultry - Romlay\",\"isPartOf\":{\"@id\":\"https:\\\/\\\/romlay.hr\\\/#website\"},\"primaryImageOfPage\":{\"@id\":\"https:\\\/\\\/romlay.hr\\\/proizvod\\\/natures-protection-superior-care-black-coat-adult-poultry\\\/#primaryimage\"},\"image\":{\"@id\":\"https:\\\/\\\/romlay.hr\\\/proizvod\\\/natures-protection-superior-care-black-coat-adult-poultry\\\/#primaryimage\"},\"thumbnailUrl\":\"https:\\\/\\\/romlay.hr\\\/wp-content\\\/uploads\\\/2023\\\/05\\\/product_136_1.png\",\"datePublished\":\"2023-05-23T11:50:53+00:00\",\"dateModified\":\"2025-11-26T15:17:31+00:00\",\"breadcrumb\":{\"@id\":\"https:\\\/\\\/romlay.hr\\\/proizvod\\\/natures-protection-superior-care-black-coat-adult-poultry\\\/#breadcrumb\"},\"inLanguage\":\"hr\",\"potentialAction\":[{\"@type\":\"ReadAction\",\"target\":[\"https:\\\/\\\/romlay.hr\\\/proizvod\\\/natures-protection-superior-care-black-coat-adult-poultry\\\/\"]}]},{\"@type\":\"ImageObject\",\"inLanguage\":\"hr\",\"@id\":\"https:\\\/\\\/romlay.hr\\\/proizvod\\\/natures-protection-superior-care-black-coat-adult-poultry\\\/#primaryimage\",\"url\":\"https:\\\/\\\/romlay.hr\\\/wp-content\\\/uploads\\\/2023\\\/05\\\/product_136_1.png\",\"contentUrl\":\"https:\\\/\\\/romlay.hr\\\/wp-content\\\/uploads\\\/2023\\\/05\\\/product_136_1.png\",\"width\":848,\"height\":1200},{\"@type\":\"BreadcrumbList\",\"@id\":\"https:\\\/\\\/romlay.hr\\\/proizvod\\\/natures-protection-superior-care-black-coat-adult-poultry\\\/#breadcrumb\",\"itemListElement\":[{\"@type\":\"ListItem\",\"position\":1,\"name\":\"Po\u010detna stranica\",\"item\":\"https:\\\/\\\/romlay.hr\\\/\"},{\"@type\":\"ListItem\",\"position\":2,\"name\":\"Proizvodi\",\"item\":\"https:\\\/\\\/romlay.hr\\\/shop\\\/\"},{\"@type\":\"ListItem\",\"position\":3,\"name\":\"Nature&#8217;s Protection Superior Care Dark Coat Adult Poultry\"}]},{\"@type\":\"WebSite\",\"@id\":\"https:\\\/\\\/romlay.hr\\\/#website\",\"url\":\"https:\\\/\\\/romlay.hr\\\/\",\"name\":\"Romlay\",\"description\":\"Toy dog specialist\",\"publisher\":{\"@id\":\"https:\\\/\\\/romlay.hr\\\/#organization\"},\"potentialAction\":[{\"@type\":\"SearchAction\",\"target\":{\"@type\":\"EntryPoint\",\"urlTemplate\":\"https:\\\/\\\/romlay.hr\\\/?s={search_term_string}\"},\"query-input\":{\"@type\":\"PropertyValueSpecification\",\"valueRequired\":true,\"valueName\":\"search_term_string\"}}],\"inLanguage\":\"hr\"},{\"@type\":\"Organization\",\"@id\":\"https:\\\/\\\/romlay.hr\\\/#organization\",\"name\":\"Romlay\",\"url\":\"https:\\\/\\\/romlay.hr\\\/\",\"logo\":{\"@type\":\"ImageObject\",\"inLanguage\":\"hr\",\"@id\":\"https:\\\/\\\/romlay.hr\\\/#\\\/schema\\\/logo\\\/image\\\/\",\"url\":\"https:\\\/\\\/romlay.hr\\\/wp-content\\\/uploads\\\/2023\\\/04\\\/cropped-Romlay-1.png\",\"contentUrl\":\"https:\\\/\\\/romlay.hr\\\/wp-content\\\/uploads\\\/2023\\\/04\\\/cropped-Romlay-1.png\",\"width\":978,\"height\":1645,\"caption\":\"Romlay\"},\"image\":{\"@id\":\"https:\\\/\\\/romlay.hr\\\/#\\\/schema\\\/logo\\\/image\\\/\"}}]}<\/script>\n<!-- \/ Yoast SEO plugin. -->","yoast_head_json":{"title":"Nature's Protection Superior Care Dark Coat Adult Poultry - Romlay","robots":{"index":"index","follow":"follow","max-snippet":"max-snippet:-1","max-image-preview":"max-image-preview:large","max-video-preview":"max-video-preview:-1"},"canonical":"https:\/\/romlay.hr\/hr\/proizvod\/natures-protection-superior-care-black-coat-adult-poultry\/","og_locale":"hr_HR","og_type":"article","og_title":"Nature's Protection Superior Care Dark Coat Adult Poultry - Romlay","og_description":"Balanced amount of amino acids can help protect and enhance dark color of coat.","og_url":"https:\/\/romlay.hr\/hr\/proizvod\/natures-protection-superior-care-black-coat-adult-poultry\/","og_site_name":"Romlay","article_modified_time":"2025-11-26T15:17:31+00:00","og_image":[{"width":848,"height":1200,"url":"https:\/\/romlay.hr\/wp-content\/uploads\/2023\/05\/product_136_1.png","type":"image\/png"}],"twitter_card":"summary_large_image","twitter_misc":{"Procijenjeno vrijeme \u010ditanja":"1 minuta"},"schema":{"@context":"https:\/\/schema.org","@graph":[{"@type":"WebPage","@id":"https:\/\/romlay.hr\/proizvod\/natures-protection-superior-care-black-coat-adult-poultry\/","url":"https:\/\/romlay.hr\/proizvod\/natures-protection-superior-care-black-coat-adult-poultry\/","name":"Nature's Protection Superior Care Dark Coat Adult Poultry - Romlay","isPartOf":{"@id":"https:\/\/romlay.hr\/#website"},"primaryImageOfPage":{"@id":"https:\/\/romlay.hr\/proizvod\/natures-protection-superior-care-black-coat-adult-poultry\/#primaryimage"},"image":{"@id":"https:\/\/romlay.hr\/proizvod\/natures-protection-superior-care-black-coat-adult-poultry\/#primaryimage"},"thumbnailUrl":"https:\/\/romlay.hr\/wp-content\/uploads\/2023\/05\/product_136_1.png","datePublished":"2023-05-23T11:50:53+00:00","dateModified":"2025-11-26T15:17:31+00:00","breadcrumb":{"@id":"https:\/\/romlay.hr\/proizvod\/natures-protection-superior-care-black-coat-adult-poultry\/#breadcrumb"},"inLanguage":"hr","potentialAction":[{"@type":"ReadAction","target":["https:\/\/romlay.hr\/proizvod\/natures-protection-superior-care-black-coat-adult-poultry\/"]}]},{"@type":"ImageObject","inLanguage":"hr","@id":"https:\/\/romlay.hr\/proizvod\/natures-protection-superior-care-black-coat-adult-poultry\/#primaryimage","url":"https:\/\/romlay.hr\/wp-content\/uploads\/2023\/05\/product_136_1.png","contentUrl":"https:\/\/romlay.hr\/wp-content\/uploads\/2023\/05\/product_136_1.png","width":848,"height":1200},{"@type":"BreadcrumbList","@id":"https:\/\/romlay.hr\/proizvod\/natures-protection-superior-care-black-coat-adult-poultry\/#breadcrumb","itemListElement":[{"@type":"ListItem","position":1,"name":"Po\u010detna stranica","item":"https:\/\/romlay.hr\/"},{"@type":"ListItem","position":2,"name":"Proizvodi","item":"https:\/\/romlay.hr\/shop\/"},{"@type":"ListItem","position":3,"name":"Nature&#8217;s Protection Superior Care Dark Coat Adult Poultry"}]},{"@type":"WebSite","@id":"https:\/\/romlay.hr\/#website","url":"https:\/\/romlay.hr\/","name":"Romlay","description":"Toy dog specialist","publisher":{"@id":"https:\/\/romlay.hr\/#organization"},"potentialAction":[{"@type":"SearchAction","target":{"@type":"EntryPoint","urlTemplate":"https:\/\/romlay.hr\/?s={search_term_string}"},"query-input":{"@type":"PropertyValueSpecification","valueRequired":true,"valueName":"search_term_string"}}],"inLanguage":"hr"},{"@type":"Organization","@id":"https:\/\/romlay.hr\/#organization","name":"Romlay","url":"https:\/\/romlay.hr\/","logo":{"@type":"ImageObject","inLanguage":"hr","@id":"https:\/\/romlay.hr\/#\/schema\/logo\/image\/","url":"https:\/\/romlay.hr\/wp-content\/uploads\/2023\/04\/cropped-Romlay-1.png","contentUrl":"https:\/\/romlay.hr\/wp-content\/uploads\/2023\/04\/cropped-Romlay-1.png","width":978,"height":1645,"caption":"Romlay"},"image":{"@id":"https:\/\/romlay.hr\/#\/schema\/logo\/image\/"}}]}},"_links":{"self":[{"href":"https:\/\/romlay.hr\/hr\/wp-json\/wp\/v2\/product\/378","targetHints":{"allow":["GET"]}}],"collection":[{"href":"https:\/\/romlay.hr\/hr\/wp-json\/wp\/v2\/product"}],"about":[{"href":"https:\/\/romlay.hr\/hr\/wp-json\/wp\/v2\/types\/product"}],"wp:featuredmedia":[{"embeddable":true,"href":"https:\/\/romlay.hr\/hr\/wp-json\/wp\/v2\/media\/381"}],"wp:attachment":[{"href":"https:\/\/romlay.hr\/hr\/wp-json\/wp\/v2\/media?parent=378"}],"wp:term":[{"taxonomy":"product_brand","embeddable":true,"href":"https:\/\/romlay.hr\/hr\/wp-json\/wp\/v2\/product_brand?post=378"},{"taxonomy":"product_cat","embeddable":true,"href":"https:\/\/romlay.hr\/hr\/wp-json\/wp\/v2\/product_cat?post=378"},{"taxonomy":"product_tag","embeddable":true,"href":"https:\/\/romlay.hr\/hr\/wp-json\/wp\/v2\/product_tag?post=378"}],"curies":[{"name":"wp","href":"https:\/\/api.w.org\/{rel}","templated":true}]}}