{"id":361,"date":"2023-05-23T11:34:05","date_gmt":"2023-05-23T11:34:05","guid":{"rendered":"https:\/\/romlay.hr\/?post_type=product&#038;p=361"},"modified":"2026-04-03T10:41:35","modified_gmt":"2026-04-03T10:41:35","slug":"natures-protection-superior-care-grain-free-white-dogs-adult-insect","status":"publish","type":"product","link":"https:\/\/romlay.hr\/hr\/proizvod\/natures-protection-superior-care-grain-free-white-dogs-adult-insect\/","title":{"rendered":"Nature&#8217;s Protection Superior Care Grain Free White Dogs Adult Insect"},"content":{"rendered":"<ul>\n<li>Nature\u2019s Protection Superior Care Grain Free White Dogs Adult Insect je super premium potpuna i uravnote\u017eena suha hrana za odrasle pse malih pasmina bijele i svijetle dlake, formulirana s inovativnim izvorom proteina \u2013 insektima. Ova hrana osigurava optimalnu prehranu i podr\u0161ku zdravlju va\u0161eg ljubimca.\n\nKlju\u010dne zna\u010dajke:\n\nTear Stains Off formula: Posebno odabrani kompleks aminokiselina poma\u017ee u smanjenju i sprje\u010davanju sme\u0111ih mrlja od suza i sline.\n\nInovativan izvor proteina: Insekti kao visokokvalitetan, lako probavljiv i odr\u017eiv izvor proteina.\n\nBez \u017eitarica: Idealno za pse s osjetljivim probavnim sustavom i sklono\u0161\u0107u alergijama.\n\nOptimalna probavljivost: Pru\u017ea lako probavljivu prehranu i maksimalnu apsorpciju hranjivih tvari.\n\nIzvrsna palatabilnost: Pobolj\u0161ava u\u017eivanje u obrocima zahvaljuju\u0107i pa\u017eljivo odabranim sastojcima.\n\n\nPrednosti:\n\nPodr\u017eava zdravlje ko\u017ee i \u010disto\u0107u bijele dlake.\n\nPoma\u017ee u smanjenju mrlja od suza i odr\u017eava dlaku besprijekornom.\n\n\nSastav: prera\u0111eni proteini insekata 35% (su\u0161eni i fino mljeveni), su\u0161ena pulpa krumpira, gra\u0161ak, mast\nperadi, pulpa \u0161e\u0107erne repe, ulje lososa (1%), dinami\u010dki mikronizirani klinoptilolit (1%), laneno sjeme,\nfruktooligosaharidi (FOS), ulje konoplje (0,5%), ekstrakt juke, zeleni \u010daj (0,05%), su\u0161eni neven (izvor\nluteina) (0,02%).*Sadr\u017ei prera\u0111ene \u017eivotinjske bjelan\u010devine nepre\u017eiva\u010da-ne smiju se hraniti \u017eivotinjama iz\nuzgoja osim akvakulturama i krznarima.\nAditivi\/1kg\nNutritivni dodaci: vitamin A(3a672a)-18000IU, vitamin D3(3a671)*-1500IU, vitamin E(3a700)-530mg, folna\nkiselina (3a316)1mg, biotin (3a880)-0,1mg, \u017eeljezo(II)sulfat monohidrat (3b103)-50mg, bezvodni kalcijev\njodat (3b202)-1,5mg, bakar(II) sulfat pentahidrat(3b103)-5mg, manganov sulfat monohidrat (3b503)-\n20mg.\nTehnolo\u0161ki dodaci: ekstrakt ru\u017emarina, ekstrakti tokoferola iz biljnih ulja*. Istovremena upotreba s\nvitaminom D2 nije dopu\u0161tena.\nAnaliti\u010dki sastav:\nSirove bjelan\u010devine-25%, sirova vlakna-4%, sirove masti-15%, sirovi pepeo-6%, kalcij-1,2%, fosfor-0,9%,\nkalij-0,65%, natrij-0,25%,omega-3masne kiseline-0,97%, omega-6masne kiseline-2,85%<\/li>\n<li>This complete dry dog food contains Tear Stains off formula &#8211; a carefully selected amino acid complex and fully balanced ingredients in the composition.<\/li>\n<li>It is enriched with ingredients that provide the perfect performance for the pet&#8217;s well-being. A complete composition of dry dog food will not only provide your pet with all the efficient nutrients but will also ensure perfect digestibility and palatability.<\/li>\n<\/ul>","protected":false},"excerpt":{"rendered":"<ul>\n<li>Nature\u2019s Protection Superior Care Grain Free White Dogs Adult Insect je super premium potpuna i uravnote\u017eena suha hrana za odrasle pse malih pasmina bijele i svijetle dlake, formulirana s inovativnim izvorom proteina \u2013 insektima. Ova hrana osigurava optimalnu prehranu i podr\u0161ku zdravlju va\u0161eg ljubimca.\n\nKlju\u010dne zna\u010dajke:\n\nTear Stains Off formula: Posebno odabrani kompleks aminokiselina poma\u017ee u smanjenju i sprje\u010davanju sme\u0111ih mrlja od suza i sline.\n\nInovativan izvor proteina: Insekti kao visokokvalitetan, lako probavljiv i odr\u017eiv izvor proteina.\n\nBez \u017eitarica: Idealno za pse s osjetljivim probavnim sustavom i sklono\u0161\u0107u alergijama.\n\nOptimalna probavljivost: Pru\u017ea lako probavljivu prehranu i maksimalnu apsorpciju hranjivih tvari.\n\nIzvrsna palatabilnost: Pobolj\u0161ava u\u017eivanje u obrocima zahvaljuju\u0107i pa\u017eljivo odabranim sastojcima.\n\n\nPrednosti:\n\nPodr\u017eava zdravlje ko\u017ee i \u010disto\u0107u bijele dlake.\n\nPoma\u017ee u smanjenju mrlja od suza i odr\u017eava dlaku besprijekornom.\n\n\nSastav: prera\u0111eni proteini insekata 35% (su\u0161eni i fino mljeveni), su\u0161ena pulpa krumpira, gra\u0161ak, mast\nperadi, pulpa \u0161e\u0107erne repe, ulje lososa (1%), dinami\u010dki mikronizirani klinoptilolit (1%), laneno sjeme,\nfruktooligosaharidi (FOS), ulje konoplje (0,5%), ekstrakt juke, zeleni \u010daj (0,05%), su\u0161eni neven (izvor\nluteina) (0,02%).*Sadr\u017ei prera\u0111ene \u017eivotinjske bjelan\u010devine nepre\u017eiva\u010da-ne smiju se hraniti \u017eivotinjama iz\nuzgoja osim akvakulturama i krznarima.\nAditivi\/1kg\nNutritivni dodaci: vitamin A(3a672a)-18000IU, vitamin D3(3a671)*-1500IU, vitamin E(3a700)-530mg, folna\nkiselina (3a316)1mg, biotin (3a880)-0,1mg, \u017eeljezo(II)sulfat monohidrat (3b103)-50mg, bezvodni kalcijev\njodat (3b202)-1,5mg, bakar(II) sulfat pentahidrat(3b103)-5mg, manganov sulfat monohidrat (3b503)-\n20mg.\nTehnolo\u0161ki dodaci: ekstrakt ru\u017emarina, ekstrakti tokoferola iz biljnih ulja*. Istovremena upotreba s\nvitaminom D2 nije dopu\u0161tena.\nAnaliti\u010dki sastav:\nSirove bjelan\u010devine-25%, sirova vlakna-4%, sirove masti-15%, sirovi pepeo-6%, kalcij-1,2%, fosfor-0,9%,\nkalij-0,65%, natrij-0,25%,omega-3masne kiseline-0,97%, omega-6masne kiseline-2,85%<\/li>\n<li>This complete dry dog food contains Tear Stains off formula &#8211; a carefully selected amino acid complex and fully balanced ingredients in the composition.<\/li>\n<li>It is enriched with ingredients that provide the perfect performance for the pet&#8217;s well-being. A complete composition of dry dog food will not only provide your pet with all the efficient nutrients but will also ensure perfect digestibility and palatability.<\/li>\n<\/ul>","protected":false},"featured_media":364,"template":"","meta":{"_monsterinsights_skip_tracking":false,"_monsterinsights_sitenote_active":false,"_monsterinsights_sitenote_note":"","_monsterinsights_sitenote_category":0,"site-sidebar-layout":"default","site-content-layout":"default","ast-site-content-layout":"default","site-content-style":"default","site-sidebar-style":"default","ast-global-header-display":"","ast-banner-title-visibility":"","ast-main-header-display":"","ast-hfb-above-header-display":"","ast-hfb-below-header-display":"","ast-hfb-mobile-header-display":"","site-post-title":"","ast-breadcrumbs-content":"","ast-featured-img":"","footer-sml-layout":"","ast-disable-related-posts":"","theme-transparent-header-meta":"default","adv-header-id-meta":"","stick-header-meta":"","header-above-stick-meta":"","header-main-stick-meta":"","header-below-stick-meta":"","astra-migrate-meta-layouts":"set","ast-page-background-enabled":"default","ast-page-background-meta":{"desktop":{"background-color":"var(--ast-global-color-4)","background-image":"","background-repeat":"repeat","background-position":"center center","background-size":"auto","background-attachment":"scroll","background-type":"","background-media":"","overlay-type":"","overlay-color":"","overlay-opacity":"","overlay-gradient":""},"tablet":{"background-color":"","background-image":"","background-repeat":"repeat","background-position":"center center","background-size":"auto","background-attachment":"scroll","background-type":"","background-media":"","overlay-type":"","overlay-color":"","overlay-opacity":"","overlay-gradient":""},"mobile":{"background-color":"","background-image":"","background-repeat":"repeat","background-position":"center center","background-size":"auto","background-attachment":"scroll","background-type":"","background-media":"","overlay-type":"","overlay-color":"","overlay-opacity":"","overlay-gradient":""}},"ast-content-background-meta":{"desktop":{"background-color":"var(--ast-global-color-5)","background-image":"","background-repeat":"repeat","background-position":"center center","background-size":"auto","background-attachment":"scroll","background-type":"","background-media":"","overlay-type":"","overlay-color":"","overlay-opacity":"","overlay-gradient":""},"tablet":{"background-color":"var(--ast-global-color-5)","background-image":"","background-repeat":"repeat","background-position":"center center","background-size":"auto","background-attachment":"scroll","background-type":"","background-media":"","overlay-type":"","overlay-color":"","overlay-opacity":"","overlay-gradient":""},"mobile":{"background-color":"var(--ast-global-color-5)","background-image":"","background-repeat":"repeat","background-position":"center center","background-size":"auto","background-attachment":"scroll","background-type":"","background-media":"","overlay-type":"","overlay-color":"","overlay-opacity":"","overlay-gradient":""}}},"product_brand":[],"product_cat":[35,30,29],"product_tag":[],"class_list":{"0":"post-361","1":"product","2":"type-product","3":"status-publish","4":"has-post-thumbnail","6":"product_cat-adult-dry-food","7":"product_cat-dry-food","8":"product_cat-natures-protection","9":"desktop-align-left","10":"tablet-align-left","11":"mobile-align-left","13":"first","14":"instock","15":"shipping-taxable","16":"purchasable","17":"product-type-variable","18":"has-default-attributes"},"yoast_head":"<!-- This site is optimized with the Yoast SEO plugin v27.4 - https:\/\/yoast.com\/product\/yoast-seo-wordpress\/ -->\n<title>Nature&#039;s Protection Superior Care Grain Free White Dogs Adult Insect - Romlay<\/title>\n<meta name=\"robots\" content=\"index, follow, max-snippet:-1, max-image-preview:large, max-video-preview:-1\" \/>\n<link rel=\"canonical\" href=\"https:\/\/romlay.hr\/hr\/proizvod\/natures-protection-superior-care-grain-free-white-dogs-adult-insect\/\" \/>\n<meta property=\"og:locale\" content=\"hr_HR\" \/>\n<meta property=\"og:type\" content=\"article\" \/>\n<meta property=\"og:title\" content=\"Nature&#039;s Protection Superior Care Grain Free White Dogs Adult Insect - Romlay\" \/>\n<meta property=\"og:description\" content=\"Nature&#039;s Protection Superior Care White Dogs Grain Free with Insect for Adult Small Breeds is a Super Premium complete and balanced dry dog food with the highest quality protein source and raw material.  This complete dry dog food contains Tear Stains off formula - a carefully selected amino acid complex and fully balanced ingredients in the composition.  It is enriched with ingredients that provide the perfect performance for the pet&#039;s well-being. A complete composition of dry dog food will not only provide your pet with all the efficient nutrients but will also ensure perfect digestibility and palatability.\" \/>\n<meta property=\"og:url\" content=\"https:\/\/romlay.hr\/hr\/proizvod\/natures-protection-superior-care-grain-free-white-dogs-adult-insect\/\" \/>\n<meta property=\"og:site_name\" content=\"Romlay\" \/>\n<meta property=\"article:modified_time\" content=\"2026-04-03T10:41:35+00:00\" \/>\n<meta property=\"og:image\" content=\"https:\/\/romlay.hr\/wp-content\/uploads\/2023\/05\/product_328_1.jpg\" \/>\n\t<meta property=\"og:image:width\" content=\"849\" \/>\n\t<meta property=\"og:image:height\" content=\"1200\" \/>\n\t<meta property=\"og:image:type\" content=\"image\/jpeg\" \/>\n<meta name=\"twitter:card\" content=\"summary_large_image\" \/>\n<meta name=\"twitter:label1\" content=\"Procijenjeno vrijeme \u010ditanja\" \/>\n\t<meta name=\"twitter:data1\" content=\"1 minuta\" \/>\n<script type=\"application\/ld+json\" class=\"yoast-schema-graph\">{\"@context\":\"https:\\\/\\\/schema.org\",\"@graph\":[{\"@type\":\"WebPage\",\"@id\":\"https:\\\/\\\/romlay.hr\\\/proizvod\\\/natures-protection-superior-care-grain-free-white-dogs-adult-insect\\\/\",\"url\":\"https:\\\/\\\/romlay.hr\\\/proizvod\\\/natures-protection-superior-care-grain-free-white-dogs-adult-insect\\\/\",\"name\":\"Nature's Protection Superior Care Grain Free White Dogs Adult Insect - Romlay\",\"isPartOf\":{\"@id\":\"https:\\\/\\\/romlay.hr\\\/#website\"},\"primaryImageOfPage\":{\"@id\":\"https:\\\/\\\/romlay.hr\\\/proizvod\\\/natures-protection-superior-care-grain-free-white-dogs-adult-insect\\\/#primaryimage\"},\"image\":{\"@id\":\"https:\\\/\\\/romlay.hr\\\/proizvod\\\/natures-protection-superior-care-grain-free-white-dogs-adult-insect\\\/#primaryimage\"},\"thumbnailUrl\":\"https:\\\/\\\/romlay.hr\\\/wp-content\\\/uploads\\\/2023\\\/05\\\/product_328_1.jpg\",\"datePublished\":\"2023-05-23T11:34:05+00:00\",\"dateModified\":\"2026-04-03T10:41:35+00:00\",\"breadcrumb\":{\"@id\":\"https:\\\/\\\/romlay.hr\\\/proizvod\\\/natures-protection-superior-care-grain-free-white-dogs-adult-insect\\\/#breadcrumb\"},\"inLanguage\":\"hr\",\"potentialAction\":[{\"@type\":\"ReadAction\",\"target\":[\"https:\\\/\\\/romlay.hr\\\/proizvod\\\/natures-protection-superior-care-grain-free-white-dogs-adult-insect\\\/\"]}]},{\"@type\":\"ImageObject\",\"inLanguage\":\"hr\",\"@id\":\"https:\\\/\\\/romlay.hr\\\/proizvod\\\/natures-protection-superior-care-grain-free-white-dogs-adult-insect\\\/#primaryimage\",\"url\":\"https:\\\/\\\/romlay.hr\\\/wp-content\\\/uploads\\\/2023\\\/05\\\/product_328_1.jpg\",\"contentUrl\":\"https:\\\/\\\/romlay.hr\\\/wp-content\\\/uploads\\\/2023\\\/05\\\/product_328_1.jpg\",\"width\":849,\"height\":1200},{\"@type\":\"BreadcrumbList\",\"@id\":\"https:\\\/\\\/romlay.hr\\\/proizvod\\\/natures-protection-superior-care-grain-free-white-dogs-adult-insect\\\/#breadcrumb\",\"itemListElement\":[{\"@type\":\"ListItem\",\"position\":1,\"name\":\"Po\u010detna stranica\",\"item\":\"https:\\\/\\\/romlay.hr\\\/\"},{\"@type\":\"ListItem\",\"position\":2,\"name\":\"Proizvodi\",\"item\":\"https:\\\/\\\/romlay.hr\\\/shop\\\/\"},{\"@type\":\"ListItem\",\"position\":3,\"name\":\"Nature&#8217;s Protection Superior Care Grain Free White Dogs Adult Insect\"}]},{\"@type\":\"WebSite\",\"@id\":\"https:\\\/\\\/romlay.hr\\\/#website\",\"url\":\"https:\\\/\\\/romlay.hr\\\/\",\"name\":\"Romlay\",\"description\":\"Toy dog specialist\",\"publisher\":{\"@id\":\"https:\\\/\\\/romlay.hr\\\/#organization\"},\"potentialAction\":[{\"@type\":\"SearchAction\",\"target\":{\"@type\":\"EntryPoint\",\"urlTemplate\":\"https:\\\/\\\/romlay.hr\\\/?s={search_term_string}\"},\"query-input\":{\"@type\":\"PropertyValueSpecification\",\"valueRequired\":true,\"valueName\":\"search_term_string\"}}],\"inLanguage\":\"hr\"},{\"@type\":\"Organization\",\"@id\":\"https:\\\/\\\/romlay.hr\\\/#organization\",\"name\":\"Romlay\",\"url\":\"https:\\\/\\\/romlay.hr\\\/\",\"logo\":{\"@type\":\"ImageObject\",\"inLanguage\":\"hr\",\"@id\":\"https:\\\/\\\/romlay.hr\\\/#\\\/schema\\\/logo\\\/image\\\/\",\"url\":\"https:\\\/\\\/romlay.hr\\\/wp-content\\\/uploads\\\/2023\\\/04\\\/cropped-Romlay-1.png\",\"contentUrl\":\"https:\\\/\\\/romlay.hr\\\/wp-content\\\/uploads\\\/2023\\\/04\\\/cropped-Romlay-1.png\",\"width\":978,\"height\":1645,\"caption\":\"Romlay\"},\"image\":{\"@id\":\"https:\\\/\\\/romlay.hr\\\/#\\\/schema\\\/logo\\\/image\\\/\"}}]}<\/script>\n<!-- \/ Yoast SEO plugin. -->","yoast_head_json":{"title":"Nature's Protection Superior Care Grain Free White Dogs Adult Insect - Romlay","robots":{"index":"index","follow":"follow","max-snippet":"max-snippet:-1","max-image-preview":"max-image-preview:large","max-video-preview":"max-video-preview:-1"},"canonical":"https:\/\/romlay.hr\/hr\/proizvod\/natures-protection-superior-care-grain-free-white-dogs-adult-insect\/","og_locale":"hr_HR","og_type":"article","og_title":"Nature's Protection Superior Care Grain Free White Dogs Adult Insect - Romlay","og_description":"Nature's Protection Superior Care White Dogs Grain Free with Insect for Adult Small Breeds is a Super Premium complete and balanced dry dog food with the highest quality protein source and raw material.  This complete dry dog food contains Tear Stains off formula - a carefully selected amino acid complex and fully balanced ingredients in the composition.  It is enriched with ingredients that provide the perfect performance for the pet's well-being. A complete composition of dry dog food will not only provide your pet with all the efficient nutrients but will also ensure perfect digestibility and palatability.","og_url":"https:\/\/romlay.hr\/hr\/proizvod\/natures-protection-superior-care-grain-free-white-dogs-adult-insect\/","og_site_name":"Romlay","article_modified_time":"2026-04-03T10:41:35+00:00","og_image":[{"width":849,"height":1200,"url":"https:\/\/romlay.hr\/wp-content\/uploads\/2023\/05\/product_328_1.jpg","type":"image\/jpeg"}],"twitter_card":"summary_large_image","twitter_misc":{"Procijenjeno vrijeme \u010ditanja":"1 minuta"},"schema":{"@context":"https:\/\/schema.org","@graph":[{"@type":"WebPage","@id":"https:\/\/romlay.hr\/proizvod\/natures-protection-superior-care-grain-free-white-dogs-adult-insect\/","url":"https:\/\/romlay.hr\/proizvod\/natures-protection-superior-care-grain-free-white-dogs-adult-insect\/","name":"Nature's Protection Superior Care Grain Free White Dogs Adult Insect - Romlay","isPartOf":{"@id":"https:\/\/romlay.hr\/#website"},"primaryImageOfPage":{"@id":"https:\/\/romlay.hr\/proizvod\/natures-protection-superior-care-grain-free-white-dogs-adult-insect\/#primaryimage"},"image":{"@id":"https:\/\/romlay.hr\/proizvod\/natures-protection-superior-care-grain-free-white-dogs-adult-insect\/#primaryimage"},"thumbnailUrl":"https:\/\/romlay.hr\/wp-content\/uploads\/2023\/05\/product_328_1.jpg","datePublished":"2023-05-23T11:34:05+00:00","dateModified":"2026-04-03T10:41:35+00:00","breadcrumb":{"@id":"https:\/\/romlay.hr\/proizvod\/natures-protection-superior-care-grain-free-white-dogs-adult-insect\/#breadcrumb"},"inLanguage":"hr","potentialAction":[{"@type":"ReadAction","target":["https:\/\/romlay.hr\/proizvod\/natures-protection-superior-care-grain-free-white-dogs-adult-insect\/"]}]},{"@type":"ImageObject","inLanguage":"hr","@id":"https:\/\/romlay.hr\/proizvod\/natures-protection-superior-care-grain-free-white-dogs-adult-insect\/#primaryimage","url":"https:\/\/romlay.hr\/wp-content\/uploads\/2023\/05\/product_328_1.jpg","contentUrl":"https:\/\/romlay.hr\/wp-content\/uploads\/2023\/05\/product_328_1.jpg","width":849,"height":1200},{"@type":"BreadcrumbList","@id":"https:\/\/romlay.hr\/proizvod\/natures-protection-superior-care-grain-free-white-dogs-adult-insect\/#breadcrumb","itemListElement":[{"@type":"ListItem","position":1,"name":"Po\u010detna stranica","item":"https:\/\/romlay.hr\/"},{"@type":"ListItem","position":2,"name":"Proizvodi","item":"https:\/\/romlay.hr\/shop\/"},{"@type":"ListItem","position":3,"name":"Nature&#8217;s Protection Superior Care Grain Free White Dogs Adult Insect"}]},{"@type":"WebSite","@id":"https:\/\/romlay.hr\/#website","url":"https:\/\/romlay.hr\/","name":"Romlay","description":"Toy dog specialist","publisher":{"@id":"https:\/\/romlay.hr\/#organization"},"potentialAction":[{"@type":"SearchAction","target":{"@type":"EntryPoint","urlTemplate":"https:\/\/romlay.hr\/?s={search_term_string}"},"query-input":{"@type":"PropertyValueSpecification","valueRequired":true,"valueName":"search_term_string"}}],"inLanguage":"hr"},{"@type":"Organization","@id":"https:\/\/romlay.hr\/#organization","name":"Romlay","url":"https:\/\/romlay.hr\/","logo":{"@type":"ImageObject","inLanguage":"hr","@id":"https:\/\/romlay.hr\/#\/schema\/logo\/image\/","url":"https:\/\/romlay.hr\/wp-content\/uploads\/2023\/04\/cropped-Romlay-1.png","contentUrl":"https:\/\/romlay.hr\/wp-content\/uploads\/2023\/04\/cropped-Romlay-1.png","width":978,"height":1645,"caption":"Romlay"},"image":{"@id":"https:\/\/romlay.hr\/#\/schema\/logo\/image\/"}}]}},"_links":{"self":[{"href":"https:\/\/romlay.hr\/hr\/wp-json\/wp\/v2\/product\/361","targetHints":{"allow":["GET"]}}],"collection":[{"href":"https:\/\/romlay.hr\/hr\/wp-json\/wp\/v2\/product"}],"about":[{"href":"https:\/\/romlay.hr\/hr\/wp-json\/wp\/v2\/types\/product"}],"wp:featuredmedia":[{"embeddable":true,"href":"https:\/\/romlay.hr\/hr\/wp-json\/wp\/v2\/media\/364"}],"wp:attachment":[{"href":"https:\/\/romlay.hr\/hr\/wp-json\/wp\/v2\/media?parent=361"}],"wp:term":[{"taxonomy":"product_brand","embeddable":true,"href":"https:\/\/romlay.hr\/hr\/wp-json\/wp\/v2\/product_brand?post=361"},{"taxonomy":"product_cat","embeddable":true,"href":"https:\/\/romlay.hr\/hr\/wp-json\/wp\/v2\/product_cat?post=361"},{"taxonomy":"product_tag","embeddable":true,"href":"https:\/\/romlay.hr\/hr\/wp-json\/wp\/v2\/product_tag?post=361"}],"curies":[{"name":"wp","href":"https:\/\/api.w.org\/{rel}","templated":true}]}}