{"id":356,"date":"2023-05-23T11:28:45","date_gmt":"2023-05-23T11:28:45","guid":{"rendered":"https:\/\/romlay.hr\/?post_type=product&#038;p=356"},"modified":"2026-04-03T10:41:37","modified_gmt":"2026-04-03T10:41:37","slug":"natures-protection-superior-care-grain-free-white-dogs-adult-white-fish-kopiraj","status":"publish","type":"product","link":"https:\/\/romlay.hr\/hr\/proizvod\/natures-protection-superior-care-grain-free-white-dogs-adult-white-fish-kopiraj\/","title":{"rendered":"Nature&#8217;s Protection Superior Care Grain Free White Dogs Adult Salmon"},"content":{"rendered":"<ul>\n<li aria-level=\"1\">Nature\u2019s Protection Superior Care Grain Free White Dogs Adult Salmon je posebno formulirana super premium hrana za odrasle male pse bijele I svijetle dlake. Pru\u017ea vrhunsku njegu ko\u017ee i dlake te poma\u017ee u uklanjanju sme\u0111ih mrlja od suza i sline.\n\nKlju\u010dne zna\u010dajke:\n\nTear Stains Off formula: Posebna formulacija koja poma\u017ee u sprje\u010davanju i smanjenju sme\u0111ih mrlja oko o\u010diju, usta i \u0161apa.\n\nNorve\u0161ki losos: Glavni izvor visokokvalitetnih proteina, bogat Omega-3 i Omega-6 masnim kiselinama za zdravu ko\u017eu i sjajnu dlaku.\n\nBez \u017eitarica: Idealno za pse s osjetljivim probavnim sustavom i sklonim alergijama.\n\nPrirodni antioksidansi: Vitamin E i ekstrakt ru\u017emarina \u0161tite stanice od slobodnih radikala na prirodan na\u010din.\n\n\nPrednosti:\n\nPodr\u017eava zdravlje ko\u017ee i sjaj dlake zahvaljuju\u0107i esencijalnim masnim kiselinama.\n\nSmanjuje mrlje od suza i sline, odr\u017eavaju\u0107i dlaku bijelom i \u010distom.\n\nPrikladno za pse s osjetljivim probavnim sustavom.\n\nOsigurava prirodnu za\u0161titu od slobodnih radikala, podr\u017eavaju\u0107i op\u0107e zdravlje.\n\n\nNature\u2019s Protection Superior Care Grain Free White Dogs Adult Salmon savr\u0161en je izbor za vlasnike pasa bijele dlake koji \u017eele vrhunsku njegu i prehranu za svoje ljubimce, posebno one s osjetljivim probavnim sustavom ili sklono\u0161\u0107u alergijama.\n\n\nSastav: losos 40% (osu\u0161en i fino mljeveni), osu\u0161ena pulpa krumpira, slatki krumpir, mast peradi, gra\u0161ak, pulpa \u0161e\u0107erne repe, lososovo ulje, dikalcij fosfat, dinami\u010dki mikronizirani klinoptilolit (1%), laneno ulje, tapioka, frukto-oligosaharidi (FOS), ekstrakt juke, zeleni \u010daj, su\u0161ene brusnice, su\u0161eni neven (izvor luteina).    \nAditivi\/1 kg: prehrambeni aditivi: vitamin A (3a672a) \u2013 18000 IU, vitamin D3 (3a671) \u2013 1500 IU, vitamin E (3a700) \u2013 530 mg, folna kiselina (3a316) \u2013 1 mg, biotin (3a880) \u2013 0,1 mg, niacin (3a314) \u2013 35 mg, vitamin B6 (3a831) \u2013 3 mg, vitamin B1 (3a821) \u2013 3 mg, vitamin B12 \u2013 0,05 \u00b5g, iron(II) sulphate monohydrate (3b103) \u2013 50 mg, bezvodni kalcijev jodat (3b202) \u2013 1,5 mg, bakrov(II) sulfat pentahidrat (3b405) \u2013 5 mg, manganov sulfat monohidrat (3b503) \u2013 20 mg, cinkov sulfat monohidrat (3b605) \u2013 115 mg, natrijev selenit (3b801) \u2013 0,1 mg. Tehnolo\u0161ki dodaci: ekstrakt ru\u017emarina, ekstrakti tokoferola iz biljnih ulja (1b306(i)).\n Analiti\u010dki sastojci: sirovi proteini \u2013 25%, sirova vlakna \u2013 3,5%, sirova mast \u2013 15%, sirovi pepeo \u2013 9,5%, kalcij \u2013 1,5%, fosfor \u2013 0,9%, kalij \u2013 0,6 %, natrij \u2013 0,4%, Omega-3 masne kiseline \u2013 0,50%, Omega-6 masne kiseline \u2013 2,62%.<\/li>\n<li aria-level=\"1\">The main source of protein \u2013\u00a0premium-quality Norwegian salmon rich in Omega-3 and Omega-6 fatty acids<\/li>\n<li aria-level=\"1\">This feed is free of grains that can cause allergic reactions, making it suitable for pets with sensitive digestive systems.<\/li>\n<li aria-level=\"1\">With Omega-3 and Omega-6 fatty acids \u2013 for healthy skin and shiny coat.<\/li>\n<li aria-level=\"1\">Natural antioxidants &#8211; vitamin E and rosemary extract can help to protect cells against the negative impact of free radicals in a completely natural way.<\/li>\n<\/ul>\n<div class=\"notranslate\" style=\"all: initial;\"><\/div>","protected":false},"excerpt":{"rendered":"<p>Nature&#8217;s Protection White Dog Grain Free with Herring Adult Small Breed \u2013 premium feed with herring specially designed for adult white-haired dogs of small breeds.<\/p>","protected":false},"featured_media":360,"template":"","meta":{"_monsterinsights_skip_tracking":false,"_monsterinsights_sitenote_active":false,"_monsterinsights_sitenote_note":"","_monsterinsights_sitenote_category":0,"site-sidebar-layout":"default","site-content-layout":"default","ast-site-content-layout":"default","site-content-style":"default","site-sidebar-style":"default","ast-global-header-display":"","ast-banner-title-visibility":"","ast-main-header-display":"","ast-hfb-above-header-display":"","ast-hfb-below-header-display":"","ast-hfb-mobile-header-display":"","site-post-title":"","ast-breadcrumbs-content":"","ast-featured-img":"","footer-sml-layout":"","ast-disable-related-posts":"","theme-transparent-header-meta":"default","adv-header-id-meta":"","stick-header-meta":"","header-above-stick-meta":"","header-main-stick-meta":"","header-below-stick-meta":"","astra-migrate-meta-layouts":"set","ast-page-background-enabled":"default","ast-page-background-meta":{"desktop":{"background-color":"var(--ast-global-color-4)","background-image":"","background-repeat":"repeat","background-position":"center center","background-size":"auto","background-attachment":"scroll","background-type":"","background-media":"","overlay-type":"","overlay-color":"","overlay-opacity":"","overlay-gradient":""},"tablet":{"background-color":"","background-image":"","background-repeat":"repeat","background-position":"center center","background-size":"auto","background-attachment":"scroll","background-type":"","background-media":"","overlay-type":"","overlay-color":"","overlay-opacity":"","overlay-gradient":""},"mobile":{"background-color":"","background-image":"","background-repeat":"repeat","background-position":"center center","background-size":"auto","background-attachment":"scroll","background-type":"","background-media":"","overlay-type":"","overlay-color":"","overlay-opacity":"","overlay-gradient":""}},"ast-content-background-meta":{"desktop":{"background-color":"var(--ast-global-color-5)","background-image":"","background-repeat":"repeat","background-position":"center center","background-size":"auto","background-attachment":"scroll","background-type":"","background-media":"","overlay-type":"","overlay-color":"","overlay-opacity":"","overlay-gradient":""},"tablet":{"background-color":"var(--ast-global-color-5)","background-image":"","background-repeat":"repeat","background-position":"center center","background-size":"auto","background-attachment":"scroll","background-type":"","background-media":"","overlay-type":"","overlay-color":"","overlay-opacity":"","overlay-gradient":""},"mobile":{"background-color":"var(--ast-global-color-5)","background-image":"","background-repeat":"repeat","background-position":"center center","background-size":"auto","background-attachment":"scroll","background-type":"","background-media":"","overlay-type":"","overlay-color":"","overlay-opacity":"","overlay-gradient":""}}},"product_brand":[],"product_cat":[35,30,29],"product_tag":[],"class_list":{"0":"post-356","1":"product","2":"type-product","3":"status-publish","4":"has-post-thumbnail","6":"product_cat-adult-dry-food","7":"product_cat-dry-food","8":"product_cat-natures-protection","9":"desktop-align-left","10":"tablet-align-left","11":"mobile-align-left","13":"first","14":"instock","15":"shipping-taxable","16":"purchasable","17":"product-type-variable"},"yoast_head":"<!-- This site is optimized with the Yoast SEO plugin v27.4 - https:\/\/yoast.com\/product\/yoast-seo-wordpress\/ -->\n<title>Nature&#039;s Protection Superior Care Grain Free White Dogs Adult Salmon - Romlay<\/title>\n<meta name=\"robots\" content=\"index, follow, max-snippet:-1, max-image-preview:large, max-video-preview:-1\" \/>\n<link rel=\"canonical\" href=\"https:\/\/romlay.hr\/hr\/proizvod\/natures-protection-superior-care-grain-free-white-dogs-adult-white-fish-kopiraj\/\" \/>\n<meta property=\"og:locale\" content=\"hr_HR\" \/>\n<meta property=\"og:type\" content=\"article\" \/>\n<meta property=\"og:title\" content=\"Nature&#039;s Protection Superior Care Grain Free White Dogs Adult Salmon - Romlay\" \/>\n<meta property=\"og:description\" content=\"Nature&#039;s Protection White Dog Grain Free with Herring Adult Small Breed \u2013 premium feed with herring specially designed for adult white-haired dogs of small breeds.\" \/>\n<meta property=\"og:url\" content=\"https:\/\/romlay.hr\/hr\/proizvod\/natures-protection-superior-care-grain-free-white-dogs-adult-white-fish-kopiraj\/\" \/>\n<meta property=\"og:site_name\" content=\"Romlay\" \/>\n<meta property=\"article:modified_time\" content=\"2026-04-03T10:41:37+00:00\" \/>\n<meta property=\"og:image\" content=\"https:\/\/romlay.hr\/wp-content\/uploads\/2023\/05\/product_161_1-1.jpg\" \/>\n\t<meta property=\"og:image:width\" content=\"848\" \/>\n\t<meta property=\"og:image:height\" content=\"1200\" \/>\n\t<meta property=\"og:image:type\" content=\"image\/jpeg\" \/>\n<meta name=\"twitter:card\" content=\"summary_large_image\" \/>\n<meta name=\"twitter:label1\" content=\"Procijenjeno vrijeme \u010ditanja\" \/>\n\t<meta name=\"twitter:data1\" content=\"1 minuta\" \/>\n<script type=\"application\/ld+json\" class=\"yoast-schema-graph\">{\"@context\":\"https:\\\/\\\/schema.org\",\"@graph\":[{\"@type\":\"WebPage\",\"@id\":\"https:\\\/\\\/romlay.hr\\\/proizvod\\\/natures-protection-superior-care-grain-free-white-dogs-adult-white-fish-kopiraj\\\/\",\"url\":\"https:\\\/\\\/romlay.hr\\\/proizvod\\\/natures-protection-superior-care-grain-free-white-dogs-adult-white-fish-kopiraj\\\/\",\"name\":\"Nature's Protection Superior Care Grain Free White Dogs Adult Salmon - Romlay\",\"isPartOf\":{\"@id\":\"https:\\\/\\\/romlay.hr\\\/#website\"},\"primaryImageOfPage\":{\"@id\":\"https:\\\/\\\/romlay.hr\\\/proizvod\\\/natures-protection-superior-care-grain-free-white-dogs-adult-white-fish-kopiraj\\\/#primaryimage\"},\"image\":{\"@id\":\"https:\\\/\\\/romlay.hr\\\/proizvod\\\/natures-protection-superior-care-grain-free-white-dogs-adult-white-fish-kopiraj\\\/#primaryimage\"},\"thumbnailUrl\":\"https:\\\/\\\/romlay.hr\\\/wp-content\\\/uploads\\\/2023\\\/05\\\/product_161_1-1.jpg\",\"datePublished\":\"2023-05-23T11:28:45+00:00\",\"dateModified\":\"2026-04-03T10:41:37+00:00\",\"breadcrumb\":{\"@id\":\"https:\\\/\\\/romlay.hr\\\/proizvod\\\/natures-protection-superior-care-grain-free-white-dogs-adult-white-fish-kopiraj\\\/#breadcrumb\"},\"inLanguage\":\"hr\",\"potentialAction\":[{\"@type\":\"ReadAction\",\"target\":[\"https:\\\/\\\/romlay.hr\\\/proizvod\\\/natures-protection-superior-care-grain-free-white-dogs-adult-white-fish-kopiraj\\\/\"]}]},{\"@type\":\"ImageObject\",\"inLanguage\":\"hr\",\"@id\":\"https:\\\/\\\/romlay.hr\\\/proizvod\\\/natures-protection-superior-care-grain-free-white-dogs-adult-white-fish-kopiraj\\\/#primaryimage\",\"url\":\"https:\\\/\\\/romlay.hr\\\/wp-content\\\/uploads\\\/2023\\\/05\\\/product_161_1-1.jpg\",\"contentUrl\":\"https:\\\/\\\/romlay.hr\\\/wp-content\\\/uploads\\\/2023\\\/05\\\/product_161_1-1.jpg\",\"width\":848,\"height\":1200},{\"@type\":\"BreadcrumbList\",\"@id\":\"https:\\\/\\\/romlay.hr\\\/proizvod\\\/natures-protection-superior-care-grain-free-white-dogs-adult-white-fish-kopiraj\\\/#breadcrumb\",\"itemListElement\":[{\"@type\":\"ListItem\",\"position\":1,\"name\":\"Po\u010detna stranica\",\"item\":\"https:\\\/\\\/romlay.hr\\\/\"},{\"@type\":\"ListItem\",\"position\":2,\"name\":\"Proizvodi\",\"item\":\"https:\\\/\\\/romlay.hr\\\/shop\\\/\"},{\"@type\":\"ListItem\",\"position\":3,\"name\":\"Nature&#8217;s Protection Superior Care Grain Free White Dogs Adult Salmon\"}]},{\"@type\":\"WebSite\",\"@id\":\"https:\\\/\\\/romlay.hr\\\/#website\",\"url\":\"https:\\\/\\\/romlay.hr\\\/\",\"name\":\"Romlay\",\"description\":\"Toy dog specialist\",\"publisher\":{\"@id\":\"https:\\\/\\\/romlay.hr\\\/#organization\"},\"potentialAction\":[{\"@type\":\"SearchAction\",\"target\":{\"@type\":\"EntryPoint\",\"urlTemplate\":\"https:\\\/\\\/romlay.hr\\\/?s={search_term_string}\"},\"query-input\":{\"@type\":\"PropertyValueSpecification\",\"valueRequired\":true,\"valueName\":\"search_term_string\"}}],\"inLanguage\":\"hr\"},{\"@type\":\"Organization\",\"@id\":\"https:\\\/\\\/romlay.hr\\\/#organization\",\"name\":\"Romlay\",\"url\":\"https:\\\/\\\/romlay.hr\\\/\",\"logo\":{\"@type\":\"ImageObject\",\"inLanguage\":\"hr\",\"@id\":\"https:\\\/\\\/romlay.hr\\\/#\\\/schema\\\/logo\\\/image\\\/\",\"url\":\"https:\\\/\\\/romlay.hr\\\/wp-content\\\/uploads\\\/2023\\\/04\\\/cropped-Romlay-1.png\",\"contentUrl\":\"https:\\\/\\\/romlay.hr\\\/wp-content\\\/uploads\\\/2023\\\/04\\\/cropped-Romlay-1.png\",\"width\":978,\"height\":1645,\"caption\":\"Romlay\"},\"image\":{\"@id\":\"https:\\\/\\\/romlay.hr\\\/#\\\/schema\\\/logo\\\/image\\\/\"}}]}<\/script>\n<!-- \/ Yoast SEO plugin. -->","yoast_head_json":{"title":"Nature's Protection Superior Care Grain Free White Dogs Adult Salmon - Romlay","robots":{"index":"index","follow":"follow","max-snippet":"max-snippet:-1","max-image-preview":"max-image-preview:large","max-video-preview":"max-video-preview:-1"},"canonical":"https:\/\/romlay.hr\/hr\/proizvod\/natures-protection-superior-care-grain-free-white-dogs-adult-white-fish-kopiraj\/","og_locale":"hr_HR","og_type":"article","og_title":"Nature's Protection Superior Care Grain Free White Dogs Adult Salmon - Romlay","og_description":"Nature's Protection White Dog Grain Free with Herring Adult Small Breed \u2013 premium feed with herring specially designed for adult white-haired dogs of small breeds.","og_url":"https:\/\/romlay.hr\/hr\/proizvod\/natures-protection-superior-care-grain-free-white-dogs-adult-white-fish-kopiraj\/","og_site_name":"Romlay","article_modified_time":"2026-04-03T10:41:37+00:00","og_image":[{"width":848,"height":1200,"url":"https:\/\/romlay.hr\/wp-content\/uploads\/2023\/05\/product_161_1-1.jpg","type":"image\/jpeg"}],"twitter_card":"summary_large_image","twitter_misc":{"Procijenjeno vrijeme \u010ditanja":"1 minuta"},"schema":{"@context":"https:\/\/schema.org","@graph":[{"@type":"WebPage","@id":"https:\/\/romlay.hr\/proizvod\/natures-protection-superior-care-grain-free-white-dogs-adult-white-fish-kopiraj\/","url":"https:\/\/romlay.hr\/proizvod\/natures-protection-superior-care-grain-free-white-dogs-adult-white-fish-kopiraj\/","name":"Nature's Protection Superior Care Grain Free White Dogs Adult Salmon - Romlay","isPartOf":{"@id":"https:\/\/romlay.hr\/#website"},"primaryImageOfPage":{"@id":"https:\/\/romlay.hr\/proizvod\/natures-protection-superior-care-grain-free-white-dogs-adult-white-fish-kopiraj\/#primaryimage"},"image":{"@id":"https:\/\/romlay.hr\/proizvod\/natures-protection-superior-care-grain-free-white-dogs-adult-white-fish-kopiraj\/#primaryimage"},"thumbnailUrl":"https:\/\/romlay.hr\/wp-content\/uploads\/2023\/05\/product_161_1-1.jpg","datePublished":"2023-05-23T11:28:45+00:00","dateModified":"2026-04-03T10:41:37+00:00","breadcrumb":{"@id":"https:\/\/romlay.hr\/proizvod\/natures-protection-superior-care-grain-free-white-dogs-adult-white-fish-kopiraj\/#breadcrumb"},"inLanguage":"hr","potentialAction":[{"@type":"ReadAction","target":["https:\/\/romlay.hr\/proizvod\/natures-protection-superior-care-grain-free-white-dogs-adult-white-fish-kopiraj\/"]}]},{"@type":"ImageObject","inLanguage":"hr","@id":"https:\/\/romlay.hr\/proizvod\/natures-protection-superior-care-grain-free-white-dogs-adult-white-fish-kopiraj\/#primaryimage","url":"https:\/\/romlay.hr\/wp-content\/uploads\/2023\/05\/product_161_1-1.jpg","contentUrl":"https:\/\/romlay.hr\/wp-content\/uploads\/2023\/05\/product_161_1-1.jpg","width":848,"height":1200},{"@type":"BreadcrumbList","@id":"https:\/\/romlay.hr\/proizvod\/natures-protection-superior-care-grain-free-white-dogs-adult-white-fish-kopiraj\/#breadcrumb","itemListElement":[{"@type":"ListItem","position":1,"name":"Po\u010detna stranica","item":"https:\/\/romlay.hr\/"},{"@type":"ListItem","position":2,"name":"Proizvodi","item":"https:\/\/romlay.hr\/shop\/"},{"@type":"ListItem","position":3,"name":"Nature&#8217;s Protection Superior Care Grain Free White Dogs Adult Salmon"}]},{"@type":"WebSite","@id":"https:\/\/romlay.hr\/#website","url":"https:\/\/romlay.hr\/","name":"Romlay","description":"Toy dog specialist","publisher":{"@id":"https:\/\/romlay.hr\/#organization"},"potentialAction":[{"@type":"SearchAction","target":{"@type":"EntryPoint","urlTemplate":"https:\/\/romlay.hr\/?s={search_term_string}"},"query-input":{"@type":"PropertyValueSpecification","valueRequired":true,"valueName":"search_term_string"}}],"inLanguage":"hr"},{"@type":"Organization","@id":"https:\/\/romlay.hr\/#organization","name":"Romlay","url":"https:\/\/romlay.hr\/","logo":{"@type":"ImageObject","inLanguage":"hr","@id":"https:\/\/romlay.hr\/#\/schema\/logo\/image\/","url":"https:\/\/romlay.hr\/wp-content\/uploads\/2023\/04\/cropped-Romlay-1.png","contentUrl":"https:\/\/romlay.hr\/wp-content\/uploads\/2023\/04\/cropped-Romlay-1.png","width":978,"height":1645,"caption":"Romlay"},"image":{"@id":"https:\/\/romlay.hr\/#\/schema\/logo\/image\/"}}]}},"_links":{"self":[{"href":"https:\/\/romlay.hr\/hr\/wp-json\/wp\/v2\/product\/356","targetHints":{"allow":["GET"]}}],"collection":[{"href":"https:\/\/romlay.hr\/hr\/wp-json\/wp\/v2\/product"}],"about":[{"href":"https:\/\/romlay.hr\/hr\/wp-json\/wp\/v2\/types\/product"}],"wp:featuredmedia":[{"embeddable":true,"href":"https:\/\/romlay.hr\/hr\/wp-json\/wp\/v2\/media\/360"}],"wp:attachment":[{"href":"https:\/\/romlay.hr\/hr\/wp-json\/wp\/v2\/media?parent=356"}],"wp:term":[{"taxonomy":"product_brand","embeddable":true,"href":"https:\/\/romlay.hr\/hr\/wp-json\/wp\/v2\/product_brand?post=356"},{"taxonomy":"product_cat","embeddable":true,"href":"https:\/\/romlay.hr\/hr\/wp-json\/wp\/v2\/product_cat?post=356"},{"taxonomy":"product_tag","embeddable":true,"href":"https:\/\/romlay.hr\/hr\/wp-json\/wp\/v2\/product_tag?post=356"}],"curies":[{"name":"wp","href":"https:\/\/api.w.org\/{rel}","templated":true}]}}