{"id":346,"date":"2023-05-23T11:20:25","date_gmt":"2023-05-23T11:20:25","guid":{"rendered":"https:\/\/romlay.hr\/?post_type=product&#038;p=346"},"modified":"2026-04-03T10:41:37","modified_gmt":"2026-04-03T10:41:37","slug":"natures-protection-superior-care-grain-free-white-dogs-adult-lamb","status":"publish","type":"product","link":"https:\/\/romlay.hr\/hr\/proizvod\/natures-protection-superior-care-grain-free-white-dogs-adult-lamb\/","title":{"rendered":"Nature&#8217;s Protection Superior Care Grain Free White Dogs Adult Lamb"},"content":{"rendered":"<ul>\n<li>Nature\u2019s Protection Superior Care Grain Free White Dogs Adult Lamb je super premium potpuna i uravnote\u017eena suha hrana za odrasle pse malih pasmina bijele I svijetle dlake, formulirana s janjetinom kao glavnim izvorom visokokvalitetnih proteina.\n\nKlju\u010dne zna\u010dajke:\n\nTear Stains Off formula: Poseban kompleks aminokiselina poma\u017ee smanjiti i sprije\u010diti sme\u0111e mrlje od suza i sline, odr\u017eavaju\u0107i bijelu dlaku \u010distom.\n\nJanjetina kao glavni izvor proteina: Lako probavljiv i hranjiv izvor proteina, idealan za pse s osjetljivim probavnim sustavom.\n\nPotpuna i uravnote\u017eena prehrana: Osigurava sve potrebne hranjive tvari za optimalno zdravlje i dobrobit.\n\nOptimalna probavljivost: Sastojci visoke kvalitete osiguravaju lako probavljivu prehranu i maksimalnu apsorpciju hranjivih tvari.\n\n**\n Sastav: ri\u017ea, mast peradi, je\u010dam, janje\u0107e meso (su\u0161eno i fino mljeveno), protein soja izolat, hidrolizat pile\u0107e jetre, lososovo ulje, laneno sjeme, pulpa \u0161e\u0107erne repe, su\u0161ena jaja, dinami\u010dki mikronizirani klinoptilolit (1%), fruktooligosaharid (FOS), su\u0161eno ulje bora\u017eine, ekstrakt cikorije, zeleni \u010daj, su\u0161eni neven, ekstrakt sjemenki gro\u017e\u0111a.\nAditivi\/1 kg: nutritivni dodaci: vitamin A (3a672a) \u2013 18000 IU, vitamin D3 (3a671) \u2013 1500 IU, vitamin E (3a700) \u2013 530 mg, vitamin C (3a312) \u2013 600 mg, \u017eeljezov (II) sulfat monohidrat (3b103) \u2013 80 mg, kalcijev jodat bezvodni (3b202) \u2013 1,7 mg, bakar (II) sulfat pentahidrat (3b405) \u2013 6 mg, manganov sulfat monohidrat (3b503) \u2013 25 mg, cink sulfat 16 monohidrat \u2013 3b1405 mg, natrijev selenit (3b801) \u2013 0,25 mg, taurin (3a370) \u2013 1200 mg, DL-metionin, tehni\u010dki \u010dist (3c301) \u2013 2,5 g. Tehnolo\u0161ki dodaci: ekstrakt ru\u017emarina, ekstrakti tokoferola iz biljnih ulja (1b306(i)).    \nAnaliti\u010dki sastojci: sirovi proteini \u2013 21%, sirova ulja i masti \u2013 18%, sirovi pepeo \u2013 6,2%, sirova vlakna \u2013 1,5%, kalcij \u2013 0,9%, fosfor \u2013 0,8%, kalij \u2013 0 ,6%, natrij \u2013 0,4%, Omega-3 masne kiseline \u2013 0,56%, Omega-6 masne kiseline \u2013 2,11%.<\/li>\n<li>This complete dry dog food contains Tear Stains off formula &#8211; carefully selected amino acids complex and fully balanced ingredients in the composition.<\/li>\n<li>It is enriched with ingredients that provide the perfect performance for the pet&#8217;s well-being. A complete composition of dry dog food will not only provide your pet with all the efficient nutrients but will also ensure perfect digestibility and palatability.<\/li>\n<\/ul>","protected":false},"excerpt":{"rendered":"<ul>\n<li>Nature\u2019s Protection Superior Care Grain Free White Dogs Adult Lamb je super premium potpuna i uravnote\u017eena suha hrana za odrasle pse malih pasmina bijele I svijetle dlake, formulirana s janjetinom kao glavnim izvorom visokokvalitetnih proteina.\n\nKlju\u010dne zna\u010dajke:\n\nTear Stains Off formula: Poseban kompleks aminokiselina poma\u017ee smanjiti i sprije\u010diti sme\u0111e mrlje od suza i sline, odr\u017eavaju\u0107i bijelu dlaku \u010distom.\n\nJanjetina kao glavni izvor proteina: Lako probavljiv i hranjiv izvor proteina, idealan za pse s osjetljivim probavnim sustavom.\n\nPotpuna i uravnote\u017eena prehrana: Osigurava sve potrebne hranjive tvari za optimalno zdravlje i dobrobit.\n\nOptimalna probavljivost: Sastojci visoke kvalitete osiguravaju lako probavljivu prehranu i maksimalnu apsorpciju hranjivih tvari.\n\n**\n Sastav: ri\u017ea, mast peradi, je\u010dam, janje\u0107e meso (su\u0161eno i fino mljeveno), protein soja izolat, hidrolizat pile\u0107e jetre, lososovo ulje, laneno sjeme, pulpa \u0161e\u0107erne repe, su\u0161ena jaja, dinami\u010dki mikronizirani klinoptilolit (1%), fruktooligosaharid (FOS), su\u0161eno ulje bora\u017eine, ekstrakt cikorije, zeleni \u010daj, su\u0161eni neven, ekstrakt sjemenki gro\u017e\u0111a.\nAditivi\/1 kg: nutritivni dodaci: vitamin A (3a672a) \u2013 18000 IU, vitamin D3 (3a671) \u2013 1500 IU, vitamin E (3a700) \u2013 530 mg, vitamin C (3a312) \u2013 600 mg, \u017eeljezov (II) sulfat monohidrat (3b103) \u2013 80 mg, kalcijev jodat bezvodni (3b202) \u2013 1,7 mg, bakar (II) sulfat pentahidrat (3b405) \u2013 6 mg, manganov sulfat monohidrat (3b503) \u2013 25 mg, cink sulfat 16 monohidrat \u2013 3b1405 mg, natrijev selenit (3b801) \u2013 0,25 mg, taurin (3a370) \u2013 1200 mg, DL-metionin, tehni\u010dki \u010dist (3c301) \u2013 2,5 g. Tehnolo\u0161ki dodaci: ekstrakt ru\u017emarina, ekstrakti tokoferola iz biljnih ulja (1b306(i)).    \nAnaliti\u010dki sastojci: sirovi proteini \u2013 21%, sirova ulja i masti \u2013 18%, sirovi pepeo \u2013 6,2%, sirova vlakna \u2013 1,5%, kalcij \u2013 0,9%, fosfor \u2013 0,8%, kalij \u2013 0 ,6%, natrij \u2013 0,4%, Omega-3 masne kiseline \u2013 0,56%, Omega-6 masne kiseline \u2013 2,11%.<\/li>\n<li>This complete dry dog food contains Tear Stains off formula &#8211; carefully selected amino acids complex and fully balanced ingredients in the composition.<\/li>\n<li>It is enriched with ingredients that provide the perfect performance for the pet&#8217;s well-being. A complete composition of dry dog food will not only provide your pet with all the efficient nutrients but will also ensure perfect digestibility and palatability.<\/li>\n<\/ul>","protected":false},"featured_media":347,"template":"","meta":{"_monsterinsights_skip_tracking":false,"_monsterinsights_sitenote_active":false,"_monsterinsights_sitenote_note":"","_monsterinsights_sitenote_category":0,"site-sidebar-layout":"default","site-content-layout":"default","ast-site-content-layout":"default","site-content-style":"default","site-sidebar-style":"default","ast-global-header-display":"","ast-banner-title-visibility":"","ast-main-header-display":"","ast-hfb-above-header-display":"","ast-hfb-below-header-display":"","ast-hfb-mobile-header-display":"","site-post-title":"","ast-breadcrumbs-content":"","ast-featured-img":"","footer-sml-layout":"","ast-disable-related-posts":"","theme-transparent-header-meta":"default","adv-header-id-meta":"","stick-header-meta":"","header-above-stick-meta":"","header-main-stick-meta":"","header-below-stick-meta":"","astra-migrate-meta-layouts":"set","ast-page-background-enabled":"default","ast-page-background-meta":{"desktop":{"background-color":"var(--ast-global-color-4)","background-image":"","background-repeat":"repeat","background-position":"center center","background-size":"auto","background-attachment":"scroll","background-type":"","background-media":"","overlay-type":"","overlay-color":"","overlay-opacity":"","overlay-gradient":""},"tablet":{"background-color":"","background-image":"","background-repeat":"repeat","background-position":"center center","background-size":"auto","background-attachment":"scroll","background-type":"","background-media":"","overlay-type":"","overlay-color":"","overlay-opacity":"","overlay-gradient":""},"mobile":{"background-color":"","background-image":"","background-repeat":"repeat","background-position":"center center","background-size":"auto","background-attachment":"scroll","background-type":"","background-media":"","overlay-type":"","overlay-color":"","overlay-opacity":"","overlay-gradient":""}},"ast-content-background-meta":{"desktop":{"background-color":"var(--ast-global-color-5)","background-image":"","background-repeat":"repeat","background-position":"center center","background-size":"auto","background-attachment":"scroll","background-type":"","background-media":"","overlay-type":"","overlay-color":"","overlay-opacity":"","overlay-gradient":""},"tablet":{"background-color":"var(--ast-global-color-5)","background-image":"","background-repeat":"repeat","background-position":"center center","background-size":"auto","background-attachment":"scroll","background-type":"","background-media":"","overlay-type":"","overlay-color":"","overlay-opacity":"","overlay-gradient":""},"mobile":{"background-color":"var(--ast-global-color-5)","background-image":"","background-repeat":"repeat","background-position":"center center","background-size":"auto","background-attachment":"scroll","background-type":"","background-media":"","overlay-type":"","overlay-color":"","overlay-opacity":"","overlay-gradient":""}}},"product_brand":[],"product_cat":[35,30,29],"product_tag":[],"class_list":{"0":"post-346","1":"product","2":"type-product","3":"status-publish","4":"has-post-thumbnail","6":"product_cat-adult-dry-food","7":"product_cat-dry-food","8":"product_cat-natures-protection","9":"desktop-align-left","10":"tablet-align-left","11":"mobile-align-left","13":"first","14":"instock","15":"shipping-taxable","16":"purchasable","17":"product-type-variable"},"yoast_head":"<!-- This site is optimized with the Yoast SEO plugin v27.4 - https:\/\/yoast.com\/product\/yoast-seo-wordpress\/ -->\n<title>Nature&#039;s Protection Superior Care Grain Free White Dogs Adult Lamb - Romlay<\/title>\n<meta name=\"robots\" content=\"index, follow, max-snippet:-1, max-image-preview:large, max-video-preview:-1\" \/>\n<link rel=\"canonical\" href=\"https:\/\/romlay.hr\/hr\/proizvod\/natures-protection-superior-care-grain-free-white-dogs-adult-lamb\/\" \/>\n<meta property=\"og:locale\" content=\"hr_HR\" \/>\n<meta property=\"og:type\" content=\"article\" \/>\n<meta property=\"og:title\" content=\"Nature&#039;s Protection Superior Care Grain Free White Dogs Adult Lamb - Romlay\" \/>\n<meta property=\"og:description\" content=\"Nature&#039;s Protection Superior Care White Dogs with Lamb for Adult Small and Mini Breeds is a Super Premium complete and balanced dry dog food.  This complete dry dog food contains Tear Stains off formula - carefully selected amino acids complex and fully balanced ingredients in the composition.  It is enriched with ingredients that provide the perfect performance for the pet&#039;s well-being. A complete composition of dry dog food will not only provide your pet with all the efficient nutrients but will also ensure perfect digestibility and palatability.\" \/>\n<meta property=\"og:url\" content=\"https:\/\/romlay.hr\/hr\/proizvod\/natures-protection-superior-care-grain-free-white-dogs-adult-lamb\/\" \/>\n<meta property=\"og:site_name\" content=\"Romlay\" \/>\n<meta property=\"article:modified_time\" content=\"2026-04-03T10:41:37+00:00\" \/>\n<meta property=\"og:image\" content=\"https:\/\/romlay.hr\/wp-content\/uploads\/2023\/05\/nature-s-protection-superior-care-dry-food-for-adult-small-and-mini-breed-dogs-with-white-coat-with-lamb.webp\" \/>\n\t<meta property=\"og:image:width\" content=\"1400\" \/>\n\t<meta property=\"og:image:height\" content=\"1400\" \/>\n\t<meta property=\"og:image:type\" content=\"image\/webp\" \/>\n<meta name=\"twitter:card\" content=\"summary_large_image\" \/>\n<meta name=\"twitter:label1\" content=\"Procijenjeno vrijeme \u010ditanja\" \/>\n\t<meta name=\"twitter:data1\" content=\"1 minuta\" \/>\n<script type=\"application\/ld+json\" class=\"yoast-schema-graph\">{\"@context\":\"https:\\\/\\\/schema.org\",\"@graph\":[{\"@type\":\"WebPage\",\"@id\":\"https:\\\/\\\/romlay.hr\\\/proizvod\\\/natures-protection-superior-care-grain-free-white-dogs-adult-lamb\\\/\",\"url\":\"https:\\\/\\\/romlay.hr\\\/proizvod\\\/natures-protection-superior-care-grain-free-white-dogs-adult-lamb\\\/\",\"name\":\"Nature's Protection Superior Care Grain Free White Dogs Adult Lamb - Romlay\",\"isPartOf\":{\"@id\":\"https:\\\/\\\/romlay.hr\\\/#website\"},\"primaryImageOfPage\":{\"@id\":\"https:\\\/\\\/romlay.hr\\\/proizvod\\\/natures-protection-superior-care-grain-free-white-dogs-adult-lamb\\\/#primaryimage\"},\"image\":{\"@id\":\"https:\\\/\\\/romlay.hr\\\/proizvod\\\/natures-protection-superior-care-grain-free-white-dogs-adult-lamb\\\/#primaryimage\"},\"thumbnailUrl\":\"https:\\\/\\\/romlay.hr\\\/wp-content\\\/uploads\\\/2023\\\/05\\\/nature-s-protection-superior-care-dry-food-for-adult-small-and-mini-breed-dogs-with-white-coat-with-lamb.webp\",\"datePublished\":\"2023-05-23T11:20:25+00:00\",\"dateModified\":\"2026-04-03T10:41:37+00:00\",\"breadcrumb\":{\"@id\":\"https:\\\/\\\/romlay.hr\\\/proizvod\\\/natures-protection-superior-care-grain-free-white-dogs-adult-lamb\\\/#breadcrumb\"},\"inLanguage\":\"hr\",\"potentialAction\":[{\"@type\":\"ReadAction\",\"target\":[\"https:\\\/\\\/romlay.hr\\\/proizvod\\\/natures-protection-superior-care-grain-free-white-dogs-adult-lamb\\\/\"]}]},{\"@type\":\"ImageObject\",\"inLanguage\":\"hr\",\"@id\":\"https:\\\/\\\/romlay.hr\\\/proizvod\\\/natures-protection-superior-care-grain-free-white-dogs-adult-lamb\\\/#primaryimage\",\"url\":\"https:\\\/\\\/romlay.hr\\\/wp-content\\\/uploads\\\/2023\\\/05\\\/nature-s-protection-superior-care-dry-food-for-adult-small-and-mini-breed-dogs-with-white-coat-with-lamb.webp\",\"contentUrl\":\"https:\\\/\\\/romlay.hr\\\/wp-content\\\/uploads\\\/2023\\\/05\\\/nature-s-protection-superior-care-dry-food-for-adult-small-and-mini-breed-dogs-with-white-coat-with-lamb.webp\",\"width\":1400,\"height\":1400},{\"@type\":\"BreadcrumbList\",\"@id\":\"https:\\\/\\\/romlay.hr\\\/proizvod\\\/natures-protection-superior-care-grain-free-white-dogs-adult-lamb\\\/#breadcrumb\",\"itemListElement\":[{\"@type\":\"ListItem\",\"position\":1,\"name\":\"Po\u010detna stranica\",\"item\":\"https:\\\/\\\/romlay.hr\\\/\"},{\"@type\":\"ListItem\",\"position\":2,\"name\":\"Proizvodi\",\"item\":\"https:\\\/\\\/romlay.hr\\\/shop\\\/\"},{\"@type\":\"ListItem\",\"position\":3,\"name\":\"Nature&#8217;s Protection Superior Care Grain Free White Dogs Adult Lamb\"}]},{\"@type\":\"WebSite\",\"@id\":\"https:\\\/\\\/romlay.hr\\\/#website\",\"url\":\"https:\\\/\\\/romlay.hr\\\/\",\"name\":\"Romlay\",\"description\":\"Toy dog specialist\",\"publisher\":{\"@id\":\"https:\\\/\\\/romlay.hr\\\/#organization\"},\"potentialAction\":[{\"@type\":\"SearchAction\",\"target\":{\"@type\":\"EntryPoint\",\"urlTemplate\":\"https:\\\/\\\/romlay.hr\\\/?s={search_term_string}\"},\"query-input\":{\"@type\":\"PropertyValueSpecification\",\"valueRequired\":true,\"valueName\":\"search_term_string\"}}],\"inLanguage\":\"hr\"},{\"@type\":\"Organization\",\"@id\":\"https:\\\/\\\/romlay.hr\\\/#organization\",\"name\":\"Romlay\",\"url\":\"https:\\\/\\\/romlay.hr\\\/\",\"logo\":{\"@type\":\"ImageObject\",\"inLanguage\":\"hr\",\"@id\":\"https:\\\/\\\/romlay.hr\\\/#\\\/schema\\\/logo\\\/image\\\/\",\"url\":\"https:\\\/\\\/romlay.hr\\\/wp-content\\\/uploads\\\/2023\\\/04\\\/cropped-Romlay-1.png\",\"contentUrl\":\"https:\\\/\\\/romlay.hr\\\/wp-content\\\/uploads\\\/2023\\\/04\\\/cropped-Romlay-1.png\",\"width\":978,\"height\":1645,\"caption\":\"Romlay\"},\"image\":{\"@id\":\"https:\\\/\\\/romlay.hr\\\/#\\\/schema\\\/logo\\\/image\\\/\"}}]}<\/script>\n<!-- \/ Yoast SEO plugin. -->","yoast_head_json":{"title":"Nature's Protection Superior Care Grain Free White Dogs Adult Lamb - Romlay","robots":{"index":"index","follow":"follow","max-snippet":"max-snippet:-1","max-image-preview":"max-image-preview:large","max-video-preview":"max-video-preview:-1"},"canonical":"https:\/\/romlay.hr\/hr\/proizvod\/natures-protection-superior-care-grain-free-white-dogs-adult-lamb\/","og_locale":"hr_HR","og_type":"article","og_title":"Nature's Protection Superior Care Grain Free White Dogs Adult Lamb - Romlay","og_description":"Nature's Protection Superior Care White Dogs with Lamb for Adult Small and Mini Breeds is a Super Premium complete and balanced dry dog food.  This complete dry dog food contains Tear Stains off formula - carefully selected amino acids complex and fully balanced ingredients in the composition.  It is enriched with ingredients that provide the perfect performance for the pet's well-being. A complete composition of dry dog food will not only provide your pet with all the efficient nutrients but will also ensure perfect digestibility and palatability.","og_url":"https:\/\/romlay.hr\/hr\/proizvod\/natures-protection-superior-care-grain-free-white-dogs-adult-lamb\/","og_site_name":"Romlay","article_modified_time":"2026-04-03T10:41:37+00:00","og_image":[{"width":1400,"height":1400,"url":"https:\/\/romlay.hr\/wp-content\/uploads\/2023\/05\/nature-s-protection-superior-care-dry-food-for-adult-small-and-mini-breed-dogs-with-white-coat-with-lamb.webp","type":"image\/webp"}],"twitter_card":"summary_large_image","twitter_misc":{"Procijenjeno vrijeme \u010ditanja":"1 minuta"},"schema":{"@context":"https:\/\/schema.org","@graph":[{"@type":"WebPage","@id":"https:\/\/romlay.hr\/proizvod\/natures-protection-superior-care-grain-free-white-dogs-adult-lamb\/","url":"https:\/\/romlay.hr\/proizvod\/natures-protection-superior-care-grain-free-white-dogs-adult-lamb\/","name":"Nature's Protection Superior Care Grain Free White Dogs Adult Lamb - Romlay","isPartOf":{"@id":"https:\/\/romlay.hr\/#website"},"primaryImageOfPage":{"@id":"https:\/\/romlay.hr\/proizvod\/natures-protection-superior-care-grain-free-white-dogs-adult-lamb\/#primaryimage"},"image":{"@id":"https:\/\/romlay.hr\/proizvod\/natures-protection-superior-care-grain-free-white-dogs-adult-lamb\/#primaryimage"},"thumbnailUrl":"https:\/\/romlay.hr\/wp-content\/uploads\/2023\/05\/nature-s-protection-superior-care-dry-food-for-adult-small-and-mini-breed-dogs-with-white-coat-with-lamb.webp","datePublished":"2023-05-23T11:20:25+00:00","dateModified":"2026-04-03T10:41:37+00:00","breadcrumb":{"@id":"https:\/\/romlay.hr\/proizvod\/natures-protection-superior-care-grain-free-white-dogs-adult-lamb\/#breadcrumb"},"inLanguage":"hr","potentialAction":[{"@type":"ReadAction","target":["https:\/\/romlay.hr\/proizvod\/natures-protection-superior-care-grain-free-white-dogs-adult-lamb\/"]}]},{"@type":"ImageObject","inLanguage":"hr","@id":"https:\/\/romlay.hr\/proizvod\/natures-protection-superior-care-grain-free-white-dogs-adult-lamb\/#primaryimage","url":"https:\/\/romlay.hr\/wp-content\/uploads\/2023\/05\/nature-s-protection-superior-care-dry-food-for-adult-small-and-mini-breed-dogs-with-white-coat-with-lamb.webp","contentUrl":"https:\/\/romlay.hr\/wp-content\/uploads\/2023\/05\/nature-s-protection-superior-care-dry-food-for-adult-small-and-mini-breed-dogs-with-white-coat-with-lamb.webp","width":1400,"height":1400},{"@type":"BreadcrumbList","@id":"https:\/\/romlay.hr\/proizvod\/natures-protection-superior-care-grain-free-white-dogs-adult-lamb\/#breadcrumb","itemListElement":[{"@type":"ListItem","position":1,"name":"Po\u010detna stranica","item":"https:\/\/romlay.hr\/"},{"@type":"ListItem","position":2,"name":"Proizvodi","item":"https:\/\/romlay.hr\/shop\/"},{"@type":"ListItem","position":3,"name":"Nature&#8217;s Protection Superior Care Grain Free White Dogs Adult Lamb"}]},{"@type":"WebSite","@id":"https:\/\/romlay.hr\/#website","url":"https:\/\/romlay.hr\/","name":"Romlay","description":"Toy dog specialist","publisher":{"@id":"https:\/\/romlay.hr\/#organization"},"potentialAction":[{"@type":"SearchAction","target":{"@type":"EntryPoint","urlTemplate":"https:\/\/romlay.hr\/?s={search_term_string}"},"query-input":{"@type":"PropertyValueSpecification","valueRequired":true,"valueName":"search_term_string"}}],"inLanguage":"hr"},{"@type":"Organization","@id":"https:\/\/romlay.hr\/#organization","name":"Romlay","url":"https:\/\/romlay.hr\/","logo":{"@type":"ImageObject","inLanguage":"hr","@id":"https:\/\/romlay.hr\/#\/schema\/logo\/image\/","url":"https:\/\/romlay.hr\/wp-content\/uploads\/2023\/04\/cropped-Romlay-1.png","contentUrl":"https:\/\/romlay.hr\/wp-content\/uploads\/2023\/04\/cropped-Romlay-1.png","width":978,"height":1645,"caption":"Romlay"},"image":{"@id":"https:\/\/romlay.hr\/#\/schema\/logo\/image\/"}}]}},"_links":{"self":[{"href":"https:\/\/romlay.hr\/hr\/wp-json\/wp\/v2\/product\/346","targetHints":{"allow":["GET"]}}],"collection":[{"href":"https:\/\/romlay.hr\/hr\/wp-json\/wp\/v2\/product"}],"about":[{"href":"https:\/\/romlay.hr\/hr\/wp-json\/wp\/v2\/types\/product"}],"wp:featuredmedia":[{"embeddable":true,"href":"https:\/\/romlay.hr\/hr\/wp-json\/wp\/v2\/media\/347"}],"wp:attachment":[{"href":"https:\/\/romlay.hr\/hr\/wp-json\/wp\/v2\/media?parent=346"}],"wp:term":[{"taxonomy":"product_brand","embeddable":true,"href":"https:\/\/romlay.hr\/hr\/wp-json\/wp\/v2\/product_brand?post=346"},{"taxonomy":"product_cat","embeddable":true,"href":"https:\/\/romlay.hr\/hr\/wp-json\/wp\/v2\/product_cat?post=346"},{"taxonomy":"product_tag","embeddable":true,"href":"https:\/\/romlay.hr\/hr\/wp-json\/wp\/v2\/product_tag?post=346"}],"curies":[{"name":"wp","href":"https:\/\/api.w.org\/{rel}","templated":true}]}}