{"id":331,"date":"2023-05-23T11:05:37","date_gmt":"2023-05-23T11:05:37","guid":{"rendered":"https:\/\/romlay.hr\/?post_type=product&#038;p=331"},"modified":"2026-01-25T09:07:20","modified_gmt":"2026-01-25T09:07:20","slug":"im-so-silky-shampoo-250ml","status":"publish","type":"product","link":"https:\/\/romlay.hr\/hr\/proizvod\/im-so-silky-shampoo-250ml\/","title":{"rendered":"SO POSH I&#8217;M SO SILKY RINSE OFF CONDITIONER 250ML"},"content":{"rendered":"<p>SO POSH I\u2019m So Silky Rinse Off Conditioner savr\u0161en je za pasmine s svilenkastom, padaju\u0107om dlakom. Ovaj regenerator pru\u017ea dubinsku hidrataciju, \u010dini dlaku glatkom, te\u0161kom i otpornom na stati\u010dki elektricitet.\n\nKlju\u010dne zna\u010dajke:\n\nDubinska hidratacija: Intenzivno hrani i vla\u017ei dlaku za zdrav i svilenkast izgled.\n\nCrosilk\u2122 tehnologija: Funkcionalni svilenkasti protein koji prodire u kutikulu dlake, pobolj\u0161ava meko\u0107u i elasti\u010dnost te daje elegantan zavr\u0161ni efekt.\n\nAnti-stati\u010dka svojstva: Sprje\u010dava stvaranje stati\u010dkog elektriciteta i olak\u0161ava upravljanje dlakom.\n\nPogodno za svilenkaste pasmine: Idealan za Maltezere, Jork\u0161irske terijere i sli\u010dne pasmine.\n\nSigurna formula: Bez parabena, silikona i s pH balansiranom formulom, sigurno za osjetljivu ko\u017eu ljubimaca.\n\n\nKako koristiti:\n\nNakon \u0161amponiranja s SO POSH I\u2019m So Silky Shampoo, nanesite regenerator na dlaku, nje\u017eno umasirajte, a zatim isperite za mek\u0161u i lak\u0161e upravljivu dlaku.\n\nUz SO POSH I\u2019m So Silky Rinse Off Conditioner, dlaka va\u0161eg ljubimca bit \u0107e poput svilenog \u0161ala \u2013 glatka, sjajna i nevjerojatno meka na dodir.<\/p>\n<p>Crosilk\u2122 is composed of the free amino acids present in silk and can penetrate the cuticle in both damaged and undamaged coat hair. It exhibits excellent moisture binding properties improving the softness and handling characteristics of the coat. Pulling your hand through the coat feels like touching a silk scarf.<\/p>\n<p>Najbolji regenerator za Maltezere i Jork\u0161irske Terijer<\/p>\n<p>Bez parabena, silikona, i pH balancirano<\/p>\n<p>&nbsp;<\/p>","protected":false},"excerpt":{"rendered":"<div id=\"ProductAccordion-be297cb0-d412-439e-ac15-db5c4e1eb783-template--16790663004406__main\" class=\"accordion__content rte\">\n<div class=\"metafield-rich_text_field\">\n<p>SO POSH I\u2019m So Silky Rinse Off Conditioner savr\u0161en je za pasmine s svilenkastom, padaju\u0107om dlakom. Ovaj regenerator pru\u017ea dubinsku hidrataciju, \u010dini dlaku glatkom, te\u0161kom i otpornom na stati\u010dki elektricitet.\n\nKlju\u010dne zna\u010dajke:\n\nDubinska hidratacija: Intenzivno hrani i vla\u017ei dlaku za zdrav i svilenkast izgled.\n\nCrosilk\u2122 tehnologija: Funkcionalni svilenkasti protein koji prodire u kutikulu dlake, pobolj\u0161ava meko\u0107u i elasti\u010dnost te daje elegantan zavr\u0161ni efekt.\n\nAnti-stati\u010dka svojstva: Sprje\u010dava stvaranje stati\u010dkog elektriciteta i olak\u0161ava upravljanje dlakom.\n\nPogodno za svilenkaste pasmine: Idealan za Maltezere, Jork\u0161irske terijere i sli\u010dne pasmine.\n\nSigurna formula: Bez parabena, silikona i s pH balansiranom formulom, sigurno za osjetljivu ko\u017eu ljubimaca.\n\n\nKako koristiti:\n\nNakon \u0161amponiranja s SO POSH I\u2019m So Silky Shampoo, nanesite regenerator na dlaku, nje\u017eno umasirajte, a zatim isperite za mek\u0161u i lak\u0161e upravljivu dlaku.\n\nUz SO POSH I\u2019m So Silky Rinse Off Conditioner, dlaka va\u0161eg ljubimca bit \u0107e poput svilenog \u0161ala \u2013 glatka, sjajna i nevjerojatno meka na dodir.<\/p>\n<\/div>\n<\/div>","protected":false},"featured_media":332,"template":"","meta":{"_monsterinsights_skip_tracking":false,"_monsterinsights_sitenote_active":false,"_monsterinsights_sitenote_note":"","_monsterinsights_sitenote_category":0,"site-sidebar-layout":"default","site-content-layout":"default","ast-site-content-layout":"default","site-content-style":"default","site-sidebar-style":"default","ast-global-header-display":"","ast-banner-title-visibility":"","ast-main-header-display":"","ast-hfb-above-header-display":"","ast-hfb-below-header-display":"","ast-hfb-mobile-header-display":"","site-post-title":"","ast-breadcrumbs-content":"","ast-featured-img":"","footer-sml-layout":"","ast-disable-related-posts":"","theme-transparent-header-meta":"default","adv-header-id-meta":"","stick-header-meta":"","header-above-stick-meta":"","header-main-stick-meta":"","header-below-stick-meta":"","astra-migrate-meta-layouts":"default","ast-page-background-enabled":"default","ast-page-background-meta":{"desktop":{"background-color":"var(--ast-global-color-4)","background-image":"","background-repeat":"repeat","background-position":"center center","background-size":"auto","background-attachment":"scroll","background-type":"","background-media":"","overlay-type":"","overlay-color":"","overlay-opacity":"","overlay-gradient":""},"tablet":{"background-color":"","background-image":"","background-repeat":"repeat","background-position":"center center","background-size":"auto","background-attachment":"scroll","background-type":"","background-media":"","overlay-type":"","overlay-color":"","overlay-opacity":"","overlay-gradient":""},"mobile":{"background-color":"","background-image":"","background-repeat":"repeat","background-position":"center center","background-size":"auto","background-attachment":"scroll","background-type":"","background-media":"","overlay-type":"","overlay-color":"","overlay-opacity":"","overlay-gradient":""}},"ast-content-background-meta":{"desktop":{"background-color":"var(--ast-global-color-5)","background-image":"","background-repeat":"repeat","background-position":"center center","background-size":"auto","background-attachment":"scroll","background-type":"","background-media":"","overlay-type":"","overlay-color":"","overlay-opacity":"","overlay-gradient":""},"tablet":{"background-color":"var(--ast-global-color-5)","background-image":"","background-repeat":"repeat","background-position":"center center","background-size":"auto","background-attachment":"scroll","background-type":"","background-media":"","overlay-type":"","overlay-color":"","overlay-opacity":"","overlay-gradient":""},"mobile":{"background-color":"var(--ast-global-color-5)","background-image":"","background-repeat":"repeat","background-position":"center center","background-size":"auto","background-attachment":"scroll","background-type":"","background-media":"","overlay-type":"","overlay-color":"","overlay-opacity":"","overlay-gradient":""}}},"product_brand":[],"product_cat":[24,53],"product_tag":[],"class_list":{"0":"post-331","1":"product","2":"type-product","3":"status-publish","4":"has-post-thumbnail","6":"product_cat-coat-care","7":"product_cat-so-posh","8":"desktop-align-left","9":"tablet-align-left","10":"mobile-align-left","12":"first","13":"outofstock","14":"shipping-taxable","15":"purchasable","16":"product-type-simple"},"yoast_head":"<!-- This site is optimized with the Yoast SEO plugin v27.4 - https:\/\/yoast.com\/product\/yoast-seo-wordpress\/ -->\n<title>SO POSH I&#039;M SO SILKY RINSE OFF CONDITIONER 250ML - Romlay<\/title>\n<meta name=\"robots\" content=\"index, follow, max-snippet:-1, max-image-preview:large, max-video-preview:-1\" \/>\n<link rel=\"canonical\" href=\"https:\/\/romlay.hr\/hr\/proizvod\/im-so-silky-shampoo-250ml\/\" \/>\n<meta property=\"og:locale\" content=\"hr_HR\" \/>\n<meta property=\"og:type\" content=\"article\" \/>\n<meta property=\"og:title\" content=\"SO POSH I&#039;M SO SILKY RINSE OFF CONDITIONER 250ML - Romlay\" \/>\n<meta property=\"og:description\" content=\"I&#039;m So Silky Shampoo is deeply moisturizing. Perfect for breeds with a silky drop coat. Gives a heavy, smooth, and anti-static result. The rich, gentle and deep-cleansing Silk Shampoo nourishes and hydrates the coat. The Shampoo contains Crosilk\u2122 which is a functional silk protein providing smoothness and elegance.\" \/>\n<meta property=\"og:url\" content=\"https:\/\/romlay.hr\/hr\/proizvod\/im-so-silky-shampoo-250ml\/\" \/>\n<meta property=\"og:site_name\" content=\"Romlay\" \/>\n<meta property=\"article:modified_time\" content=\"2026-01-25T09:07:20+00:00\" \/>\n<meta property=\"og:image\" content=\"https:\/\/romlay.hr\/wp-content\/uploads\/2023\/05\/Untitleddesign_22.png\" \/>\n\t<meta property=\"og:image:width\" content=\"2048\" \/>\n\t<meta property=\"og:image:height\" content=\"2048\" \/>\n\t<meta property=\"og:image:type\" content=\"image\/png\" \/>\n<meta name=\"twitter:card\" content=\"summary_large_image\" \/>\n<meta name=\"twitter:label1\" content=\"Procijenjeno vrijeme \u010ditanja\" \/>\n\t<meta name=\"twitter:data1\" content=\"1 minuta\" \/>\n<script type=\"application\/ld+json\" class=\"yoast-schema-graph\">{\"@context\":\"https:\\\/\\\/schema.org\",\"@graph\":[{\"@type\":\"WebPage\",\"@id\":\"https:\\\/\\\/romlay.hr\\\/proizvod\\\/im-so-silky-shampoo-250ml\\\/\",\"url\":\"https:\\\/\\\/romlay.hr\\\/proizvod\\\/im-so-silky-shampoo-250ml\\\/\",\"name\":\"SO POSH I'M SO SILKY RINSE OFF CONDITIONER 250ML - Romlay\",\"isPartOf\":{\"@id\":\"https:\\\/\\\/romlay.hr\\\/#website\"},\"primaryImageOfPage\":{\"@id\":\"https:\\\/\\\/romlay.hr\\\/proizvod\\\/im-so-silky-shampoo-250ml\\\/#primaryimage\"},\"image\":{\"@id\":\"https:\\\/\\\/romlay.hr\\\/proizvod\\\/im-so-silky-shampoo-250ml\\\/#primaryimage\"},\"thumbnailUrl\":\"https:\\\/\\\/romlay.hr\\\/wp-content\\\/uploads\\\/2023\\\/05\\\/Untitleddesign_22.png\",\"datePublished\":\"2023-05-23T11:05:37+00:00\",\"dateModified\":\"2026-01-25T09:07:20+00:00\",\"breadcrumb\":{\"@id\":\"https:\\\/\\\/romlay.hr\\\/proizvod\\\/im-so-silky-shampoo-250ml\\\/#breadcrumb\"},\"inLanguage\":\"hr\",\"potentialAction\":[{\"@type\":\"ReadAction\",\"target\":[\"https:\\\/\\\/romlay.hr\\\/proizvod\\\/im-so-silky-shampoo-250ml\\\/\"]}]},{\"@type\":\"ImageObject\",\"inLanguage\":\"hr\",\"@id\":\"https:\\\/\\\/romlay.hr\\\/proizvod\\\/im-so-silky-shampoo-250ml\\\/#primaryimage\",\"url\":\"https:\\\/\\\/romlay.hr\\\/wp-content\\\/uploads\\\/2023\\\/05\\\/Untitleddesign_22.png\",\"contentUrl\":\"https:\\\/\\\/romlay.hr\\\/wp-content\\\/uploads\\\/2023\\\/05\\\/Untitleddesign_22.png\",\"width\":2048,\"height\":2048},{\"@type\":\"BreadcrumbList\",\"@id\":\"https:\\\/\\\/romlay.hr\\\/proizvod\\\/im-so-silky-shampoo-250ml\\\/#breadcrumb\",\"itemListElement\":[{\"@type\":\"ListItem\",\"position\":1,\"name\":\"Po\u010detna stranica\",\"item\":\"https:\\\/\\\/romlay.hr\\\/\"},{\"@type\":\"ListItem\",\"position\":2,\"name\":\"Proizvodi\",\"item\":\"https:\\\/\\\/romlay.hr\\\/shop\\\/\"},{\"@type\":\"ListItem\",\"position\":3,\"name\":\"SO POSH I&#8217;M SO SILKY RINSE OFF CONDITIONER 250ML\"}]},{\"@type\":\"WebSite\",\"@id\":\"https:\\\/\\\/romlay.hr\\\/#website\",\"url\":\"https:\\\/\\\/romlay.hr\\\/\",\"name\":\"Romlay\",\"description\":\"Toy dog specialist\",\"publisher\":{\"@id\":\"https:\\\/\\\/romlay.hr\\\/#organization\"},\"potentialAction\":[{\"@type\":\"SearchAction\",\"target\":{\"@type\":\"EntryPoint\",\"urlTemplate\":\"https:\\\/\\\/romlay.hr\\\/?s={search_term_string}\"},\"query-input\":{\"@type\":\"PropertyValueSpecification\",\"valueRequired\":true,\"valueName\":\"search_term_string\"}}],\"inLanguage\":\"hr\"},{\"@type\":\"Organization\",\"@id\":\"https:\\\/\\\/romlay.hr\\\/#organization\",\"name\":\"Romlay\",\"url\":\"https:\\\/\\\/romlay.hr\\\/\",\"logo\":{\"@type\":\"ImageObject\",\"inLanguage\":\"hr\",\"@id\":\"https:\\\/\\\/romlay.hr\\\/#\\\/schema\\\/logo\\\/image\\\/\",\"url\":\"https:\\\/\\\/romlay.hr\\\/wp-content\\\/uploads\\\/2023\\\/04\\\/cropped-Romlay-1.png\",\"contentUrl\":\"https:\\\/\\\/romlay.hr\\\/wp-content\\\/uploads\\\/2023\\\/04\\\/cropped-Romlay-1.png\",\"width\":978,\"height\":1645,\"caption\":\"Romlay\"},\"image\":{\"@id\":\"https:\\\/\\\/romlay.hr\\\/#\\\/schema\\\/logo\\\/image\\\/\"}}]}<\/script>\n<!-- \/ Yoast SEO plugin. -->","yoast_head_json":{"title":"SO POSH I'M SO SILKY RINSE OFF CONDITIONER 250ML - Romlay","robots":{"index":"index","follow":"follow","max-snippet":"max-snippet:-1","max-image-preview":"max-image-preview:large","max-video-preview":"max-video-preview:-1"},"canonical":"https:\/\/romlay.hr\/hr\/proizvod\/im-so-silky-shampoo-250ml\/","og_locale":"hr_HR","og_type":"article","og_title":"SO POSH I'M SO SILKY RINSE OFF CONDITIONER 250ML - Romlay","og_description":"I'm So Silky Shampoo is deeply moisturizing. Perfect for breeds with a silky drop coat. Gives a heavy, smooth, and anti-static result. The rich, gentle and deep-cleansing Silk Shampoo nourishes and hydrates the coat. The Shampoo contains Crosilk\u2122 which is a functional silk protein providing smoothness and elegance.","og_url":"https:\/\/romlay.hr\/hr\/proizvod\/im-so-silky-shampoo-250ml\/","og_site_name":"Romlay","article_modified_time":"2026-01-25T09:07:20+00:00","og_image":[{"width":2048,"height":2048,"url":"https:\/\/romlay.hr\/wp-content\/uploads\/2023\/05\/Untitleddesign_22.png","type":"image\/png"}],"twitter_card":"summary_large_image","twitter_misc":{"Procijenjeno vrijeme \u010ditanja":"1 minuta"},"schema":{"@context":"https:\/\/schema.org","@graph":[{"@type":"WebPage","@id":"https:\/\/romlay.hr\/proizvod\/im-so-silky-shampoo-250ml\/","url":"https:\/\/romlay.hr\/proizvod\/im-so-silky-shampoo-250ml\/","name":"SO POSH I'M SO SILKY RINSE OFF CONDITIONER 250ML - Romlay","isPartOf":{"@id":"https:\/\/romlay.hr\/#website"},"primaryImageOfPage":{"@id":"https:\/\/romlay.hr\/proizvod\/im-so-silky-shampoo-250ml\/#primaryimage"},"image":{"@id":"https:\/\/romlay.hr\/proizvod\/im-so-silky-shampoo-250ml\/#primaryimage"},"thumbnailUrl":"https:\/\/romlay.hr\/wp-content\/uploads\/2023\/05\/Untitleddesign_22.png","datePublished":"2023-05-23T11:05:37+00:00","dateModified":"2026-01-25T09:07:20+00:00","breadcrumb":{"@id":"https:\/\/romlay.hr\/proizvod\/im-so-silky-shampoo-250ml\/#breadcrumb"},"inLanguage":"hr","potentialAction":[{"@type":"ReadAction","target":["https:\/\/romlay.hr\/proizvod\/im-so-silky-shampoo-250ml\/"]}]},{"@type":"ImageObject","inLanguage":"hr","@id":"https:\/\/romlay.hr\/proizvod\/im-so-silky-shampoo-250ml\/#primaryimage","url":"https:\/\/romlay.hr\/wp-content\/uploads\/2023\/05\/Untitleddesign_22.png","contentUrl":"https:\/\/romlay.hr\/wp-content\/uploads\/2023\/05\/Untitleddesign_22.png","width":2048,"height":2048},{"@type":"BreadcrumbList","@id":"https:\/\/romlay.hr\/proizvod\/im-so-silky-shampoo-250ml\/#breadcrumb","itemListElement":[{"@type":"ListItem","position":1,"name":"Po\u010detna stranica","item":"https:\/\/romlay.hr\/"},{"@type":"ListItem","position":2,"name":"Proizvodi","item":"https:\/\/romlay.hr\/shop\/"},{"@type":"ListItem","position":3,"name":"SO POSH I&#8217;M SO SILKY RINSE OFF CONDITIONER 250ML"}]},{"@type":"WebSite","@id":"https:\/\/romlay.hr\/#website","url":"https:\/\/romlay.hr\/","name":"Romlay","description":"Toy dog specialist","publisher":{"@id":"https:\/\/romlay.hr\/#organization"},"potentialAction":[{"@type":"SearchAction","target":{"@type":"EntryPoint","urlTemplate":"https:\/\/romlay.hr\/?s={search_term_string}"},"query-input":{"@type":"PropertyValueSpecification","valueRequired":true,"valueName":"search_term_string"}}],"inLanguage":"hr"},{"@type":"Organization","@id":"https:\/\/romlay.hr\/#organization","name":"Romlay","url":"https:\/\/romlay.hr\/","logo":{"@type":"ImageObject","inLanguage":"hr","@id":"https:\/\/romlay.hr\/#\/schema\/logo\/image\/","url":"https:\/\/romlay.hr\/wp-content\/uploads\/2023\/04\/cropped-Romlay-1.png","contentUrl":"https:\/\/romlay.hr\/wp-content\/uploads\/2023\/04\/cropped-Romlay-1.png","width":978,"height":1645,"caption":"Romlay"},"image":{"@id":"https:\/\/romlay.hr\/#\/schema\/logo\/image\/"}}]}},"_links":{"self":[{"href":"https:\/\/romlay.hr\/hr\/wp-json\/wp\/v2\/product\/331","targetHints":{"allow":["GET"]}}],"collection":[{"href":"https:\/\/romlay.hr\/hr\/wp-json\/wp\/v2\/product"}],"about":[{"href":"https:\/\/romlay.hr\/hr\/wp-json\/wp\/v2\/types\/product"}],"wp:featuredmedia":[{"embeddable":true,"href":"https:\/\/romlay.hr\/hr\/wp-json\/wp\/v2\/media\/332"}],"wp:attachment":[{"href":"https:\/\/romlay.hr\/hr\/wp-json\/wp\/v2\/media?parent=331"}],"wp:term":[{"taxonomy":"product_brand","embeddable":true,"href":"https:\/\/romlay.hr\/hr\/wp-json\/wp\/v2\/product_brand?post=331"},{"taxonomy":"product_cat","embeddable":true,"href":"https:\/\/romlay.hr\/hr\/wp-json\/wp\/v2\/product_cat?post=331"},{"taxonomy":"product_tag","embeddable":true,"href":"https:\/\/romlay.hr\/hr\/wp-json\/wp\/v2\/product_tag?post=331"}],"curies":[{"name":"wp","href":"https:\/\/api.w.org\/{rel}","templated":true}]}}