{"id":1826,"date":"2025-03-28T11:36:41","date_gmt":"2025-03-28T11:36:41","guid":{"rendered":"https:\/\/romlay.hr\/?post_type=product&#038;p=1826"},"modified":"2026-03-26T15:19:39","modified_gmt":"2026-03-26T15:19:39","slug":"natures-protection-lososovo-ulje-za-odrasle-pse-i-macke-za-zdravu-kozu-i-sjajnu-dlaku-300-ml","status":"publish","type":"product","link":"https:\/\/romlay.hr\/hr\/proizvod\/natures-protection-lososovo-ulje-za-odrasle-pse-i-macke-za-zdravu-kozu-i-sjajnu-dlaku-300-ml\/","title":{"rendered":"NATURE&#8217;S PROTECTION lososovo ulje, za odrasle pse i ma\u010dke, za zdravu ko\u017eu i sjajnu dlaku 300 ml"},"content":{"rendered":"<div dir=\"auto\">Nature&#8217;s Protection lososovo ulje za odrasle pse i ma\u010dke posebno je formuliran dodatak prehrani napravljen od 100 % \u010distog lososovog ulja, bogat omega masnim kiselinama EPA i DHA.<\/div>\n<div dir=\"auto\">Dizajnirano za podr\u0161ku zdravom metabolizmu, ovo ulje donosi brojne prednosti:<\/div>\n<div dir=\"auto\"><\/div>\n<div dir=\"auto\">Pobolj\u0161ava zdravlje ko\u017ee i sjaj dlake<\/div>\n<div dir=\"auto\">Poma\u017ee u prevenciji ko\u017enih alergija<\/div>\n<div dir=\"auto\">Podr\u017eava op\u0107u dobrobit i vitalnost ljubimca<\/div>\n<div dir=\"auto\"><\/div>\n<div dir=\"auto\">Ovaj dodatak prehrani poma\u017ee osigurati unos esencijalnih nutrijenata potrebnih za odr\u017eavanje zdravlja i energije va\u0161eg psa ili ma\u010dke.<\/div>\n<div dir=\"auto\"><\/div>","protected":false},"excerpt":{"rendered":"<p>Nature&#8217;s Protection lososovo ulje za odrasle pse i ma\u010dke posebno je formuliran dodatak prehrani napravljen od 100 % \u010distog lososovog ulja, bogat omega masnim kiselinama EPA i DHA. Dizajnirano za podr\u0161ku zdravom metabolizmu, ovo ulje donosi brojne prednosti: Pobolj\u0161ava zdravlje ko\u017ee i sjaj dlake Poma\u017ee u prevenciji ko\u017enih alergija Podr\u017eava op\u0107u dobrobit i vitalnost ljubimca Ovaj dodatak prehrani poma\u017ee osigurati unos esencijalnih nutrijenata potrebnih za odr\u017eavanje zdravlja i energije va\u0161eg psa ili ma\u010dke.<\/p>","protected":false},"featured_media":1827,"template":"","meta":{"_monsterinsights_skip_tracking":false,"_monsterinsights_sitenote_active":false,"_monsterinsights_sitenote_note":"","_monsterinsights_sitenote_category":0,"site-sidebar-layout":"default","site-content-layout":"","ast-site-content-layout":"default","site-content-style":"default","site-sidebar-style":"default","ast-global-header-display":"","ast-banner-title-visibility":"","ast-main-header-display":"","ast-hfb-above-header-display":"","ast-hfb-below-header-display":"","ast-hfb-mobile-header-display":"","site-post-title":"","ast-breadcrumbs-content":"","ast-featured-img":"","footer-sml-layout":"","ast-disable-related-posts":"","theme-transparent-header-meta":"default","adv-header-id-meta":"","stick-header-meta":"","header-above-stick-meta":"","header-main-stick-meta":"","header-below-stick-meta":"","astra-migrate-meta-layouts":"set","ast-page-background-enabled":"default","ast-page-background-meta":{"desktop":{"background-color":"var(--ast-global-color-4)","background-image":"","background-repeat":"repeat","background-position":"center center","background-size":"auto","background-attachment":"scroll","background-type":"","background-media":"","overlay-type":"","overlay-color":"","overlay-opacity":"","overlay-gradient":""},"tablet":{"background-color":"","background-image":"","background-repeat":"repeat","background-position":"center center","background-size":"auto","background-attachment":"scroll","background-type":"","background-media":"","overlay-type":"","overlay-color":"","overlay-opacity":"","overlay-gradient":""},"mobile":{"background-color":"","background-image":"","background-repeat":"repeat","background-position":"center center","background-size":"auto","background-attachment":"scroll","background-type":"","background-media":"","overlay-type":"","overlay-color":"","overlay-opacity":"","overlay-gradient":""}},"ast-content-background-meta":{"desktop":{"background-color":"var(--ast-global-color-5)","background-image":"","background-repeat":"repeat","background-position":"center center","background-size":"auto","background-attachment":"scroll","background-type":"","background-media":"","overlay-type":"","overlay-color":"","overlay-opacity":"","overlay-gradient":""},"tablet":{"background-color":"var(--ast-global-color-5)","background-image":"","background-repeat":"repeat","background-position":"center center","background-size":"auto","background-attachment":"scroll","background-type":"","background-media":"","overlay-type":"","overlay-color":"","overlay-opacity":"","overlay-gradient":""},"mobile":{"background-color":"var(--ast-global-color-5)","background-image":"","background-repeat":"repeat","background-position":"center center","background-size":"auto","background-attachment":"scroll","background-type":"","background-media":"","overlay-type":"","overlay-color":"","overlay-opacity":"","overlay-gradient":""}}},"product_brand":[],"product_cat":[42,70],"product_tag":[],"class_list":{"0":"post-1826","1":"product","2":"type-product","3":"status-publish","4":"has-post-thumbnail","6":"product_cat-health","7":"product_cat-natures-protection-health","8":"desktop-align-left","9":"tablet-align-left","10":"mobile-align-left","12":"first","13":"instock","14":"shipping-taxable","15":"purchasable","16":"product-type-simple"},"yoast_head":"<!-- This site is optimized with the Yoast SEO plugin v27.4 - https:\/\/yoast.com\/product\/yoast-seo-wordpress\/ -->\n<title>NATURE&#039;S PROTECTION lososovo ulje, za odrasle pse i ma\u010dke, za zdravu ko\u017eu i sjajnu dlaku 300 ml - Romlay<\/title>\n<meta name=\"robots\" content=\"index, follow, max-snippet:-1, max-image-preview:large, max-video-preview:-1\" \/>\n<link rel=\"canonical\" href=\"https:\/\/romlay.hr\/hr\/proizvod\/natures-protection-lososovo-ulje-za-odrasle-pse-i-macke-za-zdravu-kozu-i-sjajnu-dlaku-300-ml\/\" \/>\n<meta property=\"og:locale\" content=\"hr_HR\" \/>\n<meta property=\"og:type\" content=\"article\" \/>\n<meta property=\"og:title\" content=\"NATURE&#039;S PROTECTION lososovo ulje, za odrasle pse i ma\u010dke, za zdravu ko\u017eu i sjajnu dlaku 300 ml - Romlay\" \/>\n<meta property=\"og:description\" content=\"Nature&#8217;s Protection lososovo ulje za odrasle pse i ma\u010dke posebno je formuliran dodatak prehrani napravljen od 100 % \u010distog lososovog ulja, bogat omega masnim kiselinama EPA i DHA. Dizajnirano za podr\u0161ku zdravom metabolizmu, ovo ulje donosi brojne prednosti: Pobolj\u0161ava zdravlje ko\u017ee i sjaj dlake Poma\u017ee u prevenciji ko\u017enih alergija Podr\u017eava op\u0107u dobrobit i vitalnost ljubimca Ovaj dodatak prehrani poma\u017ee osigurati unos esencijalnih nutrijenata potrebnih za odr\u017eavanje zdravlja i energije va\u0161eg psa ili ma\u010dke.\" \/>\n<meta property=\"og:url\" content=\"https:\/\/romlay.hr\/hr\/proizvod\/natures-protection-lososovo-ulje-za-odrasle-pse-i-macke-za-zdravu-kozu-i-sjajnu-dlaku-300-ml\/\" \/>\n<meta property=\"og:site_name\" content=\"Romlay\" \/>\n<meta property=\"article:modified_time\" content=\"2026-03-26T15:19:39+00:00\" \/>\n<meta property=\"og:image\" content=\"https:\/\/romlay.hr\/wp-content\/uploads\/2025\/03\/salmon-oil.webp\" \/>\n\t<meta property=\"og:image:width\" content=\"590\" \/>\n\t<meta property=\"og:image:height\" content=\"590\" \/>\n\t<meta property=\"og:image:type\" content=\"image\/webp\" \/>\n<meta name=\"twitter:card\" content=\"summary_large_image\" \/>\n<meta name=\"twitter:label1\" content=\"Procijenjeno vrijeme \u010ditanja\" \/>\n\t<meta name=\"twitter:data1\" content=\"1 minuta\" \/>\n<script type=\"application\/ld+json\" class=\"yoast-schema-graph\">{\"@context\":\"https:\\\/\\\/schema.org\",\"@graph\":[{\"@type\":\"WebPage\",\"@id\":\"https:\\\/\\\/romlay.hr\\\/proizvod\\\/natures-protection-lososovo-ulje-za-odrasle-pse-i-macke-za-zdravu-kozu-i-sjajnu-dlaku-300-ml\\\/\",\"url\":\"https:\\\/\\\/romlay.hr\\\/proizvod\\\/natures-protection-lososovo-ulje-za-odrasle-pse-i-macke-za-zdravu-kozu-i-sjajnu-dlaku-300-ml\\\/\",\"name\":\"NATURE'S PROTECTION lososovo ulje, za odrasle pse i ma\u010dke, za zdravu ko\u017eu i sjajnu dlaku 300 ml - Romlay\",\"isPartOf\":{\"@id\":\"https:\\\/\\\/romlay.hr\\\/#website\"},\"primaryImageOfPage\":{\"@id\":\"https:\\\/\\\/romlay.hr\\\/proizvod\\\/natures-protection-lososovo-ulje-za-odrasle-pse-i-macke-za-zdravu-kozu-i-sjajnu-dlaku-300-ml\\\/#primaryimage\"},\"image\":{\"@id\":\"https:\\\/\\\/romlay.hr\\\/proizvod\\\/natures-protection-lososovo-ulje-za-odrasle-pse-i-macke-za-zdravu-kozu-i-sjajnu-dlaku-300-ml\\\/#primaryimage\"},\"thumbnailUrl\":\"https:\\\/\\\/romlay.hr\\\/wp-content\\\/uploads\\\/2025\\\/03\\\/salmon-oil.webp\",\"datePublished\":\"2025-03-28T11:36:41+00:00\",\"dateModified\":\"2026-03-26T15:19:39+00:00\",\"breadcrumb\":{\"@id\":\"https:\\\/\\\/romlay.hr\\\/proizvod\\\/natures-protection-lososovo-ulje-za-odrasle-pse-i-macke-za-zdravu-kozu-i-sjajnu-dlaku-300-ml\\\/#breadcrumb\"},\"inLanguage\":\"hr\",\"potentialAction\":[{\"@type\":\"ReadAction\",\"target\":[\"https:\\\/\\\/romlay.hr\\\/proizvod\\\/natures-protection-lososovo-ulje-za-odrasle-pse-i-macke-za-zdravu-kozu-i-sjajnu-dlaku-300-ml\\\/\"]}]},{\"@type\":\"ImageObject\",\"inLanguage\":\"hr\",\"@id\":\"https:\\\/\\\/romlay.hr\\\/proizvod\\\/natures-protection-lososovo-ulje-za-odrasle-pse-i-macke-za-zdravu-kozu-i-sjajnu-dlaku-300-ml\\\/#primaryimage\",\"url\":\"https:\\\/\\\/romlay.hr\\\/wp-content\\\/uploads\\\/2025\\\/03\\\/salmon-oil.webp\",\"contentUrl\":\"https:\\\/\\\/romlay.hr\\\/wp-content\\\/uploads\\\/2025\\\/03\\\/salmon-oil.webp\",\"width\":590,\"height\":590},{\"@type\":\"BreadcrumbList\",\"@id\":\"https:\\\/\\\/romlay.hr\\\/proizvod\\\/natures-protection-lososovo-ulje-za-odrasle-pse-i-macke-za-zdravu-kozu-i-sjajnu-dlaku-300-ml\\\/#breadcrumb\",\"itemListElement\":[{\"@type\":\"ListItem\",\"position\":1,\"name\":\"Po\u010detna stranica\",\"item\":\"https:\\\/\\\/romlay.hr\\\/\"},{\"@type\":\"ListItem\",\"position\":2,\"name\":\"Proizvodi\",\"item\":\"https:\\\/\\\/romlay.hr\\\/shop\\\/\"},{\"@type\":\"ListItem\",\"position\":3,\"name\":\"NATURE&#8217;S PROTECTION lososovo ulje, za odrasle pse i ma\u010dke, za zdravu ko\u017eu i sjajnu dlaku 300 ml\"}]},{\"@type\":\"WebSite\",\"@id\":\"https:\\\/\\\/romlay.hr\\\/#website\",\"url\":\"https:\\\/\\\/romlay.hr\\\/\",\"name\":\"Romlay\",\"description\":\"Toy dog specialist\",\"publisher\":{\"@id\":\"https:\\\/\\\/romlay.hr\\\/#organization\"},\"potentialAction\":[{\"@type\":\"SearchAction\",\"target\":{\"@type\":\"EntryPoint\",\"urlTemplate\":\"https:\\\/\\\/romlay.hr\\\/?s={search_term_string}\"},\"query-input\":{\"@type\":\"PropertyValueSpecification\",\"valueRequired\":true,\"valueName\":\"search_term_string\"}}],\"inLanguage\":\"hr\"},{\"@type\":\"Organization\",\"@id\":\"https:\\\/\\\/romlay.hr\\\/#organization\",\"name\":\"Romlay\",\"url\":\"https:\\\/\\\/romlay.hr\\\/\",\"logo\":{\"@type\":\"ImageObject\",\"inLanguage\":\"hr\",\"@id\":\"https:\\\/\\\/romlay.hr\\\/#\\\/schema\\\/logo\\\/image\\\/\",\"url\":\"https:\\\/\\\/romlay.hr\\\/wp-content\\\/uploads\\\/2023\\\/04\\\/cropped-Romlay-1.png\",\"contentUrl\":\"https:\\\/\\\/romlay.hr\\\/wp-content\\\/uploads\\\/2023\\\/04\\\/cropped-Romlay-1.png\",\"width\":978,\"height\":1645,\"caption\":\"Romlay\"},\"image\":{\"@id\":\"https:\\\/\\\/romlay.hr\\\/#\\\/schema\\\/logo\\\/image\\\/\"}}]}<\/script>\n<!-- \/ Yoast SEO plugin. -->","yoast_head_json":{"title":"NATURE'S PROTECTION lososovo ulje, za odrasle pse i ma\u010dke, za zdravu ko\u017eu i sjajnu dlaku 300 ml - Romlay","robots":{"index":"index","follow":"follow","max-snippet":"max-snippet:-1","max-image-preview":"max-image-preview:large","max-video-preview":"max-video-preview:-1"},"canonical":"https:\/\/romlay.hr\/hr\/proizvod\/natures-protection-lososovo-ulje-za-odrasle-pse-i-macke-za-zdravu-kozu-i-sjajnu-dlaku-300-ml\/","og_locale":"hr_HR","og_type":"article","og_title":"NATURE'S PROTECTION lososovo ulje, za odrasle pse i ma\u010dke, za zdravu ko\u017eu i sjajnu dlaku 300 ml - Romlay","og_description":"Nature&#8217;s Protection lososovo ulje za odrasle pse i ma\u010dke posebno je formuliran dodatak prehrani napravljen od 100 % \u010distog lososovog ulja, bogat omega masnim kiselinama EPA i DHA. Dizajnirano za podr\u0161ku zdravom metabolizmu, ovo ulje donosi brojne prednosti: Pobolj\u0161ava zdravlje ko\u017ee i sjaj dlake Poma\u017ee u prevenciji ko\u017enih alergija Podr\u017eava op\u0107u dobrobit i vitalnost ljubimca Ovaj dodatak prehrani poma\u017ee osigurati unos esencijalnih nutrijenata potrebnih za odr\u017eavanje zdravlja i energije va\u0161eg psa ili ma\u010dke.","og_url":"https:\/\/romlay.hr\/hr\/proizvod\/natures-protection-lososovo-ulje-za-odrasle-pse-i-macke-za-zdravu-kozu-i-sjajnu-dlaku-300-ml\/","og_site_name":"Romlay","article_modified_time":"2026-03-26T15:19:39+00:00","og_image":[{"width":590,"height":590,"url":"https:\/\/romlay.hr\/wp-content\/uploads\/2025\/03\/salmon-oil.webp","type":"image\/webp"}],"twitter_card":"summary_large_image","twitter_misc":{"Procijenjeno vrijeme \u010ditanja":"1 minuta"},"schema":{"@context":"https:\/\/schema.org","@graph":[{"@type":"WebPage","@id":"https:\/\/romlay.hr\/proizvod\/natures-protection-lososovo-ulje-za-odrasle-pse-i-macke-za-zdravu-kozu-i-sjajnu-dlaku-300-ml\/","url":"https:\/\/romlay.hr\/proizvod\/natures-protection-lososovo-ulje-za-odrasle-pse-i-macke-za-zdravu-kozu-i-sjajnu-dlaku-300-ml\/","name":"NATURE'S PROTECTION lososovo ulje, za odrasle pse i ma\u010dke, za zdravu ko\u017eu i sjajnu dlaku 300 ml - Romlay","isPartOf":{"@id":"https:\/\/romlay.hr\/#website"},"primaryImageOfPage":{"@id":"https:\/\/romlay.hr\/proizvod\/natures-protection-lososovo-ulje-za-odrasle-pse-i-macke-za-zdravu-kozu-i-sjajnu-dlaku-300-ml\/#primaryimage"},"image":{"@id":"https:\/\/romlay.hr\/proizvod\/natures-protection-lososovo-ulje-za-odrasle-pse-i-macke-za-zdravu-kozu-i-sjajnu-dlaku-300-ml\/#primaryimage"},"thumbnailUrl":"https:\/\/romlay.hr\/wp-content\/uploads\/2025\/03\/salmon-oil.webp","datePublished":"2025-03-28T11:36:41+00:00","dateModified":"2026-03-26T15:19:39+00:00","breadcrumb":{"@id":"https:\/\/romlay.hr\/proizvod\/natures-protection-lososovo-ulje-za-odrasle-pse-i-macke-za-zdravu-kozu-i-sjajnu-dlaku-300-ml\/#breadcrumb"},"inLanguage":"hr","potentialAction":[{"@type":"ReadAction","target":["https:\/\/romlay.hr\/proizvod\/natures-protection-lososovo-ulje-za-odrasle-pse-i-macke-za-zdravu-kozu-i-sjajnu-dlaku-300-ml\/"]}]},{"@type":"ImageObject","inLanguage":"hr","@id":"https:\/\/romlay.hr\/proizvod\/natures-protection-lososovo-ulje-za-odrasle-pse-i-macke-za-zdravu-kozu-i-sjajnu-dlaku-300-ml\/#primaryimage","url":"https:\/\/romlay.hr\/wp-content\/uploads\/2025\/03\/salmon-oil.webp","contentUrl":"https:\/\/romlay.hr\/wp-content\/uploads\/2025\/03\/salmon-oil.webp","width":590,"height":590},{"@type":"BreadcrumbList","@id":"https:\/\/romlay.hr\/proizvod\/natures-protection-lososovo-ulje-za-odrasle-pse-i-macke-za-zdravu-kozu-i-sjajnu-dlaku-300-ml\/#breadcrumb","itemListElement":[{"@type":"ListItem","position":1,"name":"Po\u010detna stranica","item":"https:\/\/romlay.hr\/"},{"@type":"ListItem","position":2,"name":"Proizvodi","item":"https:\/\/romlay.hr\/shop\/"},{"@type":"ListItem","position":3,"name":"NATURE&#8217;S PROTECTION lososovo ulje, za odrasle pse i ma\u010dke, za zdravu ko\u017eu i sjajnu dlaku 300 ml"}]},{"@type":"WebSite","@id":"https:\/\/romlay.hr\/#website","url":"https:\/\/romlay.hr\/","name":"Romlay","description":"Toy dog specialist","publisher":{"@id":"https:\/\/romlay.hr\/#organization"},"potentialAction":[{"@type":"SearchAction","target":{"@type":"EntryPoint","urlTemplate":"https:\/\/romlay.hr\/?s={search_term_string}"},"query-input":{"@type":"PropertyValueSpecification","valueRequired":true,"valueName":"search_term_string"}}],"inLanguage":"hr"},{"@type":"Organization","@id":"https:\/\/romlay.hr\/#organization","name":"Romlay","url":"https:\/\/romlay.hr\/","logo":{"@type":"ImageObject","inLanguage":"hr","@id":"https:\/\/romlay.hr\/#\/schema\/logo\/image\/","url":"https:\/\/romlay.hr\/wp-content\/uploads\/2023\/04\/cropped-Romlay-1.png","contentUrl":"https:\/\/romlay.hr\/wp-content\/uploads\/2023\/04\/cropped-Romlay-1.png","width":978,"height":1645,"caption":"Romlay"},"image":{"@id":"https:\/\/romlay.hr\/#\/schema\/logo\/image\/"}}]}},"_links":{"self":[{"href":"https:\/\/romlay.hr\/hr\/wp-json\/wp\/v2\/product\/1826","targetHints":{"allow":["GET"]}}],"collection":[{"href":"https:\/\/romlay.hr\/hr\/wp-json\/wp\/v2\/product"}],"about":[{"href":"https:\/\/romlay.hr\/hr\/wp-json\/wp\/v2\/types\/product"}],"wp:featuredmedia":[{"embeddable":true,"href":"https:\/\/romlay.hr\/hr\/wp-json\/wp\/v2\/media\/1827"}],"wp:attachment":[{"href":"https:\/\/romlay.hr\/hr\/wp-json\/wp\/v2\/media?parent=1826"}],"wp:term":[{"taxonomy":"product_brand","embeddable":true,"href":"https:\/\/romlay.hr\/hr\/wp-json\/wp\/v2\/product_brand?post=1826"},{"taxonomy":"product_cat","embeddable":true,"href":"https:\/\/romlay.hr\/hr\/wp-json\/wp\/v2\/product_cat?post=1826"},{"taxonomy":"product_tag","embeddable":true,"href":"https:\/\/romlay.hr\/hr\/wp-json\/wp\/v2\/product_tag?post=1826"}],"curies":[{"name":"wp","href":"https:\/\/api.w.org\/{rel}","templated":true}]}}