{"id":1823,"date":"2025-03-28T11:20:50","date_gmt":"2025-03-28T11:20:50","guid":{"rendered":"https:\/\/romlay.hr\/?post_type=product&#038;p=1823"},"modified":"2025-03-28T11:20:50","modified_gmt":"2025-03-28T11:20:50","slug":"tauro-pro-line-sisac-za-kucne-ljubimce","status":"publish","type":"product","link":"https:\/\/romlay.hr\/hr\/proizvod\/tauro-pro-line-sisac-za-kucne-ljubimce\/","title":{"rendered":"TAURO PRO LINE \u0161i\u0161a\u010d za ku\u0107ne ljubimce"},"content":{"rendered":"<div dir=\"auto\">Tauro Pro Line profesionalni \u0161i\u0161a\u010d za ku\u0107ne ljubimce opremljen je LED zaslonom, ergonomskom dr\u0161kom i ekskluzivnom funkcijom hla\u0111enja. \u0160i\u0161a\u010d ima \u010detiri postavke duljine \u0161i\u0161anja: 1,0 mm, 1,3 mm, 1,6 mm i 1,9 mm. Pru\u017ea ve\u0107u svestranost i udobnost pri \u0161i\u0161anju, osobito kada se koristi sa specijalnim nastavcima. Njegov ergonomski dizajn osigurava ugodno dr\u017eanje i sprje\u010dava naprezanje zape\u0161\u0107a tijekom njege ljubimca. Ovaj lagani \u0161i\u0161a\u010d ima dr\u0161ku koja se ne zagrijava, \u0161to omogu\u0107uje neprekidan rad i \u0161tedi vrijeme. Ure\u0111aj posjeduje jedinstvenu funkciju hla\u0111enja \u2013 tijekom \u0161i\u0161anja pru\u017ea ugodan osje\u0107aj va\u0161em ljubimcu, bez nelagode ili iritacije, samo osvje\u017eenje. To smanjuje stres kod \u017eivotinje i olak\u0161ava posao groomeru.<\/div>\n<div dir=\"auto\"><\/div>\n<div dir=\"auto\">Prednosti:<\/div>\n<div dir=\"auto\">\u010cetiri postavke duljine \u0161i\u0161anja<\/div>\n<div dir=\"auto\">Funkcija hla\u0111enja<\/div>\n<div dir=\"auto\">Tih rad<\/div>\n<div dir=\"auto\">Mogu\u0107nost rada bez kabela<\/div>\n<div dir=\"auto\">Ergonomski i lagan dizajn<\/div>\n<div dir=\"auto\">U\u0161teda vremena: Sna\u017ean motor i o\u0161tri no\u017eevi omogu\u0107uju br\u017ee \u0161i\u0161anje<\/div>\n<div dir=\"auto\">Svestranost: Pogodno za \u0161i\u0161anje ljubimaca razli\u010ditih pasmina i duljina dlake<\/div>\n<div dir=\"auto\"><\/div>\n<div dir=\"auto\"><\/div>\n<div dir=\"auto\">Tehni\u010dki podaci:<\/div>\n<div dir=\"auto\">Ulazni napon: AC 100 V \u2013 240 V, 50 \u2013 60 Hz<\/div>\n<div dir=\"auto\">Brzina se mo\u017ee pode\u0161avati: 6000 \u2013 6500 okr\/min (rpm)<\/div>\n<div dir=\"auto\">Za optimalne rezultate preporu\u010duje se vi\u0161i broj okretaja<\/div>\n<div dir=\"auto\">Izlazni napon: DC 3,7 V, 1000 mA<\/div>\n<div dir=\"auto\">Baterija: 3,7 V, 2200 mAh<\/div>\n<div dir=\"auto\">Tip baterije: Punjiva litij-ionska baterija<\/div>\n<div dir=\"auto\">Vrijeme punjenja: Otprilike 3 sata<\/div>\n<div dir=\"auto\">Autonomija (puna baterija): Otprilike 4 sata<\/div>\n<div dir=\"auto\">Materijal glave: Keramika<\/div>\n<div dir=\"auto\">Boja: bijela<\/div>","protected":false},"excerpt":{"rendered":"<p>Tauro Pro Line profesionalni \u0161i\u0161a\u010d za ku\u0107ne ljubimce opremljen je LED zaslonom, ergonomskom dr\u0161kom i ekskluzivnom funkcijom hla\u0111enja. \u0160i\u0161a\u010d ima \u010detiri postavke duljine \u0161i\u0161anja: 1,0 mm, 1,3 mm, 1,6 mm i 1,9 mm. Pru\u017ea ve\u0107u svestranost i udobnost pri \u0161i\u0161anju, osobito kada se koristi sa specijalnim nastavcima. Njegov ergonomski dizajn osigurava ugodno dr\u017eanje i sprje\u010dava naprezanje zape\u0161\u0107a tijekom njege ljubimca. Ovaj lagani \u0161i\u0161a\u010d ima dr\u0161ku koja se ne zagrijava, \u0161to omogu\u0107uje neprekidan rad i \u0161tedi vrijeme. Ure\u0111aj posjeduje jedinstvenu funkciju hla\u0111enja \u2013 tijekom \u0161i\u0161anja pru\u017ea ugodan osje\u0107aj va\u0161em ljubimcu, bez nelagode ili iritacije, samo osvje\u017eenje. To smanjuje stres kod \u017eivotinje i olak\u0161ava posao groomeru. Prednosti: \u010cetiri postavke duljine \u0161i\u0161anja Funkcija hla\u0111enja Tih rad Mogu\u0107nost rada bez kabela Ergonomski i lagan dizajn U\u0161teda vremena: Sna\u017ean motor i o\u0161tri no\u017eevi omogu\u0107uju br\u017ee \u0161i\u0161anje Svestranost: Pogodno za \u0161i\u0161anje ljubimaca razli\u010ditih pasmina i duljina dlake Tehni\u010dki podaci: Ulazni napon: AC 100 V \u2013 240 V, 50 \u2013 60 Hz Brzina se mo\u017ee pode\u0161avati: 6000 \u2013 6500 okr\/min (rpm) Za optimalne rezultate preporu\u010duje se vi\u0161i broj okretaja Izlazni napon: DC 3,7 V, 1000 mA Baterija: 3,7 V, 2200 mAh Tip baterije: Punjiva litij-ionska baterija Vrijeme punjenja: Otprilike 3 sata Autonomija (puna baterija): Otprilike 4 sata Materijal glave: Keramika Boja: bijela<\/p>","protected":false},"featured_media":1824,"template":"","meta":{"_monsterinsights_skip_tracking":false,"_monsterinsights_sitenote_active":false,"_monsterinsights_sitenote_note":"","_monsterinsights_sitenote_category":0,"site-sidebar-layout":"default","site-content-layout":"","ast-site-content-layout":"default","site-content-style":"default","site-sidebar-style":"default","ast-global-header-display":"","ast-banner-title-visibility":"","ast-main-header-display":"","ast-hfb-above-header-display":"","ast-hfb-below-header-display":"","ast-hfb-mobile-header-display":"","site-post-title":"","ast-breadcrumbs-content":"","ast-featured-img":"","footer-sml-layout":"","ast-disable-related-posts":"","theme-transparent-header-meta":"default","adv-header-id-meta":"","stick-header-meta":"","header-above-stick-meta":"","header-main-stick-meta":"","header-below-stick-meta":"","astra-migrate-meta-layouts":"set","ast-page-background-enabled":"default","ast-page-background-meta":{"desktop":{"background-color":"var(--ast-global-color-4)","background-image":"","background-repeat":"repeat","background-position":"center center","background-size":"auto","background-attachment":"scroll","background-type":"","background-media":"","overlay-type":"","overlay-color":"","overlay-opacity":"","overlay-gradient":""},"tablet":{"background-color":"","background-image":"","background-repeat":"repeat","background-position":"center center","background-size":"auto","background-attachment":"scroll","background-type":"","background-media":"","overlay-type":"","overlay-color":"","overlay-opacity":"","overlay-gradient":""},"mobile":{"background-color":"","background-image":"","background-repeat":"repeat","background-position":"center center","background-size":"auto","background-attachment":"scroll","background-type":"","background-media":"","overlay-type":"","overlay-color":"","overlay-opacity":"","overlay-gradient":""}},"ast-content-background-meta":{"desktop":{"background-color":"var(--ast-global-color-5)","background-image":"","background-repeat":"repeat","background-position":"center center","background-size":"auto","background-attachment":"scroll","background-type":"","background-media":"","overlay-type":"","overlay-color":"","overlay-opacity":"","overlay-gradient":""},"tablet":{"background-color":"var(--ast-global-color-5)","background-image":"","background-repeat":"repeat","background-position":"center center","background-size":"auto","background-attachment":"scroll","background-type":"","background-media":"","overlay-type":"","overlay-color":"","overlay-opacity":"","overlay-gradient":""},"mobile":{"background-color":"var(--ast-global-color-5)","background-image":"","background-repeat":"repeat","background-position":"center center","background-size":"auto","background-attachment":"scroll","background-type":"","background-media":"","overlay-type":"","overlay-color":"","overlay-opacity":"","overlay-gradient":""}}},"product_brand":[],"product_cat":[44,67],"product_tag":[],"class_list":{"0":"post-1823","1":"product","2":"type-product","3":"status-publish","4":"has-post-thumbnail","6":"product_cat-accessories","7":"product_cat-brushes-combs","8":"desktop-align-left","9":"tablet-align-left","10":"mobile-align-left","12":"first","13":"instock","14":"shipping-taxable","15":"purchasable","16":"product-type-simple"},"yoast_head":"<!-- This site is optimized with the Yoast SEO plugin v27.4 - https:\/\/yoast.com\/product\/yoast-seo-wordpress\/ -->\n<title>TAURO PRO LINE \u0161i\u0161a\u010d za ku\u0107ne ljubimce - Romlay<\/title>\n<meta name=\"robots\" content=\"index, follow, max-snippet:-1, max-image-preview:large, max-video-preview:-1\" \/>\n<link rel=\"canonical\" href=\"https:\/\/romlay.hr\/hr\/proizvod\/tauro-pro-line-sisac-za-kucne-ljubimce\/\" \/>\n<meta property=\"og:locale\" content=\"hr_HR\" \/>\n<meta property=\"og:type\" content=\"article\" \/>\n<meta property=\"og:title\" content=\"TAURO PRO LINE \u0161i\u0161a\u010d za ku\u0107ne ljubimce - Romlay\" \/>\n<meta property=\"og:description\" content=\"Tauro Pro Line profesionalni \u0161i\u0161a\u010d za ku\u0107ne ljubimce opremljen je LED zaslonom, ergonomskom dr\u0161kom i ekskluzivnom funkcijom hla\u0111enja. \u0160i\u0161a\u010d ima \u010detiri postavke duljine \u0161i\u0161anja: 1,0 mm, 1,3 mm, 1,6 mm i 1,9 mm. Pru\u017ea ve\u0107u svestranost i udobnost pri \u0161i\u0161anju, osobito kada se koristi sa specijalnim nastavcima. Njegov ergonomski dizajn osigurava ugodno dr\u017eanje i sprje\u010dava naprezanje zape\u0161\u0107a tijekom njege ljubimca. Ovaj lagani \u0161i\u0161a\u010d ima dr\u0161ku koja se ne zagrijava, \u0161to omogu\u0107uje neprekidan rad i \u0161tedi vrijeme. Ure\u0111aj posjeduje jedinstvenu funkciju hla\u0111enja \u2013 tijekom \u0161i\u0161anja pru\u017ea ugodan osje\u0107aj va\u0161em ljubimcu, bez nelagode ili iritacije, samo osvje\u017eenje. To smanjuje stres kod \u017eivotinje i olak\u0161ava posao groomeru. Prednosti: \u010cetiri postavke duljine \u0161i\u0161anja Funkcija hla\u0111enja Tih rad Mogu\u0107nost rada bez kabela Ergonomski i lagan dizajn U\u0161teda vremena: Sna\u017ean motor i o\u0161tri no\u017eevi omogu\u0107uju br\u017ee \u0161i\u0161anje Svestranost: Pogodno za \u0161i\u0161anje ljubimaca razli\u010ditih pasmina i duljina dlake Tehni\u010dki podaci: Ulazni napon: AC 100 V \u2013 240 V, 50 \u2013 60 Hz Brzina se mo\u017ee pode\u0161avati: 6000 \u2013 6500 okr\/min (rpm) Za optimalne rezultate preporu\u010duje se vi\u0161i broj okretaja Izlazni napon: DC 3,7 V, 1000 mA Baterija: 3,7 V, 2200 mAh Tip baterije: Punjiva litij-ionska baterija Vrijeme punjenja: Otprilike 3 sata Autonomija (puna baterija): Otprilike 4 sata Materijal glave: Keramika Boja: bijela\" \/>\n<meta property=\"og:url\" content=\"https:\/\/romlay.hr\/hr\/proizvod\/tauro-pro-line-sisac-za-kucne-ljubimce\/\" \/>\n<meta property=\"og:site_name\" content=\"Romlay\" \/>\n<meta property=\"og:image\" content=\"https:\/\/romlay.hr\/wp-content\/uploads\/2025\/03\/clipper-tpl.webp\" \/>\n\t<meta property=\"og:image:width\" content=\"590\" \/>\n\t<meta property=\"og:image:height\" content=\"590\" \/>\n\t<meta property=\"og:image:type\" content=\"image\/webp\" \/>\n<meta name=\"twitter:card\" content=\"summary_large_image\" \/>\n<meta name=\"twitter:label1\" content=\"Procijenjeno vrijeme \u010ditanja\" \/>\n\t<meta name=\"twitter:data1\" content=\"2 minute\" \/>\n<script type=\"application\/ld+json\" class=\"yoast-schema-graph\">{\"@context\":\"https:\\\/\\\/schema.org\",\"@graph\":[{\"@type\":\"WebPage\",\"@id\":\"https:\\\/\\\/romlay.hr\\\/proizvod\\\/tauro-pro-line-sisac-za-kucne-ljubimce\\\/\",\"url\":\"https:\\\/\\\/romlay.hr\\\/proizvod\\\/tauro-pro-line-sisac-za-kucne-ljubimce\\\/\",\"name\":\"TAURO PRO LINE \u0161i\u0161a\u010d za ku\u0107ne ljubimce - Romlay\",\"isPartOf\":{\"@id\":\"https:\\\/\\\/romlay.hr\\\/#website\"},\"primaryImageOfPage\":{\"@id\":\"https:\\\/\\\/romlay.hr\\\/proizvod\\\/tauro-pro-line-sisac-za-kucne-ljubimce\\\/#primaryimage\"},\"image\":{\"@id\":\"https:\\\/\\\/romlay.hr\\\/proizvod\\\/tauro-pro-line-sisac-za-kucne-ljubimce\\\/#primaryimage\"},\"thumbnailUrl\":\"https:\\\/\\\/romlay.hr\\\/wp-content\\\/uploads\\\/2025\\\/03\\\/clipper-tpl.webp\",\"datePublished\":\"2025-03-28T11:20:50+00:00\",\"breadcrumb\":{\"@id\":\"https:\\\/\\\/romlay.hr\\\/proizvod\\\/tauro-pro-line-sisac-za-kucne-ljubimce\\\/#breadcrumb\"},\"inLanguage\":\"hr\",\"potentialAction\":[{\"@type\":\"ReadAction\",\"target\":[\"https:\\\/\\\/romlay.hr\\\/proizvod\\\/tauro-pro-line-sisac-za-kucne-ljubimce\\\/\"]}]},{\"@type\":\"ImageObject\",\"inLanguage\":\"hr\",\"@id\":\"https:\\\/\\\/romlay.hr\\\/proizvod\\\/tauro-pro-line-sisac-za-kucne-ljubimce\\\/#primaryimage\",\"url\":\"https:\\\/\\\/romlay.hr\\\/wp-content\\\/uploads\\\/2025\\\/03\\\/clipper-tpl.webp\",\"contentUrl\":\"https:\\\/\\\/romlay.hr\\\/wp-content\\\/uploads\\\/2025\\\/03\\\/clipper-tpl.webp\",\"width\":590,\"height\":590},{\"@type\":\"BreadcrumbList\",\"@id\":\"https:\\\/\\\/romlay.hr\\\/proizvod\\\/tauro-pro-line-sisac-za-kucne-ljubimce\\\/#breadcrumb\",\"itemListElement\":[{\"@type\":\"ListItem\",\"position\":1,\"name\":\"Po\u010detna stranica\",\"item\":\"https:\\\/\\\/romlay.hr\\\/\"},{\"@type\":\"ListItem\",\"position\":2,\"name\":\"Proizvodi\",\"item\":\"https:\\\/\\\/romlay.hr\\\/shop\\\/\"},{\"@type\":\"ListItem\",\"position\":3,\"name\":\"TAURO PRO LINE \u0161i\u0161a\u010d za ku\u0107ne ljubimce\"}]},{\"@type\":\"WebSite\",\"@id\":\"https:\\\/\\\/romlay.hr\\\/#website\",\"url\":\"https:\\\/\\\/romlay.hr\\\/\",\"name\":\"Romlay\",\"description\":\"Toy dog specialist\",\"publisher\":{\"@id\":\"https:\\\/\\\/romlay.hr\\\/#organization\"},\"potentialAction\":[{\"@type\":\"SearchAction\",\"target\":{\"@type\":\"EntryPoint\",\"urlTemplate\":\"https:\\\/\\\/romlay.hr\\\/?s={search_term_string}\"},\"query-input\":{\"@type\":\"PropertyValueSpecification\",\"valueRequired\":true,\"valueName\":\"search_term_string\"}}],\"inLanguage\":\"hr\"},{\"@type\":\"Organization\",\"@id\":\"https:\\\/\\\/romlay.hr\\\/#organization\",\"name\":\"Romlay\",\"url\":\"https:\\\/\\\/romlay.hr\\\/\",\"logo\":{\"@type\":\"ImageObject\",\"inLanguage\":\"hr\",\"@id\":\"https:\\\/\\\/romlay.hr\\\/#\\\/schema\\\/logo\\\/image\\\/\",\"url\":\"https:\\\/\\\/romlay.hr\\\/wp-content\\\/uploads\\\/2023\\\/04\\\/cropped-Romlay-1.png\",\"contentUrl\":\"https:\\\/\\\/romlay.hr\\\/wp-content\\\/uploads\\\/2023\\\/04\\\/cropped-Romlay-1.png\",\"width\":978,\"height\":1645,\"caption\":\"Romlay\"},\"image\":{\"@id\":\"https:\\\/\\\/romlay.hr\\\/#\\\/schema\\\/logo\\\/image\\\/\"}}]}<\/script>\n<!-- \/ Yoast SEO plugin. -->","yoast_head_json":{"title":"TAURO PRO LINE \u0161i\u0161a\u010d za ku\u0107ne ljubimce - Romlay","robots":{"index":"index","follow":"follow","max-snippet":"max-snippet:-1","max-image-preview":"max-image-preview:large","max-video-preview":"max-video-preview:-1"},"canonical":"https:\/\/romlay.hr\/hr\/proizvod\/tauro-pro-line-sisac-za-kucne-ljubimce\/","og_locale":"hr_HR","og_type":"article","og_title":"TAURO PRO LINE \u0161i\u0161a\u010d za ku\u0107ne ljubimce - Romlay","og_description":"Tauro Pro Line profesionalni \u0161i\u0161a\u010d za ku\u0107ne ljubimce opremljen je LED zaslonom, ergonomskom dr\u0161kom i ekskluzivnom funkcijom hla\u0111enja. \u0160i\u0161a\u010d ima \u010detiri postavke duljine \u0161i\u0161anja: 1,0 mm, 1,3 mm, 1,6 mm i 1,9 mm. Pru\u017ea ve\u0107u svestranost i udobnost pri \u0161i\u0161anju, osobito kada se koristi sa specijalnim nastavcima. Njegov ergonomski dizajn osigurava ugodno dr\u017eanje i sprje\u010dava naprezanje zape\u0161\u0107a tijekom njege ljubimca. Ovaj lagani \u0161i\u0161a\u010d ima dr\u0161ku koja se ne zagrijava, \u0161to omogu\u0107uje neprekidan rad i \u0161tedi vrijeme. Ure\u0111aj posjeduje jedinstvenu funkciju hla\u0111enja \u2013 tijekom \u0161i\u0161anja pru\u017ea ugodan osje\u0107aj va\u0161em ljubimcu, bez nelagode ili iritacije, samo osvje\u017eenje. To smanjuje stres kod \u017eivotinje i olak\u0161ava posao groomeru. Prednosti: \u010cetiri postavke duljine \u0161i\u0161anja Funkcija hla\u0111enja Tih rad Mogu\u0107nost rada bez kabela Ergonomski i lagan dizajn U\u0161teda vremena: Sna\u017ean motor i o\u0161tri no\u017eevi omogu\u0107uju br\u017ee \u0161i\u0161anje Svestranost: Pogodno za \u0161i\u0161anje ljubimaca razli\u010ditih pasmina i duljina dlake Tehni\u010dki podaci: Ulazni napon: AC 100 V \u2013 240 V, 50 \u2013 60 Hz Brzina se mo\u017ee pode\u0161avati: 6000 \u2013 6500 okr\/min (rpm) Za optimalne rezultate preporu\u010duje se vi\u0161i broj okretaja Izlazni napon: DC 3,7 V, 1000 mA Baterija: 3,7 V, 2200 mAh Tip baterije: Punjiva litij-ionska baterija Vrijeme punjenja: Otprilike 3 sata Autonomija (puna baterija): Otprilike 4 sata Materijal glave: Keramika Boja: bijela","og_url":"https:\/\/romlay.hr\/hr\/proizvod\/tauro-pro-line-sisac-za-kucne-ljubimce\/","og_site_name":"Romlay","og_image":[{"width":590,"height":590,"url":"https:\/\/romlay.hr\/wp-content\/uploads\/2025\/03\/clipper-tpl.webp","type":"image\/webp"}],"twitter_card":"summary_large_image","twitter_misc":{"Procijenjeno vrijeme \u010ditanja":"2 minute"},"schema":{"@context":"https:\/\/schema.org","@graph":[{"@type":"WebPage","@id":"https:\/\/romlay.hr\/proizvod\/tauro-pro-line-sisac-za-kucne-ljubimce\/","url":"https:\/\/romlay.hr\/proizvod\/tauro-pro-line-sisac-za-kucne-ljubimce\/","name":"TAURO PRO LINE \u0161i\u0161a\u010d za ku\u0107ne ljubimce - Romlay","isPartOf":{"@id":"https:\/\/romlay.hr\/#website"},"primaryImageOfPage":{"@id":"https:\/\/romlay.hr\/proizvod\/tauro-pro-line-sisac-za-kucne-ljubimce\/#primaryimage"},"image":{"@id":"https:\/\/romlay.hr\/proizvod\/tauro-pro-line-sisac-za-kucne-ljubimce\/#primaryimage"},"thumbnailUrl":"https:\/\/romlay.hr\/wp-content\/uploads\/2025\/03\/clipper-tpl.webp","datePublished":"2025-03-28T11:20:50+00:00","breadcrumb":{"@id":"https:\/\/romlay.hr\/proizvod\/tauro-pro-line-sisac-za-kucne-ljubimce\/#breadcrumb"},"inLanguage":"hr","potentialAction":[{"@type":"ReadAction","target":["https:\/\/romlay.hr\/proizvod\/tauro-pro-line-sisac-za-kucne-ljubimce\/"]}]},{"@type":"ImageObject","inLanguage":"hr","@id":"https:\/\/romlay.hr\/proizvod\/tauro-pro-line-sisac-za-kucne-ljubimce\/#primaryimage","url":"https:\/\/romlay.hr\/wp-content\/uploads\/2025\/03\/clipper-tpl.webp","contentUrl":"https:\/\/romlay.hr\/wp-content\/uploads\/2025\/03\/clipper-tpl.webp","width":590,"height":590},{"@type":"BreadcrumbList","@id":"https:\/\/romlay.hr\/proizvod\/tauro-pro-line-sisac-za-kucne-ljubimce\/#breadcrumb","itemListElement":[{"@type":"ListItem","position":1,"name":"Po\u010detna stranica","item":"https:\/\/romlay.hr\/"},{"@type":"ListItem","position":2,"name":"Proizvodi","item":"https:\/\/romlay.hr\/shop\/"},{"@type":"ListItem","position":3,"name":"TAURO PRO LINE \u0161i\u0161a\u010d za ku\u0107ne ljubimce"}]},{"@type":"WebSite","@id":"https:\/\/romlay.hr\/#website","url":"https:\/\/romlay.hr\/","name":"Romlay","description":"Toy dog specialist","publisher":{"@id":"https:\/\/romlay.hr\/#organization"},"potentialAction":[{"@type":"SearchAction","target":{"@type":"EntryPoint","urlTemplate":"https:\/\/romlay.hr\/?s={search_term_string}"},"query-input":{"@type":"PropertyValueSpecification","valueRequired":true,"valueName":"search_term_string"}}],"inLanguage":"hr"},{"@type":"Organization","@id":"https:\/\/romlay.hr\/#organization","name":"Romlay","url":"https:\/\/romlay.hr\/","logo":{"@type":"ImageObject","inLanguage":"hr","@id":"https:\/\/romlay.hr\/#\/schema\/logo\/image\/","url":"https:\/\/romlay.hr\/wp-content\/uploads\/2023\/04\/cropped-Romlay-1.png","contentUrl":"https:\/\/romlay.hr\/wp-content\/uploads\/2023\/04\/cropped-Romlay-1.png","width":978,"height":1645,"caption":"Romlay"},"image":{"@id":"https:\/\/romlay.hr\/#\/schema\/logo\/image\/"}}]}},"_links":{"self":[{"href":"https:\/\/romlay.hr\/hr\/wp-json\/wp\/v2\/product\/1823","targetHints":{"allow":["GET"]}}],"collection":[{"href":"https:\/\/romlay.hr\/hr\/wp-json\/wp\/v2\/product"}],"about":[{"href":"https:\/\/romlay.hr\/hr\/wp-json\/wp\/v2\/types\/product"}],"wp:featuredmedia":[{"embeddable":true,"href":"https:\/\/romlay.hr\/hr\/wp-json\/wp\/v2\/media\/1824"}],"wp:attachment":[{"href":"https:\/\/romlay.hr\/hr\/wp-json\/wp\/v2\/media?parent=1823"}],"wp:term":[{"taxonomy":"product_brand","embeddable":true,"href":"https:\/\/romlay.hr\/hr\/wp-json\/wp\/v2\/product_brand?post=1823"},{"taxonomy":"product_cat","embeddable":true,"href":"https:\/\/romlay.hr\/hr\/wp-json\/wp\/v2\/product_cat?post=1823"},{"taxonomy":"product_tag","embeddable":true,"href":"https:\/\/romlay.hr\/hr\/wp-json\/wp\/v2\/product_tag?post=1823"}],"curies":[{"name":"wp","href":"https:\/\/api.w.org\/{rel}","templated":true}]}}