{"id":1820,"date":"2025-03-28T11:00:27","date_gmt":"2025-03-28T11:00:27","guid":{"rendered":"https:\/\/romlay.hr\/?post_type=product&#038;p=1820"},"modified":"2026-02-20T10:53:56","modified_gmt":"2026-02-20T10:53:56","slug":"tauro-pro-line-rucni-fen","status":"publish","type":"product","link":"https:\/\/romlay.hr\/hr\/proizvod\/tauro-pro-line-rucni-fen\/","title":{"rendered":"TAURO PRO LINE  ru\u010dni fen"},"content":{"rendered":"<p>Ovaj fen za kosu nudi napredne funkcije za personalizirano iskustvo su\u0161enja. Ima LED zaslon koji jasno prikazuje postavke, \u0161to olak\u0161ava prilagodbu prema va\u0161im \u017eeljama. Postavka brzine i temperature omogu\u0107uje vam kontrolu protoka zraka i razine topline za optimalnu u\u010dinkovitost su\u0161enja. Sustav upravljanja dodirom omogu\u0107uje jednostavno pode\u0161avanje postavki jednim dodirom, dok prekida\u010d za uklju\u010divanje\/isklju\u010divanje omogu\u0107uje brzo upravljanje napajanjem. Mo\u017eete precizno podesiti proces su\u0161enja pomo\u0107u prekida\u010da za brzinu protoka zraka i temperaturu, \u010dime dobivate potpunu kontrolu nad rutinom stiliziranja va\u0161eg ljubimca. Osim toga, fen je opremljen uklonjivim filtrom za usis zraka koji se lako \u010disti, \u0161to poma\u017ee u odr\u017eavanju performansi i produ\u017euje vijek trajanja ure\u0111aja.<\/p>\n<div dir=\"auto\">Prednosti:<\/div>\n<div dir=\"auto\">Ionska tehnologija<\/div>\n<div dir=\"auto\">Kontrola temperature<\/div>\n<div dir=\"auto\">Sna\u017ean protok zraka<\/div>\n<div dir=\"auto\">2 razine brzine<\/div>\n<div dir=\"auto\"><\/div>\n<div dir=\"auto\"><\/div>\n<div dir=\"auto\">Specifikacije:<\/div>\n<div dir=\"auto\">Napon: 220 \u2013 240 V<\/div>\n<div dir=\"auto\">Snaga: 1500 \u2013 1600 W<\/div>\n<div dir=\"auto\">Frekvencija: 50 \u2013 60 Hz<\/div>\n<div dir=\"auto\">Veli\u010dina ure\u0111aja: 27,6 x 7,1 x 9,0 cm<\/div>\n<div dir=\"auto\">Minimalna temperatura: 35 \u2103<\/div>\n<div dir=\"auto\">Maksimalna temperatura: 90 \u2103<\/div>\n<div dir=\"auto\">Broj nastavaka: 2 kom.<\/div>\n<div dir=\"auto\">Boja: tamnoljubi\u010dasta<\/div>\n<div dir=\"auto\"><\/div>\n<div dir=\"auto\"><\/div>","protected":false},"excerpt":{"rendered":"<p>Ovaj fen za kosu nudi napredne funkcije za personalizirano iskustvo su\u0161enja. Ima LED zaslon koji jasno prikazuje postavke, \u0161to olak\u0161ava prilagodbu prema va\u0161im \u017eeljama. Postavka brzine i temperature omogu\u0107uje vam kontrolu protoka zraka i razine topline za optimalnu u\u010dinkovitost su\u0161enja. Sustav upravljanja dodirom omogu\u0107uje jednostavno pode\u0161avanje postavki jednim dodirom, dok prekida\u010d za uklju\u010divanje\/isklju\u010divanje omogu\u0107uje brzo upravljanje napajanjem. Mo\u017eete precizno podesiti proces su\u0161enja pomo\u0107u prekida\u010da za brzinu protoka zraka i temperaturu, \u010dime dobivate potpunu kontrolu nad rutinom stiliziranja va\u0161eg ljubimca. Osim toga, fen je opremljen uklonjivim filtrom za usis zraka koji se lako \u010disti, \u0161to poma\u017ee u odr\u017eavanju performansi i produ\u017euje vijek trajanja ure\u0111aja. Prednosti: Ionska tehnologija Kontrola temperature Sna\u017ean protok zraka 2 razine brzine Specifikacije: Napon: 220 \u2013 240 V Snaga: 1500 \u2013 1600 W Frekvencija: 50 \u2013 60 Hz Veli\u010dina ure\u0111aja: 27,6 x 7,1 x 9,0 cm Minimalna temperatura: 35 \u2103 Maksimalna temperatura: 90 \u2103 Broj nastavaka: 2 kom. Boja: tamnoljubi\u010dasta<\/p>","protected":false},"featured_media":1821,"template":"","meta":{"_monsterinsights_skip_tracking":false,"_monsterinsights_sitenote_active":false,"_monsterinsights_sitenote_note":"","_monsterinsights_sitenote_category":0,"site-sidebar-layout":"default","site-content-layout":"","ast-site-content-layout":"default","site-content-style":"default","site-sidebar-style":"default","ast-global-header-display":"","ast-banner-title-visibility":"","ast-main-header-display":"","ast-hfb-above-header-display":"","ast-hfb-below-header-display":"","ast-hfb-mobile-header-display":"","site-post-title":"","ast-breadcrumbs-content":"","ast-featured-img":"","footer-sml-layout":"","ast-disable-related-posts":"","theme-transparent-header-meta":"default","adv-header-id-meta":"","stick-header-meta":"","header-above-stick-meta":"","header-main-stick-meta":"","header-below-stick-meta":"","astra-migrate-meta-layouts":"set","ast-page-background-enabled":"default","ast-page-background-meta":{"desktop":{"background-color":"var(--ast-global-color-4)","background-image":"","background-repeat":"repeat","background-position":"center center","background-size":"auto","background-attachment":"scroll","background-type":"","background-media":"","overlay-type":"","overlay-color":"","overlay-opacity":"","overlay-gradient":""},"tablet":{"background-color":"","background-image":"","background-repeat":"repeat","background-position":"center center","background-size":"auto","background-attachment":"scroll","background-type":"","background-media":"","overlay-type":"","overlay-color":"","overlay-opacity":"","overlay-gradient":""},"mobile":{"background-color":"","background-image":"","background-repeat":"repeat","background-position":"center center","background-size":"auto","background-attachment":"scroll","background-type":"","background-media":"","overlay-type":"","overlay-color":"","overlay-opacity":"","overlay-gradient":""}},"ast-content-background-meta":{"desktop":{"background-color":"var(--ast-global-color-5)","background-image":"","background-repeat":"repeat","background-position":"center center","background-size":"auto","background-attachment":"scroll","background-type":"","background-media":"","overlay-type":"","overlay-color":"","overlay-opacity":"","overlay-gradient":""},"tablet":{"background-color":"var(--ast-global-color-5)","background-image":"","background-repeat":"repeat","background-position":"center center","background-size":"auto","background-attachment":"scroll","background-type":"","background-media":"","overlay-type":"","overlay-color":"","overlay-opacity":"","overlay-gradient":""},"mobile":{"background-color":"var(--ast-global-color-5)","background-image":"","background-repeat":"repeat","background-position":"center center","background-size":"auto","background-attachment":"scroll","background-type":"","background-media":"","overlay-type":"","overlay-color":"","overlay-opacity":"","overlay-gradient":""}}},"product_brand":[],"product_cat":[44,67],"product_tag":[],"class_list":{"0":"post-1820","1":"product","2":"type-product","3":"status-publish","4":"has-post-thumbnail","6":"product_cat-accessories","7":"product_cat-brushes-combs","8":"desktop-align-left","9":"tablet-align-left","10":"mobile-align-left","12":"first","13":"outofstock","14":"shipping-taxable","15":"purchasable","16":"product-type-simple"},"yoast_head":"<!-- This site is optimized with the Yoast SEO plugin v27.4 - https:\/\/yoast.com\/product\/yoast-seo-wordpress\/ -->\n<title>TAURO PRO LINE ru\u010dni fen - Romlay<\/title>\n<meta name=\"robots\" content=\"index, follow, max-snippet:-1, max-image-preview:large, max-video-preview:-1\" \/>\n<link rel=\"canonical\" href=\"https:\/\/romlay.hr\/hr\/proizvod\/tauro-pro-line-rucni-fen\/\" \/>\n<meta property=\"og:locale\" content=\"hr_HR\" \/>\n<meta property=\"og:type\" content=\"article\" \/>\n<meta property=\"og:title\" content=\"TAURO PRO LINE ru\u010dni fen - Romlay\" \/>\n<meta property=\"og:description\" content=\"Ovaj fen za kosu nudi napredne funkcije za personalizirano iskustvo su\u0161enja. Ima LED zaslon koji jasno prikazuje postavke, \u0161to olak\u0161ava prilagodbu prema va\u0161im \u017eeljama. Postavka brzine i temperature omogu\u0107uje vam kontrolu protoka zraka i razine topline za optimalnu u\u010dinkovitost su\u0161enja. Sustav upravljanja dodirom omogu\u0107uje jednostavno pode\u0161avanje postavki jednim dodirom, dok prekida\u010d za uklju\u010divanje\/isklju\u010divanje omogu\u0107uje brzo upravljanje napajanjem. Mo\u017eete precizno podesiti proces su\u0161enja pomo\u0107u prekida\u010da za brzinu protoka zraka i temperaturu, \u010dime dobivate potpunu kontrolu nad rutinom stiliziranja va\u0161eg ljubimca. Osim toga, fen je opremljen uklonjivim filtrom za usis zraka koji se lako \u010disti, \u0161to poma\u017ee u odr\u017eavanju performansi i produ\u017euje vijek trajanja ure\u0111aja. Prednosti: Ionska tehnologija Kontrola temperature Sna\u017ean protok zraka 2 razine brzine Specifikacije: Napon: 220 \u2013 240 V Snaga: 1500 \u2013 1600 W Frekvencija: 50 \u2013 60 Hz Veli\u010dina ure\u0111aja: 27,6 x 7,1 x 9,0 cm Minimalna temperatura: 35 \u2103 Maksimalna temperatura: 90 \u2103 Broj nastavaka: 2 kom. Boja: tamnoljubi\u010dasta\" \/>\n<meta property=\"og:url\" content=\"https:\/\/romlay.hr\/hr\/proizvod\/tauro-pro-line-rucni-fen\/\" \/>\n<meta property=\"og:site_name\" content=\"Romlay\" \/>\n<meta property=\"article:modified_time\" content=\"2026-02-20T10:53:56+00:00\" \/>\n<meta property=\"og:image\" content=\"https:\/\/romlay.hr\/wp-content\/uploads\/2025\/03\/tpl-fen.webp\" \/>\n\t<meta property=\"og:image:width\" content=\"590\" \/>\n\t<meta property=\"og:image:height\" content=\"590\" \/>\n\t<meta property=\"og:image:type\" content=\"image\/webp\" \/>\n<meta name=\"twitter:card\" content=\"summary_large_image\" \/>\n<meta name=\"twitter:label1\" content=\"Procijenjeno vrijeme \u010ditanja\" \/>\n\t<meta name=\"twitter:data1\" content=\"1 minuta\" \/>\n<script type=\"application\/ld+json\" class=\"yoast-schema-graph\">{\"@context\":\"https:\\\/\\\/schema.org\",\"@graph\":[{\"@type\":\"WebPage\",\"@id\":\"https:\\\/\\\/romlay.hr\\\/proizvod\\\/tauro-pro-line-rucni-fen\\\/\",\"url\":\"https:\\\/\\\/romlay.hr\\\/proizvod\\\/tauro-pro-line-rucni-fen\\\/\",\"name\":\"TAURO PRO LINE ru\u010dni fen - Romlay\",\"isPartOf\":{\"@id\":\"https:\\\/\\\/romlay.hr\\\/#website\"},\"primaryImageOfPage\":{\"@id\":\"https:\\\/\\\/romlay.hr\\\/proizvod\\\/tauro-pro-line-rucni-fen\\\/#primaryimage\"},\"image\":{\"@id\":\"https:\\\/\\\/romlay.hr\\\/proizvod\\\/tauro-pro-line-rucni-fen\\\/#primaryimage\"},\"thumbnailUrl\":\"https:\\\/\\\/romlay.hr\\\/wp-content\\\/uploads\\\/2025\\\/03\\\/tpl-fen.webp\",\"datePublished\":\"2025-03-28T11:00:27+00:00\",\"dateModified\":\"2026-02-20T10:53:56+00:00\",\"breadcrumb\":{\"@id\":\"https:\\\/\\\/romlay.hr\\\/proizvod\\\/tauro-pro-line-rucni-fen\\\/#breadcrumb\"},\"inLanguage\":\"hr\",\"potentialAction\":[{\"@type\":\"ReadAction\",\"target\":[\"https:\\\/\\\/romlay.hr\\\/proizvod\\\/tauro-pro-line-rucni-fen\\\/\"]}]},{\"@type\":\"ImageObject\",\"inLanguage\":\"hr\",\"@id\":\"https:\\\/\\\/romlay.hr\\\/proizvod\\\/tauro-pro-line-rucni-fen\\\/#primaryimage\",\"url\":\"https:\\\/\\\/romlay.hr\\\/wp-content\\\/uploads\\\/2025\\\/03\\\/tpl-fen.webp\",\"contentUrl\":\"https:\\\/\\\/romlay.hr\\\/wp-content\\\/uploads\\\/2025\\\/03\\\/tpl-fen.webp\",\"width\":590,\"height\":590},{\"@type\":\"BreadcrumbList\",\"@id\":\"https:\\\/\\\/romlay.hr\\\/proizvod\\\/tauro-pro-line-rucni-fen\\\/#breadcrumb\",\"itemListElement\":[{\"@type\":\"ListItem\",\"position\":1,\"name\":\"Po\u010detna stranica\",\"item\":\"https:\\\/\\\/romlay.hr\\\/\"},{\"@type\":\"ListItem\",\"position\":2,\"name\":\"Proizvodi\",\"item\":\"https:\\\/\\\/romlay.hr\\\/shop\\\/\"},{\"@type\":\"ListItem\",\"position\":3,\"name\":\"TAURO PRO LINE ru\u010dni fen\"}]},{\"@type\":\"WebSite\",\"@id\":\"https:\\\/\\\/romlay.hr\\\/#website\",\"url\":\"https:\\\/\\\/romlay.hr\\\/\",\"name\":\"Romlay\",\"description\":\"Toy dog specialist\",\"publisher\":{\"@id\":\"https:\\\/\\\/romlay.hr\\\/#organization\"},\"potentialAction\":[{\"@type\":\"SearchAction\",\"target\":{\"@type\":\"EntryPoint\",\"urlTemplate\":\"https:\\\/\\\/romlay.hr\\\/?s={search_term_string}\"},\"query-input\":{\"@type\":\"PropertyValueSpecification\",\"valueRequired\":true,\"valueName\":\"search_term_string\"}}],\"inLanguage\":\"hr\"},{\"@type\":\"Organization\",\"@id\":\"https:\\\/\\\/romlay.hr\\\/#organization\",\"name\":\"Romlay\",\"url\":\"https:\\\/\\\/romlay.hr\\\/\",\"logo\":{\"@type\":\"ImageObject\",\"inLanguage\":\"hr\",\"@id\":\"https:\\\/\\\/romlay.hr\\\/#\\\/schema\\\/logo\\\/image\\\/\",\"url\":\"https:\\\/\\\/romlay.hr\\\/wp-content\\\/uploads\\\/2023\\\/04\\\/cropped-Romlay-1.png\",\"contentUrl\":\"https:\\\/\\\/romlay.hr\\\/wp-content\\\/uploads\\\/2023\\\/04\\\/cropped-Romlay-1.png\",\"width\":978,\"height\":1645,\"caption\":\"Romlay\"},\"image\":{\"@id\":\"https:\\\/\\\/romlay.hr\\\/#\\\/schema\\\/logo\\\/image\\\/\"}}]}<\/script>\n<!-- \/ Yoast SEO plugin. -->","yoast_head_json":{"title":"TAURO PRO LINE ru\u010dni fen - Romlay","robots":{"index":"index","follow":"follow","max-snippet":"max-snippet:-1","max-image-preview":"max-image-preview:large","max-video-preview":"max-video-preview:-1"},"canonical":"https:\/\/romlay.hr\/hr\/proizvod\/tauro-pro-line-rucni-fen\/","og_locale":"hr_HR","og_type":"article","og_title":"TAURO PRO LINE ru\u010dni fen - Romlay","og_description":"Ovaj fen za kosu nudi napredne funkcije za personalizirano iskustvo su\u0161enja. Ima LED zaslon koji jasno prikazuje postavke, \u0161to olak\u0161ava prilagodbu prema va\u0161im \u017eeljama. Postavka brzine i temperature omogu\u0107uje vam kontrolu protoka zraka i razine topline za optimalnu u\u010dinkovitost su\u0161enja. Sustav upravljanja dodirom omogu\u0107uje jednostavno pode\u0161avanje postavki jednim dodirom, dok prekida\u010d za uklju\u010divanje\/isklju\u010divanje omogu\u0107uje brzo upravljanje napajanjem. Mo\u017eete precizno podesiti proces su\u0161enja pomo\u0107u prekida\u010da za brzinu protoka zraka i temperaturu, \u010dime dobivate potpunu kontrolu nad rutinom stiliziranja va\u0161eg ljubimca. Osim toga, fen je opremljen uklonjivim filtrom za usis zraka koji se lako \u010disti, \u0161to poma\u017ee u odr\u017eavanju performansi i produ\u017euje vijek trajanja ure\u0111aja. Prednosti: Ionska tehnologija Kontrola temperature Sna\u017ean protok zraka 2 razine brzine Specifikacije: Napon: 220 \u2013 240 V Snaga: 1500 \u2013 1600 W Frekvencija: 50 \u2013 60 Hz Veli\u010dina ure\u0111aja: 27,6 x 7,1 x 9,0 cm Minimalna temperatura: 35 \u2103 Maksimalna temperatura: 90 \u2103 Broj nastavaka: 2 kom. Boja: tamnoljubi\u010dasta","og_url":"https:\/\/romlay.hr\/hr\/proizvod\/tauro-pro-line-rucni-fen\/","og_site_name":"Romlay","article_modified_time":"2026-02-20T10:53:56+00:00","og_image":[{"width":590,"height":590,"url":"https:\/\/romlay.hr\/wp-content\/uploads\/2025\/03\/tpl-fen.webp","type":"image\/webp"}],"twitter_card":"summary_large_image","twitter_misc":{"Procijenjeno vrijeme \u010ditanja":"1 minuta"},"schema":{"@context":"https:\/\/schema.org","@graph":[{"@type":"WebPage","@id":"https:\/\/romlay.hr\/proizvod\/tauro-pro-line-rucni-fen\/","url":"https:\/\/romlay.hr\/proizvod\/tauro-pro-line-rucni-fen\/","name":"TAURO PRO LINE ru\u010dni fen - Romlay","isPartOf":{"@id":"https:\/\/romlay.hr\/#website"},"primaryImageOfPage":{"@id":"https:\/\/romlay.hr\/proizvod\/tauro-pro-line-rucni-fen\/#primaryimage"},"image":{"@id":"https:\/\/romlay.hr\/proizvod\/tauro-pro-line-rucni-fen\/#primaryimage"},"thumbnailUrl":"https:\/\/romlay.hr\/wp-content\/uploads\/2025\/03\/tpl-fen.webp","datePublished":"2025-03-28T11:00:27+00:00","dateModified":"2026-02-20T10:53:56+00:00","breadcrumb":{"@id":"https:\/\/romlay.hr\/proizvod\/tauro-pro-line-rucni-fen\/#breadcrumb"},"inLanguage":"hr","potentialAction":[{"@type":"ReadAction","target":["https:\/\/romlay.hr\/proizvod\/tauro-pro-line-rucni-fen\/"]}]},{"@type":"ImageObject","inLanguage":"hr","@id":"https:\/\/romlay.hr\/proizvod\/tauro-pro-line-rucni-fen\/#primaryimage","url":"https:\/\/romlay.hr\/wp-content\/uploads\/2025\/03\/tpl-fen.webp","contentUrl":"https:\/\/romlay.hr\/wp-content\/uploads\/2025\/03\/tpl-fen.webp","width":590,"height":590},{"@type":"BreadcrumbList","@id":"https:\/\/romlay.hr\/proizvod\/tauro-pro-line-rucni-fen\/#breadcrumb","itemListElement":[{"@type":"ListItem","position":1,"name":"Po\u010detna stranica","item":"https:\/\/romlay.hr\/"},{"@type":"ListItem","position":2,"name":"Proizvodi","item":"https:\/\/romlay.hr\/shop\/"},{"@type":"ListItem","position":3,"name":"TAURO PRO LINE ru\u010dni fen"}]},{"@type":"WebSite","@id":"https:\/\/romlay.hr\/#website","url":"https:\/\/romlay.hr\/","name":"Romlay","description":"Toy dog specialist","publisher":{"@id":"https:\/\/romlay.hr\/#organization"},"potentialAction":[{"@type":"SearchAction","target":{"@type":"EntryPoint","urlTemplate":"https:\/\/romlay.hr\/?s={search_term_string}"},"query-input":{"@type":"PropertyValueSpecification","valueRequired":true,"valueName":"search_term_string"}}],"inLanguage":"hr"},{"@type":"Organization","@id":"https:\/\/romlay.hr\/#organization","name":"Romlay","url":"https:\/\/romlay.hr\/","logo":{"@type":"ImageObject","inLanguage":"hr","@id":"https:\/\/romlay.hr\/#\/schema\/logo\/image\/","url":"https:\/\/romlay.hr\/wp-content\/uploads\/2023\/04\/cropped-Romlay-1.png","contentUrl":"https:\/\/romlay.hr\/wp-content\/uploads\/2023\/04\/cropped-Romlay-1.png","width":978,"height":1645,"caption":"Romlay"},"image":{"@id":"https:\/\/romlay.hr\/#\/schema\/logo\/image\/"}}]}},"_links":{"self":[{"href":"https:\/\/romlay.hr\/hr\/wp-json\/wp\/v2\/product\/1820","targetHints":{"allow":["GET"]}}],"collection":[{"href":"https:\/\/romlay.hr\/hr\/wp-json\/wp\/v2\/product"}],"about":[{"href":"https:\/\/romlay.hr\/hr\/wp-json\/wp\/v2\/types\/product"}],"wp:featuredmedia":[{"embeddable":true,"href":"https:\/\/romlay.hr\/hr\/wp-json\/wp\/v2\/media\/1821"}],"wp:attachment":[{"href":"https:\/\/romlay.hr\/hr\/wp-json\/wp\/v2\/media?parent=1820"}],"wp:term":[{"taxonomy":"product_brand","embeddable":true,"href":"https:\/\/romlay.hr\/hr\/wp-json\/wp\/v2\/product_brand?post=1820"},{"taxonomy":"product_cat","embeddable":true,"href":"https:\/\/romlay.hr\/hr\/wp-json\/wp\/v2\/product_cat?post=1820"},{"taxonomy":"product_tag","embeddable":true,"href":"https:\/\/romlay.hr\/hr\/wp-json\/wp\/v2\/product_tag?post=1820"}],"curies":[{"name":"wp","href":"https:\/\/api.w.org\/{rel}","templated":true}]}}