{"id":1813,"date":"2025-03-28T10:24:56","date_gmt":"2025-03-28T10:24:56","guid":{"rendered":"https:\/\/romlay.hr\/?post_type=product&#038;p=1813"},"modified":"2026-03-29T23:35:54","modified_gmt":"2026-03-29T23:35:54","slug":"natures-protection-stop-stool-eating-200g-dopunska-hrana-za-odrasle-pse-za-sprjecavanje-konzumiranja-izmeta","status":"publish","type":"product","link":"https:\/\/romlay.hr\/hr\/proizvod\/natures-protection-stop-stool-eating-200g-dopunska-hrana-za-odrasle-pse-za-sprjecavanje-konzumiranja-izmeta\/","title":{"rendered":"NATURE\u2019S PROTECTION STOP STOOL EATING 200G, dopunska hrana za odrasle pse za sprje\u010davanje konzumiranja izmeta"},"content":{"rendered":"<p>Nature\u2019s Protection Stop Stool Eating je posebno formulirana dopunska hrana napravljena od esencijalnih i prirodnih materijala, uklju\u010duju\u0107i klinoptilolit vulkanskog podrijetla iz prirode \u2013 Microzeogen. Osmi\u0161ljen je kako bi pomogao smanjiti simptome koprofagije kod pasa \u2013 stanja u kojem ku\u0107ni ljubimci po\u010dinju jesti stolicu. Ova formula napravljena je od jedinstvene kombinacije prirodnih sastojaka, uklju\u010duju\u0107i mrkvino bra\u0161no, brijest, listove vodene metvice, biljku centaury i korijen lincure kako bi pomogli u odr\u017eavanju zdrave pH ravnote\u017ee u \u017eelucu, za\u0161titili probavni trakt od iritacije i smanjili nagon za jelom stolice. Osim \u0161to \u010disti tijelo od nakupljenih toksina, ova komplementarna hrana bitan je dodatak prehrani va\u0161eg ljubimca za sprje\u010davanje koprofagije i promicanje cjelokupnog probavnog zdravlja.<\/p>","protected":false},"excerpt":{"rendered":"<p>Nature\u2019s Protection Stop Stool Eating je posebno formulirana dopunska hrana napravljena od esencijalnih i prirodnih materijala, uklju\u010duju\u0107i klinoptilolit vulkanskog podrijetla iz prirode \u2013 Microzeogen. Osmi\u0161ljen je kako bi pomogao smanjiti simptome koprofagije kod pasa \u2013 stanja u kojem ku\u0107ni ljubimci po\u010dinju jesti stolicu. Ova formula napravljena je od jedinstvene kombinacije prirodnih sastojaka, uklju\u010duju\u0107i mrkvino bra\u0161no, brijest, listove vodene metvice, biljku centaury i korijen lincure kako bi pomogli u odr\u017eavanju zdrave pH ravnote\u017ee u \u017eelucu, za\u0161titili probavni trakt od iritacije i smanjili nagon za jelom stolice. Osim \u0161to \u010disti tijelo od nakupljenih toksina, ova komplementarna hrana bitan je dodatak prehrani va\u0161eg ljubimca za sprje\u010davanje koprofagije i promicanje cjelokupnog probavnog zdravlja.<\/p>","protected":false},"featured_media":1814,"template":"","meta":{"_monsterinsights_skip_tracking":false,"_monsterinsights_sitenote_active":false,"_monsterinsights_sitenote_note":"","_monsterinsights_sitenote_category":0,"site-sidebar-layout":"right-sidebar","site-content-layout":"","ast-site-content-layout":"normal-width-container","site-content-style":"unboxed","site-sidebar-style":"default","ast-global-header-display":"","ast-banner-title-visibility":"","ast-main-header-display":"","ast-hfb-above-header-display":"","ast-hfb-below-header-display":"","ast-hfb-mobile-header-display":"","site-post-title":"","ast-breadcrumbs-content":"","ast-featured-img":"","footer-sml-layout":"","ast-disable-related-posts":"","theme-transparent-header-meta":"default","adv-header-id-meta":"","stick-header-meta":"","header-above-stick-meta":"","header-main-stick-meta":"","header-below-stick-meta":"","astra-migrate-meta-layouts":"set","ast-page-background-enabled":"default","ast-page-background-meta":{"desktop":{"background-color":"var(--ast-global-color-4)","background-image":"","background-repeat":"repeat","background-position":"center center","background-size":"auto","background-attachment":"scroll","background-type":"","background-media":"","overlay-type":"","overlay-color":"","overlay-opacity":"","overlay-gradient":""},"tablet":{"background-color":"","background-image":"","background-repeat":"repeat","background-position":"center center","background-size":"auto","background-attachment":"scroll","background-type":"","background-media":"","overlay-type":"","overlay-color":"","overlay-opacity":"","overlay-gradient":""},"mobile":{"background-color":"","background-image":"","background-repeat":"repeat","background-position":"center center","background-size":"auto","background-attachment":"scroll","background-type":"","background-media":"","overlay-type":"","overlay-color":"","overlay-opacity":"","overlay-gradient":""}},"ast-content-background-meta":{"desktop":{"background-color":"var(--ast-global-color-5)","background-image":"","background-repeat":"repeat","background-position":"center center","background-size":"auto","background-attachment":"scroll","background-type":"","background-media":"","overlay-type":"","overlay-color":"","overlay-opacity":"","overlay-gradient":""},"tablet":{"background-color":"var(--ast-global-color-5)","background-image":"","background-repeat":"repeat","background-position":"center center","background-size":"auto","background-attachment":"scroll","background-type":"","background-media":"","overlay-type":"","overlay-color":"","overlay-opacity":"","overlay-gradient":""},"mobile":{"background-color":"var(--ast-global-color-5)","background-image":"","background-repeat":"repeat","background-position":"center center","background-size":"auto","background-attachment":"scroll","background-type":"","background-media":"","overlay-type":"","overlay-color":"","overlay-opacity":"","overlay-gradient":""}}},"product_brand":[],"product_cat":[42,70],"product_tag":[],"class_list":{"0":"post-1813","1":"product","2":"type-product","3":"status-publish","4":"has-post-thumbnail","6":"product_cat-health","7":"product_cat-natures-protection-health","8":"desktop-align-left","9":"tablet-align-left","10":"mobile-align-left","12":"first","13":"instock","14":"shipping-taxable","15":"purchasable","16":"product-type-simple"},"yoast_head":"<!-- This site is optimized with the Yoast SEO plugin v27.4 - https:\/\/yoast.com\/product\/yoast-seo-wordpress\/ -->\n<title>NATURE\u2019S PROTECTION STOP STOOL EATING 200G, dopunska hrana za odrasle pse za sprje\u010davanje konzumiranja izmeta - Romlay<\/title>\n<meta name=\"robots\" content=\"index, follow, max-snippet:-1, max-image-preview:large, max-video-preview:-1\" \/>\n<link rel=\"canonical\" href=\"https:\/\/romlay.hr\/hr\/proizvod\/natures-protection-stop-stool-eating-200g-dopunska-hrana-za-odrasle-pse-za-sprjecavanje-konzumiranja-izmeta\/\" \/>\n<meta property=\"og:locale\" content=\"hr_HR\" \/>\n<meta property=\"og:type\" content=\"article\" \/>\n<meta property=\"og:title\" content=\"NATURE\u2019S PROTECTION STOP STOOL EATING 200G, dopunska hrana za odrasle pse za sprje\u010davanje konzumiranja izmeta - Romlay\" \/>\n<meta property=\"og:description\" content=\"Nature\u2019s Protection Stop Stool Eating je posebno formulirana dopunska hrana napravljena od esencijalnih i prirodnih materijala, uklju\u010duju\u0107i klinoptilolit vulkanskog podrijetla iz prirode \u2013 Microzeogen. Osmi\u0161ljen je kako bi pomogao smanjiti simptome koprofagije kod pasa \u2013 stanja u kojem ku\u0107ni ljubimci po\u010dinju jesti stolicu. Ova formula napravljena je od jedinstvene kombinacije prirodnih sastojaka, uklju\u010duju\u0107i mrkvino bra\u0161no, brijest, listove vodene metvice, biljku centaury i korijen lincure kako bi pomogli u odr\u017eavanju zdrave pH ravnote\u017ee u \u017eelucu, za\u0161titili probavni trakt od iritacije i smanjili nagon za jelom stolice. Osim \u0161to \u010disti tijelo od nakupljenih toksina, ova komplementarna hrana bitan je dodatak prehrani va\u0161eg ljubimca za sprje\u010davanje koprofagije i promicanje cjelokupnog probavnog zdravlja.\" \/>\n<meta property=\"og:url\" content=\"https:\/\/romlay.hr\/hr\/proizvod\/natures-protection-stop-stool-eating-200g-dopunska-hrana-za-odrasle-pse-za-sprjecavanje-konzumiranja-izmeta\/\" \/>\n<meta property=\"og:site_name\" content=\"Romlay\" \/>\n<meta property=\"article:modified_time\" content=\"2026-03-29T23:35:54+00:00\" \/>\n<meta property=\"og:image\" content=\"https:\/\/romlay.hr\/wp-content\/uploads\/2025\/03\/NP-stop-stool-eating.webp\" \/>\n\t<meta property=\"og:image:width\" content=\"680\" \/>\n\t<meta property=\"og:image:height\" content=\"680\" \/>\n\t<meta property=\"og:image:type\" content=\"image\/webp\" \/>\n<meta name=\"twitter:card\" content=\"summary_large_image\" \/>\n<meta name=\"twitter:label1\" content=\"Procijenjeno vrijeme \u010ditanja\" \/>\n\t<meta name=\"twitter:data1\" content=\"1 minuta\" \/>\n<script type=\"application\/ld+json\" class=\"yoast-schema-graph\">{\"@context\":\"https:\\\/\\\/schema.org\",\"@graph\":[{\"@type\":\"WebPage\",\"@id\":\"https:\\\/\\\/romlay.hr\\\/proizvod\\\/natures-protection-stop-stool-eating-200g-dopunska-hrana-za-odrasle-pse-za-sprjecavanje-konzumiranja-izmeta\\\/\",\"url\":\"https:\\\/\\\/romlay.hr\\\/proizvod\\\/natures-protection-stop-stool-eating-200g-dopunska-hrana-za-odrasle-pse-za-sprjecavanje-konzumiranja-izmeta\\\/\",\"name\":\"NATURE\u2019S PROTECTION STOP STOOL EATING 200G, dopunska hrana za odrasle pse za sprje\u010davanje konzumiranja izmeta - Romlay\",\"isPartOf\":{\"@id\":\"https:\\\/\\\/romlay.hr\\\/#website\"},\"primaryImageOfPage\":{\"@id\":\"https:\\\/\\\/romlay.hr\\\/proizvod\\\/natures-protection-stop-stool-eating-200g-dopunska-hrana-za-odrasle-pse-za-sprjecavanje-konzumiranja-izmeta\\\/#primaryimage\"},\"image\":{\"@id\":\"https:\\\/\\\/romlay.hr\\\/proizvod\\\/natures-protection-stop-stool-eating-200g-dopunska-hrana-za-odrasle-pse-za-sprjecavanje-konzumiranja-izmeta\\\/#primaryimage\"},\"thumbnailUrl\":\"https:\\\/\\\/romlay.hr\\\/wp-content\\\/uploads\\\/2025\\\/03\\\/NP-stop-stool-eating.webp\",\"datePublished\":\"2025-03-28T10:24:56+00:00\",\"dateModified\":\"2026-03-29T23:35:54+00:00\",\"breadcrumb\":{\"@id\":\"https:\\\/\\\/romlay.hr\\\/proizvod\\\/natures-protection-stop-stool-eating-200g-dopunska-hrana-za-odrasle-pse-za-sprjecavanje-konzumiranja-izmeta\\\/#breadcrumb\"},\"inLanguage\":\"hr\",\"potentialAction\":[{\"@type\":\"ReadAction\",\"target\":[\"https:\\\/\\\/romlay.hr\\\/proizvod\\\/natures-protection-stop-stool-eating-200g-dopunska-hrana-za-odrasle-pse-za-sprjecavanje-konzumiranja-izmeta\\\/\"]}]},{\"@type\":\"ImageObject\",\"inLanguage\":\"hr\",\"@id\":\"https:\\\/\\\/romlay.hr\\\/proizvod\\\/natures-protection-stop-stool-eating-200g-dopunska-hrana-za-odrasle-pse-za-sprjecavanje-konzumiranja-izmeta\\\/#primaryimage\",\"url\":\"https:\\\/\\\/romlay.hr\\\/wp-content\\\/uploads\\\/2025\\\/03\\\/NP-stop-stool-eating.webp\",\"contentUrl\":\"https:\\\/\\\/romlay.hr\\\/wp-content\\\/uploads\\\/2025\\\/03\\\/NP-stop-stool-eating.webp\",\"width\":680,\"height\":680},{\"@type\":\"BreadcrumbList\",\"@id\":\"https:\\\/\\\/romlay.hr\\\/proizvod\\\/natures-protection-stop-stool-eating-200g-dopunska-hrana-za-odrasle-pse-za-sprjecavanje-konzumiranja-izmeta\\\/#breadcrumb\",\"itemListElement\":[{\"@type\":\"ListItem\",\"position\":1,\"name\":\"Po\u010detna stranica\",\"item\":\"https:\\\/\\\/romlay.hr\\\/\"},{\"@type\":\"ListItem\",\"position\":2,\"name\":\"Proizvodi\",\"item\":\"https:\\\/\\\/romlay.hr\\\/shop\\\/\"},{\"@type\":\"ListItem\",\"position\":3,\"name\":\"NATURE\u2019S PROTECTION STOP STOOL EATING 200G, dopunska hrana za odrasle pse za sprje\u010davanje konzumiranja izmeta\"}]},{\"@type\":\"WebSite\",\"@id\":\"https:\\\/\\\/romlay.hr\\\/#website\",\"url\":\"https:\\\/\\\/romlay.hr\\\/\",\"name\":\"Romlay\",\"description\":\"Toy dog specialist\",\"publisher\":{\"@id\":\"https:\\\/\\\/romlay.hr\\\/#organization\"},\"potentialAction\":[{\"@type\":\"SearchAction\",\"target\":{\"@type\":\"EntryPoint\",\"urlTemplate\":\"https:\\\/\\\/romlay.hr\\\/?s={search_term_string}\"},\"query-input\":{\"@type\":\"PropertyValueSpecification\",\"valueRequired\":true,\"valueName\":\"search_term_string\"}}],\"inLanguage\":\"hr\"},{\"@type\":\"Organization\",\"@id\":\"https:\\\/\\\/romlay.hr\\\/#organization\",\"name\":\"Romlay\",\"url\":\"https:\\\/\\\/romlay.hr\\\/\",\"logo\":{\"@type\":\"ImageObject\",\"inLanguage\":\"hr\",\"@id\":\"https:\\\/\\\/romlay.hr\\\/#\\\/schema\\\/logo\\\/image\\\/\",\"url\":\"https:\\\/\\\/romlay.hr\\\/wp-content\\\/uploads\\\/2023\\\/04\\\/cropped-Romlay-1.png\",\"contentUrl\":\"https:\\\/\\\/romlay.hr\\\/wp-content\\\/uploads\\\/2023\\\/04\\\/cropped-Romlay-1.png\",\"width\":978,\"height\":1645,\"caption\":\"Romlay\"},\"image\":{\"@id\":\"https:\\\/\\\/romlay.hr\\\/#\\\/schema\\\/logo\\\/image\\\/\"}}]}<\/script>\n<!-- \/ Yoast SEO plugin. -->","yoast_head_json":{"title":"NATURE\u2019S PROTECTION STOP STOOL EATING 200G, dopunska hrana za odrasle pse za sprje\u010davanje konzumiranja izmeta - Romlay","robots":{"index":"index","follow":"follow","max-snippet":"max-snippet:-1","max-image-preview":"max-image-preview:large","max-video-preview":"max-video-preview:-1"},"canonical":"https:\/\/romlay.hr\/hr\/proizvod\/natures-protection-stop-stool-eating-200g-dopunska-hrana-za-odrasle-pse-za-sprjecavanje-konzumiranja-izmeta\/","og_locale":"hr_HR","og_type":"article","og_title":"NATURE\u2019S PROTECTION STOP STOOL EATING 200G, dopunska hrana za odrasle pse za sprje\u010davanje konzumiranja izmeta - Romlay","og_description":"Nature\u2019s Protection Stop Stool Eating je posebno formulirana dopunska hrana napravljena od esencijalnih i prirodnih materijala, uklju\u010duju\u0107i klinoptilolit vulkanskog podrijetla iz prirode \u2013 Microzeogen. Osmi\u0161ljen je kako bi pomogao smanjiti simptome koprofagije kod pasa \u2013 stanja u kojem ku\u0107ni ljubimci po\u010dinju jesti stolicu. Ova formula napravljena je od jedinstvene kombinacije prirodnih sastojaka, uklju\u010duju\u0107i mrkvino bra\u0161no, brijest, listove vodene metvice, biljku centaury i korijen lincure kako bi pomogli u odr\u017eavanju zdrave pH ravnote\u017ee u \u017eelucu, za\u0161titili probavni trakt od iritacije i smanjili nagon za jelom stolice. Osim \u0161to \u010disti tijelo od nakupljenih toksina, ova komplementarna hrana bitan je dodatak prehrani va\u0161eg ljubimca za sprje\u010davanje koprofagije i promicanje cjelokupnog probavnog zdravlja.","og_url":"https:\/\/romlay.hr\/hr\/proizvod\/natures-protection-stop-stool-eating-200g-dopunska-hrana-za-odrasle-pse-za-sprjecavanje-konzumiranja-izmeta\/","og_site_name":"Romlay","article_modified_time":"2026-03-29T23:35:54+00:00","og_image":[{"width":680,"height":680,"url":"https:\/\/romlay.hr\/wp-content\/uploads\/2025\/03\/NP-stop-stool-eating.webp","type":"image\/webp"}],"twitter_card":"summary_large_image","twitter_misc":{"Procijenjeno vrijeme \u010ditanja":"1 minuta"},"schema":{"@context":"https:\/\/schema.org","@graph":[{"@type":"WebPage","@id":"https:\/\/romlay.hr\/proizvod\/natures-protection-stop-stool-eating-200g-dopunska-hrana-za-odrasle-pse-za-sprjecavanje-konzumiranja-izmeta\/","url":"https:\/\/romlay.hr\/proizvod\/natures-protection-stop-stool-eating-200g-dopunska-hrana-za-odrasle-pse-za-sprjecavanje-konzumiranja-izmeta\/","name":"NATURE\u2019S PROTECTION STOP STOOL EATING 200G, dopunska hrana za odrasle pse za sprje\u010davanje konzumiranja izmeta - Romlay","isPartOf":{"@id":"https:\/\/romlay.hr\/#website"},"primaryImageOfPage":{"@id":"https:\/\/romlay.hr\/proizvod\/natures-protection-stop-stool-eating-200g-dopunska-hrana-za-odrasle-pse-za-sprjecavanje-konzumiranja-izmeta\/#primaryimage"},"image":{"@id":"https:\/\/romlay.hr\/proizvod\/natures-protection-stop-stool-eating-200g-dopunska-hrana-za-odrasle-pse-za-sprjecavanje-konzumiranja-izmeta\/#primaryimage"},"thumbnailUrl":"https:\/\/romlay.hr\/wp-content\/uploads\/2025\/03\/NP-stop-stool-eating.webp","datePublished":"2025-03-28T10:24:56+00:00","dateModified":"2026-03-29T23:35:54+00:00","breadcrumb":{"@id":"https:\/\/romlay.hr\/proizvod\/natures-protection-stop-stool-eating-200g-dopunska-hrana-za-odrasle-pse-za-sprjecavanje-konzumiranja-izmeta\/#breadcrumb"},"inLanguage":"hr","potentialAction":[{"@type":"ReadAction","target":["https:\/\/romlay.hr\/proizvod\/natures-protection-stop-stool-eating-200g-dopunska-hrana-za-odrasle-pse-za-sprjecavanje-konzumiranja-izmeta\/"]}]},{"@type":"ImageObject","inLanguage":"hr","@id":"https:\/\/romlay.hr\/proizvod\/natures-protection-stop-stool-eating-200g-dopunska-hrana-za-odrasle-pse-za-sprjecavanje-konzumiranja-izmeta\/#primaryimage","url":"https:\/\/romlay.hr\/wp-content\/uploads\/2025\/03\/NP-stop-stool-eating.webp","contentUrl":"https:\/\/romlay.hr\/wp-content\/uploads\/2025\/03\/NP-stop-stool-eating.webp","width":680,"height":680},{"@type":"BreadcrumbList","@id":"https:\/\/romlay.hr\/proizvod\/natures-protection-stop-stool-eating-200g-dopunska-hrana-za-odrasle-pse-za-sprjecavanje-konzumiranja-izmeta\/#breadcrumb","itemListElement":[{"@type":"ListItem","position":1,"name":"Po\u010detna stranica","item":"https:\/\/romlay.hr\/"},{"@type":"ListItem","position":2,"name":"Proizvodi","item":"https:\/\/romlay.hr\/shop\/"},{"@type":"ListItem","position":3,"name":"NATURE\u2019S PROTECTION STOP STOOL EATING 200G, dopunska hrana za odrasle pse za sprje\u010davanje konzumiranja izmeta"}]},{"@type":"WebSite","@id":"https:\/\/romlay.hr\/#website","url":"https:\/\/romlay.hr\/","name":"Romlay","description":"Toy dog specialist","publisher":{"@id":"https:\/\/romlay.hr\/#organization"},"potentialAction":[{"@type":"SearchAction","target":{"@type":"EntryPoint","urlTemplate":"https:\/\/romlay.hr\/?s={search_term_string}"},"query-input":{"@type":"PropertyValueSpecification","valueRequired":true,"valueName":"search_term_string"}}],"inLanguage":"hr"},{"@type":"Organization","@id":"https:\/\/romlay.hr\/#organization","name":"Romlay","url":"https:\/\/romlay.hr\/","logo":{"@type":"ImageObject","inLanguage":"hr","@id":"https:\/\/romlay.hr\/#\/schema\/logo\/image\/","url":"https:\/\/romlay.hr\/wp-content\/uploads\/2023\/04\/cropped-Romlay-1.png","contentUrl":"https:\/\/romlay.hr\/wp-content\/uploads\/2023\/04\/cropped-Romlay-1.png","width":978,"height":1645,"caption":"Romlay"},"image":{"@id":"https:\/\/romlay.hr\/#\/schema\/logo\/image\/"}}]}},"_links":{"self":[{"href":"https:\/\/romlay.hr\/hr\/wp-json\/wp\/v2\/product\/1813","targetHints":{"allow":["GET"]}}],"collection":[{"href":"https:\/\/romlay.hr\/hr\/wp-json\/wp\/v2\/product"}],"about":[{"href":"https:\/\/romlay.hr\/hr\/wp-json\/wp\/v2\/types\/product"}],"wp:featuredmedia":[{"embeddable":true,"href":"https:\/\/romlay.hr\/hr\/wp-json\/wp\/v2\/media\/1814"}],"wp:attachment":[{"href":"https:\/\/romlay.hr\/hr\/wp-json\/wp\/v2\/media?parent=1813"}],"wp:term":[{"taxonomy":"product_brand","embeddable":true,"href":"https:\/\/romlay.hr\/hr\/wp-json\/wp\/v2\/product_brand?post=1813"},{"taxonomy":"product_cat","embeddable":true,"href":"https:\/\/romlay.hr\/hr\/wp-json\/wp\/v2\/product_cat?post=1813"},{"taxonomy":"product_tag","embeddable":true,"href":"https:\/\/romlay.hr\/hr\/wp-json\/wp\/v2\/product_tag?post=1813"}],"curies":[{"name":"wp","href":"https:\/\/api.w.org\/{rel}","templated":true}]}}