{"id":1418,"date":"2024-08-12T20:34:15","date_gmt":"2024-08-12T20:34:15","guid":{"rendered":"https:\/\/romlay.hr\/?post_type=product&#038;p=1418"},"modified":"2026-04-13T11:57:49","modified_gmt":"2026-04-13T11:57:49","slug":"natures-protection-junior-chicken-and-rabbit","status":"publish","type":"product","link":"https:\/\/romlay.hr\/hr\/proizvod\/natures-protection-junior-chicken-and-rabbit\/","title":{"rendered":"NATURE\u2019S PROTECTION JUNIOR CHICKEN AND RABBIT (piletina i zec) 200g"},"content":{"rendered":"<p>Nature\u2019s Protection Junior Chicken and Rabbit je super premium mokra hrana posebno formulirana za \u0161tence i mlade pse. Glavni izvor proteina je visokokvalitetno pile\u0107e i ze\u010dje meso, koje se koristi u proizvodnji hrane za ljudsku upotrebu, pru\u017eaju\u0107i va\u0161em ljubimcu vrhunsku prehranu.\n\n\nKlju\u010dne zna\u010dajke:\n\nVisok udio mesa: Sadr\u017ei \u010dak 70% visokokvalitetnog mesa za optimalnu prehranu.\n\nPrirodni sastojci: Sadr\u017ei samo meso i juhu, bez konzervansa, ko\u0161tanog bra\u0161na, soje, \u017eitnih ne\u010disto\u0107a, poja\u010diva\u010da okusa i mehani\u010dki separiranog mesa.\n\nIzvrsna probavljivost: Kombinacija mesa i juhe osigurava lako probavljivu prehranu i opskrbljuje organizam esencijalnim mineralima.\n\nPrikladno za juniore: Posebno formulirano kako bi zadovoljilo nutritivne potrebe mladih pasa.\n\nUmjeren udio masti: Poma\u017ee u odr\u017eavanju zdrave tjelesne te\u017eine i podr\u017eava razvoj.\n\n\nPrednosti:\n\nPru\u017ea esencijalne hranjive tvari za zdrav rast i razvoj.\n\nPrirodni sastojci podr\u017eavaju probavu i smanjuju rizik od alergijskih reakcija.\n\nVisokokvalitetni izvori proteina podr\u017eavaju zdravlje mi\u0161i\u0107a i energije.\n\nUkusna hrana koja zadovoljava i najizbirljivije ljubimce.\n\n\nNature\u2019s Protection Junior Chicken and Rabbit savr\u0161en je izbor za vlasnike pasa koji \u017eele osigurati zdrav i ukusan obrok za svoje \u0161tence, pru\u017eaju\u0107i im najbolje za zdrav po\u010detak \u017eivota.<\/p>\n<ul>\n<li aria-level=\"1\">Preporuka : pohranit u frizider do 3 dana od otvaranja<\/li>\n<li aria-level=\"1\">Moze se pomje\u0161at sa suhom hranom kao bogatiji obrok<\/li>\n<li>Contains only meat and broth, so the food is well digested and contains minerals.<\/li>\n<li aria-level=\"1\">Specially formulated for young dogs.<\/li>\n<\/ul>","protected":false},"excerpt":{"rendered":"<p>&#8220;Nature&#8217;s Protection&#8221; wet food for dogs is tailored to satisfy different needs of young and adult dogs. High quality natural meat that can be used for human consumption is the main source of protein.<\/p>","protected":false},"featured_media":1420,"template":"","meta":{"_monsterinsights_skip_tracking":false,"_monsterinsights_sitenote_active":false,"_monsterinsights_sitenote_note":"","_monsterinsights_sitenote_category":0,"site-sidebar-layout":"default","site-content-layout":"default","ast-site-content-layout":"default","site-content-style":"default","site-sidebar-style":"default","ast-global-header-display":"","ast-banner-title-visibility":"","ast-main-header-display":"","ast-hfb-above-header-display":"","ast-hfb-below-header-display":"","ast-hfb-mobile-header-display":"","site-post-title":"","ast-breadcrumbs-content":"","ast-featured-img":"","footer-sml-layout":"","ast-disable-related-posts":"","theme-transparent-header-meta":"default","adv-header-id-meta":"","stick-header-meta":"","header-above-stick-meta":"","header-main-stick-meta":"","header-below-stick-meta":"","astra-migrate-meta-layouts":"set","ast-page-background-enabled":"default","ast-page-background-meta":{"desktop":{"background-color":"var(--ast-global-color-4)","background-image":"","background-repeat":"repeat","background-position":"center center","background-size":"auto","background-attachment":"scroll","background-type":"","background-media":"","overlay-type":"","overlay-color":"","overlay-opacity":"","overlay-gradient":""},"tablet":{"background-color":"","background-image":"","background-repeat":"repeat","background-position":"center center","background-size":"auto","background-attachment":"scroll","background-type":"","background-media":"","overlay-type":"","overlay-color":"","overlay-opacity":"","overlay-gradient":""},"mobile":{"background-color":"","background-image":"","background-repeat":"repeat","background-position":"center center","background-size":"auto","background-attachment":"scroll","background-type":"","background-media":"","overlay-type":"","overlay-color":"","overlay-opacity":"","overlay-gradient":""}},"ast-content-background-meta":{"desktop":{"background-color":"var(--ast-global-color-5)","background-image":"","background-repeat":"repeat","background-position":"center center","background-size":"auto","background-attachment":"scroll","background-type":"","background-media":"","overlay-type":"","overlay-color":"","overlay-opacity":"","overlay-gradient":""},"tablet":{"background-color":"var(--ast-global-color-5)","background-image":"","background-repeat":"repeat","background-position":"center center","background-size":"auto","background-attachment":"scroll","background-type":"","background-media":"","overlay-type":"","overlay-color":"","overlay-opacity":"","overlay-gradient":""},"mobile":{"background-color":"var(--ast-global-color-5)","background-image":"","background-repeat":"repeat","background-position":"center center","background-size":"auto","background-attachment":"scroll","background-type":"","background-media":"","overlay-type":"","overlay-color":"","overlay-opacity":"","overlay-gradient":""}}},"product_brand":[],"product_cat":[31,33,29],"product_tag":[],"class_list":{"0":"post-1418","1":"product","2":"type-product","3":"status-publish","4":"has-post-thumbnail","6":"product_cat-canned-food","7":"product_cat-junior-puppy-canned-food","8":"product_cat-natures-protection","9":"desktop-align-left","10":"tablet-align-left","11":"mobile-align-left","13":"first","14":"outofstock","15":"shipping-taxable","16":"purchasable","17":"product-type-variable"},"yoast_head":"<!-- This site is optimized with the Yoast SEO plugin v27.4 - https:\/\/yoast.com\/product\/yoast-seo-wordpress\/ -->\n<title>NATURE&#039;S PROTECTION JUNIOR CHICKEN AND RABBIT - Romlay<\/title>\n<meta name=\"robots\" content=\"index, follow, max-snippet:-1, max-image-preview:large, max-video-preview:-1\" \/>\n<link rel=\"canonical\" href=\"https:\/\/romlay.hr\/hr\/proizvod\/natures-protection-junior-chicken-and-rabbit\/\" \/>\n<meta property=\"og:locale\" content=\"hr_HR\" \/>\n<meta property=\"og:type\" content=\"article\" \/>\n<meta property=\"og:title\" content=\"NATURE&#039;S PROTECTION JUNIOR CHICKEN AND RABBIT - Romlay\" \/>\n<meta property=\"og:description\" content=\"&quot;Nature&#039;s Protection&quot; wet food for dogs is tailored to satisfy different needs of young and adult dogs. High quality natural meat that can be used for human consumption is the main source of protein.\" \/>\n<meta property=\"og:url\" content=\"https:\/\/romlay.hr\/hr\/proizvod\/natures-protection-junior-chicken-and-rabbit\/\" \/>\n<meta property=\"og:site_name\" content=\"Romlay\" \/>\n<meta property=\"article:modified_time\" content=\"2026-04-13T11:57:49+00:00\" \/>\n<meta property=\"og:image\" content=\"https:\/\/romlay.hr\/wp-content\/uploads\/2024\/08\/Untitled-design-69.png\" \/>\n\t<meta property=\"og:image:width\" content=\"680\" \/>\n\t<meta property=\"og:image:height\" content=\"680\" \/>\n\t<meta property=\"og:image:type\" content=\"image\/png\" \/>\n<meta name=\"twitter:card\" content=\"summary_large_image\" \/>\n<meta name=\"twitter:label1\" content=\"Procijenjeno vrijeme \u010ditanja\" \/>\n\t<meta name=\"twitter:data1\" content=\"1 minuta\" \/>\n<script type=\"application\/ld+json\" class=\"yoast-schema-graph\">{\"@context\":\"https:\\\/\\\/schema.org\",\"@graph\":[{\"@type\":\"WebPage\",\"@id\":\"https:\\\/\\\/romlay.hr\\\/proizvod\\\/natures-protection-junior-chicken-and-rabbit\\\/\",\"url\":\"https:\\\/\\\/romlay.hr\\\/proizvod\\\/natures-protection-junior-chicken-and-rabbit\\\/\",\"name\":\"NATURE'S PROTECTION JUNIOR CHICKEN AND RABBIT - Romlay\",\"isPartOf\":{\"@id\":\"https:\\\/\\\/romlay.hr\\\/#website\"},\"primaryImageOfPage\":{\"@id\":\"https:\\\/\\\/romlay.hr\\\/proizvod\\\/natures-protection-junior-chicken-and-rabbit\\\/#primaryimage\"},\"image\":{\"@id\":\"https:\\\/\\\/romlay.hr\\\/proizvod\\\/natures-protection-junior-chicken-and-rabbit\\\/#primaryimage\"},\"thumbnailUrl\":\"https:\\\/\\\/romlay.hr\\\/wp-content\\\/uploads\\\/2024\\\/08\\\/Untitled-design-69.png\",\"datePublished\":\"2024-08-12T20:34:15+00:00\",\"dateModified\":\"2026-04-13T11:57:49+00:00\",\"breadcrumb\":{\"@id\":\"https:\\\/\\\/romlay.hr\\\/proizvod\\\/natures-protection-junior-chicken-and-rabbit\\\/#breadcrumb\"},\"inLanguage\":\"hr\",\"potentialAction\":[{\"@type\":\"ReadAction\",\"target\":[\"https:\\\/\\\/romlay.hr\\\/proizvod\\\/natures-protection-junior-chicken-and-rabbit\\\/\"]}]},{\"@type\":\"ImageObject\",\"inLanguage\":\"hr\",\"@id\":\"https:\\\/\\\/romlay.hr\\\/proizvod\\\/natures-protection-junior-chicken-and-rabbit\\\/#primaryimage\",\"url\":\"https:\\\/\\\/romlay.hr\\\/wp-content\\\/uploads\\\/2024\\\/08\\\/Untitled-design-69.png\",\"contentUrl\":\"https:\\\/\\\/romlay.hr\\\/wp-content\\\/uploads\\\/2024\\\/08\\\/Untitled-design-69.png\",\"width\":680,\"height\":680},{\"@type\":\"BreadcrumbList\",\"@id\":\"https:\\\/\\\/romlay.hr\\\/proizvod\\\/natures-protection-junior-chicken-and-rabbit\\\/#breadcrumb\",\"itemListElement\":[{\"@type\":\"ListItem\",\"position\":1,\"name\":\"Po\u010detna stranica\",\"item\":\"https:\\\/\\\/romlay.hr\\\/\"},{\"@type\":\"ListItem\",\"position\":2,\"name\":\"Proizvodi\",\"item\":\"https:\\\/\\\/romlay.hr\\\/shop\\\/\"},{\"@type\":\"ListItem\",\"position\":3,\"name\":\"NATURE&#8217;S PROTECTION JUNIOR CHICKEN AND RABBIT\"}]},{\"@type\":\"WebSite\",\"@id\":\"https:\\\/\\\/romlay.hr\\\/#website\",\"url\":\"https:\\\/\\\/romlay.hr\\\/\",\"name\":\"Romlay\",\"description\":\"Toy dog specialist\",\"publisher\":{\"@id\":\"https:\\\/\\\/romlay.hr\\\/#organization\"},\"potentialAction\":[{\"@type\":\"SearchAction\",\"target\":{\"@type\":\"EntryPoint\",\"urlTemplate\":\"https:\\\/\\\/romlay.hr\\\/?s={search_term_string}\"},\"query-input\":{\"@type\":\"PropertyValueSpecification\",\"valueRequired\":true,\"valueName\":\"search_term_string\"}}],\"inLanguage\":\"hr\"},{\"@type\":\"Organization\",\"@id\":\"https:\\\/\\\/romlay.hr\\\/#organization\",\"name\":\"Romlay\",\"url\":\"https:\\\/\\\/romlay.hr\\\/\",\"logo\":{\"@type\":\"ImageObject\",\"inLanguage\":\"hr\",\"@id\":\"https:\\\/\\\/romlay.hr\\\/#\\\/schema\\\/logo\\\/image\\\/\",\"url\":\"https:\\\/\\\/romlay.hr\\\/wp-content\\\/uploads\\\/2023\\\/04\\\/cropped-Romlay-1.png\",\"contentUrl\":\"https:\\\/\\\/romlay.hr\\\/wp-content\\\/uploads\\\/2023\\\/04\\\/cropped-Romlay-1.png\",\"width\":978,\"height\":1645,\"caption\":\"Romlay\"},\"image\":{\"@id\":\"https:\\\/\\\/romlay.hr\\\/#\\\/schema\\\/logo\\\/image\\\/\"}}]}<\/script>\n<!-- \/ Yoast SEO plugin. -->","yoast_head_json":{"title":"NATURE'S PROTECTION JUNIOR CHICKEN AND RABBIT - Romlay","robots":{"index":"index","follow":"follow","max-snippet":"max-snippet:-1","max-image-preview":"max-image-preview:large","max-video-preview":"max-video-preview:-1"},"canonical":"https:\/\/romlay.hr\/hr\/proizvod\/natures-protection-junior-chicken-and-rabbit\/","og_locale":"hr_HR","og_type":"article","og_title":"NATURE'S PROTECTION JUNIOR CHICKEN AND RABBIT - Romlay","og_description":"\"Nature's Protection\" wet food for dogs is tailored to satisfy different needs of young and adult dogs. High quality natural meat that can be used for human consumption is the main source of protein.","og_url":"https:\/\/romlay.hr\/hr\/proizvod\/natures-protection-junior-chicken-and-rabbit\/","og_site_name":"Romlay","article_modified_time":"2026-04-13T11:57:49+00:00","og_image":[{"width":680,"height":680,"url":"https:\/\/romlay.hr\/wp-content\/uploads\/2024\/08\/Untitled-design-69.png","type":"image\/png"}],"twitter_card":"summary_large_image","twitter_misc":{"Procijenjeno vrijeme \u010ditanja":"1 minuta"},"schema":{"@context":"https:\/\/schema.org","@graph":[{"@type":"WebPage","@id":"https:\/\/romlay.hr\/proizvod\/natures-protection-junior-chicken-and-rabbit\/","url":"https:\/\/romlay.hr\/proizvod\/natures-protection-junior-chicken-and-rabbit\/","name":"NATURE'S PROTECTION JUNIOR CHICKEN AND RABBIT - Romlay","isPartOf":{"@id":"https:\/\/romlay.hr\/#website"},"primaryImageOfPage":{"@id":"https:\/\/romlay.hr\/proizvod\/natures-protection-junior-chicken-and-rabbit\/#primaryimage"},"image":{"@id":"https:\/\/romlay.hr\/proizvod\/natures-protection-junior-chicken-and-rabbit\/#primaryimage"},"thumbnailUrl":"https:\/\/romlay.hr\/wp-content\/uploads\/2024\/08\/Untitled-design-69.png","datePublished":"2024-08-12T20:34:15+00:00","dateModified":"2026-04-13T11:57:49+00:00","breadcrumb":{"@id":"https:\/\/romlay.hr\/proizvod\/natures-protection-junior-chicken-and-rabbit\/#breadcrumb"},"inLanguage":"hr","potentialAction":[{"@type":"ReadAction","target":["https:\/\/romlay.hr\/proizvod\/natures-protection-junior-chicken-and-rabbit\/"]}]},{"@type":"ImageObject","inLanguage":"hr","@id":"https:\/\/romlay.hr\/proizvod\/natures-protection-junior-chicken-and-rabbit\/#primaryimage","url":"https:\/\/romlay.hr\/wp-content\/uploads\/2024\/08\/Untitled-design-69.png","contentUrl":"https:\/\/romlay.hr\/wp-content\/uploads\/2024\/08\/Untitled-design-69.png","width":680,"height":680},{"@type":"BreadcrumbList","@id":"https:\/\/romlay.hr\/proizvod\/natures-protection-junior-chicken-and-rabbit\/#breadcrumb","itemListElement":[{"@type":"ListItem","position":1,"name":"Po\u010detna stranica","item":"https:\/\/romlay.hr\/"},{"@type":"ListItem","position":2,"name":"Proizvodi","item":"https:\/\/romlay.hr\/shop\/"},{"@type":"ListItem","position":3,"name":"NATURE&#8217;S PROTECTION JUNIOR CHICKEN AND RABBIT"}]},{"@type":"WebSite","@id":"https:\/\/romlay.hr\/#website","url":"https:\/\/romlay.hr\/","name":"Romlay","description":"Toy dog specialist","publisher":{"@id":"https:\/\/romlay.hr\/#organization"},"potentialAction":[{"@type":"SearchAction","target":{"@type":"EntryPoint","urlTemplate":"https:\/\/romlay.hr\/?s={search_term_string}"},"query-input":{"@type":"PropertyValueSpecification","valueRequired":true,"valueName":"search_term_string"}}],"inLanguage":"hr"},{"@type":"Organization","@id":"https:\/\/romlay.hr\/#organization","name":"Romlay","url":"https:\/\/romlay.hr\/","logo":{"@type":"ImageObject","inLanguage":"hr","@id":"https:\/\/romlay.hr\/#\/schema\/logo\/image\/","url":"https:\/\/romlay.hr\/wp-content\/uploads\/2023\/04\/cropped-Romlay-1.png","contentUrl":"https:\/\/romlay.hr\/wp-content\/uploads\/2023\/04\/cropped-Romlay-1.png","width":978,"height":1645,"caption":"Romlay"},"image":{"@id":"https:\/\/romlay.hr\/#\/schema\/logo\/image\/"}}]}},"_links":{"self":[{"href":"https:\/\/romlay.hr\/hr\/wp-json\/wp\/v2\/product\/1418","targetHints":{"allow":["GET"]}}],"collection":[{"href":"https:\/\/romlay.hr\/hr\/wp-json\/wp\/v2\/product"}],"about":[{"href":"https:\/\/romlay.hr\/hr\/wp-json\/wp\/v2\/types\/product"}],"wp:featuredmedia":[{"embeddable":true,"href":"https:\/\/romlay.hr\/hr\/wp-json\/wp\/v2\/media\/1420"}],"wp:attachment":[{"href":"https:\/\/romlay.hr\/hr\/wp-json\/wp\/v2\/media?parent=1418"}],"wp:term":[{"taxonomy":"product_brand","embeddable":true,"href":"https:\/\/romlay.hr\/hr\/wp-json\/wp\/v2\/product_brand?post=1418"},{"taxonomy":"product_cat","embeddable":true,"href":"https:\/\/romlay.hr\/hr\/wp-json\/wp\/v2\/product_cat?post=1418"},{"taxonomy":"product_tag","embeddable":true,"href":"https:\/\/romlay.hr\/hr\/wp-json\/wp\/v2\/product_tag?post=1418"}],"curies":[{"name":"wp","href":"https:\/\/api.w.org\/{rel}","templated":true}]}}