{"id":1415,"date":"2024-08-12T20:20:54","date_gmt":"2024-08-12T20:20:54","guid":{"rendered":"https:\/\/romlay.hr\/?post_type=product&#038;p=1415"},"modified":"2026-03-26T15:23:21","modified_gmt":"2026-03-26T15:23:21","slug":"natures-protection-adult-light-turkey-and-lamb","status":"publish","type":"product","link":"https:\/\/romlay.hr\/hr\/proizvod\/natures-protection-adult-light-turkey-and-lamb\/","title":{"rendered":"NATURE\u2019S PROTECTION ADULT LIGHT TURKEY AND LAMB (lagana puretina i janjetina) 200g"},"content":{"rendered":"<div class=\"short-desc\">\n<div class=\"text-normal\">\n<ul>\n<li>Nature\u2019s Protection Adult Light Turkey and Lamb je super premium mokra hrana formulirana za odrasle pse svih pasmina s visokokvalitetnim mesom puretine i janjetine. Idealan je izbor za pse koji trebaju kontroliran unos kalorija, pru\u017eaju\u0107i visok udio mesa uz umjerenu koli\u010dinu masti.\n\nKlju\u010dne zna\u010dajke:\n\nGlavni izvor proteina: Visokokvalitetna puretina i janjetina iz prirodnih izvora, prikladna za ljudsku prehranu.\n\nVisok udio mesa: Sadr\u017ei 67% mesa za optimalnu prehranu i zadovoljstvo.\n\nUmjeren udio masti: Poma\u017ee u odr\u017eavanju zdrave tjelesne te\u017eine kod pasa s ni\u017eim energetskim potrebama.\n\nOboga\u0107eno ri\u017eom: Osigurava lako probavljivu energiju i podr\u0161ku probavnom sustavu<\/li>\n<li>Mo\u017ee se pomje\u0161ati sa suhom hranom kao bogatiji obrok<\/li>\n<li>Preporuka : pohranit u frizider do 3 dana od otvaranja<\/li>\n<\/ul>\n<\/div>\n<\/div>","protected":false},"excerpt":{"rendered":"<ul>\n<li>Adult Chicken &amp; Turkey is a natural turkey and chicken slice served in broth and supplemented with minerals.<\/li>\n<li>Preporuka : pohranit u frizider do 3 dana od otvaranja<\/li>\n<li>Mo\u017ee se pomje\u0161ati sa suhom hranom kao bogatiji obrok<\/li>\n<\/ul>","protected":false},"featured_media":1417,"template":"","meta":{"_monsterinsights_skip_tracking":false,"_monsterinsights_sitenote_active":false,"_monsterinsights_sitenote_note":"","_monsterinsights_sitenote_category":0,"site-sidebar-layout":"default","site-content-layout":"","ast-site-content-layout":"default","site-content-style":"default","site-sidebar-style":"default","ast-global-header-display":"","ast-banner-title-visibility":"","ast-main-header-display":"","ast-hfb-above-header-display":"","ast-hfb-below-header-display":"","ast-hfb-mobile-header-display":"","site-post-title":"","ast-breadcrumbs-content":"","ast-featured-img":"","footer-sml-layout":"","ast-disable-related-posts":"","theme-transparent-header-meta":"default","adv-header-id-meta":"","stick-header-meta":"","header-above-stick-meta":"","header-main-stick-meta":"","header-below-stick-meta":"","astra-migrate-meta-layouts":"set","ast-page-background-enabled":"default","ast-page-background-meta":{"desktop":{"background-color":"var(--ast-global-color-4)","background-image":"","background-repeat":"repeat","background-position":"center center","background-size":"auto","background-attachment":"scroll","background-type":"","background-media":"","overlay-type":"","overlay-color":"","overlay-opacity":"","overlay-gradient":""},"tablet":{"background-color":"","background-image":"","background-repeat":"repeat","background-position":"center center","background-size":"auto","background-attachment":"scroll","background-type":"","background-media":"","overlay-type":"","overlay-color":"","overlay-opacity":"","overlay-gradient":""},"mobile":{"background-color":"","background-image":"","background-repeat":"repeat","background-position":"center center","background-size":"auto","background-attachment":"scroll","background-type":"","background-media":"","overlay-type":"","overlay-color":"","overlay-opacity":"","overlay-gradient":""}},"ast-content-background-meta":{"desktop":{"background-color":"var(--ast-global-color-5)","background-image":"","background-repeat":"repeat","background-position":"center center","background-size":"auto","background-attachment":"scroll","background-type":"","background-media":"","overlay-type":"","overlay-color":"","overlay-opacity":"","overlay-gradient":""},"tablet":{"background-color":"var(--ast-global-color-5)","background-image":"","background-repeat":"repeat","background-position":"center center","background-size":"auto","background-attachment":"scroll","background-type":"","background-media":"","overlay-type":"","overlay-color":"","overlay-opacity":"","overlay-gradient":""},"mobile":{"background-color":"var(--ast-global-color-5)","background-image":"","background-repeat":"repeat","background-position":"center center","background-size":"auto","background-attachment":"scroll","background-type":"","background-media":"","overlay-type":"","overlay-color":"","overlay-opacity":"","overlay-gradient":""}}},"product_brand":[],"product_cat":[34,31],"product_tag":[],"class_list":{"0":"post-1415","1":"product","2":"type-product","3":"status-publish","4":"has-post-thumbnail","6":"product_cat-adult","7":"product_cat-canned-food","8":"desktop-align-left","9":"tablet-align-left","10":"mobile-align-left","12":"first","13":"instock","14":"shipping-taxable","15":"purchasable","16":"product-type-variable"},"yoast_head":"<!-- This site is optimized with the Yoast SEO plugin v27.4 - https:\/\/yoast.com\/product\/yoast-seo-wordpress\/ -->\n<title>NATURE&#039;S PROTECTION ADULT LIGHT TURKEY AND LAMB - Romlay<\/title>\n<meta name=\"robots\" content=\"index, follow, max-snippet:-1, max-image-preview:large, max-video-preview:-1\" \/>\n<link rel=\"canonical\" href=\"https:\/\/romlay.hr\/hr\/proizvod\/natures-protection-adult-light-turkey-and-lamb\/\" \/>\n<meta property=\"og:locale\" content=\"hr_HR\" \/>\n<meta property=\"og:type\" content=\"article\" \/>\n<meta property=\"og:title\" content=\"NATURE&#039;S PROTECTION ADULT LIGHT TURKEY AND LAMB - Romlay\" \/>\n<meta property=\"og:description\" content=\"Adult Chicken &amp; Turkey is a natural turkey and chicken slice served in broth and supplemented with minerals.  Does not contain preservatives, bone meal, soy and grain impurities, flavour and flavour enhancers, and mechanically separated meat is not used. Canned food is a favorite due to its taste and smell.  The main source of protein is quality veal and duck. Eddale has a particularly high meat content (70 %), but animal fats are used in moderation in the production of canned food.\" \/>\n<meta property=\"og:url\" content=\"https:\/\/romlay.hr\/hr\/proizvod\/natures-protection-adult-light-turkey-and-lamb\/\" \/>\n<meta property=\"og:site_name\" content=\"Romlay\" \/>\n<meta property=\"article:modified_time\" content=\"2026-03-26T15:23:21+00:00\" \/>\n<meta property=\"og:image\" content=\"https:\/\/romlay.hr\/wp-content\/uploads\/2024\/08\/Untitled-design-68.png\" \/>\n\t<meta property=\"og:image:width\" content=\"680\" \/>\n\t<meta property=\"og:image:height\" content=\"680\" \/>\n\t<meta property=\"og:image:type\" content=\"image\/png\" \/>\n<meta name=\"twitter:card\" content=\"summary_large_image\" \/>\n<meta name=\"twitter:label1\" content=\"Procijenjeno vrijeme \u010ditanja\" \/>\n\t<meta name=\"twitter:data1\" content=\"1 minuta\" \/>\n<script type=\"application\/ld+json\" class=\"yoast-schema-graph\">{\"@context\":\"https:\\\/\\\/schema.org\",\"@graph\":[{\"@type\":\"WebPage\",\"@id\":\"https:\\\/\\\/romlay.hr\\\/proizvod\\\/natures-protection-adult-light-turkey-and-lamb\\\/\",\"url\":\"https:\\\/\\\/romlay.hr\\\/proizvod\\\/natures-protection-adult-light-turkey-and-lamb\\\/\",\"name\":\"NATURE'S PROTECTION ADULT LIGHT TURKEY AND LAMB - Romlay\",\"isPartOf\":{\"@id\":\"https:\\\/\\\/romlay.hr\\\/#website\"},\"primaryImageOfPage\":{\"@id\":\"https:\\\/\\\/romlay.hr\\\/proizvod\\\/natures-protection-adult-light-turkey-and-lamb\\\/#primaryimage\"},\"image\":{\"@id\":\"https:\\\/\\\/romlay.hr\\\/proizvod\\\/natures-protection-adult-light-turkey-and-lamb\\\/#primaryimage\"},\"thumbnailUrl\":\"https:\\\/\\\/romlay.hr\\\/wp-content\\\/uploads\\\/2024\\\/08\\\/Untitled-design-68.png\",\"datePublished\":\"2024-08-12T20:20:54+00:00\",\"dateModified\":\"2026-03-26T15:23:21+00:00\",\"breadcrumb\":{\"@id\":\"https:\\\/\\\/romlay.hr\\\/proizvod\\\/natures-protection-adult-light-turkey-and-lamb\\\/#breadcrumb\"},\"inLanguage\":\"hr\",\"potentialAction\":[{\"@type\":\"ReadAction\",\"target\":[\"https:\\\/\\\/romlay.hr\\\/proizvod\\\/natures-protection-adult-light-turkey-and-lamb\\\/\"]}]},{\"@type\":\"ImageObject\",\"inLanguage\":\"hr\",\"@id\":\"https:\\\/\\\/romlay.hr\\\/proizvod\\\/natures-protection-adult-light-turkey-and-lamb\\\/#primaryimage\",\"url\":\"https:\\\/\\\/romlay.hr\\\/wp-content\\\/uploads\\\/2024\\\/08\\\/Untitled-design-68.png\",\"contentUrl\":\"https:\\\/\\\/romlay.hr\\\/wp-content\\\/uploads\\\/2024\\\/08\\\/Untitled-design-68.png\",\"width\":680,\"height\":680},{\"@type\":\"BreadcrumbList\",\"@id\":\"https:\\\/\\\/romlay.hr\\\/proizvod\\\/natures-protection-adult-light-turkey-and-lamb\\\/#breadcrumb\",\"itemListElement\":[{\"@type\":\"ListItem\",\"position\":1,\"name\":\"Po\u010detna stranica\",\"item\":\"https:\\\/\\\/romlay.hr\\\/\"},{\"@type\":\"ListItem\",\"position\":2,\"name\":\"Proizvodi\",\"item\":\"https:\\\/\\\/romlay.hr\\\/shop\\\/\"},{\"@type\":\"ListItem\",\"position\":3,\"name\":\"NATURE&#8217;S PROTECTION ADULT LIGHT TURKEY AND LAMB\"}]},{\"@type\":\"WebSite\",\"@id\":\"https:\\\/\\\/romlay.hr\\\/#website\",\"url\":\"https:\\\/\\\/romlay.hr\\\/\",\"name\":\"Romlay\",\"description\":\"Toy dog specialist\",\"publisher\":{\"@id\":\"https:\\\/\\\/romlay.hr\\\/#organization\"},\"potentialAction\":[{\"@type\":\"SearchAction\",\"target\":{\"@type\":\"EntryPoint\",\"urlTemplate\":\"https:\\\/\\\/romlay.hr\\\/?s={search_term_string}\"},\"query-input\":{\"@type\":\"PropertyValueSpecification\",\"valueRequired\":true,\"valueName\":\"search_term_string\"}}],\"inLanguage\":\"hr\"},{\"@type\":\"Organization\",\"@id\":\"https:\\\/\\\/romlay.hr\\\/#organization\",\"name\":\"Romlay\",\"url\":\"https:\\\/\\\/romlay.hr\\\/\",\"logo\":{\"@type\":\"ImageObject\",\"inLanguage\":\"hr\",\"@id\":\"https:\\\/\\\/romlay.hr\\\/#\\\/schema\\\/logo\\\/image\\\/\",\"url\":\"https:\\\/\\\/romlay.hr\\\/wp-content\\\/uploads\\\/2023\\\/04\\\/cropped-Romlay-1.png\",\"contentUrl\":\"https:\\\/\\\/romlay.hr\\\/wp-content\\\/uploads\\\/2023\\\/04\\\/cropped-Romlay-1.png\",\"width\":978,\"height\":1645,\"caption\":\"Romlay\"},\"image\":{\"@id\":\"https:\\\/\\\/romlay.hr\\\/#\\\/schema\\\/logo\\\/image\\\/\"}}]}<\/script>\n<!-- \/ Yoast SEO plugin. -->","yoast_head_json":{"title":"NATURE'S PROTECTION ADULT LIGHT TURKEY AND LAMB - Romlay","robots":{"index":"index","follow":"follow","max-snippet":"max-snippet:-1","max-image-preview":"max-image-preview:large","max-video-preview":"max-video-preview:-1"},"canonical":"https:\/\/romlay.hr\/hr\/proizvod\/natures-protection-adult-light-turkey-and-lamb\/","og_locale":"hr_HR","og_type":"article","og_title":"NATURE'S PROTECTION ADULT LIGHT TURKEY AND LAMB - Romlay","og_description":"Adult Chicken &amp; Turkey is a natural turkey and chicken slice served in broth and supplemented with minerals.  Does not contain preservatives, bone meal, soy and grain impurities, flavour and flavour enhancers, and mechanically separated meat is not used. Canned food is a favorite due to its taste and smell.  The main source of protein is quality veal and duck. Eddale has a particularly high meat content (70 %), but animal fats are used in moderation in the production of canned food.","og_url":"https:\/\/romlay.hr\/hr\/proizvod\/natures-protection-adult-light-turkey-and-lamb\/","og_site_name":"Romlay","article_modified_time":"2026-03-26T15:23:21+00:00","og_image":[{"width":680,"height":680,"url":"https:\/\/romlay.hr\/wp-content\/uploads\/2024\/08\/Untitled-design-68.png","type":"image\/png"}],"twitter_card":"summary_large_image","twitter_misc":{"Procijenjeno vrijeme \u010ditanja":"1 minuta"},"schema":{"@context":"https:\/\/schema.org","@graph":[{"@type":"WebPage","@id":"https:\/\/romlay.hr\/proizvod\/natures-protection-adult-light-turkey-and-lamb\/","url":"https:\/\/romlay.hr\/proizvod\/natures-protection-adult-light-turkey-and-lamb\/","name":"NATURE'S PROTECTION ADULT LIGHT TURKEY AND LAMB - Romlay","isPartOf":{"@id":"https:\/\/romlay.hr\/#website"},"primaryImageOfPage":{"@id":"https:\/\/romlay.hr\/proizvod\/natures-protection-adult-light-turkey-and-lamb\/#primaryimage"},"image":{"@id":"https:\/\/romlay.hr\/proizvod\/natures-protection-adult-light-turkey-and-lamb\/#primaryimage"},"thumbnailUrl":"https:\/\/romlay.hr\/wp-content\/uploads\/2024\/08\/Untitled-design-68.png","datePublished":"2024-08-12T20:20:54+00:00","dateModified":"2026-03-26T15:23:21+00:00","breadcrumb":{"@id":"https:\/\/romlay.hr\/proizvod\/natures-protection-adult-light-turkey-and-lamb\/#breadcrumb"},"inLanguage":"hr","potentialAction":[{"@type":"ReadAction","target":["https:\/\/romlay.hr\/proizvod\/natures-protection-adult-light-turkey-and-lamb\/"]}]},{"@type":"ImageObject","inLanguage":"hr","@id":"https:\/\/romlay.hr\/proizvod\/natures-protection-adult-light-turkey-and-lamb\/#primaryimage","url":"https:\/\/romlay.hr\/wp-content\/uploads\/2024\/08\/Untitled-design-68.png","contentUrl":"https:\/\/romlay.hr\/wp-content\/uploads\/2024\/08\/Untitled-design-68.png","width":680,"height":680},{"@type":"BreadcrumbList","@id":"https:\/\/romlay.hr\/proizvod\/natures-protection-adult-light-turkey-and-lamb\/#breadcrumb","itemListElement":[{"@type":"ListItem","position":1,"name":"Po\u010detna stranica","item":"https:\/\/romlay.hr\/"},{"@type":"ListItem","position":2,"name":"Proizvodi","item":"https:\/\/romlay.hr\/shop\/"},{"@type":"ListItem","position":3,"name":"NATURE&#8217;S PROTECTION ADULT LIGHT TURKEY AND LAMB"}]},{"@type":"WebSite","@id":"https:\/\/romlay.hr\/#website","url":"https:\/\/romlay.hr\/","name":"Romlay","description":"Toy dog specialist","publisher":{"@id":"https:\/\/romlay.hr\/#organization"},"potentialAction":[{"@type":"SearchAction","target":{"@type":"EntryPoint","urlTemplate":"https:\/\/romlay.hr\/?s={search_term_string}"},"query-input":{"@type":"PropertyValueSpecification","valueRequired":true,"valueName":"search_term_string"}}],"inLanguage":"hr"},{"@type":"Organization","@id":"https:\/\/romlay.hr\/#organization","name":"Romlay","url":"https:\/\/romlay.hr\/","logo":{"@type":"ImageObject","inLanguage":"hr","@id":"https:\/\/romlay.hr\/#\/schema\/logo\/image\/","url":"https:\/\/romlay.hr\/wp-content\/uploads\/2023\/04\/cropped-Romlay-1.png","contentUrl":"https:\/\/romlay.hr\/wp-content\/uploads\/2023\/04\/cropped-Romlay-1.png","width":978,"height":1645,"caption":"Romlay"},"image":{"@id":"https:\/\/romlay.hr\/#\/schema\/logo\/image\/"}}]}},"_links":{"self":[{"href":"https:\/\/romlay.hr\/hr\/wp-json\/wp\/v2\/product\/1415","targetHints":{"allow":["GET"]}}],"collection":[{"href":"https:\/\/romlay.hr\/hr\/wp-json\/wp\/v2\/product"}],"about":[{"href":"https:\/\/romlay.hr\/hr\/wp-json\/wp\/v2\/types\/product"}],"wp:featuredmedia":[{"embeddable":true,"href":"https:\/\/romlay.hr\/hr\/wp-json\/wp\/v2\/media\/1417"}],"wp:attachment":[{"href":"https:\/\/romlay.hr\/hr\/wp-json\/wp\/v2\/media?parent=1415"}],"wp:term":[{"taxonomy":"product_brand","embeddable":true,"href":"https:\/\/romlay.hr\/hr\/wp-json\/wp\/v2\/product_brand?post=1415"},{"taxonomy":"product_cat","embeddable":true,"href":"https:\/\/romlay.hr\/hr\/wp-json\/wp\/v2\/product_cat?post=1415"},{"taxonomy":"product_tag","embeddable":true,"href":"https:\/\/romlay.hr\/hr\/wp-json\/wp\/v2\/product_tag?post=1415"}],"curies":[{"name":"wp","href":"https:\/\/api.w.org\/{rel}","templated":true}]}}