{"id":1410,"date":"2024-08-12T20:09:34","date_gmt":"2024-08-12T20:09:34","guid":{"rendered":"https:\/\/romlay.hr\/?post_type=product&#038;p=1410"},"modified":"2026-03-10T12:25:01","modified_gmt":"2026-03-10T12:25:01","slug":"natures-protection-adult-chicken-and-white-fish-pouch","status":"publish","type":"product","link":"https:\/\/romlay.hr\/hr\/proizvod\/natures-protection-adult-chicken-and-white-fish-pouch\/","title":{"rendered":"NATURE\u2019S PROTECTION ADULT CHICKEN AND WHITE FISH POUCH (piletina i bijela riba vre\u010dica) 100g"},"content":{"rendered":"<p>&nbsp;<\/p>\n<div class=\"text-normal\">\n<ul>\n<li>Nature\u2019s Protection Adult Chicken and White Fish je super premium mokra hrana za odrasle pse, formulirana s piletinom i bijelom ribom, koji su lako probavljivi izvori visokokvalitetnih proteina. Ova hrana podr\u017eava zdravlje mi\u0161i\u0107a, ko\u017ee i dlake te ja\u010da imunolo\u0161ki sustav.\n\nKlju\u010dne zna\u010dajke:\n\nLako probavljivi proteini: Piletina i bijela riba osiguravaju optimalnu probavljivost i odr\u017eavaju mi\u0161i\u0107ni tonus.\n\nUravnote\u017een sastav: Sadr\u017ei esencijalne vitamine (D3, E, B1, biotin) i minerale (bakar, mangan, cink, kalijev jodid) za podr\u0161ku imunolo\u0161kom sustavu.\n\nPodr\u0161ka zdravlju ko\u017ee i dlake: Kombinacija proteina, vitamina i minerala doprinosi zdravoj ko\u017ei i sjajnoj dlaci.\n\nBez umjetnih dodataka: Ne sadr\u017ei umjetne boje ni poja\u010diva\u010de okusa.\n\n\nPrednosti:\n\nPru\u017ea potrebne aminokiseline za zdravlje i dugovje\u010dnost.\n\nPodr\u017eava zdrav imunolo\u0161ki sustav.\n\nIdealna za odr\u017eavanje optimalnog mi\u0161i\u0107nog tonusa<\/li>\n<li>Preporuka : pohranit u frizider do 3 dana od otvaranja<\/li>\n<li>Mo\u017ee se pomje\u0161ati sa suhom hranom kao bogatiji obrok<\/li>\n<\/ul>\n<\/div>\n<p>&nbsp;<\/p>","protected":false},"excerpt":{"rendered":"<ul>\n<li>Nature\u2019s Protection Adult Chicken and White Fish je super premium mokra hrana za odrasle pse, formulirana s piletinom i bijelom ribom, koji su lako probavljivi izvori visokokvalitetnih proteina. Ova hrana podr\u017eava zdravlje mi\u0161i\u0107a, ko\u017ee i dlake te ja\u010da imunolo\u0161ki sustav.\n\nKlju\u010dne zna\u010dajke:\n\nLako probavljivi proteini: Piletina i bijela riba osiguravaju optimalnu probavljivost i odr\u017eavaju mi\u0161i\u0107ni tonus.\n\nUravnote\u017een sastav: Sadr\u017ei esencijalne vitamine (D3, E, B1, biotin) i minerale (bakar, mangan, cink, kalijev jodid) za podr\u0161ku imunolo\u0161kom sustavu.\n\nPodr\u0161ka zdravlju ko\u017ee i dlake: Kombinacija proteina, vitamina i minerala doprinosi zdravoj ko\u017ei i sjajnoj dlaci.\n\nBez umjetnih dodataka: Ne sadr\u017ei umjetne boje ni poja\u010diva\u010de okusa.\n\n\nPrednosti:\n\nPru\u017ea potrebne aminokiseline za zdravlje i dugovje\u010dnost.\n\nPodr\u017eava zdrav imunolo\u0161ki sustav.\n\nIdealna za odr\u017eavanje optimalnog mi\u0161i\u0107nog tonusa<\/li>\n<li>Preporuka : pohranit u frizider do 3 dana od otvaranja<\/li>\n<li>Mo\u017ee se pomje\u0161ati sa suhom hranom kao bogatiji obrok<\/li>\n<\/ul>","protected":false},"featured_media":1414,"template":"","meta":{"_monsterinsights_skip_tracking":false,"_monsterinsights_sitenote_active":false,"_monsterinsights_sitenote_note":"","_monsterinsights_sitenote_category":0,"site-sidebar-layout":"default","site-content-layout":"","ast-site-content-layout":"default","site-content-style":"default","site-sidebar-style":"default","ast-global-header-display":"","ast-banner-title-visibility":"","ast-main-header-display":"","ast-hfb-above-header-display":"","ast-hfb-below-header-display":"","ast-hfb-mobile-header-display":"","site-post-title":"","ast-breadcrumbs-content":"","ast-featured-img":"","footer-sml-layout":"","ast-disable-related-posts":"","theme-transparent-header-meta":"default","adv-header-id-meta":"","stick-header-meta":"","header-above-stick-meta":"","header-main-stick-meta":"","header-below-stick-meta":"","astra-migrate-meta-layouts":"set","ast-page-background-enabled":"default","ast-page-background-meta":{"desktop":{"background-color":"var(--ast-global-color-4)","background-image":"","background-repeat":"repeat","background-position":"center center","background-size":"auto","background-attachment":"scroll","background-type":"","background-media":"","overlay-type":"","overlay-color":"","overlay-opacity":"","overlay-gradient":""},"tablet":{"background-color":"","background-image":"","background-repeat":"repeat","background-position":"center center","background-size":"auto","background-attachment":"scroll","background-type":"","background-media":"","overlay-type":"","overlay-color":"","overlay-opacity":"","overlay-gradient":""},"mobile":{"background-color":"","background-image":"","background-repeat":"repeat","background-position":"center center","background-size":"auto","background-attachment":"scroll","background-type":"","background-media":"","overlay-type":"","overlay-color":"","overlay-opacity":"","overlay-gradient":""}},"ast-content-background-meta":{"desktop":{"background-color":"var(--ast-global-color-5)","background-image":"","background-repeat":"repeat","background-position":"center center","background-size":"auto","background-attachment":"scroll","background-type":"","background-media":"","overlay-type":"","overlay-color":"","overlay-opacity":"","overlay-gradient":""},"tablet":{"background-color":"var(--ast-global-color-5)","background-image":"","background-repeat":"repeat","background-position":"center center","background-size":"auto","background-attachment":"scroll","background-type":"","background-media":"","overlay-type":"","overlay-color":"","overlay-opacity":"","overlay-gradient":""},"mobile":{"background-color":"var(--ast-global-color-5)","background-image":"","background-repeat":"repeat","background-position":"center center","background-size":"auto","background-attachment":"scroll","background-type":"","background-media":"","overlay-type":"","overlay-color":"","overlay-opacity":"","overlay-gradient":""}}},"product_brand":[],"product_cat":[34,31],"product_tag":[],"class_list":{"0":"post-1410","1":"product","2":"type-product","3":"status-publish","4":"has-post-thumbnail","6":"product_cat-adult","7":"product_cat-canned-food","8":"desktop-align-left","9":"tablet-align-left","10":"mobile-align-left","12":"first","13":"instock","14":"shipping-taxable","15":"purchasable","16":"product-type-variable"},"yoast_head":"<!-- This site is optimized with the Yoast SEO plugin v27.4 - https:\/\/yoast.com\/product\/yoast-seo-wordpress\/ -->\n<title>NATURE&#039;S PROTECTION ADULT CHICKEN AND WHITE FISH POUCH - Romlay<\/title>\n<meta name=\"robots\" content=\"index, follow, max-snippet:-1, max-image-preview:large, max-video-preview:-1\" \/>\n<link rel=\"canonical\" href=\"https:\/\/romlay.hr\/hr\/proizvod\/natures-protection-adult-chicken-and-white-fish-pouch\/\" \/>\n<meta property=\"og:locale\" content=\"hr_HR\" \/>\n<meta property=\"og:type\" content=\"article\" \/>\n<meta property=\"og:title\" content=\"NATURE&#039;S PROTECTION ADULT CHICKEN AND WHITE FISH POUCH - Romlay\" \/>\n<meta property=\"og:description\" content=\"Canned food formula with chicken and white fish \u2013 the\u00a0 most easily digestible animal protein to maintain proper muscle tone. Animal protein provides your pet with a balanced level of amino acids for a healthy and longer life.  Our canned food combines a range of essential vitamins (D3, E, B1, biotin) and minerals (copper, manganese, sinc, potassium iodide) to help maintain a robust immune system and is important for\u00a0a healthy skin and coat.  Contains no artificial colours or flavour enhancers.\" \/>\n<meta property=\"og:url\" content=\"https:\/\/romlay.hr\/hr\/proizvod\/natures-protection-adult-chicken-and-white-fish-pouch\/\" \/>\n<meta property=\"og:site_name\" content=\"Romlay\" \/>\n<meta property=\"article:modified_time\" content=\"2026-03-10T12:25:01+00:00\" \/>\n<meta property=\"og:image\" content=\"https:\/\/romlay.hr\/wp-content\/uploads\/2024\/08\/Untitled-design-67.png\" \/>\n\t<meta property=\"og:image:width\" content=\"680\" \/>\n\t<meta property=\"og:image:height\" content=\"680\" \/>\n\t<meta property=\"og:image:type\" content=\"image\/png\" \/>\n<meta name=\"twitter:card\" content=\"summary_large_image\" \/>\n<meta name=\"twitter:label1\" content=\"Procijenjeno vrijeme \u010ditanja\" \/>\n\t<meta name=\"twitter:data1\" content=\"1 minuta\" \/>\n<script type=\"application\/ld+json\" class=\"yoast-schema-graph\">{\"@context\":\"https:\\\/\\\/schema.org\",\"@graph\":[{\"@type\":\"WebPage\",\"@id\":\"https:\\\/\\\/romlay.hr\\\/proizvod\\\/natures-protection-adult-chicken-and-white-fish-pouch\\\/\",\"url\":\"https:\\\/\\\/romlay.hr\\\/proizvod\\\/natures-protection-adult-chicken-and-white-fish-pouch\\\/\",\"name\":\"NATURE'S PROTECTION ADULT CHICKEN AND WHITE FISH POUCH - Romlay\",\"isPartOf\":{\"@id\":\"https:\\\/\\\/romlay.hr\\\/#website\"},\"primaryImageOfPage\":{\"@id\":\"https:\\\/\\\/romlay.hr\\\/proizvod\\\/natures-protection-adult-chicken-and-white-fish-pouch\\\/#primaryimage\"},\"image\":{\"@id\":\"https:\\\/\\\/romlay.hr\\\/proizvod\\\/natures-protection-adult-chicken-and-white-fish-pouch\\\/#primaryimage\"},\"thumbnailUrl\":\"https:\\\/\\\/romlay.hr\\\/wp-content\\\/uploads\\\/2024\\\/08\\\/Untitled-design-67.png\",\"datePublished\":\"2024-08-12T20:09:34+00:00\",\"dateModified\":\"2026-03-10T12:25:01+00:00\",\"breadcrumb\":{\"@id\":\"https:\\\/\\\/romlay.hr\\\/proizvod\\\/natures-protection-adult-chicken-and-white-fish-pouch\\\/#breadcrumb\"},\"inLanguage\":\"hr\",\"potentialAction\":[{\"@type\":\"ReadAction\",\"target\":[\"https:\\\/\\\/romlay.hr\\\/proizvod\\\/natures-protection-adult-chicken-and-white-fish-pouch\\\/\"]}]},{\"@type\":\"ImageObject\",\"inLanguage\":\"hr\",\"@id\":\"https:\\\/\\\/romlay.hr\\\/proizvod\\\/natures-protection-adult-chicken-and-white-fish-pouch\\\/#primaryimage\",\"url\":\"https:\\\/\\\/romlay.hr\\\/wp-content\\\/uploads\\\/2024\\\/08\\\/Untitled-design-67.png\",\"contentUrl\":\"https:\\\/\\\/romlay.hr\\\/wp-content\\\/uploads\\\/2024\\\/08\\\/Untitled-design-67.png\",\"width\":680,\"height\":680},{\"@type\":\"BreadcrumbList\",\"@id\":\"https:\\\/\\\/romlay.hr\\\/proizvod\\\/natures-protection-adult-chicken-and-white-fish-pouch\\\/#breadcrumb\",\"itemListElement\":[{\"@type\":\"ListItem\",\"position\":1,\"name\":\"Po\u010detna stranica\",\"item\":\"https:\\\/\\\/romlay.hr\\\/\"},{\"@type\":\"ListItem\",\"position\":2,\"name\":\"Proizvodi\",\"item\":\"https:\\\/\\\/romlay.hr\\\/shop\\\/\"},{\"@type\":\"ListItem\",\"position\":3,\"name\":\"NATURE&#8217;S PROTECTION ADULT CHICKEN AND WHITE FISH POUCH\"}]},{\"@type\":\"WebSite\",\"@id\":\"https:\\\/\\\/romlay.hr\\\/#website\",\"url\":\"https:\\\/\\\/romlay.hr\\\/\",\"name\":\"Romlay\",\"description\":\"Toy dog specialist\",\"publisher\":{\"@id\":\"https:\\\/\\\/romlay.hr\\\/#organization\"},\"potentialAction\":[{\"@type\":\"SearchAction\",\"target\":{\"@type\":\"EntryPoint\",\"urlTemplate\":\"https:\\\/\\\/romlay.hr\\\/?s={search_term_string}\"},\"query-input\":{\"@type\":\"PropertyValueSpecification\",\"valueRequired\":true,\"valueName\":\"search_term_string\"}}],\"inLanguage\":\"hr\"},{\"@type\":\"Organization\",\"@id\":\"https:\\\/\\\/romlay.hr\\\/#organization\",\"name\":\"Romlay\",\"url\":\"https:\\\/\\\/romlay.hr\\\/\",\"logo\":{\"@type\":\"ImageObject\",\"inLanguage\":\"hr\",\"@id\":\"https:\\\/\\\/romlay.hr\\\/#\\\/schema\\\/logo\\\/image\\\/\",\"url\":\"https:\\\/\\\/romlay.hr\\\/wp-content\\\/uploads\\\/2023\\\/04\\\/cropped-Romlay-1.png\",\"contentUrl\":\"https:\\\/\\\/romlay.hr\\\/wp-content\\\/uploads\\\/2023\\\/04\\\/cropped-Romlay-1.png\",\"width\":978,\"height\":1645,\"caption\":\"Romlay\"},\"image\":{\"@id\":\"https:\\\/\\\/romlay.hr\\\/#\\\/schema\\\/logo\\\/image\\\/\"}}]}<\/script>\n<!-- \/ Yoast SEO plugin. -->","yoast_head_json":{"title":"NATURE'S PROTECTION ADULT CHICKEN AND WHITE FISH POUCH - Romlay","robots":{"index":"index","follow":"follow","max-snippet":"max-snippet:-1","max-image-preview":"max-image-preview:large","max-video-preview":"max-video-preview:-1"},"canonical":"https:\/\/romlay.hr\/hr\/proizvod\/natures-protection-adult-chicken-and-white-fish-pouch\/","og_locale":"hr_HR","og_type":"article","og_title":"NATURE'S PROTECTION ADULT CHICKEN AND WHITE FISH POUCH - Romlay","og_description":"Canned food formula with chicken and white fish \u2013 the\u00a0 most easily digestible animal protein to maintain proper muscle tone. Animal protein provides your pet with a balanced level of amino acids for a healthy and longer life.  Our canned food combines a range of essential vitamins (D3, E, B1, biotin) and minerals (copper, manganese, sinc, potassium iodide) to help maintain a robust immune system and is important for\u00a0a healthy skin and coat.  Contains no artificial colours or flavour enhancers.","og_url":"https:\/\/romlay.hr\/hr\/proizvod\/natures-protection-adult-chicken-and-white-fish-pouch\/","og_site_name":"Romlay","article_modified_time":"2026-03-10T12:25:01+00:00","og_image":[{"width":680,"height":680,"url":"https:\/\/romlay.hr\/wp-content\/uploads\/2024\/08\/Untitled-design-67.png","type":"image\/png"}],"twitter_card":"summary_large_image","twitter_misc":{"Procijenjeno vrijeme \u010ditanja":"1 minuta"},"schema":{"@context":"https:\/\/schema.org","@graph":[{"@type":"WebPage","@id":"https:\/\/romlay.hr\/proizvod\/natures-protection-adult-chicken-and-white-fish-pouch\/","url":"https:\/\/romlay.hr\/proizvod\/natures-protection-adult-chicken-and-white-fish-pouch\/","name":"NATURE'S PROTECTION ADULT CHICKEN AND WHITE FISH POUCH - Romlay","isPartOf":{"@id":"https:\/\/romlay.hr\/#website"},"primaryImageOfPage":{"@id":"https:\/\/romlay.hr\/proizvod\/natures-protection-adult-chicken-and-white-fish-pouch\/#primaryimage"},"image":{"@id":"https:\/\/romlay.hr\/proizvod\/natures-protection-adult-chicken-and-white-fish-pouch\/#primaryimage"},"thumbnailUrl":"https:\/\/romlay.hr\/wp-content\/uploads\/2024\/08\/Untitled-design-67.png","datePublished":"2024-08-12T20:09:34+00:00","dateModified":"2026-03-10T12:25:01+00:00","breadcrumb":{"@id":"https:\/\/romlay.hr\/proizvod\/natures-protection-adult-chicken-and-white-fish-pouch\/#breadcrumb"},"inLanguage":"hr","potentialAction":[{"@type":"ReadAction","target":["https:\/\/romlay.hr\/proizvod\/natures-protection-adult-chicken-and-white-fish-pouch\/"]}]},{"@type":"ImageObject","inLanguage":"hr","@id":"https:\/\/romlay.hr\/proizvod\/natures-protection-adult-chicken-and-white-fish-pouch\/#primaryimage","url":"https:\/\/romlay.hr\/wp-content\/uploads\/2024\/08\/Untitled-design-67.png","contentUrl":"https:\/\/romlay.hr\/wp-content\/uploads\/2024\/08\/Untitled-design-67.png","width":680,"height":680},{"@type":"BreadcrumbList","@id":"https:\/\/romlay.hr\/proizvod\/natures-protection-adult-chicken-and-white-fish-pouch\/#breadcrumb","itemListElement":[{"@type":"ListItem","position":1,"name":"Po\u010detna stranica","item":"https:\/\/romlay.hr\/"},{"@type":"ListItem","position":2,"name":"Proizvodi","item":"https:\/\/romlay.hr\/shop\/"},{"@type":"ListItem","position":3,"name":"NATURE&#8217;S PROTECTION ADULT CHICKEN AND WHITE FISH POUCH"}]},{"@type":"WebSite","@id":"https:\/\/romlay.hr\/#website","url":"https:\/\/romlay.hr\/","name":"Romlay","description":"Toy dog specialist","publisher":{"@id":"https:\/\/romlay.hr\/#organization"},"potentialAction":[{"@type":"SearchAction","target":{"@type":"EntryPoint","urlTemplate":"https:\/\/romlay.hr\/?s={search_term_string}"},"query-input":{"@type":"PropertyValueSpecification","valueRequired":true,"valueName":"search_term_string"}}],"inLanguage":"hr"},{"@type":"Organization","@id":"https:\/\/romlay.hr\/#organization","name":"Romlay","url":"https:\/\/romlay.hr\/","logo":{"@type":"ImageObject","inLanguage":"hr","@id":"https:\/\/romlay.hr\/#\/schema\/logo\/image\/","url":"https:\/\/romlay.hr\/wp-content\/uploads\/2023\/04\/cropped-Romlay-1.png","contentUrl":"https:\/\/romlay.hr\/wp-content\/uploads\/2023\/04\/cropped-Romlay-1.png","width":978,"height":1645,"caption":"Romlay"},"image":{"@id":"https:\/\/romlay.hr\/#\/schema\/logo\/image\/"}}]}},"_links":{"self":[{"href":"https:\/\/romlay.hr\/hr\/wp-json\/wp\/v2\/product\/1410","targetHints":{"allow":["GET"]}}],"collection":[{"href":"https:\/\/romlay.hr\/hr\/wp-json\/wp\/v2\/product"}],"about":[{"href":"https:\/\/romlay.hr\/hr\/wp-json\/wp\/v2\/types\/product"}],"wp:featuredmedia":[{"embeddable":true,"href":"https:\/\/romlay.hr\/hr\/wp-json\/wp\/v2\/media\/1414"}],"wp:attachment":[{"href":"https:\/\/romlay.hr\/hr\/wp-json\/wp\/v2\/media?parent=1410"}],"wp:term":[{"taxonomy":"product_brand","embeddable":true,"href":"https:\/\/romlay.hr\/hr\/wp-json\/wp\/v2\/product_brand?post=1410"},{"taxonomy":"product_cat","embeddable":true,"href":"https:\/\/romlay.hr\/hr\/wp-json\/wp\/v2\/product_cat?post=1410"},{"taxonomy":"product_tag","embeddable":true,"href":"https:\/\/romlay.hr\/hr\/wp-json\/wp\/v2\/product_tag?post=1410"}],"curies":[{"name":"wp","href":"https:\/\/api.w.org\/{rel}","templated":true}]}}