{"id":1342,"date":"2024-07-04T11:37:13","date_gmt":"2024-07-04T11:37:13","guid":{"rendered":"https:\/\/romlay.hr\/?post_type=product&#038;p=1342"},"modified":"2026-03-26T15:24:52","modified_gmt":"2026-03-26T15:24:52","slug":"natures-protection-junior-chicken-and-beef-pouch","status":"publish","type":"product","link":"https:\/\/romlay.hr\/hr\/proizvod\/natures-protection-junior-chicken-and-beef-pouch\/","title":{"rendered":"NATURE\u2019S PROTECTION JUNIOR CHICKEN AND BEEF POUCH (piletina i govedina vre\u010dica) 100g"},"content":{"rendered":"<ul>\n<li>Nature\u2019s Protection Junior Piletina i Govedina vre\u010dica 100g.\n\nNature\u2019s Protection Healthy Growth je super premium mokra hrana za juniore pse, formulirana s visokokvalitetnom piletinom i govedinom u ukusnom umaku, oboga\u0107ena mineralima za optimalan rast i razvoj.\n\nKlju\u010dne zna\u010dajke:\n\nPodr\u0161ka zdravom rastu: Posebna formula poma\u017ee u odr\u017eavanju sna\u017enog imunolo\u0161kog sustava i podr\u017eava zdravi rast mladog organizma.\n\nVisokokvalitetni proteini: Piletina i govedina kao glavni izvori proteina pru\u017eaju esencijalne hranjive tvari potrebne za razvoj.\n\nLaka probavljivost: Kombinacija mesa i umaka osigurava lako probavljivu prehranu pogodnu za mlade pse.\n\nMekano i lako za \u017evakanje: Idealan izbor za \u0161tence koji prelaze na \u010dvrstu hranu.\n\nPrilago\u0111eno razli\u010ditim potrebama: Prikladno za mlade pse s visokim nutritivnim potrebama tijekom rasta.<\/li>\n<li>Preporuka : pohranit u frizider do 3 dana od otvaranja<\/li>\n<li>Mo\u017ee se pomje\u0161ati sa suhom hranom kao bogatiji obrok<\/li>\n<li>This food is soft and easy to chew and the composition of meat and gravy is highly digestible.<\/li>\n<li>Nature\u2019s Protection wet pet food is designed to meet the different needs of young and adult dogs.<\/li>\n<li>The main source of protein in this food is the meat of high nutritional value.<\/li>\n<\/ul>","protected":false},"excerpt":{"rendered":"<p>Nature\u2019s Protection Junior Piletina i Govedina vre\u010dica 100g.\n\nNature\u2019s Protection Healthy Growth je super premium mokra hrana za juniore pse, formulirana s visokokvalitetnom piletinom i govedinom u ukusnom umaku, oboga\u0107ena mineralima za optimalan rast i razvoj.\n\nKlju\u010dne zna\u010dajke:\n\nPodr\u0161ka zdravom rastu: Posebna formula poma\u017ee u odr\u017eavanju sna\u017enog imunolo\u0161kog sustava i podr\u017eava zdravi rast mladog organizma.\n\nVisokokvalitetni proteini: Piletina i govedina kao glavni izvori proteina pru\u017eaju esencijalne hranjive tvari potrebne za razvoj.\n\nLaka probavljivost: Kombinacija mesa i umaka osigurava lako probavljivu prehranu pogodnu za mlade pse.\n\nMekano i lako za \u017evakanje: Idealan izbor za \u0161tence koji prelaze na \u010dvrstu hranu.\n\nPrilago\u0111eno razli\u010ditim potrebama: Prikladno za mlade pse s visokim nutritivnim potrebama tijekom rasta.<\/p>","protected":false},"featured_media":1344,"template":"","meta":{"_monsterinsights_skip_tracking":false,"_monsterinsights_sitenote_active":false,"_monsterinsights_sitenote_note":"","_monsterinsights_sitenote_category":0,"site-sidebar-layout":"default","site-content-layout":"","ast-site-content-layout":"default","site-content-style":"default","site-sidebar-style":"default","ast-global-header-display":"","ast-banner-title-visibility":"","ast-main-header-display":"","ast-hfb-above-header-display":"","ast-hfb-below-header-display":"","ast-hfb-mobile-header-display":"","site-post-title":"","ast-breadcrumbs-content":"","ast-featured-img":"","footer-sml-layout":"","ast-disable-related-posts":"","theme-transparent-header-meta":"default","adv-header-id-meta":"","stick-header-meta":"","header-above-stick-meta":"","header-main-stick-meta":"","header-below-stick-meta":"","astra-migrate-meta-layouts":"set","ast-page-background-enabled":"default","ast-page-background-meta":{"desktop":{"background-color":"var(--ast-global-color-4)","background-image":"","background-repeat":"repeat","background-position":"center center","background-size":"auto","background-attachment":"scroll","background-type":"","background-media":"","overlay-type":"","overlay-color":"","overlay-opacity":"","overlay-gradient":""},"tablet":{"background-color":"","background-image":"","background-repeat":"repeat","background-position":"center center","background-size":"auto","background-attachment":"scroll","background-type":"","background-media":"","overlay-type":"","overlay-color":"","overlay-opacity":"","overlay-gradient":""},"mobile":{"background-color":"","background-image":"","background-repeat":"repeat","background-position":"center center","background-size":"auto","background-attachment":"scroll","background-type":"","background-media":"","overlay-type":"","overlay-color":"","overlay-opacity":"","overlay-gradient":""}},"ast-content-background-meta":{"desktop":{"background-color":"var(--ast-global-color-5)","background-image":"","background-repeat":"repeat","background-position":"center center","background-size":"auto","background-attachment":"scroll","background-type":"","background-media":"","overlay-type":"","overlay-color":"","overlay-opacity":"","overlay-gradient":""},"tablet":{"background-color":"var(--ast-global-color-5)","background-image":"","background-repeat":"repeat","background-position":"center center","background-size":"auto","background-attachment":"scroll","background-type":"","background-media":"","overlay-type":"","overlay-color":"","overlay-opacity":"","overlay-gradient":""},"mobile":{"background-color":"var(--ast-global-color-5)","background-image":"","background-repeat":"repeat","background-position":"center center","background-size":"auto","background-attachment":"scroll","background-type":"","background-media":"","overlay-type":"","overlay-color":"","overlay-opacity":"","overlay-gradient":""}}},"product_brand":[],"product_cat":[31,33],"product_tag":[],"class_list":{"0":"post-1342","1":"product","2":"type-product","3":"status-publish","4":"has-post-thumbnail","6":"product_cat-canned-food","7":"product_cat-junior-puppy-canned-food","8":"desktop-align-left","9":"tablet-align-left","10":"mobile-align-left","12":"first","13":"instock","14":"shipping-taxable","15":"purchasable","16":"product-type-variable"},"yoast_head":"<!-- This site is optimized with the Yoast SEO plugin v27.4 - https:\/\/yoast.com\/product\/yoast-seo-wordpress\/ -->\n<title>NATURE&#039;S PROTECTION JUNIOR CHICKEN AND BEEF POUCH - Romlay<\/title>\n<meta name=\"robots\" content=\"index, follow, max-snippet:-1, max-image-preview:large, max-video-preview:-1\" \/>\n<link rel=\"canonical\" href=\"https:\/\/romlay.hr\/hr\/proizvod\/natures-protection-junior-chicken-and-beef-pouch\/\" \/>\n<meta property=\"og:locale\" content=\"hr_HR\" \/>\n<meta property=\"og:type\" content=\"article\" \/>\n<meta property=\"og:title\" content=\"NATURE&#039;S PROTECTION JUNIOR CHICKEN AND BEEF POUCH - Romlay\" \/>\n<meta property=\"og:description\" content=\"Nature&#039;s Protection Healthy Growth is a Super Premium wet pet food for Junior dogs with Chicken &amp; Beef, served in a delicious gravy and supplemented with minerals.\" \/>\n<meta property=\"og:url\" content=\"https:\/\/romlay.hr\/hr\/proizvod\/natures-protection-junior-chicken-and-beef-pouch\/\" \/>\n<meta property=\"og:site_name\" content=\"Romlay\" \/>\n<meta property=\"article:modified_time\" content=\"2026-03-26T15:24:52+00:00\" \/>\n<meta property=\"og:image\" content=\"https:\/\/romlay.hr\/wp-content\/uploads\/2024\/07\/nature-s-protection-healthy-growth-junior-dog-with-chicken-and-beef-canned-food-for-junior-dog-in-a-pouch.webp\" \/>\n\t<meta property=\"og:image:width\" content=\"1400\" \/>\n\t<meta property=\"og:image:height\" content=\"1400\" \/>\n\t<meta property=\"og:image:type\" content=\"image\/webp\" \/>\n<meta name=\"twitter:card\" content=\"summary_large_image\" \/>\n<meta name=\"twitter:label1\" content=\"Procijenjeno vrijeme \u010ditanja\" \/>\n\t<meta name=\"twitter:data1\" content=\"1 minuta\" \/>\n<script type=\"application\/ld+json\" class=\"yoast-schema-graph\">{\"@context\":\"https:\\\/\\\/schema.org\",\"@graph\":[{\"@type\":\"WebPage\",\"@id\":\"https:\\\/\\\/romlay.hr\\\/proizvod\\\/natures-protection-junior-chicken-and-beef-pouch\\\/\",\"url\":\"https:\\\/\\\/romlay.hr\\\/proizvod\\\/natures-protection-junior-chicken-and-beef-pouch\\\/\",\"name\":\"NATURE'S PROTECTION JUNIOR CHICKEN AND BEEF POUCH - Romlay\",\"isPartOf\":{\"@id\":\"https:\\\/\\\/romlay.hr\\\/#website\"},\"primaryImageOfPage\":{\"@id\":\"https:\\\/\\\/romlay.hr\\\/proizvod\\\/natures-protection-junior-chicken-and-beef-pouch\\\/#primaryimage\"},\"image\":{\"@id\":\"https:\\\/\\\/romlay.hr\\\/proizvod\\\/natures-protection-junior-chicken-and-beef-pouch\\\/#primaryimage\"},\"thumbnailUrl\":\"https:\\\/\\\/romlay.hr\\\/wp-content\\\/uploads\\\/2024\\\/07\\\/nature-s-protection-healthy-growth-junior-dog-with-chicken-and-beef-canned-food-for-junior-dog-in-a-pouch.webp\",\"datePublished\":\"2024-07-04T11:37:13+00:00\",\"dateModified\":\"2026-03-26T15:24:52+00:00\",\"breadcrumb\":{\"@id\":\"https:\\\/\\\/romlay.hr\\\/proizvod\\\/natures-protection-junior-chicken-and-beef-pouch\\\/#breadcrumb\"},\"inLanguage\":\"hr\",\"potentialAction\":[{\"@type\":\"ReadAction\",\"target\":[\"https:\\\/\\\/romlay.hr\\\/proizvod\\\/natures-protection-junior-chicken-and-beef-pouch\\\/\"]}]},{\"@type\":\"ImageObject\",\"inLanguage\":\"hr\",\"@id\":\"https:\\\/\\\/romlay.hr\\\/proizvod\\\/natures-protection-junior-chicken-and-beef-pouch\\\/#primaryimage\",\"url\":\"https:\\\/\\\/romlay.hr\\\/wp-content\\\/uploads\\\/2024\\\/07\\\/nature-s-protection-healthy-growth-junior-dog-with-chicken-and-beef-canned-food-for-junior-dog-in-a-pouch.webp\",\"contentUrl\":\"https:\\\/\\\/romlay.hr\\\/wp-content\\\/uploads\\\/2024\\\/07\\\/nature-s-protection-healthy-growth-junior-dog-with-chicken-and-beef-canned-food-for-junior-dog-in-a-pouch.webp\",\"width\":1400,\"height\":1400},{\"@type\":\"BreadcrumbList\",\"@id\":\"https:\\\/\\\/romlay.hr\\\/proizvod\\\/natures-protection-junior-chicken-and-beef-pouch\\\/#breadcrumb\",\"itemListElement\":[{\"@type\":\"ListItem\",\"position\":1,\"name\":\"Po\u010detna stranica\",\"item\":\"https:\\\/\\\/romlay.hr\\\/\"},{\"@type\":\"ListItem\",\"position\":2,\"name\":\"Proizvodi\",\"item\":\"https:\\\/\\\/romlay.hr\\\/shop\\\/\"},{\"@type\":\"ListItem\",\"position\":3,\"name\":\"NATURE&#8217;S PROTECTION JUNIOR CHICKEN AND BEEF POUCH\"}]},{\"@type\":\"WebSite\",\"@id\":\"https:\\\/\\\/romlay.hr\\\/#website\",\"url\":\"https:\\\/\\\/romlay.hr\\\/\",\"name\":\"Romlay\",\"description\":\"Toy dog specialist\",\"publisher\":{\"@id\":\"https:\\\/\\\/romlay.hr\\\/#organization\"},\"potentialAction\":[{\"@type\":\"SearchAction\",\"target\":{\"@type\":\"EntryPoint\",\"urlTemplate\":\"https:\\\/\\\/romlay.hr\\\/?s={search_term_string}\"},\"query-input\":{\"@type\":\"PropertyValueSpecification\",\"valueRequired\":true,\"valueName\":\"search_term_string\"}}],\"inLanguage\":\"hr\"},{\"@type\":\"Organization\",\"@id\":\"https:\\\/\\\/romlay.hr\\\/#organization\",\"name\":\"Romlay\",\"url\":\"https:\\\/\\\/romlay.hr\\\/\",\"logo\":{\"@type\":\"ImageObject\",\"inLanguage\":\"hr\",\"@id\":\"https:\\\/\\\/romlay.hr\\\/#\\\/schema\\\/logo\\\/image\\\/\",\"url\":\"https:\\\/\\\/romlay.hr\\\/wp-content\\\/uploads\\\/2023\\\/04\\\/cropped-Romlay-1.png\",\"contentUrl\":\"https:\\\/\\\/romlay.hr\\\/wp-content\\\/uploads\\\/2023\\\/04\\\/cropped-Romlay-1.png\",\"width\":978,\"height\":1645,\"caption\":\"Romlay\"},\"image\":{\"@id\":\"https:\\\/\\\/romlay.hr\\\/#\\\/schema\\\/logo\\\/image\\\/\"}}]}<\/script>\n<!-- \/ Yoast SEO plugin. -->","yoast_head_json":{"title":"NATURE'S PROTECTION JUNIOR CHICKEN AND BEEF POUCH - Romlay","robots":{"index":"index","follow":"follow","max-snippet":"max-snippet:-1","max-image-preview":"max-image-preview:large","max-video-preview":"max-video-preview:-1"},"canonical":"https:\/\/romlay.hr\/hr\/proizvod\/natures-protection-junior-chicken-and-beef-pouch\/","og_locale":"hr_HR","og_type":"article","og_title":"NATURE'S PROTECTION JUNIOR CHICKEN AND BEEF POUCH - Romlay","og_description":"Nature's Protection Healthy Growth is a Super Premium wet pet food for Junior dogs with Chicken &amp; Beef, served in a delicious gravy and supplemented with minerals.","og_url":"https:\/\/romlay.hr\/hr\/proizvod\/natures-protection-junior-chicken-and-beef-pouch\/","og_site_name":"Romlay","article_modified_time":"2026-03-26T15:24:52+00:00","og_image":[{"width":1400,"height":1400,"url":"https:\/\/romlay.hr\/wp-content\/uploads\/2024\/07\/nature-s-protection-healthy-growth-junior-dog-with-chicken-and-beef-canned-food-for-junior-dog-in-a-pouch.webp","type":"image\/webp"}],"twitter_card":"summary_large_image","twitter_misc":{"Procijenjeno vrijeme \u010ditanja":"1 minuta"},"schema":{"@context":"https:\/\/schema.org","@graph":[{"@type":"WebPage","@id":"https:\/\/romlay.hr\/proizvod\/natures-protection-junior-chicken-and-beef-pouch\/","url":"https:\/\/romlay.hr\/proizvod\/natures-protection-junior-chicken-and-beef-pouch\/","name":"NATURE'S PROTECTION JUNIOR CHICKEN AND BEEF POUCH - Romlay","isPartOf":{"@id":"https:\/\/romlay.hr\/#website"},"primaryImageOfPage":{"@id":"https:\/\/romlay.hr\/proizvod\/natures-protection-junior-chicken-and-beef-pouch\/#primaryimage"},"image":{"@id":"https:\/\/romlay.hr\/proizvod\/natures-protection-junior-chicken-and-beef-pouch\/#primaryimage"},"thumbnailUrl":"https:\/\/romlay.hr\/wp-content\/uploads\/2024\/07\/nature-s-protection-healthy-growth-junior-dog-with-chicken-and-beef-canned-food-for-junior-dog-in-a-pouch.webp","datePublished":"2024-07-04T11:37:13+00:00","dateModified":"2026-03-26T15:24:52+00:00","breadcrumb":{"@id":"https:\/\/romlay.hr\/proizvod\/natures-protection-junior-chicken-and-beef-pouch\/#breadcrumb"},"inLanguage":"hr","potentialAction":[{"@type":"ReadAction","target":["https:\/\/romlay.hr\/proizvod\/natures-protection-junior-chicken-and-beef-pouch\/"]}]},{"@type":"ImageObject","inLanguage":"hr","@id":"https:\/\/romlay.hr\/proizvod\/natures-protection-junior-chicken-and-beef-pouch\/#primaryimage","url":"https:\/\/romlay.hr\/wp-content\/uploads\/2024\/07\/nature-s-protection-healthy-growth-junior-dog-with-chicken-and-beef-canned-food-for-junior-dog-in-a-pouch.webp","contentUrl":"https:\/\/romlay.hr\/wp-content\/uploads\/2024\/07\/nature-s-protection-healthy-growth-junior-dog-with-chicken-and-beef-canned-food-for-junior-dog-in-a-pouch.webp","width":1400,"height":1400},{"@type":"BreadcrumbList","@id":"https:\/\/romlay.hr\/proizvod\/natures-protection-junior-chicken-and-beef-pouch\/#breadcrumb","itemListElement":[{"@type":"ListItem","position":1,"name":"Po\u010detna stranica","item":"https:\/\/romlay.hr\/"},{"@type":"ListItem","position":2,"name":"Proizvodi","item":"https:\/\/romlay.hr\/shop\/"},{"@type":"ListItem","position":3,"name":"NATURE&#8217;S PROTECTION JUNIOR CHICKEN AND BEEF POUCH"}]},{"@type":"WebSite","@id":"https:\/\/romlay.hr\/#website","url":"https:\/\/romlay.hr\/","name":"Romlay","description":"Toy dog specialist","publisher":{"@id":"https:\/\/romlay.hr\/#organization"},"potentialAction":[{"@type":"SearchAction","target":{"@type":"EntryPoint","urlTemplate":"https:\/\/romlay.hr\/?s={search_term_string}"},"query-input":{"@type":"PropertyValueSpecification","valueRequired":true,"valueName":"search_term_string"}}],"inLanguage":"hr"},{"@type":"Organization","@id":"https:\/\/romlay.hr\/#organization","name":"Romlay","url":"https:\/\/romlay.hr\/","logo":{"@type":"ImageObject","inLanguage":"hr","@id":"https:\/\/romlay.hr\/#\/schema\/logo\/image\/","url":"https:\/\/romlay.hr\/wp-content\/uploads\/2023\/04\/cropped-Romlay-1.png","contentUrl":"https:\/\/romlay.hr\/wp-content\/uploads\/2023\/04\/cropped-Romlay-1.png","width":978,"height":1645,"caption":"Romlay"},"image":{"@id":"https:\/\/romlay.hr\/#\/schema\/logo\/image\/"}}]}},"_links":{"self":[{"href":"https:\/\/romlay.hr\/hr\/wp-json\/wp\/v2\/product\/1342","targetHints":{"allow":["GET"]}}],"collection":[{"href":"https:\/\/romlay.hr\/hr\/wp-json\/wp\/v2\/product"}],"about":[{"href":"https:\/\/romlay.hr\/hr\/wp-json\/wp\/v2\/types\/product"}],"wp:featuredmedia":[{"embeddable":true,"href":"https:\/\/romlay.hr\/hr\/wp-json\/wp\/v2\/media\/1344"}],"wp:attachment":[{"href":"https:\/\/romlay.hr\/hr\/wp-json\/wp\/v2\/media?parent=1342"}],"wp:term":[{"taxonomy":"product_brand","embeddable":true,"href":"https:\/\/romlay.hr\/hr\/wp-json\/wp\/v2\/product_brand?post=1342"},{"taxonomy":"product_cat","embeddable":true,"href":"https:\/\/romlay.hr\/hr\/wp-json\/wp\/v2\/product_cat?post=1342"},{"taxonomy":"product_tag","embeddable":true,"href":"https:\/\/romlay.hr\/hr\/wp-json\/wp\/v2\/product_tag?post=1342"}],"curies":[{"name":"wp","href":"https:\/\/api.w.org\/{rel}","templated":true}]}}