{"id":1321,"date":"2024-07-04T10:50:17","date_gmt":"2024-07-04T10:50:17","guid":{"rendered":"https:\/\/romlay.hr\/?post_type=product&#038;p=1321"},"modified":"2026-03-26T15:25:08","modified_gmt":"2026-03-26T15:25:08","slug":"natures-protection-superior-care-veterinary-diet-dermatosis-salmon-for-adult-dogs-of-all-breeds-with-skin-problems","status":"publish","type":"product","link":"https:\/\/romlay.hr\/hr\/proizvod\/natures-protection-superior-care-veterinary-diet-dermatosis-salmon-for-adult-dogs-of-all-breeds-with-skin-problems\/","title":{"rendered":"NATURE&#8217;S PROTECTION SUPERIOR CARE VETERINARY DIET DERMATOSIS SALMON FOR ADULT DOGS OF ALL BREEDS WITH SKIN PROBLEMS"},"content":{"rendered":"<p>&nbsp;<\/p>\n<div class=\"text-normal\">\n<ul>\n<li>Nature\u2019s Protection Superior Care Veterinary Diet Dermatosis Losos je super premium potpuna i uravnote\u017eena suha hrana okruglog zrna posebno formulirana za odrasle pse svih pasmina koji pate od problema s ko\u017eom. Ova hrana pru\u017ea podr\u0161ku zdravlju ko\u017ee i dlake te poma\u017ee u upravljanju simptomima povezanima s alergijama ili atopijskim dermatitisom.\n\nKlju\u010dne zna\u010dajke:\n\nPosebna formulacija: Dizajnirana za pse s ko\u017enim problemima poput nepovoljnih reakcija na sastojke hrane ili atopijskog dermatitisa.\n\nLosos kao glavni izvor proteina: Visokokvalitetan i lako probavljiv izvor proteina bogat Omega-3 masnim kiselinama za zdravlje ko\u017ee i dlake.\n\nVeterinarska dijeta: Osigurava optimalnu ravnote\u017eu hranjivih tvari za podr\u0161ku specifi\u010dnim zdravstvenim potrebama pasa s medicinskim stanjima.\n\nPodr\u0161ka zdravlju ko\u017ee: Sastojci koji poma\u017eu u smanjenju iritacije, svrbe\u017ea i upale, te pobolj\u0161avaju cjelokupno stanje ko\u017ee i dlake.\n\n\nPrednosti:\n\nPoma\u017ee u upravljanju simptomima povezanima s alergijama i osjetljivo\u0161\u0107u na hranu.\n\nPodr\u017eava zdravlje ko\u017ee i doprinosi sjajnoj, zdravoj dlaci.\n\nPrilago\u0111ena prehrana za pse sa specifi\u010dnim medicinskim potrebama.\n\nOsigurava optimalno zdravlje i dobrobit uz vrhunsku prehranu.\n\n\nNature\u2019s Protection Superior Care Veterinary Diet Dermatosis Salmon idealan je izbor za vlasnike pasa koji tra\u017ee ciljanu prehranu za upravljanje problemima ko\u017ee i dlake, uz osiguranje op\u0107eg zdravlja i dobrobiti svog ljubimca. Preporu\u010duje se koristit 8-10 tjedan uz konzultaciju s veterinarom.\n\n\nLosos 40% (su\u0161eni i fino mljeveni), su\u0161ena pulpa krumpira, gra\u0161ak, slatki krumpir, mast peradi, su\u0161ena alga Schizochytrium sp. (2%), pulpa \u0161e\u0107erne repe, dikalcijum fosfat, lososovo ulje, dinami\u010dki mikronizovani klinoptiolit 1%, laneno sjeme, FOS, ekstrakt juka, zeleni \u010daj, su\u0161eni neven\nAnaliti\u010dki sastav: sirovi proteini 22%, sirova vlakna 3%, sirove masti 15%, sirovi pepeo 7%, kalcij1,20%, fosfor 0,90%, natrij 0,40%, Omega 3 0,85%, Omega6 3,80%, EPA + DHA 0,50%; linolei\u010dka kiselina (LA) 2,53%.\n\n\nDodaci po kg proizvoda: nutritivni dodaci: vitamin A (3a672a) \u2013 18 000 IU, vitamin D3 (3a671)* \u2013 1 500 IU, vitamin E (3a700) \u2013 530 mg, folna kiselina (3a316) \u2013 1 mg, biotin (3a880) \u2013 0,1 mg, \u017eeljezo (II) sulfat monohidrat (3b103) \u2013 50 mg, bezvodni kalcijev jodat (3b202) \u2013 1,5 mg, bakar (II) sulfat pentahidrat (3b405) \u2013 5 mg, mangan sulfat monohidrat (3b503) \u2013 20 mg, cink sulfat monohidrat (3b605) \u2013 115 mg, natrijum selenit (3b801) \u2013 0,1 mg, taurin (3a370) \u2013 1000 mg. Tehnolo\u0161ki dodaci: ekstrakt ru\u017emarina, ekstrakt tokoferola iz biljnih ulja (1b306(i)).<\/li>\n<li>These types of food provide the veterinary diet with an efficient balance of nutrients and support the pet&#8217;s health and well-being.<\/li>\n<li>The composition of this product is formulated to improve skin and coat health in pets with symptoms of already ongoing conditions such as adverse reactions to food ingredients or even atopic dermatitis.<\/li>\n<\/ul>\n<\/div>\n<p>&nbsp;<\/p>","protected":false},"excerpt":{"rendered":"<p>&nbsp;<\/p>\n<div class=\"text-normal\">\n<ul>\n<li>Nature\u2019s Protection Superior Care Veterinary Diet Dermatosis Losos je super premium potpuna i uravnote\u017eena suha hrana okruglog zrna posebno formulirana za odrasle pse svih pasmina koji pate od problema s ko\u017eom. Ova hrana pru\u017ea podr\u0161ku zdravlju ko\u017ee i dlake te poma\u017ee u upravljanju simptomima povezanima s alergijama ili atopijskim dermatitisom.\n\nKlju\u010dne zna\u010dajke:\n\nPosebna formulacija: Dizajnirana za pse s ko\u017enim problemima poput nepovoljnih reakcija na sastojke hrane ili atopijskog dermatitisa.\n\nLosos kao glavni izvor proteina: Visokokvalitetan i lako probavljiv izvor proteina bogat Omega-3 masnim kiselinama za zdravlje ko\u017ee i dlake.\n\nVeterinarska dijeta: Osigurava optimalnu ravnote\u017eu hranjivih tvari za podr\u0161ku specifi\u010dnim zdravstvenim potrebama pasa s medicinskim stanjima.\n\nPodr\u0161ka zdravlju ko\u017ee: Sastojci koji poma\u017eu u smanjenju iritacije, svrbe\u017ea i upale, te pobolj\u0161avaju cjelokupno stanje ko\u017ee i dlake.\n\n\nPrednosti:\n\nPoma\u017ee u upravljanju simptomima povezanima s alergijama i osjetljivo\u0161\u0107u na hranu.\n\nPodr\u017eava zdravlje ko\u017ee i doprinosi sjajnoj, zdravoj dlaci.\n\nPrilago\u0111ena prehrana za pse sa specifi\u010dnim medicinskim potrebama.\n\nOsigurava optimalno zdravlje i dobrobit uz vrhunsku prehranu.\n\n\nNature\u2019s Protection Superior Care Veterinary Diet Dermatosis Salmon idealan je izbor za vlasnike pasa koji tra\u017ee ciljanu prehranu za upravljanje problemima ko\u017ee i dlake, uz osiguranje op\u0107eg zdravlja i dobrobiti svog ljubimca. Preporu\u010duje se koristit 8-10 tjedan uz konzultaciju s veterinarom.\n\n\nLosos 40% (su\u0161eni i fino mljeveni), su\u0161ena pulpa krumpira, gra\u0161ak, slatki krumpir, mast peradi, su\u0161ena alga Schizochytrium sp. (2%), pulpa \u0161e\u0107erne repe, dikalcijum fosfat, lososovo ulje, dinami\u010dki mikronizovani klinoptiolit 1%, laneno sjeme, FOS, ekstrakt juka, zeleni \u010daj, su\u0161eni neven\nAnaliti\u010dki sastav: sirovi proteini 22%, sirova vlakna 3%, sirove masti 15%, sirovi pepeo 7%, kalcij1,20%, fosfor 0,90%, natrij 0,40%, Omega 3 0,85%, Omega6 3,80%, EPA + DHA 0,50%; linolei\u010dka kiselina (LA) 2,53%.\n\n\nDodaci po kg proizvoda: nutritivni dodaci: vitamin A (3a672a) \u2013 18 000 IU, vitamin D3 (3a671)* \u2013 1 500 IU, vitamin E (3a700) \u2013 530 mg, folna kiselina (3a316) \u2013 1 mg, biotin (3a880) \u2013 0,1 mg, \u017eeljezo (II) sulfat monohidrat (3b103) \u2013 50 mg, bezvodni kalcijev jodat (3b202) \u2013 1,5 mg, bakar (II) sulfat pentahidrat (3b405) \u2013 5 mg, mangan sulfat monohidrat (3b503) \u2013 20 mg, cink sulfat monohidrat (3b605) \u2013 115 mg, natrijum selenit (3b801) \u2013 0,1 mg, taurin (3a370) \u2013 1000 mg. Tehnolo\u0161ki dodaci: ekstrakt ru\u017emarina, ekstrakt tokoferola iz biljnih ulja (1b306(i)).<\/li>\n<li>These types of food provide the veterinary diet with an efficient balance of nutrients and support the pet&#8217;s health and well-being.<\/li>\n<\/ul>\n<\/div>","protected":false},"featured_media":1326,"template":"","meta":{"_monsterinsights_skip_tracking":false,"_monsterinsights_sitenote_active":false,"_monsterinsights_sitenote_note":"","_monsterinsights_sitenote_category":0,"site-sidebar-layout":"default","site-content-layout":"","ast-site-content-layout":"default","site-content-style":"default","site-sidebar-style":"default","ast-global-header-display":"","ast-banner-title-visibility":"","ast-main-header-display":"","ast-hfb-above-header-display":"","ast-hfb-below-header-display":"","ast-hfb-mobile-header-display":"","site-post-title":"","ast-breadcrumbs-content":"","ast-featured-img":"","footer-sml-layout":"","ast-disable-related-posts":"","theme-transparent-header-meta":"default","adv-header-id-meta":"","stick-header-meta":"","header-above-stick-meta":"","header-main-stick-meta":"","header-below-stick-meta":"","astra-migrate-meta-layouts":"set","ast-page-background-enabled":"default","ast-page-background-meta":{"desktop":{"background-color":"var(--ast-global-color-4)","background-image":"","background-repeat":"repeat","background-position":"center center","background-size":"auto","background-attachment":"scroll","background-type":"","background-media":"","overlay-type":"","overlay-color":"","overlay-opacity":"","overlay-gradient":""},"tablet":{"background-color":"","background-image":"","background-repeat":"repeat","background-position":"center center","background-size":"auto","background-attachment":"scroll","background-type":"","background-media":"","overlay-type":"","overlay-color":"","overlay-opacity":"","overlay-gradient":""},"mobile":{"background-color":"","background-image":"","background-repeat":"repeat","background-position":"center center","background-size":"auto","background-attachment":"scroll","background-type":"","background-media":"","overlay-type":"","overlay-color":"","overlay-opacity":"","overlay-gradient":""}},"ast-content-background-meta":{"desktop":{"background-color":"var(--ast-global-color-5)","background-image":"","background-repeat":"repeat","background-position":"center center","background-size":"auto","background-attachment":"scroll","background-type":"","background-media":"","overlay-type":"","overlay-color":"","overlay-opacity":"","overlay-gradient":""},"tablet":{"background-color":"var(--ast-global-color-5)","background-image":"","background-repeat":"repeat","background-position":"center center","background-size":"auto","background-attachment":"scroll","background-type":"","background-media":"","overlay-type":"","overlay-color":"","overlay-opacity":"","overlay-gradient":""},"mobile":{"background-color":"var(--ast-global-color-5)","background-image":"","background-repeat":"repeat","background-position":"center center","background-size":"auto","background-attachment":"scroll","background-type":"","background-media":"","overlay-type":"","overlay-color":"","overlay-opacity":"","overlay-gradient":""}}},"product_brand":[],"product_cat":[35,30,29],"product_tag":[],"class_list":{"0":"post-1321","1":"product","2":"type-product","3":"status-publish","4":"has-post-thumbnail","6":"product_cat-adult-dry-food","7":"product_cat-dry-food","8":"product_cat-natures-protection","9":"desktop-align-left","10":"tablet-align-left","11":"mobile-align-left","13":"first","14":"instock","15":"shipping-taxable","16":"purchasable","17":"product-type-variable"},"yoast_head":"<!-- This site is optimized with the Yoast SEO plugin v27.4 - https:\/\/yoast.com\/product\/yoast-seo-wordpress\/ -->\n<title>NATURE&#039;S PROTECTION SUPERIOR CARE VETERINARY DIET DERMATOSIS SALMON FOR ADULT DOGS OF ALL BREEDS WITH SKIN PROBLEMS - Romlay<\/title>\n<meta name=\"robots\" content=\"index, follow, max-snippet:-1, max-image-preview:large, max-video-preview:-1\" \/>\n<link rel=\"canonical\" href=\"https:\/\/romlay.hr\/hr\/proizvod\/natures-protection-superior-care-veterinary-diet-dermatosis-salmon-for-adult-dogs-of-all-breeds-with-skin-problems\/\" \/>\n<meta property=\"og:locale\" content=\"hr_HR\" \/>\n<meta property=\"og:type\" content=\"article\" \/>\n<meta property=\"og:title\" content=\"NATURE&#039;S PROTECTION SUPERIOR CARE VETERINARY DIET DERMATOSIS SALMON FOR ADULT DOGS OF ALL BREEDS WITH SKIN PROBLEMS - Romlay\" \/>\n<meta property=\"og:description\" content=\"&nbsp;    NATURE&#039;S PROTECTION Superior Care Veterinary Diet Dermatosis for Adult All Breed Dogs with Salmon is a Super Premium complete and well-balanced dry dog food specially formulated to meet the specific health needs of dogs with certain medical conditions.  These types of food provide the veterinary diet with an efficient balance of nutrients and support the pet&#039;s health and well-being.\" \/>\n<meta property=\"og:url\" content=\"https:\/\/romlay.hr\/hr\/proizvod\/natures-protection-superior-care-veterinary-diet-dermatosis-salmon-for-adult-dogs-of-all-breeds-with-skin-problems\/\" \/>\n<meta property=\"og:site_name\" content=\"Romlay\" \/>\n<meta property=\"article:modified_time\" content=\"2026-03-26T15:25:08+00:00\" \/>\n<meta property=\"og:image\" content=\"https:\/\/romlay.hr\/wp-content\/uploads\/2024\/07\/nature-s-protection-superior-care-dietetic-pet-food-with-salmon-for-adult-dogs-of-all-breeds-with-skin-problems.webp\" \/>\n\t<meta property=\"og:image:width\" content=\"1400\" \/>\n\t<meta property=\"og:image:height\" content=\"1400\" \/>\n\t<meta property=\"og:image:type\" content=\"image\/webp\" \/>\n<meta name=\"twitter:card\" content=\"summary_large_image\" \/>\n<meta name=\"twitter:label1\" content=\"Procijenjeno vrijeme \u010ditanja\" \/>\n\t<meta name=\"twitter:data1\" content=\"1 minuta\" \/>\n<script type=\"application\/ld+json\" class=\"yoast-schema-graph\">{\"@context\":\"https:\\\/\\\/schema.org\",\"@graph\":[{\"@type\":\"WebPage\",\"@id\":\"https:\\\/\\\/romlay.hr\\\/proizvod\\\/natures-protection-superior-care-veterinary-diet-dermatosis-salmon-for-adult-dogs-of-all-breeds-with-skin-problems\\\/\",\"url\":\"https:\\\/\\\/romlay.hr\\\/proizvod\\\/natures-protection-superior-care-veterinary-diet-dermatosis-salmon-for-adult-dogs-of-all-breeds-with-skin-problems\\\/\",\"name\":\"NATURE'S PROTECTION SUPERIOR CARE VETERINARY DIET DERMATOSIS SALMON FOR ADULT DOGS OF ALL BREEDS WITH SKIN PROBLEMS - Romlay\",\"isPartOf\":{\"@id\":\"https:\\\/\\\/romlay.hr\\\/#website\"},\"primaryImageOfPage\":{\"@id\":\"https:\\\/\\\/romlay.hr\\\/proizvod\\\/natures-protection-superior-care-veterinary-diet-dermatosis-salmon-for-adult-dogs-of-all-breeds-with-skin-problems\\\/#primaryimage\"},\"image\":{\"@id\":\"https:\\\/\\\/romlay.hr\\\/proizvod\\\/natures-protection-superior-care-veterinary-diet-dermatosis-salmon-for-adult-dogs-of-all-breeds-with-skin-problems\\\/#primaryimage\"},\"thumbnailUrl\":\"https:\\\/\\\/romlay.hr\\\/wp-content\\\/uploads\\\/2024\\\/07\\\/nature-s-protection-superior-care-dietetic-pet-food-with-salmon-for-adult-dogs-of-all-breeds-with-skin-problems.webp\",\"datePublished\":\"2024-07-04T10:50:17+00:00\",\"dateModified\":\"2026-03-26T15:25:08+00:00\",\"breadcrumb\":{\"@id\":\"https:\\\/\\\/romlay.hr\\\/proizvod\\\/natures-protection-superior-care-veterinary-diet-dermatosis-salmon-for-adult-dogs-of-all-breeds-with-skin-problems\\\/#breadcrumb\"},\"inLanguage\":\"hr\",\"potentialAction\":[{\"@type\":\"ReadAction\",\"target\":[\"https:\\\/\\\/romlay.hr\\\/proizvod\\\/natures-protection-superior-care-veterinary-diet-dermatosis-salmon-for-adult-dogs-of-all-breeds-with-skin-problems\\\/\"]}]},{\"@type\":\"ImageObject\",\"inLanguage\":\"hr\",\"@id\":\"https:\\\/\\\/romlay.hr\\\/proizvod\\\/natures-protection-superior-care-veterinary-diet-dermatosis-salmon-for-adult-dogs-of-all-breeds-with-skin-problems\\\/#primaryimage\",\"url\":\"https:\\\/\\\/romlay.hr\\\/wp-content\\\/uploads\\\/2024\\\/07\\\/nature-s-protection-superior-care-dietetic-pet-food-with-salmon-for-adult-dogs-of-all-breeds-with-skin-problems.webp\",\"contentUrl\":\"https:\\\/\\\/romlay.hr\\\/wp-content\\\/uploads\\\/2024\\\/07\\\/nature-s-protection-superior-care-dietetic-pet-food-with-salmon-for-adult-dogs-of-all-breeds-with-skin-problems.webp\",\"width\":1400,\"height\":1400},{\"@type\":\"BreadcrumbList\",\"@id\":\"https:\\\/\\\/romlay.hr\\\/proizvod\\\/natures-protection-superior-care-veterinary-diet-dermatosis-salmon-for-adult-dogs-of-all-breeds-with-skin-problems\\\/#breadcrumb\",\"itemListElement\":[{\"@type\":\"ListItem\",\"position\":1,\"name\":\"Po\u010detna stranica\",\"item\":\"https:\\\/\\\/romlay.hr\\\/\"},{\"@type\":\"ListItem\",\"position\":2,\"name\":\"Proizvodi\",\"item\":\"https:\\\/\\\/romlay.hr\\\/shop\\\/\"},{\"@type\":\"ListItem\",\"position\":3,\"name\":\"NATURE&#8217;S PROTECTION SUPERIOR CARE VETERINARY DIET DERMATOSIS SALMON FOR ADULT DOGS OF ALL BREEDS WITH SKIN PROBLEMS\"}]},{\"@type\":\"WebSite\",\"@id\":\"https:\\\/\\\/romlay.hr\\\/#website\",\"url\":\"https:\\\/\\\/romlay.hr\\\/\",\"name\":\"Romlay\",\"description\":\"Toy dog specialist\",\"publisher\":{\"@id\":\"https:\\\/\\\/romlay.hr\\\/#organization\"},\"potentialAction\":[{\"@type\":\"SearchAction\",\"target\":{\"@type\":\"EntryPoint\",\"urlTemplate\":\"https:\\\/\\\/romlay.hr\\\/?s={search_term_string}\"},\"query-input\":{\"@type\":\"PropertyValueSpecification\",\"valueRequired\":true,\"valueName\":\"search_term_string\"}}],\"inLanguage\":\"hr\"},{\"@type\":\"Organization\",\"@id\":\"https:\\\/\\\/romlay.hr\\\/#organization\",\"name\":\"Romlay\",\"url\":\"https:\\\/\\\/romlay.hr\\\/\",\"logo\":{\"@type\":\"ImageObject\",\"inLanguage\":\"hr\",\"@id\":\"https:\\\/\\\/romlay.hr\\\/#\\\/schema\\\/logo\\\/image\\\/\",\"url\":\"https:\\\/\\\/romlay.hr\\\/wp-content\\\/uploads\\\/2023\\\/04\\\/cropped-Romlay-1.png\",\"contentUrl\":\"https:\\\/\\\/romlay.hr\\\/wp-content\\\/uploads\\\/2023\\\/04\\\/cropped-Romlay-1.png\",\"width\":978,\"height\":1645,\"caption\":\"Romlay\"},\"image\":{\"@id\":\"https:\\\/\\\/romlay.hr\\\/#\\\/schema\\\/logo\\\/image\\\/\"}}]}<\/script>\n<!-- \/ Yoast SEO plugin. -->","yoast_head_json":{"title":"NATURE'S PROTECTION SUPERIOR CARE VETERINARY DIET DERMATOSIS SALMON FOR ADULT DOGS OF ALL BREEDS WITH SKIN PROBLEMS - Romlay","robots":{"index":"index","follow":"follow","max-snippet":"max-snippet:-1","max-image-preview":"max-image-preview:large","max-video-preview":"max-video-preview:-1"},"canonical":"https:\/\/romlay.hr\/hr\/proizvod\/natures-protection-superior-care-veterinary-diet-dermatosis-salmon-for-adult-dogs-of-all-breeds-with-skin-problems\/","og_locale":"hr_HR","og_type":"article","og_title":"NATURE'S PROTECTION SUPERIOR CARE VETERINARY DIET DERMATOSIS SALMON FOR ADULT DOGS OF ALL BREEDS WITH SKIN PROBLEMS - Romlay","og_description":"&nbsp;    NATURE'S PROTECTION Superior Care Veterinary Diet Dermatosis for Adult All Breed Dogs with Salmon is a Super Premium complete and well-balanced dry dog food specially formulated to meet the specific health needs of dogs with certain medical conditions.  These types of food provide the veterinary diet with an efficient balance of nutrients and support the pet's health and well-being.","og_url":"https:\/\/romlay.hr\/hr\/proizvod\/natures-protection-superior-care-veterinary-diet-dermatosis-salmon-for-adult-dogs-of-all-breeds-with-skin-problems\/","og_site_name":"Romlay","article_modified_time":"2026-03-26T15:25:08+00:00","og_image":[{"width":1400,"height":1400,"url":"https:\/\/romlay.hr\/wp-content\/uploads\/2024\/07\/nature-s-protection-superior-care-dietetic-pet-food-with-salmon-for-adult-dogs-of-all-breeds-with-skin-problems.webp","type":"image\/webp"}],"twitter_card":"summary_large_image","twitter_misc":{"Procijenjeno vrijeme \u010ditanja":"1 minuta"},"schema":{"@context":"https:\/\/schema.org","@graph":[{"@type":"WebPage","@id":"https:\/\/romlay.hr\/proizvod\/natures-protection-superior-care-veterinary-diet-dermatosis-salmon-for-adult-dogs-of-all-breeds-with-skin-problems\/","url":"https:\/\/romlay.hr\/proizvod\/natures-protection-superior-care-veterinary-diet-dermatosis-salmon-for-adult-dogs-of-all-breeds-with-skin-problems\/","name":"NATURE'S PROTECTION SUPERIOR CARE VETERINARY DIET DERMATOSIS SALMON FOR ADULT DOGS OF ALL BREEDS WITH SKIN PROBLEMS - Romlay","isPartOf":{"@id":"https:\/\/romlay.hr\/#website"},"primaryImageOfPage":{"@id":"https:\/\/romlay.hr\/proizvod\/natures-protection-superior-care-veterinary-diet-dermatosis-salmon-for-adult-dogs-of-all-breeds-with-skin-problems\/#primaryimage"},"image":{"@id":"https:\/\/romlay.hr\/proizvod\/natures-protection-superior-care-veterinary-diet-dermatosis-salmon-for-adult-dogs-of-all-breeds-with-skin-problems\/#primaryimage"},"thumbnailUrl":"https:\/\/romlay.hr\/wp-content\/uploads\/2024\/07\/nature-s-protection-superior-care-dietetic-pet-food-with-salmon-for-adult-dogs-of-all-breeds-with-skin-problems.webp","datePublished":"2024-07-04T10:50:17+00:00","dateModified":"2026-03-26T15:25:08+00:00","breadcrumb":{"@id":"https:\/\/romlay.hr\/proizvod\/natures-protection-superior-care-veterinary-diet-dermatosis-salmon-for-adult-dogs-of-all-breeds-with-skin-problems\/#breadcrumb"},"inLanguage":"hr","potentialAction":[{"@type":"ReadAction","target":["https:\/\/romlay.hr\/proizvod\/natures-protection-superior-care-veterinary-diet-dermatosis-salmon-for-adult-dogs-of-all-breeds-with-skin-problems\/"]}]},{"@type":"ImageObject","inLanguage":"hr","@id":"https:\/\/romlay.hr\/proizvod\/natures-protection-superior-care-veterinary-diet-dermatosis-salmon-for-adult-dogs-of-all-breeds-with-skin-problems\/#primaryimage","url":"https:\/\/romlay.hr\/wp-content\/uploads\/2024\/07\/nature-s-protection-superior-care-dietetic-pet-food-with-salmon-for-adult-dogs-of-all-breeds-with-skin-problems.webp","contentUrl":"https:\/\/romlay.hr\/wp-content\/uploads\/2024\/07\/nature-s-protection-superior-care-dietetic-pet-food-with-salmon-for-adult-dogs-of-all-breeds-with-skin-problems.webp","width":1400,"height":1400},{"@type":"BreadcrumbList","@id":"https:\/\/romlay.hr\/proizvod\/natures-protection-superior-care-veterinary-diet-dermatosis-salmon-for-adult-dogs-of-all-breeds-with-skin-problems\/#breadcrumb","itemListElement":[{"@type":"ListItem","position":1,"name":"Po\u010detna stranica","item":"https:\/\/romlay.hr\/"},{"@type":"ListItem","position":2,"name":"Proizvodi","item":"https:\/\/romlay.hr\/shop\/"},{"@type":"ListItem","position":3,"name":"NATURE&#8217;S PROTECTION SUPERIOR CARE VETERINARY DIET DERMATOSIS SALMON FOR ADULT DOGS OF ALL BREEDS WITH SKIN PROBLEMS"}]},{"@type":"WebSite","@id":"https:\/\/romlay.hr\/#website","url":"https:\/\/romlay.hr\/","name":"Romlay","description":"Toy dog specialist","publisher":{"@id":"https:\/\/romlay.hr\/#organization"},"potentialAction":[{"@type":"SearchAction","target":{"@type":"EntryPoint","urlTemplate":"https:\/\/romlay.hr\/?s={search_term_string}"},"query-input":{"@type":"PropertyValueSpecification","valueRequired":true,"valueName":"search_term_string"}}],"inLanguage":"hr"},{"@type":"Organization","@id":"https:\/\/romlay.hr\/#organization","name":"Romlay","url":"https:\/\/romlay.hr\/","logo":{"@type":"ImageObject","inLanguage":"hr","@id":"https:\/\/romlay.hr\/#\/schema\/logo\/image\/","url":"https:\/\/romlay.hr\/wp-content\/uploads\/2023\/04\/cropped-Romlay-1.png","contentUrl":"https:\/\/romlay.hr\/wp-content\/uploads\/2023\/04\/cropped-Romlay-1.png","width":978,"height":1645,"caption":"Romlay"},"image":{"@id":"https:\/\/romlay.hr\/#\/schema\/logo\/image\/"}}]}},"_links":{"self":[{"href":"https:\/\/romlay.hr\/hr\/wp-json\/wp\/v2\/product\/1321","targetHints":{"allow":["GET"]}}],"collection":[{"href":"https:\/\/romlay.hr\/hr\/wp-json\/wp\/v2\/product"}],"about":[{"href":"https:\/\/romlay.hr\/hr\/wp-json\/wp\/v2\/types\/product"}],"wp:featuredmedia":[{"embeddable":true,"href":"https:\/\/romlay.hr\/hr\/wp-json\/wp\/v2\/media\/1326"}],"wp:attachment":[{"href":"https:\/\/romlay.hr\/hr\/wp-json\/wp\/v2\/media?parent=1321"}],"wp:term":[{"taxonomy":"product_brand","embeddable":true,"href":"https:\/\/romlay.hr\/hr\/wp-json\/wp\/v2\/product_brand?post=1321"},{"taxonomy":"product_cat","embeddable":true,"href":"https:\/\/romlay.hr\/hr\/wp-json\/wp\/v2\/product_cat?post=1321"},{"taxonomy":"product_tag","embeddable":true,"href":"https:\/\/romlay.hr\/hr\/wp-json\/wp\/v2\/product_tag?post=1321"}],"curies":[{"name":"wp","href":"https:\/\/api.w.org\/{rel}","templated":true}]}}