{"id":270,"date":"2023-05-09T11:13:11","date_gmt":"2023-05-09T11:13:11","guid":{"rendered":"https:\/\/romlay.hr\/?page_id=270"},"modified":"2024-12-05T10:26:16","modified_gmt":"2024-12-05T10:26:16","slug":"o-nama","status":"publish","type":"page","link":"https:\/\/romlay.hr\/hr\/o-nama\/","title":{"rendered":"o nama"},"content":{"rendered":"<div data-elementor-type=\"wp-page\" data-elementor-id=\"270\" class=\"elementor elementor-270\" data-elementor-post-type=\"page\">\n\t\t\t\t\t\t<section class=\"elementor-section elementor-top-section elementor-element elementor-element-4fc188ac elementor-section-stretched elementor-section-content-middle elementor-section-boxed elementor-section-height-default elementor-section-height-default wpr-particle-no wpr-jarallax-no wpr-parallax-no wpr-sticky-section-no wpr-equal-height-no\" data-id=\"4fc188ac\" data-element_type=\"section\" data-e-type=\"section\" data-settings=\"{&quot;stretch_section&quot;:&quot;section-stretched&quot;,&quot;background_background&quot;:&quot;classic&quot;}\">\n\t\t\t\t\t\t\t<div class=\"elementor-background-overlay\"><\/div>\n\t\t\t\t\t\t\t<div class=\"elementor-container elementor-column-gap-default\">\n\t\t\t\t\t<div class=\"elementor-column elementor-col-100 elementor-top-column elementor-element elementor-element-5677d1ad\" data-id=\"5677d1ad\" data-element_type=\"column\" data-e-type=\"column\">\n\t\t\t<div class=\"elementor-widget-wrap elementor-element-populated\">\n\t\t\t\t\t\t<div class=\"elementor-element elementor-element-62bf34e7 elementor-widget elementor-widget-heading\" data-id=\"62bf34e7\" data-element_type=\"widget\" data-e-type=\"widget\" data-widget_type=\"heading.default\">\n\t\t\t\t<div class=\"elementor-widget-container\">\n\t\t\t\t\t<h2 class=\"elementor-heading-title elementor-size-default\">O nama<\/h2>\t\t\t\t<\/div>\n\t\t\t\t<\/div>\n\t\t\t\t<div class=\"elementor-element elementor-element-7eb2d32d elementor-widget elementor-widget-heading\" data-id=\"7eb2d32d\" data-element_type=\"widget\" data-e-type=\"widget\" data-widget_type=\"heading.default\">\n\t\t\t\t<div class=\"elementor-widget-container\">\n\t\t\t\t\t<h2 class=\"elementor-heading-title elementor-size-default\">Romlay od 2016<\/h2>\t\t\t\t<\/div>\n\t\t\t\t<\/div>\n\t\t\t\t<div class=\"elementor-element elementor-element-5ae937e0 elementor-widget elementor-widget-text-editor\" data-id=\"5ae937e0\" data-element_type=\"widget\" data-e-type=\"widget\" data-widget_type=\"text-editor.default\">\n\t\t\t\t<div class=\"elementor-widget-container\">\n\t\t\t\t\t\t\t\t\t<p>Kako smo pstali tvrtka koja se strastveno bavi s psima<\/p>\t\t\t\t\t\t\t\t<\/div>\n\t\t\t\t<\/div>\n\t\t\t\t\t<\/div>\n\t\t<\/div>\n\t\t\t\t\t<\/div>\n\t\t<\/section>\n\t\t\t\t<section class=\"elementor-section elementor-top-section elementor-element elementor-element-43672f45 elementor-section-boxed elementor-section-height-default elementor-section-height-default wpr-particle-no wpr-jarallax-no wpr-parallax-no wpr-sticky-section-no wpr-equal-height-no\" data-id=\"43672f45\" data-element_type=\"section\" data-e-type=\"section\">\n\t\t\t\t\t\t<div class=\"elementor-container elementor-column-gap-default\">\n\t\t\t\t\t<div class=\"elementor-column elementor-col-100 elementor-top-column elementor-element elementor-element-43cfeced\" data-id=\"43cfeced\" data-element_type=\"column\" data-e-type=\"column\">\n\t\t\t<div class=\"elementor-widget-wrap elementor-element-populated\">\n\t\t\t\t\t\t<div class=\"elementor-element elementor-element-598c943c elementor-widget elementor-widget-heading\" data-id=\"598c943c\" data-element_type=\"widget\" data-e-type=\"widget\" data-widget_type=\"heading.default\">\n\t\t\t\t<div class=\"elementor-widget-container\">\n\t\t\t\t\t<h2 class=\"elementor-heading-title elementor-size-default\">Po\u010detak na\u0161e pri\u010de<\/h2>\t\t\t\t<\/div>\n\t\t\t\t<\/div>\n\t\t\t\t\t<\/div>\n\t\t<\/div>\n\t\t\t\t\t<\/div>\n\t\t<\/section>\n\t\t\t\t<section class=\"elementor-section elementor-top-section elementor-element elementor-element-6d23e3f0 elementor-section-boxed elementor-section-height-default elementor-section-height-default wpr-particle-no wpr-jarallax-no wpr-parallax-no wpr-sticky-section-no wpr-equal-height-no\" data-id=\"6d23e3f0\" data-element_type=\"section\" data-e-type=\"section\">\n\t\t\t\t\t\t<div class=\"elementor-container elementor-column-gap-default\">\n\t\t\t\t\t<div class=\"elementor-column elementor-col-16 elementor-top-column elementor-element elementor-element-56d5c362\" data-id=\"56d5c362\" data-element_type=\"column\" data-e-type=\"column\">\n\t\t\t<div class=\"elementor-widget-wrap\">\n\t\t\t\t\t\t\t<\/div>\n\t\t<\/div>\n\t\t\t\t<div class=\"elementor-column elementor-col-66 elementor-top-column elementor-element elementor-element-13cf687d\" data-id=\"13cf687d\" data-element_type=\"column\" data-e-type=\"column\">\n\t\t\t<div class=\"elementor-widget-wrap elementor-element-populated\">\n\t\t\t\t\t\t<div class=\"elementor-element elementor-element-4b95cbfb elementor-widget elementor-widget-text-editor\" data-id=\"4b95cbfb\" data-element_type=\"widget\" data-e-type=\"widget\" data-widget_type=\"text-editor.default\">\n\t\t\t\t<div class=\"elementor-widget-container\">\n\t\t\t\t\t\t\t\t\tThe Romlay brand was established in 2016\nunder FCI registration Romlay Royal in\nbreeding and showing pomeranians. Some\nbeautiful pomeranians under this kennel\nname went on to get their Inter\nchampionships in the EU and others AKC\nchampionships and AKC Grand champions\nwith entry and placements in AKC annual\nPomeranian Speciality and Westminster.\n\t\t\t\t\t\t\t\t<\/div>\n\t\t\t\t<\/div>\n\t\t\t\t\t<\/div>\n\t\t<\/div>\n\t\t\t\t<div class=\"elementor-column elementor-col-16 elementor-top-column elementor-element elementor-element-56b8b65c\" data-id=\"56b8b65c\" data-element_type=\"column\" data-e-type=\"column\">\n\t\t\t<div class=\"elementor-widget-wrap\">\n\t\t\t\t\t\t\t<\/div>\n\t\t<\/div>\n\t\t\t\t\t<\/div>\n\t\t<\/section>\n\t\t\t\t<section class=\"elementor-section elementor-top-section elementor-element elementor-element-7b3fefb7 elementor-section-boxed elementor-section-height-default elementor-section-height-default wpr-particle-no wpr-jarallax-no wpr-parallax-no wpr-sticky-section-no wpr-equal-height-no\" data-id=\"7b3fefb7\" data-element_type=\"section\" data-e-type=\"section\">\n\t\t\t\t\t\t<div class=\"elementor-container elementor-column-gap-default\">\n\t\t\t\t\t<div class=\"elementor-column elementor-col-25 elementor-top-column elementor-element elementor-element-7c6324c1\" data-id=\"7c6324c1\" data-element_type=\"column\" data-e-type=\"column\">\n\t\t\t<div class=\"elementor-widget-wrap\">\n\t\t\t\t\t\t\t<\/div>\n\t\t<\/div>\n\t\t\t\t<div class=\"elementor-column elementor-col-50 elementor-top-column elementor-element elementor-element-14a2caa6\" data-id=\"14a2caa6\" data-element_type=\"column\" data-e-type=\"column\">\n\t\t\t<div class=\"elementor-widget-wrap elementor-element-populated\">\n\t\t\t\t\t\t<div class=\"elementor-element elementor-element-61e0f037 elementor-widget elementor-widget-image\" data-id=\"61e0f037\" data-element_type=\"widget\" data-e-type=\"widget\" data-widget_type=\"image.default\">\n\t\t\t\t<div class=\"elementor-widget-container\">\n\t\t\t\t\t\t\t\t\t\t\t\t\t\t\t<img fetchpriority=\"high\" decoding=\"async\" width=\"688\" height=\"1024\" src=\"https:\/\/romlay.hr\/wp-content\/uploads\/2024\/06\/20220408_1211092-688x1024.jpg\" class=\"attachment-large size-large wp-image-1273\" alt=\"\" srcset=\"https:\/\/romlay.hr\/wp-content\/uploads\/2024\/06\/20220408_1211092-688x1024.jpg 688w, https:\/\/romlay.hr\/wp-content\/uploads\/2024\/06\/20220408_1211092-202x300.jpg 202w, https:\/\/romlay.hr\/wp-content\/uploads\/2024\/06\/20220408_1211092-768x1142.jpg 768w, https:\/\/romlay.hr\/wp-content\/uploads\/2024\/06\/20220408_1211092-1033x1536.jpg 1033w, https:\/\/romlay.hr\/wp-content\/uploads\/2024\/06\/20220408_1211092-1377x2048.jpg 1377w, https:\/\/romlay.hr\/wp-content\/uploads\/2024\/06\/20220408_1211092-600x893.jpg 600w, https:\/\/romlay.hr\/wp-content\/uploads\/2024\/06\/20220408_1211092-scaled.jpg 1721w\" sizes=\"(max-width: 688px) 100vw, 688px\" \/>\t\t\t\t\t\t\t\t\t\t\t\t\t\t\t<\/div>\n\t\t\t\t<\/div>\n\t\t\t\t\t<\/div>\n\t\t<\/div>\n\t\t\t\t<div class=\"elementor-column elementor-col-25 elementor-top-column elementor-element elementor-element-76934e64\" data-id=\"76934e64\" data-element_type=\"column\" data-e-type=\"column\">\n\t\t\t<div class=\"elementor-widget-wrap\">\n\t\t\t\t\t\t\t<\/div>\n\t\t<\/div>\n\t\t\t\t\t<\/div>\n\t\t<\/section>\n\t\t\t\t<section class=\"elementor-section elementor-top-section elementor-element elementor-element-3d8be586 elementor-section-boxed elementor-section-height-default elementor-section-height-default wpr-particle-no wpr-jarallax-no wpr-parallax-no wpr-sticky-section-no wpr-equal-height-no\" data-id=\"3d8be586\" data-element_type=\"section\" data-e-type=\"section\">\n\t\t\t\t\t\t<div class=\"elementor-container elementor-column-gap-default\">\n\t\t\t\t\t<div class=\"elementor-column elementor-col-100 elementor-top-column elementor-element elementor-element-7f168b47\" data-id=\"7f168b47\" data-element_type=\"column\" data-e-type=\"column\">\n\t\t\t<div class=\"elementor-widget-wrap elementor-element-populated\">\n\t\t\t\t\t\t<div class=\"elementor-element elementor-element-552face7 elementor-widget elementor-widget-heading\" data-id=\"552face7\" data-element_type=\"widget\" data-e-type=\"widget\" data-widget_type=\"heading.default\">\n\t\t\t\t<div class=\"elementor-widget-container\">\n\t\t\t\t\t<h2 class=\"elementor-heading-title elementor-size-default\">Na\u0161a pri\u010da<\/h2>\t\t\t\t<\/div>\n\t\t\t\t<\/div>\n\t\t\t\t\t<\/div>\n\t\t<\/div>\n\t\t\t\t\t<\/div>\n\t\t<\/section>\n\t\t\t\t<section class=\"elementor-section elementor-top-section elementor-element elementor-element-6cbad291 elementor-section-boxed elementor-section-height-default elementor-section-height-default wpr-particle-no wpr-jarallax-no wpr-parallax-no wpr-sticky-section-no wpr-equal-height-no\" data-id=\"6cbad291\" data-element_type=\"section\" data-e-type=\"section\">\n\t\t\t\t\t\t<div class=\"elementor-container elementor-column-gap-default\">\n\t\t\t\t\t<div class=\"elementor-column elementor-col-16 elementor-top-column elementor-element elementor-element-3e84a20e\" data-id=\"3e84a20e\" data-element_type=\"column\" data-e-type=\"column\">\n\t\t\t<div class=\"elementor-widget-wrap\">\n\t\t\t\t\t\t\t<\/div>\n\t\t<\/div>\n\t\t\t\t<div class=\"elementor-column elementor-col-66 elementor-top-column elementor-element elementor-element-26c345de\" data-id=\"26c345de\" data-element_type=\"column\" data-e-type=\"column\">\n\t\t\t<div class=\"elementor-widget-wrap elementor-element-populated\">\n\t\t\t\t\t\t<div class=\"elementor-element elementor-element-bfa1244 elementor-widget elementor-widget-text-editor\" data-id=\"bfa1244\" data-element_type=\"widget\" data-e-type=\"widget\" data-widget_type=\"text-editor.default\">\n\t\t\t\t<div class=\"elementor-widget-container\">\n\t\t\t\t\t\t\t\t\t<p>The story of a love for this toy breed started in 2001 when | imported my first<br>pet pomeranian Medolino and later aquired and bred show and breeding prospects.<\/p>\n<p>This website is dedicated to all that have learned about this breed, other toy breeds and small mixed breeds in general. My interest for showing and breeding has turned into a passion for dog health, coat care and overall how to better our pet lives.<\/p>\n<p>All products on this page have been tested myself personally and carefully selected so you can easily find what your pet needs. | have said it before and will say it again all pets are show dogs and all show dogs are pets.<\/p>\n<p>Our little dogs have become our family and often best friends and when ever we go out with them we are showing them. Our pups deserve the best.<\/p>\t\t\t\t\t\t\t\t<\/div>\n\t\t\t\t<\/div>\n\t\t\t\t\t<\/div>\n\t\t<\/div>\n\t\t\t\t<div class=\"elementor-column elementor-col-16 elementor-top-column elementor-element elementor-element-4d2e5876\" data-id=\"4d2e5876\" data-element_type=\"column\" data-e-type=\"column\">\n\t\t\t<div class=\"elementor-widget-wrap\">\n\t\t\t\t\t\t\t<\/div>\n\t\t<\/div>\n\t\t\t\t\t<\/div>\n\t\t<\/section>\n\t\t\t\t<section class=\"elementor-section elementor-top-section elementor-element elementor-element-52df55bd elementor-section-boxed elementor-section-height-default elementor-section-height-default wpr-particle-no wpr-jarallax-no wpr-parallax-no wpr-sticky-section-no wpr-equal-height-no\" data-id=\"52df55bd\" data-element_type=\"section\" data-e-type=\"section\">\n\t\t\t\t\t\t<div class=\"elementor-container elementor-column-gap-default\">\n\t\t\t\t\t<div class=\"elementor-column elementor-col-100 elementor-top-column elementor-element elementor-element-39081d6b\" data-id=\"39081d6b\" data-element_type=\"column\" data-e-type=\"column\">\n\t\t\t<div class=\"elementor-widget-wrap\">\n\t\t\t\t\t\t\t<\/div>\n\t\t<\/div>\n\t\t\t\t\t<\/div>\n\t\t<\/section>\n\t\t\t\t<\/div>","protected":false},"excerpt":{"rendered":"<p>About us Romlay since 2016 How we became the company that fosters passionn for dogs Our story starts here The Romlay brand was established in 2016 under FCI registration Romlay Royal in breeding and showing pomeranians. Some beautiful pomeranians under this kennel name went on to get their Inter championships in the EU and others AKC championships and AKC Grand champions with entry and placements in AKC annual Pomeranian Speciality and Westminster. Our Story The story of a love for this toy breed started in 2001 when | imported my firstpet pomeranian Medolino and later aquired and bred show and breeding prospects. This website is dedicated to all that have learned about this breed, other toy breeds and small mixed breeds in general. My interest for showing and breeding has turned into a passion for dog health, coat care and overall how to better our pet lives. All products on this page have been tested myself personally and carefully selected so you can easily find what your pet needs. | have said it before and will say it again all pets are show dogs and all show dogs are pets. Our little dogs have become our family and often best friends and when ever we go out with them we are showing them. Our pups deserve the best.<\/p>","protected":false},"author":1,"featured_media":0,"parent":0,"menu_order":0,"comment_status":"closed","ping_status":"closed","template":"","meta":{"_monsterinsights_skip_tracking":false,"_monsterinsights_sitenote_active":false,"_monsterinsights_sitenote_note":"","_monsterinsights_sitenote_category":0,"site-sidebar-layout":"no-sidebar","site-content-layout":"page-builder","ast-site-content-layout":"default","site-content-style":"default","site-sidebar-style":"default","ast-global-header-display":"","ast-banner-title-visibility":"","ast-main-header-display":"","ast-hfb-above-header-display":"","ast-hfb-below-header-display":"","ast-hfb-mobile-header-display":"","site-post-title":"disabled","ast-breadcrumbs-content":"","ast-featured-img":"disabled","footer-sml-layout":"","ast-disable-related-posts":"","theme-transparent-header-meta":"","adv-header-id-meta":"","stick-header-meta":"","header-above-stick-meta":"","header-main-stick-meta":"","header-below-stick-meta":"","astra-migrate-meta-layouts":"default","ast-page-background-enabled":"default","ast-page-background-meta":{"desktop":{"background-color":"var(--ast-global-color-4)","background-image":"","background-repeat":"repeat","background-position":"center center","background-size":"auto","background-attachment":"scroll","background-type":"","background-media":"","overlay-type":"","overlay-color":"","overlay-opacity":"","overlay-gradient":""},"tablet":{"background-color":"","background-image":"","background-repeat":"repeat","background-position":"center center","background-size":"auto","background-attachment":"scroll","background-type":"","background-media":"","overlay-type":"","overlay-color":"","overlay-opacity":"","overlay-gradient":""},"mobile":{"background-color":"","background-image":"","background-repeat":"repeat","background-position":"center center","background-size":"auto","background-attachment":"scroll","background-type":"","background-media":"","overlay-type":"","overlay-color":"","overlay-opacity":"","overlay-gradient":""}},"ast-content-background-meta":{"desktop":{"background-color":"var(--ast-global-color-5)","background-image":"","background-repeat":"repeat","background-position":"center center","background-size":"auto","background-attachment":"scroll","background-type":"","background-media":"","overlay-type":"","overlay-color":"","overlay-opacity":"","overlay-gradient":""},"tablet":{"background-color":"var(--ast-global-color-5)","background-image":"","background-repeat":"repeat","background-position":"center center","background-size":"auto","background-attachment":"scroll","background-type":"","background-media":"","overlay-type":"","overlay-color":"","overlay-opacity":"","overlay-gradient":""},"mobile":{"background-color":"var(--ast-global-color-5)","background-image":"","background-repeat":"repeat","background-position":"center center","background-size":"auto","background-attachment":"scroll","background-type":"","background-media":"","overlay-type":"","overlay-color":"","overlay-opacity":"","overlay-gradient":""}},"footnotes":""},"class_list":["post-270","page","type-page","status-publish","hentry"],"yoast_head":"<!-- This site is optimized with the Yoast SEO plugin v27.4 - https:\/\/yoast.com\/product\/yoast-seo-wordpress\/ -->\n<title>o nama - Romlay<\/title>\n<meta name=\"robots\" content=\"index, follow, max-snippet:-1, max-image-preview:large, max-video-preview:-1\" \/>\n<link rel=\"canonical\" href=\"https:\/\/romlay.hr\/hr\/o-nama\/\" \/>\n<meta property=\"og:locale\" content=\"hr_HR\" \/>\n<meta property=\"og:type\" content=\"article\" \/>\n<meta property=\"og:title\" content=\"o nama - Romlay\" \/>\n<meta property=\"og:description\" content=\"About us Romlay since 2016 How we became the company that fosters passionn for dogs Our story starts here The Romlay brand was established in 2016 under FCI registration Romlay Royal in breeding and showing pomeranians. Some beautiful pomeranians under this kennel name went on to get their Inter championships in the EU and others AKC championships and AKC Grand champions with entry and placements in AKC annual Pomeranian Speciality and Westminster. Our Story The story of a love for this toy breed started in 2001 when | imported my firstpet pomeranian Medolino and later aquired and bred show and breeding prospects. This website is dedicated to all that have learned about this breed, other toy breeds and small mixed breeds in general. My interest for showing and breeding has turned into a passion for dog health, coat care and overall how to better our pet lives. All products on this page have been tested myself personally and carefully selected so you can easily find what your pet needs. | have said it before and will say it again all pets are show dogs and all show dogs are pets. Our little dogs have become our family and often best friends and when ever we go out with them we are showing them. Our pups deserve the best.\" \/>\n<meta property=\"og:url\" content=\"https:\/\/romlay.hr\/hr\/o-nama\/\" \/>\n<meta property=\"og:site_name\" content=\"Romlay\" \/>\n<meta property=\"article:modified_time\" content=\"2024-12-05T10:26:16+00:00\" \/>\n<meta property=\"og:image\" content=\"https:\/\/romlay.hr\/wp-content\/uploads\/2024\/06\/20220408_1211092-scaled.jpg\" \/>\n\t<meta property=\"og:image:width\" content=\"1721\" \/>\n\t<meta property=\"og:image:height\" content=\"2560\" \/>\n\t<meta property=\"og:image:type\" content=\"image\/jpeg\" \/>\n<meta name=\"twitter:card\" content=\"summary_large_image\" \/>\n<meta name=\"twitter:label1\" content=\"Procijenjeno vrijeme \u010ditanja\" \/>\n\t<meta name=\"twitter:data1\" content=\"2 minute\" \/>\n<script type=\"application\/ld+json\" class=\"yoast-schema-graph\">{\"@context\":\"https:\\\/\\\/schema.org\",\"@graph\":[{\"@type\":\"WebPage\",\"@id\":\"https:\\\/\\\/romlay.hr\\\/o-nama\\\/\",\"url\":\"https:\\\/\\\/romlay.hr\\\/o-nama\\\/\",\"name\":\"o nama - Romlay\",\"isPartOf\":{\"@id\":\"https:\\\/\\\/romlay.hr\\\/#website\"},\"primaryImageOfPage\":{\"@id\":\"https:\\\/\\\/romlay.hr\\\/o-nama\\\/#primaryimage\"},\"image\":{\"@id\":\"https:\\\/\\\/romlay.hr\\\/o-nama\\\/#primaryimage\"},\"thumbnailUrl\":\"https:\\\/\\\/romlay.hr\\\/wp-content\\\/uploads\\\/2024\\\/06\\\/20220408_1211092-688x1024.jpg\",\"datePublished\":\"2023-05-09T11:13:11+00:00\",\"dateModified\":\"2024-12-05T10:26:16+00:00\",\"breadcrumb\":{\"@id\":\"https:\\\/\\\/romlay.hr\\\/o-nama\\\/#breadcrumb\"},\"inLanguage\":\"hr\",\"potentialAction\":[{\"@type\":\"ReadAction\",\"target\":[\"https:\\\/\\\/romlay.hr\\\/o-nama\\\/\"]}]},{\"@type\":\"ImageObject\",\"inLanguage\":\"hr\",\"@id\":\"https:\\\/\\\/romlay.hr\\\/o-nama\\\/#primaryimage\",\"url\":\"https:\\\/\\\/romlay.hr\\\/wp-content\\\/uploads\\\/2024\\\/06\\\/20220408_1211092-688x1024.jpg\",\"contentUrl\":\"https:\\\/\\\/romlay.hr\\\/wp-content\\\/uploads\\\/2024\\\/06\\\/20220408_1211092-688x1024.jpg\"},{\"@type\":\"BreadcrumbList\",\"@id\":\"https:\\\/\\\/romlay.hr\\\/o-nama\\\/#breadcrumb\",\"itemListElement\":[{\"@type\":\"ListItem\",\"position\":1,\"name\":\"Po\u010detna stranica\",\"item\":\"https:\\\/\\\/romlay.hr\\\/\"},{\"@type\":\"ListItem\",\"position\":2,\"name\":\"o nama\"}]},{\"@type\":\"WebSite\",\"@id\":\"https:\\\/\\\/romlay.hr\\\/#website\",\"url\":\"https:\\\/\\\/romlay.hr\\\/\",\"name\":\"Romlay\",\"description\":\"Toy dog specialist\",\"publisher\":{\"@id\":\"https:\\\/\\\/romlay.hr\\\/#organization\"},\"potentialAction\":[{\"@type\":\"SearchAction\",\"target\":{\"@type\":\"EntryPoint\",\"urlTemplate\":\"https:\\\/\\\/romlay.hr\\\/?s={search_term_string}\"},\"query-input\":{\"@type\":\"PropertyValueSpecification\",\"valueRequired\":true,\"valueName\":\"search_term_string\"}}],\"inLanguage\":\"hr\"},{\"@type\":\"Organization\",\"@id\":\"https:\\\/\\\/romlay.hr\\\/#organization\",\"name\":\"Romlay\",\"url\":\"https:\\\/\\\/romlay.hr\\\/\",\"logo\":{\"@type\":\"ImageObject\",\"inLanguage\":\"hr\",\"@id\":\"https:\\\/\\\/romlay.hr\\\/#\\\/schema\\\/logo\\\/image\\\/\",\"url\":\"https:\\\/\\\/romlay.hr\\\/wp-content\\\/uploads\\\/2023\\\/04\\\/cropped-Romlay-1.png\",\"contentUrl\":\"https:\\\/\\\/romlay.hr\\\/wp-content\\\/uploads\\\/2023\\\/04\\\/cropped-Romlay-1.png\",\"width\":978,\"height\":1645,\"caption\":\"Romlay\"},\"image\":{\"@id\":\"https:\\\/\\\/romlay.hr\\\/#\\\/schema\\\/logo\\\/image\\\/\"}}]}<\/script>\n<!-- \/ Yoast SEO plugin. -->","yoast_head_json":{"title":"o nama - Romlay","robots":{"index":"index","follow":"follow","max-snippet":"max-snippet:-1","max-image-preview":"max-image-preview:large","max-video-preview":"max-video-preview:-1"},"canonical":"https:\/\/romlay.hr\/hr\/o-nama\/","og_locale":"hr_HR","og_type":"article","og_title":"o nama - Romlay","og_description":"About us Romlay since 2016 How we became the company that fosters passionn for dogs Our story starts here The Romlay brand was established in 2016 under FCI registration Romlay Royal in breeding and showing pomeranians. Some beautiful pomeranians under this kennel name went on to get their Inter championships in the EU and others AKC championships and AKC Grand champions with entry and placements in AKC annual Pomeranian Speciality and Westminster. Our Story The story of a love for this toy breed started in 2001 when | imported my firstpet pomeranian Medolino and later aquired and bred show and breeding prospects. This website is dedicated to all that have learned about this breed, other toy breeds and small mixed breeds in general. My interest for showing and breeding has turned into a passion for dog health, coat care and overall how to better our pet lives. All products on this page have been tested myself personally and carefully selected so you can easily find what your pet needs. | have said it before and will say it again all pets are show dogs and all show dogs are pets. Our little dogs have become our family and often best friends and when ever we go out with them we are showing them. Our pups deserve the best.","og_url":"https:\/\/romlay.hr\/hr\/o-nama\/","og_site_name":"Romlay","article_modified_time":"2024-12-05T10:26:16+00:00","og_image":[{"width":1721,"height":2560,"url":"https:\/\/romlay.hr\/wp-content\/uploads\/2024\/06\/20220408_1211092-scaled.jpg","type":"image\/jpeg"}],"twitter_card":"summary_large_image","twitter_misc":{"Procijenjeno vrijeme \u010ditanja":"2 minute"},"schema":{"@context":"https:\/\/schema.org","@graph":[{"@type":"WebPage","@id":"https:\/\/romlay.hr\/o-nama\/","url":"https:\/\/romlay.hr\/o-nama\/","name":"o nama - Romlay","isPartOf":{"@id":"https:\/\/romlay.hr\/#website"},"primaryImageOfPage":{"@id":"https:\/\/romlay.hr\/o-nama\/#primaryimage"},"image":{"@id":"https:\/\/romlay.hr\/o-nama\/#primaryimage"},"thumbnailUrl":"https:\/\/romlay.hr\/wp-content\/uploads\/2024\/06\/20220408_1211092-688x1024.jpg","datePublished":"2023-05-09T11:13:11+00:00","dateModified":"2024-12-05T10:26:16+00:00","breadcrumb":{"@id":"https:\/\/romlay.hr\/o-nama\/#breadcrumb"},"inLanguage":"hr","potentialAction":[{"@type":"ReadAction","target":["https:\/\/romlay.hr\/o-nama\/"]}]},{"@type":"ImageObject","inLanguage":"hr","@id":"https:\/\/romlay.hr\/o-nama\/#primaryimage","url":"https:\/\/romlay.hr\/wp-content\/uploads\/2024\/06\/20220408_1211092-688x1024.jpg","contentUrl":"https:\/\/romlay.hr\/wp-content\/uploads\/2024\/06\/20220408_1211092-688x1024.jpg"},{"@type":"BreadcrumbList","@id":"https:\/\/romlay.hr\/o-nama\/#breadcrumb","itemListElement":[{"@type":"ListItem","position":1,"name":"Po\u010detna stranica","item":"https:\/\/romlay.hr\/"},{"@type":"ListItem","position":2,"name":"o nama"}]},{"@type":"WebSite","@id":"https:\/\/romlay.hr\/#website","url":"https:\/\/romlay.hr\/","name":"Romlay","description":"Toy dog specialist","publisher":{"@id":"https:\/\/romlay.hr\/#organization"},"potentialAction":[{"@type":"SearchAction","target":{"@type":"EntryPoint","urlTemplate":"https:\/\/romlay.hr\/?s={search_term_string}"},"query-input":{"@type":"PropertyValueSpecification","valueRequired":true,"valueName":"search_term_string"}}],"inLanguage":"hr"},{"@type":"Organization","@id":"https:\/\/romlay.hr\/#organization","name":"Romlay","url":"https:\/\/romlay.hr\/","logo":{"@type":"ImageObject","inLanguage":"hr","@id":"https:\/\/romlay.hr\/#\/schema\/logo\/image\/","url":"https:\/\/romlay.hr\/wp-content\/uploads\/2023\/04\/cropped-Romlay-1.png","contentUrl":"https:\/\/romlay.hr\/wp-content\/uploads\/2023\/04\/cropped-Romlay-1.png","width":978,"height":1645,"caption":"Romlay"},"image":{"@id":"https:\/\/romlay.hr\/#\/schema\/logo\/image\/"}}]}},"_links":{"self":[{"href":"https:\/\/romlay.hr\/hr\/wp-json\/wp\/v2\/pages\/270","targetHints":{"allow":["GET"]}}],"collection":[{"href":"https:\/\/romlay.hr\/hr\/wp-json\/wp\/v2\/pages"}],"about":[{"href":"https:\/\/romlay.hr\/hr\/wp-json\/wp\/v2\/types\/page"}],"author":[{"embeddable":true,"href":"https:\/\/romlay.hr\/hr\/wp-json\/wp\/v2\/users\/1"}],"replies":[{"embeddable":true,"href":"https:\/\/romlay.hr\/hr\/wp-json\/wp\/v2\/comments?post=270"}],"version-history":[{"count":28,"href":"https:\/\/romlay.hr\/hr\/wp-json\/wp\/v2\/pages\/270\/revisions"}],"predecessor-version":[{"id":1696,"href":"https:\/\/romlay.hr\/hr\/wp-json\/wp\/v2\/pages\/270\/revisions\/1696"}],"wp:attachment":[{"href":"https:\/\/romlay.hr\/hr\/wp-json\/wp\/v2\/media?parent=270"}],"curies":[{"name":"wp","href":"https:\/\/api.w.org\/{rel}","templated":true}]}}